{"id":221250,"date":"2023-03-23T16:49:44","date_gmt":"2023-03-23T16:49:44","guid":{"rendered":"https:\/\/gpdstore.net\/sikfailu-politika\/"},"modified":"2024-12-11T13:41:35","modified_gmt":"2024-12-11T13:41:35","slug":"sikfailu-politika","status":"publish","type":"page","link":"https:\/\/gpdstore.net\/lv\/sikfailu-politika\/","title":{"rendered":"S\u012bkfailu politika"},"content":{"rendered":"\n<p>\u0160\u012b S\u012bkfailu politika ir j\u0101saprot kop\u0101 ar <a href=\"https:\/\/gpdstore.net\/lv\/pakalpojumu-sniegsanas-noteikumi\/\" target=\"_blank\" data-type=\"URL\" data-id=\"\/terms-of-service\/\" rel=\"noreferrer noopener\">Noteikumiem un nosac\u012bjumiem<\/a>, <a href=\"https:\/\/gpdstore.net\/lv\/atmaksasanas-un-atgriesanas-politika\/\" target=\"_blank\" data-type=\"URL\" data-id=\"\/refund-and-returns-policy\/\" rel=\"noreferrer noopener\">Atgrie\u0161anas un atmaks\u0101\u0161anas politiku<\/a> un <a href=\"https:\/\/gpdstore.net\/lv\/konfidencialitates-politika\/\" target=\"_blank\" data-type=\"URL\" data-id=\"\/privacy-policy\/\" rel=\"noreferrer noopener\">Priv\u0101tuma politiku<\/a>, &#8220;k\u0101 viens veselums&#8221;.<\/p>\n\n<ol class=\"wp-block-list\">\n<li>\u0160ie p\u0101rdo\u0161anas noteikumi attiecas uz vis\u0101m DroiX US Corp (Pieg\u0101d\u0101t\u0101ja) pieg\u0101d\u0101taj\u0101m prec\u0113m.\n<ol class=\"wp-block-list\">\n<li>\u0160aj\u0101 l\u012bgum\u0101 ir atsauces uz: M\u0113s (DroiX US Corp) esam Pieg\u0101d\u0101t\u0101js, un j\u016bs (Klients).<\/li>\n<\/ol>\n<\/li>\n<\/ol>\n\n<ol class=\"wp-block-list\">\n<li>Pieg\u0101d\u0101t\u0101ja t\u012bmek\u013ca vietn\u0113 tiek izmantotas s\u012bkdatnes, lai at\u0161\u0137irtu klientu, t.i., J\u016bs, no citiem t\u012bmek\u013ca vietnes lietot\u0101jiem. Tas pal\u012bdz Pieg\u0101d\u0101t\u0101jam nodro\u0161in\u0101t jums labu pieredzi, p\u0101rl\u016bkojot Pieg\u0101d\u0101t\u0101ja t\u012bmek\u013ca vietni, k\u0101 ar\u012b \u013cauj Pieg\u0101d\u0101t\u0101jam uzlabot m\u016bsu vietni. Turpinot p\u0101rl\u016bkot vietni, j\u016bs piekr\u012btat, ka Pieg\u0101d\u0101t\u0101js izmanto s\u012bkdatnes.  <\/li>\n\n\n\n<li>S\u012bkfails ir neliela burtu un ciparu datne, ko Pieg\u0101d\u0101t\u0101js saglab\u0101 j\u016bsu p\u0101rl\u016bkprogramm\u0101 vai j\u016bsu datora vai mobil\u0101 t\u0101lru\u0146a cietaj\u0101 disk\u0101, ja tam piekr\u012btat. S\u012bkfaili satur inform\u0101ciju, kas tiek p\u0101rs\u016bt\u012bta uz j\u016bsu datora cieto disku. <\/li>\n\n\n\n<li>Pieg\u0101d\u0101t\u0101js izmanto \u0161\u0101das s\u012bkdatnes:\n<ol class=\"wp-block-list\">\n<li>Oblig\u0101ti nepiecie\u0161amie s\u012bkfaili. T\u0101s ir s\u012bkdatnes, kas ir nepiecie\u0161amas Pieg\u0101d\u0101t\u0101ja t\u012bmek\u013ca vietnes darb\u012bbai. T\u0101s ietver, piem\u0113ram, s\u012bkfailus, kas \u013cauj jums pieteikties Pieg\u0101d\u0101t\u0101ja t\u012bmek\u013ca vietnes dro\u0161aj\u0101s zon\u0101s un veikt dar\u012bjumus.  <\/li>\n\n\n\n<li>Anal\u012btiskie\/ veiktsp\u0113jas s\u012bkfaili. T\u0101s \u013cauj Pieg\u0101d\u0101t\u0101jam atpaz\u012bt un saskait\u012bt apmekl\u0113t\u0101ju skaitu, k\u0101 ar\u012b redz\u0113t, k\u0101 apmekl\u0113t\u0101ji p\u0101rvietojas Pieg\u0101d\u0101t\u0101ja t\u012bmek\u013ca vietn\u0113 t\u0101s lieto\u0161anas laik\u0101. Tas pal\u012bdz Pieg\u0101d\u0101t\u0101jam uzlabot t\u012bmek\u013ca vietnes darb\u012bbu, piem\u0113ram, nodro\u0161inot, ka lietot\u0101ji viegli un bez apgr\u016btin\u0101jumiem atrod mekl\u0113to.  <\/li>\n\n\n\n<li>Pieg\u0101d\u0101t\u0101js izmanto Google Analytics s\u012bkfailus. Google Analytics inform\u0101ciju v\u0101c anon\u012bmi. T\u0101 zi\u0146o par t\u012bmek\u013ca vietnes tendenc\u0113m, neidentific\u0113jot atsevi\u0161\u0137us apmekl\u0113t\u0101jus. J\u016bs varat atteikties no pakalpojuma Google Analytics, neietekm\u0113jot \u0161\u012bs vietnes apmekl\u0113\u0161anu. Lai ieg\u016btu vair\u0101k inform\u0101cijas par Google Analytics, l\u016bdzu, noklik\u0161\u0137iniet \u0161eit.    <\/li>\n\n\n\n<li>M\u0113r\u0137auditorijas s\u012bkfaili. \u0160\u012bs s\u012bkdatnes re\u0123istr\u0113 j\u016bsu apmekl\u0113jumu Pieg\u0101d\u0101t\u0101ja t\u012bmek\u013ca vietn\u0113, j\u016bsu apmekl\u0113t\u0101s lapas un saites, kur\u0101m esat sekojis. Pieg\u0101d\u0101t\u0101js izmanto \u0161o inform\u0101ciju, lai padar\u012btu t\u012bmek\u013ca vietni un taj\u0101 r\u0101d\u012bto rekl\u0101mu atbilsto\u0161\u0101ku j\u016bsu interes\u0113m. \u0160aj\u0101 nol\u016bk\u0101 Pieg\u0101d\u0101t\u0101js var ar\u012b kop\u012bgot \u0161o inform\u0101ciju ar tre\u0161\u0101m person\u0101m.   <\/li>\n<\/ol>\n<\/li>\n\n\n\n<li>L\u016bdzu, \u0146emiet v\u0113r\u0101, ka tre\u0161\u0101s puses (tostarp, piem\u0113ram, rekl\u0101mas t\u012bkli un \u0101r\u0113jo pakalpojumu sniedz\u0113ji, piem\u0113ram, t\u012bmek\u013ca datpl\u016bsmas anal\u012bzes pakalpojumi) var izmantot ar\u012b s\u012bkfailus, kurus Pieg\u0101d\u0101t\u0101js nevar kontrol\u0113t. \u0160\u012bs s\u012bkdatnes, visticam\u0101k, ir anal\u012btisk\u0101s\/efektivit\u0101tes s\u012bkdatnes vai m\u0113r\u0137auditorijas s\u012bkdatnes. <\/li>\n\n\n\n<li>J\u016bs varat blo\u0137\u0113t s\u012bkfailus, aktiviz\u0113jot p\u0101rl\u016bkprogramm\u0101 iestat\u012bjumu, kas \u013cauj atteikties no visu vai da\u017eu s\u012bkfailu iestat\u012b\u0161anas. Tom\u0113r, ja p\u0101rl\u016bkprogrammas iestat\u012bjumos blo\u0137\u0113jat visas s\u012bkdatnes (tostarp b\u016btisk\u0101s s\u012bkdatnes), iesp\u0113jams, nevar\u0113siet piek\u013c\u016bt visai Pieg\u0101d\u0101t\u0101ja t\u012bmek\u013ca vietnei vai t\u0101s da\u013c\u0101m. <\/li>\n<\/ol>\n\n<p>S\u012bkfailu politika p\u0113d\u0113jo reizi atjaunin\u0101ta: 2023. gada 23. marts &#8211; 16:48:00.<\/p>\n","protected":false},"excerpt":{"rendered":"<p>\u0160\u012b S\u012bkfailu politika ir j\u0101saprot kop\u0101 ar Noteikumiem un nosac\u012bjumiem, Atgrie\u0161anas un atmaks\u0101\u0161anas politiku un Priv\u0101tuma politiku, &#8220;k\u0101 viens veselums&#8221;. S\u012bkfailu politika p\u0113d\u0113jo reizi atjaunin\u0101ta: 2023. gada 23. marts &#8211; 16:48:00.<\/p>\n","protected":false},"author":1,"featured_media":0,"parent":0,"menu_order":0,"comment_status":"closed","ping_status":"closed","template":"template-fullwidth.php","meta":{"_acf_changed":false,"footnotes":""},"class_list":["post-221250","page","type-page","status-publish","hentry"],"acf":[],"aioseo_notices":[],"_links":{"self":[{"href":"https:\/\/gpdstore.net\/lv\/wp-json\/wp\/v2\/pages\/221250","targetHints":{"allow":["GET"]}}],"collection":[{"href":"https:\/\/gpdstore.net\/lv\/wp-json\/wp\/v2\/pages"}],"about":[{"href":"https:\/\/gpdstore.net\/lv\/wp-json\/wp\/v2\/types\/page"}],"author":[{"embeddable":true,"href":"https:\/\/gpdstore.net\/lv\/wp-json\/wp\/v2\/users\/1"}],"replies":[{"embeddable":true,"href":"https:\/\/gpdstore.net\/lv\/wp-json\/wp\/v2\/comments?post=221250"}],"version-history":[{"count":0,"href":"https:\/\/gpdstore.net\/lv\/wp-json\/wp\/v2\/pages\/221250\/revisions"}],"wp:attachment":[{"href":"https:\/\/gpdstore.net\/lv\/wp-json\/wp\/v2\/media?parent=221250"}],"curies":[{"name":"wp","href":"https:\/\/api.w.org\/{rel}","templated":true}]}}