{"id":220958,"date":"2023-03-23T16:38:25","date_gmt":"2023-03-23T16:38:25","guid":{"rendered":"https:\/\/gpdstore.net\/par-mums\/"},"modified":"2024-12-11T13:38:55","modified_gmt":"2024-12-11T13:38:55","slug":"par-mums","status":"publish","type":"page","link":"https:\/\/gpdstore.net\/lv\/par-mums\/","title":{"rendered":"Par mums"},"content":{"rendered":"\t\t<div data-elementor-type=\"wp-page\" data-elementor-id=\"220958\" class=\"elementor elementor-220958 elementor-10\" data-elementor-settings=\"{&quot;element_pack_global_tooltip_width&quot;:{&quot;unit&quot;:&quot;px&quot;,&quot;size&quot;:&quot;&quot;,&quot;sizes&quot;:[]},&quot;element_pack_global_tooltip_width_tablet&quot;:{&quot;unit&quot;:&quot;px&quot;,&quot;size&quot;:&quot;&quot;,&quot;sizes&quot;:[]},&quot;element_pack_global_tooltip_width_mobile&quot;:{&quot;unit&quot;:&quot;px&quot;,&quot;size&quot;:&quot;&quot;,&quot;sizes&quot;:[]},&quot;element_pack_global_tooltip_padding&quot;:{&quot;unit&quot;:&quot;px&quot;,&quot;top&quot;:&quot;&quot;,&quot;right&quot;:&quot;&quot;,&quot;bottom&quot;:&quot;&quot;,&quot;left&quot;:&quot;&quot;,&quot;isLinked&quot;:true},&quot;element_pack_global_tooltip_padding_tablet&quot;:{&quot;unit&quot;:&quot;px&quot;,&quot;top&quot;:&quot;&quot;,&quot;right&quot;:&quot;&quot;,&quot;bottom&quot;:&quot;&quot;,&quot;left&quot;:&quot;&quot;,&quot;isLinked&quot;:true},&quot;element_pack_global_tooltip_padding_mobile&quot;:{&quot;unit&quot;:&quot;px&quot;,&quot;top&quot;:&quot;&quot;,&quot;right&quot;:&quot;&quot;,&quot;bottom&quot;:&quot;&quot;,&quot;left&quot;:&quot;&quot;,&quot;isLinked&quot;:true},&quot;element_pack_global_tooltip_border_radius&quot;:{&quot;unit&quot;:&quot;px&quot;,&quot;top&quot;:&quot;&quot;,&quot;right&quot;:&quot;&quot;,&quot;bottom&quot;:&quot;&quot;,&quot;left&quot;:&quot;&quot;,&quot;isLinked&quot;:true},&quot;element_pack_global_tooltip_border_radius_tablet&quot;:{&quot;unit&quot;:&quot;px&quot;,&quot;top&quot;:&quot;&quot;,&quot;right&quot;:&quot;&quot;,&quot;bottom&quot;:&quot;&quot;,&quot;left&quot;:&quot;&quot;,&quot;isLinked&quot;:true},&quot;element_pack_global_tooltip_border_radius_mobile&quot;:{&quot;unit&quot;:&quot;px&quot;,&quot;top&quot;:&quot;&quot;,&quot;right&quot;:&quot;&quot;,&quot;bottom&quot;:&quot;&quot;,&quot;left&quot;:&quot;&quot;,&quot;isLinked&quot;:true}}\" data-elementor-post-type=\"page\">\n\t\t\t\t\t\t<section class=\"elementor-section elementor-top-section elementor-element elementor-element-9ee181d elementor-section-height-min-height elementor-section-content-middle elementor-reverse-mobile elementor-section-boxed elementor-section-height-default elementor-section-items-middle\" data-id=\"9ee181d\" data-element_type=\"section\" data-settings=\"{&quot;background_background&quot;:&quot;classic&quot;,&quot;background_motion_fx_motion_fx_scrolling&quot;:&quot;yes&quot;,&quot;background_motion_fx_blur_effect&quot;:&quot;yes&quot;,&quot;background_motion_fx_range&quot;:&quot;viewport&quot;,&quot;background_motion_fx_motion_fx_mouse&quot;:&quot;yes&quot;,&quot;background_motion_fx_mouseTrack_effect&quot;:&quot;yes&quot;,&quot;background_motion_fx_blur_direction&quot;:&quot;out-in&quot;,&quot;background_motion_fx_blur_level&quot;:{&quot;unit&quot;:&quot;px&quot;,&quot;size&quot;:7,&quot;sizes&quot;:[]},&quot;background_motion_fx_blur_range&quot;:{&quot;unit&quot;:&quot;%&quot;,&quot;size&quot;:&quot;&quot;,&quot;sizes&quot;:{&quot;start&quot;:20,&quot;end&quot;:80}},&quot;background_motion_fx_devices&quot;:[&quot;desktop&quot;,&quot;tablet&quot;,&quot;mobile&quot;],&quot;background_motion_fx_mouseTrack_speed&quot;:{&quot;unit&quot;:&quot;px&quot;,&quot;size&quot;:1,&quot;sizes&quot;:[]}}\">\n\t\t\t\t\t\t<div class=\"elementor-container elementor-column-gap-no\">\n\t\t\t\t\t<div class=\"elementor-column elementor-col-100 elementor-top-column elementor-element elementor-element-53c0e4e\" data-id=\"53c0e4e\" data-element_type=\"column\" data-settings=\"{&quot;background_background&quot;:&quot;classic&quot;}\">\n\t\t\t<div class=\"elementor-widget-wrap elementor-element-populated\">\n\t\t\t\t\t\t<div class=\"elementor-element elementor-element-d21bfa3 elementor-widget elementor-widget-heading\" data-id=\"d21bfa3\" data-element_type=\"widget\" data-widget_type=\"heading.default\">\n\t\t\t\t<div class=\"elementor-widget-container\">\n\t\t\t\t\t<h2 class=\"elementor-heading-title elementor-size-default\">GPD<br>x<br>DROIX<\/h2>\t\t\t\t<\/div>\n\t\t\t\t<\/div>\n\t\t\t\t<div class=\"elementor-element elementor-element-4bf96d9 elementor-widget elementor-widget-text-editor\" data-id=\"4bf96d9\" data-element_type=\"widget\" data-widget_type=\"text-editor.default\">\n\t\t\t\t<div class=\"elementor-widget-container\">\n\t\t\t\t\t\t\t\t\t<p>Laipni l\u016bgti GPD veikal\u0101, kas ir j\u016bsu vienas pieturas a\u0123ent\u016bra, lai ieg\u0101d\u0101tos tirg\u016b vismodern\u0101kos portat\u012bvos sp\u0113\u013cu datorus.<\/p>\n<p>M\u0113s esam lepns GPD (GamePad Digital) produktu mazumtirgot\u0101js, kas pied\u0101v\u0101 jaun\u0101k\u0101s un inovat\u012bv\u0101k\u0101s ier\u012bces, tostarp GPD WIN 4, GPD Pocket 4, GPD Pocket 3 un daudzus citus GPD s\u012bkr\u012bkus. M\u016bsu ap\u0146em\u0161an\u0101s nodro\u0161in\u0101t augst\u0101k\u0101s kvalit\u0101tes sp\u0113\u013cu pieredzi padara m\u016bs par izv\u0113li entuziastiem, kas mekl\u0113 p\u0101rn\u0113s\u0101jam\u0101s jaud\u012bg\u0101s ier\u012bces. <\/p>\n<p>GPD Store m\u0113s saprotam, ka ide\u0101la sp\u0113\u013cu pieredze sniedzas t\u0101l\u0101k par pa\u0161u ier\u012bci. T\u0101p\u0113c esam sadarboju\u0161ies ar DroiX, uzticamu nosaukumu lo\u0123istikas un klientu atbalsta jom\u0101, lai nodro\u0161in\u0101tu, ka j\u016bsu iepirk\u0161an\u0101s ce\u013cojums pie mums ir vienm\u0113r\u012bgs un nevainojams. DroiX pieredze garant\u0113, ka no pas\u016bt\u012bjuma veik\u0161anas l\u012bdz ier\u012bces sa\u0146em\u0161anai un v\u0113l ilg\u0101k jums neb\u016bs probl\u0113mu, \u013caujot jums koncentr\u0113ties uz to, kas ir vissvar\u012bg\u0101kais, &#8211; iegremd\u0113\u0161anos sav\u0101s iecien\u012bt\u0101kaj\u0101s sp\u0113l\u0113s.  <\/p>\n<p>M\u016bsu misija GPD veikal\u0101 ir nodro\u0161in\u0101t jums vislab\u0101ko ar rok\u0101m p\u0101rn\u0113s\u0101jamo sp\u0113\u013cu pieredzi, ko nodro\u0161ina m\u016bsu nemain\u012bg\u0101 uztic\u012bba klientu apmierin\u0101t\u012bbai. M\u0113s pa\u0161i esam sp\u0113\u013cu entuziasti, t\u0101p\u0113c nov\u0113rt\u0113jam, cik svar\u012bgi, lai j\u016bsu rok\u0101s b\u016btu pareiz\u0101 ier\u012bce. T\u0101p\u0113c m\u0113s nep\u0101rtraukti cen\u0161amies pied\u0101v\u0101t lab\u0101kos GPD produktus tirg\u016b, k\u0101 ar\u012b augst\u0101k\u0101s klases klientu apkalpo\u0161anu.  <\/p>\n<p>Iep\u0113rkoties GPD veikal\u0101, j\u016bs ieg\u0101d\u0101jaties ne tikai ier\u012bci, bet ar\u012b pievienojaties to sp\u0113l\u0113t\u0101ju kopienai, kuri nov\u0113rt\u0113 perfektu l\u012bdzsvaru starp jaudu un p\u0101rn\u0113s\u0101jam\u012bbu. M\u0113s aicin\u0101m j\u016bs iepaz\u012bties ar m\u016bsu produktu kl\u0101stu un izbaud\u012bt GPD Store pied\u0101v\u0101to at\u0161\u0137ir\u012bbu. Esiet gatavi paaugstin\u0101t savu sp\u0113\u013cu l\u012bmeni kop\u0101 ar mums!  <\/p>\n\t\t\t\t\t\t\t\t<\/div>\n\t\t\t\t<\/div>\n\t\t\t\t\t<\/div>\n\t\t<\/div>\n\t\t\t\t\t<\/div>\n\t\t<\/section>\n\t\t\t\t<\/div>\n\t\t","protected":false},"excerpt":{"rendered":"<p>GPDxDROIX Laipni l\u016bgti GPD veikal\u0101, kas ir j\u016bsu vienas pieturas a\u0123ent\u016bra, lai ieg\u0101d\u0101tos tirg\u016b vismodern\u0101kos portat\u012bvos sp\u0113\u013cu datorus. M\u0113s esam lepns GPD (GamePad Digital) produktu mazumtirgot\u0101js, kas pied\u0101v\u0101 jaun\u0101k\u0101s un inovat\u012bv\u0101k\u0101s ier\u012bces, tostarp GPD WIN 4, GPD Pocket 4, GPD Pocket 3 un daudzus citus GPD s\u012bkr\u012bkus. M\u016bsu ap\u0146em\u0161an\u0101s nodro\u0161in\u0101t augst\u0101k\u0101s kvalit\u0101tes sp\u0113\u013cu pieredzi padara [&hellip;]<\/p>\n","protected":false},"author":1,"featured_media":0,"parent":0,"menu_order":0,"comment_status":"closed","ping_status":"closed","template":"template-fullwidth-no-heading.php","meta":{"_acf_changed":false,"footnotes":""},"class_list":["post-220958","page","type-page","status-publish","hentry"],"acf":[],"aioseo_notices":[],"_links":{"self":[{"href":"https:\/\/gpdstore.net\/lv\/wp-json\/wp\/v2\/pages\/220958","targetHints":{"allow":["GET"]}}],"collection":[{"href":"https:\/\/gpdstore.net\/lv\/wp-json\/wp\/v2\/pages"}],"about":[{"href":"https:\/\/gpdstore.net\/lv\/wp-json\/wp\/v2\/types\/page"}],"author":[{"embeddable":true,"href":"https:\/\/gpdstore.net\/lv\/wp-json\/wp\/v2\/users\/1"}],"replies":[{"embeddable":true,"href":"https:\/\/gpdstore.net\/lv\/wp-json\/wp\/v2\/comments?post=220958"}],"version-history":[{"count":0,"href":"https:\/\/gpdstore.net\/lv\/wp-json\/wp\/v2\/pages\/220958\/revisions"}],"wp:attachment":[{"href":"https:\/\/gpdstore.net\/lv\/wp-json\/wp\/v2\/media?parent=220958"}],"curies":[{"name":"wp","href":"https:\/\/api.w.org\/{rel}","templated":true}]}}