{"id":210281,"date":"2023-03-23T16:52:33","date_gmt":"2023-03-23T16:52:33","guid":{"rendered":"https:\/\/gpdstore.net\/atmaksasanas-un-atgriesanas-politika\/"},"modified":"2025-05-11T15:00:20","modified_gmt":"2025-05-11T15:00:20","slug":"refund-and-returns-policy","status":"publish","type":"page","link":"https:\/\/gpdstore.net\/lv\/refund-and-returns-policy\/","title":{"rendered":"Atmaks\u0101\u0161anas un atgrie\u0161anas politika"},"content":{"rendered":"\n<p>Turpm\u0101k min\u0113tie noteikumi un nosac\u012bjumi ir j\u0101saprot kop\u0101 ar (P\u0101r\u012b ar), &#8220;k\u0101 viens&#8221; ar <a href=\"https:\/\/gpdstore.net\/lv\/pakalpojumu-sniegsanas-noteikumi\/\" data-type=\"URL\" data-id=\"\/terms-of-service\/\" target=\"_blank\" rel=\"noreferrer noopener\">Pakalpojumu snieg\u0161anas noteikumiem<\/a>, <a href=\"https:\/\/gpdstore.net\/lv\/konfidencialitates-politika\/\" target=\"_blank\" rel=\"noreferrer noopener\">Konfidencialit\u0101tes politiku<\/a> un <a href=\"https:\/\/gpdstore.net\/lv\/sikfailu-politika\/\" data-type=\"URL\" data-id=\"\/cookies-policy\/\" target=\"_blank\" rel=\"noreferrer noopener\">S\u012bkfailu politiku<\/a>.<\/p>\n\n<h3 class=\"wp-block-heading\" id=\"h-cancellations\">ATSAUKUMI  <\/h3>\n\n<ol class=\"wp-block-list\">\n<li>Ja neesat biznesa klients, jums ir ties\u012bbas atcelt l\u012bgumu jebkur\u0101 laik\u0101 l\u012bdz 30 kalend\u0101ro dienu beig\u0101m p\u0113c pre\u010du sa\u0146em\u0161anas (skat\u012bt t\u0101l\u0101k).<\/li>\n\n\n\n<li>Lai izmantotu savas atteikuma ties\u012bbas, jums j\u0101iesniedz rakstisks pazi\u0146ojums Pieg\u0101d\u0101t\u0101jam person\u012bgi, pa pastu, e-pastu, soci\u0101lajos medijos vai t\u012bmek\u013ca vietn\u0113, nor\u0101dot inform\u0101ciju par pas\u016bt\u012btaj\u0101m prec\u0113m un (attiec\u012bg\u0101 gad\u012bjum\u0101) to pieg\u0101di. Pazi\u0146ojums pa t\u0101lruni nav pietiekams. <\/li>\n\n\n\n<li>Iz\u0146emot boj\u0101tu vai nepareizi aprakst\u012btu pre\u010du gad\u012bjum\u0101, ja j\u016bs izmantojat savas atteikuma ties\u012bbas p\u0113c tam, kad preces jums ir pieg\u0101d\u0101tas, j\u016bs b\u016bsiet atbild\u012bgs par pre\u010du atgrie\u0161anu Pieg\u0101d\u0101t\u0101jam uz sava r\u0113\u0137ina. Preces j\u0101nos\u016bta atpaka\u013c uz Pieg\u0101d\u0101t\u0101ja nor\u0101d\u012bto adresi. Jums ir pietiekami j\u0101uzman\u0101s, lai nodro\u0161in\u0101tu, ka preces netiek boj\u0101tas pa to laiku vai p\u0101rvad\u0101\u0161anas laik\u0101.  \n<ol class=\"wp-block-list\">\n<li>Boj\u0101tu vai nepareizi aprakst\u012btu pre\u010du gad\u012bjum\u0101 Pieg\u0101d\u0101t\u0101js p\u0113c pazi\u0146ojuma sa\u0146em\u0161anas saska\u0146\u0101 ar Noteikumiem un nosac\u012bjumiem vai nu sav\u0101c preces no jums, vai l\u016bdz j\u016bs pats atgriezt preces, vienlaikus nodro\u0161inot jums pie\u0146emamu atgrie\u0161anas metodi.  <\/li>\n<\/ol>\n<\/li>\n\n\n\n<li>Par tranz\u012bta laik\u0101 atceltu pas\u016bt\u012bjumu tiek piem\u0113rota standarta atcel\u0161anas maksa, k\u0101 ar\u012b papildu tranz\u012bta izmaksas uz klienta r\u0113\u0137ina.<\/li>\n<\/ol>\n\n<h3 class=\"wp-block-heading\" id=\"h-returns\">ATGRIEZTIES<\/h3>\n\n<ol class=\"wp-block-list\">\n<li>Personaliz\u0113ti priek\u0161meti nav atgrie\u017eami. L\u016bdzu, \u0146emiet v\u0113r\u0101, ka tas neietekm\u0113 j\u016bsu likum\u0101 noteikt\u0101s ties\u012bbas.<\/li>\n\n\n\n<li>Saska\u0146\u0101 ar Distances p\u0101rdo\u0161anas noteikumiem uz datorsist\u0113m\u0101m, kas izgatavotas p\u0113c klienta individu\u0101l\u0101m specifik\u0101cij\u0101m, neattiecas atteikuma ties\u012bbas.<\/li>\n\n\n\n<li>Prec\u0113m j\u0101b\u016bt ori\u0123in\u0101laj\u0101 iepakojum\u0101, ja tas ir preces sast\u0101vda\u013ca, piem\u0113ram, kast\u0113s iesai\u0146ot\u0101m prec\u0113m). Jums ir juridisks pien\u0101kums pien\u0101c\u012bgi r\u016bp\u0113ties par prec\u0113m, kam\u0113r t\u0101s ir j\u016bsu \u012bpa\u0161um\u0101. Ja j\u016bs \u0161o pien\u0101kumu neiev\u0113rojat, Pieg\u0101d\u0101t\u0101jam var b\u016bt ties\u012bbas v\u0113rsties pret jums ar pras\u012bbu par kompens\u0101ciju l\u012bdz 50 % no preces v\u0113rt\u012bbas (maksa par pre\u010du atjauno\u0161anu). Tas attiecas uz vis\u0101m atgrieztaj\u0101m prec\u0113m.   <\/li>\n\n\n\n<li>P\u0113c RMA numura un atgrie\u0161anas nor\u0101d\u012bjumu sa\u0146em\u0161anas klients nodro\u0161ina, ka prece tiek pieg\u0101d\u0101ta uz pieg\u0101d\u0101t\u0101ja adresi, kas nor\u0101d\u012bta atgrie\u0161anas nor\u0101d\u012bjumos. Pieg\u0101d\u0101t\u0101js neuz\u0146emas atbild\u012bbu par pazudu\u0161\u0101m vai nepareizi pieg\u0101d\u0101t\u0101m prec\u0113m. M\u0113s iesak\u0101m visas atgriezt\u0101s preces pieg\u0101d\u0101t\u0101jam nos\u016bt\u012bt ar s\u016bt\u012bjumu, izmantojot s\u016bt\u012bjumu ar nor\u012bkojumu, parakst\u012btu un apdro\u0161in\u0101tu s\u016bt\u012bjumu.  <\/li>\n\n\n\n<li>Saska\u0146\u0101 ar <a href=\"https:\/\/www.legislation.gov.uk\/ukpga\/2015\/15\/contents\/enacted\" target=\"_blank\" rel=\"noreferrer noopener\">2015. gada Pat\u0113r\u0113t\u0101ju ties\u012bbu likumu<\/a> Pieg\u0101d\u0101t\u0101js neatmaks\u0101 \u012bpa\u0161as pieg\u0101des izmaksas.<\/li>\n\n\n\n<li>Ja, pieprasot izmantot atgrie\u0161anas ties\u012bbas, tiek nor\u0101d\u012bts defekts un \u0161is defekts nav uz ier\u012bces, Pieg\u0101d\u0101t\u0101js patur ties\u012bbas ietur\u0113t summu, kas nav liel\u0101ka par 10 \u00a3, vai 5 % no produkta cenas par priek\u0161apmaksas eti\u0137eti, kas izsniegta Klientam.<\/li>\n\n\n\n<li>Ja jums tiek izmaks\u0101ta kompens\u0101cija vai atl\u012bdz\u012bba, Pieg\u0101d\u0101t\u0101js p\u0101rskait\u012bs naudu, izmantojot to pa\u0161u metodi, ko j\u016bs s\u0101kotn\u0113ji izmantoj\u0101t, lai samaks\u0101tu par pirkumu. Ja Pieg\u0101d\u0101t\u0101js nevar\u0113s atmaks\u0101t naudu, izmantojot s\u0101kotn\u0113jo maks\u0101\u0161anas metodi, ar jums sazin\u0101sies, lai vienotos par alternat\u012bvu maks\u0101jumu. <\/li>\n\n\n\n<li>Ja j\u016bs neesat pien\u0101c\u012bgi r\u016bp\u0113jies par prec\u0113m, Pieg\u0101d\u0101t\u0101js patur ties\u012bbas atteikties atmaks\u0101t naudu un atgriezt preces jums uz j\u016bsu r\u0113\u0137ina.<\/li>\n\n\n\n<li>Kompens\u0101cijas neietver ievedmuitas\/importa PVN\/muitas nodokli, kas jau ir samaks\u0101ts attiec\u012bgaj\u0101m iest\u0101d\u0113m.<\/li>\n<\/ol>\n\n<p><\/p>\n","protected":false},"excerpt":{"rendered":"<p>Turpm\u0101k min\u0113tie noteikumi un nosac\u012bjumi ir j\u0101saprot kop\u0101 ar (P\u0101r\u012b ar), &#8220;k\u0101 viens&#8221; ar Pakalpojumu snieg\u0161anas noteikumiem, Konfidencialit\u0101tes politiku un S\u012bkfailu politiku. ATSAUKUMI ATGRIEZTIES<\/p>\n","protected":false},"author":1,"featured_media":0,"parent":0,"menu_order":0,"comment_status":"closed","ping_status":"closed","template":"template-fullwidth.php","meta":{"_acf_changed":false,"footnotes":""},"class_list":["post-210281","page","type-page","status-publish","hentry"],"acf":[],"aioseo_notices":[],"_links":{"self":[{"href":"https:\/\/gpdstore.net\/lv\/wp-json\/wp\/v2\/pages\/210281","targetHints":{"allow":["GET"]}}],"collection":[{"href":"https:\/\/gpdstore.net\/lv\/wp-json\/wp\/v2\/pages"}],"about":[{"href":"https:\/\/gpdstore.net\/lv\/wp-json\/wp\/v2\/types\/page"}],"author":[{"embeddable":true,"href":"https:\/\/gpdstore.net\/lv\/wp-json\/wp\/v2\/users\/1"}],"replies":[{"embeddable":true,"href":"https:\/\/gpdstore.net\/lv\/wp-json\/wp\/v2\/comments?post=210281"}],"version-history":[{"count":0,"href":"https:\/\/gpdstore.net\/lv\/wp-json\/wp\/v2\/pages\/210281\/revisions"}],"wp:attachment":[{"href":"https:\/\/gpdstore.net\/lv\/wp-json\/wp\/v2\/media?parent=210281"}],"curies":[{"name":"wp","href":"https:\/\/api.w.org\/{rel}","templated":true}]}}