{"id":1199176,"date":"2025-06-25T09:21:48","date_gmt":"2025-06-25T09:21:48","guid":{"rendered":"https:\/\/gpdstore.net\/musu-veikali\/"},"modified":"2025-10-12T20:21:36","modified_gmt":"2025-10-12T20:21:36","slug":"our-stores","status":"publish","type":"page","link":"https:\/\/gpdstore.net\/lv\/our-stores\/","title":{"rendered":"M\u016bsu veikali"},"content":{"rendered":"\t\t<div data-elementor-type=\"wp-page\" data-elementor-id=\"1199176\" class=\"elementor elementor-1199176 elementor-1138381\" data-elementor-settings=\"{&quot;element_pack_global_tooltip_width&quot;:{&quot;unit&quot;:&quot;px&quot;,&quot;size&quot;:&quot;&quot;,&quot;sizes&quot;:[]},&quot;element_pack_global_tooltip_width_tablet&quot;:{&quot;unit&quot;:&quot;px&quot;,&quot;size&quot;:&quot;&quot;,&quot;sizes&quot;:[]},&quot;element_pack_global_tooltip_width_mobile&quot;:{&quot;unit&quot;:&quot;px&quot;,&quot;size&quot;:&quot;&quot;,&quot;sizes&quot;:[]},&quot;element_pack_global_tooltip_padding&quot;:{&quot;unit&quot;:&quot;px&quot;,&quot;top&quot;:&quot;&quot;,&quot;right&quot;:&quot;&quot;,&quot;bottom&quot;:&quot;&quot;,&quot;left&quot;:&quot;&quot;,&quot;isLinked&quot;:true},&quot;element_pack_global_tooltip_padding_tablet&quot;:{&quot;unit&quot;:&quot;px&quot;,&quot;top&quot;:&quot;&quot;,&quot;right&quot;:&quot;&quot;,&quot;bottom&quot;:&quot;&quot;,&quot;left&quot;:&quot;&quot;,&quot;isLinked&quot;:true},&quot;element_pack_global_tooltip_padding_mobile&quot;:{&quot;unit&quot;:&quot;px&quot;,&quot;top&quot;:&quot;&quot;,&quot;right&quot;:&quot;&quot;,&quot;bottom&quot;:&quot;&quot;,&quot;left&quot;:&quot;&quot;,&quot;isLinked&quot;:true},&quot;element_pack_global_tooltip_border_radius&quot;:{&quot;unit&quot;:&quot;px&quot;,&quot;top&quot;:&quot;&quot;,&quot;right&quot;:&quot;&quot;,&quot;bottom&quot;:&quot;&quot;,&quot;left&quot;:&quot;&quot;,&quot;isLinked&quot;:true},&quot;element_pack_global_tooltip_border_radius_tablet&quot;:{&quot;unit&quot;:&quot;px&quot;,&quot;top&quot;:&quot;&quot;,&quot;right&quot;:&quot;&quot;,&quot;bottom&quot;:&quot;&quot;,&quot;left&quot;:&quot;&quot;,&quot;isLinked&quot;:true},&quot;element_pack_global_tooltip_border_radius_mobile&quot;:{&quot;unit&quot;:&quot;px&quot;,&quot;top&quot;:&quot;&quot;,&quot;right&quot;:&quot;&quot;,&quot;bottom&quot;:&quot;&quot;,&quot;left&quot;:&quot;&quot;,&quot;isLinked&quot;:true}}\" data-elementor-post-type=\"page\">\n\t\t\t\t\t\t<section class=\"elementor-section elementor-top-section elementor-element elementor-element-06a22ac elementor-section-boxed elementor-section-height-default elementor-section-height-default\" data-id=\"06a22ac\" data-element_type=\"section\">\n\t\t\t\t\t\t<div class=\"elementor-container elementor-column-gap-default\">\n\t\t\t\t\t<div class=\"elementor-column elementor-col-100 elementor-top-column elementor-element elementor-element-bd162b1\" data-id=\"bd162b1\" data-element_type=\"column\">\n\t\t\t<div class=\"elementor-widget-wrap elementor-element-populated\">\n\t\t\t\t\t\t<div class=\"elementor-element elementor-element-a26bb33 elementor-widget elementor-widget-image\" data-id=\"a26bb33\" data-element_type=\"widget\" data-widget_type=\"image.default\">\n\t\t\t\t<div class=\"elementor-widget-container\">\n\t\t\t\t\t\t\t\t\t\t\t\t\t\t\t<img fetchpriority=\"high\" decoding=\"async\" width=\"1600\" height=\"300\" src=\"https:\/\/gpdstore.net\/wp-content\/uploads\/2025\/06\/Hero-Website.gif\" class=\"attachment-full size-full wp-image-1138407\" alt=\"\" sizes=\"\" \/>\t\t\t\t\t\t\t\t\t\t\t\t\t\t\t<\/div>\n\t\t\t\t<\/div>\n\t\t\t\t<div class=\"elementor-element elementor-element-e831356 elementor-widget elementor-widget-heading\" data-id=\"e831356\" data-element_type=\"widget\" data-widget_type=\"heading.default\">\n\t\t\t\t<div class=\"elementor-widget-container\">\n\t\t\t\t\t<h2 class=\"elementor-heading-title elementor-size-default\">Laipni l\u016bgti DROIX veikalu saim\u0113<\/h2>\t\t\t\t<\/div>\n\t\t\t\t<\/div>\n\t\t\t\t\t<\/div>\n\t\t<\/div>\n\t\t\t\t\t<\/div>\n\t\t<\/section>\n\t\t\t\t<section class=\"elementor-section elementor-top-section elementor-element elementor-element-c3ea0e8 elementor-section-boxed elementor-section-height-default elementor-section-height-default\" data-id=\"c3ea0e8\" data-element_type=\"section\">\n\t\t\t\t\t\t<div class=\"elementor-container elementor-column-gap-default\">\n\t\t\t\t\t<div class=\"elementor-column elementor-col-100 elementor-top-column elementor-element elementor-element-8c7d9ad\" data-id=\"8c7d9ad\" data-element_type=\"column\">\n\t\t\t<div class=\"elementor-widget-wrap elementor-element-populated\">\n\t\t\t\t\t\t<div class=\"elementor-element elementor-element-2d570c8 elementor-widget elementor-widget-text-editor\" data-id=\"2d570c8\" data-element_type=\"widget\" data-widget_type=\"text-editor.default\">\n\t\t\t\t<div class=\"elementor-widget-container\">\n\t\t\t\t\t\t\t\t\t<p>Atkl\u0101jiet m\u016bsu ofici\u0101lo DROIX tie\u0161saistes veikalu t\u012bklu. Neatkar\u012bgi no t\u0101, vai atrodaties Apvienotaj\u0101 Karalist\u0113, Eirop\u0101 vai jebkur citur pasaul\u0113, m\u0113s esam izveidoju\u0161i \u012bpa\u0161u veikalu, kas jums vislab\u0101k noder\u0113s, tostarp AYANEO un GPD rokas sp\u0113\u013cu datoriem paredz\u0113tus veikalus. <\/p>\t\t\t\t\t\t\t\t<\/div>\n\t\t\t\t<\/div>\n\t\t\t\t\t<\/div>\n\t\t<\/div>\n\t\t\t\t\t<\/div>\n\t\t<\/section>\n\t\t\t\t<section class=\"elementor-section elementor-top-section elementor-element elementor-element-10b4cb0 elementor-section-boxed elementor-section-height-default elementor-section-height-default\" data-id=\"10b4cb0\" data-element_type=\"section\">\n\t\t\t\t\t\t<div class=\"elementor-container elementor-column-gap-default\">\n\t\t\t\t\t<div class=\"elementor-column elementor-col-50 elementor-top-column elementor-element elementor-element-7cc3ca2\" data-id=\"7cc3ca2\" data-element_type=\"column\">\n\t\t\t<div class=\"elementor-widget-wrap elementor-element-populated\">\n\t\t\t\t\t\t<div class=\"elementor-element elementor-element-c1fdbdf elementor-widget elementor-widget-image\" data-id=\"c1fdbdf\" data-element_type=\"widget\" data-widget_type=\"image.default\">\n\t\t\t\t<div class=\"elementor-widget-container\">\n\t\t\t\t\t\t\t\t\t\t\t\t\t\t\t\t<a href=\"https:\/\/droix.co.uk\/\">\n\t\t\t\t\t\t\t<img decoding=\"async\" width=\"320\" height=\"120\" src=\"https:\/\/gpdstore.net\/wp-content\/uploads\/2025\/06\/COUK.jpg\" class=\"attachment-full size-full wp-image-1138167\" alt=\"\" srcset=\"https:\/\/gpdstore.net\/wp-content\/uploads\/2025\/06\/COUK.jpg 320w, https:\/\/gpdstore.net\/wp-content\/uploads\/2025\/06\/COUK-150x56.jpg 150w\" sizes=\"(max-width: 320px) 100vw, 320px\" \/>\t\t\t\t\t\t\t\t<\/a>\n\t\t\t\t\t\t\t\t\t\t\t\t\t\t\t<\/div>\n\t\t\t\t<\/div>\n\t\t\t\t<div class=\"elementor-element elementor-element-85aefe7 elementor-widget elementor-widget-text-editor\" data-id=\"85aefe7\" data-element_type=\"widget\" data-widget_type=\"text-editor.default\">\n\t\t\t\t<div class=\"elementor-widget-container\">\n\t\t\t\t\t\t\t\t\t<p data-pm-slice=\"0 0 []\">M\u016bsu \u012bpa\u0161ais Apvienot\u0101s Karalistes veikala stends, kas ir izstr\u0101d\u0101ts, lai nodro\u0161in\u0101tu netrauc\u0113tu pas\u016bt\u012bjumu veik\u0161anu saska\u0146\u0101 ar Apvienot\u0101s Karalistes PVN un viet\u0113jo iekas\u0113\u0161anu.<\/p>\t\t\t\t\t\t\t\t<\/div>\n\t\t\t\t<\/div>\n\t\t\t\t<div class=\"elementor-element elementor-element-ba1f985 elementor-widget elementor-widget-image\" data-id=\"ba1f985\" data-element_type=\"widget\" data-widget_type=\"image.default\">\n\t\t\t\t<div class=\"elementor-widget-container\">\n\t\t\t\t\t\t\t\t\t\t\t\t\t\t\t\t<a href=\"https:\/\/droix.eu\/\">\n\t\t\t\t\t\t\t<img decoding=\"async\" width=\"320\" height=\"120\" src=\"https:\/\/gpdstore.net\/wp-content\/uploads\/2025\/06\/EU.jpg\" class=\"attachment-full size-full wp-image-1138239\" alt=\"\" srcset=\"https:\/\/gpdstore.net\/wp-content\/uploads\/2025\/06\/EU.jpg 320w, https:\/\/gpdstore.net\/wp-content\/uploads\/2025\/06\/EU-150x56.jpg 150w\" sizes=\"(max-width: 320px) 100vw, 320px\" \/>\t\t\t\t\t\t\t\t<\/a>\n\t\t\t\t\t\t\t\t\t\t\t\t\t\t\t<\/div>\n\t\t\t\t<\/div>\n\t\t\t\t<div class=\"elementor-element elementor-element-a796e00 elementor-widget elementor-widget-text-editor\" data-id=\"a796e00\" data-element_type=\"widget\" data-widget_type=\"text-editor.default\">\n\t\t\t\t<div class=\"elementor-widget-container\">\n\t\t\t\t\t\t\t\t\t<p data-pm-slice=\"0 0 []\">M\u016bsu \u012bpa\u0161ais ES veikala stends, kas izstr\u0101d\u0101ts, lai nodro\u0161in\u0101tu netrauc\u0113tu pas\u016bt\u012b\u0161anu, iev\u0113rojot ES PVN pras\u012bbas un \u0101tr\u0101ku pieg\u0101di vis\u0101 Eirop\u0101.<\/p>\t\t\t\t\t\t\t\t<\/div>\n\t\t\t\t<\/div>\n\t\t\t\t\t<\/div>\n\t\t<\/div>\n\t\t\t\t<div class=\"elementor-column elementor-col-50 elementor-top-column elementor-element elementor-element-caf4bf6\" data-id=\"caf4bf6\" data-element_type=\"column\">\n\t\t\t<div class=\"elementor-widget-wrap elementor-element-populated\">\n\t\t\t\t\t\t<div class=\"elementor-element elementor-element-618f58b elementor-widget elementor-widget-image\" data-id=\"618f58b\" data-element_type=\"widget\" data-widget_type=\"image.default\">\n\t\t\t\t<div class=\"elementor-widget-container\">\n\t\t\t\t\t\t\t\t\t\t\t\t\t\t\t\t<a href=\"https:\/\/droix.net\/\">\n\t\t\t\t\t\t\t<img loading=\"lazy\" decoding=\"async\" width=\"320\" height=\"120\" src=\"https:\/\/gpdstore.net\/wp-content\/uploads\/2025\/06\/NET.jpg\" class=\"attachment-full size-full wp-image-1138203\" alt=\"\" srcset=\"https:\/\/gpdstore.net\/wp-content\/uploads\/2025\/06\/NET.jpg 320w, https:\/\/gpdstore.net\/wp-content\/uploads\/2025\/06\/NET-150x56.jpg 150w\" sizes=\"(max-width: 320px) 100vw, 320px\" \/>\t\t\t\t\t\t\t\t<\/a>\n\t\t\t\t\t\t\t\t\t\t\t\t\t\t\t<\/div>\n\t\t\t\t<\/div>\n\t\t\t\t<div class=\"elementor-element elementor-element-8c65a9e elementor-widget elementor-widget-text-editor\" data-id=\"8c65a9e\" data-element_type=\"widget\" data-widget_type=\"text-editor.default\">\n\t\t\t\t<div class=\"elementor-widget-container\">\n\t\t\t\t\t\t\t\t\t<p data-pm-slice=\"0 0 []\">Klientu apkalpo\u0161ana \u0101rpus Apvienot\u0101s Karalistes un ES.  <span style=\"background-color: transparent;\">Lab\u0101k\u0101 izv\u0113le glob\u0101lai pieg\u0101dei, beznodok\u013cu kasei (ja piem\u0113rojams) un atbalstam vis\u0101 pasaul\u0113.<\/span><\/p>\t\t\t\t\t\t\t\t<\/div>\n\t\t\t\t<\/div>\n\t\t\t\t<div class=\"elementor-element elementor-element-45f56db elementor-widget elementor-widget-image\" data-id=\"45f56db\" data-element_type=\"widget\" data-widget_type=\"image.default\">\n\t\t\t\t<div class=\"elementor-widget-container\">\n\t\t\t\t\t\t\t\t\t\t\t\t\t\t\t\t<a href=\"https:\/\/ayaneo.co\/\">\n\t\t\t\t\t\t\t<img loading=\"lazy\" decoding=\"async\" width=\"320\" height=\"120\" src=\"https:\/\/gpdstore.net\/wp-content\/uploads\/2025\/06\/AYANEO.jpg\" class=\"attachment-full size-full wp-image-1138275\" alt=\"\" srcset=\"https:\/\/gpdstore.net\/wp-content\/uploads\/2025\/06\/AYANEO.jpg 320w, https:\/\/gpdstore.net\/wp-content\/uploads\/2025\/06\/AYANEO-150x56.jpg 150w\" sizes=\"(max-width: 320px) 100vw, 320px\" \/>\t\t\t\t\t\t\t\t<\/a>\n\t\t\t\t\t\t\t\t\t\t\t\t\t\t\t<\/div>\n\t\t\t\t<\/div>\n\t\t\t\t<div class=\"elementor-element elementor-element-aab7cc7 elementor-widget elementor-widget-text-editor\" data-id=\"aab7cc7\" data-element_type=\"widget\" data-widget_type=\"text-editor.default\">\n\t\t\t\t<div class=\"elementor-widget-container\">\n\t\t\t\t\t\t\t\t\t<p data-pm-slice=\"0 0 []\">DROIX ofici\u0101lais AYANEO veikals ar jaun\u0101kajiem augst\u0101k\u0101s klases rokas sp\u0113\u013cu datoriem, piederumiem un iepriek\u0161\u0113jiem pas\u016bt\u012bjumiem.<\/p>\t\t\t\t\t\t\t\t<\/div>\n\t\t\t\t<\/div>\n\t\t\t\t\t<\/div>\n\t\t<\/div>\n\t\t\t\t\t<\/div>\n\t\t<\/section>\n\t\t\t\t<section class=\"elementor-section elementor-top-section elementor-element elementor-element-32e5b8e elementor-section-boxed elementor-section-height-default elementor-section-height-default\" data-id=\"32e5b8e\" data-element_type=\"section\">\n\t\t\t\t\t\t<div class=\"elementor-container elementor-column-gap-default\">\n\t\t\t\t\t<div class=\"elementor-column elementor-col-100 elementor-top-column elementor-element elementor-element-6998760\" data-id=\"6998760\" data-element_type=\"column\">\n\t\t\t<div class=\"elementor-widget-wrap elementor-element-populated\">\n\t\t\t\t\t\t<div class=\"elementor-element elementor-element-61dde30 elementor-widget elementor-widget-heading\" data-id=\"61dde30\" data-element_type=\"widget\" data-widget_type=\"heading.default\">\n\t\t\t\t<div class=\"elementor-widget-container\">\n\t\t\t\t\t<h2 class=\"elementor-heading-title elementor-size-default\">K\u0101p\u0113c iepirkties ar DROIX?<\/h2>\t\t\t\t<\/div>\n\t\t\t\t<\/div>\n\t\t\t\t<div class=\"elementor-element elementor-element-a6c1f96 elementor-widget elementor-widget-text-editor\" data-id=\"a6c1f96\" data-element_type=\"widget\" data-widget_type=\"text-editor.default\">\n\t\t\t\t<div class=\"elementor-widget-container\">\n\t\t\t\t\t\t\t\t\t<p>DROIX m\u0113s neesam tikai v\u0113l viens tie\u0161saistes veikals &#8211; m\u0113s esam uzticams z\u012bmols veiktsp\u0113jas tehnolo\u0123iju jom\u0101, ko atbalsta simtiem apmierin\u0101tu klientu un gadiem ilga pieredze portat\u012bvo sp\u0113\u013cu datoru, mini person\u0101lo datoru, ultrabook datoru, Android ier\u012b\u010du un citu ier\u012b\u010du jom\u0101. Simtiem pozit\u012bvu, p\u0101rbaud\u012btu atsauksmju, m\u016bsu pakalpojumi run\u0101 pa\u0161i par sevi. M\u0113s lepojamies ar to, ka nodro\u0161in\u0101m vislab\u0101ko klientu pieredzi, s\u0101kot ar pirmo klik\u0161\u0137i un beidzot ar p\u0113cp\u0101rdo\u0161anas atbalstu.  <\/p>\t\t\t\t\t\t\t\t<\/div>\n\t\t\t\t<\/div>\n\t\t\t\t<div class=\"elementor-element elementor-element-d5663c7 elementor-widget elementor-widget-image\" data-id=\"d5663c7\" data-element_type=\"widget\" data-widget_type=\"image.default\">\n\t\t\t\t<div class=\"elementor-widget-container\">\n\t\t\t\t\t\t\t\t\t\t\t\t\t\t\t<img loading=\"lazy\" decoding=\"async\" width=\"768\" height=\"768\" src=\"https:\/\/gpdstore.net\/wp-content\/uploads\/2025\/06\/DROIX-REVIEWS-768x768.png\" class=\"attachment-medium_large size-medium_large wp-image-1138444\" alt=\"\" srcset=\"https:\/\/gpdstore.net\/wp-content\/uploads\/2025\/06\/DROIX-REVIEWS-768x768.png 768w, https:\/\/gpdstore.net\/wp-content\/uploads\/2025\/06\/DROIX-REVIEWS-600x600.png 600w, https:\/\/gpdstore.net\/wp-content\/uploads\/2025\/06\/DROIX-REVIEWS-150x150.png 150w, https:\/\/gpdstore.net\/wp-content\/uploads\/2025\/06\/DROIX-REVIEWS-65x65.png 65w, https:\/\/gpdstore.net\/wp-content\/uploads\/2025\/06\/DROIX-REVIEWS-360x360.png 360w, https:\/\/gpdstore.net\/wp-content\/uploads\/2025\/06\/DROIX-REVIEWS-990x990.png 990w, https:\/\/gpdstore.net\/wp-content\/uploads\/2025\/06\/DROIX-REVIEWS-441x441.png 441w, https:\/\/gpdstore.net\/wp-content\/uploads\/2025\/06\/DROIX-REVIEWS-100x100.png 100w, https:\/\/gpdstore.net\/wp-content\/uploads\/2025\/06\/DROIX-REVIEWS.png 1200w\" sizes=\"(max-width: 768px) 100vw, 768px\" \/>\t\t\t\t\t\t\t\t\t\t\t\t\t\t\t<\/div>\n\t\t\t\t<\/div>\n\t\t\t\t\t<\/div>\n\t\t<\/div>\n\t\t\t\t\t<\/div>\n\t\t<\/section>\n\t\t\t\t<\/div>\n\t\t","protected":false},"excerpt":{"rendered":"<p>Laipni l\u016bgti DROIX veikalu saim\u0113 Atkl\u0101jiet m\u016bsu ofici\u0101lo DROIX tie\u0161saistes veikalu t\u012bklu. Neatkar\u012bgi no t\u0101, vai atrodaties Apvienotaj\u0101 Karalist\u0113, Eirop\u0101 vai jebkur citur pasaul\u0113, m\u0113s esam izveidoju\u0161i \u012bpa\u0161u veikalu, kas jums vislab\u0101k noder\u0113s, tostarp AYANEO un GPD rokas sp\u0113\u013cu datoriem paredz\u0113tus veikalus. M\u016bsu \u012bpa\u0161ais Apvienot\u0101s Karalistes veikala stends, kas ir izstr\u0101d\u0101ts, lai nodro\u0161in\u0101tu netrauc\u0113tu pas\u016bt\u012bjumu [&hellip;]<\/p>\n","protected":false},"author":58,"featured_media":0,"parent":0,"menu_order":0,"comment_status":"closed","ping_status":"closed","template":"elementor_header_footer","meta":{"_acf_changed":false,"footnotes":""},"class_list":["post-1199176","page","type-page","status-publish","hentry"],"acf":[],"aioseo_notices":[],"_links":{"self":[{"href":"https:\/\/gpdstore.net\/lv\/wp-json\/wp\/v2\/pages\/1199176","targetHints":{"allow":["GET"]}}],"collection":[{"href":"https:\/\/gpdstore.net\/lv\/wp-json\/wp\/v2\/pages"}],"about":[{"href":"https:\/\/gpdstore.net\/lv\/wp-json\/wp\/v2\/types\/page"}],"author":[{"embeddable":true,"href":"https:\/\/gpdstore.net\/lv\/wp-json\/wp\/v2\/users\/58"}],"replies":[{"embeddable":true,"href":"https:\/\/gpdstore.net\/lv\/wp-json\/wp\/v2\/comments?post=1199176"}],"version-history":[{"count":0,"href":"https:\/\/gpdstore.net\/lv\/wp-json\/wp\/v2\/pages\/1199176\/revisions"}],"wp:attachment":[{"href":"https:\/\/gpdstore.net\/lv\/wp-json\/wp\/v2\/media?parent=1199176"}],"curies":[{"name":"wp","href":"https:\/\/api.w.org\/{rel}","templated":true}]}}