{"id":84687,"date":"2024-05-08T15:41:24","date_gmt":"2024-05-08T15:41:24","guid":{"rendered":"https:\/\/gpdstore.net\/be-kategorijos\/gpd-win-4-prijungimo-stotis\/"},"modified":"2025-12-23T10:17:45","modified_gmt":"2025-12-23T10:17:45","slug":"gpd-win-4-docking-station","status":"publish","type":"product","link":"https:\/\/gpdstore.net\/lt\/product\/gpd-win-4-docking-station\/","title":{"rendered":"GPD WIN 4 prijungimo stotis"},"content":{"rendered":"\n<h3 class=\"wp-block-heading\"><strong>Paverskite savo GPD WIN 4 staliniu kompiuteriu su oficialia prijungimo stotele<\/strong><\/h3>\n\n<p>Su GPD WIN 4 prijungimo stotimi savo ne\u0161iojamojo kompiuterio \u017eaidim\u0173 patirt\u012f pakelkite iki stalinio kompiuterio lygio. \u0160is b\u016btinas priedas ne tik i\u0161ple\u010dia ry\u0161io galimybes, bet ir pagerina \u012frenginio funkcionalum\u0105, paversdamas j\u012f visi\u0161kai \u012frengtu staliniu kompiuteriu.<\/p>\n\n<h3 class=\"wp-block-heading\"><strong>Patobulintas USB ry\u0161ys<\/strong><\/h3>\n\n<p>&#8220;GPD WIN 4&#8221; prijungimo stotel\u0117je yra trys USB 3.2 Gen 2 Type-A prievadai, u\u017etikrinantys iki 10 Gb\/s spart\u0105, kad gal\u0117tum\u0117te prijungti \u012fvairius periferinius \u012frenginius, pvz., klaviat\u016bras, peles ir didel\u0117s spartos i\u0161orinius saugojimo \u012frenginius.<\/p>\n\n<p>Jame taip pat yra USB 3.2 Gen 2 Type-C prievadas, skirtas greitam \u012fkrovimui, palaikantis didel\u0117s galios \u012fkroviklius, kad greitai \u012fkrautum\u0117te savo \u012frengin\u012f.<\/p>\n\n<h3 class=\"wp-block-heading\"><strong>Auk\u0161\u010diausios ekrano parinktys<\/strong><\/h3>\n\n<p>Patirkite didel\u0117s rai\u0161kos vaizd\u0105 prijung\u0119 GPD WIN 4 prie i\u0161orinio monitoriaus arba televizoriaus per HDMI 2.0 prievad\u0105. \u0160i s\u0105ranka leid\u017eia naudoti GPD WIN 4 ekran\u0105 kaip papildom\u0105 ekran\u0105 ir padidinti produktyvum\u0105 bei pagerinti \u017eaidim\u0173 patirt\u012f naudojant dviej\u0173 ekran\u0173 galimybes.<\/p>\n\n<h3 class=\"wp-block-heading\"><strong>Greitas ir saugus interneto ry\u0161ys<\/strong><\/h3>\n\n<p>Stotel\u0117je yra 1 Gb\/s RJ45 Ethernet prievadas, u\u017etikrinantis greit\u0105 ir saug\u0173 ry\u0161\u012f transliacijoms, \u017eaidimams ir duomen\u0173 perdavimui, pranokstant\u012f belaid\u017eio ry\u0161io greit\u012f ir saugum\u0105.<\/p>\n\n<h3 class=\"wp-block-heading\"><strong>Kompakti\u0161kas dizainas, kad b\u016bt\u0173 kuo patogiau ne\u0161iojamas<\/strong><\/h3>\n\n<p>GPD WIN 4 prijungimo stotel\u0117 pasi\u017eymi kompakti\u0161ka forma &#8211; jos matmenys yra tik 3,4 x 5,6 x 3,2 colio, o svoris &#8211; tik 224 g. D\u0117l to ji ne\u012ftik\u0117tinai ne\u0161iojama ir lengvai integruojama \u012f bet koki\u0105 darbo viet\u0105, nesukeldama netvarkos. Jo konstrukcija apima nuimam\u0105 nugar\u0117l\u0119, kuri padeda lengvai prijungti ir transportuoti dok\u0105 ir \u012frengin\u012f.  <\/p>\n\n<p>Be to, d\u0117l doko stotel\u0117s konstrukcijos antrasis GPD WIN 4 C tipo USB prievadas lieka laisvas, tod\u0117l galite prijungti didelio na\u0161umo periferinius \u012frenginius, pvz., i\u0161orin\u012f GPU, ir taip dar labiau patobulinti savo s\u0105rank\u0105.<\/p>\n\n<h3 class=\"wp-block-heading\"><strong>GPD WIN 4 doko stoties privalumai ir tr\u016bkumai<\/strong><\/h3>\n\n<h3 class=\"wp-block-heading\"><strong>Privalumai:<\/strong><\/h3>\n\n<ul class=\"wp-block-list\">\n<li>Keli USB 3.2 Gen 2 Type-A prievadai \u012fvairiems periferiniams \u012frenginiams<\/li>\n\n\n\n<li>HDMI 2.0 i\u0161vestis i\u0161oriniams monitoriams arba televizoriams<\/li>\n\n\n\n<li>Didel\u0117s spartos 1 Gb\/s &#8220;Ethernet&#8221; &#8211; patikimas interneto ry\u0161ys<\/li>\n\n\n\n<li>C tipo USB prievadas greitam \u012frenginio \u012fkrovimui<\/li>\n<\/ul>\n\n<h3 class=\"wp-block-heading\"><strong>Tr\u016bkumai:<\/strong><\/h3>\n\n<ul class=\"wp-block-list\">\n<li>Tr\u016bksta papildomo C tipo USB prievado periferin\u0117ms jungtims<\/li>\n<\/ul>\n\n<h3 class=\"wp-block-heading\"><strong>Dokavimo stoties naudojimo privalumai<\/strong><\/h3>\n\n<p>Dokavimo stotis supaprastina darbo eig\u0105, nes vienu kabeliu ne\u0161iojam\u0105j\u012f kompiuter\u012f sujungia su keliais periferiniais \u012frenginiais. Tai ne tik padeda sutvarkyti darbo viet\u0105, bet ir padidina produktyvum\u0105, nes galima naudoti du ekranus. Be to, jis suma\u017eina prietaiso prievad\u0173 nusid\u0117v\u0117jim\u0105 ir pailgina GPD WIN 4 tarnavimo laik\u0105, nes nereikia da\u017enai jungti ir atjungti keli\u0173 kabeli\u0173.<\/p>\n\n<p>Investuokite \u012f GPD WIN 4 prijungimo stotel\u0119 ir pakeiskite savo \u017eaidim\u0173 s\u0105rang\u0105 bei supaprastinkite darbo viet\u0105, kad GPD WIN 4 tapt\u0173 ne tik \u017eaidim\u0173 \u012ftaisu, bet ir visapusi\u0161ka darbo vieta.<\/p>\n","protected":false},"excerpt":{"rendered":"<ul>\n<li>Saugokite ir \u012fkraukite <strong>GPD WIN 4<\/strong><\/li>\n<li>Rankin\u012f kompiuter\u012f paverskite <strong>staliniu kompiuteriu<\/strong><\/li>\n<li>Prijunkite visus periferinius \u012frenginius.<\/li>\n<li>Oficialus GPD dokas, skirtas <strong>GPD WIN 4<\/strong><\/li>\n<li>Ma\u017eas, lengvas ir patogus keliauti<\/li>\n<\/ul>\n[cg_accordion title=\"INFORMACIJA APMOK\u0116JIMUI\"]<\/p>\n<p>Mes naudojame naujausias mok\u0117jimo apdorojimo technologijas, kurios leid\u017eia jums greitai ir saugiai atsiskaityti debeto\/kredito kortele arba &#8220;PayPal&#8221;.[\/cg_accordion]\n[cg_accordion title=\"GARANTIJA\"]<\/p>\n<p><a href=\"https:\/\/droix.net\/\" target=\"_blank\" rel=\"nofollow noopener\">DROIX Global suteikia 2 met\u0173 garantij\u0105, kad<\/a> b\u016btum\u0117te ram\u016bs[\/cg_accordion]\n[cg_accordion title=\"KAINOS, MOKES\u010cIAI IR PRISTATYMAS\"]<\/p>\n<p><strong><u>Pastaba:<\/u><\/strong><br \/>\n &#8211; Jungtini\u0173 Amerikos Valstij\u0173 klientai: \u012e nurodyt\u0105 kain\u0105 \u012fskai\u010diuoti visi taikomi mokes\u010diai.<br \/>\n &#8211; ES klientai: \u012e nurodyt\u0105 kain\u0105 \u012fskai\u010diuoti taikomi mokes\u010diai, kurie, priklausomai nuo j\u016bs\u0173 \u0161alies, gali siekti iki 25 %.<br \/>\n &#8211; Kanados klientai: \u012e nurodyt\u0105 kain\u0105 \u012fskai\u010diuoti taikytini mokes\u010diai, kurie, priklausomai nuo j\u016bs\u0173 provincijos, gali apimti 5 % GPM ir papildomus provincijos pardavimo mokes\u010dius (PST), suderint\u0105 pardavimo mokest\u012f (HST) arba Kvebeko pardavimo mokest\u012f (QST).[\/cg_accordion]\n[cg_accordion title=\"PRISTATYMAS IR GR\u0104\u017dINIMAS\"]<\/p>\n<p>Organizuoja &#8221; <a href=\"https:\/\/droix.net\/\" target=\"_blank\" rel=\"nofollow noopener\">DroiX&#8221;,<\/a> oficialus GPD platintojas, siun\u010diame naudodami &#8220;DHL Express DDP&#8221; (Delivered Duty Paid). Tai rei\u0161kia, kad: <\/p>\n<p>&#8220;Express DDP&#8221; (pristatoma su sumok\u0117tais muitais). Tai rei\u0161kia:<br \/>\n &#8211; Tai rei\u0161kia, kad visi muitai ir mokes\u010diai \u012fskai\u010diuoti \u012f gaminio puslapyje nurodyt\u0105 kain\u0105.<br \/>\n &#8211; Pristatymo metu jums nereik\u0117s mok\u0117ti joki\u0173 papildom\u0173 mokes\u010di\u0173.<br \/>\n &#8211; Retais atvejais, kai kyla su muitine susijusi\u0173 problem\u0173, m\u016bs\u0173 komanda pasir\u016bpins muitin\u0117s formalum\u0173 \u012fforminimu j\u016bs\u0173 vardu, kad b\u016bt\u0173 u\u017etikrintas sklandus pristatymas. <\/p>\n<p>Svarbi informacija apie gr\u0105\u017einim\u0105:<br \/>\n &#8211; Jei nuspr\u0119site gr\u0105\u017einti u\u017esakym\u0105 arba pra\u0161ysite gr\u0105\u017einti pinigus, tur\u0117kite omenyje, kad mokes\u010diai ir muitai, sumok\u0117ti u\u017e jus pagal DDP s\u0105lygas, negali b\u016bti gr\u0105\u017einami.<\/p>\n<p>I\u0161samesn\u0117s informacijos rasite m\u016bs\u0173 <a href=\"https:\/\/gpdstore.net\/lt\/terms-of-service\/\" target=\"_blank\" rel=\"nofollow noopener\">s\u0105lygose ir nuostatose<\/a>.[\/cg_accordion]\n[cg_accordion title=\"KAS \u012eTRAUKTA\"]<\/p>\n<ul>\n<li>1x GPD WIN 4 dokas<\/li>\n<\/ul>\n<p>[\/cg_accordion]\n","protected":false},"featured_media":84698,"template":"","meta":{"_acf_changed":false},"product_brand":[],"product_cat":[5396],"product_tag":[6152],"woo-feed-brand":[5770],"class_list":{"0":"post-84687","1":"product","2":"type-product","3":"status-publish","4":"has-post-thumbnail","6":"product_cat-priedai","7":"product_tag-gpd-win-4-accessory-lt-2","8":"product_shipping_class-low-end","9":"product_shipping_class-standard","11":"pa_accessory-type-prisijungimo-stotis","12":"pa_brand-gpd","13":"woo-feed-brand-gpd-lt","15":"first","16":"outofstock","17":"taxable","18":"shipping-taxable","19":"purchasable","20":"product-type-variable","21":"has-default-attributes"},"acf":[],"aioseo_notices":[],"_links":{"self":[{"href":"https:\/\/gpdstore.net\/lt\/wp-json\/wp\/v2\/product\/84687","targetHints":{"allow":["GET"]}}],"collection":[{"href":"https:\/\/gpdstore.net\/lt\/wp-json\/wp\/v2\/product"}],"about":[{"href":"https:\/\/gpdstore.net\/lt\/wp-json\/wp\/v2\/types\/product"}],"wp:featuredmedia":[{"embeddable":true,"href":"https:\/\/gpdstore.net\/lt\/wp-json\/wp\/v2\/media\/84698"}],"wp:attachment":[{"href":"https:\/\/gpdstore.net\/lt\/wp-json\/wp\/v2\/media?parent=84687"}],"wp:term":[{"taxonomy":"product_brand","embeddable":true,"href":"https:\/\/gpdstore.net\/lt\/wp-json\/wp\/v2\/product_brand?post=84687"},{"taxonomy":"product_cat","embeddable":true,"href":"https:\/\/gpdstore.net\/lt\/wp-json\/wp\/v2\/product_cat?post=84687"},{"taxonomy":"product_tag","embeddable":true,"href":"https:\/\/gpdstore.net\/lt\/wp-json\/wp\/v2\/product_tag?post=84687"},{"taxonomy":"woo-feed-brand","embeddable":true,"href":"https:\/\/gpdstore.net\/lt\/wp-json\/wp\/v2\/woo-feed-brand?post=84687"}],"curies":[{"name":"wp","href":"https:\/\/api.w.org\/{rel}","templated":true}]}}