{"id":83068,"date":"2024-04-23T16:13:31","date_gmt":"2024-04-23T16:13:31","guid":{"rendered":"https:\/\/gpdstore.net\/be-kategorijos\/gpd-rasiklis-skirtas-gpd-pocket-3-ir-win-max-2\/"},"modified":"2025-11-24T11:25:02","modified_gmt":"2025-11-24T11:25:02","slug":"gpd-stylus","status":"publish","type":"product","link":"https:\/\/gpdstore.net\/lt\/product\/gpd-stylus\/","title":{"rendered":"GPD ra\u0161iklis GPD Pocket 3 ir WIN MAX 2"},"content":{"rendered":"\n<p><br\/>Pristatome GPD ra\u0161ikl\u012f: tai geriausias \u012frankis, u\u017etikrinantis tikslum\u0105 ir patogum\u0105, sukurtas GPD Pocket 3 ir GPD Win Max 2 funkcijoms pagerinti ir suderinamas su daugeliu kit\u0173 ne\u0161iojam\u0173j\u0173 ir plan\u0161etini\u0173 kompiuteri\u0173 modeli\u0173. Pagamintas i\u0161 tvirto aliuminio lydinio, \u0161is ra\u0161iklis yra tokios formos, kad patogiai priglust\u0173 rankoje, tod\u0117l idealiai tinka ilgam naudojimui be diskomforto. Jis pasi\u017eymi didelio jautrumo, 4096 spaudimui jautriu antgaliu, pagamintu i\u0161 mink\u0161tos, lanks\u010dios gumos, tod\u0117l kiekvienas br\u016bk\u0161tel\u0117jimas yra toks pat tikslus ir jautrus, kaip ra\u0161iklio br\u016bk\u0161tel\u0117jimas popieriuje. Toks tikslumas puikiai tinka \u012fvairiems darbams &#8211; nuo eskizavimo ir nuotrauk\u0173 redagavimo iki detalaus darbo teptuku ir greit\u0173 u\u017era\u0161\u0173 ra\u0161ymo.   <\/p>\n\n<p>Be tiksli\u0173 funkcij\u0173, GPD ra\u0161iklis sukurtas taip, kad jo guminis antgalis apsaugo ekran\u0105 nuo \u012fbr\u0117\u017eim\u0173 ir \u0161iuk\u0161li\u0173, tod\u0117l jis u\u017etikrina nepriekai\u0161ting\u0105 jo b\u016bkl\u0119. Jis ne tik funkcionalus, bet ir lengvas bei patogiai ne\u0161iojamas, su patogia sagtimi, kad j\u012f b\u016bt\u0173 galima lengvai pritvirtinti prie ki\u0161en\u0117s ar d\u0117klo &#8211; idealiai tinka u\u017eimtiems profesionalams ar keliaujantiems k\u016br\u0117jams. Su GPD Stylus &#8211; puikiu prakti\u0161kumo ir novatori\u0161ko dizaino deriniu &#8211; pagerinsite savo skaitmenin\u012f bendravim\u0105, nesvarbu, ar nar\u0161ote program\u0117l\u0117se, fiksuojate id\u0117jas, ar tyrin\u0117jate savo menin\u0119 pus\u0119.  <\/p>\n","protected":false},"excerpt":{"rendered":"<ul>\n<li>Veikia su<strong> GPD Pocket 3 ir<\/strong> <strong> GPD WIN MAX 2<\/strong><\/li>\n<li><strong>4096 lygi\u0173<\/strong> sl\u0117gio jautrumas<\/li>\n<li>Eleganti\u0161kas ir ergonomi\u0161kas<\/li>\n<li>Metalin\u0117<strong> sagtis<\/strong><\/li>\n<li>U\u017era\u0161\u0173 ra\u0161ymas ir simboli\u0173 \u012fvedimas<\/li>\n<\/ul>\n<p> [cg_accordion title=\"INFORMACIJA APMOK\u0116JIMUI\"] Naudojame naujausias mok\u0117jimo apdorojimo technologijas, kurios leid\u017eia greitai ir saugiai atsiskaityti per \u201eApple Pay\u201c, \u201eGoogle Pay\u201c, debeto \/ kredito kortel\u0119, \u201ePayPal\u201c arba BNPL metodus, tokius kaip \u201eKlarna\u201c, \u201eAffirm\u201c arba \u201eAfterPay\u201c.[\/cg_accordion] [cg_accordion title=\"GARANTIJA\"] 2 met\u0173 <a href=\"https:\/\/droix.net\/\" target=\"_blank\" rel=\"nofollow noopener\">\u201eDROIX Global\u201c<\/a> garantija j\u016bs\u0173 ramybei[\/cg_accordion] [cg_accordion title=\"PRICING, TAXES AND SHIPPING\"] <strong><u>Pastaba:<\/u><\/strong><\/p>\n<ul>\n<li>Jungtini\u0173 Amerikos Valstij\u0173 klientai: \u012e rodom\u0105 kain\u0105 N\u0116RA \u012fskai\u010diuoti mokes\u010diai ir muitai. Atsakomyb\u0117 i\u0161muitinti muitin\u0119 ir sumok\u0117ti visus susijusius mokes\u010dius ir muitus tenka klientui. <\/li>\n<li>ES klientai: \u012e nurodyt\u0105 kain\u0105 \u012fskai\u010diuoti taikomi mokes\u010diai, kurie, priklausomai nuo j\u016bs\u0173 \u0161alies, gali siekti iki 25 %.<\/li>\n<li>Kanados klientai: \u012e nurodyt\u0105 kain\u0105 \u012fskai\u010diuoti taikomi mokes\u010diai, kurie, priklausomai nuo j\u016bs\u0173 provincijos, gali apimti 5 % GPM ir papildomus provincijos pardavimo mokes\u010dius (PST), suderint\u0105 pardavimo mokest\u012f (HST) arba Kvebeko pardavimo mokest\u012f (QST).<\/li>\n<\/ul>\n<p><strong>TIK ES klientams:<\/strong> Express DDP (pristatoma sumok\u0117jus muit\u0105). Tai rei\u0161kia: <\/p>\n<ul>\n<li style=\"list-style-type: none;\">\n<ul>\n<li>Visi muitai ir mokes\u010diai \u012fskai\u010diuoti \u012f produkto puslapyje nurodyt\u0105 kain\u0105.<\/li>\n<li>Pristatymo metu jums nereik\u0117s mok\u0117ti joki\u0173 papildom\u0173 mokes\u010di\u0173.<\/li>\n<li>Retais atvejais, kai kyla su muitine susijusi\u0173 problem\u0173, m\u016bs\u0173 komanda pasir\u016bpins muitin\u0117s formalumais j\u016bs\u0173 vardu, kad b\u016bt\u0173 u\u017etikrintas sklandus pristatymas.<\/li>\n<p>Svarbi informacija apie gr\u0105\u017einim\u0105:<\/p>\n<li>Jei nuspr\u0119site gr\u0105\u017einti u\u017esakym\u0105 arba pra\u0161ysite gr\u0105\u017einti pinigus, tur\u0117kite omenyje, kad mokes\u010diai ir muitai, sumok\u0117ti u\u017e jus pagal DDP s\u0105lygas, negali b\u016bti gr\u0105\u017einami.<\/li>\n<p>\u017dr. m\u016bs\u0173<\/ul>\n<\/li>\n<\/ul>\n<p><a href=\"https:\/\/gpdstore.net\/lt\/terms-of-service\/\" target=\"_blank\" rel=\"nofollow noopener\">Taisykl\u0117s ir s\u0105lygos<\/a><\/p>\n<ul>i\u0161samesn\u0117s informacijos.<\/ul>\n<p>[\/cg_accordion] [cg_accordion title=\"KLIENT\u0172 APTARNAVIMAS\"]  Turite klausim\u0105? U\u017etenka para\u0161yti trump\u0105j\u0105 \u017einut\u0119 ir j\u016bs\u0173 klausimas bus i\u0161spr\u0119stas!   [\/cg_accordion] [cg_accordion title=\"WHAT'S INCLUDED\"]<\/p>\n<ul>\n<li>1x GPD ra\u0161iklis<\/li>\n<\/ul>\n<p>[\/cg_accordion]<\/p>\n","protected":false},"featured_media":83163,"template":"","meta":{"_acf_changed":false},"product_brand":[],"product_cat":[5396],"product_tag":[15932,6121],"woo-feed-brand":[5770],"class_list":{"0":"post-83068","1":"product","2":"type-product","3":"status-publish","4":"has-post-thumbnail","6":"product_cat-priedai","7":"product_tag-15xmsale-lt","8":"product_tag-gpd-wm2-priedas","9":"product_shipping_class-low-end","10":"pa_accessory-type-stylus-lt","11":"pa_brand-gpd","12":"woo-feed-brand-gpd-lt","14":"first","15":"instock","16":"sale","17":"taxable","18":"shipping-taxable","19":"purchasable","20":"product-type-variable","21":"has-default-attributes"},"acf":[],"aioseo_notices":[],"_links":{"self":[{"href":"https:\/\/gpdstore.net\/lt\/wp-json\/wp\/v2\/product\/83068","targetHints":{"allow":["GET"]}}],"collection":[{"href":"https:\/\/gpdstore.net\/lt\/wp-json\/wp\/v2\/product"}],"about":[{"href":"https:\/\/gpdstore.net\/lt\/wp-json\/wp\/v2\/types\/product"}],"wp:featuredmedia":[{"embeddable":true,"href":"https:\/\/gpdstore.net\/lt\/wp-json\/wp\/v2\/media\/83163"}],"wp:attachment":[{"href":"https:\/\/gpdstore.net\/lt\/wp-json\/wp\/v2\/media?parent=83068"}],"wp:term":[{"taxonomy":"product_brand","embeddable":true,"href":"https:\/\/gpdstore.net\/lt\/wp-json\/wp\/v2\/product_brand?post=83068"},{"taxonomy":"product_cat","embeddable":true,"href":"https:\/\/gpdstore.net\/lt\/wp-json\/wp\/v2\/product_cat?post=83068"},{"taxonomy":"product_tag","embeddable":true,"href":"https:\/\/gpdstore.net\/lt\/wp-json\/wp\/v2\/product_tag?post=83068"},{"taxonomy":"woo-feed-brand","embeddable":true,"href":"https:\/\/gpdstore.net\/lt\/wp-json\/wp\/v2\/woo-feed-brand?post=83068"}],"curies":[{"name":"wp","href":"https:\/\/api.w.org\/{rel}","templated":true}]}}