{"id":808715,"date":"2024-11-21T09:56:41","date_gmt":"2024-11-21T09:56:41","guid":{"rendered":"https:\/\/gpdstore.net\/?post_type=product&#038;p=808715"},"modified":"2025-12-23T10:03:46","modified_gmt":"2025-12-23T10:03:46","slug":"gpd-duo-protective-case","status":"publish","type":"product","link":"https:\/\/gpdstore.net\/lt\/product\/gpd-duo-protective-case\/","title":{"rendered":"GPD DUO apsauginis d\u0117klas"},"content":{"rendered":"\n<p>Apsaugokite savo GPD DUO stilingai su <strong>oficialiu GPD DUO apsauginiu d\u0117klu<\/strong>. \u0160is eleganti\u0161kas ir patvarus d\u0117klas, sukurtas tik GPD DUO, yra puikus funkcionalumo ir apsaugos derinys. Nesvarbu, ar keliaujate \u012f darb\u0105, ar keliaujate, ar tiesiog laikote savo prietais\u0105, \u0161is d\u0117klas u\u017etikrina, kad j\u016bs\u0173 GPD DUO i\u0161liks saugus ir patikimas.  <\/p>\n\n<p>D\u0117klas turi <strong>tvirt\u0105 med\u017eiagin\u0119 i\u0161or\u0119<\/strong>, kad apsaugot\u0173 prietais\u0105 nuo i\u0161orini\u0173 pa\u017eeidim\u0173, ir <strong>mink\u0161t\u0105, pamink\u0161tint\u0105 vid\u0173<\/strong>, kad apsaugot\u0173 nuo \u012fbr\u0117\u017eim\u0173 ir sm\u016bgi\u0173. Kompakti\u0161ko dizaino d\u0117kle lengvai sutalpinsite savo GPD DUO, o vietos liks svarbiausiems priedams. <\/p>\n\n<p>D\u0117klas turi <strong>dvi rankenas,<\/strong> kad b\u016bt\u0173 patogu ne\u0161ti, ir <strong>reguliuojam\u0105 dir\u017e\u0105 per pet\u012f<\/strong>, tod\u0117l galite j\u012f ne\u0161ioti taip, kaip jums patogiausia. D\u0117l lengvos konstrukcijos jis idealiai tinka keliaujantiems naudotojams, kurie nori patikimos apsaugos be nereikalingo svorio. <\/p>\n\n<h3 class=\"wp-block-heading\"><strong>Pagrindin\u0117s savyb\u0117s:<\/strong><\/h3>\n\n<ul class=\"wp-block-list\">\n<li>Oficialus GPD gaminys, specialiai sukurtas GPD DUO<\/li>\n\n\n\n<li>Patvari audinio i\u0161or\u0117, u\u017etikrinanti geresn\u0119 apsaug\u0105<\/li>\n\n\n\n<li>Mink\u0161tas, pamink\u0161tintas vidus apsaugo prietais\u0105 nuo \u012fbr\u0117\u017eim\u0173 ir sm\u016bgi\u0173<\/li>\n\n\n\n<li>Dvigubos rankenos ir reguliuojamas dir\u017eas per pet\u012f, kad b\u016bt\u0173 galima \u012fvairiai ne\u0161ioti<\/li>\n\n\n\n<li>Kompakti\u0161kas ir lengvas dizainas, kad b\u016bt\u0173 kuo patogiau perkelti<\/li>\n<\/ul>\n\n<p>Dr\u0105siai ne\u0161iokit\u0117s GPD DUO bet kur, \u017einodami, kad jis apsaugotas prakti\u0161kum\u0105, patvarum\u0105 ir stili\u0173 derinan\u010diu d\u0117klu.<\/p>\n\n<p><\/p>\n","protected":false},"excerpt":{"rendered":"<ul>\n<li>Oficialus <strong>GPD<\/strong> produktas<\/li>\n<li>Sukurtas specialiai <strong>GPD DUO<\/strong><\/li>\n<li>Patvari audinio i\u0161or\u0117, u\u017etikrinanti geresn\u0119 apsaug\u0105<\/li>\n<li>Mink\u0161tas, pamink\u0161tintas vidus apsaugo nuo \u012fbr\u0117\u017eim\u0173 ir sm\u016bgi\u0173<\/li>\n<li>Dvigubos rankenos ir reguliuojamas dir\u017eas per pet\u012f, kad b\u016bt\u0173 galima \u012fvairiai ne\u0161ioti.<\/li>\n<\/ul>\n[cg_accordion title=\"INFORMACIJA APMOK\u0116JIMUI\"]<\/p>\n<p>Naudojame naujausias mok\u0117jimo apdorojimo technologijas, kurios leid\u017eia greitai ir saugiai atsiskaityti per &#8220;Apple Pay&#8221;, &#8220;Google Pay&#8221;, debeto \/ kredito kortel\u0119, &#8220;PayPal&#8221; arba BNPL metodus, tokius kaip &#8220;Klarna&#8221;, &#8220;Affirm&#8221; arba &#8220;AfterPay&#8221;.[\/cg_accordion]\n[cg_accordion title=\"GARANTIJA\"]<\/p>\n<p><a href=\"https:\/\/droix.net\/\" target=\"_blank\" rel=\"nofollow noopener\">DROIX Global<\/a> suteikia 2 met\u0173 garantij\u0105, kad b\u016btum\u0117te ram\u016bs[\/cg_accordion]\n[cg_accordion title=\"KAINOS, MOKES\u010cIAI IR PRISTATYMAS\"]<\/p>\n<p><strong><u>Pastaba:<\/u><\/strong><\/p>\n<ul>\n<li>Jungtini\u0173 Amerikos Valstij\u0173 klientai: \u012e rodom\u0105 kain\u0105 N\u0116RA \u012fskai\u010diuoti mokes\u010diai ir muitai. Atsakomyb\u0117 i\u0161muitinti muitin\u0119 ir sumok\u0117ti visus susijusius mokes\u010dius ir muitus tenka klientui. <\/li>\n<li>ES klientai: \u012e nurodyt\u0105 kain\u0105 \u012fskai\u010diuoti taikomi mokes\u010diai, kurie, priklausomai nuo j\u016bs\u0173 \u0161alies, gali siekti iki 25 %.<\/li>\n<li>Kanados klientai: \u012e nurodyt\u0105 kain\u0105 \u012fskai\u010diuoti taikomi mokes\u010diai, kurie, priklausomai nuo j\u016bs\u0173 provincijos, gali apimti 5 % GPM ir papildomus provincijos pardavimo mokes\u010dius (PST), suderint\u0105 pardavimo mokest\u012f (HST) arba Kvebeko pardavimo mokest\u012f (QST).<\/li>\n<\/ul>\n<p><strong>TIK ES klientams:<\/strong> Express DDP (pristatoma sumok\u0117jus muit\u0105). Tai rei\u0161kia: <\/p>\n<ul>\n<li>Visi muitai ir mokes\u010diai \u012ftraukti \u012f produkto puslapyje nurodyt\u0105 kain\u0105.<\/li>\n<li>Pristatymo metu jums nereik\u0117s mok\u0117ti joki\u0173 papildom\u0173 mokes\u010di\u0173.<\/li>\n<li>Retais atvejais, kai kyla su muitine susijusi\u0173 problem\u0173, m\u016bs\u0173 komanda pasir\u016bpins muitin\u0117s formalumais j\u016bs\u0173 vardu, kad b\u016bt\u0173 u\u017etikrintas sklandus pristatymas.<\/li>\n<p>Svarbi informacija apie gr\u0105\u017einim\u0105:<\/p>\n<li>Jei nuspr\u0119site gr\u0105\u017einti u\u017esakym\u0105 arba pra\u0161ysite gr\u0105\u017einti pinigus, tur\u0117kite omenyje, kad mokes\u010diai ir muitai, sumok\u0117ti j\u016bs\u0173 vardu pagal DDP s\u0105lygas, negali b\u016bti gr\u0105\u017einami.<\/li>\n<p>I\u0161samesn\u0117s informacijos rasite m\u016bs\u0173 <a href=\"https:\/\/gpdstore.net\/lt\/terms-of-service\/\" target=\"_blank\" rel=\"nofollow noopener\">s\u0105lygose ir nuostatose<\/a>.\n<\/ul>\n<p>[\/cg_accordion]\n[cg_accordion title=\"KLIENT\u0172 APTARNAVIMAS\"]<\/p>\n<p>Turite klausim\u0105? U\u017etenka para\u0161yti trump\u0105j\u0105 \u017einut\u0119 ir j\u016bs\u0173 klausimas bus i\u0161spr\u0119stas!<br \/>\n[\/cg_accordion]\n[cg_accordion title=\"KAS \u012eTRAUKTA\"]<\/p>\n<ul>\n<li>1x GPD DUO d\u0117klas<\/li>\n<\/ul>\n<p>[\/cg_accordion]\n","protected":false},"featured_media":818180,"template":"","meta":{"_acf_changed":false},"product_brand":[],"product_cat":[5396],"product_tag":[15806],"woo-feed-brand":[],"class_list":{"0":"post-808715","1":"product","2":"type-product","3":"status-publish","4":"has-post-thumbnail","6":"product_cat-priedai","7":"product_tag-20xmsale-lt-2","8":"product_shipping_class-low-end","9":"pa_accessory-type-apsauginis-deklas","10":"pa_brand-gpd","12":"first","13":"instock","14":"sale","15":"taxable","16":"shipping-taxable","17":"purchasable","18":"product-type-simple"},"acf":[],"aioseo_notices":[],"_links":{"self":[{"href":"https:\/\/gpdstore.net\/lt\/wp-json\/wp\/v2\/product\/808715","targetHints":{"allow":["GET"]}}],"collection":[{"href":"https:\/\/gpdstore.net\/lt\/wp-json\/wp\/v2\/product"}],"about":[{"href":"https:\/\/gpdstore.net\/lt\/wp-json\/wp\/v2\/types\/product"}],"wp:featuredmedia":[{"embeddable":true,"href":"https:\/\/gpdstore.net\/lt\/wp-json\/wp\/v2\/media\/818180"}],"wp:attachment":[{"href":"https:\/\/gpdstore.net\/lt\/wp-json\/wp\/v2\/media?parent=808715"}],"wp:term":[{"taxonomy":"product_brand","embeddable":true,"href":"https:\/\/gpdstore.net\/lt\/wp-json\/wp\/v2\/product_brand?post=808715"},{"taxonomy":"product_cat","embeddable":true,"href":"https:\/\/gpdstore.net\/lt\/wp-json\/wp\/v2\/product_cat?post=808715"},{"taxonomy":"product_tag","embeddable":true,"href":"https:\/\/gpdstore.net\/lt\/wp-json\/wp\/v2\/product_tag?post=808715"},{"taxonomy":"woo-feed-brand","embeddable":true,"href":"https:\/\/gpdstore.net\/lt\/wp-json\/wp\/v2\/woo-feed-brand?post=808715"}],"curies":[{"name":"wp","href":"https:\/\/api.w.org\/{rel}","templated":true}]}}