{"id":76647,"date":"2024-08-12T15:14:19","date_gmt":"2024-08-12T15:14:19","guid":{"rendered":"https:\/\/gpdstore.net\/be-kategorijos\/droix-nh8-usb-sakotuvas-su-nvme\/"},"modified":"2025-12-23T10:14:19","modified_gmt":"2025-12-23T10:14:19","slug":"droix-nh8-nvme-usb-hub","status":"publish","type":"product","link":"https:\/\/gpdstore.net\/lt\/product\/droix-nh8-nvme-usb-hub\/","title":{"rendered":"&#8220;DroiX NH8&#8221; USB \u0161akotuvas su &#8220;NVMe"},"content":{"rendered":"\n<h3 class=\"wp-block-heading\">Pristatome &#8220;DroiX NH8&#8221; \u0161akotuv\u0105 su &#8220;NVMe&#8221; lizdu: geriausias ry\u0161io sprendimas!<\/h3>\n\n<h3 class=\"wp-block-heading\">\u017daibi\u0161kai greitas &#8220;Gigabit Ethernet<\/h3>\n\n<p>\u017denkite \u012f interneto ry\u0161io ateit\u012f su &#8220;DroiX NH8 Hub&#8221;! \u0160is \u0161akotuvas su patikimu 10\/100\/1000M RJ45 Gigabit Ethernet prievadu u\u017etikrina \u017eaibi\u0161k\u0105, stabil\u0173 ir itin patikim\u0105 interneto ry\u0161\u012f. Nesvarbu, ar \u017eaid\u017eiate \u017eaidimus, ar transliuojate srautines transliacijas, ar dalyvaujate svarbiame vaizdo skambu\u010dio pokalbyje, patirkite skland\u0173, neatsiliekant\u012f veikim\u0105, kur\u012f gali u\u017etikrinti tik laidinis ry\u0161ys. Atsisveikinkite su &#8220;Wi-Fi&#8221; b\u0117domis ir pasisveikinkite su nuolatine spar\u010di\u0105ja prieiga!   <\/p>\n\n<h3 class=\"wp-block-heading\">Kvap\u0105 gniau\u017eiantis vaizdo i\u0161vesties vaizdas<\/h3>\n\n<p>Pakeiskite savo vaizdo patirt\u012f naudodami &#8220;DroiX NH8&#8221; koncentratoriaus HDMI 2.0 palaikom\u0105 HDMI 2.0 s\u0105saj\u0105. Nesvarbu, ar \u017ei\u016brite 4K film\u0105, ar pristatote klientui, ar \u017eaid\u017eiate didel\u0117s rai\u0161kos \u017eaidimus, koncentratorius atkuria stulbinam\u0105 4096&#215;2160 rai\u0161kos vaizd\u0105 su skland\u017eiu 60 Hz atnaujinimo da\u017eniu. Pasiruo\u0161kite b\u016bti su\u017eav\u0117ti ry\u0161ki\u0173 spalv\u0173 ir ai\u0161ki\u0173 detali\u0173, kurios \u012ftrauks jus \u012f kiekvien\u0105 kadr\u0105.  <\/p>\n\n<h3 class=\"wp-block-heading\">Lengvas saugyklos i\u0161pl\u0117timas<\/h3>\n\n<p>Pritr\u016bko saugyklos? DroiX NH8 koncentratorius jums pad\u0117s. D\u0117l integruoto PCIe NVMe lizdo dar niekada nebuvo taip paprasta i\u0161pl\u0117sti saugykl\u0105. \u0160is lizdas idealiai tinka didelio na\u0161umo programoms arba dideli\u0173 fail\u0173 saugykloms, nes palaiko itin didel\u0119 duomen\u0173 perdavimo spart\u0105, tod\u0117l j\u016bs\u0173 sistema veikia skland\u017eiai ir efektyviai. Pritaikykite saugykl\u0105 pagal savo poreikius ir u\u017etikrinkite, kad j\u016bs\u0173 \u012frenginys veikt\u0173 geriausiai.    <\/p>\n\n<h3 class=\"wp-block-heading\">Didel\u0117s spartos duomen\u0173 perdavimas<\/h3>\n\n<p>Reikia akimirksniu perkelti didelius failus? &#8220;DroiX NH8 Hub&#8221; turi A tipo 3.0 USB prievad\u0105 ir u\u017etikrina greit\u0105 duomen\u0173 perdavim\u0105, tod\u0117l fail\u0173 tvarkymas tampa lengvas. Nesvarbu, ar jungiate periferinius \u012frenginius, ar \u012fkraunate prietaisus, ar persiun\u010diate duomenis, \u0161is \u0161akotuvas u\u017etikrina, kad viskas bus atlikta greitai ir efektyviai, taupydamas j\u016bs\u0173 brang\u0173 laik\u0105.  <\/p>\n\n<h3 class=\"wp-block-heading\">Universalus C tipo USB suderinamumas<\/h3>\n\n<p>&#8220;DroiX NH8 Hub&#8221; turi universal\u0173 C tipo USB kabel\u012f, tod\u0117l yra suderinamas su \u012fvairiais \u012frenginiais. \u0160is universalus kabelis ne tik u\u017etikrina greit\u0105 duomen\u0173 perdavim\u0105, bet ir veiksming\u0105 \u012fkrovim\u0105, tod\u0117l jis yra b\u016btinas j\u016bs\u0173 ry\u0161io poreiki\u0173 palydovas. Daugiau nebereik\u0117s vargti su keliais kabeliais &#8211; b\u016bkite lengvai prijungti.  <\/p>\n\n<h3 class=\"wp-block-heading\">Sklandi prieiga prie medijos<\/h3>\n\n<p>Naudodamiesi &#8220;DroiX NH8 Hub&#8221; integruotu SD korteli\u0173 skaitytuvu lengvai pasiekite ir perkelkite laikmenas. \u0160i funkcija palaiko &#8220;Micro SD&#8221; ir SD korteles, tod\u0117l galite greitai sukurti atsargin\u0119 kopij\u0105 arba pasiekti savo failus &#8211; nuotraukas, vaizdo \u012fra\u0161us ar svarbius dokumentus. Patogumas dar niekada nebuvo toks prieinamas.  <\/p>\n\n<h3 class=\"wp-block-heading\">Neprilygstamas universalumas<\/h3>\n\n<p>&#8220;DroiX NH8 Hub&#8221; i\u0161siskiria savo neprilygstamu universalumu. \u0160is \u0161akotuvas, sukurtas skland\u017eiai dirbti su \u012fvairiais C tipo USB \u012frenginiais &#8211; kompiuteriais, mini kompiuteriais, ne\u0161iojamaisiais kompiuteriais, ne\u0161iojamaisiais kompiuteriais, ne\u0161iojamaisiais \u017eaidim\u0173 \u012frenginiais ar kitais &#8211; prisitaiko prie j\u016bs\u0173 poreiki\u0173 ir u\u017etikrina auk\u0161\u010diausio lygio na\u0161um\u0105. Tai ne tik \u0161akotuvas, tai &#8211; jungiamumo j\u0117gain\u0117.  <\/p>\n\n<h3 class=\"wp-block-heading\">I\u0161vados: Pagerinkite savo ry\u0161io patirt\u012f<\/h3>\n\n<p>&#8220;DroiX NH8 Hub&#8221; yra daugiau nei tik ry\u0161io priemon\u0117 &#8211; tai visapusi\u0161kas sprendimas, skirtas \u012fvairiems \u0161iuolaikini\u0173 technologij\u0173 i\u0161manan\u010di\u0173 naudotoj\u0173 poreikiams tenkinti. Kiekviena funkcija atspindi puik\u0173 dizain\u0105, i\u0161skirtin\u012f na\u0161um\u0105 ir pa\u017eang\u0173 po\u017ei\u016br\u012f \u012f ry\u0161\u012f. Pagerinkite savo patirt\u012f ir pakeiskite ry\u0161io b\u016bd\u0105 naudodami &#8220;DroiX NH8 Hub&#8221;!  <\/p>\n\n<p>Daugiau informacijos rasite &#8221; <strong>Droix NH8&#8243; USB \u0161akotuvo naudojimo prad\u017eios<\/strong> vadove.<\/p>\n\n<p><\/p>\n","protected":false},"excerpt":{"rendered":"<ul>\n<li>&#8220;DroiX<strong> NH8 <\/strong>&#8221; USB \u0161akotuvas su &#8220;NVMe<\/li>\n<li><strong>10\/100\/1000M<\/strong> Gigabit Ethernet<\/li>\n<li><strong>Integruotas PCIe NVMe lizdas<\/strong> saugyklai pl\u0117sti<\/li>\n<li><strong>4K ekrano i\u0161vestis<\/strong> per HDMI<\/li>\n<li><strong>&#8220;MicroSD&#8221; \/ SD korteli\u0173 lizdas<\/strong> &#8211; iki 5 Gb\/s<\/li>\n<\/ul>\n[cg_accordion title=\"INFORMACIJA APMOK\u0116JIMUI\"]<\/p>\n<p>Mes naudojame naujausias mok\u0117jimo apdorojimo technologijas, kurios leid\u017eia jums greitai ir saugiai atsiskaityti debeto\/kredito kortele arba &#8220;PayPal&#8221;.[\/cg_accordion]\n[cg_accordion title=\"GARANTIJA\"]<\/p>\n<p><a href=\"https:\/\/droix.net\/\" target=\"_blank\" rel=\"nofollow noopener\">DROIX Global suteikia 2 met\u0173 garantij\u0105, kad<\/a> b\u016btum\u0117te ram\u016bs[\/cg_accordion]\n[cg_accordion title=\"KOKYB\u0116S U\u017dTIKRINIMAS IR BANDYMAI PRIE\u0160 I\u0160SIUNTIM\u0104\"]<\/p>\n<p>Auk\u0161\u010diausio lygio klient\u0173 pasitenkinimo u\u017etikrinimas: Prie\u0161 i\u0161siun\u010diant kiekvien\u0105 prietais\u0105 atliekamas grie\u017etas testavimas ir daugiapakopis kokyb\u0117s u\u017etikrinimas. M\u016bs\u0173 komanda tikrina veikim\u0105, funkcionalum\u0105 ir komponent\u0173 vientisum\u0105, kad u\u017etikrintume, jog j\u016bs\u0173 GPD prietaisas bus visi\u0161kai tvarkingas, o j\u016bs gal\u0117site b\u016bti ram\u016bs ir tikri. [\/cg_accordion]\n[cg_accordion title=\"KAINOS, MOKES\u010cIAI IR PRISTATYMAS\"]<\/p>\n<p><strong><u>Pastaba:<\/u><\/strong><\/p>\n<ul>\n<li>Jungtini\u0173 Amerikos Valstij\u0173 klientai: \u012e rodom\u0105 kain\u0105 N\u0116RA \u012fskai\u010diuoti mokes\u010diai ir muitai. Atsakomyb\u0117 i\u0161muitinti muitin\u0119 ir sumok\u0117ti visus susijusius mokes\u010dius ir muitus tenka klientui. <\/li>\n<li>ES klientai: \u012e nurodyt\u0105 kain\u0105 \u012fskai\u010diuoti taikomi mokes\u010diai, kurie, priklausomai nuo j\u016bs\u0173 \u0161alies, gali siekti iki 25 %.<\/li>\n<li>Kanados klientai: \u012e nurodyt\u0105 kain\u0105 \u012fskai\u010diuoti taikomi mokes\u010diai, kurie, priklausomai nuo j\u016bs\u0173 provincijos, gali apimti 5 % GPM ir papildomus provincijos pardavimo mokes\u010dius (PST), suderint\u0105 pardavimo mokest\u012f (HST) arba Kvebeko pardavimo mokest\u012f (QST).<\/li>\n<\/ul>\n<p><strong>TIK ES klientams:<\/strong> Express DDP (pristatoma sumok\u0117jus muit\u0105). Tai rei\u0161kia: <\/p>\n<ul>\n<li>Visi muitai ir mokes\u010diai \u012fskai\u010diuoti \u012f produkto puslapyje nurodyt\u0105 kain\u0105.<\/li>\n<li>Pristatymo metu jums nereik\u0117s mok\u0117ti joki\u0173 papildom\u0173 mokes\u010di\u0173.<\/li>\n<li>Retais atvejais, kai kyla su muitine susijusi\u0173 problem\u0173, m\u016bs\u0173 komanda pasir\u016bpins muitin\u0117s formalumais j\u016bs\u0173 vardu, kad b\u016bt\u0173 u\u017etikrintas sklandus pristatymas.<\/li>\n<p>Svarbi informacija apie gr\u0105\u017einim\u0105:<\/p>\n<li>Jei nuspr\u0119site gr\u0105\u017einti u\u017esakym\u0105 arba pra\u0161ysite gr\u0105\u017einti pinigus, tur\u0117kite omenyje, kad mokes\u010diai ir muitai, sumok\u0117ti u\u017e jus pagal DDP s\u0105lygas, negali b\u016bti gr\u0105\u017einami.<\/li>\n<p>I\u0161samesn\u0117s informacijos rasite m\u016bs\u0173 <a href=\"https:\/\/droix.net\/terms-and-conditions\/\" target=\"_blank\" rel=\"nofollow noopener\">s\u0105lygose ir nuostatose<\/a>.\n<\/ul>\n<p>[\/cg_accordion]\n[cg_accordion title=\"KLIENT\u0172 APTARNAVIMAS\"]<\/p>\n<p>Turite klausim\u0105? U\u017etenka para\u0161yti trump\u0105j\u0105 \u017einut\u0119 ir j\u016bs\u0173 klausimas bus i\u0161spr\u0119stas! <\/p>\n<p>I\u0161samesn\u0117s informacijos rasite m\u016bs\u0173 <a href=\"https:\/\/gpdstore.net\/lt\/terms-of-service\/\" target=\"_blank\" rel=\"nofollow noopener\">s\u0105lygose ir nuostatose<\/a>.\n<\/ul>\n<p>[\/cg_accordion]\n[cg_accordion title=\"KAS \u012eTRAUKTA\"]<\/p>\n<ul>\n<li>1x &#8220;DroiX NH8&#8221; USB \u0161akotuvas su &#8220;NVMe<\/li>\n<\/ul>\n<p>[\/cg_accordion]\n","protected":false},"featured_media":76653,"template":"","meta":{"_acf_changed":false},"product_brand":[],"product_cat":[5396],"product_tag":[14807,5974],"woo-feed-brand":[5456],"class_list":{"0":"post-76647","1":"product","2":"type-product","3":"status-publish","4":"has-post-thumbnail","6":"product_cat-priedai","7":"product_tag-40xmsale-lt","8":"product_tag-droix-hub-lt","9":"product_shipping_class-low-end","10":"pa_brand-droix","11":"pa_i-o-video-1x-hdmi-lt","12":"woo-feed-brand-droix-lt","14":"first","15":"outofstock","16":"sale","17":"taxable","18":"shipping-taxable","19":"purchasable","20":"product-type-variable","21":"has-default-attributes"},"acf":[],"aioseo_notices":[],"_links":{"self":[{"href":"https:\/\/gpdstore.net\/lt\/wp-json\/wp\/v2\/product\/76647","targetHints":{"allow":["GET"]}}],"collection":[{"href":"https:\/\/gpdstore.net\/lt\/wp-json\/wp\/v2\/product"}],"about":[{"href":"https:\/\/gpdstore.net\/lt\/wp-json\/wp\/v2\/types\/product"}],"wp:featuredmedia":[{"embeddable":true,"href":"https:\/\/gpdstore.net\/lt\/wp-json\/wp\/v2\/media\/76653"}],"wp:attachment":[{"href":"https:\/\/gpdstore.net\/lt\/wp-json\/wp\/v2\/media?parent=76647"}],"wp:term":[{"taxonomy":"product_brand","embeddable":true,"href":"https:\/\/gpdstore.net\/lt\/wp-json\/wp\/v2\/product_brand?post=76647"},{"taxonomy":"product_cat","embeddable":true,"href":"https:\/\/gpdstore.net\/lt\/wp-json\/wp\/v2\/product_cat?post=76647"},{"taxonomy":"product_tag","embeddable":true,"href":"https:\/\/gpdstore.net\/lt\/wp-json\/wp\/v2\/product_tag?post=76647"},{"taxonomy":"woo-feed-brand","embeddable":true,"href":"https:\/\/gpdstore.net\/lt\/wp-json\/wp\/v2\/woo-feed-brand?post=76647"}],"curies":[{"name":"wp","href":"https:\/\/api.w.org\/{rel}","templated":true}]}}