{"id":68030,"date":"2024-05-17T08:24:33","date_gmt":"2024-05-17T08:24:33","guid":{"rendered":"https:\/\/gpdstore.net\/be-kategorijos\/gpd-g1-2023-egpu-prijungimo-stotele\/"},"modified":"2025-12-23T10:18:23","modified_gmt":"2025-12-23T10:18:23","slug":"gpd-g1-2023-egpu-docking-station","status":"publish","type":"product","link":"https:\/\/gpdstore.net\/lt\/product\/gpd-g1-2023-egpu-docking-station\/","title":{"rendered":"GPD G1 (2023) &#8220;eGPU&#8221; prijungimo stotis"},"content":{"rendered":"\n<h3 class=\"wp-block-heading\">Pristatome GPD G1: prijungimo stotel\u0117 su i\u0161oriniu GPU<\/h3>\n\n<p>Atverkite puiki\u0105 \u017eaidim\u0173 patirt\u012f su novatori\u0161ka GPD G1 prijungimo stotimi. \u0160is naujovi\u0161kas \u012frenginys, sukurtas siekiant pagerinti j\u016bs\u0173 \u017eaidim\u0173 na\u0161um\u0105, yra suderinamas su b\u016bsimais &#8220;Oculink&#8221; palaikomais GPD WIN MAX 2 2023, GPD Mini ir atnaujintais GPD WIN 4 2023. &#8220;Oculink&#8221; ir USB 4.0 suderinamumas, GPD G1 suteikia universalumo ir patogumo j\u016bs\u0173 \u017eaidim\u0173 s\u0105rankai.<\/p>\n\n<h3 class=\"wp-block-heading\">Galingas grafinis procesorius<\/h3>\n\n<p>GPD G1 doko stoties pagrind\u0105 sudaro AMD Radeon RX 7600M XT GPU, kuriame naudojama naujausia RDNA 3.0 architekt\u016bra. \u0160is i\u0161orinis GPU su &#8220;Oculink&#8221; jungtimi u\u017etikrina nuostab\u0173 vaizd\u0105 ir i\u0161skirtin\u012f na\u0161um\u0105. Nesvarbu, ar tyrin\u0117jate erdvius pasaulius, ar m\u016b\u0161io \u012fkar\u0161tyje, GPD G1 u\u017etikrina, kad kiekviena detal\u0117 b\u016bt\u0173 atkurta tiksliai. Tur\u0117damas 1500 MHz bazin\u012f taktin\u012f da\u017en\u012f, 2300 MHz \u017eaidimo taktin\u012f da\u017en\u012f ir 2615 MHz &#8220;boost&#8221; taktin\u012f da\u017en\u012f, GPD G1 u\u017etikrina reikiam\u0105 gali\u0105, kad dominuotum\u0117te bet kuriame \u017eaidime.<\/p>\n\n<h3 class=\"wp-block-heading\">Sklandus ir jautrus \u017eaidimas<\/h3>\n\n<p>GPD G1 turi 8 GB GDDR6 operatyviosios atminties, tod\u0117l galima skland\u017eiai atlikti kelias u\u017eduotis ir \u017eaisti skland\u017eiai. 2250 MHz atminties taktinis da\u017enis u\u017etikrina greit\u0105 \u012fkrovimo laik\u0105 ir minimal\u0173 atsilikim\u0105. Atsisveikinkite su u\u017estrigusiu kadr\u0173 da\u017eniu ir m\u0117gaukit\u0117s nepertraukiamomis \u017eaidim\u0173 sesijomis. D\u0117l USB 4.0 palaikymo GPD G1 atitinka j\u016bs\u0173 \u017eaidim\u0173 poreikius ir u\u017etikrina auk\u0161\u010diausio lygio na\u0161um\u0105 j\u016bs\u0173 m\u0117gstamiausiems \u017eaidimams.<\/p>\n\n<h3 class=\"wp-block-heading\">I\u0161laisvinkite ry\u0161\u012f<\/h3>\n\n<p>&#8220;GPD G1 Dock&#8221; turi pla\u010dias prijungimo galimybes su &#8220;Oculink&#8221; (SFF-8612) ir &#8220;USB 4&#8221; prievadais, u\u017etikrinan\u010diais suderinamum\u0105 su \u012fvairiais \u012frenginiais, \u012fskaitant &#8220;Thunderbolt 3&#8221; ir &#8220;Thunderbolt 4&#8221;. Lengvai prijunkite GPD WIN MAX 2 2023, GPD Mini arba atnaujint\u0105 GPD WIN 4 per &#8220;Oculink&#8221; ir m\u0117gaukit\u0117s patobulintais \u017eaidimais. GPD G1 taip pat palaiko &#8220;USB 4&#8221;, tod\u0117l \u012fvairiose sistemose galima patobulinti grafik\u0105.<\/p>\n\n<h3 class=\"wp-block-heading\">I\u0161pl\u0117skite savo vizualinius horizontus<\/h3>\n\n<p>I\u0161pl\u0117skite savo vaizdo s\u0105rank\u0105, naudodami GPD G1 vaizdo prievad\u0173 asortiment\u0105. Tur\u0117dami HDMI 2.1 prievad\u0105 ir du &#8220;DisplayPort 1.4a&#8221; prievadus, galite prijungti iki trij\u0173 i\u0161orini\u0173 ekran\u0173 ir m\u0117gautis panoraminiais \u017eaidimais. Pasinerkite \u012f veiksm\u0105 su GPD G1 eGPU, kad \u017eaidimai atgyt\u0173 nepakartojamu tikrovi\u0161kumu.<\/p>\n\n<h3 class=\"wp-block-heading\">Sklandus duomen\u0173 perdavimas<\/h3>\n\n<p>GPD G1 doko stotel\u0117je yra trys USB 3.2 prievadai, prie kuri\u0173 galima lengvai prijungti periferinius \u012frenginius, kad j\u016bs\u0173 \u017eaidim\u0173 s\u0105ranka b\u016bt\u0173 tvarkinga. SD 4.0 prievadas leid\u017eia greitai perkelti failus ir pasiekti medij\u0105. Prijunkite prie USB4 pagrindinio \u012frenginio ir padidinkite duomen\u0173 perdavimo greit\u012f.<\/p>\n\n<h3 class=\"wp-block-heading\">Efektyvus au\u0161inimas, u\u017etikrinantis maksimal\u0173 na\u0161um\u0105<\/h3>\n\n<p>GPD G1 aktyvi au\u0161inimo sistema veiksmingai i\u0161sklaido \u0161ilum\u0105 ir u\u017etikrina stabili\u0105 GPU temperat\u016br\u0105 intensyvi\u0173 \u017eaidim\u0173 sesij\u0173 metu. Atsisveikinkite su perkaitimu ir m\u0117gaukit\u0117s nepertraukiamu \u017eaidimu, nes oro au\u0161inimo mechanizmas u\u017etikrina optimal\u0173 sistemos veikim\u0105.<\/p>\n\n<h3 class=\"wp-block-heading\">Nekompromisinis maitinimo \u0161altinis<\/h3>\n\n<p>GPD G1 prijungimo stotyje \u012fmontuotas 240 W &#8220;GaN&#8221; maitinimo \u0161altinis, u\u017etikrinantis patikim\u0105 j\u016bs\u0173 GPU maitinim\u0105. GPD G1, kurio bendra grafikos galia yra 120 W, optimizuotas didelio na\u0161umo \u017eaidimams, greitai ir tiksliai atvaizduoja grafik\u0105.<\/p>\n\n<h3 class=\"wp-block-heading\">Kompakti\u0161kas dizainas, didelis na\u0161umas<\/h3>\n\n<p>Nepaisant kompakti\u0161k\u0173 matmen\u0173 (225 \u00d7 111 \u00d7 30 mm) ir nedidelio svorio (0,92 kg), GPD G1 pasi\u017eymi dideliu na\u0161umu. GPD G1 yra ne\u0161iojamasis galingasis \u012frenginys, skirtas visiems \u017eaidim\u0173 entuziastams, nesvarbu, ar j\u012f naudojate namuose, ar keliaujate, ar dalyvaujate \u017eaidim\u0173 renginiuose.<\/p>\n\n<h3 class=\"wp-block-heading\">I\u0161vada<\/h3>\n\n<p>&#8220;GPD G1 eGPU&#8221; prijungimo stotel\u0117 yra geriausias priedas \u017eaid\u0117jams, ie\u0161kantiems galios, universalumo ir patogumo. \u0160i prijungimo stotel\u0117 suderinama su b\u016bsimais GPD WIN MAX 2 2023, GPD Mini ir atnaujintais GPD WIN 4, taip pat palaiko Oculink ir USB 4.0, tod\u0117l u\u017etikrina neprilygstam\u0105 jungiamum\u0105. &#8220;AMD Radeon RX 7600M XT&#8221; GPU u\u017etikrina kvap\u0105 gniau\u017eiant\u012f vaizd\u0105 ir na\u0161um\u0105, o 8 GB GDDR6 operatyviosios atminties u\u017etikrina skland\u0173 ir operatyv\u0173 \u017eaidim\u0105. I\u0161pl\u0117skite vaizdo s\u0105rank\u0105, m\u0117gaukit\u0117s skland\u017eiu duomen\u0173 perdavimu ir naudokit\u0117s efektyviu au\u0161inimu bei patikimu maitinimo \u0161altiniu. Pagerinkite savo \u017eaidim\u0173 patirt\u012f naudodami GPD G1 prijungimo stotel\u0119.<\/p>\n\n<h3 class=\"wp-block-heading\">Privalumai ir tr\u016bkumai<\/h3>\n\n<p><strong>Privalumai:<\/strong><\/p>\n\n<ul class=\"wp-block-list\">\n<li><strong>Universalus suderinamumas:<\/strong> Palaiko GPD WIN MAX 2 2024, GPD Mini 2024, atnaujintas GPD WIN 4 2023 ir Win 4 2024 bei USB 4 \u012frenginius, tod\u0117l galima patobulinti grafik\u0105 keliose sistemose.<\/li>\n\n\n\n<li><strong>Galingas grafikos na\u0161umas:<\/strong> AMD Radeon RX 7600M XT GPU su RDNA 3.0 architekt\u016bra, u\u017etikrinanti i\u0161skirtin\u0119 grafik\u0105 ir skland\u0173 \u017eaidim\u0105.<\/li>\n\n\n\n<li><strong>I\u0161pl\u0117\u010diama vaizdin\u0117 s\u0105ranka:<\/strong> Daugyb\u0117 grafikos ir vaizdo prievad\u0173, \u012fskaitant HDMI 2.1 ir DP 1.4a, leid\u017eia prijungti iki trij\u0173 i\u0161orini\u0173 ekran\u0173, kad gal\u0117tum\u0117te m\u0117gautis \u012fsp\u016bdingais \u017eaidimais.<\/li>\n\n\n\n<li><strong>Efektyvi au\u0161inimo sistema:<\/strong> Aktyvus au\u0161inimo mechanizmas apsaugo nuo perkaitimo, u\u017etikrindamas optimal\u0173 veikim\u0105 ilgesni\u0173 \u017eaidim\u0173 sesij\u0173 metu.<\/li>\n\n\n\n<li><strong>Ne\u0161iojamas ir kompakti\u0161kas dizainas:<\/strong> Kompakti\u0161k\u0173 matmen\u0173 ir lengvos konstrukcijos d\u0117ka jis yra labai mobilus, idealiai tinka keliaujantiems \u017eaid\u0117jams.<\/li>\n<\/ul>\n\n<p><strong>Tr\u016bkumai :<\/strong><\/p>\n\n<ul class=\"wp-block-list\">\n<li><strong>Ribotas prek\u0117s \u017eenklo suderinamumas:<\/strong> Gali b\u016bti ribotas suderinamumas su ne GPD \u012frenginiais ir \u012frenginiais, neturin\u010diais USB 4 prievad\u0173.<\/li>\n\n\n\n<li><strong>Ribotos GPU parinktys:<\/strong> Vienintel\u0117 GPU parinktis &#8211; AMD Radeon RX 7600M XT, kuri gali netenkinti vartotoj\u0173, ie\u0161kan\u010di\u0173 kitokio ar pritaikomo GPU pasirinkimo.<\/li>\n<\/ul>\n","protected":false},"excerpt":{"rendered":"<ul>\n<li>GPU: AMD Radeon\u2122<strong> RX 7600M XT<\/strong> eGPU<\/li>\n<li>DERINAMUMAS:<strong> OCuLink, USB 4, Thunderbolt 3 ir 4<\/strong><\/li>\n<li>OCULINK:<strong> PCI Express jungtis<\/strong><\/li>\n<li>USB 4:<strong> iki 40 Gb\/s<\/strong><\/li>\n<li>GPD OCULINK PRIETAISAI: <strong>WIN 4 2023<\/strong>,<strong> WIN MAX 2 2023<\/strong> ir<strong> WIN Mini<\/strong><\/li>\n<\/ul>\n[cg_accordion title=\"INFORMACIJA APMOK\u0116JIMUI\"]<\/p>\n<p>Mes naudojame naujausias mok\u0117jimo apdorojimo technologijas, kurios leid\u017eia jums greitai ir saugiai atsiskaityti debeto\/kredito kortele arba &#8220;PayPal&#8221;.[\/cg_accordion]\n[cg_accordion title=\"GARANTIJA\"]<\/p>\n<p><a href=\"https:\/\/droix.net\/\" target=\"_blank\" rel=\"nofollow noopener\">DROIX Global suteikia 2 met\u0173 garantij\u0105, kad<\/a> b\u016btum\u0117te ram\u016bs[\/cg_accordion]\n[cg_accordion title=\"KAINOS, MOKES\u010cIAI IR PRISTATYMAS\"]<\/p>\n<p><strong><u>Pastaba:<\/u><\/strong><\/p>\n<ul>\n<li>Jungtini\u0173 Amerikos Valstij\u0173 klientai: \u012e rodom\u0105 kain\u0105 N\u0116RA \u012fskai\u010diuoti mokes\u010diai ir muitai. Atsakomyb\u0117 i\u0161muitinti muitin\u0119 ir sumok\u0117ti visus susijusius mokes\u010dius ir muitus tenka klientui. <\/li>\n<li>ES klientai: \u012e nurodyt\u0105 kain\u0105 \u012fskai\u010diuoti taikomi mokes\u010diai, kurie, priklausomai nuo j\u016bs\u0173 \u0161alies, gali siekti iki 25 %.<\/li>\n<li>Kanados klientai: \u012e nurodyt\u0105 kain\u0105 \u012fskai\u010diuoti taikomi mokes\u010diai, kurie, priklausomai nuo j\u016bs\u0173 provincijos, gali apimti 5 % GPM ir papildomus provincijos pardavimo mokes\u010dius (PST), suderint\u0105 pardavimo mokest\u012f (HST) arba Kvebeko pardavimo mokest\u012f (QST).<\/li>\n<\/ul>\n<p><strong>TIK ES klientams:<\/strong> Express DDP (pristatoma sumok\u0117jus muit\u0105). Tai rei\u0161kia: <\/p>\n<ul>\n<li>Visi muitai ir mokes\u010diai \u012fskai\u010diuoti \u012f produkto puslapyje nurodyt\u0105 kain\u0105.<\/li>\n<li>Pristatymo metu jums nereik\u0117s mok\u0117ti joki\u0173 papildom\u0173 mokes\u010di\u0173.<\/li>\n<li>Retais atvejais, kai kyla su muitine susijusi\u0173 problem\u0173, m\u016bs\u0173 komanda pasir\u016bpins muitin\u0117s formalumais j\u016bs\u0173 vardu, kad b\u016bt\u0173 u\u017etikrintas sklandus pristatymas.<\/li>\n<p>Svarbi informacija apie gr\u0105\u017einim\u0105:<\/p>\n<li>Jei nuspr\u0119site gr\u0105\u017einti u\u017esakym\u0105 arba pra\u0161ysite gr\u0105\u017einti pinigus, tur\u0117kite omenyje, kad mokes\u010diai ir muitai, sumok\u0117ti u\u017e jus pagal DDP s\u0105lygas, negali b\u016bti gr\u0105\u017einami.<\/li>\n<p>I\u0161samesn\u0117s informacijos rasite m\u016bs\u0173 <a href=\"https:\/\/droix.net\/terms-and-conditions\/\" target=\"_blank\" rel=\"nofollow noopener\">s\u0105lygose ir nuostatose<\/a>.\n<\/ul>\n<p>[\/cg_accordion]\n[cg_accordion title=\"KLIENT\u0172 APTARNAVIMAS\"]<\/p>\n<p>Turite klausim\u0105? U\u017etenka para\u0161yti trump\u0105j\u0105 \u017einut\u0119 ir j\u016bs\u0173 klausimas bus i\u0161spr\u0119stas! [\/cg_accordion]\n<p>I\u0161samesn\u0117s informacijos rasite m\u016bs\u0173 <a href=\"https:\/\/gpdstore.net\/lt\/terms-of-service\/\" target=\"_blank\" rel=\"nofollow noopener\">s\u0105lygose ir nuostatose<\/a>.\n<\/ul>\n<p>[\/]<\/p>\n[cg_accordion title=\"KAS \u012eTRAUKTA\"]<\/p>\n<ul>\n<li>1x GPD G1 2023<\/li>\n<li>1x maitinimo adapteris<\/li>\n<li>1x C tipo USB kabelis<\/li>\n<li>1x naudotojo vadovas<\/li>\n<\/ul>\n<p>[\/cg_accordion]\n","protected":false},"featured_media":68361,"template":"","meta":{"_acf_changed":false},"product_brand":[],"product_cat":[5396],"product_tag":[11878,5769],"woo-feed-brand":[5770],"class_list":{"0":"post-68030","1":"product","2":"type-product","3":"status-publish","4":"has-post-thumbnail","6":"product_cat-priedai","7":"product_tag-10bfsale-lt","8":"product_tag-gpd-g1-lt","9":"product_shipping_class-premium","10":"pa_brand-biwin","11":"pa_brand-droix","12":"pa_brand-gpd","13":"pa_brand-gulikit","14":"pa_graphics-gpu-model-radeon-rx-7600m-xt-lt","15":"pa_i-o-video-1x-oculink-lt","16":"pa_i-o-video-per-1x-usb-4-0-type-c-40gb-s","17":"woo-feed-brand-gpd-lt","19":"first","20":"outofstock","21":"sale","22":"taxable","23":"shipping-taxable","24":"purchasable","25":"product-type-variable","26":"has-default-attributes"},"acf":[],"aioseo_notices":[],"_links":{"self":[{"href":"https:\/\/gpdstore.net\/lt\/wp-json\/wp\/v2\/product\/68030","targetHints":{"allow":["GET"]}}],"collection":[{"href":"https:\/\/gpdstore.net\/lt\/wp-json\/wp\/v2\/product"}],"about":[{"href":"https:\/\/gpdstore.net\/lt\/wp-json\/wp\/v2\/types\/product"}],"wp:featuredmedia":[{"embeddable":true,"href":"https:\/\/gpdstore.net\/lt\/wp-json\/wp\/v2\/media\/68361"}],"wp:attachment":[{"href":"https:\/\/gpdstore.net\/lt\/wp-json\/wp\/v2\/media?parent=68030"}],"wp:term":[{"taxonomy":"product_brand","embeddable":true,"href":"https:\/\/gpdstore.net\/lt\/wp-json\/wp\/v2\/product_brand?post=68030"},{"taxonomy":"product_cat","embeddable":true,"href":"https:\/\/gpdstore.net\/lt\/wp-json\/wp\/v2\/product_cat?post=68030"},{"taxonomy":"product_tag","embeddable":true,"href":"https:\/\/gpdstore.net\/lt\/wp-json\/wp\/v2\/product_tag?post=68030"},{"taxonomy":"woo-feed-brand","embeddable":true,"href":"https:\/\/gpdstore.net\/lt\/wp-json\/wp\/v2\/woo-feed-brand?post=68030"}],"curies":[{"name":"wp","href":"https:\/\/api.w.org\/{rel}","templated":true}]}}