{"id":61546,"date":"2024-07-12T09:49:06","date_gmt":"2024-07-12T09:49:06","guid":{"rendered":"https:\/\/gpdstore.net\/be-kategorijos\/156%e2%80%b3-4k-nesiojamasis-monitorius-su-adobe-rgb\/"},"modified":"2025-12-23T10:15:42","modified_gmt":"2025-12-23T10:15:42","slug":"15-6-4k-portable-monitor-with-adobe-rgb","status":"publish","type":"product","link":"https:\/\/gpdstore.net\/lt\/product\/15-6-4k-portable-monitor-with-adobe-rgb\/","title":{"rendered":"15,6\u2033 4K ne\u0161iojamasis monitorius su &#8220;Adobe RGB"},"content":{"rendered":"\n<p>Pristatome 15,6 coli\u0173 4K ne\u0161iojam\u0105j\u012f monitori\u0173 S23B-5: pa\u017eangiausi itin didel\u0117s rai\u0161kos mobilieji ekranai<\/p>\n\n<p>Ie\u0161kote ne\u0161iojamojo monitoriaus, kuris u\u017etikrint\u0173 i\u0161skirtin\u012f vaizd\u0105 ir na\u0161um\u0105 keliaujant? Susipa\u017einkite su 4K ne\u0161iojamuoju monitoriumi S23B-5. \u0160is pa\u017eangus prietaisas suteikia galimyb\u0119 naudotis itin didel\u0117s rai\u0161kos mobiliaisiais ekranais ir u\u017etikrina stulbinant\u012f 4K UHD rai\u0161kum\u0105 ir tikslum\u0105. Nesvarbu, ar esate \u017eaid\u0117jas, profesionalus vaizdo \u012fra\u0161\u0173 redaktorius, grafikos dizaineris, ar mobiliojo darbo entuziastas, \u0161is didel\u0117s skiriamosios gebos ne\u0161iojamasis monitorius yra puikus j\u016bs\u0173 kompanionas.<\/p>\n\n<p>\u012etraukianti vizualin\u0117 patirtis su 4K UHD kelioniniais monitoriais Pasiruo\u0161kite, kad S23B-5 jus su\u017eav\u0117s \u012ftraukian\u010dia vizualine patirtimi. \u0160is prietaisas turi 15,6 coli\u0173 jutiklin\u012f monitori\u0173, 4K UHD ekran\u0105, kuriame turinys atgyja itin detaliai ir ry\u0161kiomis spalvomis. D\u0117l 3840 x 2160 rai\u0161kos ir 10 bit\u0173 spalv\u0173 gylio kiekvienas vaizdas ir vaizdo \u012fra\u0161as \u0161iame 4K ne\u0161iojamajame ekrane perteikiamas stulbinamai ai\u0161kiai, tod\u0117l n\u0117 viena detal\u0117 nelieka nepasteb\u0117ta. Nesvarbu, ar \u017ei\u016brite filmus, \u017eaid\u017eiate \u017eaidimus, ar redaguojate nuotraukas ir vaizdo \u012fra\u0161us, S23B-5 u\u017etikrina puik\u0173 vaizd\u0105.<\/p>\n\n<p>Eleganti\u0161kas ir jautrus talpinis 10 ta\u0161k\u0173 jutiklinis ekranas S\u0105veikauti su S23B-5 yra malonu d\u0117l talpinio 10 ta\u0161k\u0173 jutiklinio ekrano. \u0160is ne\u0161iojamasis monitorius turi G+G visi\u0161kai laminuot\u0105 jutiklin\u012f ekran\u0105, tod\u0117l jo lietimui jautrus atsakas yra sklandus ir tikslus, tod\u0117l juo galima skland\u017eiai nar\u0161yti po meniu, valdyti programas ir vykdyti komandas. Nesvarbu, ar priartinate nuotraukas, ar slenkate interneto puslapius, ar kuriate sud\u0117tingus dizainus, jutiklinis ekranas S23B-5 u\u017etikrina greit\u0105 reakcij\u0105 ir tikslum\u0105, kad padidintum\u0117te produktyvum\u0105 ir k\u016brybi\u0161kum\u0105.<\/p>\n\n<p>I\u0161laisvinkite savo k\u016brybi\u0161kum\u0105 keliaudami S23B-5 sukurtas k\u016brybos profesionalams, jis yra geriausias vaizdo \u012fra\u0161\u0173 redagavimo, grafinio dizaino ir nuotrauk\u0173 redagavimo kompanionas. \u0160is ne\u0161iojamasis monitorius 100 % apr\u0117pia &#8220;Adobe RGB&#8221; spalv\u0173 erdv\u0119, tod\u0117l u\u017etikrina tikrovi\u0161kas spalvas, kad b\u016bt\u0173 galima tiksliai reguliuoti spalvas ir pasiekti stulbinam\u0173 rezultat\u0173. Didel\u0117s skiriamosios gebos ekranas ir 10 bit\u0173 spalv\u0173 gylis leid\u017eia dirbti su sud\u0117tingomis detal\u0117mis ir pasiekti vizualin\u012f tikslum\u0105, b\u016btin\u0105 profesionaliam k\u016brybiniam darbui.<\/p>\n\n<p>S23B-5 u\u017etikrina vientis\u0105 ry\u0161\u012f ir didesn\u012f universalum\u0105 S23B-5 ry\u0161ys yra lengvas. \u0160iame 4K UHD kelioniniame monitoriuje yra HD mini prievadas, C tipo prievadai vaizdo duomen\u0173 perdavimui ir maitinimui, ausini\u0173 prievadas (3,5 mm) ir &#8220;Micro-USB&#8221; prievadas periferiniams \u012frenginiams, pvz., klaviat\u016broms ir pel\u0117ms, prijungti. Nesvarbu, ar prijungtum\u0117te i\u0161man\u0173j\u012f telefon\u0105, ne\u0161iojam\u0105j\u012f kompiuter\u012f, &#8220;PlayStation&#8221;, &#8220;Xbox&#8221; ar kitus suderinamus \u012frenginius, S23B-5 u\u017etikrina suderinamum\u0105, i\u0161ple\u010dia ekrano erdv\u0119 ir padidina produktyvum\u0105 ar \u017eaidim\u0173 patirt\u012f, kad ir kur b\u016btum\u0117te.  <\/p>\n\n<p>Integruotas akumuliatorius nepertraukiamam naudojimui S23B-5 yra ne tik galingas ir universalus, bet ir ne\u012ftik\u0117tinai patogus d\u0117l integruoto 10000 mAh polimerinio akumuliatoriaus. M\u0117gaukit\u0117s nepertraukiamu naudojimusi keliaudami, dalyvaudami susitikimuose ar dirbdami nuotoliniu b\u016bdu. Ilgai veikiantis akumuliatorius suteikia laisv\u0119 dirbti, \u017eaisti ar kurti nesir\u016bpinant d\u0117l maitinimo. B\u016bkite produktyv\u016bs ir linksmi keliaudami.<\/p>\n\n<p>Auk\u0161\u010diausios kokyb\u0117s surinkimo kokyb\u0117 ir ne\u0161iojamas dizainas S23B-5 pagamintas i\u0161 auk\u0161tos kokyb\u0117s aliuminio lydinio, tod\u0117l yra patvarus ir pasi\u017eymi auk\u0161\u010diausios kokyb\u0117s i\u0161vaizda. Eleganti\u0161ko ir plono dizaino, vos 357 x 223 x 9 mm dyd\u017eio ir 1300 g svorio \u012frenginys yra labai mobilus ir lengvai ne\u0161iojamas rankin\u0117je ar kuprin\u0117je. S23B-5 sukurtas taip, kad b\u016bt\u0173 patikimas j\u016bs\u0173 kompanionas, nesvarbu, kur beb\u016btum\u0117te, nesuma\u017eint\u0173 produktyvumo ar pramog\u0173.<\/p>\n\n<p>\u012etraukianti garso patirtis S23B-5 u\u017etikrina ne tik nuostab\u0173 vaizd\u0105, bet ir \u012ftraukian\u010di\u0105 garso patirt\u012f su dviem 1,0 W garsiakalbiais. M\u0117gaukit\u0117s ry\u0161kiu ir ai\u0161kiu garsu filmuose, \u017eaidimuose ar daugialyp\u0117s terp\u0117s veikloje. Nesvarbu, ar dalyvaujate vaizdo konferencijoje, ar klausot\u0117s muzikos, ar \u017ei\u016brite laidas, S23B-5 sustiprina j\u016bs\u0173 jutimin\u0119 patirt\u012f, tod\u0117l ji tampa \u012ftraukianti ir \u017eavi.  <\/p>\n\n<p>Didesnis \u017ei\u016br\u0117jimo patogumas J\u016bs\u0173 patogumas svarbus, ypa\u010d ilgai b\u016bnant ekrane. S23B-5 u\u017etikrina optimal\u0173 \u017ei\u016br\u0117jimo komfort\u0105 d\u0117l pla\u010di\u0173 \u017ei\u016br\u0117jimo kamp\u0173 ir reguliuojam\u0173 nustatym\u0173. 85 laipsni\u0173 \u017ei\u016br\u0117jimo kampas visomis kryptimis (U\/D\/L\/R) leid\u017eia m\u0117gautis ai\u0161kiu vaizdu ir ry\u0161kiomis spalvomis i\u0161 \u012fvairi\u0173 perspektyv\u0173. Nesvarbu, ar bendradarbiaujate, dalijat\u0117s turiniu, ar reguliuojate monitori\u0173 pagal pageidaujam\u0105 \u017ei\u016br\u0117jimo pad\u0117t\u012f, S23B-5 u\u017etikrina patog\u0173 ir ilgalaik\u012f naudojim\u0105 be aki\u0173 \u012ftampos ar laikysenos sutrikim\u0173.<\/p>\n\n<p>Idealiai tinka \u017eaidim\u0173 entuziastams \u017daidim\u0173 entuziastams S23B-5 yra geriausias 4K ne\u0161iojamasis \u017eaidim\u0173 monitorius. \u0160is monitorius pasi\u017eymi 4K UHD rai\u0161ka, precizi\u0161ku spalv\u0173 tikslumu ir greitu 25 ms atsako laiku, tod\u0117l u\u017etikrina neprilygstam\u0105 \u017eaidim\u0173 patirt\u012f. Pasinerkite \u012f tikrovi\u0161k\u0105 grafik\u0105, sodrias spalvas ir ry\u0161kias detales, kurios pagerina j\u016bs\u0173 \u017eaidim\u0173 nuotykius. S23B-5 u\u017etikrina, kad kiekvienas kadras b\u016bt\u0173 ai\u0161kus, tod\u0117l galima greitai reaguoti ir \u012fgyti konkurencin\u012f prana\u0161um\u0105 greitai vykstan\u010diuose veiksmo \u017eaidimuose, \u012ftraukian\u010diuose RPG ar vizualiai nuostabiuose pasauliuose.<\/p>\n\n<p>Didinkite produktyvum\u0105 keliaudami S23B-5 &#8211; tai ne tik pramogos ir \u017eaidimai, bet ir produktyvumo \u012frankis. Nesvarbu, ar esate skaitmeninis klajoklis, studentas, ar specialistas, kuriam reikia ne\u0161iojamosios darbo vietos, \u0161is monitorius atitinka j\u016bs\u0173 poreikius. I\u0161pl\u0117skite ne\u0161iojamojo kompiuterio ar i\u0161maniojo telefono ekran\u0105, lengvai atlikite kelias u\u017eduotis ir padidinkite efektyvum\u0105 bei darbo eig\u0105. Redaguokite dokumentus, kurkite pristatymus arba analizuokite duomenis naudodami papildom\u0105 S23B-5 ekrano erdv\u0119. Didel\u0117s skiriamosios gebos ekranas ir tikslus spalv\u0173 atk\u016brimas u\u017etikrina darb\u0105 su sud\u0117tingomis detal\u0117mis ir nuoseklum\u0105 visuose \u012frenginiuose. S23B-5 yra j\u016bs\u0173 ne\u0161iojamasis produktyvumo centras, leid\u017eiantis pasiekti daugiau net ir keliaujant.<\/p>\n\n<p>I\u0161vada Apibendrinant galima teigti, kad S23B-5 4K ne\u0161iojamasis monitorius yra i\u0161skirtinis \u012frenginys, kuriuo itin didel\u0117s rai\u0161kos mobilieji ekranai pasiekiami ranka. \u0160is ne\u0161iojamasis monitorius su 4K UHD skiriam\u0105ja geba, talpiu 10 ta\u0161k\u0173 jutikliniu ekranu ir pla\u010dia spalv\u0173 gama u\u017etikrina nuostab\u0173 vaizd\u0105 ir i\u0161skirtin\u012f na\u0161um\u0105. Nesvarbu, ar esate \u017eaid\u0117jas, k\u016brybingas profesionalas, ar vertinate produktyvum\u0105 keliaudamas, S23B-5 pritaikytas j\u016bs\u0173 poreikiams. D\u0117l universali\u0173 ry\u0161io galimybi\u0173, \u012fmontuoto akumuliatoriaus ir auk\u0161\u010diausios kokyb\u0117s surinkimo jis yra i\u0161skirtinis pasirinkimas.<\/p>\n\n<p>Privalumai: \u012esp\u016bdingi vaizdai: S23B-5 si\u016blo 4K UHD ekran\u0105, pasi\u017eymint\u012f i\u0161skirtiniu spalv\u0173 tikslumu, puikiai tinkant\u012f \u017eaidimams, vaizdo \u012fra\u0161\u0173 redagavimui, grafiniam dizainui ir nuotrauk\u0173 redagavimui. Jutiklinio ekrano funkcionalumas: talpinis 10 ta\u0161k\u0173 jutiklinis ekranas u\u017etikrina greit\u0105 ir intuityvi\u0105 naudotojo patirt\u012f, leid\u017eian\u010di\u0105 lengvai nar\u0161yti ir tiksliai valdyti. Perne\u0161amumas: S23B-5 yra plonas ir lengvas, tod\u0117l j\u012f galima lengvai ne\u0161iotis keliaujant, verslo kelion\u0117se ir dirbant nuotoliniu b\u016bdu. Universalus ry\u0161ys: Kelios jungtys: HD Mini, C tipo, ausini\u0173 ir Micro-USB jungtys u\u017etikrina suderinamum\u0105 su i\u0161maniaisiais telefonais, ne\u0161iojamaisiais kompiuteriais ir \u017eaidim\u0173 konsol\u0117mis. \u012emontuotas akumuliatorius: S23B-5 turi 10000 mAh polimerin\u012f akumuliatori\u0173, tod\u0117l juo galima nepertraukiamai naudotis keliaujant, nereikia jokio maitinimo \u0161altinio.<\/p>\n\n<p>Tr\u016bkumai: ribotos dyd\u017eio parinktys: Galimi tik 15,6 coli\u0173 dyd\u017eio monitoriai, tod\u0117l gali netikti vartotojams, pageidaujantiems didesni\u0173 ar ma\u017eesni\u0173 ne\u0161iojam\u0173j\u0173 monitori\u0173. Garso i\u0161vestis: \u012emontuoti garsiakalbiai gali neatitikti i\u0161orini\u0173 garsiakalbi\u0173 ar ausini\u0173 tiems, kurie nori patirti labiau \u012ftraukian\u010di\u0105 garso patirt\u012f.<\/p>\n","protected":false},"excerpt":{"rendered":"<ul>\n<li><strong>100 % &#8220;Adobe&#8221; spalv\u0173<\/strong> gamos <strong>15,6 coli\u0173 UHD 4K<\/strong> ne\u0161iojamasis monitorius<\/li>\n<li>10 ta\u0161k\u0173 talpinis jutiklinis monitorius<\/li>\n<li>Jutiklinis ekranas, suderinamas su <strong>&#8220;MacOS<\/strong><\/li>\n<li>\u012emontuotas 10000 mAh akumuliatorius<\/li>\n<li><strong>Maitinamas per USB<\/strong>, palaiko mini-HDMI, C tipo USB<\/li>\n<\/ul>\n[cg_accordion title=\"INFORMACIJA APMOK\u0116JIMUI\"]<\/p>\n<p>Naudojame naujausias mok\u0117jimo apdorojimo technologijas, kurios leid\u017eia greitai ir saugiai atsiskaityti per &#8220;Apple Pay&#8221;, &#8220;Google Pay&#8221;, debeto \/ kredito kortel\u0119, &#8220;PayPal&#8221; arba BNPL metodus, tokius kaip &#8220;Klarna&#8221;, &#8220;Affirm&#8221; arba &#8220;AfterPay&#8221;.[\/cg_accordion]\n[cg_accordion title=\"GARANTIJA\"]<\/p>\n<p><a href=\"https:\/\/droix.net\/\" target=\"_blank\" rel=\"nofollow noopener\">DROIX Global suteikia 2 met\u0173 garantij\u0105, kad<\/a> b\u016btum\u0117te ram\u016bs[\/cg_accordion]\n[cg_accordion title=\"KAINOS, MOKES\u010cIAI IR PRISTATYMAS\"]<\/p>\n<p><strong><u>Pastaba:<\/u><\/strong><\/p>\n<ul>\n<li>Jungtini\u0173 Amerikos Valstij\u0173 klientai: \u012e rodom\u0105 kain\u0105 N\u0116RA \u012fskai\u010diuoti mokes\u010diai ir muitai. Atsakomyb\u0117 i\u0161muitinti muitin\u0119 ir sumok\u0117ti visus susijusius mokes\u010dius ir muitus tenka klientui. <\/li>\n<li>ES klientai: \u012e nurodyt\u0105 kain\u0105 \u012fskai\u010diuoti taikomi mokes\u010diai, kurie, priklausomai nuo j\u016bs\u0173 \u0161alies, gali siekti iki 25 %.<\/li>\n<li>Kanados klientai: \u012e nurodyt\u0105 kain\u0105 \u012fskai\u010diuoti taikomi mokes\u010diai, kurie, priklausomai nuo j\u016bs\u0173 provincijos, gali apimti 5 % GPM ir papildomus provincijos pardavimo mokes\u010dius (PST), suderint\u0105 pardavimo mokest\u012f (HST) arba Kvebeko pardavimo mokest\u012f (QST).<\/li>\n<\/ul>\n<p><strong>TIK ES klientams:<\/strong> Express DDP (pristatoma sumok\u0117jus muit\u0105). Tai rei\u0161kia: <\/p>\n<ul>\n<li>Visi muitai ir mokes\u010diai \u012fskai\u010diuoti \u012f produkto puslapyje nurodyt\u0105 kain\u0105.<\/li>\n<li>Pristatymo metu jums nereik\u0117s mok\u0117ti joki\u0173 papildom\u0173 mokes\u010di\u0173.<\/li>\n<li>Retais atvejais, kai kyla su muitine susijusi\u0173 problem\u0173, m\u016bs\u0173 komanda pasir\u016bpins muitin\u0117s formalumais j\u016bs\u0173 vardu, kad b\u016bt\u0173 u\u017etikrintas sklandus pristatymas.<\/li>\n<p>Svarbi informacija apie gr\u0105\u017einim\u0105:<\/p>\n<li>Jei nuspr\u0119site gr\u0105\u017einti u\u017esakym\u0105 arba pra\u0161ysite gr\u0105\u017einti pinigus, tur\u0117kite omenyje, kad mokes\u010diai ir muitai, sumok\u0117ti u\u017e jus pagal DDP s\u0105lygas, negali b\u016bti gr\u0105\u017einami.<\/li>\n<p>I\u0161samesn\u0117s informacijos rasite m\u016bs\u0173 <a href=\"https:\/\/gpdstore.net\/lt\/terms-of-service\/\" target=\"_blank\" rel=\"nofollow noopener\">s\u0105lygose ir nuostatose<\/a>.\n<\/ul>\n<p>[\/cg_accordion]\n[cg_accordion title=\"KLIENT\u0172 APTARNAVIMAS\"]<\/p>\n<p>Turite klausim\u0105? U\u017etenka para\u0161yti trump\u0105j\u0105 \u017einut\u0119 ir j\u016bs\u0173 klausimas bus i\u0161spr\u0119stas!<br \/>\n[\/cg_accordion]\n[cg_accordion title=\"KAS \u012eTRAUKTA\"]<\/p>\n<ul>\n<li>1x maitinimo ki\u0161tukas (ES \/ JAV)<\/li>\n<li>1x naudotojo vadovas<\/li>\n<\/ul>\n<p>[\/cg_accordion]\n","protected":false},"featured_media":61620,"template":"","meta":{"_acf_changed":false},"product_brand":[],"product_cat":[5452],"product_tag":[5520,5455],"woo-feed-brand":[5456],"class_list":{"0":"post-61546","1":"product","2":"type-product","3":"status-publish","4":"has-post-thumbnail","6":"product_cat-nesiojamieji-monitoriai","7":"product_tag-30gpdsale-lt","8":"product_tag-droix-portable-monitor-lt","9":"product_shipping_class-standard","10":"pa_brand-droix","11":"woo-feed-brand-droix-lt","13":"first","14":"outofstock","15":"sale","16":"taxable","17":"shipping-taxable","18":"purchasable","19":"product-type-variable","20":"has-default-attributes"},"acf":[],"aioseo_notices":[],"_links":{"self":[{"href":"https:\/\/gpdstore.net\/lt\/wp-json\/wp\/v2\/product\/61546","targetHints":{"allow":["GET"]}}],"collection":[{"href":"https:\/\/gpdstore.net\/lt\/wp-json\/wp\/v2\/product"}],"about":[{"href":"https:\/\/gpdstore.net\/lt\/wp-json\/wp\/v2\/types\/product"}],"wp:featuredmedia":[{"embeddable":true,"href":"https:\/\/gpdstore.net\/lt\/wp-json\/wp\/v2\/media\/61620"}],"wp:attachment":[{"href":"https:\/\/gpdstore.net\/lt\/wp-json\/wp\/v2\/media?parent=61546"}],"wp:term":[{"taxonomy":"product_brand","embeddable":true,"href":"https:\/\/gpdstore.net\/lt\/wp-json\/wp\/v2\/product_brand?post=61546"},{"taxonomy":"product_cat","embeddable":true,"href":"https:\/\/gpdstore.net\/lt\/wp-json\/wp\/v2\/product_cat?post=61546"},{"taxonomy":"product_tag","embeddable":true,"href":"https:\/\/gpdstore.net\/lt\/wp-json\/wp\/v2\/product_tag?post=61546"},{"taxonomy":"woo-feed-brand","embeddable":true,"href":"https:\/\/gpdstore.net\/lt\/wp-json\/wp\/v2\/woo-feed-brand?post=61546"}],"curies":[{"name":"wp","href":"https:\/\/api.w.org\/{rel}","templated":true}]}}