{"id":48388,"date":"2024-07-12T08:46:50","date_gmt":"2024-07-12T08:46:50","guid":{"rendered":"https:\/\/gpdstore.net\/be-kategorijos\/droix-pm13-2k-nesiojamasis-monitorius\/"},"modified":"2025-09-15T21:33:09","modified_gmt":"2025-09-15T21:33:09","slug":"droix-pm13-2k-nesiojamasis-monitorius","status":"publish","type":"product","link":"https:\/\/gpdstore.net\/lt\/product\/droix-pm13-2k-nesiojamasis-monitorius\/","title":{"rendered":"&#8220;DroiX PM13 2K&#8221; ne\u0161iojamasis monitorius"},"content":{"rendered":"\n<figure class=\"wp-block-video\"><video controls=\"\" muted=\"\" poster=\"https:\/\/droix.net\/wp-content\/uploads\/2024\/03\/1.jpg\" src=\"https:\/\/droix.net\/wp-content\/uploads\/2024\/06\/pm131.mp4\"><\/video><\/figure>\n\n<div class=\"wp-block-columns is-layout-flex wp-container-core-columns-is-layout-28f84493 wp-block-columns-is-layout-flex\">\n<div class=\"wp-block-column is-layout-flow wp-block-column-is-layout-flow\" style=\"flex-basis:33.33%\">\n<figure class=\"wp-block-image size-large\"><a href=\"https:\/\/droix.net\/wp-content\/uploads\/2024\/03\/DROIX-S13-GENERIC-DONE-LISTING-IMAGE-1-1.png\"><img decoding=\"async\" src=\"https:\/\/droix.net\/wp-content\/uploads\/2024\/03\/DROIX-S13-GENERIC-DONE-LISTING-IMAGE-1-1-1024x1024.png\" alt=\"&quot;DroiX&quot; ne&#x161;iojamojo monitoriaus, 13 coli&#x173;, 2K, itin plono, lengvo ir ne&#x161;iojamojo, vaizdas\" class=\"wp-image-175965\"\/><\/a><\/figure>\n<\/div>\n\n\n\n<div class=\"wp-block-column is-layout-flow wp-block-column-is-layout-flow\" style=\"flex-basis:66.66%\">\n<h2 class=\"wp-block-heading\"><strong>&#8220;DroiX PM13&#8221; &#8211; 13,0 coli\u0173 4K itin plonas ne\u0161iojamasis monitorius<\/strong><\/h2>\n\n\n\n<p>&#8220;DroiX PM13&#8243; yra eleganti\u0161kas ir lengvas 13 coli\u0173 2K ne\u0161iojamasis monitorius, sveriantis vos 494 gramus. \u012ed\u0117tas \u012f plon\u0105 aliuminio r\u0117mel\u012f ir turi itin plonus 0,11&#8221; r\u0117melius, tod\u0117l jame meistri\u0161kai dera stilius ir patogumas. Ry\u0161kus IPS ekranas pasi\u017eymi sodriomis spalvomis ir pla\u010diu 170 laipsni\u0173 \u017ei\u016br\u0117jimo kampu, tod\u0117l suteikia \u012fsp\u016bding\u0105 regim\u0105j\u0105 patirt\u012f. PM13 suderinamas su daugeliu \u012frengini\u0173 per HDMI ir USB-C jungtis, tod\u0117l PM13 yra universalus ekranas, skirtas atnaujinti savo s\u0105rang\u0105, kad ir kur b\u016btum\u0117te.  <\/p>\n<\/div>\n<\/div>\n\n<div class=\"wp-block-columns is-layout-flex wp-container-core-columns-is-layout-28f84493 wp-block-columns-is-layout-flex\">\n<div class=\"wp-block-column is-layout-flow wp-block-column-is-layout-flow\">\n<h3 class=\"wp-block-heading\">Idealus ne\u0161iojamasis monitorius ne\u0161iojamiesiems kompiuteriams<br\/><em>joki\u0173 kompromis\u0173<\/em><\/h3>\n\n\n\n<p>Ne\u0161iojamasis monitorius &#8220;DroiX PM13&#8221; si\u016blo i\u0161skirtin\u0119 ekrano naudojimo patirt\u012f, nes pasi\u017eymi i\u0161skirtin\u0117mis funkcijomis. Pasi\u017eymintis dideliu ry\u0161kumu ir HDR palaikymu, jis u\u017etikrina ai\u0161k\u0173 matomum\u0105 esant bet kokiam ap\u0161vietimui. 100 % sRGB apr\u0117ptis ir 16,7 mln. spalv\u0173 u\u017etikrina tiksl\u0173 spalv\u0173 tikslum\u0105, b\u016btin\u0105 nuotrauk\u0173 redagavimui ir grafiniam dizainui. Jo 2K rai\u0161ka 13 coli\u0173 ekrane u\u017etikrina didel\u012f pikseli\u0173 tank\u012f, tod\u0117l vaizdas tiek tekste, tiek multimedijoje yra ry\u0161kus ir gyvas. Tod\u0117l PM13 yra geriausias pasirinkimas tiek profesionalams, tiek entuziastams.    <\/p>\n<\/div>\n\n\n\n<div class=\"wp-block-column is-layout-flow wp-block-column-is-layout-flow\">\n<figure class=\"wp-block-image size-full\"><a href=\"https:\/\/droix.net\/wp-content\/uploads\/2024\/03\/2.jpg\"><img decoding=\"async\" src=\"https:\/\/droix.net\/wp-content\/uploads\/2024\/03\/2.jpg\" alt=\"&quot;DroiX PM13&quot; auk&#x161;tos kokyb&#x117;s ne&#x161;iojamasis ekranas su HDR400 palaikymu, QHD 2160x1350 skiriam&#x105;ja geba ir 100 % sRGB apr&#x117;ptimi\" class=\"wp-image-182193\"\/><\/a><\/figure>\n<\/div>\n<\/div>\n\n<div class=\"wp-block-columns is-layout-flex wp-container-core-columns-is-layout-28f84493 wp-block-columns-is-layout-flex\">\n<div class=\"wp-block-column is-layout-flow wp-block-column-is-layout-flow\">\n<figure class=\"wp-block-image size-full\"><a href=\"https:\/\/droix.net\/wp-content\/uploads\/2024\/07\/3-1.jpg\"><img decoding=\"async\" src=\"https:\/\/droix.net\/wp-content\/uploads\/2024\/07\/3-1.jpg\" alt=\"Ne&#x161;iojamasis monitorius &quot;DroiX PM13&quot;, sukurtas taip, kad i&#x161; naujo apibr&#x117;&#x17E;t&#x173; suderinamum&#x105; ir jungiamum&#x105; su &#x12F;vairiais prietaisais. &#x160;is monitorius, palaikantis USB ir &quot;ActiveDP&quot; technologijas, lengvai integruojamas su &#x12F;vairiais &#x161;iuolaikiniais prietaisais - nuo ne&#x161;iojam&#x173;j&#x173; kompiuteri&#x173; iki i&#x161;mani&#x173;j&#x173; telefon&#x173; ir kt. Sukurtas lengvai s&#x105;veikai, PM13 veikia su prietaisais, kurie palaiko &quot;DisplayPort&quot; per USB, turi &quot;Thunderbolt&quot; USB prievadus arba veikia pagal USB 4 protokol&#x105;, skirt&#x105; vaizdo i&#x161;&#x117;jimui. Nesvarbu, ar &#x17E;aid&#x17E;iate &#x17E;aidimus keliaudami, didinate produktyvum&#x105;, ar m&#x117;gaujat&#x117;s daugialyp&#x117;s terp&#x117;s turiniu, PM13 yra geriausias j&#x16B;s&#x173; palydovas, si&#x16B;lantis neprilygstam&#x105; lankstum&#x105; ir na&#x161;um&#x105; visur, kur tik jums to reikia.   \" class=\"wp-image-182203\"\/><\/a><\/figure>\n<\/div>\n\n\n\n<div class=\"wp-block-column is-layout-flow wp-block-column-is-layout-flow\">\n<h3 class=\"wp-block-heading\">Ne\u0161iojamumas ir maitinimas<br\/><em>Suderinamumas<\/em><\/h3>\n\n\n\n<p>I\u0161bandykite &#8220;DroiX PM13&#8221; ne\u0161iojamojo monitoriaus, sukurto siekiant i\u0161 naujo apibr\u0117\u017eti suderinamum\u0105 ir jungiamum\u0105 su \u012fvairiais prietaisais, moderniausi\u0105 universalum\u0105. \u0160is monitorius, palaikantis USB ir &#8220;ActiveDP&#8221; technologijas, lengvai integruojamas su \u012fvairiais \u0161iuolaikiniais prietaisais &#8211; nuo ne\u0161iojam\u0173j\u0173 kompiuteri\u0173 iki i\u0161mani\u0173j\u0173 telefon\u0173 ir kt. <\/p>\n\n\n\n<p>Sukurtas taip, kad b\u016bt\u0173 galima lengvai s\u0105veikauti, PM13 veikia su \u012frenginiais, kurie palaiko &#8220;DisplayPort&#8221; per USB, turi &#8220;Thunderbolt&#8221; USB prievadus arba naudoja USB 4 protokol\u0105 vaizdo i\u0161\u0117jimui. Nesvarbu, ar \u017eaid\u017eiate \u017eaidimus keliaudami, didinate produktyvum\u0105, ar m\u0117gaujat\u0117s daugialyp\u0117s terp\u0117s turiniu, PM13 yra geriausias j\u016bs\u0173 palydovas, si\u016blantis neprilygstam\u0105 lankstum\u0105 ir na\u0161um\u0105 visur, kur tik jums to reikia. <\/p>\n<\/div>\n<\/div>\n\n<div class=\"wp-block-columns is-layout-flex wp-container-core-columns-is-layout-28f84493 wp-block-columns-is-layout-flex\">\n<div class=\"wp-block-column is-layout-flow wp-block-column-is-layout-flow\">\n<h3 class=\"wp-block-heading\">Daugiau nei ne\u0161iojamas monitorius<br\/><em>Daugyb\u0117 funkcij\u0173<\/em><\/h3>\n\n\n\n<p>Ne\u0161iojamasis monitorius &#8220;DroiX PM13&#8221; pasi\u017eymi universalia konstrukcija su 180\u00b0 kampu reguliuojamu stovu, tod\u0117l naudotojai gali nustatyti ekran\u0105 \u012fvairiais kampais, kad b\u016bt\u0173 patogu \u017ei\u016br\u0117ti. Be to, jame integruota 75&#215;75 mm VESA laikiklio atrama, leid\u017eianti lanks\u010diai montuoti ant suderinam\u0173 poranki\u0173 ar stov\u0173. PM13 turi integruotus stereofoninius garsiakalbius, kuri\u0173 kiekvieno galia &#8211; 1,0 W. Nors \u0161ie garsiakalbiai n\u0117ra itin galingi, jie u\u017etikrina patog\u0173 garso sprendim\u0105, nereikalaujant\u012f i\u0161orini\u0173 \u012frengini\u0173.   <\/p>\n\n\n\n<h3 class=\"wp-block-heading\"><br\/><\/h3>\n<\/div>\n\n\n\n<div class=\"wp-block-column is-layout-flow wp-block-column-is-layout-flow\">\n<figure class=\"wp-block-image size-full\"><a href=\"https:\/\/droix.net\/wp-content\/uploads\/2024\/07\/4.jpg\"><img decoding=\"async\" src=\"https:\/\/droix.net\/wp-content\/uploads\/2024\/07\/4.jpg\" alt=\"Ne&#x161;iojamasis monitorius &quot;DroiX PM13&quot; turi 180&#xB0; reguliuojam&#x105; stov&#x105;, tod&#x117;l naudotojai gali nustatyti ekran&#x105; &#x12F;vairiais kampais, kad b&#x16B;t&#x173; patogu &#x17E;i&#x16B;r&#x117;ti. Jame integruota 75x75 mm VESA laikiklio atrama, kad b&#x16B;t&#x173; galima lanks&#x10D;iai montuoti ant suderinam&#x173; poranki&#x173; ar stov&#x173;. PM13 taip pat turi &#x12F;montuotus stereofoninius garsiakalbius, kuri&#x173; kiekvieno galia - 1,0 W, tod&#x117;l galima patogiai naudotis garso sistema, nereikalaujant i&#x161;orini&#x173; &#x12F;rengini&#x173;.  \" class=\"wp-image-182205\"\/><\/a><\/figure>\n<\/div>\n<\/div>\n\n<div class=\"wp-block-columns is-layout-flex wp-container-core-columns-is-layout-28f84493 wp-block-columns-is-layout-flex\">\n<div class=\"wp-block-column is-layout-flow wp-block-column-is-layout-flow\">\n<figure class=\"wp-block-image size-full\"><a href=\"https:\/\/droix.net\/wp-content\/uploads\/2024\/07\/5.jpg\"><img decoding=\"async\" src=\"https:\/\/droix.net\/wp-content\/uploads\/2024\/07\/5.jpg\" alt=\"&quot;DroiX PM13&quot; ne&#x161;iojamasis monitorius yra universalus ir pasi&#x17E;ymi pla&#x10D;iomis suderinamumo ir jungiamumo galimyb&#x117;mis. Jame yra keturi re&#x17E;imai: Dvigubas re&#x17E;imas, skirtas turinio dubliavimui, i&#x161;pl&#x117;timo re&#x17E;imas, skirtas darbo erdvei i&#x161;pl&#x117;sti, antrasis ekranas, skirtas &#x17E;aidim&#x173; konsol&#x117;ms, ir portreto re&#x17E;imas, skirtas vertikaliai orientacijai. Idealiai tinka profesionalams, &#x17E;aid&#x117;jams ir skaitmeniniams klajokliams, didina produktyvum&#x105; ir pramogas &#x12F;vairiose aplinkose  \" class=\"wp-image-182206\"\/><\/a><\/figure>\n<\/div>\n\n\n\n<div class=\"wp-block-column is-layout-flow wp-block-column-is-layout-flow\">\n<h3 class=\"wp-block-heading\">I\u0161pl\u0117timas, dubliavimas, portretas ir dar daugiau<br\/><em>Tikras universalumas<br\/><\/em><\/h3>\n\n\n\n<p>Ne\u0161iojamasis monitorius &#8220;DroiX PM13&#8221; yra universalus, nes turi daug suderinamumo ir jungiamumo galimybi\u0173. Jis si\u016blo keturis universalius re\u017eimus: Dvigubas re\u017eimas, skirtas turinio dubliavimui, i\u0161pl\u0117timo re\u017eimas, skirtas darbo erdvei i\u0161pl\u0117sti, antrasis ekranas, skirtas \u017eaidim\u0173 konsol\u0117ms, ir portreto re\u017eimas, skirtas vertikaliai orientacijai. D\u0117l \u0161i\u0173 pritaikomumo galimybi\u0173 \u0161is monitorius yra idealus profesional\u0173, \u017eaid\u0117j\u0173 ir skaitmenini\u0173 klajokli\u0173 palydovas, didinantis produktyvum\u0105 ir pramogas \u012fvairiose aplinkose.  <\/p>\n\n\n\n<p>4o<\/p>\n<\/div>\n<\/div>\n\n<figure class=\"wp-block-image aligncenter size-large\"><a href=\"https:\/\/droix.net\/wp-content\/uploads\/2024\/07\/7.jpg\"><img decoding=\"async\" src=\"https:\/\/droix.net\/wp-content\/uploads\/2024\/07\/7-1024x420.jpg\" alt=\"Skland&#x17E;iai prijunkite savo &quot;MacBook&quot; su &quot;Thunderbolt 3&quot; arba &quot;4&quot; jungtimi prie ne&#x161;iojamojo monitoriaus &quot;DroiX PM13&quot; naudodami C tipo prievad&#x105; su DP ALT re&#x17E;imo palaikymu. &#x160;i pa&#x17E;angi jungtis u&#x17E;tikrina ir vaizdo perdavim&#x105;, ir maitinim&#x105; vienu C tipo kabeliu, tod&#x117;l tai yra maksimaliai patogu ir efektyvu. \" class=\"wp-image-182195\"\/><\/a><\/figure>\n\n<p>Skland\u017eiai prijunkite savo &#8220;MacBook&#8221; su &#8220;Thunderbolt 3&#8221; arba &#8220;4&#8221; jungtimi prie ne\u0161iojamojo monitoriaus &#8220;DroiX PM13&#8221; naudodami C tipo prievad\u0105 su DP ALT re\u017eimo palaikymu. \u0160i pa\u017eangi jungtis u\u017etikrina ir vaizdo perdavim\u0105, ir maitinim\u0105 vienu C tipo kabeliu, tod\u0117l tai yra maksimaliai patogu ir efektyvu. <\/p>\n\n<figure class=\"wp-block-image aligncenter size-large is-resized\"><a href=\"https:\/\/droix.net\/wp-content\/uploads\/2024\/03\/8.jpg\"><img decoding=\"async\" src=\"https:\/\/droix.net\/wp-content\/uploads\/2024\/03\/8-1024x420.jpg\" alt=\"I&#x161;maniuoju telefonu naudokite pa&#x17E;angias &quot;Thunderbolt 3&quot;, &quot;Thunderbolt 4&quot; arba USB 3.1 DP ALT-MODE galimybes, kad gal&#x117;tum&#x117;te skland&#x17E;iai prisijungti prie ne&#x161;iojamojo monitoriaus &quot;DroiX PM13&quot; ir u&#x17E;tikrinti vaizdo i&#x161;vest&#x12F; bei maitinim&#x105;. Naudokite C tipo prievad&#x105; su DP ALT-MODE palaikymu i&#x161;maniajame telefone, kad gal&#x117;tum&#x117;te naudotis supaprastinta patirtimi ir vienu kabeliu perduoti vaizdo &#x12F;ra&#x161;&#x105; bei tiekti maitinim&#x105; \" class=\"wp-image-182197\" style=\"width:900px;height:auto\"\/><\/a><\/figure>\n\n<p>Lengvai prijunkite ne\u0161iojam\u0105j\u012f &#8220;Windows&#8221; kompiuter\u012f prie ne\u0161iojamojo monitoriaus &#8220;DroiX PM13&#8221; naudodami jo HDMI ir C tipo prievadus, kad vaizdo perdavimas ir maitinimas b\u016bt\u0173 sklandus. C tipo prievadas palaiko maitinimo tiekim\u0105 (PD), o HDMI prievadas u\u017etikrina didel\u0117s rai\u0161kos vaizdo i\u0161vest\u012f, tod\u0117l galite m\u0117gautis didesniu produktyvumu ir pramogomis be jokio vargo. <\/p>\n\n<figure class=\"wp-block-image aligncenter size-large\"><a href=\"https:\/\/droix.net\/wp-content\/uploads\/2024\/03\/9.jpg\"><img decoding=\"async\" src=\"https:\/\/droix.net\/wp-content\/uploads\/2024\/03\/9-1024x420.jpg\" alt=\"I&#x161;maniuoju telefonu naudokite pa&#x17E;angias &quot;Thunderbolt 3&quot;, &quot;Thunderbolt 4&quot; arba USB 3.1 DP ALT-MODE galimybes, kad gal&#x117;tum&#x117;te skland&#x17E;iai prisijungti prie ne&#x161;iojamojo monitoriaus &quot;DroiX PM13&quot; ir u&#x17E;tikrinti vaizdo i&#x161;vest&#x12F; bei maitinim&#x105;. Naudokite C tipo prievad&#x105; su DP ALT-MODE palaikymu i&#x161;maniajame telefone, kad gal&#x117;tum&#x117;te naudotis supaprastinta patirtimi ir vienu kabeliu perduoti vaizdo &#x12F;ra&#x161;&#x105; bei tiekti maitinim&#x105; \" class=\"wp-image-182198\"\/><\/a><\/figure>\n\n<p>I\u0161maniuoju telefonu naudokite pa\u017eangias &#8220;Thunderbolt 3&#8221;, &#8220;Thunderbolt 4&#8221; arba USB 3.1 DP ALT-MODE galimybes, kad gal\u0117tum\u0117te skland\u017eiai prisijungti prie ne\u0161iojamojo monitoriaus &#8220;DroiX PM13&#8221; ir u\u017etikrinti vaizdo i\u0161vest\u012f bei maitinim\u0105. Naudodami C tipo prievad\u0105 su DP ALT-MODE palaikymu i\u0161maniajame telefone, galite m\u0117gautis supaprastinta patirtimi, kai vienu kabeliu galima perduoti ir vaizdo \u012fra\u0161\u0105, ir maitinim\u0105. <\/p>\n\n<figure class=\"wp-block-image aligncenter size-large\"><a href=\"https:\/\/droix.net\/wp-content\/uploads\/2024\/03\/11.jpg\"><img decoding=\"async\" src=\"https:\/\/droix.net\/wp-content\/uploads\/2024\/03\/11-1024x420.jpg\" alt=\"Ne&#x161;iojam&#x105;j&#x12F; monitori&#x173; &quot;DroiX PM13&quot; galima prijungti &#x12F;vairiais b&#x16B;dais: USB, &quot;ActiveDP&quot;, &quot;DisplayPort&quot; per USB, &quot;Thunderbolt&quot; USB prievadai ir USB 4 protokolas vaizdo i&#x161;&#x117;jimui, tod&#x117;l u&#x17E;tikrinamas universalus prijungimas.\" class=\"wp-image-182199\"\/><\/a><\/figure>\n\n<figure class=\"wp-block-image aligncenter size-large\"><a href=\"https:\/\/droix.net\/wp-content\/uploads\/2024\/03\/12.jpg\"><img decoding=\"async\" src=\"https:\/\/droix.net\/wp-content\/uploads\/2024\/03\/12-1024x420.jpg\" alt=\"DUK apie ne&#x161;iojam&#x105;j&#x12F; monitori&#x173; &quot;DroiX PM13\" class=\"wp-image-182200\"\/><\/a><\/figure>\n\n<h3 class=\"wp-block-heading\"><strong>I\u0161vada<\/strong><\/h3>\n\n<p>&#8220;DroiX PM13&#8221; i\u0161 naujo apibr\u0117\u017eia ne\u0161iojam\u0173j\u0173 monitori\u0173 esm\u0119, sujungdamas didel\u0119 skiriam\u0105j\u0105 geb\u0105, puik\u0173 ne\u0161iojamum\u0105 ir plat\u0173 suderinamum\u0105 su eleganti\u0161ku, patogiu naudoti dizainu. Jis sukurtas tiems, kurie atsisako kompromis\u0173 d\u0117l kokyb\u0117s ir funkcionalumo, net ir keliaudami. Priimkite ne\u0161iojam\u0173j\u0173 monitori\u0173 ateit\u012f su &#8220;DroiX PM13&#8221; ir savo kailiu patirkite tobul\u0105 naujovi\u0173 ir patogumo derin\u012f.  <\/p>\n\n<p>Nepraleiskite progos patobulinti savo ne\u0161iojamojo monitoriaus patirt\u012f su &#8220;DroiX PM13&#8221;. U\u017esisakykite dabar, kad u\u017esitikrintum\u0117te viet\u0105 tarp pirm\u0173j\u0173, kurie gal\u0117s m\u0117gautis \u0161iuo novatori\u0161ku prietaisu. Kadangi pasi\u016bla yra ribota, tai yra j\u016bs\u0173 \u0161ansas \u017eengti \u012f priek\u012f ir i\u0161bandyti geriausi\u0105 ne\u0161iojamojo monitoriaus technologij\u0105. U\u017esisakykite ne\u0161iojam\u0105j\u012f monitori\u0173 &#8220;DroiX PM13&#8221; jau \u0161iandien!   <\/p>\n","protected":false},"excerpt":{"rendered":"<ul>\n<li>2K 13 coli\u0173<strong> IPS<\/strong> ekranas<\/li>\n<li>100 %<strong> sRGB<\/strong> apr\u0117ptis<\/li>\n<li>450 <strong>nit\u0173<\/strong> ry\u0161kumas<\/li>\n<li>75&#215;75 mm<strong> VESA<\/strong> laikiklis<\/li>\n<li> <strong> \u012emontuoti<\/strong> garsiakalbiai<\/li>\n<\/ul>\n<p> [cg_accordion title=\"INFORMACIJA APMOK\u0116JIMUI\"] Mes naudojame naujausias mok\u0117jimo apdorojimo technologijas, kurios leid\u017eia jums greitai ir saugiai atsiskaityti debeto\/kredito kortele arba &#8220;PayPal&#8221;.[\/cg_accordion] [cg_accordion title=\"GARANTIJA\"] 1 arba 2 met\u0173* &#8221; <a href=\"https:\/\/droix.net\/\" target=\"_blank\" rel=\"nofollow noopener\">DroiX Global&#8221;<\/a> garantija j\u016bs\u0173 ramybei[\/cg_accordion] [cg_accordion title=\"PRISTATYMAS IR MOKES\u010cIAI\"] <strong><u>Pastaba:<\/u><\/strong> Jungtini\u0173 Amerikos Valstij\u0173 klientai: \u012e nurodyt\u0105 kain\u0105 \u012fskai\u010diuoti visi taikomi mokes\u010diai. ES klientai: \u012e nurodyt\u0105 kain\u0105 \u012fskai\u010diuoti taikomi mokes\u010diai, kurie, priklausomai nuo j\u016bs\u0173 \u0161alies, gali siekti iki 25 %. Kanados klientai: \u012e nurodyt\u0105 kain\u0105 \u012fskai\u010diuotas 5 % GPM. Pristatym\u0105 ir gr\u0105\u017einim\u0105 tvarko <a href=\"https:\/\/droix.net\/\" target=\"_blank\" rel=\"nofollow noopener\">&#8220;DroiX&#8221;<\/a>, oficialus GPD platintojas. Si\u016blome greit\u0105 DHL Express DDP (Delivered Duty Paid) pristatym\u0105. Visi muitai ir mokes\u010diai \u012fskai\u010diuoti \u012f rodom\u0105 kain\u0105 &#8211; pristatant prek\u0119 joki\u0173 papildom\u0173 mok\u0117jim\u0173 mok\u0117ti nereik\u0117s. Jei i\u0161kilt\u0173 koki\u0173 nors muitin\u0117s problem\u0173, m\u016bs\u0173 komanda j\u016bs\u0173 vardu atliks i\u0161muitinimo proced\u016bras. Svarbu: gr\u0105\u017einimo ir persigalvojimo atveju u\u017e jus sumok\u0117ti mokes\u010diai ir muitai negali b\u016bti gr\u0105\u017einami d\u0117l DDP siuntimo s\u0105lyg\u0173. I\u0161samesn\u0117s informacijos rasite m\u016bs\u0173 s\u0105lygose <a href=\"https:\/\/gpdstore.net\/lt\/terms-of-service\/\" target=\"_blank\" rel=\"nofollow noopener\">ir nuostatose<\/a>.        [\/cg_accordion] [cg_accordion title=\"WHAT'S INCLUDED\"]<\/p>\n<ul>\n<li>1x DroiX PM13 ne\u0161iojamasis monitorius<\/li>\n<li>1x maitinimo ki\u0161tukas (ES \/ JAV)<\/li>\n<li>1x HDMI kabelis<\/li>\n<li>1x C tipo USB kabelis<\/li>\n<li>1x A tipo USB kabelis \u012f C tipo kabel\u012f<\/li>\n<li>1x apsauginis d\u0117klas<\/li>\n<li>1x naudotojo vadovas<\/li>\n<\/ul>\n<p>[\/cg_accordion]<\/p>\n","protected":false},"featured_media":818494,"template":"","meta":{"_acf_changed":false},"product_brand":[],"product_cat":[5452],"product_tag":[12477,5455],"woo-feed-brand":[5456],"class_list":{"0":"post-48388","1":"product","2":"type-product","3":"status-publish","4":"has-post-thumbnail","6":"product_cat-nesiojamieji-monitoriai","7":"product_tag-25bfsale-lt","8":"product_tag-droix-portable-monitor-lt","9":"product_shipping_class-low-end","10":"pa_brand-droix","11":"woo-feed-brand-droix-lt","13":"first","14":"instock","15":"sale","16":"taxable","17":"shipping-taxable","18":"purchasable","19":"product-type-variable","20":"has-default-attributes"},"acf":[],"aioseo_notices":[],"_links":{"self":[{"href":"https:\/\/gpdstore.net\/lt\/wp-json\/wp\/v2\/product\/48388","targetHints":{"allow":["GET"]}}],"collection":[{"href":"https:\/\/gpdstore.net\/lt\/wp-json\/wp\/v2\/product"}],"about":[{"href":"https:\/\/gpdstore.net\/lt\/wp-json\/wp\/v2\/types\/product"}],"wp:featuredmedia":[{"embeddable":true,"href":"https:\/\/gpdstore.net\/lt\/wp-json\/wp\/v2\/media\/818494"}],"wp:attachment":[{"href":"https:\/\/gpdstore.net\/lt\/wp-json\/wp\/v2\/media?parent=48388"}],"wp:term":[{"taxonomy":"product_brand","embeddable":true,"href":"https:\/\/gpdstore.net\/lt\/wp-json\/wp\/v2\/product_brand?post=48388"},{"taxonomy":"product_cat","embeddable":true,"href":"https:\/\/gpdstore.net\/lt\/wp-json\/wp\/v2\/product_cat?post=48388"},{"taxonomy":"product_tag","embeddable":true,"href":"https:\/\/gpdstore.net\/lt\/wp-json\/wp\/v2\/product_tag?post=48388"},{"taxonomy":"woo-feed-brand","embeddable":true,"href":"https:\/\/gpdstore.net\/lt\/wp-json\/wp\/v2\/woo-feed-brand?post=48388"}],"curies":[{"name":"wp","href":"https:\/\/api.w.org\/{rel}","templated":true}]}}