{"id":348641,"date":"2024-07-12T13:07:42","date_gmt":"2024-07-12T13:07:42","guid":{"rendered":"https:\/\/gpdstore.net\/be-kategorijos\/156-coliu-4k-nesiojamasis-monitorius-su-jutikliniu-ekranu\/"},"modified":"2025-12-23T10:14:04","modified_gmt":"2025-12-23T10:14:04","slug":"15-6-4k-portable-monitor-with-touchscreen","status":"publish","type":"product","link":"https:\/\/gpdstore.net\/lt\/product\/15-6-4k-portable-monitor-with-touchscreen\/","title":{"rendered":"15,6 coli\u0173 4K ne\u0161iojamasis monitorius su jutikliniu ekranu"},"content":{"rendered":"\n<p>Pristatome S23b-1 4K ne\u0161iojam\u0105j\u012f monitori\u0173: Padidinkite savo vizualin\u0119 patirt\u012f bet kur.<\/p>\n\n<p>Patirkite neprilygstam\u0105 vaizdo ai\u0161kum\u0105 ir spindes\u012f su S23b-1 4K ne\u0161iojamuoju monitoriumi. \u0160is monitorius sukurtas tiems, kurie reikalauja geriausi\u0173 ne\u0161iojam\u0173j\u0173 ekran\u0173, tod\u0117l kompakti\u0161kame 15,6 coli\u0173 ekrane u\u017etikrinama stulbinanti 4K UHD rai\u0161ka. Nesvarbu, ar redaguojate didel\u0117s rai\u0161kos nuotraukas, kuriate sud\u0117ting\u0105 grafik\u0105, ar pasineriate \u012f \u012ftraukian\u010dius \u017eaidim\u0173 pasaulius, &#8220;S23b-1&#8221; u\u017etikrina, kad kiekviena detal\u0117 atgyja i\u0161skirtiniu tikslumu ir ry\u0161kiomis spalvomis.  <\/p>\n\n<p>Sukurtas TFT IPS LCD skydelis, tod\u0117l m\u0117gaukit\u0117s puikiu spalv\u0173 tikslumu ir pla\u010diais \u017ei\u016br\u0117jimo kampais, puikiai tinkan\u010diais dalytis turiniu su draugais ar bendradarbiauti su kolegomis. G+G talpinis jutiklinis ekranas pagerina j\u016bs\u0173 s\u0105veik\u0105, nes u\u017etikrina tiksl\u0173 valdym\u0105 ir skland\u017ei\u0105 navigacij\u0105 meniu ir dokumentuose. <\/p>\n\n<p>HDMI mini prievadas ir dvigubas C tipo prievadas, palaikantys maitinim\u0105 ir greit\u0105 duomen\u0173 perdavim\u0105 keliems \u012frenginiams, leid\u017eia be vargo prisijungti. Kad b\u016bt\u0173 patogiau, yra ausini\u0173 prievadas asmeniniam klausymuisi ir &#8220;Micro-USB&#8221; prievadas periferiniams \u012frenginiams, pvz., klaviat\u016broms ir pel\u0117ms, prijungti. <\/p>\n\n<p>I\u0161 patvaraus aliuminio lydinio pagamintas S23b-1 yra eleganti\u0161kas, ne\u012ftik\u0117tinai plonas ir lengvas ne\u0161iojamasis, tod\u0117l jis idealiai tinka keliaujant ar perkeliant i\u0161 vienos darbo vietos \u012f kit\u0105. Sulankstomas d\u0117klas gali b\u016bti naudojamas kaip stovas, kad gal\u0117tum\u0117te stabiliai pastatyti ant bet kokio lygaus pavir\u0161iaus ir u\u017etikrinti universalum\u0105, kad ir kur keliautum\u0117te. <\/p>\n\n<p>Privalumai:<\/p>\n\n<ul class=\"wp-block-list\">\n<li>Stulbinantis 4K UHD ekranas, u\u017etikrinantis svaiginant\u012f vaizd\u0105<\/li>\n\n\n\n<li>Universalios jung\u010di\u0173 parinktys, \u012fskaitant HDMI mini ir C tipo prievadus<\/li>\n\n\n\n<li>Eleganti\u0161kas, lengvas dizainas, pagamintas i\u0161 auk\u0161tos kokyb\u0117s aliuminio lydinio<\/li>\n\n\n\n<li>Jautrus G+G talpinis jutiklinis ekranas intuityviai s\u0105veikai<\/li>\n<\/ul>\n\n<p>Tr\u016bkumai:<\/p>\n\n<ul class=\"wp-block-list\">\n<li>Apribotas 15,6 coli\u0173 ekrano dydis<\/li>\n\n\n\n<li>Integruoti garsiakalbiai gali neatitikti i\u0161orinio garso kokyb\u0117s<\/li>\n<\/ul>\n\n<p>Nesvarbu, ar esate k\u016brybingas profesionalas, aistringas \u017eaid\u0117jas, ar keliaujantis entuziastas, S23b-1 4K ne\u0161iojamasis monitorius i\u0161 naujo apibr\u0117\u017eia ne\u0161iojamojo ekrano kompetencij\u0105, nes u\u017etikrina i\u0161skirtin\u012f na\u0161um\u0105 kompakti\u0161koje pakuot\u0117je.<\/p>\n","protected":false},"excerpt":{"rendered":"<ul>\n<li><strong>15,6 coli\u0173 4K<\/strong> ne\u0161iojamasis monitorius su jutikliniu ekranu, skirtas didel\u0117s rai\u0161kos<\/li>\n<li>Kompakti\u0161kas dydis &#8211; 14,17 x 8,4 x 0,43 coli\u0173 ir <strong>920 g<\/strong> svoris<\/li>\n<li>Jutiklinis ekranas, suderinamas su <strong>&#8220;MacOS<\/strong><\/li>\n<li>Jutiklinis ekranas <strong>palaiko jutiklin\u0119 \u012fvest\u012f<\/strong> suderinamuose \u012frenginiuose<\/li>\n<li><strong>Maitinamas per USB<\/strong>, palaiko mini-HDMI, C tipo USB<\/li>\n<\/ul>\n[cg_accordion title=\"INFORMACIJA APMOK\u0116JIMUI\"]<\/p>\n<p>Mes naudojame naujausias mok\u0117jimo apdorojimo technologijas, kurios leid\u017eia jums greitai ir saugiai atsiskaityti debeto\/kredito kortele arba &#8220;PayPal&#8221;.[\/cg_accordion]\n[cg_accordion title=\"GARANTIJA\"]<\/p>\n<p><a href=\"https:\/\/droix.net\/\" target=\"_blank\" rel=\"nofollow noopener\">DROIX Global suteikia 2 met\u0173 garantij\u0105, kad<\/a> b\u016btum\u0117te ram\u016bs[\/cg_accordion]\n[cg_accordion title=\"KAINOS, MOKES\u010cIAI IR PRISTATYMAS\"]<\/p>\n<p><strong><u>Pastaba:<\/u><\/strong><\/p>\n<ul>\n<li>Jungtini\u0173 Amerikos Valstij\u0173 klientai: \u012e rodom\u0105 kain\u0105 N\u0116RA \u012fskai\u010diuoti mokes\u010diai ir muitai. Atsakomyb\u0117 i\u0161muitinti muitin\u0119 ir sumok\u0117ti visus susijusius mokes\u010dius ir muitus tenka klientui. <\/li>\n<li>ES klientai: \u012e nurodyt\u0105 kain\u0105 \u012fskai\u010diuoti taikomi mokes\u010diai, kurie, priklausomai nuo j\u016bs\u0173 \u0161alies, gali siekti iki 25 %.<\/li>\n<li>Kanados klientai: \u012e nurodyt\u0105 kain\u0105 \u012fskai\u010diuoti taikomi mokes\u010diai, kurie, priklausomai nuo j\u016bs\u0173 provincijos, gali apimti 5 % GPM ir papildomus provincijos pardavimo mokes\u010dius (PST), suderint\u0105 pardavimo mokest\u012f (HST) arba Kvebeko pardavimo mokest\u012f (QST).<\/li>\n<\/ul>\n<p><strong>TIK ES klientams:<\/strong> Express DDP (pristatoma sumok\u0117jus muit\u0105). Tai rei\u0161kia: <\/p>\n<ul>\n<li>Visi muitai ir mokes\u010diai \u012fskai\u010diuoti \u012f produkto puslapyje nurodyt\u0105 kain\u0105.<\/li>\n<li>Pristatymo metu jums nereik\u0117s mok\u0117ti joki\u0173 papildom\u0173 mokes\u010di\u0173.<\/li>\n<li>Retais atvejais, kai kyla su muitine susijusi\u0173 problem\u0173, m\u016bs\u0173 komanda pasir\u016bpins muitin\u0117s formalumais j\u016bs\u0173 vardu, kad b\u016bt\u0173 u\u017etikrintas sklandus pristatymas.<\/li>\n<p>Svarbi informacija apie gr\u0105\u017einim\u0105:<\/p>\n<li>Jei nuspr\u0119site gr\u0105\u017einti u\u017esakym\u0105 arba pra\u0161ysite gr\u0105\u017einti pinigus, tur\u0117kite omenyje, kad mokes\u010diai ir muitai, sumok\u0117ti u\u017e jus pagal DDP s\u0105lygas, negali b\u016bti gr\u0105\u017einami.<\/li>\n<p>I\u0161samesn\u0117s informacijos rasite m\u016bs\u0173 <a href=\"https:\/\/droix.net\/terms-and-conditions\/\" target=\"_blank\" rel=\"nofollow noopener\">s\u0105lygose ir nuostatose<\/a>.\n<\/ul>\n<p>[\/cg_accordion]\n[cg_accordion title=\"KLIENT\u0172 APTARNAVIMAS\"]<\/p>\n<p>Turite klausim\u0105? U\u017etenka para\u0161yti trump\u0105j\u0105 \u017einut\u0119 ir j\u016bs\u0173 klausimas bus i\u0161spr\u0119stas! <\/p>\n<p>I\u0161samesn\u0117s informacijos rasite m\u016bs\u0173 <a href=\"https:\/\/gpdstore.net\/lt\/terms-of-service\/\" target=\"_blank\" rel=\"nofollow noopener\">s\u0105lygose ir nuostatose<\/a>.\n<\/ul>\n<p>[\/cg_accordion]\n[cg_accordion title=\"KAS \u012eTRAUKTA\"]<\/p>\n<ul>\n<li>1x maitinimo ki\u0161tukas (ES \/ JAV)<\/li>\n<li>1x naudotojo vadovas<\/li>\n<\/ul>\n<p>[\/cg_accordion]\n","protected":false},"featured_media":348881,"template":"","meta":{"_acf_changed":false},"product_brand":[],"product_cat":[5452],"product_tag":[5520,5455],"woo-feed-brand":[5456],"class_list":{"0":"post-348641","1":"product","2":"type-product","3":"status-publish","4":"has-post-thumbnail","6":"product_cat-nesiojamieji-monitoriai","7":"product_tag-30gpdsale-lt","8":"product_tag-droix-portable-monitor-lt","9":"product_shipping_class-standard","10":"pa_brand-droix","11":"woo-feed-brand-droix-lt","13":"first","14":"outofstock","15":"sale","16":"taxable","17":"shipping-taxable","18":"purchasable","19":"product-type-variable","20":"has-default-attributes"},"acf":[],"aioseo_notices":[],"_links":{"self":[{"href":"https:\/\/gpdstore.net\/lt\/wp-json\/wp\/v2\/product\/348641","targetHints":{"allow":["GET"]}}],"collection":[{"href":"https:\/\/gpdstore.net\/lt\/wp-json\/wp\/v2\/product"}],"about":[{"href":"https:\/\/gpdstore.net\/lt\/wp-json\/wp\/v2\/types\/product"}],"wp:featuredmedia":[{"embeddable":true,"href":"https:\/\/gpdstore.net\/lt\/wp-json\/wp\/v2\/media\/348881"}],"wp:attachment":[{"href":"https:\/\/gpdstore.net\/lt\/wp-json\/wp\/v2\/media?parent=348641"}],"wp:term":[{"taxonomy":"product_brand","embeddable":true,"href":"https:\/\/gpdstore.net\/lt\/wp-json\/wp\/v2\/product_brand?post=348641"},{"taxonomy":"product_cat","embeddable":true,"href":"https:\/\/gpdstore.net\/lt\/wp-json\/wp\/v2\/product_cat?post=348641"},{"taxonomy":"product_tag","embeddable":true,"href":"https:\/\/gpdstore.net\/lt\/wp-json\/wp\/v2\/product_tag?post=348641"},{"taxonomy":"woo-feed-brand","embeddable":true,"href":"https:\/\/gpdstore.net\/lt\/wp-json\/wp\/v2\/woo-feed-brand?post=348641"}],"curies":[{"name":"wp","href":"https:\/\/api.w.org\/{rel}","templated":true}]}}