{"id":343997,"date":"2024-08-12T15:37:31","date_gmt":"2024-08-12T15:37:31","guid":{"rendered":"https:\/\/gpdstore.net\/be-kategorijos\/droix-nt8-clear-usb-hub\/"},"modified":"2025-12-23T10:14:07","modified_gmt":"2025-12-23T10:14:07","slug":"droix-nt8-clear-usb-hub","status":"publish","type":"product","link":"https:\/\/gpdstore.net\/lt\/product\/droix-nt8-clear-usb-hub\/","title":{"rendered":"&#8220;DroiX NT8 Clear USB Hub"},"content":{"rendered":"\n<h3 class=\"wp-block-heading\">&#8220;DroiX NT8 Clear USB Hub&#8221;: Kri\u0161tolo skaidrumo ry\u0161io ateitis!  <\/h3>\n\n<h3 class=\"wp-block-heading\">Patirkite &#8220;Gigabit Ethernet&#8221; spart\u0105  <\/h3>\n\n<p>Pavargote nuo l\u0117to interneto, kuris jus stabdo? \u017denkite \u012f ateit\u012f su &#8220;DroiX NT8 Clear USB Hub&#8221;! Tai ne bet koks \u0161akotuvas &#8211; tai j\u016bs\u0173 vartai \u012f itin greit\u0105 10\/100\/1000M RJ45 Gigabit Ethernet pasaul\u012f. Nesvarbu, ar transliuojate HD formatu, ar \u017eaid\u017eiate internetinius \u017eaidimus, ar nar\u0161ote atsidar\u0119 kelis skirtukus, ry\u0161ys bus \u017eaibi\u0161kas ir stabilus. Atsisveikinkite su buferizacija ir v\u0117lavimu &#8211; viskas kraunama spar\u010diai!<\/p>\n\n<h3 class=\"wp-block-heading\">Greitas ir efektyvus energijos tiekimas  <\/h3>\n\n<p>Pasaulyje, kuris niekada nesustoja, j\u016bs\u0173 \u012frenginiai turi neatsilikti. &#8220;DroiX NT8&#8221; sukurtas galvojant apie gali\u0105, nes palaiko iki 100 W PD \u012fkrovim\u0105. Nesvarbu, ar naudojate ne\u0161iojam\u0105j\u012f kompiuter\u012f, ne\u0161iojam\u0105j\u0105 \u017eaidim\u0173 konsol\u0119, ar bet kur\u012f kit\u0105 C tipo USB \u012frengin\u012f, \u0161is \u0161akotuvas u\u017etikrina greit\u0105, patikim\u0105 ir efektyv\u0173 \u012fkrovim\u0105. Daugiau nereikia laukti &#8211; j\u016bs\u0173 \u012frenginiai bus \u012fjungti ir paruo\u0161ti, kai tik b\u016bsite.<\/p>\n\n<h3 class=\"wp-block-heading\">Stulbinantys 4K vaizdai  <\/h3>\n\n<p>Trok\u0161tate kri\u0161tolo skaidrumo vaizd\u0173? &#8220;DroiX NT8 Clear&#8221; USB \u0161akotuvas suteikia kinematografinius \u012fsp\u016bd\u017eius tiesiog po ranka. Su HDMI 2.0 vaizdo i\u0161vestimi m\u0117gaukit\u0117s itin ry\u0161kia 4096&#215;2160 4K rai\u0161ka 60 Hz da\u017eniu. Nesvarbu, ar tai darbas, pramogos, ar \u017eaidimai, vaizdas toks ai\u0161kus ir \u012ftraukiantis, kad jausit\u0117s tarsi b\u016btum\u0117te veiksmo vietoje.   <\/p>\n\n<h3 class=\"wp-block-heading\">Neprilygstamas USB ry\u0161ys  <\/h3>\n\n<p>Kod\u0117l tur\u0117tum\u0117te apsiriboti tik keliais ry\u0161iais? &#8220;DroiX NT8 Clear USB Hub&#8221; turi tris A tipo 3.0 USB prievadus, tod\u0117l gal\u0117site be vargo prijungti visus savo \u012frenginius. Perduokite duomenis \u017eaibi\u0161ku grei\u010diu, prijunkite periferinius \u012frenginius arba \u012fkraukite prietaisus &#8211; visa tai yra taip pat universalu ir na\u0161u, kaip jums reikia. Su &#8220;DroiX NT8&#8221; visada b\u016bsite pasiruo\u0161\u0119 prisijungti ir veikti.<\/p>\n\n<h3 class=\"wp-block-heading\">Moderniausias C tipo USB kabelis  <\/h3>\n\n<p>Su &#8220;DroiX NT8&#8221; C tipo USB kabeliu pasiekiama ry\u0161io ateitis. \u0160is modernus sprendimas, sukurtas greitesniam duomen\u0173 perdavimui ir veiksmingam \u012fkrovimui, u\u017etikrina supaprastint\u0105 ir universal\u0173 ry\u0161\u012f. \u0160is koncentratorius suderinamas su \u012fvairiais \u012frenginiais, tod\u0117l tai tikrai ateities investicija, u\u017etikrinanti lengv\u0105 ry\u0161\u012f.<\/p>\n\n<h3 class=\"wp-block-heading\">Lengva prieiga prie \u017einiasklaidos  <\/h3>\n\n<p>Naudodamiesi &#8220;DroiX NT8&#8221; dviem SD korteli\u0173 skaitytuvais, medijos failus pasieksite per kelias sekundes. Nesvarbu, ar tai b\u016bt\u0173 nuotraukos, vaizdo \u012fra\u0161ai, ar svarb\u016bs dokumentai, \u0161ie skaitytuvai palaiko tiek &#8220;Micro SD&#8221;, tiek SD korteles ir u\u017etikrina iki 480 Mbps duomen\u0173 perdavimo greit\u012f. Visus svarbiausius duomenis gal\u0117site greitai ir be vargo gauti po ranka.<\/p>\n\n<h3 class=\"wp-block-heading\">Kompakti\u0161kas dizainas, did\u017eiulis poveikis  <\/h3>\n\n<p>&#8220;DroiX NT8&#8221; i\u0161siskiria eleganti\u0161ku ir kompakti\u0161ku dizainu dideli\u0173 gabarit\u0173 prietais\u0173 pasaulyje. Vos 104 x 43 x 13 mm dyd\u017eio telefonas yra puikus kompanionas keliaujantiems. Nesvarbu, ar esate kavin\u0117je, susitikime, ar keliaujate, \u0161is koncentratorius yra pakankamai ma\u017eas, kad gal\u0117tum\u0117te j\u012f ne\u0161iotis bet kur, ta\u010diau pakankamai galingas, kad u\u017etikrint\u0173 didel\u012f poveik\u012f j\u016bs\u0173 ry\u0161io poreikiams.<\/p>\n\n<h3 class=\"wp-block-heading\">Universalus suderinamumas  <\/h3>\n\n<p>&#8220;DroiX NT8 Clear&#8221; USB \u0161akotuvas yra ne tik universalus, bet ir visuotinai suderinamas. Sukurtas taip, kad skland\u017eiai veikt\u0173 su C tipo USB \u012frenginiais, tokiais kaip asmeniniai ir mini kompiuteriai, ne\u0161iojamieji kompiuteriai, ne\u0161iojamieji \u017eaidim\u0173 \u012frenginiai ir kt., tod\u0117l tai yra &#8220;viskas viename&#8221; sprendimas, kurio ie\u0161kojote. Daugiau nebereik\u0117s \u017eongliruoti keliais \u0161akotuvais &#8211; \u0161is yra vienintelis, kurio jums kada nors prireiks.  <\/p>\n\n<h3 class=\"wp-block-heading\">I\u0161vados: Ry\u0161i\u0173 revoliucija  <\/h3>\n\n<p>Tarp daugyb\u0117s USB \u0161akotuv\u0173 &#8220;DroiX NT8 Clear&#8221; USB \u0161akotuvas i\u0161siskiria i\u0161 kit\u0173. \u012esp\u016bdingas funkcij\u0173 rinkinys, kompakti\u0161kas dizainas ir universalus suderinamumas &#8211; tai daugiau nei tik \u0161akotuvas &#8211; tai revoliucija ry\u0161io srityje. Nesvarbu, ar esate technikos entuziastas, \u017eaid\u0117jas, ar keliaujantis profesionalas, &#8220;DroiX NT8&#8221; yra geriausias \u012frankis, kuris pagerins j\u016bs\u0173 technikos patirt\u012f. \u017denkite \u012f ateit\u012f su &#8220;DroiX NT8&#8221; &#8211; j\u016bs\u0173 \u012frenginiai bus d\u0117kingi!<\/p>\n\n<p>Daugiau informacijos rasite &#8221; <strong>Droix NT8 Clear&#8221; USB \u0161akotuvo naudojimo prad\u017eios<\/strong> vadove.<\/p>\n","protected":false},"excerpt":{"rendered":"<ul>\n<li>&#8220;DroiX<strong> NT8<\/strong> Clear USB Hub<\/li>\n<li><strong>10\/100\/1000M<\/strong> Gigabit Ethernet<\/li>\n<li>100W PD \u012fkrovimas<\/li>\n<li><strong>&#8220;MicroSD&#8221; \/ SD kortel\u0117s lizdas<\/strong> 480 Mbps<\/li>\n<li><strong>HDMI 4K<\/strong> i\u0161vestis<\/li>\n<\/ul>\n[cg_accordion title=\"INFORMACIJA APMOK\u0116JIMUI\"]<\/p>\n<p>Naudojame naujausias mok\u0117jimo apdorojimo technologijas, kurios leid\u017eia greitai ir saugiai atsiskaityti per &#8220;Apple Pay&#8221;, &#8220;Google Pay&#8221;, debeto \/ kredito kortel\u0119, &#8220;PayPal&#8221; arba BNPL metodus, tokius kaip &#8220;Klarna&#8221;, &#8220;Affirm&#8221; arba &#8220;AfterPay&#8221;.[\/cg_accordion]\n[cg_accordion title=\"GARANTIJA\"]<\/p>\n<p><a href=\"https:\/\/droix.net\/\" target=\"_blank\" rel=\"nofollow noopener\">DROIX Global suteikia 2 met\u0173 garantij\u0105, kad<\/a> b\u016btum\u0117te ram\u016bs[\/cg_accordion]\n[cg_accordion title=\"KAINOS, MOKES\u010cIAI IR PRISTATYMAS\"]<\/p>\n<p><strong><u>Pastaba:<\/u><\/strong><\/p>\n<ul>\n<li>Jungtini\u0173 Amerikos Valstij\u0173 klientai: \u012e rodom\u0105 kain\u0105 N\u0116RA \u012fskai\u010diuoti mokes\u010diai ir muitai. Atsakomyb\u0117 i\u0161muitinti muitin\u0119 ir sumok\u0117ti visus susijusius mokes\u010dius ir muitus tenka klientui. <\/li>\n<li>ES klientai: \u012e nurodyt\u0105 kain\u0105 \u012fskai\u010diuoti taikomi mokes\u010diai, kurie, priklausomai nuo j\u016bs\u0173 \u0161alies, gali siekti iki 25 %.<\/li>\n<li>Kanados klientai: \u012e nurodyt\u0105 kain\u0105 \u012fskai\u010diuoti taikomi mokes\u010diai, kurie, priklausomai nuo j\u016bs\u0173 provincijos, gali apimti 5 % GPM ir papildomus provincijos pardavimo mokes\u010dius (PST), suderint\u0105 pardavimo mokest\u012f (HST) arba Kvebeko pardavimo mokest\u012f (QST).<\/li>\n<\/ul>\n<p><strong>TIK ES klientams:<\/strong> Express DDP (pristatoma sumok\u0117jus muit\u0105). Tai rei\u0161kia: <\/p>\n<ul>\n<li>Visi muitai ir mokes\u010diai \u012fskai\u010diuoti \u012f produkto puslapyje nurodyt\u0105 kain\u0105.<\/li>\n<li>Pristatymo metu jums nereik\u0117s mok\u0117ti joki\u0173 papildom\u0173 mokes\u010di\u0173.<\/li>\n<li>Retais atvejais, kai kyla su muitine susijusi\u0173 problem\u0173, m\u016bs\u0173 komanda pasir\u016bpins muitin\u0117s formalumais j\u016bs\u0173 vardu, kad b\u016bt\u0173 u\u017etikrintas sklandus pristatymas.<\/li>\n<p>Svarbi informacija apie gr\u0105\u017einim\u0105:<\/p>\n<li>Jei nuspr\u0119site gr\u0105\u017einti u\u017esakym\u0105 arba pra\u0161ysite gr\u0105\u017einti pinigus, tur\u0117kite omenyje, kad mokes\u010diai ir muitai, sumok\u0117ti u\u017e jus pagal DDP s\u0105lygas, negali b\u016bti gr\u0105\u017einami.<\/li>\n<p>I\u0161samesn\u0117s informacijos rasite m\u016bs\u0173 <a href=\"https:\/\/gpdstore.net\/lt\/terms-of-service\/\" target=\"_blank\" rel=\"nofollow noopener\">s\u0105lygose ir nuostatose<\/a>.\n<\/ul>\n<p>[\/cg_accordion]\n[cg_accordion title=\"KLIENT\u0172 APTARNAVIMAS\"]<\/p>\n<p>Turite klausim\u0105? U\u017etenka para\u0161yti trump\u0105j\u0105 \u017einut\u0119 ir j\u016bs\u0173 klausimas bus i\u0161spr\u0119stas!<br \/>\n[\/cg_accordion]\n[cg_accordion title=\"KAS \u012eTRAUKTA\"]<\/p>\n<ul>\n<li>1x &#8220;DroiX NT8 Clear USB Hub<\/li>\n<\/ul>\n<p>[\/cg_accordion]\n","protected":false},"featured_media":344077,"template":"","meta":{"_acf_changed":false},"product_brand":[],"product_cat":[5396],"product_tag":[5974],"woo-feed-brand":[5456],"class_list":{"0":"post-343997","1":"product","2":"type-product","3":"status-publish","4":"has-post-thumbnail","6":"product_cat-priedai","7":"product_tag-droix-hub-lt","8":"product_shipping_class-low-end","9":"pa_i-o-video-1x-hdmi-lt","10":"woo-feed-brand-droix-lt","12":"first","13":"outofstock","14":"sale","15":"taxable","16":"shipping-taxable","17":"purchasable","18":"product-type-simple"},"acf":[],"aioseo_notices":[],"_links":{"self":[{"href":"https:\/\/gpdstore.net\/lt\/wp-json\/wp\/v2\/product\/343997","targetHints":{"allow":["GET"]}}],"collection":[{"href":"https:\/\/gpdstore.net\/lt\/wp-json\/wp\/v2\/product"}],"about":[{"href":"https:\/\/gpdstore.net\/lt\/wp-json\/wp\/v2\/types\/product"}],"wp:featuredmedia":[{"embeddable":true,"href":"https:\/\/gpdstore.net\/lt\/wp-json\/wp\/v2\/media\/344077"}],"wp:attachment":[{"href":"https:\/\/gpdstore.net\/lt\/wp-json\/wp\/v2\/media?parent=343997"}],"wp:term":[{"taxonomy":"product_brand","embeddable":true,"href":"https:\/\/gpdstore.net\/lt\/wp-json\/wp\/v2\/product_brand?post=343997"},{"taxonomy":"product_cat","embeddable":true,"href":"https:\/\/gpdstore.net\/lt\/wp-json\/wp\/v2\/product_cat?post=343997"},{"taxonomy":"product_tag","embeddable":true,"href":"https:\/\/gpdstore.net\/lt\/wp-json\/wp\/v2\/product_tag?post=343997"},{"taxonomy":"woo-feed-brand","embeddable":true,"href":"https:\/\/gpdstore.net\/lt\/wp-json\/wp\/v2\/woo-feed-brand?post=343997"}],"curies":[{"name":"wp","href":"https:\/\/api.w.org\/{rel}","templated":true}]}}