{"id":302475,"date":"2024-05-17T08:45:56","date_gmt":"2024-05-17T08:45:56","guid":{"rendered":"https:\/\/gpdstore.net\/be-kategorijos\/gpd-win-3-zaidimu-nesiojamasis-kompiuteris\/"},"modified":"2025-12-23T10:19:27","modified_gmt":"2025-12-23T10:19:27","slug":"gpd-win-3","status":"publish","type":"product","link":"https:\/\/gpdstore.net\/lt\/product\/gpd-win-3\/","title":{"rendered":"GPD WIN 3 \u017eaidim\u0173 ne\u0161iojamasis kompiuteris"},"content":{"rendered":"\n<h3 class=\"wp-block-heading\"><br\/>Pristatome GPD WIN 3: i\u0161 naujo apibr\u0117\u017eti ne\u0161iojamuosius \u017eaidim\u0173 kompiuterius<\/h3>\n\n<p>Sveiki atvyk\u0119 su GPD WIN 3 \u012f ne\u0161iojam\u0173j\u0173 kompiuteri\u0173 \u017eaidim\u0173 prie\u0161ak\u012f. \u0160is prietaisas &#8211; tai did\u017eiulis \u0161uolis ne\u0161iojam\u0173j\u0173 \u017eaidim\u0173 technologij\u0173 srityje, u\u017etikrinantis neprilygstam\u0105 na\u0161um\u0105, naujovi\u0161k\u0105 dizain\u0105 ir puik\u0173 mobilum\u0105. Sukurtas \u017eaid\u0117jams, kurie reikalauja meistri\u0161kumo, GPD WIN 3 sujungia stacionaraus \u017eaidim\u0173 kompiuterio gali\u0105 ir patog\u0173 ne\u0161iojam\u0105j\u012f \u012frengin\u012f. Nesvarbu, ar esate namuose, keliaujate, ar keliaujate, su GPD WIN 3 m\u0117gstamus \u017eaidimus gal\u0117site \u017eaisti ranka &#8211; tereik\u0117s tik paslinkti klaviat\u016br\u0105. Patirkite patogumo ir didelio na\u0161umo sintez\u0119 ir atraskite nauj\u0105 \u017eaidim\u0173 er\u0105 su GPD WIN 3.<\/p>\n\n<h3 class=\"wp-block-heading\">Produkto ap\u017evalga: Ne\u0161iojam\u0173j\u0173 \u017eaidim\u0173 vir\u0161\u016bn\u0117<\/h3>\n\n<p>&#8220;GPD WIN 3&#8221; demonstruoja naujausius ne\u0161iojam\u0173j\u0173 \u017eaidim\u0173 technologijos pasiekimus. Vos 560 g sveriantis ir 198 mm x 92 mm x 27 mm dyd\u017eio \u017eaidim\u0173 kompiuteris sukurtas taip, kad patogiai tilpt\u0173 rankose ar krep\u0161yje. Eleganti\u0161ka i\u0161stumiama klaviat\u016bra atveria begal\u0119 \u017eaidim\u0173 galimybi\u0173, tod\u0117l puikiai tinka \u017eaidimams keliaujant arba namuose.<\/p>\n\n<p>GPD WIN 3, kuriame veikia &#8220;Intel Core i7-1195G7&#8221; procesorius, sukurtas taip, kad u\u017etikrint\u0173 i\u0161skirtin\u0119 \u017eaidim\u0173 patirt\u012f. D\u0117l kompakti\u0161ko dizaino jis yra ne tik \u017eaidim\u0173 galingas \u012frenginys, bet ir universalus \u012frankis \u012fvairioje aplinkoje, nesvarbu, ar keliaujate, ar ilsit\u0117s namuose.<\/p>\n\n<h3 class=\"wp-block-heading\">I\u0161samios savyb\u0117s: Efektyvumas i\u0161laisvintas<\/h3>\n\n<p><strong>Veikimas:<\/strong> GPD WIN 3 \u012fdiegtas &#8220;Intel Core i7-1195G7&#8221; procesorius ir Intel Iris Xe grafika, nustatantys naujus ne\u0161iojam\u0173j\u0173 \u017eaidim\u0173 na\u0161umo standartus. \u0160is procesorius su 4 branduoliais ir 8 gijomis, pasiekian\u010diomis iki 5,00 GHz su &#8220;Turbo Boost&#8221;, u\u017etikrina i\u0161skirtin\u012f na\u0161um\u0105. Integruotas grafikos procesorius su 96 vykdymo vienetais u\u017etikrina stiprias grafikos galimybes, palaiko 4K rai\u0161k\u0105 esant 60 Hz da\u017eniui.  <\/p>\n\n<p><strong>Atmintis ir saugykla:<\/strong> GPD WIN 3 turi 16 GB LPDDR4x-4266 operatyviosios atminties ir u\u017etikrina greit\u0105 \u017eaidim\u0173 \u012fk\u0117lim\u0105 ir skland\u0173 daugiaprogram\u012f darb\u0105. Jo 1 TB NVMe SSD suteikia pakankamai vietos gausiai \u017eaidim\u0173 bibliotekai ir greitam \u012fk\u0117limui, kad m\u0117gstamiausi \u017eaidimai ir programos b\u016bt\u0173 paruo\u0161tos darbui. <\/p>\n\n<h3 class=\"wp-block-heading\">Vartotojo patirtis: Pritaikyta \u017eaid\u0117jams<\/h3>\n\n<p>&#8220;Windows&#8221; operacin\u0117je sistemoje GPD WIN 3 palaiko daugyb\u0119 program\u0173 &#8211; nuo naujausi\u0173 AAA \u017eaidim\u0173 iki klasikini\u0173 \u017eaidim\u0173 ir kasdieni\u0173 program\u0173. 5,5 colio H-IPS jutikliniame ekrane su ry\u0161kia 1280 \u00d7 720 rai\u0161ka ir 268 PPI i\u0161ry\u0161kinama kiekviena detal\u0117. Galimyb\u0117s prisijungti yra visapusi\u0161kos: &#8220;Wi-Fi 6&#8221;, &#8220;Bluetooth 5.0&#8221; ir kelios USB jungtys u\u017etikrina ry\u0161\u012f su \u017eaidimais ir periferiniais \u012frenginiais, kad ir kur b\u016btum\u0117te.<\/p>\n\n<h3 class=\"wp-block-heading\">I\u0161vados: \u017daidim\u0173 ateitis j\u016bs\u0173 rankose<\/h3>\n\n<p>GPD WIN 3 &#8211; tai daugiau nei ne\u0161iojamasis \u017eaidim\u0173 \u012frenginys; tai vizionieri\u0161kas \u0161uolis \u012f \u017eaidim\u0173 ateit\u012f. Suderinus didelio na\u0161umo aparatin\u0119 \u012frang\u0105 ir ne\u0161iojam\u0105j\u012f, naujovi\u0161k\u0105 dizain\u0105, si\u016bloma geriausia \u017eaidim\u0173 patirtis keliaujantiems. \u0160is \u012frenginys &#8211; tai ne tik \u017eingsnis \u012f priek\u012f, bet ir permainingas \u0161uolis \u012f \u017eaidim\u0173 ateit\u012f.<\/p>\n","protected":false},"excerpt":{"rendered":"<ul>\n<li>&#8220;Intel\u00ae<b> Core\u2122 i5-1135G7\/ i7-1165G7\/ i7-1195G7<\/b> w\/ <b>Intel Iris Xe Graphics<\/b><\/li>\n<li><strong>16 GB dviej\u0173 kanal\u0173<\/strong> LPDDR4x @ 4266 MHz<\/li>\n<li><strong>1 TB<\/strong> didel\u0117s spartos &#8220;PCI-E <strong>NVMe<\/strong> <strong> SSD<\/strong><\/li>\n<li><strong>&#8220;Thunderbolt 4&#8221; prievadas<\/strong><\/li>\n<li><strong>&#8220;WiFi 6&#8221;<\/strong> ir <strong>&#8220;Bluetooth 5.1&#8221;<\/strong> palaikymas<\/li>\n<li>AAA <strong>\u017eaidim\u0173 ne\u0161iojamasis kompiuteris<\/strong><\/li>\n<\/ul>\n[cg_accordion title=\"INFORMACIJA APMOK\u0116JIMUI\"]<\/p>\n<p>Naudojame naujausias mok\u0117jimo apdorojimo technologijas, kurios leid\u017eia greitai ir saugiai atsiskaityti per &#8220;Apple Pay&#8221;, &#8220;Google Pay&#8221;, debeto \/ kredito kortel\u0119, &#8220;PayPal&#8221; arba BNPL metodus, tokius kaip &#8220;Klarna&#8221;, &#8220;Affirm&#8221; arba &#8220;AfterPay&#8221;.[\/cg_accordion]\n[cg_accordion title=\"GARANTIJA\"]<\/p>\n<p><a href=\"https:\/\/droix.net\/\" target=\"_blank\" rel=\"nofollow noopener\">DROIX Global suteikia 2 met\u0173 garantij\u0105, kad<\/a> b\u016btum\u0117te ram\u016bs[\/cg_accordion]\n[cg_accordion title=\"KAINOS, MOKES\u010cIAI IR PRISTATYMAS\"]<\/p>\n<p><strong><u>Pastaba:<\/u><\/strong><\/p>\n<ul>\n<li>Jungtini\u0173 Amerikos Valstij\u0173 klientai: \u012e rodom\u0105 kain\u0105 N\u0116RA \u012fskai\u010diuoti mokes\u010diai ir muitai. Atsakomyb\u0117 i\u0161muitinti muitin\u0119 ir sumok\u0117ti visus susijusius mokes\u010dius ir muitus tenka klientui. <\/li>\n<li>ES klientai: \u012e nurodyt\u0105 kain\u0105 \u012fskai\u010diuoti taikomi mokes\u010diai, kurie, priklausomai nuo j\u016bs\u0173 \u0161alies, gali siekti iki 25 %.<\/li>\n<li>Kanados klientai: \u012e nurodyt\u0105 kain\u0105 \u012fskai\u010diuoti taikomi mokes\u010diai, kurie, priklausomai nuo j\u016bs\u0173 provincijos, gali apimti 5 % GPM ir papildomus provincijos pardavimo mokes\u010dius (PST), suderint\u0105 pardavimo mokest\u012f (HST) arba Kvebeko pardavimo mokest\u012f (QST).<\/li>\n<\/ul>\n<p><strong>TIK ES klientams:<\/strong> Express DDP (pristatoma sumok\u0117jus muit\u0105). Tai rei\u0161kia: <\/p>\n<ul>\n<li>Visi muitai ir mokes\u010diai \u012fskai\u010diuoti \u012f produkto puslapyje nurodyt\u0105 kain\u0105.<\/li>\n<li>Pristatymo metu jums nereik\u0117s mok\u0117ti joki\u0173 papildom\u0173 mokes\u010di\u0173.<\/li>\n<li>Retais atvejais, kai kyla su muitine susijusi\u0173 problem\u0173, m\u016bs\u0173 komanda pasir\u016bpins muitin\u0117s formalumais j\u016bs\u0173 vardu, kad b\u016bt\u0173 u\u017etikrintas sklandus pristatymas.<\/li>\n<p>Svarbi informacija apie gr\u0105\u017einim\u0105:<\/p>\n<li>Jei nuspr\u0119site gr\u0105\u017einti u\u017esakym\u0105 arba pra\u0161ysite gr\u0105\u017einti pinigus, tur\u0117kite omenyje, kad mokes\u010diai ir muitai, sumok\u0117ti u\u017e jus pagal DDP s\u0105lygas, negali b\u016bti gr\u0105\u017einami.<\/li>\n<p>I\u0161samesn\u0117s informacijos rasite m\u016bs\u0173 <a href=\"https:\/\/gpdstore.net\/lt\/terms-of-service\/\" target=\"_blank\" rel=\"nofollow noopener\">s\u0105lygose ir nuostatose<\/a>.\n<\/ul>\n<p>[\/cg_accordion]\n[cg_accordion title=\"KLIENT\u0172 APTARNAVIMAS\"]<\/p>\n<p>Turite klausim\u0105? U\u017etenka para\u0161yti trump\u0105j\u0105 \u017einut\u0119 ir j\u016bs\u0173 klausimas bus i\u0161spr\u0119stas!<br \/>\n[\/cg_accordion]\n[cg_accordion title=\"KAS \u012eTRAUKTA\"]<\/p>\n<ul>\n<li>1x C tipo USB kabelis<\/li>\n<li>1x maitinimo adapteris<\/li>\n<li>1x naudotojo vadovas<\/li>\n<\/ul>\n<p>[\/cg_accordion]\n","protected":false},"featured_media":303561,"template":"","meta":{"_acf_changed":false},"product_brand":[],"product_cat":[6932],"product_tag":[9662],"woo-feed-brand":[5770],"class_list":{"0":"post-302475","1":"product","2":"type-product","3":"status-publish","4":"has-post-thumbnail","6":"product_cat-gpd-rankinis-zaidimu-kompiuteris","7":"product_tag-gpd-win-3-lt-2","8":"product_shipping_class-premium","9":"pa_bluetooth-5-1-lt","10":"pa_brand-gpd","11":"pa_graphics-gpu-model-intel-iris-xe-grafika","12":"pa_i-o-video-core-i7-1195g7-1x-per-thunderbolt-4-c-tipo-usb","13":"pa_memory-ram-capacity-16-gb-lt","14":"pa_memory-ram-technology-lpddr4x-lt","15":"pa_storage-capacity-1-tb-lt","16":"pa_storage-technology-pcie-gen-4-lt","17":"pa_wi-fi-wi-fi-6-lt","18":"woo-feed-brand-gpd-lt","20":"first","21":"outofstock","22":"taxable","23":"shipping-taxable","24":"purchasable","25":"product-type-variable","26":"has-default-attributes"},"acf":[],"aioseo_notices":[],"_links":{"self":[{"href":"https:\/\/gpdstore.net\/lt\/wp-json\/wp\/v2\/product\/302475","targetHints":{"allow":["GET"]}}],"collection":[{"href":"https:\/\/gpdstore.net\/lt\/wp-json\/wp\/v2\/product"}],"about":[{"href":"https:\/\/gpdstore.net\/lt\/wp-json\/wp\/v2\/types\/product"}],"wp:featuredmedia":[{"embeddable":true,"href":"https:\/\/gpdstore.net\/lt\/wp-json\/wp\/v2\/media\/303561"}],"wp:attachment":[{"href":"https:\/\/gpdstore.net\/lt\/wp-json\/wp\/v2\/media?parent=302475"}],"wp:term":[{"taxonomy":"product_brand","embeddable":true,"href":"https:\/\/gpdstore.net\/lt\/wp-json\/wp\/v2\/product_brand?post=302475"},{"taxonomy":"product_cat","embeddable":true,"href":"https:\/\/gpdstore.net\/lt\/wp-json\/wp\/v2\/product_cat?post=302475"},{"taxonomy":"product_tag","embeddable":true,"href":"https:\/\/gpdstore.net\/lt\/wp-json\/wp\/v2\/product_tag?post=302475"},{"taxonomy":"woo-feed-brand","embeddable":true,"href":"https:\/\/gpdstore.net\/lt\/wp-json\/wp\/v2\/woo-feed-brand?post=302475"}],"curies":[{"name":"wp","href":"https:\/\/api.w.org\/{rel}","templated":true}]}}