{"id":287899,"date":"2024-03-18T17:00:25","date_gmt":"2024-03-18T17:00:25","guid":{"rendered":"https:\/\/gpdstore.net\/be-kategorijos\/gpd-win-max-2-2024-4g-lte-priedas\/"},"modified":"2025-12-23T10:20:03","modified_gmt":"2025-12-23T10:20:03","slug":"gpd-win-max-2-4g-lte-add-on","status":"publish","type":"product","link":"https:\/\/gpdstore.net\/lt\/product\/gpd-win-max-2-4g-lte-add-on\/","title":{"rendered":"GPD WIN MAX 2 \/ 2024 4G LTE priedas"},"content":{"rendered":"\n<p><br\/>Pristatome naujausi\u0105 &#8220;GPD WIN MAX 2&#8221; \/ &#8220;GPD WIN MAX 2 2024&#8221; 4G LTE modulio i\u0161pl\u0117tim\u0105. \u0160is novatori\u0161kas i\u0161pl\u0117timas leid\u017eia \u017eaidim\u0173 entuziastams m\u0117gautis nenutr\u016bkstamais \u017eaidim\u0173 maratonais, kad ir kur jie beb\u016bt\u0173, nes u\u017etikrina skland\u0173 4G ry\u0161\u012f ir visapusi\u0161k\u0105 operatori\u0173 palaikym\u0105. <\/p>\n\n<p>\u0160is 4G LTE modulis, sukurtas atsi\u017evelgiant \u012f naudotoj\u0173 atsiliepimus ir kruop\u0161\u010diai suprojektuotas siekiant \u012fveikti technines kli\u016btis, pritaikytas 4G TD-LTE, FDD-LTE ir 3G CDMA tinklams, o jo na\u0161umas prilygsta \u012fprastini\u0173 ne\u0161iojam\u0173j\u0173 kompiuteri\u0173 na\u0161umui. Jo sklandi integracija \u012f WIN Max 2 2024 serij\u0105 atveria sud\u0117ting\u0173 \u017eaidim\u0173 galimybi\u0173 srit\u012f, kuri anks\u010diau buvo nepasiekiama ne\u0161iojamiesiems \u012frenginiams. <\/p>\n","protected":false},"excerpt":{"rendered":"<ul>\n<li>Oficialus GPD WIN MAX 2 2024 LTE modulis<\/li>\n<li>Palaikomos 4G TD-LTE, FDD-LTE, 3G CDMA.<\/li>\n<li>4G TD-LTE, FDD-LTE ir 3G CDMA palaikymas<\/li>\n<li>Nano-SIM lizdas, kad b\u016bt\u0173 patogu naudoti<\/li>\n<li>&#8220;Quectel EG25-G&#8221; modelis<\/li>\n<\/ul>\n<pre><b>SVARBU<\/b>\nMONTUOJANT REIKIA ATIDARYTI \u012eRENGIN\u012e\nKOMPONENTAI YRA MA\u017dI IR SUBTIL\u016aS.\nMES NEATSAKOME U\u017d BET KOKI\u0104 KLIENTO \u017dAL\u0104<\/pre>\n[cg_accordion title=\"INFORMACIJA APMOK\u0116JIMUI\"]<\/p>\n<p>Naudojame naujausias mok\u0117jimo apdorojimo technologijas, kurios leid\u017eia greitai ir saugiai atsiskaityti per &#8220;Apple Pay&#8221;, &#8220;Google Pay&#8221;, debeto \/ kredito kortel\u0119, &#8220;PayPal&#8221; arba BNPL metodus, tokius kaip &#8220;Klarna&#8221;, &#8220;Affirm&#8221; arba &#8220;AfterPay&#8221;.[\/cg_accordion]\n[cg_accordion title=\"GARANTIJA\"]<\/p>\n<p><a href=\"https:\/\/droix.net\/\" target=\"_blank\" rel=\"nofollow noopener\">DROIX Global suteikia 2 met\u0173 garantij\u0105, kad<\/a> b\u016btum\u0117te ram\u016bs[\/cg_accordion]\n[cg_accordion title=\"KAINOS, MOKES\u010cIAI IR PRISTATYMAS\"]<\/p>\n<p><strong><u>Pastaba:<\/u><\/strong><\/p>\n<ul>\n<li>Jungtini\u0173 Amerikos Valstij\u0173 klientai: \u012e rodom\u0105 kain\u0105 N\u0116RA \u012fskai\u010diuoti mokes\u010diai ir muitai. Atsakomyb\u0117 i\u0161muitinti muitin\u0119 ir sumok\u0117ti visus susijusius mokes\u010dius ir muitus tenka klientui. <\/li>\n<li>ES klientai: \u012e nurodyt\u0105 kain\u0105 \u012fskai\u010diuoti taikomi mokes\u010diai, kurie, priklausomai nuo j\u016bs\u0173 \u0161alies, gali siekti iki 25 %.<\/li>\n<li>Kanados klientai: \u012e nurodyt\u0105 kain\u0105 \u012fskai\u010diuoti taikomi mokes\u010diai, kurie, priklausomai nuo j\u016bs\u0173 provincijos, gali apimti 5 % GPM ir papildomus provincijos pardavimo mokes\u010dius (PST), suderint\u0105 pardavimo mokest\u012f (HST) arba Kvebeko pardavimo mokest\u012f (QST).<\/li>\n<\/ul>\n<p><strong>TIK ES klientams:<\/strong> Express DDP (pristatoma sumok\u0117jus muit\u0105). Tai rei\u0161kia: <\/p>\n<ul>\n<li>Visi muitai ir mokes\u010diai \u012fskai\u010diuoti \u012f produkto puslapyje nurodyt\u0105 kain\u0105.<\/li>\n<li>Pristatymo metu jums nereik\u0117s mok\u0117ti joki\u0173 papildom\u0173 mokes\u010di\u0173.<\/li>\n<li>Retais atvejais, kai kyla su muitine susijusi\u0173 problem\u0173, m\u016bs\u0173 komanda pasir\u016bpins muitin\u0117s formalumais j\u016bs\u0173 vardu, kad b\u016bt\u0173 u\u017etikrintas sklandus pristatymas.<\/li>\n<p>Svarbi informacija apie gr\u0105\u017einim\u0105:<\/p>\n<li>Jei nuspr\u0119site gr\u0105\u017einti u\u017esakym\u0105 arba pra\u0161ysite gr\u0105\u017einti pinigus, tur\u0117kite omenyje, kad mokes\u010diai ir muitai, sumok\u0117ti u\u017e jus pagal DDP s\u0105lygas, negali b\u016bti gr\u0105\u017einami.<\/li>\n<p>I\u0161samesn\u0117s informacijos rasite m\u016bs\u0173 <a href=\"https:\/\/gpdstore.net\/lt\/terms-of-service\/\" target=\"_blank\" rel=\"nofollow noopener\">s\u0105lygose ir nuostatose<\/a>.\n<\/ul>\n<p>[\/cg_accordion]\n[cg_accordion title=\"KLIENT\u0172 APTARNAVIMAS\"]<\/p>\n<p>Turite klausim\u0105? U\u017etenka para\u0161yti trump\u0105j\u0105 \u017einut\u0119 ir j\u016bs\u0173 klausimas bus i\u0161spr\u0119stas!<br \/>\n[\/cg_accordion]\n[cg_accordion title=\"KAS \u012eTRAUKTA\"]<\/p>\n<ul>\n<li>1x GPD WIN MAX 2 LTE modulis<\/li>\n<\/ul>\n<p>[\/cg_accordion]\n","protected":false},"featured_media":288115,"template":"","meta":{"_acf_changed":false},"product_brand":[],"product_cat":[5396],"product_tag":[15806,6121],"woo-feed-brand":[5770],"class_list":{"0":"post-287899","1":"product","2":"type-product","3":"status-publish","4":"has-post-thumbnail","6":"product_cat-priedai","7":"product_tag-20xmsale-lt-2","8":"product_tag-gpd-wm2-priedas","9":"product_shipping_class-low-end","10":"pa_accessory-type-papildomi-priedai","11":"pa_brand-gpd","12":"woo-feed-brand-gpd-lt","14":"first","15":"outofstock","16":"sale","17":"taxable","18":"shipping-taxable","19":"purchasable","20":"product-type-simple"},"acf":[],"aioseo_notices":[],"_links":{"self":[{"href":"https:\/\/gpdstore.net\/lt\/wp-json\/wp\/v2\/product\/287899","targetHints":{"allow":["GET"]}}],"collection":[{"href":"https:\/\/gpdstore.net\/lt\/wp-json\/wp\/v2\/product"}],"about":[{"href":"https:\/\/gpdstore.net\/lt\/wp-json\/wp\/v2\/types\/product"}],"wp:featuredmedia":[{"embeddable":true,"href":"https:\/\/gpdstore.net\/lt\/wp-json\/wp\/v2\/media\/288115"}],"wp:attachment":[{"href":"https:\/\/gpdstore.net\/lt\/wp-json\/wp\/v2\/media?parent=287899"}],"wp:term":[{"taxonomy":"product_brand","embeddable":true,"href":"https:\/\/gpdstore.net\/lt\/wp-json\/wp\/v2\/product_brand?post=287899"},{"taxonomy":"product_cat","embeddable":true,"href":"https:\/\/gpdstore.net\/lt\/wp-json\/wp\/v2\/product_cat?post=287899"},{"taxonomy":"product_tag","embeddable":true,"href":"https:\/\/gpdstore.net\/lt\/wp-json\/wp\/v2\/product_tag?post=287899"},{"taxonomy":"woo-feed-brand","embeddable":true,"href":"https:\/\/gpdstore.net\/lt\/wp-json\/wp\/v2\/woo-feed-brand?post=287899"}],"curies":[{"name":"wp","href":"https:\/\/api.w.org\/{rel}","templated":true}]}}