{"id":276486,"date":"2024-01-23T17:05:50","date_gmt":"2024-01-23T17:05:50","guid":{"rendered":"https:\/\/gpdstore.net\/be-kategorijos\/gpd-oculink-sff8611-kabelis-ir-m-2-8612-adapterio-kortele\/"},"modified":"2026-01-06T01:56:04","modified_gmt":"2026-01-06T01:56:04","slug":"gpd-oculink-sff8611-cable","status":"publish","type":"product","link":"https:\/\/gpdstore.net\/lt\/product\/gpd-oculink-sff8611-cable\/","title":{"rendered":"GPD OCuLink SFF8611 kabelis"},"content":{"rendered":"\n<h1 class=\"wp-block-heading\">GPD <strong>OCuLink SFF8611 kabelis: Spar\u010di\u0173 grafikos korteli\u0173 jung\u010di\u0173 vir\u0161\u016bn\u0117<\/strong><\/h1>\n\n<h4 class=\"wp-block-heading\"><strong>Leiskit\u0117s \u012f didel\u0117s spartos duomen\u0173 perdavimo kelion\u0119 su &#8220;Oculink<\/strong><\/h4>\n\n<p>&#8220;OCuLink SFF8611&#8221; kabelis yra \u0161iuolaikini\u0173 technologij\u0173 stebuklas greito duomen\u0173 perdavimo ir vaizdo plok\u0161\u010di\u0173 jung\u010di\u0173 srityje. \u0160is pa\u017eangiausias gaminys \u012fk\u016bnija revoliucinio &#8220;Oculink&#8221; po\u017ei\u016brio \u012f jungiamum\u0105 esm\u0119 &#8211; jis i\u0161naudoja PCIe technologijos gali\u0105, kad u\u017etikrint\u0173 dar nereg\u0117t\u0105 greit\u012f ir na\u0161um\u0105. \u0160is kabeli\u0173 derinys, sukurtas tiems, kurie atsisako tenkintis kuo nors ma\u017eiau nei geriausiu, yra j\u016bs\u0173 bilietas \u012f duomen\u0173 perdavimo greit\u012f, kuris anks\u010diau buvo laikomas ne\u012fmanomu.  <\/p>\n\n<h4 class=\"wp-block-heading\"><strong>&#8220;Oculink&#8221;: Revoliucinis ry\u0161io sprendimas<\/strong><\/h4>\n\n<p>\u0160io gaminio pagrindas &#8211; &#8220;Oculink&#8221; transformuojanti technologija. &#8220;Oculink&#8221;, kaip spar\u010dioji s\u0105saja, specialiai sukurta grafikos plok\u0161t\u0117ms, tokioms kaip GPD G1 eGPU dokin\u0117 stotis, prijungti prie pagrindini\u0173 \u012frengini\u0173, atveria nauj\u0105 ry\u0161io er\u0105. \u0160i technologija skiriasi nuo \u012fprastini\u0173 metod\u0173 ir naudoja &#8220;PCIe&#8221; technologij\u0105, kuri u\u017etikrina \u017eaibi\u0161k\u0105 duomen\u0173 perdavimo spart\u0105. Su &#8220;Oculink&#8221; gaunate ne tik kabel\u012f, bet ir dal\u012f ateities, sukurt\u0105 tam, kad i\u0161 esm\u0117s pakeist\u0173 j\u016bs\u0173 bendravimo su duomenimis patirt\u012f.<\/p>\n\n<h4 class=\"wp-block-heading\"><strong>I\u0161laisvinkite neprilygstam\u0105 duomen\u0173 perdavimo greit\u012f<\/strong><\/h4>\n\n<p>\u012esivaizduokite, kad duomenis perduodate grei\u010diu, kuris neatitinka j\u016bs\u0173 l\u016bkes\u010di\u0173. &#8220;OCuLink SFF8611&#8221; kabelis, naudojantis PCIe Gen 4.0 ir Gen 5.0 protokol\u0173 gali\u0105, u\u017etikrina iki 16 GT\/s ir 32 GT\/s duomen\u0173 perdavimo spart\u0105 kiekvienoje juostoje. Toks greitis leid\u017eia greitai ir skland\u017eiai apdoroti did\u017eiulius duomen\u0173 kiekius, gerokai padidinti sistemos na\u0161um\u0105 ir suma\u017einti u\u017edelsim\u0105. Nesvarbu, ar esate profesionalus vaizdo \u012fra\u0161\u0173 redaktorius, \u017eaidim\u0173 entuziastas, ar dirbtinio intelekto tyr\u0117jas, \u0161is gaminys yra j\u016bs\u0173 vartai \u012f greito ir efektyvaus duomen\u0173 tvarkymo pasaul\u012f.<\/p>\n\n<h4 class=\"wp-block-heading\"><strong>Did\u017eiausias pralaidumas ir kei\u010diamo na\u0161umo u\u017etikrinimas<\/strong><\/h4>\n\n<p>Viena i\u0161 i\u0161skirtini\u0173 &#8220;OCuLink SFF8611&#8221; kabelio savybi\u0173 &#8211; galimyb\u0117 padidinti duomen\u0173 srauto pralaidum\u0105 ir u\u017etikrinti kei\u010diam\u0105 na\u0161um\u0105. Suteikdamas galimyb\u0119 vienu metu perduoti duomenis keliomis juostomis, jis u\u017etikrina efektyv\u0173 turimos pralaidumo juostos plo\u010dio panaudojim\u0105. \u0160is mastelio keitimas ypa\u010d naudingas auk\u0161\u010diausios klas\u0117s grafikos programoms, palaikan\u010dioms tokias konfig\u016bracijas kaip SLI ar &#8220;CrossFire&#8221; ir tenkinan\u010dioms na\u0161umo i\u0161tro\u0161kusi\u0173 naudotoj\u0173 poreikius.  <\/p>\n\n<h4 class=\"wp-block-heading\"><strong>Kompakti\u0161kas dizainas su puikiu energijos valdymu<\/strong><\/h4>\n\n<p>Kompiuterijos pasaulyje, kur da\u017enai tr\u016bksta vietos, kompakti\u0161kas &#8220;OCuLink SFF8611&#8221; kabelis kei\u010dia \u017eaidimo taisykles. Palyginti su alternatyviomis jung\u010di\u0173 galimyb\u0117mis, tokiomis kaip USB 4, ji u\u017etikrina racionalesn\u012f ir tikslingesn\u012f prijungim\u0105 prie vaizdo plok\u0161\u010di\u0173, pagerina sistemos oro sraut\u0105 ir leid\u017eia lanks\u010diau konfig\u016bruoti aparatin\u0119 \u012frang\u0105. Be to, pa\u017eangios energijos valdymo funkcijos i\u0161maniai reguliuoja energijos suvartojim\u0105 pagal darbo kr\u016bv\u012f, tod\u0117l sistema veikia v\u0117siau ir taupiau.<\/p>\n\n<h4 class=\"wp-block-heading\"><strong>Ateities suderinamumas ateities i\u0161\u0161\u016bkiams<\/strong><\/h4>\n\n<p>Su &#8220;OCuLink SFF8611&#8221; kabeliu rasite ateities ry\u0161io sprendim\u0105. Jo atgalinis suderinamumas su ankstesni\u0173 kart\u0173 PCIe laidais u\u017etikrina skland\u0173 ry\u0161\u012f su \u012fvairiais senais ir naujais \u012frenginiais. Tobul\u0117jant technologij\u0173 pasauliui, \u0161is gaminys i\u0161lieka priekyje ir u\u017etikrina, kad j\u016bs\u0173 investicijos \u0161iandien ir toliau bus naudingos daugel\u012f met\u0173.  <\/p>\n\n<h4 class=\"wp-block-heading\"><strong>I\u0161vados: Nauja grafikos korteli\u0173 jungiamumo era<\/strong><\/h4>\n\n<p>&#8220;OCuLink SFF8611&#8221; kabelis yra daugiau nei tik gaminys &#8211; tai inovacij\u0173 galios ir nepaliaujamo meistri\u0161kumo siekio \u012frodymas. D\u0117l itin spartaus duomen\u0173 perdavimo grei\u010dio, didesnio pralaidumo, kompakti\u0161ko formato, efektyvaus maitinimo valdymo ir suderinamumo su ateitimi jis yra geriausias pasirinkimas tiems, kurie ie\u0161ko auk\u0161\u010diausio lygio na\u0161umo ir patikimumo. \u017dvelgiant \u012f ateit\u012f, \u0161is gaminys ir toliau pirmauja, keisdamas grafikos plok\u0161\u010di\u0173 jungiamumo kra\u0161tovaizd\u012f ir suteikdamas nepaprast\u0105 kompiuterin\u0119 patirt\u012f.<\/p>\n\n<p><strong>Su &#8220;OCuLink SFF8611&#8221; kabeliu gal\u0117site naudotis ry\u0161io ateitimi. U\u017esisakykite dabar ir \u017eenkite pirm\u0105j\u012f \u017eingsn\u012f \u012f pasaul\u012f, kuriame greitis, efektyvumas ir na\u0161umas neturi rib\u0173! <\/strong><\/p>\n\n<h4 class=\"wp-block-heading\"><strong>OCuLink SFF8611 kabelio privalumai:<\/strong><\/h4>\n\n<ul class=\"wp-block-list\">\n<li>Beprecedent\u0117 sparta: Naudojant PCIe Gen 4.0 ir Gen 5.0 protokolus, u\u017etikrinama iki 16 GT\/s ir 32 GT\/s duomen\u0173 perdavimo sparta kiekvienoje juostoje, o tai lenkia daugum\u0105 konkurent\u0173.<\/li>\n\n\n\n<li>Didesnis pralaidumas ir mastelio keitimas: Palaikomas vienalaikis duomen\u0173 perdavimas keliomis juostomis, tod\u0117l maksimaliai padidinamas pralaidumas tokioms reiklioms programoms kaip \u017eaidimai ar dirbtinio intelekto tyrimai.<\/li>\n\n\n\n<li>Kompakti\u0161kas dizainas ir efektyvus energijos valdymas: Si\u016bloma supaprastinta vaizdo plok\u0161\u010di\u0173 jungtis, gerinamas sistemos oro srautas ir i\u0161maniai reguliuojamas energijos suvartojimas, siekiant efektyvumo.<\/li>\n\n\n\n<li>Ateities suderinamumas: Atgalinis suderinamumas su ankstesn\u0117mis PCIe kartomis, u\u017etikrinantis ilgalaik\u012f tinkamum\u0105 naudoti su \u012fvairiais \u012frenginiais.<\/li>\n\n\n\n<li>Specialus d\u0117mesys grafini\u0173 korteli\u0173 jungiamumui: Skirtingai nei USB 4, kuri skirta \u012fvairi\u0173 tip\u0173 \u012frenginiams, ji suteikia specializuot\u0105, didelio na\u0161umo jungt\u012f vaizdo plok\u0161t\u0117ms.<\/li>\n<\/ul>\n\n<h4 class=\"wp-block-heading\"><strong>&#8220;OCuLink SFF8611&#8221; kabelio tr\u016bkumai:<\/strong><\/h4>\n\n<ul class=\"wp-block-list\">\n<li>Ribotas universalus universalumas: Sukurta pirmiausia vaizdo plok\u0161\u010di\u0173 prijungimui, tod\u0117l gali b\u016bti ne tokia universali kaip USB 4, skirta prijungti \u012fvairesnius \u012frenginius.<\/li>\n\n\n\n<li>Su suderinamumu susijusios problemos: Ne visos sistemos gali palaikyti naujausias PCIe kartas, tod\u0117l gali b\u016bti ribojamas na\u0161umas.<\/li>\n<\/ul>\n","protected":false},"excerpt":{"rendered":"<ul>\n<li>Oficialus GPD OCuLink kabelis<\/li>\n<li>Suderinama su GPD G1 eGPU<\/li>\n<li>Adapteris \u012frenginiams be &#8220;OCuLink<\/li>\n<li>4.0 ir 5.0 kartos PCIe palaikymas<\/li>\n<li>Iki 16 GT\/s ir 32 GT\/s greitis kiekvienoje juostoje<\/li>\n<\/ul>\n[cg_accordion title=\"INFORMACIJA APMOK\u0116JIMUI\"]<\/p>\n<p>Naudojame naujausias mok\u0117jimo apdorojimo technologijas, kurios leid\u017eia greitai ir saugiai atsiskaityti per &#8220;Apple Pay&#8221;, &#8220;Google Pay&#8221;, debeto \/ kredito kortel\u0119, &#8220;PayPal&#8221; arba BNPL metodus, tokius kaip &#8220;Klarna&#8221;, &#8220;Affirm&#8221; arba &#8220;AfterPay&#8221;.[\/cg_accordion]\n[cg_accordion title=\"GARANTIJA\"]<\/p>\n<p><a href=\"https:\/\/droix.net\/\" target=\"_blank\" rel=\"nofollow noopener\">DROIX Global suteikia 2 met\u0173 garantij\u0105, kad<\/a> b\u016btum\u0117te ram\u016bs[\/cg_accordion]\n[cg_accordion title=\"KAINOS, MOKES\u010cIAI IR PRISTATYMAS\"]<\/p>\n<p><strong><u>Pastaba:<\/u><\/strong><\/p>\n<ul>\n<li>Jungtini\u0173 Amerikos Valstij\u0173 klientai: \u012e rodom\u0105 kain\u0105 N\u0116RA \u012fskai\u010diuoti mokes\u010diai ir muitai. Atsakomyb\u0117 i\u0161muitinti muitin\u0119 ir sumok\u0117ti visus susijusius mokes\u010dius ir muitus tenka klientui. <\/li>\n<li>ES klientai: \u012e nurodyt\u0105 kain\u0105 \u012fskai\u010diuoti taikomi mokes\u010diai, kurie, priklausomai nuo j\u016bs\u0173 \u0161alies, gali siekti iki 25 %.<\/li>\n<li>Kanados klientai: \u012e nurodyt\u0105 kain\u0105 \u012fskai\u010diuoti taikomi mokes\u010diai, kurie, priklausomai nuo j\u016bs\u0173 provincijos, gali apimti 5 % GPM ir papildomus provincijos pardavimo mokes\u010dius (PST), suderint\u0105 pardavimo mokest\u012f (HST) arba Kvebeko pardavimo mokest\u012f (QST).<\/li>\n<\/ul>\n<p><strong>TIK ES klientams:<\/strong> Express DDP (pristatoma sumok\u0117jus muit\u0105). Tai rei\u0161kia: <\/p>\n<ul>\n<li>Visi muitai ir mokes\u010diai \u012fskai\u010diuoti \u012f produkto puslapyje nurodyt\u0105 kain\u0105.<\/li>\n<li>Pristatymo metu jums nereik\u0117s mok\u0117ti joki\u0173 papildom\u0173 mokes\u010di\u0173.<\/li>\n<li>Retais atvejais, kai kyla su muitine susijusi\u0173 problem\u0173, m\u016bs\u0173 komanda pasir\u016bpins muitin\u0117s formalumais j\u016bs\u0173 vardu, kad b\u016bt\u0173 u\u017etikrintas sklandus pristatymas.<\/li>\n<p>Svarbi informacija apie gr\u0105\u017einim\u0105:<\/p>\n<li>Jei nuspr\u0119site gr\u0105\u017einti u\u017esakym\u0105 arba pra\u0161ysite gr\u0105\u017einti pinigus, tur\u0117kite omenyje, kad mokes\u010diai ir muitai, sumok\u0117ti u\u017e jus pagal DDP s\u0105lygas, negali b\u016bti gr\u0105\u017einami.<\/li>\n<p>I\u0161samesn\u0117s informacijos rasite m\u016bs\u0173 <a href=\"https:\/\/gpdstore.net\/lt\/terms-of-service\/\" target=\"_blank\" rel=\"nofollow noopener\">s\u0105lygose ir nuostatose<\/a>.\n<\/ul>\n<p>[\/cg_accordion]\n[cg_accordion title=\"KLIENT\u0172 APTARNAVIMAS\"]<\/p>\n<p>Turite klausim\u0105? U\u017etenka para\u0161yti trump\u0105j\u0105 \u017einut\u0119 ir j\u016bs\u0173 klausimas bus i\u0161spr\u0119stas!<br \/>\n[\/cg_accordion]\n[cg_accordion title=\"KAS \u012eTRAUKTA\"]<\/p>\n<ul>\n<li>1x GPD OCuLink SFF8611 kabelis<\/li>\n<li>1x M.2 8612 adapterio kortel\u0117 <\/li>\n<\/ul>\n<p>[\/cg_accordion]\n","protected":false},"featured_media":1194144,"template":"","meta":{"_acf_changed":false},"product_brand":[],"product_cat":[5396],"product_tag":[14515,9412],"woo-feed-brand":[5770],"class_list":{"0":"post-276486","1":"product","2":"type-product","3":"status-publish","4":"has-post-thumbnail","6":"product_cat-priedai","7":"product_tag-8xmsale-lt","8":"product_tag-gpd-g1-accessory-lt","9":"product_shipping_class-low-end","10":"pa_accessory-type-kabelis","11":"woo-feed-brand-gpd-lt","13":"first","14":"instock","15":"sale","16":"taxable","17":"shipping-taxable","18":"purchasable","19":"product-type-simple"},"acf":[],"aioseo_notices":[],"_links":{"self":[{"href":"https:\/\/gpdstore.net\/lt\/wp-json\/wp\/v2\/product\/276486","targetHints":{"allow":["GET"]}}],"collection":[{"href":"https:\/\/gpdstore.net\/lt\/wp-json\/wp\/v2\/product"}],"about":[{"href":"https:\/\/gpdstore.net\/lt\/wp-json\/wp\/v2\/types\/product"}],"wp:featuredmedia":[{"embeddable":true,"href":"https:\/\/gpdstore.net\/lt\/wp-json\/wp\/v2\/media\/1194144"}],"wp:attachment":[{"href":"https:\/\/gpdstore.net\/lt\/wp-json\/wp\/v2\/media?parent=276486"}],"wp:term":[{"taxonomy":"product_brand","embeddable":true,"href":"https:\/\/gpdstore.net\/lt\/wp-json\/wp\/v2\/product_brand?post=276486"},{"taxonomy":"product_cat","embeddable":true,"href":"https:\/\/gpdstore.net\/lt\/wp-json\/wp\/v2\/product_cat?post=276486"},{"taxonomy":"product_tag","embeddable":true,"href":"https:\/\/gpdstore.net\/lt\/wp-json\/wp\/v2\/product_tag?post=276486"},{"taxonomy":"woo-feed-brand","embeddable":true,"href":"https:\/\/gpdstore.net\/lt\/wp-json\/wp\/v2\/woo-feed-brand?post=276486"}],"curies":[{"name":"wp","href":"https:\/\/api.w.org\/{rel}","templated":true}]}}