{"id":275937,"date":"2024-01-23T16:43:06","date_gmt":"2024-01-23T16:43:06","guid":{"rendered":"https:\/\/gpdstore.net\/be-kategorijos\/gpd-win-4-2024-lte-modulis\/"},"modified":"2025-12-23T10:21:21","modified_gmt":"2025-12-23T10:21:21","slug":"gpd-win-4-lte-module","status":"publish","type":"product","link":"https:\/\/gpdstore.net\/lt\/product\/gpd-win-4-lte-module\/","title":{"rendered":"GPD WIN 4 2024 LTE modulis"},"content":{"rendered":"\n<p>GPD WIN 4 2024 LTE modulis LTE modulis yra oficialus GPD priedas, kur\u012f galima pritvirtinti prie GPD WIN 4 2024 galin\u0117s dalies. Leid\u017eia prisijungti prie vis\u0173 mobiliojo ry\u0161io tinkl\u0173 ir \u017eaisti \u017eaidimus kelyje. Palaiko 4G TD-LTE, FDD-LTE ir 3G CDMA tinklus, taip pat &#8220;Nano-SIM&#8221; korteles.  <\/p>\n","protected":false},"excerpt":{"rendered":"<ul>\n<li>Oficialus <strong>GPD<\/strong> priedas, skirtas<strong> GPD WIN 4 2024<\/strong><\/li>\n<li><strong>4G LTE<\/strong> modulis, kad b\u016bt\u0173 galima \u017eaisti daugiau \u017eaidim\u0173 <strong>keliaujant<\/strong><\/li>\n<li>Palaiko 4G TD-LTE, FDD-LTE ir 3G CDMA tinklus<\/li>\n<li>Nano-SIM kortel\u0117s lizdas, kad b\u016bt\u0173 galima lengvai prisijungti<\/li>\n<li><strong>Lengvas tvirtinimas<\/strong> prie GPD WIN 4 2024 galin\u0117s dalies<\/li>\n<\/ul>\n[cg_accordion title=\"INFORMACIJA APMOK\u0116JIMUI\"]<\/p>\n<p>Naudojame naujausias mok\u0117jimo apdorojimo technologijas, kurios leid\u017eia greitai ir saugiai atsiskaityti per &#8220;Apple Pay&#8221;, &#8220;Google Pay&#8221;, debeto \/ kredito kortel\u0119, &#8220;PayPal&#8221; arba BNPL metodus, tokius kaip &#8220;Klarna&#8221;, &#8220;Affirm&#8221; arba &#8220;AfterPay&#8221;.[\/cg_accordion]\n[cg_accordion title=\"GARANTIJA\"]<\/p>\n<p><a href=\"https:\/\/droix.net\/\" target=\"_blank\" rel=\"nofollow noopener\">DROIX Global suteikia 2 met\u0173 garantij\u0105, kad<\/a> b\u016btum\u0117te ram\u016bs[\/cg_accordion]\n[cg_accordion title=\"KAINOS, MOKES\u010cIAI IR PRISTATYMAS\"]<\/p>\n<p><strong><u>Pastaba:<\/u><\/strong><\/p>\n<ul>\n<li>Jungtini\u0173 Amerikos Valstij\u0173 klientai: \u012e rodom\u0105 kain\u0105 N\u0116RA \u012fskai\u010diuoti mokes\u010diai ir muitai. Atsakomyb\u0117 i\u0161muitinti muitin\u0119 ir sumok\u0117ti visus susijusius mokes\u010dius ir muitus tenka klientui. <\/li>\n<li>ES klientai: \u012e nurodyt\u0105 kain\u0105 \u012fskai\u010diuoti taikomi mokes\u010diai, kurie, priklausomai nuo j\u016bs\u0173 \u0161alies, gali siekti iki 25 %.<\/li>\n<li>Kanados klientai: \u012e nurodyt\u0105 kain\u0105 \u012fskai\u010diuoti taikomi mokes\u010diai, kurie, priklausomai nuo j\u016bs\u0173 provincijos, gali apimti 5 % GPM ir papildomus provincijos pardavimo mokes\u010dius (PST), suderint\u0105 pardavimo mokest\u012f (HST) arba Kvebeko pardavimo mokest\u012f (QST).<\/li>\n<\/ul>\n<p><strong>TIK ES klientams:<\/strong> Express DDP (pristatoma sumok\u0117jus muit\u0105). Tai rei\u0161kia: <\/p>\n<ul>\n<li>Visi muitai ir mokes\u010diai \u012fskai\u010diuoti \u012f produkto puslapyje nurodyt\u0105 kain\u0105.<\/li>\n<li>Pristatymo metu jums nereik\u0117s mok\u0117ti joki\u0173 papildom\u0173 mokes\u010di\u0173.<\/li>\n<li>Retais atvejais, kai kyla su muitine susijusi\u0173 problem\u0173, m\u016bs\u0173 komanda pasir\u016bpins muitin\u0117s formalumais j\u016bs\u0173 vardu, kad b\u016bt\u0173 u\u017etikrintas sklandus pristatymas.<\/li>\n<p>Svarbi informacija apie gr\u0105\u017einim\u0105:<\/p>\n<li>Jei nuspr\u0119site gr\u0105\u017einti u\u017esakym\u0105 arba pra\u0161ysite gr\u0105\u017einti pinigus, tur\u0117kite omenyje, kad mokes\u010diai ir muitai, sumok\u0117ti u\u017e jus pagal DDP s\u0105lygas, negali b\u016bti gr\u0105\u017einami.<\/li>\n<p>I\u0161samesn\u0117s informacijos rasite m\u016bs\u0173 <a href=\"https:\/\/gpdstore.net\/lt\/terms-of-service\/\" target=\"_blank\" rel=\"nofollow noopener\">s\u0105lygose ir nuostatose<\/a>.\n<\/ul>\n<p>[\/cg_accordion]\n[cg_accordion title=\"KLIENT\u0172 APTARNAVIMAS\"]<\/p>\n<p>Turite klausim\u0105? U\u017etenka para\u0161yti trump\u0105j\u0105 \u017einut\u0119 ir j\u016bs\u0173 klausimas bus i\u0161spr\u0119stas!<br \/>\n[\/cg_accordion]\n[cg_accordion title=\"KAS \u012eTRAUKTA\"]<\/p>\n<ul>\n<li>1x GPD WIN 4 LTE modulis<\/li>\n<\/ul>\n<p>[\/cg_accordion]\n","protected":false},"featured_media":275939,"template":"","meta":{"_acf_changed":false},"product_brand":[],"product_cat":[5396],"product_tag":[15806,6152],"woo-feed-brand":[5770],"class_list":{"0":"post-275937","1":"product","2":"type-product","3":"status-publish","4":"has-post-thumbnail","6":"product_cat-priedai","7":"product_tag-20xmsale-lt-2","8":"product_tag-gpd-win-4-accessory-lt-2","9":"product_shipping_class-standard","11":"pa_accessory-type-papildomi-priedai","12":"pa_brand-gpd","13":"woo-feed-brand-gpd-lt","15":"first","16":"outofstock","17":"sale","18":"taxable","19":"shipping-taxable","20":"purchasable","21":"product-type-variable","22":"has-default-attributes"},"acf":[],"aioseo_notices":[],"_links":{"self":[{"href":"https:\/\/gpdstore.net\/lt\/wp-json\/wp\/v2\/product\/275937","targetHints":{"allow":["GET"]}}],"collection":[{"href":"https:\/\/gpdstore.net\/lt\/wp-json\/wp\/v2\/product"}],"about":[{"href":"https:\/\/gpdstore.net\/lt\/wp-json\/wp\/v2\/types\/product"}],"wp:featuredmedia":[{"embeddable":true,"href":"https:\/\/gpdstore.net\/lt\/wp-json\/wp\/v2\/media\/275939"}],"wp:attachment":[{"href":"https:\/\/gpdstore.net\/lt\/wp-json\/wp\/v2\/media?parent=275937"}],"wp:term":[{"taxonomy":"product_brand","embeddable":true,"href":"https:\/\/gpdstore.net\/lt\/wp-json\/wp\/v2\/product_brand?post=275937"},{"taxonomy":"product_cat","embeddable":true,"href":"https:\/\/gpdstore.net\/lt\/wp-json\/wp\/v2\/product_cat?post=275937"},{"taxonomy":"product_tag","embeddable":true,"href":"https:\/\/gpdstore.net\/lt\/wp-json\/wp\/v2\/product_tag?post=275937"},{"taxonomy":"woo-feed-brand","embeddable":true,"href":"https:\/\/gpdstore.net\/lt\/wp-json\/wp\/v2\/woo-feed-brand?post=275937"}],"curies":[{"name":"wp","href":"https:\/\/api.w.org\/{rel}","templated":true}]}}