{"id":273682,"date":"2024-01-23T12:16:16","date_gmt":"2024-01-23T12:16:16","guid":{"rendered":"https:\/\/gpdstore.net\/be-kategorijos\/gpd-mikrokompiuteris\/"},"modified":"2025-12-23T10:24:49","modified_gmt":"2025-12-23T10:24:49","slug":"gpd-micro-pc","status":"publish","type":"product","link":"https:\/\/gpdstore.net\/lt\/product\/gpd-micro-pc\/","title":{"rendered":"GPD Micro PC UMPC"},"content":{"rendered":"\n<figure class=\"wp-block-video\"><video controls=\"\" muted=\"\" poster=\"https:\/\/gpdstore.net\/wp-content\/uploads\/2024\/01\/gpd-hero.jpg\" src=\"https:\/\/gpdstore.net\/wp-content\/uploads\/2024\/01\/Video-Project-22.mp4\"><\/video><\/figure>\n\n<div class=\"wp-block-columns is-layout-flex wp-container-core-columns-is-layout-28f84493 wp-block-columns-is-layout-flex\">\n<div class=\"wp-block-column is-layout-flow wp-block-column-is-layout-flow\" style=\"flex-basis:33.33%\">\n<figure class=\"wp-block-image size-full\"><img fetchpriority=\"high\" decoding=\"async\" width=\"1200\" height=\"929\" src=\"https:\/\/gpdstore.net\/wp-content\/uploads\/2024\/05\/1271643.jpg\" alt=\"&quot;GPD Micro PC&quot; - kompakti&#x161;kas ir universalus mini kompiuteris, skirtas darbui ir produktyvumui keliaujant.\" class=\"wp-image-1670\" srcset=\"https:\/\/gpdstore.net\/wp-content\/uploads\/2024\/05\/1271643.jpg 1200w, https:\/\/gpdstore.net\/wp-content\/uploads\/2024\/05\/1271643-150x116.jpg 150w, https:\/\/gpdstore.net\/wp-content\/uploads\/2024\/05\/1271643-600x465.jpg 600w, https:\/\/gpdstore.net\/wp-content\/uploads\/2024\/05\/1271643-768x595.jpg 768w, https:\/\/gpdstore.net\/wp-content\/uploads\/2024\/05\/1271643-990x766.jpg 990w, https:\/\/gpdstore.net\/wp-content\/uploads\/2024\/05\/1271643-441x341.jpg 441w\" sizes=\"(max-width: 1200px) 100vw, 1200px\" \/><\/figure>\n<\/div>\n\n\n\n<div class=\"wp-block-column is-layout-flow wp-block-column-is-layout-flow\" style=\"flex-basis:66.66%\">\n<h2 class=\"wp-block-heading\">Daugialyp\u0117s s\u0105sajos mobilusis produktyvumo \u012frankis: 6 coli\u0173 &#8220;MicroPC&#8221;!<\/h2>\n\n\n\n<p>Nors &#8220;Microsoft Surface Go&#8221; buvo \u012fvertintas kaip kompakti\u0161kas, lengvas ir \u012fperkamas galingas \u012frenginys, 6 coli\u0173 &#8220;MicroPC&#8221; perkelia j\u012f \u012f kit\u0105 lyg\u012f. Jis ne tik ma\u017eesnis u\u017e &#8220;Surface Go&#8221;, bet ir turi daugiau s\u0105saj\u0173, tod\u0117l yra ne\u012ftik\u0117tinai universalus prietaisas. \u0160is delno dyd\u017eio stebuklas, kurio ploniausias ta\u0161kas yra vos 15 mm, o svoris &#8211; 440 g, sukurtas taip, kad b\u016bt\u0173 itin patogus ne\u0161iotis, ta\u010diau nesuma\u017e\u0117t\u0173 jo na\u0161umas. &#8220;MicroPC&#8221; sunaudoja tik 10 W \u0161ilumin\u0117s galios, tod\u0117l jo na\u0161umas prilygsta &#8220;Surface Go&#8221; na\u0161umui, o kaina yra palankesn\u0117. &#8220;MicroPC&#8221; idealiai tinka vis\u0173 pramon\u0117s \u0161ak\u0173 specialistams, nes yra pagrindinis mobilusis produktyvumo \u012frankis!<\/p>\n<\/div>\n<\/div>\n\n<h2 class=\"wp-block-heading has-text-align-center\">Itin patogus ne\u0161iojimas ir prakti\u0161kas dizainas: GPD Micro PC specifikacijos ir formos faktorius<\/h2>\n\n<div class=\"wp-block-columns is-layout-flex wp-container-core-columns-is-layout-28f84493 wp-block-columns-is-layout-flex\">\n<div class=\"wp-block-column is-layout-flow wp-block-column-is-layout-flow\">\n<figure class=\"wp-block-image size-full is-resized\"><img decoding=\"async\" width=\"1000\" height=\"899\" src=\"https:\/\/gpdstore.net\/wp-content\/uploads\/2024\/05\/714PPtewL._AC_UF10001000_QL80_.jpg\" alt=\"GPD Micro PC su 6 coli&#x173; IPS ekranu, idealiai tinkantis ne&#x161;iojamiesiems kompiuteriams ir daugialyp&#x117;s terp&#x117;s u&#x17E;duotims.\" class=\"wp-image-1675\" style=\"width:299px;height:auto\" srcset=\"https:\/\/gpdstore.net\/wp-content\/uploads\/2024\/05\/714PPtewL._AC_UF10001000_QL80_.jpg 1000w, https:\/\/gpdstore.net\/wp-content\/uploads\/2024\/05\/714PPtewL._AC_UF10001000_QL80_-150x135.jpg 150w, https:\/\/gpdstore.net\/wp-content\/uploads\/2024\/05\/714PPtewL._AC_UF10001000_QL80_-600x539.jpg 600w, https:\/\/gpdstore.net\/wp-content\/uploads\/2024\/05\/714PPtewL._AC_UF10001000_QL80_-768x690.jpg 768w, https:\/\/gpdstore.net\/wp-content\/uploads\/2024\/05\/714PPtewL._AC_UF10001000_QL80_-990x890.jpg 990w, https:\/\/gpdstore.net\/wp-content\/uploads\/2024\/05\/714PPtewL._AC_UF10001000_QL80_-441x396.jpg 441w\" sizes=\"(max-width: 1000px) 100vw, 1000px\" \/><\/figure>\n\n\n\n<h3 class=\"wp-block-heading\">Galutinis ki\u0161eninis kompiuteris: Kod\u0117l 6 coli\u0173 formatas puikiai tinka skaitmeniniams klajokliams?<\/h3>\n\n\n\n<p>Vos 6 x 4 coli\u0173 dyd\u017eio ir tik 440 gram\u0173 sveriantis mini kompiuteris puikiai tinka nuolat keliaujantiems profesionalams, studentams ir skaitmeniniams klajokliams. Keturi\u0173 branduoli\u0173 &#8220;Intel&#8221; procesorius, 8 GB <a href=\"https:\/\/gpdstore.net\/lt\/product-attribute\/memory-ram-capacity\/8-gb-lt\/\" target=\"_blank\" rel=\"noreferrer noopener\">operatyviosios atminties<\/a> ir 256 GB, <a href=\"https:\/\/gpdstore.net\/lt\/product-attribute\/storage-capacity\/256-gb-lt\/\" target=\"_blank\" data-type=\"link\" data-id=\"https:\/\/gpdstore.net\/product-attribute\/storage-capacity\/256gb\/\" rel=\"noreferrer noopener\">512 GB arba<\/a> 1 TB <a href=\"https:\/\/gpdstore.net\/lt\/product-attribute\/storage-capacity\/512-gb-talpa\/\" target=\"_blank\" rel=\"noreferrer noopener\">talpos saugykla<\/a> <a href=\"https:\/\/gpdstore.net\/lt\/product-attribute\/storage-capacity\/1-tb-lt\/\" target=\"_blank\" rel=\"noreferrer noopener\">u\u017etikrina<\/a> spart\u0173 na\u0161um\u0105 atliekant kelias u\u017eduotis ir pramogaujant didel\u0117s skiriamosios gebos ekrane.<\/p>\n<\/div>\n\n\n\n<div class=\"wp-block-column is-layout-flow wp-block-column-is-layout-flow\">\n<figure class=\"wp-block-image size-full\"><img decoding=\"async\" width=\"300\" height=\"300\" src=\"https:\/\/gpdstore.net\/wp-content\/uploads\/2024\/05\/078e6b89-8d78-4318-bf09-8caf8fecef63.__CR1800840840_PT0_SX300_V1___.jpg\" alt=\"GPD Micro PC, sukurtas taip, kad b&#x16B;t&#x173; atsparus sm&#x16B;giams ir patvarus &#x12F;vairiose aplinkose\" class=\"wp-image-1672\" srcset=\"https:\/\/gpdstore.net\/wp-content\/uploads\/2024\/05\/078e6b89-8d78-4318-bf09-8caf8fecef63.__CR1800840840_PT0_SX300_V1___.jpg 300w, https:\/\/gpdstore.net\/wp-content\/uploads\/2024\/05\/078e6b89-8d78-4318-bf09-8caf8fecef63.__CR1800840840_PT0_SX300_V1___-150x150.jpg 150w, https:\/\/gpdstore.net\/wp-content\/uploads\/2024\/05\/078e6b89-8d78-4318-bf09-8caf8fecef63.__CR1800840840_PT0_SX300_V1___-100x100.jpg 100w\" sizes=\"(max-width: 300px) 100vw, 300px\" \/><\/figure>\n\n\n\n<h3 class=\"wp-block-heading\"><strong>Aviacijos klas\u0117s ABS korpusas: GPD Micro PC patvarumo ir apsaugos ap\u017evalga<\/strong><\/h3>\n\n\n\n<p>\u0160i med\u017eiaga, pagaminta i\u0161 auk\u0161\u010diausio lygio aviacijos klas\u0117s ABS sintetin\u0117s dervos LG-DOW 121H, importuotos i\u0161 Piet\u0173 Kor\u0117jos, pasi\u017eymi i\u0161skirtiniu patvarumu ir apsauga. Didelio 1 mm storio, jis pasi\u017eymi atsparumu liepsnai, dideliu atsparumu kar\u0161\u010diui ir V-0 atsparumo ugniai sertifikatu. \u012esp\u016bdingas Rokvelo kietumas &#8211; iki 109 R, o atsparumas lenkimui &#8211; 26 000 kg\/cm\u00b2<\/p>\n<\/div>\n\n\n\n<div class=\"wp-block-column is-layout-flow wp-block-column-is-layout-flow\">\n<figure class=\"wp-block-image size-full\"><img loading=\"lazy\" decoding=\"async\" width=\"300\" height=\"300\" src=\"https:\/\/gpdstore.net\/wp-content\/uploads\/2024\/05\/84908091-c530-4179-9369-d0a566b13ce8.__CR1260949949_PT0_SX300_V1___.jpg\" alt=\"GPD Micro PC su i&#x161;pl&#x117;stini&#x173; periferini&#x173; &#x12F;rengini&#x173; palaikymu, u&#x17E;tikrinantis universalias jungtis ir funkcionalum&#x105; kompakti&#x161;koje formoje\" class=\"wp-image-1674\" srcset=\"https:\/\/gpdstore.net\/wp-content\/uploads\/2024\/05\/84908091-c530-4179-9369-d0a566b13ce8.__CR1260949949_PT0_SX300_V1___.jpg 300w, https:\/\/gpdstore.net\/wp-content\/uploads\/2024\/05\/84908091-c530-4179-9369-d0a566b13ce8.__CR1260949949_PT0_SX300_V1___-150x150.jpg 150w, https:\/\/gpdstore.net\/wp-content\/uploads\/2024\/05\/84908091-c530-4179-9369-d0a566b13ce8.__CR1260949949_PT0_SX300_V1___-100x100.jpg 100w\" sizes=\"(max-width: 300px) 100vw, 300px\" \/><\/figure>\n\n\n\n<h3 class=\"wp-block-heading\"><strong>Saugyklos ir funkcij\u0173 i\u0161pl\u0117timas: USB 3.0 ir &#8220;Micro SD&#8221; lizdo naudojimas<\/strong><\/h3>\n\n\n\n<p>\u0160iame \u012frenginyje yra trys USB 3.0 s\u0105sajos ir &#8220;Micro SD&#8221; lizdas, tod\u0117l \u012f j\u012f galima \u012fd\u0117ti iki keturi\u0173 i\u0161orini\u0173 atminties \u012frengini\u0173, tod\u0117l jo talpa prakti\u0161kai neribota. Ta\u010diau tuo universalumas nesibaigia. Galimyb\u0117 per koncentratori\u0173 prijungti papildomus periferinius \u012frenginius suteikia galimyb\u0119 pritaikyti s\u0105rank\u0105 pagal savo poreikius, nesvarbu, ar tai b\u016bt\u0173 produktyvumo didinimas, ar funkcij\u0173 i\u0161pl\u0117timas.<\/p>\n<\/div>\n<\/div>\n\n<figure class=\"wp-block-image size-large\"><img loading=\"lazy\" decoding=\"async\" width=\"1200\" height=\"563\" src=\"https:\/\/gpdstore.net\/wp-content\/uploads\/2024\/05\/1068053-1200x563.jpg\" alt=\"GPD Micro PC - kompakti&#x161;kas ir galingas mini kompiuteris, idealiai tinkantis mobiliesiems kompiuteriams ir produktyvumui kelion&#x117;se\" class=\"wp-image-1678\" srcset=\"https:\/\/gpdstore.net\/wp-content\/uploads\/2024\/05\/1068053-1200x563.jpg 1200w, https:\/\/gpdstore.net\/wp-content\/uploads\/2024\/05\/1068053-150x70.jpg 150w, https:\/\/gpdstore.net\/wp-content\/uploads\/2024\/05\/1068053-600x281.jpg 600w, https:\/\/gpdstore.net\/wp-content\/uploads\/2024\/05\/1068053-768x360.jpg 768w, https:\/\/gpdstore.net\/wp-content\/uploads\/2024\/05\/1068053-1536x720.jpg 1536w, https:\/\/gpdstore.net\/wp-content\/uploads\/2024\/05\/1068053-990x464.jpg 990w, https:\/\/gpdstore.net\/wp-content\/uploads\/2024\/05\/1068053-441x207.jpg 441w, https:\/\/gpdstore.net\/wp-content\/uploads\/2024\/05\/1068053.jpg 1920w\" sizes=\"(max-width: 1200px) 100vw, 1200px\" \/><\/figure>\n\n<p><br\/>I\u0161bandykite auk\u0161\u010diausio lygio na\u0161um\u0105 kompakti\u0161koje pakuot\u0117je su GPD Micro PC. \u0160is &#8220;Windows 10 PRO&#8221; mini ne\u0161iojamasis kompiuteris pritaikytas tiems, kurie ie\u0161ko greito ir efektyvaus pramoninio kompiuterio su patikimais ry\u0161io prievadais.<\/p>\n\n<figure class=\"wp-block-image size-large\"><img loading=\"lazy\" decoding=\"async\" width=\"1200\" height=\"600\" src=\"https:\/\/gpdstore.net\/wp-content\/uploads\/2024\/05\/MicroPC-1200x600.jpg\" alt=\"GPD Micro PC - ma&#x17E;as, bet galingas ne&#x161;iojamasis kompiuteris, skirtas &#x12F;vairioms kompiuterin&#x117;ms u&#x17E;duotims atlikti.\" class=\"wp-image-1677\" srcset=\"https:\/\/gpdstore.net\/wp-content\/uploads\/2024\/05\/MicroPC-1200x600.jpg 1200w, https:\/\/gpdstore.net\/wp-content\/uploads\/2024\/05\/MicroPC-150x75.jpg 150w, https:\/\/gpdstore.net\/wp-content\/uploads\/2024\/05\/MicroPC-600x300.jpg 600w, https:\/\/gpdstore.net\/wp-content\/uploads\/2024\/05\/MicroPC-768x384.jpg 768w, https:\/\/gpdstore.net\/wp-content\/uploads\/2024\/05\/MicroPC-1536x768.jpg 1536w, https:\/\/gpdstore.net\/wp-content\/uploads\/2024\/05\/MicroPC-990x495.jpg 990w, https:\/\/gpdstore.net\/wp-content\/uploads\/2024\/05\/MicroPC-441x221.jpg 441w, https:\/\/gpdstore.net\/wp-content\/uploads\/2024\/05\/MicroPC.jpg 1920w\" sizes=\"(max-width: 1200px) 100vw, 1200px\" \/><\/figure>\n\n<p>&#8220;Micro PC&#8221; veikia su spar\u010diuoju &#8220;Intel\u00ae Celeron\u00ae N4120&#8221; keturi\u0173 branduoli\u0173 procesoriumi, kurio turbininis da\u017enis siekia iki 2,6 GHz, ir <a href=\"https:\/\/gpdstore.net\/lt\/product-attribute\/memory-ram-capacity\/8-gb-lt\/\" target=\"_blank\" rel=\"noreferrer noopener\">8 GB<\/a> spar\u010diosios <a href=\"https:\/\/gpdstore.net\/lt\/product-attribute\/memory-ram-technology\/lpddr4-lt\/\" target=\"_blank\" rel=\"noreferrer noopener\">LPDDR4<\/a> operatyviosios atminties, tod\u0117l jis pasi\u017eymi \u012fsp\u016bdingu na\u0161umu. Pasirinkite vien\u0105 i\u0161 trij\u0173 saugojimo galimybi\u0173: <a href=\"https:\/\/gpdstore.net\/lt\/product-attribute\/storage-capacity\/256-gb-lt\/\" target=\"_blank\" rel=\"noreferrer noopener\">256 GB<\/a>, <a href=\"https:\/\/gpdstore.net\/lt\/product-attribute\/storage-capacity\/512-gb-talpa\/\" target=\"_blank\" rel=\"noreferrer noopener\">512 GB<\/a> arba <a href=\"https:\/\/gpdstore.net\/lt\/product-attribute\/storage-capacity\/1-tb-lt\/\" target=\"_blank\" rel=\"noreferrer noopener\">1 TB<\/a> NGFF M.2 SATA SSD disk\u0105, kur\u012f v\u0117liau gal\u0117site patobulinti.<\/p>\n\n<p>Ry\u0161iai yra svarbiausias dalykas, prilygstantis net pilnaver\u010diams pramoniniams kompiuteriams: trys A tipo USB 3.0 prievadai, vienas C tipo USB prievadas, RS232 nuoseklusis prievadas, RJ45 1GB\/s Ethernet prievadas, HDMI prievadas ir &#8220;MicroSD&#8221; korteli\u0173 skaitytuvas. Belaid\u017eio ry\u0161io parinktys: 802.11b\/g\/n\/ac, 2,4G\/5G dviej\u0173 da\u017eni\u0173 &#8220;Wi-Fi&#8221; ir &#8220;Bluetooth 4.2&#8221;.<\/p>\n\n<p>&#8220;Micro PC&#8221; 6 coli\u0173 ekranas turi 1280&#215;720 rai\u0161k\u0105 ir yra apsaugotas \u012fbr\u0117\u017eimams atspariu &#8220;Corning Gorilla Glass 4&#8221; stiklu. Nepaisant galingos aparatin\u0117s \u012frangos, \u0161is prietaisas yra kompakti\u0161kas &#8211; u\u017edarytas jis yra vos 6 x 4,4 x 0,9 coli\u0173 dyd\u017eio &#8211; pakankamai ma\u017eas, kad tilpt\u0173 \u012f ki\u0161en\u0119 ar nedidel\u012f krep\u0161\u012f.<\/p>\n\n<p>&#8220;GPD Micro&#8221; pasi\u017eymi i\u0161skirtiniu ne\u0161iojamumu, pla\u010diomis jungtimis ir didelio na\u0161umo galimyb\u0117mis, tod\u0117l yra idealus pasirinkimas &#8220;Windows 10&#8221; mikrokompiuteri\u0173 entuziastams.<\/p>\n\n<figure class=\"wp-block-image size-large\"><img loading=\"lazy\" decoding=\"async\" width=\"1200\" height=\"500\" src=\"https:\/\/gpdstore.net\/wp-content\/uploads\/2024\/05\/1068559-1200x500.jpg\" alt=\"&quot;GPD Micro PC&quot; - kompakti&#x161;kas ir tvirtas mini kompiuteris, puikiai tinkantis mobiliesiems kompiuteriams ir produktyvumui.\" class=\"wp-image-1676\" srcset=\"https:\/\/gpdstore.net\/wp-content\/uploads\/2024\/05\/1068559-1200x500.jpg 1200w, https:\/\/gpdstore.net\/wp-content\/uploads\/2024\/05\/1068559-150x63.jpg 150w, https:\/\/gpdstore.net\/wp-content\/uploads\/2024\/05\/1068559-600x250.jpg 600w, https:\/\/gpdstore.net\/wp-content\/uploads\/2024\/05\/1068559-768x320.jpg 768w, https:\/\/gpdstore.net\/wp-content\/uploads\/2024\/05\/1068559-1536x640.jpg 1536w, https:\/\/gpdstore.net\/wp-content\/uploads\/2024\/05\/1068559-990x413.jpg 990w, https:\/\/gpdstore.net\/wp-content\/uploads\/2024\/05\/1068559-441x184.jpg 441w, https:\/\/gpdstore.net\/wp-content\/uploads\/2024\/05\/1068559.jpg 1920w\" sizes=\"(max-width: 1200px) 100vw, 1200px\" \/><\/figure>\n","protected":false},"excerpt":{"rendered":"<ul>\n<li>Pritaikyta IT specialistams<\/li>\n<li>&#8220;Intel&#8221; mikroschem\u0173 rinkinys N4120<\/li>\n<li>Windows 10 <strong>Pro<\/strong><\/li>\n<li>RS-232 nuoseklusis prievadas<\/li>\n<li>Dviej\u0173 da\u017eni\u0173 &#8220;Wi-Fi&#8221; ir 1 gigabitinis RJ45 prievadas<\/li>\n<\/ul>\n<p>[cg_accordion title=\"INFORMACIJA APMOK\u0116JIMUI\"]  Mes naudojame naujausias mok\u0117jimo apdorojimo technologijas, kurios leid\u017eia jums greitai ir saugiai atsiskaityti debeto\/kredito kortele arba &#8220;PayPal&#8221;.[\/cg_accordion] [cg_accordion title=\"GARANTIJA\"] <a href=\"https:\/\/droix.net\/\" target=\"_blank\" rel=\"nofollow noopener\">DROIX Global suteikia 2 met\u0173 garantij\u0105, kad<\/a> b\u016btum\u0117te ram\u016bs.[\/cg_accordion] [cg_accordion title=\"KOKYB\u0116S U\u017dTIKRINIMAS IR BANDYMAI PRIE\u0160 I\u0160SIUNTIM\u0104\"]  Auk\u0161\u010diausio lygio klient\u0173 pasitenkinimo u\u017etikrinimas: Prie\u0161 i\u0161siun\u010diant kiekvien\u0105 prietais\u0105 atliekamas grie\u017etas testavimas ir daugiapakopis kokyb\u0117s u\u017etikrinimas. M\u016bs\u0173 komanda tikrina veikim\u0105, funkcionalum\u0105 ir komponent\u0173 vientisum\u0105, kad u\u017etikrintume, jog j\u016bs\u0173 GPD prietaisas atvykus b\u016bt\u0173 nepriekai\u0161tingos b\u016bkl\u0117s, o j\u016bs b\u016btum\u0117te tikri ir ram\u016bs. [\/cg_accordion] [cg_accordion title=\"PRICING, TAXES AND SHIPPING\"] <strong><u>Pastaba:<\/u><\/strong><\/p>\n<ul>\n<li>Jungtini\u0173 Amerikos Valstij\u0173 klientai: \u012e rodom\u0105 kain\u0105 N\u0116RA \u012fskai\u010diuoti mokes\u010diai ir muitai. Atsakomyb\u0117 i\u0161muitinti muitin\u0119 ir sumok\u0117ti visus susijusius mokes\u010dius ir muitus tenka klientui. <\/li>\n<li>ES klientai: \u012e nurodyt\u0105 kain\u0105 \u012fskai\u010diuoti taikomi mokes\u010diai, kurie, priklausomai nuo j\u016bs\u0173 \u0161alies, gali siekti iki 25 %.<\/li>\n<li>Kanados klientai: \u012e nurodyt\u0105 kain\u0105 \u012fskai\u010diuoti taikomi mokes\u010diai, kurie, priklausomai nuo j\u016bs\u0173 provincijos, gali apimti 5 % GPM ir papildomus provincijos pardavimo mokes\u010dius (PST), suderint\u0105 pardavimo mokest\u012f (HST) arba Kvebeko pardavimo mokest\u012f (QST).<\/li>\n<\/ul>\n<p><strong>TIK ES klientams:<\/strong> Express DDP (pristatoma sumok\u0117jus muit\u0105). Tai rei\u0161kia: <\/p>\n<ul>\n<li style=\"list-style-type: none;\">\n<ul>\n<li>Visi muitai ir mokes\u010diai \u012fskai\u010diuoti \u012f produkto puslapyje nurodyt\u0105 kain\u0105.<\/li>\n<li>Pristatymo metu jums nereik\u0117s mok\u0117ti joki\u0173 papildom\u0173 mokes\u010di\u0173.<\/li>\n<li>Retais atvejais, kai kyla su muitine susijusi\u0173 problem\u0173, m\u016bs\u0173 komanda pasir\u016bpins muitin\u0117s formalumais j\u016bs\u0173 vardu, kad b\u016bt\u0173 u\u017etikrintas sklandus pristatymas.<\/li>\n<p>Svarbi informacija apie gr\u0105\u017einim\u0105:<\/p>\n<li>Jei nuspr\u0119site gr\u0105\u017einti u\u017esakym\u0105 arba pra\u0161ysite gr\u0105\u017einti pinigus, tur\u0117kite omenyje, kad mokes\u010diai ir muitai, sumok\u0117ti u\u017e jus pagal DDP s\u0105lygas, negali b\u016bti gr\u0105\u017einami.<\/li>\n<p>\u017dr. m\u016bs\u0173<\/ul>\n<\/li>\n<\/ul>\n<p><a href=\"https:\/\/droix.net\/terms-and-conditions\/\" target=\"_blank\" rel=\"nofollow noopener\">Taisykl\u0117s ir s\u0105lygos<\/a><\/p>\n<ul>i\u0161samesn\u0117s informacijos.<\/ul>\n<p>[\/cg_accordion] [cg_accordion title=\"KLIENT\u0172 APTARNAVIMAS\"]  Turite klausim\u0105? U\u017etenka para\u0161yti trump\u0105j\u0105 \u017einut\u0119 ir j\u016bs\u0173 klausimas bus i\u0161spr\u0119stas!  I\u0161samesn\u0117s informacijos rasite m\u016bs\u0173 <a href=\"https:\/\/gpdstore.net\/lt\/terms-of-service\/\" target=\"_blank\" rel=\"nofollow noopener\">s\u0105lygose ir nuostatose<\/a>.  [\/cg_accordion] [cg_accordion title=\"WHAT'S INCLUDED\"]<\/p>\n<ul>\n<li>1x GPD Micro PC<\/li>\n<li>1x maitinimo adapteris<\/li>\n<li>1x C tipo USB kabelis<\/li>\n<li>1x naudotojo vadovas<\/li>\n<\/ul>\n<p>[\/cg_accordion]<\/p>\n","protected":false},"featured_media":274313,"template":"","meta":{"_acf_changed":false},"product_brand":[],"product_cat":[7083],"product_tag":[16894,18100],"woo-feed-brand":[5770],"class_list":{"0":"post-273682","1":"product","2":"type-product","3":"status-publish","4":"has-post-thumbnail","6":"product_cat-gpd-mini-nesiojamieji-kompiuteriai","7":"product_tag-10xmsale-lt","8":"product_tag-gpd-micro-pc-lt","9":"product_shipping_class-standard","10":"pa_bluetooth-4-2-lt","11":"pa_brand-gpd","12":"pa_graphics-gpu-model-uhd-graphics-600-lt","13":"pa_i-o-video-1x-a-tipo-hdmi-2-0","14":"pa_memory-ram-capacity-8-gb-lt","15":"pa_memory-ram-technology-lpddr4-lt","16":"pa_processor-cpu-model-celeron-n4120-processor","17":"pa_storage-capacity-1-tb-lt","18":"pa_storage-capacity-1tb","19":"pa_storage-capacity-256-gb-lt","20":"pa_storage-capacity-256gb","21":"pa_storage-capacity-512-gb-talpa","22":"pa_storage-capacity-512gb","23":"pa_storage-technology-m-2-2242-ssd-lt-2","24":"pa_wi-fi-2-4g-5g-dvieju-dazniu-diapazonas","25":"woo-feed-brand-gpd-lt","27":"first","28":"outofstock","29":"sale","30":"taxable","31":"shipping-taxable","32":"purchasable","33":"product-type-variable","34":"has-default-attributes"},"acf":[],"aioseo_notices":[],"_links":{"self":[{"href":"https:\/\/gpdstore.net\/lt\/wp-json\/wp\/v2\/product\/273682","targetHints":{"allow":["GET"]}}],"collection":[{"href":"https:\/\/gpdstore.net\/lt\/wp-json\/wp\/v2\/product"}],"about":[{"href":"https:\/\/gpdstore.net\/lt\/wp-json\/wp\/v2\/types\/product"}],"wp:featuredmedia":[{"embeddable":true,"href":"https:\/\/gpdstore.net\/lt\/wp-json\/wp\/v2\/media\/274313"}],"wp:attachment":[{"href":"https:\/\/gpdstore.net\/lt\/wp-json\/wp\/v2\/media?parent=273682"}],"wp:term":[{"taxonomy":"product_brand","embeddable":true,"href":"https:\/\/gpdstore.net\/lt\/wp-json\/wp\/v2\/product_brand?post=273682"},{"taxonomy":"product_cat","embeddable":true,"href":"https:\/\/gpdstore.net\/lt\/wp-json\/wp\/v2\/product_cat?post=273682"},{"taxonomy":"product_tag","embeddable":true,"href":"https:\/\/gpdstore.net\/lt\/wp-json\/wp\/v2\/product_tag?post=273682"},{"taxonomy":"woo-feed-brand","embeddable":true,"href":"https:\/\/gpdstore.net\/lt\/wp-json\/wp\/v2\/woo-feed-brand?post=273682"}],"curies":[{"name":"wp","href":"https:\/\/api.w.org\/{rel}","templated":true}]}}