{"id":256675,"date":"2024-01-24T17:32:18","date_gmt":"2024-01-24T17:32:18","guid":{"rendered":"https:\/\/gpdstore.net\/be-kategorijos\/sd1-prijungimo-stotis\/"},"modified":"2025-12-23T10:21:22","modified_gmt":"2025-12-23T10:21:22","slug":"sd1-docking-station","status":"publish","type":"product","link":"https:\/\/gpdstore.net\/lt\/product\/sd1-docking-station\/","title":{"rendered":"SD1 prijungimo stotis"},"content":{"rendered":"\n<h1 class=\"wp-block-heading\"><strong>I\u0161laisvinkite vis\u0105 delnini\u0173 \u017eaidim\u0173 potencial\u0105 su SD1 prijungimo stotimi!<\/strong><\/h1>\n\n<h3 class=\"wp-block-heading\">Sklandi \u017eaidim\u0173 integracija ranka pasiekiama!<\/h3>\n\n<p>Sveiki atvyk\u0119 \u012f pagrindin\u012f \u017eaidim\u0105 kei\u010diant\u012f ne\u0161iojam\u0173j\u0173 \u017eaidim\u0173 kompiuteri\u0173 pried\u0173 model\u012f! Pristatome SD1 prijungimo stotel\u0119, specialiai sukurt\u0105 aistringiems \u017eaid\u0117jams, kurie trok\u0161ta skland\u017eios ir nepertraukiamos \u017eaidim\u0173 patirties. Naudodami \u0161i\u0105 moderni\u0105 prijungimo stotel\u0119 \u017eaid\u0117jai gali padidinti savo ne\u0161iojam\u0173j\u0173 \u017eaidim\u0173 kompiuteri\u0173 galimybes kaip niekada anks\u010diau. Nuo populiariojo &#8220;Steam Deck&#8221; iki i\u0161skirtinio &#8220;AYA NEO Geek 1S&#8221; &#8211; SD1 pasi\u017eymi universalumu ir u\u017etikrina, kad j\u016bs\u0173 m\u0117gstamiausias ne\u0161iojamasis \u012frenginys gaut\u0173 reikiam\u0105 impuls\u0105. Tiesiog prijunkite j\u012f prie doko, prijunkite C tipo USB kabeliu ir steb\u0117kite, kaip vyksta stebuklingas veiksmas.<\/p>\n\n<h3 class=\"wp-block-heading\"><strong>Itin spartus ir pastovus interneto ry\u0161ys<\/strong><\/h3>\n\n<p>Daugiau jokio v\u0117lavimo. Daugiau joki\u0173 pertrauk\u0173. Pasinerkite \u012f \u017eaidim\u0173 visat\u0105 su SD1 RJ45 Gigabit Ethernet. \u0160i prijungimo stotel\u0117, kurios greitis siekia iki 1000M, u\u017etikrina prana\u0161um\u0105 \u017eaid\u017eiant daugelio \u017eaid\u0117j\u0173 \u017eaidimus ir u\u017etikrina itin jautrias \u017eaidim\u0173 sesijas. Atsisveikinkite su varginan\u010diu v\u0117lavimu ir d\u017eiaukit\u0117s skland\u017eia realaus laiko \u017eaidim\u0173 s\u0105veika. Kai svarbi kiekviena milisekund\u0117, SD1 u\u017etikrina, kad visada b\u016bsite \u017eingsniu priekyje.<\/p>\n\n<h3 class=\"wp-block-heading\"><strong>Ry\u0161ki ir ai\u0161ki ekrano patirtis<\/strong><\/h3>\n\n<p>Pagerinkite savo vizualin\u0119 \u017eaidim\u0173 patirt\u012f! SD1 prijungimo stotel\u0117 turi HDMI 2.0 i\u0161vest\u012f, tod\u0117l \u017eaid\u0117jai gali pasinerti \u012f turting\u0105 4K vaizd\u0105 \u0161ilkiniu 60 Hz da\u017eniu. D\u0117l iki 4096&#215;2160 rai\u0161kos galimybi\u0173 kiekvienas vaizdo ta\u0161kas atgyja, perkeldamas jus \u012f pat\u012f veiksmo centr\u0105. Patirkite \u017eaidimus visu j\u0173 gro\u017eiu, nepriekai\u0161tingu detalumu, ry\u0161kiomis spalvomis ir neprilygstamu ai\u0161kumu.<\/p>\n\n<h3 class=\"wp-block-heading\"><strong>Greitas ir efektyvus energijos tiekimas<\/strong><\/h3>\n\n<p>Galimyb\u0117 \u017eaisti be galo! SD1 prijungimo stotel\u0117 skirta ne tik ry\u0161iui ir vaizdui, bet ir tam, kad j\u016bs\u0173 \u017eaidim\u0173 \u012frenginys b\u016bt\u0173 maitinamas elektros energija. D\u0117l ne\u012ftik\u0117tinos 100 W PD \u012fkrovimo galimyb\u0117s jis greitai papildys j\u016bs\u0173 \u012frenginio baterij\u0105 ir u\u017etikrins, kad m\u016b\u0161io \u012fkar\u0161tyje baterija niekada nei\u0161sikraus. \u017daiskite toliau, b\u016bdami tikri, kad j\u016bs\u0173 \u012frenginys nuolat maitinamas patikima ir greita \u012fkrovimo sistema.<\/p>\n\n<h3 class=\"wp-block-heading\"><strong>Keli\u0173 prievad\u0173 prieinamumas geresniam naudojimui<\/strong><\/h3>\n\n<p>Geriausias universalumas! SD1 turi tris A tipo 3.0 USB prievadus, tod\u0117l \u017eaid\u0117jai gali prijungti daugyb\u0119 periferini\u0173 \u012frengini\u0173. Nesvarbu, ar tai b\u016bt\u0173 papildomas valdiklis, ausin\u0117s, ar bet koks kitas USB priedas, SD1 prijungimo stotel\u0117 u\u017etikrina, kad b\u016bsite pasireng\u0119 bet kokiam \u017eaidim\u0173 scenarijui. Pasinaudokite spartesniu duomen\u0173 perdavimu ir m\u0117gaukit\u0117s netvarkinga \u017eaidim\u0173 aplinka.<\/p>\n\n<h3 class=\"wp-block-heading\"><strong>Patikimas ir efektyvus ry\u0161ys<\/strong><\/h3>\n\n<p>\u017daidim\u0173 galimybi\u0173 pasaulis atrakinamas vienu kabeliu. SD1 naudoja C tipo USB galingum\u0105 ir u\u017etikrina stabil\u0173 ir efektyv\u0173 jungim\u0105si tarp prijungimo stotel\u0117s ir ne\u0161iojamojo \u017eaidim\u0173 \u012frenginio. \u0160is naujovi\u0161kas ry\u0161io sprendimas ne tik u\u017etikrina spartesn\u012f duomen\u0173 perdavim\u0105, bet ir universal\u0173 suderinamum\u0105 su naujausiais \u017eaidim\u0173 \u012frenginiais.<\/p>\n\n<h3 class=\"wp-block-heading\"><strong>Patvari konstrukcija ir eleganti\u0161ka estetika<\/strong><\/h3>\n\n<p>SD1 yra ne tik techninio meistri\u0161kumo, bet ir eleganti\u0161ko dizaino ir tvirtos konstrukcijos \u012frodymas. Pagamintas i\u0161 pilko aliuminio, jis suteikia auk\u0161\u010diausios kokyb\u0117s \u012fsp\u016bd\u012f ir yra ilgaam\u017eis. Kad j\u016bs\u0173 brang\u016bs \u017eaidim\u0173 \u012frenginiai visada b\u016bt\u0173 apsaugoti, d\u0117kle yra juodos silikonin\u0117s pagalv\u0117l\u0117s, u\u017etikrinan\u010dios papildom\u0105 apsaug\u0105 nuo \u012fbr\u0117\u017eim\u0173 ir nety\u010dini\u0173 paslydim\u0173.<\/p>\n\n<h3 class=\"wp-block-heading\"><strong>Universalus suderinamumas: \u017daid\u0117j\u0173 d\u017eiaugsmas!<\/strong><\/h3>\n\n<p>Puiki\u0173 pried\u0173 skiriamasis bruo\u017eas yra j\u0173 pritaikomumas, o SD1 \u0161iuo aspektu ry\u0161kiai i\u0161siskiria. Sukurta taip, kad j\u0105 b\u016bt\u0173 galima naudoti su \u012fvairiais ne\u0161iojamaisiais \u017eaidim\u0173 kompiuteriais, tod\u0117l n\u0117 vienas \u017eaid\u0117jas neliks nuo\u0161alyje. Nesvarbu, ar turite naujausi\u0105 GPD WIN 4 2023, ar ONEXPLAYER 2, \u0161i prijungimo stotel\u0117 &#8211; tai vienintelis sprendimas, kaip pagerinti \u017eaidim\u0173 galimybes. Testuota su Steam Deck, ROG Ally, GPD WIN 4, GPD WIN 4 2023, ONEXPLAYER 2, AYA NEO 2S, AYA NEO Geek ir AYA NEO Geek 1S.<\/p>\n\n<h3 class=\"wp-block-heading\"><strong>I\u0161vada<\/strong><\/h3>\n\n<p>\u017denkite \u012f ne\u0161iojam\u0173j\u0173 \u017eaidim\u0173 ateit\u012f su SD1 prijungimo stotimi. Tai ne tik prijungimo stotel\u0117 &#8211; tai patirtis, kelion\u0117, naujas \u017eaidimo b\u016bdas. Pagerinkite savo \u017eaidim\u0173 sesijas ir prad\u0117kite nauj\u0105j\u0105 ne\u0161iojam\u0173j\u0173 \u017eaidim\u0173 er\u0105 su SD1 prijungimo stotimi.<\/p>\n\n<p><\/p>\n","protected":false},"excerpt":{"rendered":"<ul>\n<li><strong>SD1 <\/strong>prijungimo stotis<\/li>\n<li>Gigabit Ethernet<\/li>\n<li>100W PD USB-C<\/li>\n<li>HDMI i\u0161vestis<\/li>\n<li><strong>Suderinama su<\/strong> GPD WIN 4 2024 ir daugeliu kit\u0173<\/li>\n<\/ul>\n[cg_accordion title=\"INFORMACIJA APMOK\u0116JIMUI\"]<\/p>\n<p>Naudojame naujausias mok\u0117jimo apdorojimo technologijas, kurios leid\u017eia greitai ir saugiai atsiskaityti per &#8220;Apple Pay&#8221;, &#8220;Google Pay&#8221;, debeto \/ kredito kortel\u0119, &#8220;PayPal&#8221; arba BNPL metodus, tokius kaip &#8220;Klarna&#8221;, &#8220;Affirm&#8221; arba &#8220;AfterPay&#8221;.[\/cg_accordion]\n[cg_accordion title=\"GARANTIJA\"]<\/p>\n<p><a href=\"https:\/\/droix.net\/\" target=\"_blank\" rel=\"nofollow noopener\">DROIX Global suteikia 2 met\u0173 garantij\u0105, kad<\/a> b\u016btum\u0117te ram\u016bs[\/cg_accordion]\n[cg_accordion title=\"KAINOS, MOKES\u010cIAI IR PRISTATYMAS\"]<\/p>\n<p><strong><u>Pastaba:<\/u><\/strong><\/p>\n<ul>\n<li>Jungtini\u0173 Amerikos Valstij\u0173 klientai: \u012e rodom\u0105 kain\u0105 N\u0116RA \u012fskai\u010diuoti mokes\u010diai ir muitai. Atsakomyb\u0117 i\u0161muitinti muitin\u0119 ir sumok\u0117ti visus susijusius mokes\u010dius ir muitus tenka klientui. <\/li>\n<li>ES klientai: \u012e nurodyt\u0105 kain\u0105 \u012fskai\u010diuoti taikomi mokes\u010diai, kurie, priklausomai nuo j\u016bs\u0173 \u0161alies, gali siekti iki 25 %.<\/li>\n<li>Kanados klientai: \u012e nurodyt\u0105 kain\u0105 \u012fskai\u010diuoti taikomi mokes\u010diai, kurie, priklausomai nuo j\u016bs\u0173 provincijos, gali apimti 5 % GPM ir papildomus provincijos pardavimo mokes\u010dius (PST), suderint\u0105 pardavimo mokest\u012f (HST) arba Kvebeko pardavimo mokest\u012f (QST).<\/li>\n<\/ul>\n<p><strong>TIK ES klientams:<\/strong> Express DDP (pristatoma sumok\u0117jus muit\u0105). Tai rei\u0161kia: <\/p>\n<ul>\n<li>Visi muitai ir mokes\u010diai \u012fskai\u010diuoti \u012f produkto puslapyje nurodyt\u0105 kain\u0105.<\/li>\n<li>Pristatymo metu jums nereik\u0117s mok\u0117ti joki\u0173 papildom\u0173 mokes\u010di\u0173.<\/li>\n<li>Retais atvejais, kai kyla su muitine susijusi\u0173 problem\u0173, m\u016bs\u0173 komanda pasir\u016bpins muitin\u0117s formalumais j\u016bs\u0173 vardu, kad b\u016bt\u0173 u\u017etikrintas sklandus pristatymas.<\/li>\n<p>Svarbi informacija apie gr\u0105\u017einim\u0105:<\/p>\n<li>Jei nuspr\u0119site gr\u0105\u017einti u\u017esakym\u0105 arba pra\u0161ysite gr\u0105\u017einti pinigus, tur\u0117kite omenyje, kad mokes\u010diai ir muitai, sumok\u0117ti u\u017e jus pagal DDP s\u0105lygas, negali b\u016bti gr\u0105\u017einami.<\/li>\n<p>I\u0161samesn\u0117s informacijos rasite m\u016bs\u0173 <a href=\"https:\/\/gpdstore.net\/lt\/terms-of-service\/\" target=\"_blank\" rel=\"nofollow noopener\">s\u0105lygose ir nuostatose<\/a>.\n<\/ul>\n<p>[\/cg_accordion]\n[cg_accordion title=\"KLIENT\u0172 APTARNAVIMAS\"]<\/p>\n<p>Turite klausim\u0105? U\u017etenka para\u0161yti trump\u0105j\u0105 \u017einut\u0119 ir j\u016bs\u0173 klausimas bus i\u0161spr\u0119stas!<br \/>\n[\/cg_accordion]\n[cg_accordion title=\"KAS \u012eTRAUKTA\"]<\/p>\n<ul>\n<li>1x SD1 prijungimo stotel\u0117<\/li>\n<\/ul>\n<p>[\/cg_accordion]\n","protected":false},"featured_media":257127,"template":"","meta":{"_acf_changed":false},"product_brand":[],"product_cat":[5396],"product_tag":[14807,5974],"woo-feed-brand":[5456],"class_list":{"0":"post-256675","1":"product","2":"type-product","3":"status-publish","4":"has-post-thumbnail","6":"product_cat-priedai","7":"product_tag-40xmsale-lt","8":"product_tag-droix-hub-lt","9":"product_shipping_class-standard","11":"pa_accessory-type-prisijungimo-stotis","12":"pa_i-o-video-1x-hdmi-lt","13":"woo-feed-brand-droix-lt","15":"first","16":"outofstock","17":"sale","18":"taxable","19":"shipping-taxable","20":"purchasable","21":"product-type-simple"},"acf":[],"aioseo_notices":[],"_links":{"self":[{"href":"https:\/\/gpdstore.net\/lt\/wp-json\/wp\/v2\/product\/256675","targetHints":{"allow":["GET"]}}],"collection":[{"href":"https:\/\/gpdstore.net\/lt\/wp-json\/wp\/v2\/product"}],"about":[{"href":"https:\/\/gpdstore.net\/lt\/wp-json\/wp\/v2\/types\/product"}],"wp:featuredmedia":[{"embeddable":true,"href":"https:\/\/gpdstore.net\/lt\/wp-json\/wp\/v2\/media\/257127"}],"wp:attachment":[{"href":"https:\/\/gpdstore.net\/lt\/wp-json\/wp\/v2\/media?parent=256675"}],"wp:term":[{"taxonomy":"product_brand","embeddable":true,"href":"https:\/\/gpdstore.net\/lt\/wp-json\/wp\/v2\/product_brand?post=256675"},{"taxonomy":"product_cat","embeddable":true,"href":"https:\/\/gpdstore.net\/lt\/wp-json\/wp\/v2\/product_cat?post=256675"},{"taxonomy":"product_tag","embeddable":true,"href":"https:\/\/gpdstore.net\/lt\/wp-json\/wp\/v2\/product_tag?post=256675"},{"taxonomy":"woo-feed-brand","embeddable":true,"href":"https:\/\/gpdstore.net\/lt\/wp-json\/wp\/v2\/woo-feed-brand?post=256675"}],"curies":[{"name":"wp","href":"https:\/\/api.w.org\/{rel}","templated":true}]}}