{"id":232039,"date":"2023-11-29T11:23:37","date_gmt":"2023-11-29T11:23:37","guid":{"rendered":"https:\/\/gpdstore.net\/be-kategorijos\/gpd-g1-2024-egpu-prijungimo-stotele\/"},"modified":"2026-03-27T11:13:59","modified_gmt":"2026-03-27T11:13:59","slug":"gpd-g1","status":"publish","type":"product","link":"https:\/\/gpdstore.net\/lt\/product\/gpd-g1\/","title":{"rendered":"GPD G1 (2024) &#8220;eGPU&#8221; prijungimo stotel\u0117"},"content":{"rendered":"\n<figure class=\"wp-block-image aligncenter size-full\"><img decoding=\"async\" src=\"https:\/\/gpdstore.net\/wp-content\/uploads\/\" alt=\"&quot;GPD G1 2024 eGPU&quot; prijungimo stotel&#x117;s su &quot;AMD Radeon RX 7600M XT&quot; grafiniu procesoriumi, TGP perjungimo jungikliu ir universaliomis jungtimis vaizdas. Puikiai tinka &#x17E;aid&#x117;jams ir profesionalams. I&#x161;ankstinis u&#x17E;sakymas dabar d&#x117;l revoliucini&#x173; galimybi&#x173;\" class=\"wp-image-1471\"\/><\/figure>\n\n<h2 class=\"wp-block-heading\"><strong>&#8220;GPD G1 2024 eGPU&#8221; prijungimo stotis: Revoliucinis \u0161uolis<\/strong><\/h2>\n\n<p>&#8220;GPD G1 2024 eGPU&#8221; prijungimo stotel\u0117 yra didelis \u0161uolis \u012f priek\u012f i\u0161orini\u0173 grafikos procesori\u0173 pasaulyje. \u0160i prijungimo stotel\u0117 sukurta naudotojams, kuriems reikia ir mobilumo, ir didelio na\u0161umo skai\u010diavim\u0173, tod\u0117l i\u0161 naujo apibr\u0117\u017eia eGPU pramon\u0117s standartus. GPD G1 eGPU prijungimo stotel\u0117, kurioje \u012fdiegtos pa\u017eangiausios technologijos, \u012fskaitant &#8220;AMD Radeon RX 7600M XT&#8221; vaizdo plok\u0161t\u0119, ir novatori\u0161kos funkcijos, pavyzd\u017eiui, TGP perjungimo jungiklis, skirta tiek \u017eaid\u0117jams, tiek profesionalams. Eleganti\u0161kas ir ne\u0161iojamas dizainas ne tik pagerina j\u016bs\u0173 darbo viet\u0105, bet ir u\u017etikrina galing\u0105 veikim\u0105, kad ir kur b\u016btum\u0117te. Naudodami GPD G1 m\u0117gaukit\u0117s pramog\u0173 ir produktyvumo ateitimi be kompromis\u0173.<\/p>\n\n<figure class=\"wp-block-gallery has-nested-images columns-default is-cropped wp-block-gallery-1 is-layout-flex wp-block-gallery-is-layout-flex\">\n<figure class=\"wp-block-image size-large\"><img decoding=\"async\" data-id=\"1494\" src=\"https:\/\/gpdstore.net\/wp-content\/uploads\/\" alt=\"Vaizdas, kuriame GPD G1 delninis &#x12F;renginys prijungtas prie WIN MAX 2 ne&#x161;iojamojo kompiuterio, o abu &#x12F;renginiai prijungti prie i&#x161;orini&#x173; monitori&#x173;, kad b&#x16B;t&#x173; galima i&#x161;pl&#x117;sti ekrano s&#x105;rank&#x105;.\" class=\"wp-image-1494\"\/><\/figure>\n\n\n\n<figure class=\"wp-block-image size-large\"><img decoding=\"async\" data-id=\"1493\" src=\"https:\/\/gpdstore.net\/wp-content\/uploads\/\" alt=\"Vaizdas, kuriame pavaizduotas GPD G1 delninis &#x12F;renginys, prijungtas prie WIN 4 ne&#x161;iojamojo kompiuterio, kartu su i&#x161;oriniais monitoriais, kad b&#x16B;t&#x173; galima naudoti keli&#x173; ekran&#x173; s&#x105;rank&#x105;\" class=\"wp-image-1493\"\/><\/figure>\n\n\n\n<figure class=\"wp-block-image size-large\"><img decoding=\"async\" data-id=\"1467\" src=\"https:\/\/gpdstore.net\/wp-content\/uploads\/\" alt=\"Paveiksl&#x117;lyje pavaizduotas GPD G1 delninis &#x12F;renginys, prijungtas prie GPD Pocket 3, o abu &#x12F;renginiai prijungti prie i&#x161;orini&#x173; monitori&#x173;, kad b&#x16B;t&#x173; galima naudoti keli&#x173; ekran&#x173; konfig&#x16B;racij&#x105;.\" class=\"wp-image-1467\"\/><\/figure>\n\n\n\n<figure class=\"wp-block-image size-large\"><img decoding=\"async\" data-id=\"1464\" src=\"https:\/\/gpdstore.net\/wp-content\/uploads\/\" alt=\"&quot;GPD G1 2024&quot; - eleganti&#x161;kas rankinis &#x17E;aidim&#x173; &#x12F;renginys su ry&#x161;kiu ekranu, ergonomi&#x161;kais valdikliais ir moderniu dizainu.\" class=\"wp-image-1464\"\/><\/figure>\n\n\n\n<figure class=\"wp-block-image size-large\"><img fetchpriority=\"high\" decoding=\"async\" width=\"1000\" height=\"1000\" data-id=\"1465\" src=\"https:\/\/gpdstore.net\/wp-content\/uploads\/2024\/05\/GPD-G1_2024-USAGE-IMAGE-5.jpg\" alt=\"Prie ne&#x161;iojamojo kompiuterio prijungto GPD G1 delninio &#x12F;renginio vaizdas.\" class=\"wp-image-1465\" srcset=\"https:\/\/gpdstore.net\/wp-content\/uploads\/2024\/05\/GPD-G1_2024-USAGE-IMAGE-5.jpg 1000w, https:\/\/gpdstore.net\/wp-content\/uploads\/2024\/05\/GPD-G1_2024-USAGE-IMAGE-5-600x600.jpg 600w, https:\/\/gpdstore.net\/wp-content\/uploads\/2024\/05\/GPD-G1_2024-USAGE-IMAGE-5-150x150.jpg 150w, https:\/\/gpdstore.net\/wp-content\/uploads\/2024\/05\/GPD-G1_2024-USAGE-IMAGE-5-768x768.jpg 768w, https:\/\/gpdstore.net\/wp-content\/uploads\/2024\/05\/GPD-G1_2024-USAGE-IMAGE-5-990x990.jpg 990w, https:\/\/gpdstore.net\/wp-content\/uploads\/2024\/05\/GPD-G1_2024-USAGE-IMAGE-5-441x441.jpg 441w, https:\/\/gpdstore.net\/wp-content\/uploads\/2024\/05\/GPD-G1_2024-USAGE-IMAGE-5-100x100.jpg 100w\" sizes=\"(max-width: 1000px) 100vw, 1000px\" \/><\/figure>\n\n\n\n<figure class=\"wp-block-image size-large\"><img decoding=\"async\" data-id=\"1466\" src=\"https:\/\/gpdstore.net\/wp-content\/uploads\/\" alt=\"GPD G1 2024 eGPU prijungimo stotis: AMD Radeon RX 7600M XT GPU, TGP perjungiklis ir universalios jungtys. Idealiai tinka &#x17E;aid&#x117;jams ir profesionalams.\" class=\"wp-image-1466\"\/><\/figure>\n<\/figure>\n\n<div class=\"wp-block-columns is-layout-flex wp-container-core-columns-is-layout-28f84493 wp-block-columns-is-layout-flex\">\n<div class=\"wp-block-column is-layout-flow wp-block-column-is-layout-flow\" style=\"flex-basis:66.66%\">\n<figure class=\"wp-block-image size-full\"><img decoding=\"async\" src=\"https:\/\/gpdstore.net\/wp-content\/uploads\/\" alt=\"Vaizdas, kuriame demonstruojama &quot;GPD G1 2024 eGPU&quot; prijungimo stotel&#x117;, i&#x161;ry&#x161;kinanti &quot;AMD Radeon RX 7600M XT&quot; grafin&#x12F; procesori&#x173;, TGP jungikl&#x12F; ir universalias jung&#x10D;i&#x173; parinktis. Puikiai tinka &#x17E;aid&#x117;jams ir profesionalams, ie&#x161;kantiems neprilygstamo na&#x161;umo ir eleganti&#x161;ko dizaino.\" class=\"wp-image-995\"\/><\/figure>\n<\/div>\n\n\n\n<div class=\"wp-block-column is-layout-flow wp-block-column-is-layout-flow\" style=\"flex-basis:33.33%\">\n<h2 class=\"wp-block-heading has-text-align-left\"><strong>GPD G1 2024 &#8211;<\/strong> <strong><strong>Ma\u017eiausias vaizdo plok\u0161t\u0117s i\u0161pl\u0117timo dokas <\/strong><\/strong> <\/h2>\n\n\n\n<p>&#8220;eGPU&#8221; prijungimo stotel\u0117 nustato naujus technologij\u0173 standartus, nes pasi\u017eymi neprilygstamu na\u0161umu, dizainu ir funkcionalumu. Galingas &#8220;AMD Radeon RX 7600M XT&#8221; GPU, naujovi\u0161kas TGP perjungiklis ir universalios jung\u010di\u0173 parinktys &#8211; tai geriausias sprendimas \u017eaid\u0117jams ir profesionalams. U\u017esisakykite GPD G1 2024 &#8220;eGPU&#8221; prijungimo stotel\u0119 jau \u0161iandien ir vieni pirm\u0173j\u0173 i\u0161bandykite jos novatori\u0161kas funkcijas. \u017denkite \u012f ateit\u012f su GPD G1 &#8211; \u010dia na\u0161umas dera su ne\u0161iojamumu. <\/p>\n<\/div>\n<\/div>\n\n<h2 class=\"wp-block-heading has-text-align-center\">Naujos kartos na\u0161umo valdymas: TGP ir ry\u0161ys galingiesiems naudotojams<\/h2>\n\n<div class=\"wp-block-columns is-layout-flex wp-container-core-columns-is-layout-28f84493 wp-block-columns-is-layout-flex\">\n<div class=\"wp-block-column is-layout-flow wp-block-column-is-layout-flow\">\n<figure class=\"wp-block-image size-full is-resized\"><img decoding=\"async\" src=\"https:\/\/gpdstore.net\/wp-content\/uploads\/\" alt=\"&quot;GPD G1 2024 eGPU&quot; prijungimo stotel&#x117;s su &quot;AMD Radeon RX 7600M XT&quot; grafiniu procesoriumi, TGP perjungikliu, skirtu geresniam na&#x161;umo valdymui, ir universaliomis jungtimis vaizdas. Puikiai tinka &#x17E;aid&#x117;jams ir profesionalams. U&#x17E;sisakykite dabar, kad gal&#x117;tum&#x117;te naudotis revoliucin&#x117;mis galimyb&#x117;mis.\" class=\"wp-image-1510\" style=\"width:281px;height:auto\"\/><\/figure>\n\n\n\n<h3 class=\"wp-block-heading\"><strong>Tylusis re\u017eimas ir padidintas na\u0161umas: Kaip TGP perjungiklis (60W\/100W) optimizuoja j\u016bs\u0173 patirt\u012f<\/strong><\/h3>\n\n\n\n<p>I\u0161skirtinis \u201eTGP perjungimo klavi\u0161as\u201c, \u017eaidimo metu galite laisvai perjungti tyliuosius ir na\u0161umo re\u017eimus.<br\/>TGP perjungimo klavi\u0161as leid\u017eia naudotojams pasirinkti tyliojo re\u017eimo (60 W TGP) re\u017eim\u0105, kad b\u016bt\u0173 ma\u017eiau triuk\u0161mo, ir \u012fprastin\u012f re\u017eim\u0105 (100 W TGP), kad b\u016bt\u0173 padidintas na\u0161umas, taip u\u017etikrinant lankstum\u0105 pagal naudotoj\u0173 poreikius.<\/p>\n<\/div>\n\n\n\n<div class=\"wp-block-column is-layout-flow wp-block-column-is-layout-flow\">\n<figure class=\"wp-block-image size-full is-resized\"><img decoding=\"async\" src=\"https:\/\/gpdstore.net\/wp-content\/uploads\/\" alt=\"GPD G1 2024 M.2 vaizdas &quot;NVMe&quot; protokolo ir &quot;Oculink&quot; SFF-8612 s&#x105;sajos adapterio kortel&#x117;, si&#x16B;lanti kompakti&#x161;k&#x105; grafikos plok&#x161;&#x10D;i&#x173; pl&#x117;tr&#x105;\" class=\"wp-image-1507\" style=\"width:284px;height:auto\"\/><\/figure>\n\n\n\n<h3 class=\"wp-block-heading\"><strong>&#8220;Oculink&#8221; prana\u0161umas: Kod\u0117l SFF-8612 s\u0105saja u\u017etikrina geresn\u012f eGPU pralaidum\u0105?<\/strong><\/h3>\n\n\n\n<p>ITX pagrindin\u0117s plok\u0161t\u0117s, tokios kaip Z690I, paprastai turi tris M.2 s\u0105sajas, i\u0161 kuri\u0173 vien\u0105 galima naudoti adapterio kortelei prijungti. Tada adapterio plok\u0161t\u0117s &#8220;Oculink SF-8611&#8221; &#8220;Oculink SFF-8612&#8221; s\u0105saj\u0105 su GPD G1 &#8220;Oculink SFF-8612&#8221; s\u0105saja galima sujungti &#8220;Oculink SF-8611&#8221; dviej\u0173 prievad\u0173 kabeliu.<\/p>\n<\/div>\n\n\n\n<div class=\"wp-block-column is-layout-flow wp-block-column-is-layout-flow\">\n<figure class=\"wp-block-image size-full is-resized\"><img decoding=\"async\" src=\"https:\/\/gpdstore.net\/wp-content\/uploads\/\" alt=\"GPD G1 2024 SFF-8612 s&#x105;sajos adapterio plok&#x161;t&#x117;s, ma&#x17E;iausios vaizdo plok&#x161;t&#x117;s i&#x161;pl&#x117;timo doko, vaizdas.\" class=\"wp-image-1508\" style=\"width:227px;height:auto\"\/><\/figure>\n\n\n\n<h3 class=\"wp-block-heading\"><strong>Pus\u0117s auk\u0161\u010dio problemos sprendimas: ilgojo ir trumpojo laikiklio naudojimas vaizdo plok\u0161tei montuoti<\/strong><\/h3>\n\n\n\n<p>ITX korpusams tinkam\u0173 pus\u0117s auk\u0161\u010dio vaizdo plok\u0161\u010di\u0173 pasitaiko retai, o didelio na\u0161umo pus\u0117s auk\u0161\u010dio vaizdo plok\u0161\u010di\u0173 beveik n\u0117ra. Tod\u0117l, nor\u0117dami prijungti GPD G1, galite \u012fdiegti &#8220;PCIe 3.0 x4 to Oculink SFF-8612&#8221; s\u0105sajos adapterio plok\u0161t\u0119. Ilg\u0105j\u012f ir trump\u0105j\u012f laikikl\u012f galima lengvai pakeisti.<\/p>\n\n\n\n<h3 class=\"wp-block-heading\"><strong><br\/><\/strong><\/h3>\n<\/div>\n<\/div>\n\n<h2 class=\"wp-block-heading\"><strong>Produkto ap\u017evalga<\/strong><\/h2>\n\n<p>&#8220;GPD G1 2024 eGPU&#8221; prijungimo stotel\u0117 \u012fk\u016bnija technologin\u0119 pa\u017eang\u0105 ir ergonomi\u0161k\u0105 dizain\u0105. &#8220;AMD Radeon RX 7600M XT&#8221; GPU ir RDNA 3.0 architekt\u016bra u\u017etikrina neprilygstam\u0105 grafikos na\u0161um\u0105, tinkam\u0105 AAA \u017eaidimams iki 4K rai\u0161ka. \u0160is \u012frenginys skirtas \u012fvairiems naudotojams &#8211; nuo \u017eaidim\u0173 entuziast\u0173, ie\u0161kan\u010di\u0173 auk\u0161\u010diausios klas\u0117s na\u0161umo, iki profesional\u0173, kuriems kompiuterin\u0117s galios reikia keliaujant.<\/p>\n\n<figure class=\"wp-block-image size-full\"><img decoding=\"async\" src=\"https:\/\/gpdstore.net\/wp-content\/uploads\/\" alt=\"&quot;GPD G1 2024 eGPU&quot; prijungimo stotel&#x117;s su &quot;AMD Radeon RX 7600M XT&quot; GPU, TGP perjungikliu ir  \" class=\"wp-image-1511\"\/><\/figure>\n\n<p>&#8220;GPD G1 2024 eGPU&#8221; prijungimo stotel\u0117 pasi\u017eymi i\u0161skirtiniu universalumu d\u0117l &#8220;OcuLink&#8221; ir &#8220;USB 4&#8221; jung\u010di\u0173 parink\u010di\u0173, tod\u0117l palaiko \u012fvairius ne\u0161iojamuosius \u017eaidim\u0173 kompiuterius ir \u012frenginius. Kompakti\u0161ka ir lengva konstrukcija, kurios matmenys yra tik 22,5 \u00d7 11,1 \u00d7 3,0 cm, o svoris &#8211; 920 g, u\u017etikrina ne\u0161iojamum\u0105 neaukojant na\u0161umo. Nesvarbu, ar esate namuose, ar keliaujate, GPD G1 eGPU prijungimo stotel\u0117 palengvina \u017eaidim\u0173 sesijas ir produktyvumo u\u017eduotis. Be to, d\u0117l suderinamumo su ROG ALLY X j\u0105 galima naudoti daugiau \u017eaidim\u0173 sistem\u0173.<\/p>\n\n<figure class=\"wp-block-image aligncenter size-full\"><img decoding=\"async\" width=\"900\" height=\"559\" src=\"https:\/\/gpdstore.net\/wp-content\/uploads\/2024\/05\/3-1.png\" alt=\"GPD G1 eGPU matmenys: Kompakti&#x161;ki ir u&#x17E;imantys nedaug vietos, kad juos b&#x16B;t&#x173; galima skland&#x17E;iai integruoti.\" class=\"wp-image-1512\" srcset=\"https:\/\/gpdstore.net\/wp-content\/uploads\/2024\/05\/3-1.png 900w, https:\/\/gpdstore.net\/wp-content\/uploads\/2024\/05\/3-1-600x373.png 600w, https:\/\/gpdstore.net\/wp-content\/uploads\/2024\/05\/3-1-768x477.png 768w, https:\/\/gpdstore.net\/wp-content\/uploads\/2024\/05\/3-1-320x200.png 320w, https:\/\/gpdstore.net\/wp-content\/uploads\/2024\/05\/3-1-360x224.png 360w, https:\/\/gpdstore.net\/wp-content\/uploads\/2024\/05\/3-1-441x274.png 441w, https:\/\/gpdstore.net\/wp-content\/uploads\/2024\/05\/3-1-150x93.png 150w\" sizes=\"(max-width: 900px) 100vw, 900px\" \/><\/figure>\n\n<h2 class=\"wp-block-heading\"><strong>I\u0161samios funkcijos<\/strong><\/h2>\n\n<p><strong>Veikimas:<\/strong> GPD G1 2024 dokin\u0117je stotyje \u012fdiegtas AMD Radeon RX 7600M XT GPU su 32 skai\u010diavimo vienetais, kuri\u0173 taktinis da\u017enis siekia 2300 MHz, ir 8 GB GDDR6 atminties. \u012erenginyje \u012fmontuotas 240 W galios GaN \u012fkroviklis u\u017etikrina pakankam\u0105 gali\u0105 ilgalaikiam na\u0161umui u\u017etikrinti. <\/p>\n\n<p><strong>Grafikos na\u0161umas:<\/strong> GPD G1 i\u0161skirtinio na\u0161umo pagrindas &#8211; jo GPU. Jis gali valdyti \u017eaidimus ir programas iki 4K rai\u0161ka, u\u017etikrina ry\u0161kius vaizdus ir skland\u0173 \u017eaidim\u0105, puikiai tinkant\u012f AAA \u017eaidimams. <\/p>\n\n<figure class=\"wp-block-image aligncenter size-full\"><img decoding=\"async\" src=\"https:\/\/gpdstore.net\/wp-content\/uploads\/\" alt=\"&quot;GPD G1 2024 eGPU&quot; prijungimo stotel&#x117;s su &quot;AMD Radeon RX 7600M XT&quot; grafiniu procesoriumi, TGP perjungikliu ir &#x12F;vairiomis jung&#x10D;i&#x173; galimyb&#x117;mis vaizdas. Idealiai tinka &#x17E;aid&#x117;jams ir profesionalams. U&#x17E;sisakykite dabar, kad gal&#x117;tum&#x117;te naudotis revoliucin&#x117;mis galimyb&#x117;mis.\" class=\"wp-image-1505\"\/><\/figure>\n\n<h2 class=\"wp-block-heading\"><strong>Atnaujintos HDMI ir USB jungtys<\/strong><\/h2>\n\n<p>GPD G1 2024 eGPU modelyje yra atnaujintas HDMI 2.1 prievadas, palaikantis 4K 120 Hz i\u0161vest\u012f, ir USB 4 prievadas su 65 W i\u0161vesties galia, tod\u0117l pager\u0117ja vaizdo kokyb\u0117 ir suderinamumas su \u012frenginiais.<\/p>\n\n<h2 class=\"wp-block-heading\"><strong>Vartotojo patirtis<\/strong><\/h2>\n\n<p>GPD G1 i\u0161 naujo apibr\u0117\u017eia naudotojo patirt\u012f, nes si\u016blo stalinio kompiuterio lygio \u017eaidim\u0173 na\u0161um\u0105 ne\u0161iojamame formate. Naudotojai, turintys kelis USB prievadus, HDMI ir dvi &#8220;DisplayPort&#8221; i\u0161vestis, gali kurti \u012ftraukian\u010dias \u017eaidim\u0173 s\u0105rankas arba produktyvias daugiafunkcines aplinkas. Ergonomi\u0161kas prietaiso dizainas ir paprastas s\u0105rankos procesas u\u017etikrina, kad naudotojai gali prad\u0117ti \u017eaisti arba dirbti per kelias minutes.<\/p>\n\n<div class=\"wp-block-columns is-layout-flex wp-container-core-columns-is-layout-28f84493 wp-block-columns-is-layout-flex\">\n<div class=\"wp-block-column is-layout-flow wp-block-column-is-layout-flow\" style=\"flex-basis:100%\">\n<h2 class=\"wp-block-heading\"><strong>I\u0161vada<\/strong><\/h2>\n<\/div>\n<\/div>\n\n<p>&#8220;GPD G1 2024 eGPU&#8221; prijungimo stotel\u0117 yra technologini\u0173 naujovi\u0173 lyder\u0117, kurioje dera puikios eksploatacin\u0117s savyb\u0117s, eleganti\u0161kas dizainas ir i\u0161skirtinis funkcionalumas. \u012erengta su gr\u0117smingu AMD Radeon RX 7600M XT grafiniu procesoriumi ir novatori\u0161ku TGP perjungikliu, ji suteikia universalias ry\u0161io galimybes ir yra suderinama su ROG Ally. GPD G1 eGPU prijungimo stotel\u0117 yra galutinis pasirinkimas tiems, kurie siekia auk\u0161\u010diausio lygio \u017eaidim\u0173 ir produktyvumo.  \u017denkite \u012f pramog\u0173 ateit\u012f su \u012frenginiu, kuris i\u0161laisvina nuo \u012fprast\u0173 kompiuteri\u0173 apribojim\u0173.<\/p>\n\n<h2 class=\"wp-block-heading has-text-align-center\">Geriausi kompiuterini\u0173 \u017eaidim\u0173 delniniai kompiuteriai GPD G1<\/h2>\n\n<p>GPD G1 2024 yra modernus eGPU, kuris gerokai padidina \u012fvairi\u0173 delnini\u0173 kompiuteri\u0173 \u017eaidim\u0173 na\u0161um\u0105, tod\u0117l yra idealus priedas GPD Win Max 2 2024, Win 4 2024 ir Win Mini 2024. GPD Win Max 2 2024 pasi\u017eymi dideliu 10,1 colio ekranu, galingu \u201eIntel 12th Gen\u201c procesoriumi ir pilno dyd\u017eio klaviat\u016bra, tod\u0117l yra universalus sprendimas, skirtas ir \u017eaidimams, ir produktyvumui. GPD Win 4 2024 pasi\u017eymi kompakti\u0161ku dizainu su i\u0161stumiama klaviat\u016bra, jame veikia AMD Ryzen 7 7840U procesorius, u\u017etikrinantis puiki\u0105 pusiausvyr\u0105 tarp ne\u0161iojamumo ir galios. GPD Win Mini 2024 &#8211; naujausias ir ma\u017eiausias \u0161ios serijos kompiuteris &#8211; pasi\u017eymi \u012fsp\u016bdingu na\u0161umu d\u0117l efektyvaus dizaino ir auk\u0161\u010diausios klas\u0117s vidin\u0117s \u012frangos, tod\u0117l yra idealus pasirinkimas keliaujantiems \u017eaid\u0117jams. Suporavus su GPD G1 2024, \u0161ie \u012frenginiai virsta ne\u0161iojamaisiais \u017eaidim\u0173 varikliais, galin\u010diais lengvai valdyti naujausius AAA \u017eaidimus ir u\u017etikrinan\u010diais vientis\u0105, \u012ftraukian\u010di\u0105 \u017eaidim\u0173 patirt\u012f.    <\/p>\n","protected":false},"excerpt":{"rendered":"<ul>\n<li>GPU: AMD Radeon\u2122<strong> RX 7600M XT<\/strong> eGPU  <\/li>\n<li>DERINAMUMAS:<strong> OCuLink, USB 4, Thunderbolt 3 ir 4<\/strong><\/li>\n<li>OCULINK:<strong> PCI Express jungtis<\/strong><\/li>\n<li>USB 4:<strong> iki 40 Gb\/s<\/strong><\/li>\n<li>Skirta: <strong>GPD WIN<\/strong> MAX 2, WIN 4, WIN Mini, ROG Ally X  <\/li>\n<\/ul>\n[cg_accordion title=\"INFORMACIJA APMOK\u0116JIMUI\"]<\/p>\n<p>Mes naudojame naujausias mok\u0117jimo apdorojimo technologijas, kurios leid\u017eia jums greitai ir saugiai atsiskaityti debeto\/kredito kortele arba &#8220;PayPal&#8221;.[\/cg_accordion]\n[cg_accordion title=\"GARANTIJA\"]<\/p>\n<p><a href=\"https:\/\/droix.net\/\" target=\"_blank\" rel=\"nofollow noopener\">DROIX Global suteikia 2 met\u0173 garantij\u0105, kad<\/a> b\u016btum\u0117te ram\u016bs[\/cg_accordion]\n[cg_accordion title=\"KOKYB\u0116S U\u017dTIKRINIMAS IR BANDYMAI PRIE\u0160 I\u0160SIUNTIM\u0104\"]<\/p>\n<p>Auk\u0161\u010diausio lygio klient\u0173 pasitenkinimo u\u017etikrinimas: Prie\u0161 i\u0161siun\u010diant kiekvien\u0105 prietais\u0105 atliekamas grie\u017etas testavimas ir daugiapakopis kokyb\u0117s u\u017etikrinimas. M\u016bs\u0173 komanda tikrina veikim\u0105, funkcionalum\u0105 ir komponent\u0173 vientisum\u0105, kad u\u017etikrintume, jog j\u016bs\u0173 GPD prietaisas bus visi\u0161kai tvarkingas, o j\u016bs gal\u0117site b\u016bti ram\u016bs ir tikri. [\/cg_accordion]\n[cg_accordion title=\"KAINOS, MOKES\u010cIAI IR PRISTATYMAS\"]<\/p>\n<p><strong><u>Pastaba:<\/u><\/strong><\/p>\n<ul>\n<li>Jungtini\u0173 Amerikos Valstij\u0173 klientai: \u012e rodom\u0105 kain\u0105 N\u0116RA \u012fskai\u010diuoti mokes\u010diai ir muitai. Atsakomyb\u0117 i\u0161muitinti muitin\u0119 ir sumok\u0117ti visus susijusius mokes\u010dius ir muitus tenka klientui. <\/li>\n<li>ES klientai: \u012e nurodyt\u0105 kain\u0105 \u012fskai\u010diuoti taikomi mokes\u010diai, kurie, priklausomai nuo j\u016bs\u0173 \u0161alies, gali siekti iki 25 %.<\/li>\n<li>Kanados klientai: \u012e nurodyt\u0105 kain\u0105 \u012fskai\u010diuoti taikomi mokes\u010diai, kurie, priklausomai nuo j\u016bs\u0173 provincijos, gali apimti 5 % GPM ir papildomus provincijos pardavimo mokes\u010dius (PST), suderint\u0105 pardavimo mokest\u012f (HST) arba Kvebeko pardavimo mokest\u012f (QST).<\/li>\n<\/ul>\n<p><strong>TIK ES klientams:<\/strong> Express DDP (pristatoma sumok\u0117jus muit\u0105). Tai rei\u0161kia: <\/p>\n<ul>\n<li>Visi muitai ir mokes\u010diai \u012fskai\u010diuoti \u012f produkto puslapyje nurodyt\u0105 kain\u0105.<\/li>\n<li>Pristatymo metu jums nereik\u0117s mok\u0117ti joki\u0173 papildom\u0173 mokes\u010di\u0173.<\/li>\n<li>Retais atvejais, kai kyla su muitine susijusi\u0173 problem\u0173, m\u016bs\u0173 komanda pasir\u016bpins muitin\u0117s formalumais j\u016bs\u0173 vardu, kad b\u016bt\u0173 u\u017etikrintas sklandus pristatymas.<\/li>\n<p>Svarbi informacija apie gr\u0105\u017einim\u0105:<\/p>\n<li>Jei nuspr\u0119site gr\u0105\u017einti u\u017esakym\u0105 arba pra\u0161ysite gr\u0105\u017einti pinigus, tur\u0117kite omenyje, kad mokes\u010diai ir muitai, sumok\u0117ti u\u017e jus pagal DDP s\u0105lygas, negali b\u016bti gr\u0105\u017einami.<\/li>\n<p>I\u0161samesn\u0117s informacijos rasite m\u016bs\u0173 <a href=\"https:\/\/droix.net\/terms-and-conditions\/\" target=\"_blank\" rel=\"nofollow noopener\">s\u0105lygose ir nuostatose<\/a>.\n<\/ul>\n<p>[\/cg_accordion]\n[cg_accordion title=\"KLIENT\u0172 APTARNAVIMAS\"]<\/p>\n<p>Turite klausim\u0105? U\u017etenka para\u0161yti trump\u0105j\u0105 \u017einut\u0119 ir j\u016bs\u0173 klausimas bus i\u0161spr\u0119stas! <\/p>\n<p>I\u0161samesn\u0117s informacijos rasite m\u016bs\u0173 <a href=\"https:\/\/gpdstore.net\/lt\/terms-of-service\/\" target=\"_blank\" rel=\"nofollow noopener\">s\u0105lygose ir nuostatose<\/a>.\n<\/ul>\n<p>[\/cg_accordion]\n[cg_accordion title=\"KAS \u012eTRAUKTA\"]<\/p>\n<ul>\n<li>1x GPD G1 2024<\/li>\n<li>1x maitinimo adapteris<\/li>\n<li>1x C tipo USB kabelis<\/li>\n<li>1x naudotojo vadovas<\/li>\n<\/ul>\n<p>[\/cg_accordion]\n","protected":false},"featured_media":233816,"template":"","meta":{"_acf_changed":false},"product_brand":[],"product_cat":[5396],"product_tag":[16894,5769],"woo-feed-brand":[5770],"class_list":{"0":"post-232039","1":"product","2":"type-product","3":"status-publish","4":"has-post-thumbnail","6":"product_cat-priedai","7":"product_tag-10xmsale-lt","8":"product_tag-gpd-g1-lt","9":"product_shipping_class-premium","10":"pa_brand-gpd","11":"pa_graphics-gpu-model-radeon-rx-7600m-xt-lt","12":"pa_i-o-video-1x-oculink-lt","13":"pa_i-o-video-per-1x-usb-4-0-type-c-40gb-s","14":"woo-feed-brand-gpd-lt","16":"first","17":"outofstock","18":"taxable","19":"shipping-taxable","20":"purchasable","21":"product-type-variable","22":"has-default-attributes"},"acf":[],"aioseo_notices":[],"_links":{"self":[{"href":"https:\/\/gpdstore.net\/lt\/wp-json\/wp\/v2\/product\/232039","targetHints":{"allow":["GET"]}}],"collection":[{"href":"https:\/\/gpdstore.net\/lt\/wp-json\/wp\/v2\/product"}],"about":[{"href":"https:\/\/gpdstore.net\/lt\/wp-json\/wp\/v2\/types\/product"}],"wp:featuredmedia":[{"embeddable":true,"href":"https:\/\/gpdstore.net\/lt\/wp-json\/wp\/v2\/media\/233816"}],"wp:attachment":[{"href":"https:\/\/gpdstore.net\/lt\/wp-json\/wp\/v2\/media?parent=232039"}],"wp:term":[{"taxonomy":"product_brand","embeddable":true,"href":"https:\/\/gpdstore.net\/lt\/wp-json\/wp\/v2\/product_brand?post=232039"},{"taxonomy":"product_cat","embeddable":true,"href":"https:\/\/gpdstore.net\/lt\/wp-json\/wp\/v2\/product_cat?post=232039"},{"taxonomy":"product_tag","embeddable":true,"href":"https:\/\/gpdstore.net\/lt\/wp-json\/wp\/v2\/product_tag?post=232039"},{"taxonomy":"woo-feed-brand","embeddable":true,"href":"https:\/\/gpdstore.net\/lt\/wp-json\/wp\/v2\/woo-feed-brand?post=232039"}],"curies":[{"name":"wp","href":"https:\/\/api.w.org\/{rel}","templated":true}]}}