{"id":219107,"date":"2023-03-24T15:33:39","date_gmt":"2023-03-24T15:33:39","guid":{"rendered":"https:\/\/gpdstore.net\/be-kategorijos\/gpd-win-max-2-apsauginis-deklas\/"},"modified":"2025-12-23T10:34:09","modified_gmt":"2025-12-23T10:34:09","slug":"gpd-win-max-2-protective-case","status":"publish","type":"product","link":"https:\/\/gpdstore.net\/lt\/product\/gpd-win-max-2-protective-case\/","title":{"rendered":"GPD WIN &#8220;Max 2&#8221; odinis d\u0117klas &#8211; auk\u0161\u010diausios kokyb\u0117s apsauga ir stilius!"},"content":{"rendered":"\n<p>Apsaugokite savo <strong>GPD WIN Max 2<\/strong> \u0161iuo <strong>eleganti\u0161ku ir patvariu odiniu d\u0117klu<\/strong>. \u0160is auk\u0161\u010diausios kokyb\u0117s priedas, sukurtas taip, kad <strong>puikiai priglust\u0173<\/strong>, u\u017etikrina prietaiso <strong>saugum\u0105, apsaug\u0105 ir stilingum\u0105<\/strong> tiek namuose, tiek kelion\u0117je. <\/p>\n\n<h2 class=\"wp-block-heading\"><strong>Pagrindin\u0117s savyb\u0117s:<\/strong><\/h2>\n\n<p><strong>Auk\u0161\u010diausios kokyb\u0117s odos konstrukcija<\/strong> &#8211; pagamintas i\u0161 auk\u0161tos kokyb\u0117s odos, kad atrodyt\u0173 rafinuotai ir b\u016bt\u0173 itin patvarus.<\/p>\n\n<p><strong>Puikiai priglunda ir visapusi\u0161kai apsaugo<\/strong> &#8211; pritaikytas <strong>GPD WIN Max 2<\/strong>, tod\u0117l <strong>saugiai ir tvirtai pri<\/strong> glunda, o kartu apsaugo prietais\u0105 nuo \u012fbr\u0117\u017eim\u0173, dulki\u0173 ir smulki\u0173 sm\u016bgi\u0173.  <\/p>\n\n<p><strong>Mink\u0161tas vidinis pamu\u0161alas<\/strong> &#8211; apsaugo prietaiso ekran\u0105 ir korpus\u0105 nuo \u012fbr\u0117\u017eim\u0173 ir apsaugo nuo dulki\u0173.<\/p>\n\n<p><strong>Plonas ir lengvas dizainas<\/strong> &#8211; u\u017etikrina puiki\u0105 apsaug\u0105, ta\u010diau nesukelia dideli\u0173 gabarit\u0173, tod\u0117l idealiai tinka kelion\u0117ms.<\/p>\n\n<p><strong>Magnetinis u\u017esegimas<\/strong> &#8211; saugo j\u016bs\u0173 \u012frengin\u012f ir leid\u017eia greitai ir lengvai pasiekti.  <\/p>\n\n<p>Atnaujinkite savo <strong>GPD WIN Max 2<\/strong> \u0161iuo <strong>prabangiu odiniu d\u0117klu<\/strong>, kuriame <strong>stilius dera su apsauga<\/strong>!<\/p>\n","protected":false},"excerpt":{"rendered":"<ul>\n<li><strong>Oficialus<\/strong> GPD WIN Max 2 odinis d\u0117klas<\/li>\n<li><strong>Auk\u0161\u010diausios kokyb\u0117s oda<\/strong> &#8211; eleganti\u0161ka, patvari ir ilgaam\u017e\u0117.<\/li>\n<li><strong>Mink\u0161tas vidinis pamu\u0161alas<\/strong> &#8211; apsaugo nuo \u012fbr\u0117\u017eim\u0173 ir dulki\u0173.<\/li>\n<li><strong>Lengvas ir ne\u0161iojamas<\/strong> &#8211; lengva ne\u0161iotis be dideli\u0173 gabarit\u0173.<\/li>\n<li><strong>Magnetinis u\u017edarymas<\/strong> &#8211; saugi ir patogi prieiga.<\/li>\n<\/ul>\n[cg_accordion title=\"INFORMACIJA APMOK\u0116JIMUI\"]<\/p>\n<p>Naudojame naujausias mok\u0117jimo apdorojimo technologijas, kurios leid\u017eia greitai ir saugiai atsiskaityti per &#8220;Apple Pay&#8221;, &#8220;Google Pay&#8221;, debeto \/ kredito kortel\u0119, &#8220;PayPal&#8221; arba BNPL metodus, tokius kaip &#8220;Klarna&#8221;, &#8220;Affirm&#8221; arba &#8220;AfterPay&#8221;.[\/cg_accordion]\n[cg_accordion title=\"GARANTIJA\"]<\/p>\n<p><a href=\"https:\/\/droix.net\/\" target=\"_blank\" rel=\"nofollow noopener\">DROIX Global suteikia 2 met\u0173 garantij\u0105, kad<\/a> b\u016btum\u0117te ram\u016bs[\/cg_accordion]\n[cg_accordion title=\"KAINOS, MOKES\u010cIAI IR PRISTATYMAS\"]<\/p>\n<p><strong><u>Pastaba:<\/u><\/strong><\/p>\n<ul>\n<li>Jungtini\u0173 Amerikos Valstij\u0173 klientai: \u012e rodom\u0105 kain\u0105 N\u0116RA \u012fskai\u010diuoti mokes\u010diai ir muitai. Atsakomyb\u0117 i\u0161muitinti muitin\u0119 ir sumok\u0117ti visus susijusius mokes\u010dius ir muitus tenka klientui. <\/li>\n<li>ES klientai: \u012e nurodyt\u0105 kain\u0105 \u012fskai\u010diuoti taikomi mokes\u010diai, kurie, priklausomai nuo j\u016bs\u0173 \u0161alies, gali siekti iki 25 %.<\/li>\n<li>Kanados klientai: \u012e nurodyt\u0105 kain\u0105 \u012fskai\u010diuoti taikomi mokes\u010diai, kurie, priklausomai nuo j\u016bs\u0173 provincijos, gali apimti 5 % GPM ir papildomus provincijos pardavimo mokes\u010dius (PST), suderint\u0105 pardavimo mokest\u012f (HST) arba Kvebeko pardavimo mokest\u012f (QST).<\/li>\n<\/ul>\n<p><strong>TIK ES klientams:<\/strong> Express DDP (pristatoma sumok\u0117jus muit\u0105). Tai rei\u0161kia: <\/p>\n<ul>\n<li>Visi muitai ir mokes\u010diai \u012fskai\u010diuoti \u012f produkto puslapyje nurodyt\u0105 kain\u0105.<\/li>\n<li>Pristatymo metu jums nereik\u0117s mok\u0117ti joki\u0173 papildom\u0173 mokes\u010di\u0173.<\/li>\n<li>Retais atvejais, kai kyla su muitine susijusi\u0173 problem\u0173, m\u016bs\u0173 komanda pasir\u016bpins muitin\u0117s formalumais j\u016bs\u0173 vardu, kad b\u016bt\u0173 u\u017etikrintas sklandus pristatymas.<\/li>\n<p>Svarbi informacija apie gr\u0105\u017einim\u0105:<\/p>\n<li>Jei nuspr\u0119site gr\u0105\u017einti u\u017esakym\u0105 arba pra\u0161ysite gr\u0105\u017einti pinigus, tur\u0117kite omenyje, kad mokes\u010diai ir muitai, sumok\u0117ti u\u017e jus pagal DDP s\u0105lygas, negali b\u016bti gr\u0105\u017einami.<\/li>\n<p>I\u0161samesn\u0117s informacijos rasite m\u016bs\u0173 <a href=\"https:\/\/gpdstore.net\/lt\/terms-of-service\/\" target=\"_blank\" rel=\"nofollow noopener\">s\u0105lygose ir nuostatose<\/a>.\n<\/ul>\n<p>[\/cg_accordion]\n[cg_accordion title=\"KLIENT\u0172 APTARNAVIMAS\"]<\/p>\n<p>Turite klausim\u0105? U\u017etenka para\u0161yti trump\u0105j\u0105 \u017einut\u0119 ir j\u016bs\u0173 klausimas bus i\u0161spr\u0119stas!<br \/>\n[\/cg_accordion]\n[cg_accordion title=\"KAS \u012eTRAUKTA\"]<\/p>\n<ul>\n<li>1x GPD WIN MAX 2 d\u0117klas<\/li>\n<\/ul>\n<p>[\/cg_accordion]\n","protected":false},"featured_media":1075605,"template":"","meta":{"_acf_changed":false},"product_brand":[],"product_cat":[5396],"product_tag":[15932,6121],"woo-feed-brand":[5770],"class_list":{"0":"post-219107","1":"product","2":"type-product","3":"status-publish","4":"has-post-thumbnail","6":"product_cat-priedai","7":"product_tag-15xmsale-lt","8":"product_tag-gpd-wm2-priedas","9":"product_shipping_class-low-end","10":"pa_accessory-type-apsauginis-deklas","11":"pa_brand-gpd","12":"woo-feed-brand-gpd-lt","14":"first","15":"instock","16":"sale","17":"taxable","18":"shipping-taxable","19":"purchasable","20":"product-type-variable","21":"has-default-attributes"},"acf":[],"aioseo_notices":[],"_links":{"self":[{"href":"https:\/\/gpdstore.net\/lt\/wp-json\/wp\/v2\/product\/219107","targetHints":{"allow":["GET"]}}],"collection":[{"href":"https:\/\/gpdstore.net\/lt\/wp-json\/wp\/v2\/product"}],"about":[{"href":"https:\/\/gpdstore.net\/lt\/wp-json\/wp\/v2\/types\/product"}],"wp:featuredmedia":[{"embeddable":true,"href":"https:\/\/gpdstore.net\/lt\/wp-json\/wp\/v2\/media\/1075605"}],"wp:attachment":[{"href":"https:\/\/gpdstore.net\/lt\/wp-json\/wp\/v2\/media?parent=219107"}],"wp:term":[{"taxonomy":"product_brand","embeddable":true,"href":"https:\/\/gpdstore.net\/lt\/wp-json\/wp\/v2\/product_brand?post=219107"},{"taxonomy":"product_cat","embeddable":true,"href":"https:\/\/gpdstore.net\/lt\/wp-json\/wp\/v2\/product_cat?post=219107"},{"taxonomy":"product_tag","embeddable":true,"href":"https:\/\/gpdstore.net\/lt\/wp-json\/wp\/v2\/product_tag?post=219107"},{"taxonomy":"woo-feed-brand","embeddable":true,"href":"https:\/\/gpdstore.net\/lt\/wp-json\/wp\/v2\/woo-feed-brand?post=219107"}],"curies":[{"name":"wp","href":"https:\/\/api.w.org\/{rel}","templated":true}]}}