{"id":207477,"date":"2023-03-26T17:56:24","date_gmt":"2023-03-26T17:56:24","guid":{"rendered":"https:\/\/gpdstore.net\/be-kategorijos\/gpd-win-max-2021-zaidimu-nesiojamasis-kompiuteris\/"},"modified":"2025-12-23T10:33:06","modified_gmt":"2025-12-23T10:33:06","slug":"gpd-win-max-2021","status":"publish","type":"product","link":"https:\/\/gpdstore.net\/lt\/product\/gpd-win-max-2021\/","title":{"rendered":"GPD WIN MAX 2021 \u017eaidim\u0173 ne\u0161iojamasis kompiuteris"},"content":{"rendered":"\n<p>GPD WIN MAX 2021 yra \u017eaidim\u0173 ultrabookas, skirtas kompiuteriniams \u017eaidimams keliaujant. \u0160is galingas \u012frenginys yra dviej\u0173 versij\u0173: viena su &#8220;Intel\u00ae Core\u2122 i7-1195G7&#8221; procesoriumi, kita &#8211; su &#8220;AMD Ryzen\u2122 7 4800U&#8221; procesoriumi. Be skirting\u0173 procesori\u0173 variant\u0173, abi \u012frenginio versijos yra visi\u0161kai vienodos.  <\/p>\n\n<p>&#8220;GPD Store&#8221; did\u017eiuojasi gal\u0117dama pasi\u016blyti GPD WIN MAX 2021 \u017eaid\u0117jams, kurie nori tur\u0117ti na\u0161\u0173 kompiuterini\u0173 \u017eaidim\u0173 ne\u0161iojam\u0105j\u012f kompiuter\u012f, kur\u012f gal\u0117t\u0173 pasiimti su savimi bet kur. \u0160is ultrabookas puikiai tinka \u017eaid\u0117jams, kurie nori m\u0117gautis m\u0117gstamais \u017eaidimais keliaudami, neaukodami na\u0161umo ar kokyb\u0117s. <\/p>\n\n<p>GPD WIN MAX 2021 yra galingas \u017eaidim\u0173 ultrabookas su 8,0 coli\u0173 IPS jutikliniu ekranu, kurio skiriamoji geba yra 1280 x 800 ta\u0161k\u0173. Prietaise integruota &#8220;Intel\u00ae Iris\u00ae Xe Graphics&#8221; arba &#8220;AMD Radeon\u2122 Graphics&#8221;, tod\u0117l jis puikiai tinka reikliems \u017eaidimams ir programoms paleisti. <\/p>\n\n<p>Kalbant apie apdorojimo gali\u0105, GPD WIN MAX 2021 galima \u012fsigyti su &#8220;Intel\u00ae Core\u2122 i7-1195G7&#8221; arba &#8220;AMD Ryzen\u2122 7 4800U&#8221; procesoriumi. \u0160ie galingi procesoriai u\u017etikrina, kad \u012frenginys lengvai susidoros net su reikliausiais \u017eaidimais ir programomis. <\/p>\n\n<p>GPD WIN MAX 2021 taip pat turi 16 GB LPDDR4X 4266 MT\/s operatyviosios atminties ir 1 TB M.2 NVMe SSD saugykl\u0105, tod\u0117l tur\u0117site daug vietos \u017eaidimams ir kitiems duomenims saugoti. Prietaise taip pat yra daugyb\u0117 prievad\u0173, \u012fskaitant C tipo USB prievad\u0105, USB 3.0 prievad\u0105, HDMI prievad\u0105 ir 3,5 mm ausini\u0173 lizd\u0105.  <\/p>\n\n<p>Viena i\u0161 i\u0161skirtini\u0173 GPD WIN MAX 2021 ypatybi\u0173 &#8211; kompakti\u0161kas dydis. Nepaisant to, kad tai galingas ultrabookas, prietaisas yra vos 8,5 x 5,7 x 1,1 coli\u0173 dyd\u017eio ir sveria tik 1,5 kg. Tod\u0117l j\u012f lengva pasiimti su savimi, kad ir kur keliautum\u0117te, nesvarbu, ar keliaujate, ar tiesiog norite m\u0117gautis m\u0117gstamais \u017eaidimais gul\u0117dami ant sofos.  <\/p>\n\n<p>GPD WIN MAX 2021 taip pat turi integruot\u0105 \u017eaidimo valdikl\u012f su D-padu, analogin\u0117mis lazdel\u0117mis ir paleidimo mygtukais. Tai leid\u017eia lengvai \u017eaisti m\u0117gstamus \u017eaidimus neprijungus i\u0161orinio valdiklio. Prietaise taip pat yra visi\u0161ka QWERTY klaviat\u016bra, tod\u0117l lengva ra\u0161yti tekst\u0105 ir nar\u0161yti meniu.  <\/p>\n\n<p>&#8220;GPD Store&#8221; manome, kad &#8220;GPD WIN MAX 2021&#8221; yra puikus ultrabook&#8217;as \u017eaid\u0117jams, kurie nori tur\u0117ti na\u0161\u0173 kompiuterini\u0173 \u017eaidim\u0173 ne\u0161iojam\u0105j\u012f kompiuter\u012f, kur\u012f gal\u0117t\u0173 pasiimti su savimi bet kur. \u0160is galingas \u012frenginys puikiai tinka \u017eaid\u0117jams, kurie nori m\u0117gautis m\u0117gstamais \u017eaidimais keliaudami, neaukodami na\u0161umo ar kokyb\u0117s. <\/p>\n\n<p>Nesvarbu, ar esate paprastas, ar u\u017ekiet\u0117j\u0119s \u017eaid\u0117jas, GPD WIN MAX 2021 yra puikus prietaisas jums. D\u0117l galingo procesoriaus, auk\u0161tos kokyb\u0117s grafikos ir kompakti\u0161ko dyd\u017eio tai yra geriausias ultrabookas, skirtas kompiuteriniams \u017eaidimams keliaujant. Tad kam laukti? Apsilankykite GPD parduotuv\u0117je jau \u0161iandien ir \u012fsigykite GPD WIN MAX 2021.   <\/p>\n","protected":false},"excerpt":{"rendered":"<ul>\n<li>&#8220;AMD <strong>Ryzen 7 6800U<\/strong> &#8221; @2.7GHz TDP 15-28W<\/li>\n<li>AMD Radeon 680M <strong>12 CU @2200 MHz<\/strong><\/li>\n<li><strong>iki 32 GB LPDDR5-6400 MT\/s<\/strong><\/li>\n<li><strong>iki 2 TB<\/strong> didel\u0117s spartos PCI-E <strong>NVMe<\/strong> SSD<\/li>\n<li>\u201eWiFi 6\u201c ir \u201eBluetooth <strong>5.2<\/strong>\u201c palaikymas  <\/li>\n<\/ul>\n<p> [cg_accordion title=\"INFORMACIJA APMOK\u0116JIMUI\"] Naudojame naujausias mok\u0117jimo apdorojimo technologijas, kurios leid\u017eia greitai ir saugiai atsiskaityti per \u201eApple Pay\u201c, \u201eGoogle Pay\u201c, debeto \/ kredito kortel\u0119, \u201ePayPal\u201c arba BNPL metodus, tokius kaip \u201eKlarna\u201c, \u201eAffirm\u201c arba \u201eAfterPay\u201c.[\/cg_accordion] [cg_accordion title=\"GARANTIJA\"] 2 met\u0173 <a href=\"https:\/\/droix.net\/\" target=\"_blank\" rel=\"nofollow noopener\">\u201eDROIX Global\u201c<\/a> garantija j\u016bs\u0173 ramybei[\/cg_accordion] [cg_accordion title=\"PRICING, TAXES AND SHIPPING\"] <strong><br \/>\n  <u>Pastaba:<\/u><br \/>\n<\/strong><\/p>\n<ul>\n<li>Jungtini\u0173 Amerikos Valstij\u0173 klientai: \u012e rodom\u0105 kain\u0105 N\u0116RA \u012fskai\u010diuoti mokes\u010diai ir muitai. Atsakomyb\u0117 i\u0161muitinti muitin\u0119 ir sumok\u0117ti visus susijusius mokes\u010dius ir muitus tenka klientui. <\/li>\n<li>ES klientai: \u012e nurodyt\u0105 kain\u0105 \u012fskai\u010diuoti taikomi mokes\u010diai, kurie, priklausomai nuo j\u016bs\u0173 \u0161alies, gali siekti iki 25 %.<\/li>\n<li>Kanados klientai: \u012e nurodyt\u0105 kain\u0105 \u012fskai\u010diuoti taikomi mokes\u010diai, kurie, priklausomai nuo j\u016bs\u0173 provincijos, gali apimti 5 % GPM ir papildomus provincijos pardavimo mokes\u010dius (PST), suderint\u0105 pardavimo mokest\u012f (HST) arba Kvebeko pardavimo mokest\u012f (QST).<\/li>\n<\/ul>\n<p><strong>TIK ES klientams:<\/strong> Express DDP (pristatoma sumok\u0117jus muit\u0105). Tai rei\u0161kia: <\/p>\n<ul>\n<li style=\"list-style-type: none;\">\n<ul>\n<li>Visi muitai ir mokes\u010diai \u012fskai\u010diuoti \u012f produkto puslapyje nurodyt\u0105 kain\u0105.<\/li>\n<li>Pristatymo metu jums nereik\u0117s mok\u0117ti joki\u0173 papildom\u0173 mokes\u010di\u0173.<\/li>\n<li>Retais atvejais, kai kyla su muitine susijusi\u0173 problem\u0173, m\u016bs\u0173 komanda pasir\u016bpins muitin\u0117s formalumais j\u016bs\u0173 vardu, kad b\u016bt\u0173 u\u017etikrintas sklandus pristatymas.<\/li>\n<p>Svarbi informacija apie gr\u0105\u017einim\u0105:<\/p>\n<li>Jei nuspr\u0119site gr\u0105\u017einti u\u017esakym\u0105 arba pra\u0161ysite gr\u0105\u017einti pinigus, tur\u0117kite omenyje, kad mokes\u010diai ir muitai, sumok\u0117ti u\u017e jus pagal DDP s\u0105lygas, negali b\u016bti gr\u0105\u017einami.<\/li>\n<p>\u017dr. m\u016bs\u0173<\/ul>\n<\/li>\n<\/ul>\n<p><a href=\"https:\/\/gpdstore.net\/lt\/terms-of-service\/\" target=\"_blank\" rel=\"nofollow noopener\">Taisykl\u0117s ir s\u0105lygos<\/a><\/p>\n<ul>i\u0161samesn\u0117s informacijos.<\/ul>\n<p>[\/cg_accordion] [cg_accordion title=\"KLIENT\u0172 APTARNAVIMAS\"]  Turite klausim\u0105? U\u017etenka para\u0161yti trump\u0105j\u0105 \u017einut\u0119 ir j\u016bs\u0173 klausimas bus i\u0161spr\u0119stas!   [\/cg_accordion] [cg_accordion title=\"WHAT'S INCLUDED\"]<\/p>\n<ul>\n<li>1x GPD WIN MAX 2021<\/li>\n<li>1x maitinimo adapteris<\/li>\n<li>1x C tipo USB kabelis<\/li>\n<li>1x naudotojo vadovas<\/li>\n<\/ul>\n<p>[\/cg_accordion]<\/p>\n","protected":false},"featured_media":207478,"template":"","meta":{"_acf_changed":false},"product_brand":[],"product_cat":[6932],"product_tag":[9158],"woo-feed-brand":[5770],"class_list":{"0":"post-207477","1":"product","2":"type-product","3":"status-publish","4":"has-post-thumbnail","6":"product_cat-gpd-rankinis-zaidimu-kompiuteris","7":"product_tag-gpd-win-max-lt","8":"product_shipping_class-premium","9":"pa_bluetooth-5-lt","10":"pa_bluetooth-5-2-lt","11":"pa_display-type-h-ips-lt","12":"pa_graphics-gpu-model-radeon-grafika","13":"pa_graphics-gpu-model-intel-iris-xe-grafika","14":"pa_i-o-video-1x-hdmi-2-0b-lt","15":"pa_memory-ram-capacity-16-gb-lt","16":"pa_memory-ram-technology-lpddr4x-lt","17":"pa_processor-cpu-model-amd-ryzen-7-4800u","18":"pa_processor-cpu-model-intel-core-i7-1195g7","19":"pa_storage-capacity-1-tb-lt","20":"pa_wi-fi-wi-fi-6-lt","21":"woo-feed-brand-gpd-lt","23":"first","24":"outofstock","25":"sale","26":"taxable","27":"shipping-taxable","28":"purchasable","29":"product-type-variable","30":"has-default-attributes"},"acf":[],"aioseo_notices":[],"_links":{"self":[{"href":"https:\/\/gpdstore.net\/lt\/wp-json\/wp\/v2\/product\/207477","targetHints":{"allow":["GET"]}}],"collection":[{"href":"https:\/\/gpdstore.net\/lt\/wp-json\/wp\/v2\/product"}],"about":[{"href":"https:\/\/gpdstore.net\/lt\/wp-json\/wp\/v2\/types\/product"}],"wp:featuredmedia":[{"embeddable":true,"href":"https:\/\/gpdstore.net\/lt\/wp-json\/wp\/v2\/media\/207478"}],"wp:attachment":[{"href":"https:\/\/gpdstore.net\/lt\/wp-json\/wp\/v2\/media?parent=207477"}],"wp:term":[{"taxonomy":"product_brand","embeddable":true,"href":"https:\/\/gpdstore.net\/lt\/wp-json\/wp\/v2\/product_brand?post=207477"},{"taxonomy":"product_cat","embeddable":true,"href":"https:\/\/gpdstore.net\/lt\/wp-json\/wp\/v2\/product_cat?post=207477"},{"taxonomy":"product_tag","embeddable":true,"href":"https:\/\/gpdstore.net\/lt\/wp-json\/wp\/v2\/product_tag?post=207477"},{"taxonomy":"woo-feed-brand","embeddable":true,"href":"https:\/\/gpdstore.net\/lt\/wp-json\/wp\/v2\/woo-feed-brand?post=207477"}],"curies":[{"name":"wp","href":"https:\/\/api.w.org\/{rel}","templated":true}]}}