{"id":206315,"date":"2023-03-26T17:49:20","date_gmt":"2023-03-26T17:49:20","guid":{"rendered":"https:\/\/gpdstore.net\/be-kategorijos\/biwin-2230-nvme-saugykla\/"},"modified":"2025-12-23T10:31:06","modified_gmt":"2025-12-23T10:31:06","slug":"biwin-2230-nvme-storage","status":"publish","type":"product","link":"https:\/\/gpdstore.net\/lt\/product\/biwin-2230-nvme-storage\/","title":{"rendered":"&#8220;BiWin 2230 NVMe&#8221; saugykla"},"content":{"rendered":"\n<p>Ie\u0161kote didelio na\u0161umo saugyklos atnaujinimo savo GPD WIN MAX 2 arba &#8220;Valve Steam Deck&#8221;? Ie\u0161kokite tik &#8220;BiWin 22*30 PCI-e NVMe SSD&#8221;! \u0160is kompakti\u0161kas, bet galingas SSD diskas sukurtas taip, kad u\u017etikrint\u0173 \u017eaibi\u0161k\u0105 skaitymo ir ra\u0161ymo greit\u012f, tod\u0117l m\u0117gstami \u017eaidimai ir programos kraunasi greitai ir veikia skland\u017eiai.<\/p>\n\n<p>Vos 22 x 30 mm dyd\u017eio &#8220;BiWin 22*30&#8221; yra vienas ma\u017eiausi\u0173 NVMe SSD disk\u0173 rinkoje. Ta\u010diau neleiskite, kad jo kompakti\u0161kas dydis jus apgaut\u0173 &#8211; \u0161is SSD diskas yra labai galingas! Skaitymo greitis siekia iki 3500 MB\/s, o ra\u0161ymo greitis &#8211; iki 3000 MB\/s, tod\u0117l jis gali neatsilikti net nuo reikliausi\u0173 \u017eaidim\u0173 ir program\u0173.<\/p>\n\n<p>Vienas did\u017eiausi\u0173 &#8220;BiWin<em>2230<\/em>&#8221; privalum\u0173<em>&#8211; suderinamumas su GPD WIN MAX 2 ir &#8220;Valve&#8221; &#8220;Steam Deck&#8221;. Jei norite atnaujinti bet kurio i\u0161 \u0161i\u0173 \u012frengini\u0173 saugykl\u0105, &#8220;BiWin 2230&#8221; yra puikus pasirinkimas<\/em>. Tiesiog \u012fd\u0117kite SSD disk\u0105 \u012f \u012frenginio NVMe lizd\u0105 ir galite prad\u0117ti darb\u0105! <\/p>\n\n<p>Kitas &#8220;BiWin 22*30&#8221; privalumas &#8211; suderinamumas su \u012fvairiomis operacin\u0117mis sistemomis, \u012fskaitant &#8220;Windows&#8221;, &#8220;Linux&#8221; ir &#8220;MacOS&#8221;. Tod\u0117l tai yra universalus pasirinkimas visiems, norintiems atnaujinti saugykl\u0105, nepriklausomai nuo naudojamos sistemos.<\/p>\n\n<p>\u017dinoma, viena geriausi\u0173 viet\u0173 \u012fsigyti &#8220;BiWin 22*30&#8221; yra GPD parduotuv\u0117. GPD parduotuv\u0117 yra pirmaujanti GPD gamini\u0173 ma\u017emeninink\u0117, tod\u0117l \u010dia rasite visus priedus ir patobulinimus, kuri\u0173 reikia norint maksimaliai i\u0161naudoti GPD WIN MAX 2 arba Steam Deck. Greitas pristatymas, puikios kainos ir auk\u0161\u010diausio lygio klient\u0173 aptarnavimas leid\u017eia jums dr\u0105siai apsipirkti \u017einant, kad gaunate geriausi\u0105 \u012fmanom\u0105 pasi\u016blym\u0105.<\/p>\n\n<p>Taigi, jei ie\u0161kote didelio na\u0161umo NVMe SSD atnaujinimo savo GPD WIN MAX 2 arba Steam Deck, ie\u0161kokite tik &#8220;BiWin 22*30&#8221;. D\u0117l kompakti\u0161ko dyd\u017eio, \u017eaibi\u0161kos spartos ir plataus suderinamumo tai puikus pasirinkimas tiems, kurie nori pakelti savo \u017eaidim\u0173 ir skai\u010diavimo patirt\u012f \u012f kit\u0105 lyg\u012f. O GPD parduotuv\u0117 yra vos vienas paspaudimas, tod\u0117l dar niekada nebuvo taip paprasta \u012fsigyti produkt\u0173, kuri\u0173 jums reikia, kad pasiektum\u0117te s\u0117km\u0119!<\/p>\n","protected":false},"excerpt":{"rendered":"<ul>\n<li>Suderinama su vo\u017etuvu Steam Deck, GPD WIN Max 2, GPD WIN 4<\/li>\n<li>Iki 3200 MB\/s skaitymo | 2600 MB\/s ra\u0161ymo<\/li>\n<li>0,107 ms skaitymo delsa | 0,109 ms ra\u0161ymo delsa<\/li>\n<li>Palaikomos \u0161iuk\u0161li\u0173 surinkimo, TRIM ir modernaus bud\u0117jimo re\u017eimo funkcijos<\/li>\n<\/ul>\n[cg_accordion title=\"INFORMACIJA APMOK\u0116JIMUI\"]<\/p>\n<p>Naudojame naujausias mok\u0117jimo apdorojimo technologijas, kurios leid\u017eia greitai ir saugiai atsiskaityti per &#8220;Apple Pay&#8221;, &#8220;Google Pay&#8221;, debeto \/ kredito kortel\u0119, &#8220;PayPal&#8221; arba BNPL metodus, tokius kaip &#8220;Klarna&#8221;, &#8220;Affirm&#8221; arba &#8220;AfterPay&#8221;.[\/cg_accordion]\n[cg_accordion title=\"GARANTIJA\"]<\/p>\n<p><a href=\"https:\/\/droix.net\/\" target=\"_blank\" rel=\"nofollow noopener\">DROIX Global suteikia 2 met\u0173 garantij\u0105, kad<\/a> b\u016btum\u0117te ram\u016bs[\/cg_accordion]\n[cg_accordion title=\"KAINOS, MOKES\u010cIAI IR PRISTATYMAS\"]<\/p>\n<p><strong><u>Pastaba:<\/u><\/strong><\/p>\n<ul>\n<li>Jungtini\u0173 Amerikos Valstij\u0173 klientai: \u012e rodom\u0105 kain\u0105 N\u0116RA \u012fskai\u010diuoti mokes\u010diai ir muitai. Atsakomyb\u0117 i\u0161muitinti muitin\u0119 ir sumok\u0117ti visus susijusius mokes\u010dius ir muitus tenka klientui. <\/li>\n<li>ES klientai: \u012e nurodyt\u0105 kain\u0105 \u012fskai\u010diuoti taikomi mokes\u010diai, kurie, priklausomai nuo j\u016bs\u0173 \u0161alies, gali siekti iki 25 %.<\/li>\n<li>Kanados klientai: \u012e nurodyt\u0105 kain\u0105 \u012fskai\u010diuoti taikomi mokes\u010diai, kurie, priklausomai nuo j\u016bs\u0173 provincijos, gali apimti 5 % GPM ir papildomus provincijos pardavimo mokes\u010dius (PST), suderint\u0105 pardavimo mokest\u012f (HST) arba Kvebeko pardavimo mokest\u012f (QST).<\/li>\n<\/ul>\n<p><strong>TIK ES klientams:<\/strong> Express DDP (pristatoma sumok\u0117jus muit\u0105). Tai rei\u0161kia: <\/p>\n<ul>\n<li>Visi muitai ir mokes\u010diai \u012fskai\u010diuoti \u012f produkto puslapyje nurodyt\u0105 kain\u0105.<\/li>\n<li>Pristatymo metu jums nereik\u0117s mok\u0117ti joki\u0173 papildom\u0173 mokes\u010di\u0173.<\/li>\n<li>Retais atvejais, kai kyla su muitine susijusi\u0173 problem\u0173, m\u016bs\u0173 komanda pasir\u016bpins muitin\u0117s formalumais j\u016bs\u0173 vardu, kad b\u016bt\u0173 u\u017etikrintas sklandus pristatymas.<\/li>\n<p>Svarbi informacija apie gr\u0105\u017einim\u0105:<\/p>\n<li>Jei nuspr\u0119site gr\u0105\u017einti u\u017esakym\u0105 arba pra\u0161ysite gr\u0105\u017einti pinigus, tur\u0117kite omenyje, kad mokes\u010diai ir muitai, sumok\u0117ti u\u017e jus pagal DDP s\u0105lygas, negali b\u016bti gr\u0105\u017einami.<\/li>\n<p>I\u0161samesn\u0117s informacijos rasite m\u016bs\u0173 <a href=\"https:\/\/gpdstore.net\/lt\/terms-of-service\/\" target=\"_blank\" rel=\"nofollow noopener\">s\u0105lygose ir nuostatose<\/a>.\n<\/ul>\n<p>[\/cg_accordion]\n[cg_accordion title=\"KLIENT\u0172 APTARNAVIMAS\"]<\/p>\n<p>Turite klausim\u0105? U\u017etenka para\u0161yti trump\u0105j\u0105 \u017einut\u0119 ir j\u016bs\u0173 klausimas bus i\u0161spr\u0119stas!<br \/>\n[\/cg_accordion]\n[cg_accordion title=\"KAS \u012eTRAUKTA\"]<\/p>\n<ul>\n<li>1x &#8220;BiWIN 2230 NVMe<\/li>\n<\/ul>\n<p>[\/cg_accordion]\n","protected":false},"featured_media":206317,"template":"","meta":{"_acf_changed":false},"product_brand":[],"product_cat":[5396],"product_tag":[9059],"woo-feed-brand":[],"class_list":{"0":"post-206315","1":"product","2":"type-product","3":"status-publish","4":"has-post-thumbnail","6":"product_cat-priedai","7":"product_tag-hardware-lt","8":"product_shipping_class-low-end","9":"pa_accessory-type-papildomi-priedai","11":"first","12":"outofstock","13":"sold-individually","14":"taxable","15":"shipping-taxable","16":"purchasable","17":"product-type-simple"},"acf":[],"aioseo_notices":[],"_links":{"self":[{"href":"https:\/\/gpdstore.net\/lt\/wp-json\/wp\/v2\/product\/206315","targetHints":{"allow":["GET"]}}],"collection":[{"href":"https:\/\/gpdstore.net\/lt\/wp-json\/wp\/v2\/product"}],"about":[{"href":"https:\/\/gpdstore.net\/lt\/wp-json\/wp\/v2\/types\/product"}],"wp:featuredmedia":[{"embeddable":true,"href":"https:\/\/gpdstore.net\/lt\/wp-json\/wp\/v2\/media\/206317"}],"wp:attachment":[{"href":"https:\/\/gpdstore.net\/lt\/wp-json\/wp\/v2\/media?parent=206315"}],"wp:term":[{"taxonomy":"product_brand","embeddable":true,"href":"https:\/\/gpdstore.net\/lt\/wp-json\/wp\/v2\/product_brand?post=206315"},{"taxonomy":"product_cat","embeddable":true,"href":"https:\/\/gpdstore.net\/lt\/wp-json\/wp\/v2\/product_cat?post=206315"},{"taxonomy":"product_tag","embeddable":true,"href":"https:\/\/gpdstore.net\/lt\/wp-json\/wp\/v2\/product_tag?post=206315"},{"taxonomy":"woo-feed-brand","embeddable":true,"href":"https:\/\/gpdstore.net\/lt\/wp-json\/wp\/v2\/woo-feed-brand?post=206315"}],"curies":[{"name":"wp","href":"https:\/\/api.w.org\/{rel}","templated":true}]}}