{"id":204191,"date":"2023-03-26T17:20:14","date_gmt":"2023-03-26T17:20:14","guid":{"rendered":"https:\/\/gpdstore.net\/be-kategorijos\/gpd-win-max-2-zaidimu-nesiojamasis-kompiuteris\/"},"modified":"2026-04-02T03:46:44","modified_gmt":"2026-04-02T03:46:44","slug":"gpd-win-max-2","status":"publish","type":"product","link":"https:\/\/gpdstore.net\/lt\/product\/gpd-win-max-2\/","title":{"rendered":"GPD WIN MAX 2 \u017eaidim\u0173 ne\u0161iojamasis kompiuteris"},"content":{"rendered":"\n<p>GPD WIN MAX 2, kur\u012f galima \u012fsigyti GPD parduotuv\u0117je, yra \u012fsp\u016bdingas ultrabookas, kuriame darbas ir pramogos derinami viename \u012frenginyje. \u0160is ne\u0161iojamasis \u017eaidim\u0173 kompiuteris pasi\u017eymi didelio na\u0161umo AMD Ryzen 7 6800U procesoriumi su a\u0161tuoniais branduoliais ir \u0161e\u0161iolika gij\u0173, galin\u010diu pasiekti iki 4,7 GHz da\u017en\u012f tarp konfig\u016bruojamo 15 W-28 W TDP. AMD Radeon 680M u\u017etikrina iki 2,2 GHz gali\u0105, tod\u0117l 10,1 colio IPS jutikliniame ekrane rodomas sklandus vaizdas.  <\/p>\n\n<p>Kompakti\u0161k\u0173 8,9 x 6,2 x 0,9 coli\u0173 (22,7 x 16,0 x 2,3 cm) matmen\u0173 ir \u0161iek tiek daugiau nei kilogramo svorio GPD WIN MAX 2 yra labai mobilus ir lengvai telpa \u012f ne\u0161iojamojo kompiuterio krep\u0161\u012f ar d\u0117kl\u0105. \u0160is ne\u0161iojamasis \u017eaidim\u0173 kompiuteris palaiko iki 32 GB LPDDR5-6400 MT\/s operatyviosios atminties ir iki 2 TB SSD, su papildomu lizdu galin\u0117je dalyje iki 2 TB m.2. &#8220;PCIe 3.0&#8221; SSD.<\/p>\n\n<p>&#8220;GPD WIN MAX 2&#8221; taip pat turi visus \u017eaidim\u0173 valdiklius, \u012fskaitant dvi analogines &#8220;Hall Effect&#8221; jutiklio lazdeles, \u017eaidim\u0173 &#8220;D-Pad&#8221; ir &#8220;Hall Effect&#8221; valdiklius. Galin\u0117je pus\u0117je yra net du papildomi mygtukai, kuriuos galima konfig\u016bruoti pagal savo pageidavimus. \u0160is ultrabookas taip pat pasi\u017eymi spar\u010diuoju &#8220;WiFi 6&#8221; ir &#8220;Bluetooth 5.2&#8221; ry\u0161iais, o mobiliesiems duomenims palaikyti galima pasirinkti 4G LTE.<\/p>\n\n<p>GPD WIN MAX 2 maitina 67Wh li\u010dio-polimero akumuliatorius, kuris u\u017etikrina iki 14 valand\u0173 lengvo naudojimo, 6-8 valand\u0173 vidutinio naudojimo ir 3 valand\u0173 intensyvaus naudojimo. Be to, naudodami &#8220;Thunderbolt 4&#8221; prievad\u0105 galite prijungti i\u0161orin\u0119 vaizdo plok\u0161t\u0119 (eGPU) ir pasiekti dar didesn\u012f na\u0161um\u0105. Netgi yra integruota HDMI 2.1 jungtis, kad b\u016bt\u0173 galima rodyti per du monitorius.<\/p>\n\n<p>Apskritai GPD WIN MAX 2 yra i\u0161skirtinis ne\u0161iojamasis \u017eaidim\u0173 kompiuteris, kuris skland\u017eiai pereina nuo darbo prie \u017eaidim\u0173, o jo akumuliatoriaus veikimo laikas yra labai ilgas. Nesvarbu, ar dirbate su sud\u0117tingais biuro dokumentais, ar \u017eaid\u017eiate m\u0117gstamus AAA \u017eaidimus, \u0161is &#8220;Ultrabook&#8221; kompiuteris jums pad\u0117s.<\/p>\n\n<p><\/p>\n","protected":false},"excerpt":{"rendered":"<ul>\n<li>&#8220;AMD <strong>Ryzen 7 6800U<\/strong> &#8221; @2.7GHz TDP 15-28W<\/li>\n<li>AMD Radeon 680M <strong>12 CU @2200 MHz<\/strong><\/li>\n<li><strong>iki 32 GB LPDDR5-6400 MT\/s<\/strong><\/li>\n<li><strong>iki 2 TB<\/strong> didel\u0117s spartos PCI-E <strong>NVMe<\/strong> SSD<\/li>\n<li>\u201eWiFi 6\u201c ir \u201eBluetooth <strong>5.2<\/strong>\u201c palaikymas  <\/li>\n<\/ul>\n[cg_accordion title=\"INFORMACIJA APMOK\u0116JIMUI\"]<\/p>\n<p>Mes naudojame naujausias mok\u0117jimo apdorojimo technologijas, kurios leid\u017eia jums greitai ir saugiai atsiskaityti debeto\/kredito kortele arba &#8220;PayPal&#8221;.[\/cg_accordion]\n[cg_accordion title=\"GARANTIJA\"]<\/p>\n<p><a href=\"https:\/\/droix.net\/\" target=\"_blank\" rel=\"nofollow noopener\">DROIX Global suteikia 2 met\u0173 garantij\u0105, kad<\/a> b\u016btum\u0117te ram\u016bs[\/cg_accordion]\n[cg_accordion title=\"KAINOS, MOKES\u010cIAI IR PRISTATYMAS\"]<\/p>\n<p><strong><u>Pastaba:<\/u><\/strong><\/p>\n<ul>\n<li>Jungtini\u0173 Amerikos Valstij\u0173 klientai: \u012e rodom\u0105 kain\u0105 N\u0116RA \u012fskai\u010diuoti mokes\u010diai ir muitai. Atsakomyb\u0117 i\u0161muitinti muitin\u0119 ir sumok\u0117ti visus susijusius mokes\u010dius ir muitus tenka klientui. <\/li>\n<li>ES klientai: \u012e nurodyt\u0105 kain\u0105 \u012fskai\u010diuoti taikomi mokes\u010diai, kurie, priklausomai nuo j\u016bs\u0173 \u0161alies, gali siekti iki 25 %.<\/li>\n<li>Kanados klientai: \u012e nurodyt\u0105 kain\u0105 \u012fskai\u010diuoti taikomi mokes\u010diai, kurie, priklausomai nuo j\u016bs\u0173 provincijos, gali apimti 5 % GPM ir papildomus provincijos pardavimo mokes\u010dius (PST), suderint\u0105 pardavimo mokest\u012f (HST) arba Kvebeko pardavimo mokest\u012f (QST).<\/li>\n<\/ul>\n<p><strong>TIK ES klientams:<\/strong> Express DDP (pristatoma sumok\u0117jus muit\u0105). Tai rei\u0161kia: <\/p>\n<ul>\n<li>Visi muitai ir mokes\u010diai \u012fskai\u010diuoti \u012f produkto puslapyje nurodyt\u0105 kain\u0105.<\/li>\n<li>Pristatymo metu jums nereik\u0117s mok\u0117ti joki\u0173 papildom\u0173 mokes\u010di\u0173.<\/li>\n<li>Retais atvejais, kai kyla su muitine susijusi\u0173 problem\u0173, m\u016bs\u0173 komanda pasir\u016bpins muitin\u0117s formalumais j\u016bs\u0173 vardu, kad b\u016bt\u0173 u\u017etikrintas sklandus pristatymas.<\/li>\n<p>Svarbi informacija apie gr\u0105\u017einim\u0105:<\/p>\n<li>Jei nuspr\u0119site gr\u0105\u017einti u\u017esakym\u0105 arba pra\u0161ysite gr\u0105\u017einti pinigus, tur\u0117kite omenyje, kad mokes\u010diai ir muitai, sumok\u0117ti u\u017e jus pagal DDP s\u0105lygas, negali b\u016bti gr\u0105\u017einami.<\/li>\n<p>I\u0161samesn\u0117s informacijos rasite m\u016bs\u0173 <a href=\"https:\/\/droix.net\/terms-and-conditions\/\" target=\"_blank\" rel=\"nofollow noopener\">s\u0105lygose ir nuostatose<\/a>.\n<\/ul>\n<p>[\/cg_accordion]\n[cg_accordion title=\"KLIENT\u0172 APTARNAVIMAS\"]<\/p>\n<p>Turite klausim\u0105? U\u017etenka para\u0161yti trump\u0105j\u0105 \u017einut\u0119 ir j\u016bs\u0173 klausimas bus i\u0161spr\u0119stas! <\/p>\n<p>I\u0161samesn\u0117s informacijos rasite m\u016bs\u0173 <a href=\"https:\/\/gpdstore.net\/lt\/terms-of-service\/\" target=\"_blank\" rel=\"nofollow noopener\">s\u0105lygose ir nuostatose<\/a>.\n<\/ul>\n<p>[\/cg_accordion]\n[cg_accordion title=\"KAS \u012eTRAUKTA\"]<\/p>\n<ul>\n<li>1x GPD WIN MAX 2<\/li>\n<li>1x maitinimo adapteris<\/li>\n<li>1x C tipo USB kabelis<\/li>\n<li>1x naudotojo vadovas<\/li>\n<\/ul>\n<p>[\/cg_accordion]\n","protected":false},"featured_media":204192,"template":"","meta":{"_acf_changed":false},"product_brand":[],"product_cat":[6932],"product_tag":[17677],"woo-feed-brand":[5770],"class_list":{"0":"post-204191","1":"product","2":"type-product","3":"status-publish","4":"has-post-thumbnail","6":"product_cat-gpd-rankinis-zaidimu-kompiuteris","7":"product_tag-gpd-win-max-2-lt","8":"product_shipping_class-premium","9":"pa_bluetooth-5-2-lt","10":"pa_display-type-h-ips-lt","11":"pa_graphics-gpu-model-radeon-680m-lt","12":"pa_i-o-video-1x-hdmi-2-1-lt","13":"pa_i-o-video-per-1x-usb-4-0-type-c-40gb-s","14":"pa_memory-ram-capacity-16-gb-lt","15":"pa_memory-ram-capacity-32-gb-lt-2","16":"pa_memory-ram-technology-lpddr5-lt","17":"pa_storage-capacity-1-tb-lt","18":"pa_storage-capacity-2-tb-lt","19":"pa_wi-fi-wi-fi-6-lt","20":"woo-feed-brand-gpd-lt","22":"first","23":"outofstock","24":"taxable","25":"shipping-taxable","26":"purchasable","27":"product-type-variable","28":"has-default-attributes"},"acf":[],"aioseo_notices":[],"_links":{"self":[{"href":"https:\/\/gpdstore.net\/lt\/wp-json\/wp\/v2\/product\/204191","targetHints":{"allow":["GET"]}}],"collection":[{"href":"https:\/\/gpdstore.net\/lt\/wp-json\/wp\/v2\/product"}],"about":[{"href":"https:\/\/gpdstore.net\/lt\/wp-json\/wp\/v2\/types\/product"}],"wp:featuredmedia":[{"embeddable":true,"href":"https:\/\/gpdstore.net\/lt\/wp-json\/wp\/v2\/media\/204192"}],"wp:attachment":[{"href":"https:\/\/gpdstore.net\/lt\/wp-json\/wp\/v2\/media?parent=204191"}],"wp:term":[{"taxonomy":"product_brand","embeddable":true,"href":"https:\/\/gpdstore.net\/lt\/wp-json\/wp\/v2\/product_brand?post=204191"},{"taxonomy":"product_cat","embeddable":true,"href":"https:\/\/gpdstore.net\/lt\/wp-json\/wp\/v2\/product_cat?post=204191"},{"taxonomy":"product_tag","embeddable":true,"href":"https:\/\/gpdstore.net\/lt\/wp-json\/wp\/v2\/product_tag?post=204191"},{"taxonomy":"woo-feed-brand","embeddable":true,"href":"https:\/\/gpdstore.net\/lt\/wp-json\/wp\/v2\/woo-feed-brand?post=204191"}],"curies":[{"name":"wp","href":"https:\/\/api.w.org\/{rel}","templated":true}]}}