{"id":193683,"date":"2023-03-26T13:55:57","date_gmt":"2023-03-26T13:55:57","guid":{"rendered":"https:\/\/gpdstore.net\/be-kategorijos\/gpd-pocket-3-mini-nesiojamasis-kompiuteris\/"},"modified":"2026-01-07T00:10:02","modified_gmt":"2026-01-07T00:10:02","slug":"gpd-pocket-3","status":"publish","type":"product","link":"https:\/\/gpdstore.net\/lt\/product\/gpd-pocket-3\/","title":{"rendered":"GPD Pocket 3 mini ne\u0161iojamasis kompiuteris"},"content":{"rendered":"\n<figure class=\"wp-block-video\"><video controls=\"\" poster=\"https:\/\/gpdstore.net\/wp-content\/uploads\/2023\/03\/s-l1600-2025-11-11T121147209.webp\" src=\"https:\/\/gpdstore.net\/wp-content\/uploads\/2023\/03\/kaezXFcAdRaf7bFG0dm_1100204901809_mp4_265_hd-1.mp4\"><\/video><\/figure>\n\n<div class=\"wp-block-columns is-layout-flex wp-container-core-columns-is-layout-28f84493 wp-block-columns-is-layout-flex\">\n<div class=\"wp-block-column is-layout-flow wp-block-column-is-layout-flow\" style=\"flex-basis:33.33%\">\n<figure class=\"wp-block-image size-full\"><a href=\"https:\/\/gpdstore.net\/wp-content\/uploads\/2023\/03\/Wholesale-Price-GPD-Pocket-3-Mini-Laptop-16GB-1TB-i7-GPD-Pocket-3jpg_.webp\"><img fetchpriority=\"high\" decoding=\"async\" width=\"800\" height=\"800\" src=\"https:\/\/gpdstore.net\/wp-content\/uploads\/2023\/03\/Wholesale-Price-GPD-Pocket-3-Mini-Laptop-16GB-1TB-i7-GPD-Pocket-3jpg_.webp\" alt=\"GPD Pocket 3 - kompakti&#x161;kas ir galingas mini ne&#x161;iojamasis kompiuteris, skirtas universaliam darbui ir ne&#x161;iojimui.\" class=\"wp-image-1263941\" srcset=\"https:\/\/gpdstore.net\/wp-content\/uploads\/2023\/03\/Wholesale-Price-GPD-Pocket-3-Mini-Laptop-16GB-1TB-i7-GPD-Pocket-3jpg_.webp 800w, https:\/\/gpdstore.net\/wp-content\/uploads\/2023\/03\/Wholesale-Price-GPD-Pocket-3-Mini-Laptop-16GB-1TB-i7-GPD-Pocket-3jpg_-600x600.webp 600w, https:\/\/gpdstore.net\/wp-content\/uploads\/2023\/03\/Wholesale-Price-GPD-Pocket-3-Mini-Laptop-16GB-1TB-i7-GPD-Pocket-3jpg_-150x150.webp 150w, https:\/\/gpdstore.net\/wp-content\/uploads\/2023\/03\/Wholesale-Price-GPD-Pocket-3-Mini-Laptop-16GB-1TB-i7-GPD-Pocket-3jpg_-768x768.webp 768w, https:\/\/gpdstore.net\/wp-content\/uploads\/2023\/03\/Wholesale-Price-GPD-Pocket-3-Mini-Laptop-16GB-1TB-i7-GPD-Pocket-3jpg_-65x65.webp 65w, https:\/\/gpdstore.net\/wp-content\/uploads\/2023\/03\/Wholesale-Price-GPD-Pocket-3-Mini-Laptop-16GB-1TB-i7-GPD-Pocket-3jpg_-360x360.webp 360w, https:\/\/gpdstore.net\/wp-content\/uploads\/2023\/03\/Wholesale-Price-GPD-Pocket-3-Mini-Laptop-16GB-1TB-i7-GPD-Pocket-3jpg_-441x441.webp 441w, https:\/\/gpdstore.net\/wp-content\/uploads\/2023\/03\/Wholesale-Price-GPD-Pocket-3-Mini-Laptop-16GB-1TB-i7-GPD-Pocket-3jpg_-100x100.webp 100w\" sizes=\"(max-width: 800px) 100vw, 800px\" \/><\/a><\/figure>\n<\/div>\n\n\n\n<div class=\"wp-block-column is-layout-flow wp-block-column-is-layout-flow\" style=\"flex-basis:66.66%\">\n<h2 class=\"wp-block-heading\"><strong><br\/><\/strong><strong>GPD Pocket 3: kompakti\u0161ka j\u0117gain\u0117 su<br\/>&#8220;Intel Pentium Gold 7505&#8221; na\u0161umu<\/strong><\/h2>\n\n\n\n<p>Dabar galima \u012fsigyti supaprastintos konfig\u016bracijos <strong>GPD Pocket 3<\/strong> su &#8221; <a href=\"https:\/\/www.intel.com\/content\/www\/us\/en\/products\/sku\/208667\/intel-pentium-gold-7505-processor-4m-cache-up-to-3-50-ghz-with-ipu\/specifications.html\" target=\"_blank\" rel=\"noopener nofollow\" title=\"\">Intel Pentium Gold 7505&#8243; procesoriumi<\/a>. Keturi branduoliai, a\u0161tuoni gijos ir iki 3,5 GHz spartos didinimo greitis &#8211; \u0161is procesorius u\u017etikrina ger\u0105 na\u0161um\u0105 kasdieniam produktyvumui ir daugiafunkci\u0161kumui. <\/p>\n\n\n\n<p>Kartu su 16 GB LPDDR4x operatyviosios atminties, veikian\u010dios 3733 MHz da\u017eniu, ir spar\u010diu M.2 <a href=\"https:\/\/droix.net\/product\/ayn-odin-2-super-dock\/\" target=\"_blank\" rel=\"noopener nofollow\" title=\"\">NVMe<\/a> SSD, &#8220;Pocket 3&#8221; u\u017etikrina skland\u017ei\u0105 toki\u0173 u\u017eduo\u010di\u0173, kaip dokument\u0173 redagavimas, nar\u0161ymas internete, vaizdo transliavimas ir lengvas k\u016brybinis darbas, atlikim\u0105. D\u0117l kompakti\u0161ko dizaino ir modulin\u0117s prievad\u0173 sistemos jis idealiai tinka profesionalams ir entuziastams, kuriems reikia galingo, bet ne\u0161iojamojo &#8220;Windows&#8221; \u012frenginio. <\/p>\n\n\n\n<p>Nesvarbu, ar dirbate nuotoliniu b\u016bdu, ar keliaujate, ar jums reikia universalaus itin ne\u0161iojamojo kompiuterio, GPD Pocket 3 su &#8220;Intel Pentium Gold&#8221; puikiai suderina na\u0161um\u0105 ir ne\u0161iojamum\u0105.<\/p>\n<\/div>\n<\/div>\n\n<h2 class=\"wp-block-heading has-text-align-center\">Sukurta profesionalams: \u012eranga: universalumas, valdymas ir dizaino meistri\u0161kumas<\/h2>\n\n<div class=\"wp-block-columns is-layout-flex wp-container-core-columns-is-layout-28f84493 wp-block-columns-is-layout-flex\">\n<div class=\"wp-block-column is-layout-flow wp-block-column-is-layout-flow\">\n<figure class=\"wp-block-image size-full\"><img decoding=\"async\" width=\"300\" height=\"300\" src=\"https:\/\/gpdstore.net\/wp-content\/uploads\/2023\/03\/87affa8a-19ce-4c6d-891b-43840ae1d1f6__CR00300300_PT0_SX300_V1___.jpg\" alt=\"GPD Pocket 3 mini ne&#x161;iojamasis kompiuteris su 180 laipsni&#x173; pasukamu ekranu ir 180 laipsni&#x173; apvertimo galimybe, suteikian&#x10D;ia lanks&#x10D;ias &#x17E;i&#x16B;r&#x117;jimo ir naudojimo galimybes\" class=\"wp-image-1263942\" srcset=\"https:\/\/gpdstore.net\/wp-content\/uploads\/2023\/03\/87affa8a-19ce-4c6d-891b-43840ae1d1f6__CR00300300_PT0_SX300_V1___.jpg 300w, https:\/\/gpdstore.net\/wp-content\/uploads\/2023\/03\/87affa8a-19ce-4c6d-891b-43840ae1d1f6__CR00300300_PT0_SX300_V1___-150x150.jpg 150w, https:\/\/gpdstore.net\/wp-content\/uploads\/2023\/03\/87affa8a-19ce-4c6d-891b-43840ae1d1f6__CR00300300_PT0_SX300_V1___-65x65.jpg 65w, https:\/\/gpdstore.net\/wp-content\/uploads\/2023\/03\/87affa8a-19ce-4c6d-891b-43840ae1d1f6__CR00300300_PT0_SX300_V1___-100x100.jpg 100w\" sizes=\"(max-width: 300px) 100vw, 300px\" \/><\/figure>\n\n\n\n<h3 class=\"wp-block-heading\"><strong><strong>Prisitaikantis ekranas:<\/strong> 180\u00b0 pasukamas ekranas su miltelin\u0117s metalurgijos atsparumu.<\/strong><\/h3>\n\n\n\n<p>M\u016bs\u0173 naujovi\u0161kai sukonstruotas pasukamas ekranas, pagamintas naudojant pa\u017eangi\u0105 miltelin\u0117s metalurgijos technologij\u0105, leid\u017eia skland\u017eiai 180 laipsni\u0173 kampu viena ranka suktis aplink Y a\u0161\u012f. Jis s\u0117kmingai atlaik\u0117 grie\u017etus patvarumo bandymus ir atlaik\u0117 100 000 nepertraukiam\u0173 roboto operacij\u0173 (\u012fskaitant sukim\u0105, atidarym\u0105 ir u\u017edarym\u0105) su \u012fsp\u016bdingu 99,3 % tinkamumo eksploatuoti rodikliu. <\/p>\n<\/div>\n\n\n\n<div class=\"wp-block-column is-layout-flow wp-block-column-is-layout-flow\">\n<figure class=\"wp-block-image size-full\"><img decoding=\"async\" width=\"300\" height=\"300\" src=\"https:\/\/gpdstore.net\/wp-content\/uploads\/2023\/03\/9728f488-7c9a-4702-8194-6d4228a0fa83__CR00300300_PT0_SX300_V1___.jpg\" alt=\"GPD Pocket 3 mini ne&#x161;iojamasis kompiuteris su plunksnos palaikymu, leid&#x17E;ian&#x10D;iu tiksliai &#x12F;vesti duomenis ir padidinti produktyvum&#x105;.\" class=\"wp-image-1263943\" srcset=\"https:\/\/gpdstore.net\/wp-content\/uploads\/2023\/03\/9728f488-7c9a-4702-8194-6d4228a0fa83__CR00300300_PT0_SX300_V1___.jpg 300w, https:\/\/gpdstore.net\/wp-content\/uploads\/2023\/03\/9728f488-7c9a-4702-8194-6d4228a0fa83__CR00300300_PT0_SX300_V1___-150x150.jpg 150w, https:\/\/gpdstore.net\/wp-content\/uploads\/2023\/03\/9728f488-7c9a-4702-8194-6d4228a0fa83__CR00300300_PT0_SX300_V1___-65x65.jpg 65w, https:\/\/gpdstore.net\/wp-content\/uploads\/2023\/03\/9728f488-7c9a-4702-8194-6d4228a0fa83__CR00300300_PT0_SX300_V1___-100x100.jpg 100w\" sizes=\"(max-width: 300px) 100vw, 300px\" \/><\/figure>\n\n\n\n<h3 class=\"wp-block-heading\"><strong><strong><strong>Tikslumo \u012fvestis:<\/strong> Raudonuoju ta\u0161ku apdovanota QWERTY klaviat\u016bra ir 4096 lygi\u0173 ra\u0161iklis.<\/strong><\/strong><\/h3>\n\n\n\n<p>&#8220;Pocket 3&#8221; palaiko aktyv\u0173j\u012f ra\u0161ikl\u012f su 4096 spaudimo jautrumo lygiais, tod\u0117l ra\u0161ysena ra\u0161oma itin tiksliai. Jis suderinamas su &#8220;Surface Pen&#8221; per &#8220;Microsoft MPP 2.0&#8221; protokol\u0105, tod\u0117l galima skland\u017eiai ra\u0161yti pastabas, anotacijas ir para\u0161us, tod\u0117l bet kada galima kurti tiksl\u0173 ir k\u016brybi\u0161k\u0105 turin\u012f. <\/p>\n<\/div>\n\n\n\n<div class=\"wp-block-column is-layout-flow wp-block-column-is-layout-flow\">\n<figure class=\"wp-block-image size-full\"><img loading=\"lazy\" decoding=\"async\" width=\"300\" height=\"300\" src=\"https:\/\/gpdstore.net\/wp-content\/uploads\/2023\/03\/a2d68f01-c1f4-4886-afb1-90dae8b01b16__CR00300300_PT0_SX300_V1___.jpg\" alt=\"GPD Pocket 3 mini ne&#x161;iojamasis kompiuteris su 1080P itin plona kamera, u&#x17E;tikrinan&#x10D;ia auk&#x161;tos rai&#x161;kos vaizdo kokyb&#x119;, kad vaizdo skambu&#x10D;iai b&#x16B;t&#x173; ai&#x161;k&#x16B;s ir a&#x161;tr&#x16B;s\" class=\"wp-image-1263944\" srcset=\"https:\/\/gpdstore.net\/wp-content\/uploads\/2023\/03\/a2d68f01-c1f4-4886-afb1-90dae8b01b16__CR00300300_PT0_SX300_V1___.jpg 300w, https:\/\/gpdstore.net\/wp-content\/uploads\/2023\/03\/a2d68f01-c1f4-4886-afb1-90dae8b01b16__CR00300300_PT0_SX300_V1___-150x150.jpg 150w, https:\/\/gpdstore.net\/wp-content\/uploads\/2023\/03\/a2d68f01-c1f4-4886-afb1-90dae8b01b16__CR00300300_PT0_SX300_V1___-65x65.jpg 65w, https:\/\/gpdstore.net\/wp-content\/uploads\/2023\/03\/a2d68f01-c1f4-4886-afb1-90dae8b01b16__CR00300300_PT0_SX300_V1___-100x100.jpg 100w\" sizes=\"(max-width: 300px) 100vw, 300px\" \/><\/figure>\n\n\n\n<h3 class=\"wp-block-heading\"><strong><strong><strong>Ai\u0161kus bendravimas:<\/strong> 1080P itin plona plataus kampo kamera.<\/strong><\/strong><\/h3>\n\n\n\n<p>1080P didel\u0117s rai\u0161kos itin plona mini kamera su 2 mln. ta\u0161k\u0173 ir pla\u010diu 77\u00b0 matymo lauku. Tai leid\u017eia bendrauti su \u0161eima per tiesiogin\u0119 transliacij\u0105 internetu arba rengti vaizdo konferencijas su kolegomis bet kada ir bet kur. <\/p>\n<\/div>\n<\/div>\n\n<div class=\"wp-block-columns is-layout-flex wp-container-core-columns-is-layout-28f84493 wp-block-columns-is-layout-flex\">\n<div class=\"wp-block-column is-layout-flow wp-block-column-is-layout-flow\">\n<figure class=\"wp-block-image size-full\"><img loading=\"lazy\" decoding=\"async\" width=\"300\" height=\"400\" src=\"https:\/\/gpdstore.net\/wp-content\/uploads\/2023\/03\/dfaad9ca-c981-4178-9f69-19a4a5cf5f38__CR00300400_PT0_SX300_V1___.jpg\" alt=\"GPD Pocket 3 mini ne&#x161;iojamasis kompiuteris su KVM valdikliu, leid&#x17E;iantis skland&#x17E;iai integruoti ir valdyti kelis &#x12F;renginius i&#x161; vienos s&#x105;sajos\" class=\"wp-image-1263945\" srcset=\"https:\/\/gpdstore.net\/wp-content\/uploads\/2023\/03\/dfaad9ca-c981-4178-9f69-19a4a5cf5f38__CR00300400_PT0_SX300_V1___.jpg 300w, https:\/\/gpdstore.net\/wp-content\/uploads\/2023\/03\/dfaad9ca-c981-4178-9f69-19a4a5cf5f38__CR00300400_PT0_SX300_V1___-150x200.jpg 150w\" sizes=\"(max-width: 300px) 100vw, 300px\" \/><\/figure>\n<\/div>\n\n\n\n<div class=\"wp-block-column is-layout-flow wp-block-column-is-layout-flow\">\n<h3 class=\"wp-block-heading\"><strong>IT administravimo galia:<\/strong> aparatin\u0117s \u012frangos lygmens prieiga prie serverio per kar\u0161tai kei\u010diam\u0105 KVM modul\u012f.<\/h3>\n\n\n\n<p>Skirtingai nuo nuotolinio darbalaukio, KVM valdymo modulis naudojamas aparatin\u0117s \u012frangos lygmens prieigos valdymui, apiman\u010diam vis\u0105 tikslinio serverio naudojimo proces\u0105 &#8211; nuo \u012fkrovos, BIOS nustatym\u0173 iki operacij\u0173 su operacine sistema.<\/p>\n\n\n\n<p>J\u012f galima keisti kar\u0161tuoju b\u016bdu, ta\u010diau jis neturi IP KVM, tod\u0117l nepalaiko nuotolinio valdymo ir tinka vietinei tinklo \u012frangai, kuri neturi klaviat\u016bros, pel\u0117s ir ekrano, valdyti.<\/p>\n\n\n\n<p>*KVM modulis\/RS-232 modulis\/Stylus parduodamas atskirai<\/p>\n<\/div>\n\n\n\n<div class=\"wp-block-column is-layout-flow wp-block-column-is-layout-flow\">\n<figure class=\"wp-block-image size-full\"><img loading=\"lazy\" decoding=\"async\" width=\"350\" height=\"175\" src=\"https:\/\/gpdstore.net\/wp-content\/uploads\/2023\/03\/c011901a-1c49-4ed6-b6e2-a74a6089bf57__CR00350175_PT0_SX350_V1___-1.jpg\" alt=\"Mini ne&#x161;iojamasis kompiuteris &quot;GPD Pocket 3&quot; su QWERTY klaviat&#x16B;ra, skirtas patogiam ir efektyviam ra&#x161;ymui kompakti&#x161;kame korpuse\" class=\"wp-image-1263946\" srcset=\"https:\/\/gpdstore.net\/wp-content\/uploads\/2023\/03\/c011901a-1c49-4ed6-b6e2-a74a6089bf57__CR00350175_PT0_SX350_V1___-1.jpg 350w, https:\/\/gpdstore.net\/wp-content\/uploads\/2023\/03\/c011901a-1c49-4ed6-b6e2-a74a6089bf57__CR00350175_PT0_SX350_V1___-1-150x75.jpg 150w\" sizes=\"(max-width: 350px) 100vw, 350px\" \/><\/figure>\n\n\n\n<h3 class=\"wp-block-heading\"><strong>&#8220;QWERTY&#8221; klaviat\u016bra<\/strong><\/h3>\n\n\n\n<p>M\u016bs\u0173 pla\u010diai pripa\u017einta \u0161okoladinio stiliaus &#8220;QWERTY&#8221; klaviat\u016bra, pelniusi Vokietijos &#8220;Red Dot&#8221; apdovanojim\u0105, yra optimizuota spausdinti abiem rankomis, nes svarbiausi klavi\u0161ai sutelkti centre, tod\u0117l \u0161iuo \u012frenginiu labai patogu \u017eaisti klaviat\u016bra ir pele valdomus \u017eaidimus!<\/p>\n<\/div>\n<\/div>\n\n<h2 class=\"wp-block-heading has-text-align-center\">Profesionalios klas\u0117s \u012f\u0117jimai: Technin\u0117s \u012frangos valdymas ir ergonomi\u0161kas ra\u0161ymas<\/h2>\n\n<figure class=\"wp-block-image aligncenter size-full\"><img loading=\"lazy\" decoding=\"async\" width=\"1024\" height=\"678\" src=\"https:\/\/gpdstore.net\/wp-content\/uploads\/2023\/03\/GPD-POCKET-3-MARKETING-IMAGE-2-1024x678-1.jpg\" alt=\"GPD Pocket 3 mini ne&#x161;iojamasis kompiuteris, prie kurio galima prijungti kelis ekranus, kad padid&#x117;t&#x173; produktyvumas ir b&#x16B;t&#x173; galima atlikti daug u&#x17E;duo&#x10D;i&#x173;\" class=\"wp-image-1263947\" srcset=\"https:\/\/gpdstore.net\/wp-content\/uploads\/2023\/03\/GPD-POCKET-3-MARKETING-IMAGE-2-1024x678-1.jpg 1024w, https:\/\/gpdstore.net\/wp-content\/uploads\/2023\/03\/GPD-POCKET-3-MARKETING-IMAGE-2-1024x678-1-600x397.jpg 600w, https:\/\/gpdstore.net\/wp-content\/uploads\/2023\/03\/GPD-POCKET-3-MARKETING-IMAGE-2-1024x678-1-768x509.jpg 768w, https:\/\/gpdstore.net\/wp-content\/uploads\/2023\/03\/GPD-POCKET-3-MARKETING-IMAGE-2-1024x678-1-360x238.jpg 360w, https:\/\/gpdstore.net\/wp-content\/uploads\/2023\/03\/GPD-POCKET-3-MARKETING-IMAGE-2-1024x678-1-990x655.jpg 990w, https:\/\/gpdstore.net\/wp-content\/uploads\/2023\/03\/GPD-POCKET-3-MARKETING-IMAGE-2-1024x678-1-441x292.jpg 441w, https:\/\/gpdstore.net\/wp-content\/uploads\/2023\/03\/GPD-POCKET-3-MARKETING-IMAGE-2-1024x678-1-150x99.jpg 150w\" sizes=\"(max-width: 1024px) 100vw, 1024px\" \/><\/figure>\n\n<p>GPD gr\u012f\u017eta su tre\u010diuoju savo populiarios mini ne\u0161iojam\u0173j\u0173 kompiuteri\u0173 linijos iteracijos variantu &#8211; taikliai pavadintu &#8221; <strong>GPD Pocket 3&#8243;<\/strong>! \u0160is ma\u017eo formato ne\u0161iojamasis kompiuteris yra visi\u0161kai \u012frengtas ir pakankamai lankstus, kad lengvai patenkint\u0173 visus j\u016bs\u0173 kasdienius kompiuterinius poreikius.<\/p>\n\n<p>Be daugyb\u0117s s\u0105saj\u0173, kurias \u012frenginys jau turi (USB, &#8220;Thunderbolt&#8221;, RJ45 ir t. t.), &#8220;GPD Pocket 3&#8221; taip pat turi &#8220;modulin\u0119 prijungimo s\u0105saj\u0105&#8221;. Tai leid\u017eia laisvai pritaikyti <strong>&#8220;GPD Pocket 3&#8221;<\/strong> prievadus pagal savo poreikius. Norite papildomo USB prievado kitam \u012frenginiui? Joki\u0173 problem\u0173. Reikia s\u0105sajos su serveriu? Tai paprasta su specialiu KVM moduliu!*     <\/p>\n\n<p>Galiausiai <strong>GPD Pocket 3<\/strong> turi daugyb\u0119 nauding\u0173 funkcij\u0173 ir ypatybi\u0173. \u012emontuotas mikrofonas? J\u016bs j\u012f turite. 360 laipsni\u0173 kampu pasukamas ekranas? \u017dinoma! HDMI prievadas? Jau yra!      <\/p>\n\n<p>Nesvarbu, ar jus domina auk\u0161\u010diausios klas\u0117s, ar bazinis modelis, gausite ne\u0161iojam\u0105j\u012f kompiuter\u012f, kuris yra labai ne\u0161iojamas ir pritaikomas taip, kad jums puikiai tikt\u0173.<\/p>\n\n<figure class=\"wp-block-image aligncenter size-full\"><img loading=\"lazy\" decoding=\"async\" width=\"970\" height=\"600\" src=\"https:\/\/gpdstore.net\/wp-content\/uploads\/2023\/03\/28ee65cf-aa50-4535-b107-c1d20069d506__CR00970600_PT0_SX970_V1___.jpg\" alt=\"GPD Pocket 3 mini ne&#x161;iojamojo kompiuterio sistemos parametrai, &#x12F;skaitant procesoriaus, atminties, saugyklos ir ekrano specifikacijas, kad b&#x16B;t&#x173; u&#x17E;tikrintas optimalus veikimas.\" class=\"wp-image-1263948\" srcset=\"https:\/\/gpdstore.net\/wp-content\/uploads\/2023\/03\/28ee65cf-aa50-4535-b107-c1d20069d506__CR00970600_PT0_SX970_V1___.jpg 970w, https:\/\/gpdstore.net\/wp-content\/uploads\/2023\/03\/28ee65cf-aa50-4535-b107-c1d20069d506__CR00970600_PT0_SX970_V1___-600x371.jpg 600w, https:\/\/gpdstore.net\/wp-content\/uploads\/2023\/03\/28ee65cf-aa50-4535-b107-c1d20069d506__CR00970600_PT0_SX970_V1___-768x475.jpg 768w, https:\/\/gpdstore.net\/wp-content\/uploads\/2023\/03\/28ee65cf-aa50-4535-b107-c1d20069d506__CR00970600_PT0_SX970_V1___-360x223.jpg 360w, https:\/\/gpdstore.net\/wp-content\/uploads\/2023\/03\/28ee65cf-aa50-4535-b107-c1d20069d506__CR00970600_PT0_SX970_V1___-441x273.jpg 441w, https:\/\/gpdstore.net\/wp-content\/uploads\/2023\/03\/28ee65cf-aa50-4535-b107-c1d20069d506__CR00970600_PT0_SX970_V1___-150x93.jpg 150w\" sizes=\"(max-width: 970px) 100vw, 970px\" \/><\/figure>\n","protected":false},"excerpt":{"rendered":"<ul>\n<li>&#8220;Intel\u00ae Pentium\u00ae Gold 7505&#8221; iki 3,50 GHz ; 4 branduoliai\/8 gijos<\/li>\n<li><strong>16 GB LPDDR4x RAM<\/strong> @3733Mhz<\/li>\n<li><strong>&#8220;Thunderbolt 4&#8221; \/ 8 coli\u0173 jutiklinis ekranas \/ pir\u0161t\u0173 atspaud\u0173 skaitytuvas<\/strong><\/li>\n<li><strong>Iki 4 TB<\/strong> &#8220;PCI-E NVMe&#8221; SSD<\/li>\n<li>Modulinis su <strong>KVM\/RS-232 prievadais <\/strong>(parduodamas atskirai)<\/li>\n<\/ul>\n<p><img loading=\"lazy\" decoding=\"async\" src=\"https:\/\/gpdstore.net\/wp-content\/uploads\/2024\/08\/POCKET-4-FREEBIE-LONG.jpg\" alt=\"Reklaminis reklaminis plakatas, skirtas GPD Pocket 4, kuriame si\u016blomas nemokamas apsauginis d\u0117klas. Tekste ra\u0161oma: \"NEMOKAMA DOVANA - APSAUGINIS D\u0116\u017dUT\u0116 - AUTOMATI\u0160KAI PRIDEDAMA \u012e KARTEL\u012e\", kartu su eleganti\u0161kos juodos spalvos apsaugin\u0117s d\u0117\u017eut\u0117s atvaizdu.\" width=\"1000\" height=\"140\" class=\"alignnone size-full wp-image-973719\" srcset=\"https:\/\/gpdstore.net\/wp-content\/uploads\/2024\/08\/POCKET-4-FREEBIE-LONG.jpg 1000w, https:\/\/gpdstore.net\/wp-content\/uploads\/2024\/08\/POCKET-4-FREEBIE-LONG-600x84.jpg 600w, https:\/\/gpdstore.net\/wp-content\/uploads\/2024\/08\/POCKET-4-FREEBIE-LONG-768x108.jpg 768w, https:\/\/gpdstore.net\/wp-content\/uploads\/2024\/08\/POCKET-4-FREEBIE-LONG-360x50.jpg 360w, https:\/\/gpdstore.net\/wp-content\/uploads\/2024\/08\/POCKET-4-FREEBIE-LONG-990x139.jpg 990w, https:\/\/gpdstore.net\/wp-content\/uploads\/2024\/08\/POCKET-4-FREEBIE-LONG-441x62.jpg 441w, https:\/\/gpdstore.net\/wp-content\/uploads\/2024\/08\/POCKET-4-FREEBIE-LONG-150x21.jpg 150w\" sizes=\"(max-width: 1000px) 100vw, 1000px\" \/><\/p>\n<p> [cg_accordion title=\"INFORMACIJA APMOK\u0116JIMUI\"] Mes naudojame naujausias mok\u0117jimo apdorojimo technologijas, kurios leid\u017eia jums greitai ir saugiai atsiskaityti debeto\/kredito kortele arba &#8220;PayPal&#8221;.[\/cg_accordion] [cg_accordion title=\"GARANTIJA\"]<a href=\"https:\/\/droix.net\/\" target=\"_blank\" rel=\"nofollow noopener\">DROIX Global<\/a> suteikia 2 met\u0173 garantij\u0105, kad b\u016btum\u0117te ram\u016bs.[\/cg_accordion] [cg_accordion title=\"KOKYB\u0116S U\u017dTIKRINIMAS IR BANDYMAI PRIE\u0160 I\u0160SIUNTIM\u0104\"] U\u017etikriname auk\u0161\u010diausio lygio klient\u0173 pasitenkinim\u0105: Prie\u0161 i\u0161siun\u010diant kiekvien\u0105 \u012frengin\u012f, jis grie\u017etai i\u0161bandomas ir patikrinamas keliais kokyb\u0117s u\u017etikrinimo ta\u0161kais. M\u016bs\u0173 speciali komanda tikrina veikim\u0105, funkcionalum\u0105 ir komponent\u0173 vientisum\u0105, kad u\u017etikrintume, jog j\u016bs\u0173 GPD \u012frenginys atvykus b\u016bt\u0173 nepriekai\u0161tingos b\u016bkl\u0117s, o j\u016bs b\u016btum\u0117te tikri ir ram\u016bs.[\/cg_accordion] [cg_accordion title=\"KAINOS, MOKES\u010cIAI IR PRISTATYMAS\"] <strong><u>Pastaba:<\/u><\/strong><\/p>\n<ul>\n<li>Jungtini\u0173 Amerikos Valstij\u0173 klientai: \u012e rodom\u0105 kain\u0105 N\u0116RA \u012fskai\u010diuoti mokes\u010diai ir muitai. Atsakomyb\u0117 i\u0161muitinti muitin\u0119 ir sumok\u0117ti visus susijusius mokes\u010dius ir muitus tenka klientui. <\/li>\n<li>ES klientai: \u012e nurodyt\u0105 kain\u0105 \u012fskai\u010diuoti taikomi mokes\u010diai, kurie, priklausomai nuo j\u016bs\u0173 \u0161alies, gali siekti iki 25 %.<\/li>\n<li>Kanados klientai: \u012e nurodyt\u0105 kain\u0105 \u012fskai\u010diuoti taikomi mokes\u010diai, kurie, priklausomai nuo j\u016bs\u0173 provincijos, gali apimti 5 % GPM ir papildomus provincijos pardavimo mokes\u010dius (PST), suderint\u0105 pardavimo mokest\u012f (HST) arba Kvebeko pardavimo mokest\u012f (QST).<\/li>\n<\/ul>\n<p><strong>TIK ES klientams:<\/strong> Express DDP (pristatoma sumok\u0117jus muit\u0105). Tai rei\u0161kia: <\/p>\n<ul>\n<li style=\"list-style-type: none;\">\n<ul>\n<li>Visi muitai ir mokes\u010diai \u012ftraukti \u012f produkto puslapyje nurodyt\u0105 kain\u0105.<\/li>\n<li>Pristatymo metu jums nereik\u0117s mok\u0117ti joki\u0173 papildom\u0173 mokes\u010di\u0173.<\/li>\n<li>Retais atvejais, kai kyla su muitine susijusi\u0173 problem\u0173, m\u016bs\u0173 komanda pasir\u016bpins muitin\u0117s formalumais j\u016bs\u0173 vardu, kad b\u016bt\u0173 u\u017etikrintas sklandus pristatymas.<\/li>\n<p>Svarbi informacija apie gr\u0105\u017einim\u0105:<\/p>\n<li>Jei nuspr\u0119site gr\u0105\u017einti u\u017esakym\u0105 arba pra\u0161ysite gr\u0105\u017einti pinigus, tur\u0117kite omenyje, kad mokes\u010diai ir muitai, sumok\u0117ti j\u016bs\u0173 vardu pagal DDP s\u0105lygas, negali b\u016bti gr\u0105\u017einami.<\/li>\n<p>\u017dr. m\u016bs\u0173<\/ul>\n<\/li>\n<\/ul>\n<p><a href=\"https:\/\/droix.net\/terms-and-conditions\/\" target=\"_blank\" rel=\"nofollow noopener\">Taisykl\u0117s ir s\u0105lygos<\/a><\/p>\n<ul>i\u0161samios informacijos.<\/ul>\n<p>[\/cg_accordion] [cg_accordion title=\"KLIENT\u0172 APTARNAVIMAS\"]  Turite klausim\u0105? U\u017etenka para\u0161yti trump\u0105j\u0105 \u017einut\u0119 ir j\u016bs\u0173 klausimas bus i\u0161spr\u0119stas!  I\u0161samesn\u0117s informacijos rasite m\u016bs\u0173 <a href=\"https:\/\/gpdstore.net\/en-gb\/terms-of-service\/\" target=\"_blank\" rel=\"nofollow noopener\">s\u0105lygose ir nuostatose<\/a>.  [\/cg_accordion] [cg_accordion title=\"KAS \u012eTRAUKTA\"]<\/p>\n<ul>\n<li>1x GPD Pocket 3<\/li>\n<li>1x maitinimo adapteris<\/li>\n<li>1x C tipo USB kabelis<\/li>\n<li>1x naudotojo vadovas<\/li>\n<li>1x GPD ra\u0161iklis<\/li>\n<\/ul>\n<p>[\/cg_accordion]<\/p>\n","protected":false},"featured_media":31230,"template":"","meta":{"_acf_changed":false},"product_brand":[],"product_cat":[7083,7084,8687],"product_tag":[14515,8688],"woo-feed-brand":[5770],"class_list":{"0":"post-193683","1":"product","2":"type-product","3":"status-publish","4":"has-post-thumbnail","6":"product_cat-gpd-mini-nesiojamieji-kompiuteriai","7":"product_cat-nesiojamieji-kompiuteriai","8":"product_cat-plansetinis-kompiuteris-nesiojamasis-kompiuteris","9":"product_tag-8xmsale-lt","10":"product_tag-gpd-pocket-3-lt","11":"product_shipping_class-premium","12":"pa_bluetooth-5-lt","13":"pa_brand-gpd","14":"pa_display-type-h-ips-lt","15":"pa_graphics-gpu-model-core-i3-1125g4-uhd-grafika-lt","16":"pa_graphics-gpu-model-core-i7-1195g7-iris-xe-grafika-lt","17":"pa_graphics-gpu-model-pentium-gold-7505-uhd-grafika-lt","18":"pa_i-o-video-1x-hdmi-2-0b-lt","19":"pa_i-o-video-per-1x-usb-4-0-type-c-40gb-s","20":"pa_memory-ram-capacity-16-gb-lt","21":"pa_memory-ram-capacity-8-gb-lt","22":"pa_memory-ram-technology-lpddr4x-lt","23":"pa_processor-cpu-model-intel-core-i3-1125g4","24":"pa_processor-cpu-model-intel-core-i7-1195g7","25":"pa_processor-cpu-model-intel-pentium-gold-7505","26":"pa_processor-cpu-model-pentium-silver-n6000","27":"pa_storage-capacity-1-tb-lt","28":"pa_storage-capacity-512-gb-talpa","29":"pa_wi-fi-wi-fi-6-lt","30":"woo-feed-brand-gpd-lt","32":"first","33":"instock","34":"sale","35":"taxable","36":"shipping-taxable","37":"purchasable","38":"product-type-variable","39":"has-default-attributes"},"acf":[],"aioseo_notices":[],"_links":{"self":[{"href":"https:\/\/gpdstore.net\/lt\/wp-json\/wp\/v2\/product\/193683","targetHints":{"allow":["GET"]}}],"collection":[{"href":"https:\/\/gpdstore.net\/lt\/wp-json\/wp\/v2\/product"}],"about":[{"href":"https:\/\/gpdstore.net\/lt\/wp-json\/wp\/v2\/types\/product"}],"wp:featuredmedia":[{"embeddable":true,"href":"https:\/\/gpdstore.net\/lt\/wp-json\/wp\/v2\/media\/31230"}],"wp:attachment":[{"href":"https:\/\/gpdstore.net\/lt\/wp-json\/wp\/v2\/media?parent=193683"}],"wp:term":[{"taxonomy":"product_brand","embeddable":true,"href":"https:\/\/gpdstore.net\/lt\/wp-json\/wp\/v2\/product_brand?post=193683"},{"taxonomy":"product_cat","embeddable":true,"href":"https:\/\/gpdstore.net\/lt\/wp-json\/wp\/v2\/product_cat?post=193683"},{"taxonomy":"product_tag","embeddable":true,"href":"https:\/\/gpdstore.net\/lt\/wp-json\/wp\/v2\/product_tag?post=193683"},{"taxonomy":"woo-feed-brand","embeddable":true,"href":"https:\/\/gpdstore.net\/lt\/wp-json\/wp\/v2\/woo-feed-brand?post=193683"}],"curies":[{"name":"wp","href":"https:\/\/api.w.org\/{rel}","templated":true}]}}