{"id":191422,"date":"2023-03-24T18:47:23","date_gmt":"2023-03-24T18:47:23","guid":{"rendered":"https:\/\/gpdstore.net\/be-kategorijos\/gpd-win-4-zaidimu-nesiojamasis-kompiuteris\/"},"modified":"2025-12-23T10:36:06","modified_gmt":"2025-12-23T10:36:06","slug":"gpd-win-4","status":"publish","type":"product","link":"https:\/\/gpdstore.net\/lt\/product\/gpd-win-4\/","title":{"rendered":"GPD WIN 4 \u017eaidim\u0173 ne\u0161iojamasis kompiuteris"},"content":{"rendered":"\n<p>Jei esate aistringas \u017eaid\u0117jas, m\u0117gstantis \u017eaidimus perkelti \u012f kelion\u0119, jums bus malonu i\u0161girsti apie naujausi\u0105 GPD ne\u0161iojam\u0105j\u012f \u017eaidim\u0173 kompiuter\u012f GPD WIN 4. D\u0117l savo kompakti\u0161ko dyd\u017eio ir galing\u0173 specifikacij\u0173 \u0161is \u012frenginys tikrai su\u017eav\u0117s net reikliausius \u017eaid\u0117jus. <\/p>\n\n<p>Vos 8,6 x 3,6 x 1,10 coli\u0173 (22,0 x 9,2 x 2,8 cm) dyd\u017eio ir 570 g svorio GPD WIN 4 yra ne\u012ftik\u0117tinai ne\u0161iojamas. Jis dar ma\u017eesnis nei jo pirmtakas GPD WIN 3, tod\u0117l j\u012f lengva \u012fsid\u0117ti \u012f nedidel\u012f krep\u0161\u012f ar striuk\u0117s ki\u0161en\u0119 ir pasiimti su savimi, kad ir kur eitum\u0117te. <\/p>\n\n<p>Viena i\u0161 i\u0161skirtini\u0173 GPD WIN 4 ypatybi\u0173 yra AMD Ryzen 7 6800U procesorius su a\u0161tuoniais branduoliais ir \u0161e\u0161iolika gij\u0173, veikiantis iki 4,7 GHz ir 28 W TDP. Kartu su iki 2,2 GHz da\u017enio &#8220;Radeon 680M&#8221; jis leid\u017eia skland\u017eiai \u017eaisti naujausius AAA &#8220;Windows&#8221; \u017eaidimus \u0161iame ne\u0161iojamajame \u017eaidim\u0173 kompiuteryje, kai nustatymai yra \u017eaismingi. Nesvarbu, ar m\u0117gstate pirmojo asmens \u0161audykles, vaidmen\u0173 \u017eaidimus, ar sporto simuliacijas, GPD WIN 4 jums pad\u0117s.  <\/p>\n\n<p>Kalbant apie atmint\u012f ir saugykl\u0105, GPD WIN 4 galima rinktis 16 arba 32 GB LPDDR5-6400 MT operatyviosios atminties ir iki 2 TB greitos SSD atminties, palaikan\u010dios iki M.2 PCIe 4.0 NVMe 2280 SSD. Tai rei\u0161kia, kad tur\u0117site daug vietos \u017eaidimams ir kitiems failams saugoti, o d\u0117l \u017eaibi\u0161kos skaitymo ir ra\u0161ymo spartos SSD, jums nereik\u0117s ilgai laukti, kol \u017eaidimai bus \u012fkelti.  <\/p>\n\n<p>GPD WIN 4 taip pat pasi\u017eymi spar\u010diu belaid\u017eiu ry\u0161iu su 802.11 a\/b\/g\/n\/ac\/ax &#8220;WiFi 6&#8221; ir &#8220;Bluetooth 5.2&#8221;. O jei esate kelyje ir jums reikia interneto prieigos, galite \u012fsigyti atskirai parduodam\u0105 prijungiam\u0105 modul\u012f, kuris palaiko 4G LTE nano SIM korteles mobiliesiems duomenims. <\/p>\n\n<p>Prietaise yra 6 coli\u0173 H-IPS jutiklinis ekranas su 1920&#215;1080 gimt\u0105ja rai\u0161ka, palaikantis 40 Hz ir 60 Hz konfig\u016bruojam\u0105 kadr\u0173 da\u017en\u012f. Taip u\u017etikrinama, kad senesni \u017eaidimai GPD WIN 4 veiks skland\u017eiai ir nekils joki\u0173 ekrano pasukimo problem\u0173, kuri\u0173 gali kilti kituose delninukams. <\/p>\n\n<p>&#8221; GPD WIN 4&#8243; taip pat si\u016blo \u012fsp\u016bding\u0105 valdymo ir dizaino schem\u0105, primenan\u010di\u0105 &#8220;Sony PSP&#8221;, su dviem sal\u0117s jutiklio jutikliais, klasikinio stiliaus D-padu ir linijiniais analoginiais paleidimo mygtukais su LED ap\u0161vietimu. Be to, prietaiso nugar\u0117l\u0117je yra du pritaikomi mygtukai, tod\u0117l galite nustatyti valdym\u0105 taip, kaip jums patinka. <\/p>\n\n<p>Jei norite dar labiau padidinti GPD WIN 4 na\u0161um\u0105, galite prijungti i\u0161orin\u0119 grafikos plok\u0161t\u0119 (eGPU) per spar\u010di\u0105j\u0105 USB 4 jungt\u012f, kuri palaiko iki 40 Gb\/s greit\u012f. Prietaise taip pat yra USB 3.2 Gen 2 prievadas duomenims perduoti ir \u012fkrauti, taip pat A tipo USB prievadas papildomiems periferiniams \u012frenginiams. <\/p>\n\n<p>Su 45,62Wh li\u010dio polimero akumuliatoriumi GPD WIN 4 gali veikti iki 10 valand\u0173, kai naudojamasi lengvai, 3-6 valandas, kai naudojamasi vidutini\u0161kai, ir apie 2 valandas, kai naudojamasi intensyviai. Tai rei\u0161kia, kad galite \u017eaisti m\u0117gstamus \u017eaidimus keliaudami ir nesijaudinti, kad i\u0161sikraus energija. <\/p>\n\n<p>Apibendrinant galima pasakyti, kad GPD WIN 4 yra itin ne\u0161iojamas \u017eaidim\u0173 \u012frenginys, kuris puikiai tinka \u017eaidimams keliaujant. Nesvarbu, ar va\u017eiuojate \u012f darb\u0105, ar keliaujate, ar tiesiog ilsit\u0117s namuose, \u0161is ne\u0161iojamasis \u017eaidim\u0173 kompiuteris tikrai suteiks jums valand\u0173 valandas pramog\u0173. Taigi, kod\u0117l gi nepasi\u0117mus jo \u0161iandien ir nepatyrus auk\u0161\u010diausios klas\u0117s AAA  <\/p>\n","protected":false},"excerpt":{"rendered":"<ul>\n<li><strong>&#8220;AMD Ryzen 7 6800U<\/strong> &#8221; \/ &#8220;AMD Radeon 680M<\/li>\n<li><strong>iki 32 GB<\/strong> LPDDR5 @ 6400 MT\/s<\/li>\n<li><strong>iki 2 TB didel\u0117s spartos<\/strong> PCI-E M <strong>.2 2280 SSD<\/strong> <\/li>\n<li><strong>6 coli\u0173 H-IPS technologijos jutiklinis<\/strong> ekranas<\/li>\n<li><strong>\u201eWiFi 6\u201c<\/strong> ir <strong>\u201eBluetooth 5.2\u201c<\/strong> palaikymas  <\/li>\n<\/ul>\n<p><img fetchpriority=\"high\" decoding=\"async\" src=\"https:\/\/gpdstore.net\/wp-content\/uploads\/2024\/03\/WIN-4-FREE-GIFTS.jpg\" alt=\"\" width=\"2000\" height=\"500\" class=\"alignnone size-full wp-image-4175\" srcset=\"https:\/\/gpdstore.net\/wp-content\/uploads\/2024\/03\/WIN-4-FREE-GIFTS.jpg 2000w, https:\/\/gpdstore.net\/wp-content\/uploads\/2024\/03\/WIN-4-FREE-GIFTS-600x150.jpg 600w, https:\/\/gpdstore.net\/wp-content\/uploads\/2024\/03\/WIN-4-FREE-GIFTS-1200x300.jpg 1200w, https:\/\/gpdstore.net\/wp-content\/uploads\/2024\/03\/WIN-4-FREE-GIFTS-768x192.jpg 768w, https:\/\/gpdstore.net\/wp-content\/uploads\/2024\/03\/WIN-4-FREE-GIFTS-1536x384.jpg 1536w, https:\/\/gpdstore.net\/wp-content\/uploads\/2024\/03\/WIN-4-FREE-GIFTS-360x90.jpg 360w, https:\/\/gpdstore.net\/wp-content\/uploads\/2024\/03\/WIN-4-FREE-GIFTS-990x248.jpg 990w, https:\/\/gpdstore.net\/wp-content\/uploads\/2024\/03\/WIN-4-FREE-GIFTS-441x110.jpg 441w, https:\/\/gpdstore.net\/wp-content\/uploads\/2024\/03\/WIN-4-FREE-GIFTS-150x38.jpg 150w\" sizes=\"(max-width: 2000px) 100vw, 2000px\" \/><\/p>\n[cg_accordion title=\"INFORMACIJA APMOK\u0116JIMUI\"]<\/p>\n<p>Mes naudojame naujausias mok\u0117jimo apdorojimo technologijas, kurios leid\u017eia jums greitai ir saugiai atsiskaityti debeto\/kredito kortele arba &#8220;PayPal&#8221;.[\/cg_accordion]\n[cg_accordion title=\"GARANTIJA\"]<\/p>\n<p><a href=\"https:\/\/droix.net\/\" target=\"_blank\" rel=\"nofollow noopener\">DROIX Global suteikia 2 met\u0173 garantij\u0105, kad<\/a> b\u016btum\u0117te ram\u016bs[\/cg_accordion]\n[cg_accordion title=\"KOKYB\u0116S U\u017dTIKRINIMAS IR BANDYMAI PRIE\u0160 I\u0160SIUNTIM\u0104\"]<\/p>\n<p>Auk\u0161\u010diausio lygio klient\u0173 pasitenkinimo u\u017etikrinimas: Prie\u0161 i\u0161siun\u010diant kiekvien\u0105 prietais\u0105 atliekamas grie\u017etas testavimas ir daugiapakopis kokyb\u0117s u\u017etikrinimas. M\u016bs\u0173 komanda tikrina veikim\u0105, funkcionalum\u0105 ir komponent\u0173 vientisum\u0105, kad u\u017etikrintume, jog j\u016bs\u0173 GPD prietaisas bus visi\u0161kai tvarkingas, o j\u016bs gal\u0117site b\u016bti ram\u016bs ir tikri. [\/cg_accordion]\n[cg_accordion title=\"KAINOS, MOKES\u010cIAI IR PRISTATYMAS\"]<\/p>\n<p><strong><u>Pastaba:<\/u><\/strong><\/p>\n<ul>\n<li>Jungtini\u0173 Amerikos Valstij\u0173 klientai: \u012e rodom\u0105 kain\u0105 N\u0116RA \u012fskai\u010diuoti mokes\u010diai ir muitai. Atsakomyb\u0117 i\u0161muitinti muitin\u0119 ir sumok\u0117ti visus susijusius mokes\u010dius ir muitus tenka klientui. <\/li>\n<li>ES klientai: \u012e nurodyt\u0105 kain\u0105 \u012fskai\u010diuoti taikomi mokes\u010diai, kurie, priklausomai nuo j\u016bs\u0173 \u0161alies, gali siekti iki 25 %.<\/li>\n<li>Kanados klientai: \u012e nurodyt\u0105 kain\u0105 \u012fskai\u010diuoti taikomi mokes\u010diai, kurie, priklausomai nuo j\u016bs\u0173 provincijos, gali apimti 5 % GPM ir papildomus provincijos pardavimo mokes\u010dius (PST), suderint\u0105 pardavimo mokest\u012f (HST) arba Kvebeko pardavimo mokest\u012f (QST).<\/li>\n<\/ul>\n<p><strong>TIK ES klientams:<\/strong> Express DDP (pristatoma sumok\u0117jus muit\u0105). Tai rei\u0161kia: <\/p>\n<ul>\n<li>Visi muitai ir mokes\u010diai \u012fskai\u010diuoti \u012f produkto puslapyje nurodyt\u0105 kain\u0105.<\/li>\n<li>Pristatymo metu jums nereik\u0117s mok\u0117ti joki\u0173 papildom\u0173 mokes\u010di\u0173.<\/li>\n<li>Retais atvejais, kai kyla su muitine susijusi\u0173 problem\u0173, m\u016bs\u0173 komanda pasir\u016bpins muitin\u0117s formalumais j\u016bs\u0173 vardu, kad b\u016bt\u0173 u\u017etikrintas sklandus pristatymas.<\/li>\n<p>Svarbi informacija apie gr\u0105\u017einim\u0105:<\/p>\n<li>Jei nuspr\u0119site gr\u0105\u017einti u\u017esakym\u0105 arba pra\u0161ysite gr\u0105\u017einti pinigus, tur\u0117kite omenyje, kad mokes\u010diai ir muitai, sumok\u0117ti u\u017e jus pagal DDP s\u0105lygas, negali b\u016bti gr\u0105\u017einami.<\/li>\n<p>I\u0161samesn\u0117s informacijos rasite m\u016bs\u0173 <a href=\"https:\/\/droix.net\/terms-and-conditions\/\" target=\"_blank\" rel=\"nofollow noopener\">s\u0105lygose ir nuostatose<\/a>.\n<\/ul>\n<p>[\/cg_accordion]\n[cg_accordion title=\"KLIENT\u0172 APTARNAVIMAS\"]<\/p>\n<p>Turite klausim\u0105? U\u017etenka para\u0161yti trump\u0105j\u0105 \u017einut\u0119 ir j\u016bs\u0173 klausimas bus i\u0161spr\u0119stas! <\/p>\n<p>I\u0161samesn\u0117s informacijos rasite m\u016bs\u0173 <a href=\"https:\/\/gpdstore.net\/lt\/terms-of-service\/\" target=\"_blank\" rel=\"nofollow noopener\">s\u0105lygose ir nuostatose<\/a>.\n<\/ul>\n<p>[\/cg_accordion]\n[cg_accordion title=\"KAS \u012eTRAUKTA\"]<\/p>\n<ul>\n<li>1x GPD WIN 4<\/li>\n<li>1x maitinimo adapteris<\/li>\n<li>1x C tipo USB kabelis<\/li>\n<li>1x naudotojo vadovas<\/li>\n<\/ul>\n<p>[\/cg_accordion]\n","protected":false},"featured_media":191424,"template":"","meta":{"_acf_changed":false},"product_brand":[],"product_cat":[6932],"product_tag":[8014,6934],"woo-feed-brand":[5770],"class_list":{"0":"post-191422","1":"product","2":"type-product","3":"status-publish","4":"has-post-thumbnail","6":"product_cat-gpd-rankinis-zaidimu-kompiuteris","7":"product_tag-10gpdsale-lt","8":"product_tag-gpd-win-4-lt","9":"product_shipping_class-premium","10":"pa_bluetooth-5-2-lt","11":"pa_display-type-h-ips-lt","12":"pa_graphics-gpu-model-radeon-680m-lt","13":"pa_i-o-video-per-1x-usb-4-0-type-c-40gb-s","14":"pa_memory-ram-capacity-16-gb-lt","15":"pa_memory-ram-capacity-32-gb-lt-2","16":"pa_memory-ram-technology-lpddr5-lt","17":"pa_processor-cpu-model-ryzen-7-6800u","18":"pa_storage-capacity-512-gb-talpa","19":"pa_storage-capacity-1-tb-lt","20":"pa_storage-capacity-2-tb-lt","21":"pa_wi-fi-wi-fi-6-lt","22":"woo-feed-brand-gpd-lt","24":"first","25":"outofstock","26":"sale","27":"taxable","28":"shipping-taxable","29":"purchasable","30":"product-type-variable","31":"has-default-attributes"},"acf":[],"aioseo_notices":[],"_links":{"self":[{"href":"https:\/\/gpdstore.net\/lt\/wp-json\/wp\/v2\/product\/191422","targetHints":{"allow":["GET"]}}],"collection":[{"href":"https:\/\/gpdstore.net\/lt\/wp-json\/wp\/v2\/product"}],"about":[{"href":"https:\/\/gpdstore.net\/lt\/wp-json\/wp\/v2\/types\/product"}],"wp:featuredmedia":[{"embeddable":true,"href":"https:\/\/gpdstore.net\/lt\/wp-json\/wp\/v2\/media\/191424"}],"wp:attachment":[{"href":"https:\/\/gpdstore.net\/lt\/wp-json\/wp\/v2\/media?parent=191422"}],"wp:term":[{"taxonomy":"product_brand","embeddable":true,"href":"https:\/\/gpdstore.net\/lt\/wp-json\/wp\/v2\/product_brand?post=191422"},{"taxonomy":"product_cat","embeddable":true,"href":"https:\/\/gpdstore.net\/lt\/wp-json\/wp\/v2\/product_cat?post=191422"},{"taxonomy":"product_tag","embeddable":true,"href":"https:\/\/gpdstore.net\/lt\/wp-json\/wp\/v2\/product_tag?post=191422"},{"taxonomy":"woo-feed-brand","embeddable":true,"href":"https:\/\/gpdstore.net\/lt\/wp-json\/wp\/v2\/woo-feed-brand?post=191422"}],"curies":[{"name":"wp","href":"https:\/\/api.w.org\/{rel}","templated":true}]}}