{"id":187574,"date":"2023-03-24T15:50:53","date_gmt":"2023-03-24T15:50:53","guid":{"rendered":"https:\/\/gpdstore.net\/be-kategorijos\/gpd-stylus-4096-pp\/"},"modified":"2025-12-23T10:33:44","modified_gmt":"2025-12-23T10:33:44","slug":"gpd-stylus-4096-pp","status":"publish","type":"product","link":"https:\/\/gpdstore.net\/lt\/product\/gpd-stylus-4096-pp\/","title":{"rendered":"GPD Stylus 4096 PP"},"content":{"rendered":"\n<p>Pagerinkite savo \u017eaidim\u0173 ir produktyvumo galimybes keliaudami su m\u016bs\u0173 &#8220;Ultrabook Stylus&#8221; ra\u0161ikliu, specialiai sukurtu GPD \u012frenginiams. GPD Stylus turi 4096 spaudimo ta\u0161kus, kad \u012fvestis b\u016bt\u0173 tiksli ir nat\u016brali, o eleganti\u0161ka pilka spalva ir vidinis akumuliatorius u\u017etikrina auk\u0161\u010diausios kokyb\u0117s naudotojo patirt\u012f. Puikiai suderinamas su GPD Pocket 3 ir WIN Max 2, m\u016bs\u0173 ra\u0161iklis u\u017etikrina geresn\u012f m\u0117gstam\u0173 \u017eaidim\u0173 ir program\u0173 valdym\u0105 ir tikslum\u0105. Nesvarbu, ar pie\u0161iate, u\u017esira\u0161in\u0117jate, ar nar\u0161ote savo \u012frenginyje, m\u016bs\u0173 GPD ra\u0161iklis yra idealus priedas j\u016bs\u0173 ultrabook&#8217;ui. U\u017esisakykite dabar ir pakelkite savo produktyvum\u0105 ir k\u016brybi\u0161kum\u0105 \u012f auk\u0161tesn\u012f lyg\u012f!<\/p>\n","protected":false},"excerpt":{"rendered":"<ul>\n<li>Suderinama su <strong>GPD Pocket 3 ir<\/strong> <strong>GPD WIN MAX 2<\/strong><\/li>\n<li><strong>4096 lygi\u0173<\/strong> ra\u0161iklio sl\u0117gio jautrumas<\/li>\n<li><strong>Eleganti\u0161kas<\/strong>, ergonomi\u0161kas dizainas<\/li>\n<li><strong>\u012ekraunamas akumuliatorius<\/strong> veikia iki 10 valand\u0173<\/li>\n<li>U\u017era\u0161\u0173 ra\u0161ymas ir simboli\u0173 \u012fvedimas<\/li>\n<\/ul>\n[cg_accordion title=\"INFORMACIJA APMOK\u0116JIMUI\"]<\/p>\n<p>Naudojame naujausias mok\u0117jimo apdorojimo technologijas, kurios leid\u017eia greitai ir saugiai atsiskaityti per &#8220;Apple Pay&#8221;, &#8220;Google Pay&#8221;, debeto \/ kredito kortel\u0119, &#8220;PayPal&#8221; arba BNPL metodus, tokius kaip &#8220;Klarna&#8221;, &#8220;Affirm&#8221; arba &#8220;AfterPay&#8221;.[\/cg_accordion]\n[cg_accordion title=\"GARANTIJA\"]<\/p>\n<p><a href=\"https:\/\/droix.net\/\" target=\"_blank\" rel=\"nofollow noopener\">DROIX Global suteikia 2 met\u0173 garantij\u0105, kad<\/a> b\u016btum\u0117te ram\u016bs[\/cg_accordion]\n[cg_accordion title=\"KAINOS, MOKES\u010cIAI IR PRISTATYMAS\"]<\/p>\n<p><strong><u>Pastaba:<\/u><\/strong><\/p>\n<ul>\n<li>Jungtini\u0173 Amerikos Valstij\u0173 klientai: \u012e rodom\u0105 kain\u0105 N\u0116RA \u012fskai\u010diuoti mokes\u010diai ir muitai. Atsakomyb\u0117 i\u0161muitinti muitin\u0119 ir sumok\u0117ti visus susijusius mokes\u010dius ir muitus tenka klientui. <\/li>\n<li>ES klientai: \u012e nurodyt\u0105 kain\u0105 \u012fskai\u010diuoti taikomi mokes\u010diai, kurie, priklausomai nuo j\u016bs\u0173 \u0161alies, gali siekti iki 25 %.<\/li>\n<li>Kanados klientai: \u012e nurodyt\u0105 kain\u0105 \u012fskai\u010diuoti taikomi mokes\u010diai, kurie, priklausomai nuo j\u016bs\u0173 provincijos, gali apimti 5 % GPM ir papildomus provincijos pardavimo mokes\u010dius (PST), suderint\u0105 pardavimo mokest\u012f (HST) arba Kvebeko pardavimo mokest\u012f (QST).<\/li>\n<\/ul>\n<p><strong>TIK ES klientams:<\/strong> Express DDP (pristatoma sumok\u0117jus muit\u0105). Tai rei\u0161kia: <\/p>\n<ul>\n<li>Visi muitai ir mokes\u010diai \u012fskai\u010diuoti \u012f produkto puslapyje nurodyt\u0105 kain\u0105.<\/li>\n<li>Pristatymo metu jums nereik\u0117s mok\u0117ti joki\u0173 papildom\u0173 mokes\u010di\u0173.<\/li>\n<li>Retais atvejais, kai kyla su muitine susijusi\u0173 problem\u0173, m\u016bs\u0173 komanda pasir\u016bpins muitin\u0117s formalumais j\u016bs\u0173 vardu, kad b\u016bt\u0173 u\u017etikrintas sklandus pristatymas.<\/li>\n<p>Svarbi informacija apie gr\u0105\u017einim\u0105:<\/p>\n<li>Jei nuspr\u0119site gr\u0105\u017einti u\u017esakym\u0105 arba pra\u0161ysite gr\u0105\u017einti pinigus, tur\u0117kite omenyje, kad mokes\u010diai ir muitai, sumok\u0117ti u\u017e jus pagal DDP s\u0105lygas, negali b\u016bti gr\u0105\u017einami.<\/li>\n<p>I\u0161samesn\u0117s informacijos rasite m\u016bs\u0173 <a href=\"https:\/\/gpdstore.net\/lt\/terms-of-service\/\" target=\"_blank\" rel=\"nofollow noopener\">s\u0105lygose ir nuostatose<\/a>.\n<\/ul>\n<p>[\/cg_accordion]\n[cg_accordion title=\"KLIENT\u0172 APTARNAVIMAS\"]<\/p>\n<p>Turite klausim\u0105? U\u017etenka para\u0161yti trump\u0105j\u0105 \u017einut\u0119 ir j\u016bs\u0173 klausimas bus i\u0161spr\u0119stas!<br \/>\n[\/cg_accordion]\n[cg_accordion title=\"KAS \u012eTRAUKTA\"]<\/p>\n<ul>\n<li>1x GPD ra\u0161iklis<\/li>\n<\/ul>\n<p>[\/cg_accordion]\n","protected":false},"featured_media":187576,"template":"","meta":{"_acf_changed":false},"product_brand":[],"product_cat":[5396],"product_tag":[6121],"woo-feed-brand":[5770],"class_list":{"0":"post-187574","1":"product","2":"type-product","3":"status-publish","4":"has-post-thumbnail","6":"product_cat-priedai","7":"product_tag-gpd-wm2-priedas","8":"product_shipping_class-low-end","9":"pa_accessory-type-stylus-lt","10":"woo-feed-brand-gpd-lt","12":"first","13":"outofstock","14":"sale","15":"taxable","16":"shipping-taxable","17":"purchasable","18":"product-type-simple"},"acf":[],"aioseo_notices":[],"_links":{"self":[{"href":"https:\/\/gpdstore.net\/lt\/wp-json\/wp\/v2\/product\/187574","targetHints":{"allow":["GET"]}}],"collection":[{"href":"https:\/\/gpdstore.net\/lt\/wp-json\/wp\/v2\/product"}],"about":[{"href":"https:\/\/gpdstore.net\/lt\/wp-json\/wp\/v2\/types\/product"}],"wp:featuredmedia":[{"embeddable":true,"href":"https:\/\/gpdstore.net\/lt\/wp-json\/wp\/v2\/media\/187576"}],"wp:attachment":[{"href":"https:\/\/gpdstore.net\/lt\/wp-json\/wp\/v2\/media?parent=187574"}],"wp:term":[{"taxonomy":"product_brand","embeddable":true,"href":"https:\/\/gpdstore.net\/lt\/wp-json\/wp\/v2\/product_brand?post=187574"},{"taxonomy":"product_cat","embeddable":true,"href":"https:\/\/gpdstore.net\/lt\/wp-json\/wp\/v2\/product_cat?post=187574"},{"taxonomy":"product_tag","embeddable":true,"href":"https:\/\/gpdstore.net\/lt\/wp-json\/wp\/v2\/product_tag?post=187574"},{"taxonomy":"woo-feed-brand","embeddable":true,"href":"https:\/\/gpdstore.net\/lt\/wp-json\/wp\/v2\/woo-feed-brand?post=187574"}],"curies":[{"name":"wp","href":"https:\/\/api.w.org\/{rel}","templated":true}]}}