{"id":173339,"date":"2023-11-17T16:30:05","date_gmt":"2023-11-17T16:30:05","guid":{"rendered":"https:\/\/gpdstore.net\/be-kategorijos\/gpd-win-max-2-2023-zaidimu-nesiojamasis-kompiuteris\/"},"modified":"2025-12-19T16:32:46","modified_gmt":"2025-12-19T16:32:46","slug":"gpd-win-max-2-2023","status":"publish","type":"product","link":"https:\/\/gpdstore.net\/lt\/product\/gpd-win-max-2-2023\/","title":{"rendered":"GPD WIN MAX 2 2023 \u017eaidim\u0173 ne\u0161iojamasis kompiuteris"},"content":{"rendered":"\n<figure class=\"wp-block-video\"><video controls=\"\" muted=\"\" poster=\"https:\/\/gpdstore.net\/wp-content\/uploads\/2024\/03\/q2hzxpbiybborpwbpolh-ezgif.com-webp-to-png-converter.png\" src=\"https:\/\/gpdstore.net\/wp-content\/uploads\/2024\/05\/gpd-win-max-2.mp4\"><\/video><\/figure>\n\n<div class=\"wp-block-columns is-layout-flex wp-container-core-columns-is-layout-28f84493 wp-block-columns-is-layout-flex\">\n<div class=\"wp-block-column is-layout-flow wp-block-column-is-layout-flow\" style=\"flex-basis:33.33%\">\n<figure class=\"wp-block-image size-full\"><img fetchpriority=\"high\" decoding=\"async\" width=\"669\" height=\"582\" src=\"https:\/\/gpdstore.net\/wp-content\/uploads\/2024\/05\/7044098-1.png\" alt=\"gpd win max 2\" class=\"wp-image-1642\" srcset=\"https:\/\/gpdstore.net\/wp-content\/uploads\/2024\/05\/7044098-1.png 669w, https:\/\/gpdstore.net\/wp-content\/uploads\/2024\/05\/7044098-1-150x130.png 150w, https:\/\/gpdstore.net\/wp-content\/uploads\/2024\/05\/7044098-1-600x522.png 600w, https:\/\/gpdstore.net\/wp-content\/uploads\/2024\/05\/7044098-1-441x384.png 441w\" sizes=\"(max-width: 669px) 100vw, 669px\" \/><\/figure>\n<\/div>\n\n\n\n<div class=\"wp-block-column is-layout-flow wp-block-column-is-layout-flow\" style=\"flex-basis:66.66%\">\n<h2 class=\"wp-block-heading\"><strong>GPD WIN MAX 2 2023 Handheld Gaming PC &#8211; AMD Ryzen 7 7840U (Zen 4), 10.1&#8243; 2.5K Display, 64GB RAM, OcuLink Support<\/strong><\/h2>\n\n\n\n<p>Why pay 2025 flagship prices when the GPD WIN MAX 2 2023 remains a top-tier contender? Powered by the legendary AMD Ryzen 7 7840U, this device is the ultimate &#8220;Silicon Sweet Spot&#8221; for gamers and professionals who demand 2.5K resolution and desktop-grade multitasking without the 2025 premium.<\/p>\n<\/div>\n<\/div>\n\n<h2 class=\"wp-block-heading has-text-align-center\">Sukurta siekiant tobulumo: Tikslus valdymas, profesionalus universalumas ir pa\u017eangus au\u0161inimas<\/h2>\n\n<div class=\"wp-block-columns is-layout-flex wp-container-core-columns-is-layout-28f84493 wp-block-columns-is-layout-flex\">\n<div class=\"wp-block-column is-layout-flow wp-block-column-is-layout-flow\">\n<figure class=\"wp-block-image size-full\"><img decoding=\"async\" width=\"300\" height=\"300\" src=\"https:\/\/gpdstore.net\/wp-content\/uploads\/2024\/05\/074b1b41-54da-4de3-8a68-9035e22feb91.__CR880899899_PT0_SX300_V1___-1.jpg\" alt=\"gpd win max 2 mygtuko pa&#x161;alinimas\" class=\"wp-image-1643\" srcset=\"https:\/\/gpdstore.net\/wp-content\/uploads\/2024\/05\/074b1b41-54da-4de3-8a68-9035e22feb91.__CR880899899_PT0_SX300_V1___-1.jpg 300w, https:\/\/gpdstore.net\/wp-content\/uploads\/2024\/05\/074b1b41-54da-4de3-8a68-9035e22feb91.__CR880899899_PT0_SX300_V1___-1-150x150.jpg 150w, https:\/\/gpdstore.net\/wp-content\/uploads\/2024\/05\/074b1b41-54da-4de3-8a68-9035e22feb91.__CR880899899_PT0_SX300_V1___-1-100x100.jpg 100w\" sizes=\"(max-width: 300px) 100vw, 300px\" \/><\/figure>\n\n\n\n<h3 class=\"wp-block-heading\"><strong><strong><strong>Halo jutiklio prana\u0161umas:<\/strong> kaip magnetin\u0117 indukcija pa\u0161alina &#8220;Stick Drift&#8221; ir fizin\u012f nusid\u0117v\u0117jim\u0105.<\/strong><\/strong><\/h3>\n\n\n\n<p>Tradicin\u0117 potenciometro lazdel\u0117, kuri \u012ftampos signalui generuoti naudoja var\u017eos \u0161epet\u0117l\u012f, yra linkusi \u012f \u201edreifo\u201c problemas, atsirandan\u010dias d\u0117l ilgalaikio naudojimo. &#8220;WIN Max 2 2023&#8221; pirm\u0105 kart\u0105 pristat\u0117 &#8220;Hall&#8221; jutiklio lazdeles su \u012fmontuotomis induktyvumo rit\u0117mis. Magnetin\u0117s indukcijos veikimo principas (kai lazdel\u0117 sukasi \u012f skirtingas pad\u0117tis, susidaro skirtingi magnetiniai srautai, kurie savo ruo\u017etu generuoja skirtingus \u012ftampos signalus) lemia, kad Hallo jutiklio lazdel\u0117s nesusid\u0117vi, tod\u0117l jos nesusiduria su lazdeli\u0173 dreifo problema.<\/p>\n<\/div>\n\n\n\n<div class=\"wp-block-column is-layout-flow wp-block-column-is-layout-flow\">\n<figure class=\"wp-block-image size-full\"><img decoding=\"async\" src=\"https:\/\/gpdstore.net\/wp-content\/uploads\/\" alt=\"magnetiniai gpd dangteliai\" class=\"wp-image-1645\"\/><\/figure>\n\n\n\n<h3 class=\"wp-block-heading\"><strong><strong><strong><strong>Magnetic Stealth Covers:<\/strong> Hide the joysticks for a clean, professional look in meetings.<\/strong><\/strong><\/strong><\/h3>\n\n\n\n<p>D\u0117l ne\u0161iojamajame \u017eaidim\u0173 kompiuteryje \u012fmontuoto \u017eaidimo valdiklio jis gali b\u016bti netinkamas darbo vietoje! Nor\u0117dami i\u0161spr\u0119sti \u0161i\u0105 problem\u0105, prid\u0117jome du &#8220;WIN Max 2 2023&#8221; lazdeli\u0173 dangtelius. Magnetin\u0117 konstrukcija u\u017etikrina, kad abu dangteliai nenukrist\u0173 naudojant prietais\u0105. Kai \u017eaid\u017eiate \u017eaidimus, dangtelius taip pat galite sud\u0117ti \u012f galin\u012f skyri\u0173 &#8211; taip i\u0161vengsite atsitiktinio praradimo!<\/p>\n<\/div>\n\n\n\n<div class=\"wp-block-column is-layout-flow wp-block-column-is-layout-flow\">\n<figure class=\"wp-block-image size-full\"><img decoding=\"async\" width=\"300\" height=\"300\" src=\"https:\/\/gpdstore.net\/wp-content\/uploads\/2024\/05\/5f397565-522a-44f6-910c-e7d2cec4ed88.__CR107012291229_PT0_SX300_V1___-1.jpg\" alt=\"au&#x161;inimas win max 2\" class=\"wp-image-1646\" srcset=\"https:\/\/gpdstore.net\/wp-content\/uploads\/2024\/05\/5f397565-522a-44f6-910c-e7d2cec4ed88.__CR107012291229_PT0_SX300_V1___-1.jpg 300w, https:\/\/gpdstore.net\/wp-content\/uploads\/2024\/05\/5f397565-522a-44f6-910c-e7d2cec4ed88.__CR107012291229_PT0_SX300_V1___-1-150x150.jpg 150w, https:\/\/gpdstore.net\/wp-content\/uploads\/2024\/05\/5f397565-522a-44f6-910c-e7d2cec4ed88.__CR107012291229_PT0_SX300_V1___-1-100x100.jpg 100w\" sizes=\"(max-width: 300px) 100vw, 300px\" \/><\/figure>\n\n\n\n<h3 class=\"wp-block-heading\"><strong><strong>I\u0161pl\u0117stin\u0117 technin\u0117 \u012franga:<\/strong> Didelio na\u0161umo turbininis ventiliatorius ir dvigubi \u0161ilumos vamzd\u017eiai u\u017etikrina patikim\u0105 oro sraut\u0105.<\/strong><\/h3>\n\n\n\n<p>&#8220;GPD WIN MAX 2 2023&#8221; turi patobulint\u0105 kompiuterio klas\u0117s au\u0161inimo sistem\u0105 su dideliu turbininiu ventiliatoriumi ir dvigubais \u0161ilumos vamzdeliais, kuri pasi\u017eymi dideliu \u0161oninio oro srauto kiekiu ir itin pa\u017eangiu grei\u010dio valdymu. Kai vidaus temperat\u016bra yra \u017eemesn\u0117 nei 40 \u00b0C, ventiliatoriaus greitis nevir\u0161ija 20 % did\u017eiausio galingumo. Kai vidaus temperat\u016bra pasiekia auk\u0161tesn\u0119 nei 40 \u00b0C, ventiliatoriaus greitis did\u0117ja 2 % PWM \u017eingsniu, kol pasiekia maksimali\u0105 rib\u0105 (100 %).<\/p>\n<\/div>\n<\/div>\n\n<h3 class=\"wp-block-heading\"><strong>VIZUALINIS MALONUMAS: 10,1 COLIO JUTIKLINIS VALDYMO EKRANAS<\/strong><\/h3>\n\n<figure class=\"wp-block-image size-large\"><img loading=\"lazy\" decoding=\"async\" width=\"1200\" height=\"782\" src=\"https:\/\/gpdstore.net\/wp-content\/uploads\/2024\/05\/7044066-1-1200x782.png\" alt=\"GPD win max su kompiuteriu\" class=\"wp-image-1648\" srcset=\"https:\/\/gpdstore.net\/wp-content\/uploads\/2024\/05\/7044066-1-1200x782.png 1200w, https:\/\/gpdstore.net\/wp-content\/uploads\/2024\/05\/7044066-1-150x98.png 150w, https:\/\/gpdstore.net\/wp-content\/uploads\/2024\/05\/7044066-1-600x391.png 600w, https:\/\/gpdstore.net\/wp-content\/uploads\/2024\/05\/7044066-1-768x501.png 768w, https:\/\/gpdstore.net\/wp-content\/uploads\/2024\/05\/7044066-1-990x645.png 990w, https:\/\/gpdstore.net\/wp-content\/uploads\/2024\/05\/7044066-1-441x287.png 441w, https:\/\/gpdstore.net\/wp-content\/uploads\/2024\/05\/7044066-1.png 1442w\" sizes=\"(max-width: 1200px) 100vw, 1200px\" \/><\/figure>\n\n<p>Pasiruo\u0161kite b\u016bti nustebinti GPD WIN MAX 2 2023 10,1&#8243; 10 ta\u0161k\u0173 jutiklinio valdymo jutikliniu ekranu. \u0160is ry\u0161kus ekranas su 16:10 kra\u0161tini\u0173 santykiu ir 1920&#215;1200 ta\u0161k\u0173 rai\u0161ka u\u017etikrina nuostab\u0173 vaizd\u0105. Palaikant iki 2560&#215;1600 rai\u0161k\u0105 ir 299 <a href=\"https:\/\/www.displayninja.com\/what-is-pixel-density\/\">PPI pikseli\u0173 tank\u012f ,<\/a> kiekviena detal\u0117 yra ry\u0161ki ir ai\u0161ki, kad gal\u0117tum\u0117te m\u0117gautis \u012ftraukian\u010diais \u017eaidimais.  <\/p>\n\n<h2 class=\"wp-block-heading\"><strong><strong>Zen 4 Performance: The Emulation King<\/strong><\/strong><\/h2>\n\n<p>The 7840U Phoenix architecture remains a fan favorite in 2025 for its incredible efficiency.<\/p>\n\n<p>Native OcuLink: Skip the USB4 bottlenecks. Connect directly to the GPD G1 eGPU for a 4K desktop experience.<\/p>\n\n<p>Pro-Grade Emulation: Native AVX-512 support allows for superior PS3 (RPCS3) and Xbox 360 (Xenia) performance compared to many newer, more expensive handhelds.<\/p>\n\n<p>Software Boosted: Fully compatible with AMD AFMF 2 and FSR 3.1, allowing you to play AAA titles at smooth frame rates on the 10.1&#8243; screen.<\/p>\n\n<h2 class=\"wp-block-heading\"><strong>STEBINANTI GRAFIKA: &#8220;AMD RADEON 780M GPU<\/strong><\/h2>\n\n<p>D\u0117l &#8220;AMD <a href=\"https:\/\/www.notebookcheck.net\/AMD-Radeon-780M-GPU-Benchmarks-and-Specs.680539.0.html\" target=\"_blank\" rel=\"noreferrer noopener nofollow\">Radeon 780M&#8221; grafinio procesoriaus&#8221;GPD WIN MAX 2 2023&#8243; vaizdas yra stulbinantis .<\/a> \u0160i galinga vaizdo plok\u0161t\u0117 u\u017etikrina skland\u0173 kadr\u0173 da\u017en\u012f ir kvap\u0105 gniau\u017eian\u010di\u0105 grafik\u0105, kad \u017eaidimai b\u016bt\u0173 vizualiai stulbinantys.<\/p>\n\n<h2 class=\"wp-block-heading\"><strong>NEPRILYGSTAMA ATMINTIS: IKI 64 GB LPDDR5 RAM<\/strong><\/h2>\n\n<p>&#8220;GPD WIN MAX 2 2023&#8221; turi \u017eaibi\u0161kai greit\u0105 6400 MT\/s <a href=\"https:\/\/en.wikipedia.org\/wiki\/LPDDR\">LPDDR5 operatyvi\u0105j\u0105 atmint\u012f<\/a>, kuri u\u017etikrina greit\u0105 \u012fkrovimo laik\u0105, skland\u0173 daugiaprogram\u012f darb\u0105 ir skland\u0173 \u017eaidim\u0105 sud\u0117tinguose scenarijuose.<\/p>\n\n<h2 class=\"wp-block-heading\"><strong>DIDEL\u0116 DIDEL\u0116 D\u0116\u017dUT\u0116: M.2 NVME 2280 SSD 4TB <\/strong><\/h2>\n\n<p>Pamir\u0161kite, kad pritr\u016bksite vietos saugykloje, nes erdvus M.2 NVME 2280 <a href=\"https:\/\/en.wikipedia.org\/wiki\/NVM_Express#:~:text=NVM%20Express%20(NVMe)%20or%20Non,via%20the%20PCI%20Express%20bus.\">SSD<\/a> diskas pasi\u017eymi mil\u017eini\u0161ka 4 TB talpa. Atsisveikinkite su \u017eaidim\u0173 trynimu d\u0117l vietos; su GPD WIN MAX 2 2023 galimyb\u0117s yra neribotos.<\/p>\n\n<h2 class=\"wp-block-heading\"><strong>PALAIKYKITE RY\u0160\u012e: WI-FI 6 IR BLUETOOTH 5.2<\/strong><\/h2>\n\n<p>Ry\u0161ys yra labai svarbus, nes &#8221; <a href=\"https:\/\/www.theverge.com\/2019\/2\/21\/18232026\/wi-fi-6-speed-explained-router-wifi-how-does-work\">WiFi 6&#8243;<\/a> u\u017etikrina \u017eaibi\u0161k\u0105 ir stabil\u0173 interneto ry\u0161\u012f, tod\u0117l internetiniai \u017eaidimai vyksta skland\u017eiai. Naudodami <a href=\"https:\/\/www.bluetooth.com\/bluetooth-resources\/whats-new-in-core-spec-version-5-2\/\">&#8220;Bluetooth 5.2&#8221;<\/a> galite prijungti belaid\u017eius periferinius \u012frenginius ir patirti i\u0161ties svaiginan\u010di\u0105 \u017eaidim\u0173 patirt\u012f.<\/p>\n\n<h2 class=\"wp-block-heading\"><strong>VIENTISAS RY\u0160YS: UNIVERSAL\u016aS PRIEVADAI<\/strong><\/h2>\n\n<p>GPD WIN MAX 2 2023 turi daugyb\u0119 prievad\u0173 visiems \u017eaidim\u0173 ir periferini\u0173 \u012frengini\u0173 poreikiams patenkinti. Tur\u0117dami 1x USB 4, 1x USB 3.2 Gen 2 Type-C, 2x USB 3.2 Gen 2 Type-A ir OCuLink (SFF-8612) prievadus, lengvai <a href=\"https:\/\/blog.fosketts.net\/2017\/06\/22\/what-is-oculink\/\" target=\"_blank\" rel=\"noreferrer noopener nofollow\">prijunkite i\u0161orinius<\/a> \u012frenginius. <\/p>\n\n<h2 class=\"wp-block-heading\"><strong>PATOBULINTOS FUNKCIJOS, U\u017dTIKRINAN\u010cIOS NEPRILYGSTAM\u0104 PATOGUM\u0104<\/strong><\/h2>\n\n<p>GPD WIN MAX 2 2023 u\u017etikrina skland\u017ei\u0105 \u017eaidim\u0173 patirt\u012f su pir\u0161t\u0173 atspaud\u0173 jutikliu, kad prietaisas b\u016bt\u0173 greitai ir saugiai atrakintas. &#8220;Microsoft Precision Touchpad&#8221; (PTP) u\u017etikrina skland\u0173 ir tiksl\u0173 \u017eymeklio valdym\u0105, o ap\u0161viesta klaviat\u016bra leid\u017eia \u017eaisti prasto ap\u0161vietimo aplinkoje. <\/p>\n\n<h2 class=\"wp-block-heading\"><strong>ILGALAIK\u0116 GALIA: ILGALAIKIS AKUMULIATORIAUS VEIKIMO LAIKAS<\/strong><\/h2>\n\n<p>GPD WIN MAX 2 2023 67Wh li\u010dio polimero baterija u\u017etikrina iki 3 valand\u0173 intensyvaus naudojimo, 6-8 valand\u0173 vidutinio intensyvumo ir \u012fsp\u016bding\u0173 14 valand\u0173 lengvo naudojimo, tod\u0117l \u017eaid\u0117jams u\u017etikrina patikim\u0105 ir ilgalaik\u012f energijos \u0161altin\u012f.<\/p>\n\n<h2 class=\"wp-block-heading\"><strong>KOMPAKTI\u0160KAS IR LENGVAS DIZAINAS<\/strong><\/h2>\n\n<p>GPD WIN MAX 2 2023 pasi\u017eymi galingu veikimu kompakti\u0161koje ir lengvoje konstrukcijoje, kurios matmenys yra tik 8,9 x 6,2 x 0,9 colio, o svoris &#8211; tik 1005 g. Pagamintas i\u0161 auk\u0161tos kokyb\u0117s med\u017eiag\u0173, jis u\u017etikrina patvarum\u0105 ir surinkimo kokyb\u0119 \u017eaidimams keliaujant. <\/p>\n\n<h2 class=\"wp-block-heading\"><strong>I\u0160 ANKSTO \u012eDIEGTAS &#8220;WINDOWS 11 HOME<\/strong><\/h2>\n\n<p>GPD WIN MAX 2 2023 i\u0161 anksto \u012fdiegta <a href=\"https:\/\/www.microsoft.com\/en-gb\/windows\/windows-11\" target=\"_blank\" rel=\"noreferrer noopener nofollow\">&#8220;Windows 11 Home&#8221; sistema ,<\/a> kuri d\u0117l intuityvios s\u0105sajos ir patobulint\u0173 \u017eaidim\u0173 funkcij\u0173 suteikia optimali\u0105 \u017eaidim\u0173 patirt\u012f.<\/p>\n\n<h2 class=\"wp-block-heading\"><strong>I\u0160VADA<\/strong><\/h2>\n\n<p>GPD WIN MAX 2 2023 &#8211; tai geriausias ne\u0161iojamasis \u017eaidim\u0173 kompiuteris, u\u017etikrinantis auk\u0161\u010diausios klas\u0117s \u017eaidim\u0173 na\u0161um\u0105 kompakti\u0161koje formoje. Su &#8220;AMD Ryzen 7 7840U&#8221; arba &#8220;Ryzen 5 7640U&#8221; procesoriumi, &#8220;AMD Radeon 780M&#8221; grafiniu procesoriumi ir iki 64 GB operatyviosios atminties jis u\u017etikrina i\u0161skirtin\u012f na\u0161um\u0105 \u017eaid\u017eiant sud\u0117tingus \u017eaidimus. D\u0117l 10,1 coli\u0173 jutiklinio valdymo ekrano, universali\u0173 jungiam\u0173j\u0173 galimybi\u0173 ir patogi\u0173 funkcij\u0173 \u017eaisti keliaujant tampa paprasta. D\u0117l ilgai veikian\u010dio akumuliatoriaus ir kompakti\u0161ko dizaino m\u0117gaukit\u0117s \u017eaidimais be apribojim\u0173.   <\/p>\n\n<h3 class=\"wp-block-heading\"><strong>GPD WIN MAX 2 2023 privalumai:<\/strong><\/h3>\n\n<ol class=\"wp-block-list\">\n<li>Powerful Performance: AMD Ryzen 7 7840U CPU and Ryzen 5 7640U with AMD Radeon 780M GPU deliver impressive performance for demanding games.<\/li>\n\n\n\n<li>Compact and Portable: The GPD WIN MAX 2 2023 offers unparalleled portability, making it easy to game on the go.<\/li>\n\n\n\n<li>Stunning Display: The 10.1&#8243; touch control display provides vibrant visuals and a high-resolution experience.<\/li>\n\n\n\n<li>Versatile Connectivity: The GPD WIN MAX 2 2023 offers a range of ports and wireless connectivity options, ensuring seamless integration with peripherals and online gaming experiences.<\/li>\n\n\n\n<li>Ample Storage: The spacious 4TB SSD eliminates the need to constantly delete and reinstall games.<\/li>\n<\/ol>\n\n<h3 class=\"wp-block-heading\">Order Your GPD WIN MAX 2 \u2013 In Stock &amp; Ready to Ship<\/h3>\n\n<p>Get the industry\u2019s most versatile work-and-play hybrid with a full 12-month official warranty.<\/p>\n\n<ul class=\"wp-block-list\">\n<li>Status: In Stock (Ships within 24 hours).<\/li>\n\n\n\n<li>Shipping: Insured worldwide express delivery.<\/li>\n\n\n\n<li>Support: Authorized GPD technical assistance included.<\/li>\n<\/ul>\n\n<p>I\u0161sami\u0105 GPD WIN MAX 2 2023 ap\u017evalg\u0105 skaitykite <a href=\"https:\/\/droix.net\/blogs\/gpd-win-max-2-2023-review\/\">\u010dia, kad su\u017einotum\u0117te apie<\/a> i\u0161samias funkcijas, lyginamuosius testus, \u017eaidimo eig\u0105 ir emuliacijos na\u0161um\u0105.<\/p>\n","protected":false},"excerpt":{"rendered":"<ul>\n<li>PROCESORIUS: AMD Ryzen 5 \/ 7<strong> 7640U \/ 7840U <\/strong> <\/li>\n<li>GPU: AMD Radeon<strong> 760M \/ 780M<\/strong><\/li>\n<li>Operatyvioji atmintis: iki<strong> 64 GB LPDDR5X @ 6400 MT\/s<\/strong><\/li>\n<li>Saugykla: iki 4 TB<strong> Gen 3<\/strong> <strong>PCI-E<\/strong> NVMe SSD<\/li>\n<li>SUSIJUNGIMAS: &#8220;Wi-Fi<strong> 6<\/strong> &#8221; ir &#8220;Bluetooth <strong>5.2<\/strong> &#8221; palaikymas<\/li>\n<\/ul>\n[cg_accordion title=\"INFORMACIJA APMOK\u0116JIMUI\"]<\/p>\n<p>Mes naudojame naujausias mok\u0117jimo apdorojimo technologijas, kurios leid\u017eia jums greitai ir saugiai atsiskaityti debeto\/kredito kortele arba &#8220;PayPal&#8221;.[\/cg_accordion]\n[cg_accordion title=\"GARANTIJA\"]<\/p>\n<p><a href=\"https:\/\/droix.net\/\" target=\"_blank\" rel=\"nofollow noopener\">DROIX Global suteikia 2 met\u0173 garantij\u0105, kad<\/a> b\u016btum\u0117te ram\u016bs[\/cg_accordion]\n[cg_accordion title=\"KOKYB\u0116S U\u017dTIKRINIMAS IR BANDYMAI PRIE\u0160 I\u0160SIUNTIM\u0104\"]<\/p>\n<p>Auk\u0161\u010diausio lygio klient\u0173 pasitenkinimo u\u017etikrinimas: Prie\u0161 i\u0161siun\u010diant kiekvien\u0105 prietais\u0105 atliekamas grie\u017etas testavimas ir daugiapakopis kokyb\u0117s u\u017etikrinimas. M\u016bs\u0173 komanda tikrina veikim\u0105, funkcionalum\u0105 ir komponent\u0173 vientisum\u0105, kad u\u017etikrintume, jog j\u016bs\u0173 GPD prietaisas bus visi\u0161kai tvarkingas, o j\u016bs gal\u0117site b\u016bti ram\u016bs ir tikri. [\/cg_accordion]\n[cg_accordion title=\"KAINOS, MOKES\u010cIAI IR PRISTATYMAS\"]<\/p>\n<p><strong><u>Pastaba:<\/u><\/strong><\/p>\n<ul>\n<li>Jungtini\u0173 Amerikos Valstij\u0173 klientai: \u012e rodom\u0105 kain\u0105 N\u0116RA \u012fskai\u010diuoti mokes\u010diai ir muitai. Atsakomyb\u0117 i\u0161muitinti muitin\u0119 ir sumok\u0117ti visus susijusius mokes\u010dius ir muitus tenka klientui. <\/li>\n<li>ES klientai: \u012e nurodyt\u0105 kain\u0105 \u012fskai\u010diuoti taikomi mokes\u010diai, kurie, priklausomai nuo j\u016bs\u0173 \u0161alies, gali siekti iki 25 %.<\/li>\n<li>Kanados klientai: \u012e nurodyt\u0105 kain\u0105 \u012fskai\u010diuoti taikomi mokes\u010diai, kurie, priklausomai nuo j\u016bs\u0173 provincijos, gali apimti 5 % GPM ir papildomus provincijos pardavimo mokes\u010dius (PST), suderint\u0105 pardavimo mokest\u012f (HST) arba Kvebeko pardavimo mokest\u012f (QST).<\/li>\n<\/ul>\n<p><strong>TIK ES klientams:<\/strong> Express DDP (pristatoma sumok\u0117jus muit\u0105). Tai rei\u0161kia: <\/p>\n<ul>\n<li>Visi muitai ir mokes\u010diai \u012fskai\u010diuoti \u012f produkto puslapyje nurodyt\u0105 kain\u0105.<\/li>\n<li>Pristatymo metu jums nereik\u0117s mok\u0117ti joki\u0173 papildom\u0173 mokes\u010di\u0173.<\/li>\n<li>Retais atvejais, kai kyla su muitine susijusi\u0173 problem\u0173, m\u016bs\u0173 komanda pasir\u016bpins muitin\u0117s formalumais j\u016bs\u0173 vardu, kad b\u016bt\u0173 u\u017etikrintas sklandus pristatymas.<\/li>\n<p>Svarbi informacija apie gr\u0105\u017einim\u0105:<\/p>\n<li>Jei nuspr\u0119site gr\u0105\u017einti u\u017esakym\u0105 arba pra\u0161ysite gr\u0105\u017einti pinigus, tur\u0117kite omenyje, kad mokes\u010diai ir muitai, sumok\u0117ti u\u017e jus pagal DDP s\u0105lygas, negali b\u016bti gr\u0105\u017einami.<\/li>\n<p>I\u0161samesn\u0117s informacijos rasite m\u016bs\u0173 <a href=\"https:\/\/droix.net\/terms-and-conditions\/\" target=\"_blank\" rel=\"nofollow noopener\">s\u0105lygose ir nuostatose<\/a>.\n<\/ul>\n<p>[\/cg_accordion]\n[cg_accordion title=\"KLIENT\u0172 APTARNAVIMAS\"]<\/p>\n<p>Turite klausim\u0105? U\u017etenka para\u0161yti trump\u0105j\u0105 \u017einut\u0119 ir j\u016bs\u0173 klausimas bus i\u0161spr\u0119stas! <\/p>\n<p>I\u0161samesn\u0117s informacijos rasite m\u016bs\u0173 <a href=\"https:\/\/gpdstore.net\/lt\/terms-of-service\/\" target=\"_blank\" rel=\"nofollow noopener\">s\u0105lygose ir nuostatose<\/a>.\n<\/ul>\n<p>[\/cg_accordion]\n[cg_accordion title=\"KAS \u012eTRAUKTA\"]<\/p>\n<ul>\n<li>1x GPD WIN MAX 2 2023<\/li>\n<li>1x maitinimo adapteris<\/li>\n<li>1x C tipo USB kabelis<\/li>\n<li>1x naudotojo vadovas<\/li>\n<\/ul>\n<p>[\/cg_accordion]\n","protected":false},"featured_media":173547,"template":"","meta":{"_acf_changed":false},"product_brand":[],"product_cat":[6932],"product_tag":[15932,17677],"woo-feed-brand":[5770],"class_list":{"0":"post-173339","1":"product","2":"type-product","3":"status-publish","4":"has-post-thumbnail","6":"product_cat-gpd-rankinis-zaidimu-kompiuteris","7":"product_tag-15xmsale-lt","8":"product_tag-gpd-win-max-2-lt","9":"product_shipping_class-premium","10":"pa_bluetooth-5-2-lt","11":"pa_brand-gpd","12":"pa_graphics-gpu-model-intel-iris-xe-grafika","13":"pa_graphics-gpu-model-radeon-760m-lt","14":"pa_i-o-video-1x-hdmi-2-1-lt","15":"pa_i-o-video-1x-oculink-lt","16":"pa_i-o-video-per-1x-usb-4-0-type-c-40gb-s","17":"pa_memory-ram-capacity-16-gb-lt","18":"pa_memory-ram-capacity-32-gb-lt-2","19":"pa_memory-ram-capacity-64-gb-lt","20":"pa_memory-ram-technology-lpddr5x-lt","21":"pa_processor-cpu-model-amd-ryzen-5-7640u","22":"pa_processor-cpu-model-amd-ryzen-7-7840u","23":"pa_storage-capacity-1-tb-lt","24":"pa_storage-capacity-2-tb-lt","25":"pa_storage-capacity-4-tb-lt","26":"pa_storage-technology-pcie-gen-3-lt","27":"pa_wi-fi-wi-fi-6-lt","28":"woo-feed-brand-gpd-lt","30":"first","31":"outofstock","32":"sale","33":"taxable","34":"shipping-taxable","35":"purchasable","36":"product-type-variable","37":"has-default-attributes"},"acf":[],"aioseo_notices":[],"_links":{"self":[{"href":"https:\/\/gpdstore.net\/lt\/wp-json\/wp\/v2\/product\/173339","targetHints":{"allow":["GET"]}}],"collection":[{"href":"https:\/\/gpdstore.net\/lt\/wp-json\/wp\/v2\/product"}],"about":[{"href":"https:\/\/gpdstore.net\/lt\/wp-json\/wp\/v2\/types\/product"}],"wp:featuredmedia":[{"embeddable":true,"href":"https:\/\/gpdstore.net\/lt\/wp-json\/wp\/v2\/media\/173547"}],"wp:attachment":[{"href":"https:\/\/gpdstore.net\/lt\/wp-json\/wp\/v2\/media?parent=173339"}],"wp:term":[{"taxonomy":"product_brand","embeddable":true,"href":"https:\/\/gpdstore.net\/lt\/wp-json\/wp\/v2\/product_brand?post=173339"},{"taxonomy":"product_cat","embeddable":true,"href":"https:\/\/gpdstore.net\/lt\/wp-json\/wp\/v2\/product_cat?post=173339"},{"taxonomy":"product_tag","embeddable":true,"href":"https:\/\/gpdstore.net\/lt\/wp-json\/wp\/v2\/product_tag?post=173339"},{"taxonomy":"woo-feed-brand","embeddable":true,"href":"https:\/\/gpdstore.net\/lt\/wp-json\/wp\/v2\/woo-feed-brand?post=173339"}],"curies":[{"name":"wp","href":"https:\/\/api.w.org\/{rel}","templated":true}]}}