{"id":135495,"date":"2024-01-23T13:57:51","date_gmt":"2024-01-23T13:57:51","guid":{"rendered":"https:\/\/gpdstore.net\/be-kategorijos\/usb-4-0-c-tipo-kabelis\/"},"modified":"2025-12-23T10:23:03","modified_gmt":"2025-12-23T10:23:03","slug":"usb-4-0-type-c-cable","status":"publish","type":"product","link":"https:\/\/gpdstore.net\/lt\/product\/usb-4-0-type-c-cable\/","title":{"rendered":"USB 4.0 C tipo kabelis"},"content":{"rendered":"\n<h3 class=\"wp-block-heading\"><strong>Pagerinkite ry\u0161\u012f naudodami pa\u017eangiausi\u0105 C tipo USB 4.0 kabel\u012f<\/strong><br\/><strong>Atraskite vientiso ry\u0161io gali\u0105<\/strong><\/h3>\n\n<h4 class=\"wp-block-heading\"><strong>I\u0161laisvinkite duomen\u0173 potencial\u0105<\/strong><\/h4>\n\n<p>I\u0161laisvinkite duomen\u0173 potencial\u0105 su m\u016bs\u0173 revoliuciniu C tipo USB 4.0 kabeliu. \u012esp\u016bdingas 40 Gb\/s duomen\u0173 perdavimo greitis u\u017etikrina greit\u0105 fail\u0173 perdavim\u0105, tod\u0117l nebereikia r\u016bpintis v\u0117luojan\u010diu duomen\u0173 perdavimu. <\/p>\n\n<h4 class=\"wp-block-heading\"><strong>Atei\u010diai paruo\u0161tas suderinamumas<\/strong><\/h4>\n\n<p>Neatsilikite nuo technologij\u0173, nes m\u016bs\u0173 kabelis suderinamas su &#8220;Thunderbolt 3&#8221; ir &#8220;Thunderbolt 4&#8221;. Tai u\u017etikrina skland\u0173 integravim\u0105 su naujausiais \u012frenginiais, tod\u0117l j\u016bs\u0173 ry\u0161io sprendimas i\u0161liks aktualus ir ateityje. <\/p>\n\n<h4 class=\"wp-block-heading\"><strong>Neprilygstamas energijos tiekimas<\/strong><\/h4>\n\n<p>Su m\u016bs\u0173 USB 4.0 C tipo kabeliu gal\u0117site m\u0117gautis auk\u0161\u010diausio lygio maitinimo galimyb\u0117mis, nes jis u\u017etikrina i\u0161skirtin\u0119 240 W gali\u0105. Tai rei\u0161kia greitesn\u012f \u012fkrovim\u0105 ir ilgesn\u012f \u012frenginio veikimo laik\u0105, u\u017etikrinant\u012f nepertraukiam\u0105 ry\u0161\u012f. <\/p>\n\n<h4 class=\"wp-block-heading\"><strong>Pasinerkite \u012f i\u0161skirtin\u012f vizualin\u012f tikrum\u0105<\/strong><\/h4>\n\n<p>Pasinerkite \u012f stulbinamo ry\u0161kumo pasaul\u012f, nes palaikoma iki 8K 60 Hz da\u017eniu. Kiekviena detal\u0117 atgyja su nepaprastu tikslumu, tod\u0117l tinka didel\u0117s rai\u0161kos turinio k\u016br\u0117jams, \u017eaid\u0117jams ir pramog\u0173 entuziastams. <\/p>\n\n<h4 class=\"wp-block-heading\"><strong>Naujovi\u0161kas energijos naudojimo ekranas<\/strong><\/h4>\n\n<p>Gaukite informacijos apie energijos suvartojim\u0105 naudodami USB jungtyje integruot\u0105 ekran\u0105, kuriame realiuoju laiku pateikiama informacija apie energijos suvartojim\u0105. Steb\u0117kite, kaip naudojami prietaisai, kad \u012fkrovimas b\u016bt\u0173 efektyvesnis ir labiau kontroliuojamas. <\/p>\n\n<h4 class=\"wp-block-heading\"><strong>J\u016bs\u0173 poreikiams pritaikyti sprendimai<\/strong><\/h4>\n\n<p>Pasirinkite ilg\u012f, kuris geriausiai tinka j\u016bs\u0173 konfig\u016bracijai, nes galite rinktis standartin\u012f 0,8 ir 1,5 m ilgio kabel\u012f arba &#8220;L&#8221; formos kabel\u012f, kur\u012f taip pat galima rinktis 0,8 ir 1,5 m ilgio. Nesvarbu, ar pirmenyb\u0119 teikiate lankstumui, ar jums reikia vietos taupan\u010dio sprendimo, m\u016bs\u0173 USB 4.0 C tipo kabelis atitinka j\u016bs\u0173 ry\u0161io poreikius. <\/p>\n\n<h4 class=\"wp-block-heading\"><strong>Patirkite ry\u0161\u012f be kompromis\u0173<\/strong><\/h4>\n\n<p>Precizi\u0161kai ir profesionaliai pagamintas m\u016bs\u0173 USB 4.0 C tipo kabelis yra geriausias pagalbininkas technologij\u0173 entuziastams, k\u016brybos profesionalams ir kasdieniams naudotojams, kurie reikalauja puiki\u0173 ry\u0161io sprendim\u0173. Su USB 4.0 Type-C kabeliu atverkite neribot\u0173 galimybi\u0173 pasaul\u012f. <\/p>\n","protected":false},"excerpt":{"rendered":"<ul>\n<li><strong>40Gbps<\/strong> duomen\u0173 perdavimo greitis<\/li>\n<li>&#8220;Thunderbolt <strong>3<\/strong> ir <strong>4<\/strong><\/li>\n<li>Iki <strong>240 W galios<\/strong> tiekimas<\/li>\n<li>Palaiko iki <strong>8K @ 60Hz<\/strong> vaizdo i\u0161vest\u012f<\/li>\n<li>\u012emontuotas <strong>galios rodiklis<\/strong><\/li>\n<\/ul>\n[cg_accordion title=\"INFORMACIJA APMOK\u0116JIMUI\"]<\/p>\n<p>Mes naudojame naujausias mok\u0117jimo apdorojimo technologijas, kurios leid\u017eia jums greitai ir saugiai atsiskaityti debeto\/kredito kortele arba &#8220;PayPal&#8221;.[\/cg_accordion]\n[cg_accordion title=\"GARANTIJA\"]<\/p>\n<p><a href=\"https:\/\/droix.net\/\" target=\"_blank\" rel=\"nofollow noopener\">DROIX Global suteikia 2 met\u0173 garantij\u0105, kad<\/a> b\u016btum\u0117te ram\u016bs[\/cg_accordion]\n[cg_accordion title=\"KAINOS, MOKES\u010cIAI IR PRISTATYMAS\"]<\/p>\n<p><strong><u>Pastaba:<\/u><\/strong><\/p>\n<ul>\n<li>Jungtini\u0173 Amerikos Valstij\u0173 klientai: \u012e rodom\u0105 kain\u0105 N\u0116RA \u012fskai\u010diuoti mokes\u010diai ir muitai. Atsakomyb\u0117 i\u0161muitinti muitin\u0119 ir sumok\u0117ti visus susijusius mokes\u010dius ir muitus tenka klientui. <\/li>\n<li>ES klientai: \u012e nurodyt\u0105 kain\u0105 \u012fskai\u010diuoti taikomi mokes\u010diai, kurie, priklausomai nuo j\u016bs\u0173 \u0161alies, gali siekti iki 25 %.<\/li>\n<li>Kanados klientai: \u012e nurodyt\u0105 kain\u0105 \u012fskai\u010diuoti taikomi mokes\u010diai, kurie, priklausomai nuo j\u016bs\u0173 provincijos, gali apimti 5 % GPM ir papildomus provincijos pardavimo mokes\u010dius (PST), suderint\u0105 pardavimo mokest\u012f (HST) arba Kvebeko pardavimo mokest\u012f (QST).<\/li>\n<\/ul>\n<p><strong>TIK ES klientams:<\/strong> Express DDP (pristatoma sumok\u0117jus muit\u0105). Tai rei\u0161kia: <\/p>\n<ul>\n<li>Visi muitai ir mokes\u010diai \u012fskai\u010diuoti \u012f produkto puslapyje nurodyt\u0105 kain\u0105.<\/li>\n<li>Pristatymo metu jums nereik\u0117s mok\u0117ti joki\u0173 papildom\u0173 mokes\u010di\u0173.<\/li>\n<li>Retais atvejais, kai kyla su muitine susijusi\u0173 problem\u0173, m\u016bs\u0173 komanda pasir\u016bpins muitin\u0117s formalumais j\u016bs\u0173 vardu, kad b\u016bt\u0173 u\u017etikrintas sklandus pristatymas.<\/li>\n<p>Svarbi informacija apie gr\u0105\u017einim\u0105:<\/p>\n<li>Jei nuspr\u0119site gr\u0105\u017einti u\u017esakym\u0105 arba pra\u0161ysite gr\u0105\u017einti pinigus, tur\u0117kite omenyje, kad mokes\u010diai ir muitai, sumok\u0117ti u\u017e jus pagal DDP s\u0105lygas, negali b\u016bti gr\u0105\u017einami.<\/li>\n<p>I\u0161samesn\u0117s informacijos rasite m\u016bs\u0173 <a href=\"https:\/\/droix.net\/terms-and-conditions\/\" target=\"_blank\" rel=\"nofollow noopener\">s\u0105lygose ir nuostatose<\/a>.\n<\/ul>\n<p>[\/cg_accordion]\n[cg_accordion title=\"KLIENT\u0172 APTARNAVIMAS\"]<\/p>\n<p>Turite klausim\u0105? U\u017etenka para\u0161yti trump\u0105j\u0105 \u017einut\u0119 ir j\u016bs\u0173 klausimas bus i\u0161spr\u0119stas! <\/p>\n<p>I\u0161samesn\u0117s informacijos rasite m\u016bs\u0173 <a href=\"https:\/\/gpdstore.net\/lt\/terms-of-service\/\" target=\"_blank\" rel=\"nofollow noopener\">s\u0105lygose ir nuostatose<\/a>.\n<\/ul>\n<p>[\/cg_accordion]\n[cg_accordion title=\"KAS \u012eTRAUKTA\"]<\/p>\n<ul>\n<li>1x USB 4.0 C tipo kabelis<\/li>\n<\/ul>\n<p>[\/cg_accordion]\n","protected":false},"featured_media":135655,"template":"","meta":{"_acf_changed":false},"product_brand":[],"product_cat":[5396],"product_tag":[12626,7323],"woo-feed-brand":[5456],"class_list":{"0":"post-135495","1":"product","2":"type-product","3":"status-publish","4":"has-post-thumbnail","6":"product_cat-priedai","7":"product_tag-40bfsale-lt","8":"product_tag-bendrosios-paskirties-reikmenys","9":"product_shipping_class-low-end","10":"pa_accessory-type-kabelis","11":"pa_i-o-video-1x-per-usb-4-0-type-c-dp-8k60hz","12":"woo-feed-brand-droix-lt","14":"first","15":"outofstock","16":"sale","17":"taxable","18":"shipping-taxable","19":"purchasable","20":"product-type-variable","21":"has-default-attributes"},"acf":[],"aioseo_notices":[],"_links":{"self":[{"href":"https:\/\/gpdstore.net\/lt\/wp-json\/wp\/v2\/product\/135495","targetHints":{"allow":["GET"]}}],"collection":[{"href":"https:\/\/gpdstore.net\/lt\/wp-json\/wp\/v2\/product"}],"about":[{"href":"https:\/\/gpdstore.net\/lt\/wp-json\/wp\/v2\/types\/product"}],"wp:featuredmedia":[{"embeddable":true,"href":"https:\/\/gpdstore.net\/lt\/wp-json\/wp\/v2\/media\/135655"}],"wp:attachment":[{"href":"https:\/\/gpdstore.net\/lt\/wp-json\/wp\/v2\/media?parent=135495"}],"wp:term":[{"taxonomy":"product_brand","embeddable":true,"href":"https:\/\/gpdstore.net\/lt\/wp-json\/wp\/v2\/product_brand?post=135495"},{"taxonomy":"product_cat","embeddable":true,"href":"https:\/\/gpdstore.net\/lt\/wp-json\/wp\/v2\/product_cat?post=135495"},{"taxonomy":"product_tag","embeddable":true,"href":"https:\/\/gpdstore.net\/lt\/wp-json\/wp\/v2\/product_tag?post=135495"},{"taxonomy":"woo-feed-brand","embeddable":true,"href":"https:\/\/gpdstore.net\/lt\/wp-json\/wp\/v2\/woo-feed-brand?post=135495"}],"curies":[{"name":"wp","href":"https:\/\/api.w.org\/{rel}","templated":true}]}}