{"id":133569,"date":"2024-01-23T15:11:56","date_gmt":"2024-01-23T15:11:56","guid":{"rendered":"https:\/\/gpdstore.net\/be-kategorijos\/gpd-win-mini-rankenos\/"},"modified":"2025-12-23T10:21:57","modified_gmt":"2025-12-23T10:21:57","slug":"gpd-win-mini-grips","status":"publish","type":"product","link":"https:\/\/gpdstore.net\/lt\/product\/gpd-win-mini-grips\/","title":{"rendered":"GPD WIN Mini rankenos"},"content":{"rendered":"\n<p><strong>GPD WIN Mini rankenos &#8211; pagerinkite savo \u017eaidim\u0173 patirt\u012f<\/strong> <\/p>\n\n<p>Pagerinkite savo GPD WIN Mini su oficialiomis GPD WIN Mini rankenomis. Jos ne tik geriau laiko GPD WIN Mini, bet ir gali pad\u0117ti j\u016bs\u0173 GPD WIN Mini atrodyti \u0161iek tiek stilingiau. <\/p>\n","protected":false},"excerpt":{"rendered":"<ul>\n<li>Oficialios GPD WIN Mini rankenos<\/li>\n<li>Auk\u0161\u010diausios kokyb\u0117s laikymas<\/li>\n<li>Patogumas ilgesniems seansams<\/li>\n<li>Lengvas montavimas ir pa\u0161alinimas<\/li>\n<li>Viskas \u012feina \u012f komplekt\u0105; var\u017etai, atsuktuvas ir rankenos<\/li>\n<\/ul>\n<p> [cg_accordion title=\"INFORMACIJA APMOK\u0116JIMUI\"] Naudojame naujausias mok\u0117jimo apdorojimo technologijas, kurios leid\u017eia greitai ir saugiai atsiskaityti per \u201eApple Pay\u201c, \u201eGoogle Pay\u201c, debeto \/ kredito kortel\u0119, \u201ePayPal\u201c arba BNPL metodus, tokius kaip \u201eKlarna\u201c, \u201eAffirm\u201c arba \u201eAfterPay\u201c.[\/cg_accordion] [cg_accordion title=\"GARANTIJA\"] 2 met\u0173 <a href=\"https:\/\/droix.net\/\" target=\"_blank\" rel=\"nofollow noopener\">\u201eDROIX Global\u201c<\/a> garantija j\u016bs\u0173 ramybei[\/cg_accordion] [cg_accordion title=\"PRICING, TAXES AND SHIPPING\"] <strong><br \/>\n  <u>Pastaba:<\/u><br \/>\n<\/strong><\/p>\n<ul>\n<li>Jungtini\u0173 Amerikos Valstij\u0173 klientai: \u012e rodom\u0105 kain\u0105 N\u0116RA \u012fskai\u010diuoti mokes\u010diai ir muitai. Atsakomyb\u0117 i\u0161muitinti muitin\u0119 ir sumok\u0117ti visus susijusius mokes\u010dius ir muitus tenka klientui. <\/li>\n<li>ES klientai: \u012e nurodyt\u0105 kain\u0105 \u012fskai\u010diuoti taikomi mokes\u010diai, kurie, priklausomai nuo j\u016bs\u0173 \u0161alies, gali siekti iki 25 %.<\/li>\n<li>Kanados klientai: \u012e nurodyt\u0105 kain\u0105 \u012fskai\u010diuoti taikomi mokes\u010diai, kurie, priklausomai nuo j\u016bs\u0173 provincijos, gali apimti 5 % GPM ir papildomus provincijos pardavimo mokes\u010dius (PST), suderint\u0105 pardavimo mokest\u012f (HST) arba Kvebeko pardavimo mokest\u012f (QST).<\/li>\n<\/ul>\n<p><strong>TIK ES klientams:<\/strong> Express DDP (pristatoma sumok\u0117jus muit\u0105). Tai rei\u0161kia: <\/p>\n<ul>\n<li style=\"list-style-type: none;\">\n<ul>\n<li>Visi muitai ir mokes\u010diai \u012fskai\u010diuoti \u012f produkto puslapyje nurodyt\u0105 kain\u0105.<\/li>\n<li>Pristatymo metu jums nereik\u0117s mok\u0117ti joki\u0173 papildom\u0173 mokes\u010di\u0173.<\/li>\n<li>Retais atvejais, kai kyla su muitine susijusi\u0173 problem\u0173, m\u016bs\u0173 komanda pasir\u016bpins muitin\u0117s formalumais j\u016bs\u0173 vardu, kad b\u016bt\u0173 u\u017etikrintas sklandus pristatymas.<\/li>\n<p>Svarbi informacija apie gr\u0105\u017einim\u0105:<\/p>\n<li>Jei nuspr\u0119site gr\u0105\u017einti u\u017esakym\u0105 arba pra\u0161ysite gr\u0105\u017einti pinigus, tur\u0117kite omenyje, kad mokes\u010diai ir muitai, sumok\u0117ti u\u017e jus pagal DDP s\u0105lygas, negali b\u016bti gr\u0105\u017einami.<\/li>\n<p>\u017dr. m\u016bs\u0173<\/ul>\n<\/li>\n<\/ul>\n<p><a href=\"https:\/\/gpdstore.net\/lt\/terms-of-service\/\" target=\"_blank\" rel=\"nofollow noopener\">Taisykl\u0117s ir s\u0105lygos<\/a><\/p>\n<ul>i\u0161samesn\u0117s informacijos.<\/ul>\n<p>[\/cg_accordion] [cg_accordion title=\"KLIENT\u0172 APTARNAVIMAS\"]  Turite klausim\u0105? U\u017etenka para\u0161yti trump\u0105j\u0105 \u017einut\u0119 ir j\u016bs\u0173 klausimas bus i\u0161spr\u0119stas!   [\/cg_accordion] [cg_accordion title=\"WHAT'S INCLUDED\"]<\/p>\n<ul>\n<li>1x GPD WIN Mini rankenos<\/li>\n<\/ul>\n<p>[\/cg_accordion]<\/p>\n","protected":false},"featured_media":133665,"template":"","meta":{"_acf_changed":false},"product_brand":[],"product_cat":[5396],"product_tag":[12477,18192],"woo-feed-brand":[5770],"class_list":{"0":"post-133569","1":"product","2":"type-product","3":"status-publish","4":"has-post-thumbnail","6":"product_cat-priedai","7":"product_tag-25bfsale-lt","8":"product_tag-gpd-win-mini-priedai","9":"product_shipping_class-standard","11":"pa_accessory-type-suemimas","12":"pa_brand-gpd","13":"woo-feed-brand-gpd-lt","15":"first","16":"outofstock","17":"sale","18":"taxable","19":"shipping-taxable","20":"purchasable","21":"product-type-variable","22":"has-default-attributes"},"acf":[],"aioseo_notices":[],"_links":{"self":[{"href":"https:\/\/gpdstore.net\/lt\/wp-json\/wp\/v2\/product\/133569","targetHints":{"allow":["GET"]}}],"collection":[{"href":"https:\/\/gpdstore.net\/lt\/wp-json\/wp\/v2\/product"}],"about":[{"href":"https:\/\/gpdstore.net\/lt\/wp-json\/wp\/v2\/types\/product"}],"wp:featuredmedia":[{"embeddable":true,"href":"https:\/\/gpdstore.net\/lt\/wp-json\/wp\/v2\/media\/133665"}],"wp:attachment":[{"href":"https:\/\/gpdstore.net\/lt\/wp-json\/wp\/v2\/media?parent=133569"}],"wp:term":[{"taxonomy":"product_brand","embeddable":true,"href":"https:\/\/gpdstore.net\/lt\/wp-json\/wp\/v2\/product_brand?post=133569"},{"taxonomy":"product_cat","embeddable":true,"href":"https:\/\/gpdstore.net\/lt\/wp-json\/wp\/v2\/product_cat?post=133569"},{"taxonomy":"product_tag","embeddable":true,"href":"https:\/\/gpdstore.net\/lt\/wp-json\/wp\/v2\/product_tag?post=133569"},{"taxonomy":"woo-feed-brand","embeddable":true,"href":"https:\/\/gpdstore.net\/lt\/wp-json\/wp\/v2\/woo-feed-brand?post=133569"}],"curies":[{"name":"wp","href":"https:\/\/api.w.org\/{rel}","templated":true}]}}