{"id":128308,"date":"2024-08-22T08:22:33","date_gmt":"2024-08-22T08:22:33","guid":{"rendered":"https:\/\/gpdstore.net\/be-kategorijos\/gpd-p2-max-2022-mini-nesiojamasis-kompiuteris\/"},"modified":"2025-12-23T10:07:06","modified_gmt":"2025-12-23T10:07:06","slug":"gpd-p2-max-2022-mini-laptop","status":"publish","type":"product","link":"https:\/\/gpdstore.net\/lt\/product\/gpd-p2-max-2022-mini-laptop\/","title":{"rendered":"GPD P2 Max 2022 m. mini ne\u0161iojamasis kompiuteris"},"content":{"rendered":"\n<figure class=\"wp-block-image aligncenter\"><a href=\"https:\/\/droix.net\/wp-content\/uploads\/2022\/01\/GPD-P2-MAX-2022-MARKETING-IMAGE-1.png\"><img decoding=\"async\" src=\"https:\/\/droix.net\/wp-content\/uploads\/2022\/01\/GPD-P2-MAX-2022-MARKETING-IMAGE-1.png\" alt=\"GPD P2 Max 2022 m. &quot;Ultrabook&quot;, kuriame rodomas ra&#x161;iklis\" class=\"wp-image-10581\"\/><\/a><\/figure>\n\n<figure class=\"wp-block-image aligncenter\"><a href=\"https:\/\/droix.net\/wp-content\/uploads\/2022\/01\/GPD-P2-MAX-2022-MARKETING-IMAGE-2.png\"><img decoding=\"async\" src=\"https:\/\/droix.net\/wp-content\/uploads\/2022\/01\/GPD-P2-MAX-2022-MARKETING-IMAGE-2.png\" alt=\"GPD P2 Max 2022 m. Ultrabookas, kuriame rodoma klaviat&#x16B;ra\" class=\"wp-image-10582\"\/><\/a><\/figure>\n\n<figure class=\"wp-block-image aligncenter\"><a href=\"https:\/\/droix.net\/wp-content\/uploads\/2022\/01\/GPD-P2-MAX-2022-MARKETING-IMAGE-3.png\"><img decoding=\"async\" src=\"https:\/\/droix.net\/wp-content\/uploads\/2022\/01\/GPD-P2-MAX-2022-MARKETING-IMAGE-3.png\" alt=\"GPD P2 Max 2022 m. Ultrabookas, kuriame rodomas pir&#x161;t&#x173; atspaud&#x173; jutiklis\" class=\"wp-image-10583\"\/><\/a><\/figure>\n\n<figure class=\"wp-block-image aligncenter\"><a href=\"https:\/\/droix.net\/wp-content\/uploads\/2022\/01\/GPD-P2-MAX-2022-MARKETING-IMAGE-4.png\"><img decoding=\"async\" src=\"https:\/\/droix.net\/wp-content\/uploads\/2022\/01\/GPD-P2-MAX-2022-MARKETING-IMAGE-4.png\" alt=\"GPD P2 Max 2022 m. &quot;Ultrabook&quot;, rodantis procesori&#x173;\" class=\"wp-image-10584\"\/><\/a><\/figure>\n\n<figure class=\"wp-block-image aligncenter\"><a href=\"https:\/\/droix.net\/wp-content\/uploads\/2022\/01\/GPD-P2-MAX-2022-MARKETING-IMAGE-5.png\"><img decoding=\"async\" src=\"https:\/\/droix.net\/wp-content\/uploads\/2022\/01\/GPD-P2-MAX-2022-MARKETING-IMAGE-5.png\" alt=\"GPD P2 Max 2022 m. Ultrabookas, rodantis USB c\" class=\"wp-image-10585\"\/><\/a><\/figure>\n\n<p><span data-contrast=\"none\">Populiaraus ultrabook&#8217;o atnaujinimas jau \u010dia! \u012e scen\u0105 \u017eengia <strong>GPD P2 Max 2022<\/strong> su daugybe patobulinim\u0173, kad jis b\u016bt\u0173 \u0161iuolaiki\u0161kas ir aktualus dabartiniame am\u017eiuje! Tai puikus palydovas ilgoms kelion\u0117ms \u012f darb\u0105, keliaujantiems ra\u0161ytojams ir visais kitais atvejais.  <\/span><\/p>\n\n<p><span data-contrast=\"none\">&#8221; <strong>P2 Max 2022&#8243;<\/strong> pagrindas &#8211; &#8220;Intel Pentium N6000&#8221;. \u0160is keturi\u0173 branduoli\u0173 procesorius suderina energijos vartojimo efektyvum\u0105 ir puik\u0173 na\u0161um\u0105. Patogiai susidoroja su bet kokiomis kasdien\u0117mis u\u017eduotimis.  <\/span><\/p>\n\n<p><span data-contrast=\"none\"><strong>16 GB LPDDR4x operatyviosios atminties<\/strong> u\u017etikrina stabil\u0173 ir patikim\u0105 veikim\u0105 atliekant kelias u\u017eduotis ir kuriant bei redaguojant turin\u012f. Suderinus tai su <strong>1 TB spar\u010dia NVMe<\/strong> saugykla, gaunate nuostabiai lanks\u010di\u0105, bet labai lengvai perkeliam\u0105 darbo stot\u012f. <\/span><\/p>\n\n<p><span data-contrast=\"none\">Didelis <strong>8,9 colio ekranas<\/strong> pasi\u017eymi mil\u017eini\u0161ka 2560x1600p rai\u0161ka, tod\u0117l gal\u0117site ai\u0161kiai matyti visas savo laidas, nuotraukas, vaizdo \u012fra\u0161us ir kt. \u0160is ekranas taip pat yra <strong>jautrus lietimui<\/strong> ir gali b\u016bti naudojamas net su ra\u0161ikliais! <\/span><\/p>\n\n<p><span data-contrast=\"none\">Kalbant apie jungiamum\u0105, \u0161iame <strong>mini ne\u0161iojamajame kompiuteryje<\/strong> yra pakankamai jungiamumo, ta\u010diau jis n\u0117ra per didelis. Dvi A tipo USB jungtys, C tipo USB jungtis, 3,5 mm garso lizdas   <\/span><strong><span data-contrast=\"none\">ir<\/span><\/strong><span data-contrast=\"none\">  &#8220;Micro HDMI&#8221; prievad\u0105, &#8220;P2 Max 2022&#8221; patogus tiek ant keli\u0173, tiek prie prijungimo stotel\u0117s! Tiems, kurie pageidauja belaid\u017eio ry\u0161io, <strong>GPD P2 Max 2022<\/strong> turi &#8220;Wi-Fi 6&#8221;, u\u017etikrinant\u012f did\u017eiausi\u0105 tinklo spart\u0105 ir stabilum\u0105. <\/span>.<\/p>\n\n<p><\/p>\n","protected":false},"excerpt":{"rendered":"<ul>\n<li>&#8220;Intel\u00ae Pentium\u00ae Silver N6000&#8221; procesorius<\/li>\n<li><strong>16 GB LPDDR4x RAM<\/strong> @2933Mhz<\/li>\n<li><strong>8,9 coli\u0173 jutiklinis ekranas \/ pir\u0161t\u0173 atspaud\u0173 skaitytuvas<\/strong><\/li>\n<li><strong>1 TB<\/strong> &#8220;PCI-E NVMe SSD<\/li>\n<li>Suderinama su <strong>Windows 11<\/strong><\/li>\n<\/ul>\n<p> [cg_accordion title=\"INFORMACIJA APMOK\u0116JIMUI\"] Naudojame naujausias mok\u0117jimo apdorojimo technologijas, kurios leid\u017eia greitai ir saugiai atsiskaityti per \u201eApple Pay\u201c, \u201eGoogle Pay\u201c, debeto \/ kredito kortel\u0119, \u201ePayPal\u201c arba BNPL metodus, tokius kaip \u201eKlarna\u201c, \u201eAffirm\u201c arba \u201eAfterPay\u201c.[\/cg_accordion] [cg_accordion title=\"GARANTIJA\"] 2 met\u0173 <a href=\"https:\/\/droix.net\/\" target=\"_blank\" rel=\"nofollow noopener\">\u201eDROIX Global\u201c<\/a> garantija j\u016bs\u0173 ramybei[\/cg_accordion] [cg_accordion title=\"PRICING, TAXES AND SHIPPING\"] <strong><u>Pastaba:<\/u><\/strong><\/p>\n<ul>\n<li>Jungtini\u0173 Amerikos Valstij\u0173 klientai: \u012e rodom\u0105 kain\u0105 N\u0116RA \u012fskai\u010diuoti mokes\u010diai ir muitai. Atsakomyb\u0117 i\u0161muitinti muitin\u0119 ir sumok\u0117ti visus susijusius mokes\u010dius ir muitus tenka klientui. <\/li>\n<li>ES klientai: \u012e nurodyt\u0105 kain\u0105 \u012fskai\u010diuoti taikomi mokes\u010diai, kurie, priklausomai nuo j\u016bs\u0173 \u0161alies, gali siekti iki 25 %.<\/li>\n<li>Kanados klientai: \u012e nurodyt\u0105 kain\u0105 \u012fskai\u010diuoti taikomi mokes\u010diai, kurie, priklausomai nuo j\u016bs\u0173 provincijos, gali apimti 5 % GPM ir papildomus provincijos pardavimo mokes\u010dius (PST), suderint\u0105 pardavimo mokest\u012f (HST) arba Kvebeko pardavimo mokest\u012f (QST).<\/li>\n<\/ul>\n<p><strong>TIK ES klientams:<\/strong> Express DDP (pristatoma sumok\u0117jus muit\u0105). Tai rei\u0161kia: <\/p>\n<ul>\n<li style=\"list-style-type: none;\">\n<ul>\n<li>Visi muitai ir mokes\u010diai \u012fskai\u010diuoti \u012f produkto puslapyje nurodyt\u0105 kain\u0105.<\/li>\n<li>Pristatymo metu jums nereik\u0117s mok\u0117ti joki\u0173 papildom\u0173 mokes\u010di\u0173.<\/li>\n<li>Retais atvejais, kai kyla su muitine susijusi\u0173 problem\u0173, m\u016bs\u0173 komanda pasir\u016bpins muitin\u0117s formalumais j\u016bs\u0173 vardu, kad b\u016bt\u0173 u\u017etikrintas sklandus pristatymas.<\/li>\n<p>Svarbi informacija apie gr\u0105\u017einim\u0105:<\/p>\n<li>Jei nuspr\u0119site gr\u0105\u017einti u\u017esakym\u0105 arba pra\u0161ysite gr\u0105\u017einti pinigus, tur\u0117kite omenyje, kad mokes\u010diai ir muitai, sumok\u0117ti u\u017e jus pagal DDP s\u0105lygas, negali b\u016bti gr\u0105\u017einami.<\/li>\n<p>\u017dr. m\u016bs\u0173<\/ul>\n<\/li>\n<\/ul>\n<p><a href=\"https:\/\/gpdstore.net\/lt\/terms-of-service\/\" target=\"_blank\" rel=\"nofollow noopener\">Taisykl\u0117s ir s\u0105lygos<\/a><\/p>\n<ul>i\u0161samesn\u0117s informacijos.<\/ul>\n<p>[\/cg_accordion] [cg_accordion title=\"KLIENT\u0172 APTARNAVIMAS\"]  Turite klausim\u0105? U\u017etenka para\u0161yti trump\u0105j\u0105 \u017einut\u0119 ir j\u016bs\u0173 klausimas bus i\u0161spr\u0119stas!   [\/cg_accordion] [cg_accordion title=\"WHAT'S INCLUDED\"]<\/p>\n<ul>\n<li>1x C tipo USB kabelis<\/li>\n<li>1x maitinimo adapteris<\/li>\n<li>1x naudotojo vadovas<\/li>\n<\/ul>\n<p>[\/cg_accordion]<\/p>\n","protected":false},"featured_media":128309,"template":"","meta":{"_acf_changed":false},"product_brand":[],"product_cat":[7084,7083],"product_tag":[7085],"woo-feed-brand":[5770],"class_list":{"0":"post-128308","1":"product","2":"type-product","3":"status-publish","4":"has-post-thumbnail","6":"product_cat-nesiojamieji-kompiuteriai","7":"product_cat-gpd-mini-nesiojamieji-kompiuteriai","8":"product_tag-gpd-p2-max-lt-2","9":"product_shipping_class-premium","10":"pa_bluetooth-5-lt","11":"pa_brand-gpd","12":"pa_display-type-h-ips-lt","13":"pa_graphics-gpu-model-intel-uhd-graphics-lt","14":"pa_i-o-video-per-1x-usb-3-2-gen-2-type-c","15":"pa_memory-ram-capacity-16-gb-lt","16":"pa_memory-ram-technology-lpddr4x-lt","17":"pa_storage-capacity-1-tb-lt","18":"pa_wi-fi-wi-fi-6-lt","19":"woo-feed-brand-gpd-lt","21":"first","22":"outofstock","23":"sale","24":"taxable","25":"shipping-taxable","26":"purchasable","27":"product-type-variable","28":"has-default-attributes"},"acf":[],"aioseo_notices":[],"_links":{"self":[{"href":"https:\/\/gpdstore.net\/lt\/wp-json\/wp\/v2\/product\/128308","targetHints":{"allow":["GET"]}}],"collection":[{"href":"https:\/\/gpdstore.net\/lt\/wp-json\/wp\/v2\/product"}],"about":[{"href":"https:\/\/gpdstore.net\/lt\/wp-json\/wp\/v2\/types\/product"}],"wp:featuredmedia":[{"embeddable":true,"href":"https:\/\/gpdstore.net\/lt\/wp-json\/wp\/v2\/media\/128309"}],"wp:attachment":[{"href":"https:\/\/gpdstore.net\/lt\/wp-json\/wp\/v2\/media?parent=128308"}],"wp:term":[{"taxonomy":"product_brand","embeddable":true,"href":"https:\/\/gpdstore.net\/lt\/wp-json\/wp\/v2\/product_brand?post=128308"},{"taxonomy":"product_cat","embeddable":true,"href":"https:\/\/gpdstore.net\/lt\/wp-json\/wp\/v2\/product_cat?post=128308"},{"taxonomy":"product_tag","embeddable":true,"href":"https:\/\/gpdstore.net\/lt\/wp-json\/wp\/v2\/product_tag?post=128308"},{"taxonomy":"woo-feed-brand","embeddable":true,"href":"https:\/\/gpdstore.net\/lt\/wp-json\/wp\/v2\/woo-feed-brand?post=128308"}],"curies":[{"name":"wp","href":"https:\/\/api.w.org\/{rel}","templated":true}]}}