{"id":1276014,"date":"2026-01-22T10:18:28","date_gmt":"2026-01-22T10:18:28","guid":{"rendered":"https:\/\/gpdstore.net\/product\/biwin-rd510-mini-ssd-skaitytuvas\/"},"modified":"2026-03-29T00:46:41","modified_gmt":"2026-03-29T00:46:41","slug":"biwin-rd510-mini-ssd-reader","status":"publish","type":"product","link":"https:\/\/gpdstore.net\/lt\/product\/biwin-rd510-mini-ssd-reader\/","title":{"rendered":"&#8220;Biwin RD510&#8221; mini SSD skaitytuvas"},"content":{"rendered":"\n<h2 class=\"wp-block-heading\">&#8220;Biwin Mini SSD Reader&#8221;: USB 4.0 saugojimo sprendimas profesionalams<\/h2>\n\n<p>&#8221; <strong>Biwin RD510 Mini SSD<\/strong> &#8221; <strong>skaitytuvas yra<\/strong> ne\u0161iojamosios saugyklos technologijos prover\u017eis. \u0160is didelio na\u0161umo skaitytuvas yra pirmasis tokio tipo \u012frenginys, specialiai sukurtas itin kompakti\u0161kam &#8220;Mini SSD&#8221; formato \u012frenginiui. \u0160iems ma\u017eiems diskams, kuri\u0173 matmenys yra tik 15,0 mm \u00d7 17,0 mm \u00d7 1,4 mm, reikia tikslaus korpuso, kad jie veikt\u0173 maksimaliai.2 Kadangi \u0161is &#8220;biwin SSD&#8221; sprendimas<sup>pritaikytas<\/sup> tokiems <strong>ma\u017eiems matmenims<\/strong>, jis u\u017etikrina iki \u0161iol profesionalios technin\u0117s \u012frangos rinkoje nematyt\u0105 ne\u0161iojamumo lyg\u012f.  <\/p>\n\n<h2 class=\"wp-block-heading\">&#8220;Biwin RD510&#8221; mini SSD skaitytuvo &#8220;Blazing Fast&#8221; greitis<\/h2>\n\n<p>Na\u0161umas &#8211; tai vieta, kur \u0161is &#8221; <strong>biwinn mini SSD&#8221; skaitytuvas tikrai<\/strong> spindi. Jame naudojamas pa\u017eangus USB 4.0 protokolas, u\u017etikrinantis stulbinam\u0105 iki 40 Gb\/s duomen\u0173 perdavimo greit\u012f.3<sup>Tod\u0117l &#8220;<\/sup> Biwin RD510 Mini SSD <strong>Reader&#8221; pasiekia<\/strong> 3300 MB\/s <strong>nuosekliojo skaitymo<\/strong> greit\u012f ir 3000 MB\/s ra\u0161ymo greit\u012f.4 \u0160ie skai\u010diai<sup>puikiai tinka<\/sup> naudotojams, kurie da\u017enai tvarko 8K vaizdo failus arba did\u017eiules programin\u0117s \u012frangos saugyklas. <\/p>\n\n<p>Be to, &#8220;biwin <strong>SSD&#8221; tvarkykl\u0117s architekt\u016bra<\/strong> optimizuota \u0161iuolaikin\u0117ms operacin\u0117ms sistemoms, kad b\u016bt\u0173 u\u017etikrintas paprastas prijungimas ir naudojimas. Pamatysite, kad didel\u0117s apimties duomen\u0173 atsargin\u0117s kopijos sukuriamos per kelias sekundes, o ne minutes. Kadangi s\u0105saja yra tokia efektyvi, intensyvi\u0173 profesionali\u0173 program\u0173 metu u\u017elaikymas yra visi\u0161kai minimalus.  <\/p>\n\n<h2 class=\"wp-block-heading\">Aktyvus au\u0161inimas, u\u017etikrinantis nuolatin\u012f &#8220;Biwin SSD&#8221; na\u0161um\u0105<\/h2>\n\n<p>Didelio grei\u010dio palaikymas da\u017enai sukelia \u0161ilumini\u0173 problem\u0173. Tod\u0117l &#8220;Biwin <strong>RD510 Mini SSD Reader<\/strong> &#8221; <strong>turi<\/strong> \u012fmontuot\u0105 au\u0161inimo ventiliatori\u0173, kuris aktyviai valdo \u0161ilum\u0105. \u0160is \u0161iluminis sprendimas apsaugo nuo na\u0161umo suma\u017e\u0117jimo, susijusio su perkaitimu. Tod\u0117l j\u016bs\u0173 biwin <strong>SSD i\u0161laikys<\/strong> did\u017eiausi\u0105 spart\u0105 net ir valand\u0105 trunkan\u010di\u0173 duomen\u0173 perk\u0117lim\u0173 metu.   <\/p>\n\n<p>Tvirta &#8221; <strong>Biwin RD510&#8243; mini SSD skaitytuvo<\/strong> konstrukcija <strong>u\u017etikrina<\/strong>, kad jis atlaikys kasdienes keliones. Nors i\u0161or\u0117 atrodo eleganti\u0161kai ir profesionaliai, vidiniai komponentai yra apsaugoti nuo fizini\u0173 sm\u016bgi\u0173. Pirmenyb\u0117 teikiama stabiliam ir nepertraukiamam veikimui, o tai galiausiai padeda prailginti laikmenos tarnavimo laik\u0105.  <\/p>\n\n<h2 class=\"wp-block-heading\">&#8220;Biwinn Mini SSD&#8221; skaitytuvo &#8220;Biwinn Mini SSD Reader&#8221; jungiamumas su \u012fvairiomis platformomis<\/h2>\n\n<p>Universalumas yra pagrindin\u0117 \u0161io &#8221; <strong>biwinn mini SSD&#8221; skaitytuvo<\/strong> stipryb\u0117 <strong>.<\/strong> Jis tiekiamas su auk\u0161tos kokyb\u0117s USB 4.0 Type-C-C tipo kabeliu, kad b\u016bt\u0173 atskleistas visas j\u016bs\u0173 aparatin\u0117s \u012frangos potencialas.5 Tai<sup>u\u017etikrina, kad<\/sup> &#8220;Biwin RD510 Mini <strong>SSD Reader<\/strong> &#8221; <strong>yra suderinamas su<\/strong> daugybe \u0161iuolaikini\u0173 ekosistem\u0173. <\/p>\n\n<figure class=\"wp-block-table\"><table class=\"has-fixed-layout\"><thead><tr><td><strong>Sistemos kategorija<\/strong><\/td><td><strong>Palaikomos platformos<\/strong><\/td><\/tr><\/thead><tbody><tr><td><strong>Kompiuteriai<\/strong><\/td><td>&#8220;Windows 10\/11&#8221;, &#8220;macOS 11.0+<\/td><\/tr><tr><td><strong>Mobilusis<\/strong><\/td><td>&#8220;iOS 17.0+&#8221;, &#8220;Android 11.0+<\/td><\/tr><tr><td><strong>\u017daidim\u0173<\/strong><\/td><td>&#8220;PlayStation 5&#8221; (sistema 08+)<\/td><\/tr><tr><td><strong>Operacin\u0117s sistemos<\/strong><\/td><td>&#8220;HyperOS 1.0+&#8221;, &#8220;HarmonyOS 3.0+<\/td><\/tr><\/tbody><\/table><\/figure>\n","protected":false},"excerpt":{"rendered":"<ul>\n<li>&#8220;<strong>Biwin RD510&#8243; USB<\/strong> 4.0 mini SSD skaitytuvas<\/li>\n<li><strong>USB 4.0 s\u0105saja &#8211; didel\u0117s spartos<\/strong> duomen\u0173 perdavimas iki 40 Gb\/s<\/li>\n<li><strong>3300 MB\/s skaitymo ir 3000 MB\/s ra\u0161ymo greitis &#8211;<\/strong> optimizuotas 8K vaizdo \u012fra\u0161ams ir dideliems failams<\/li>\n<li><strong>Aktyvi au\u0161inimo sistema &#8211;<\/strong> \u012fmontuotas ventiliatorius u\u017etikrina nuolatin\u012f maksimal\u0173 na\u0161um\u0105<\/li>\n<li><strong>Itin ne\u0161iojamas dizainas &#8211;<\/strong> specialiai sukurtas &#8220;Mini SSD&#8221; formato \u012frenginiui<\/li>\n<\/ul>\n[cg_accordion title=\"INFORMACIJA APMOK\u0116JIMUI\"]<\/p>\n<p>Mes naudojame naujausias mok\u0117jimo apdorojimo technologijas, kurios leid\u017eia jums greitai ir saugiai atsiskaityti debeto\/kredito kortele arba &#8220;PayPal&#8221;.[\/cg_accordion]\n[cg_accordion title=\"GARANTIJA\"]<\/p>\n<p><a href=\"https:\/\/droix.net\/\" target=\"_blank\" rel=\"nofollow noopener\">DROIX Global suteikia 2 met\u0173 garantij\u0105, kad<\/a> b\u016btum\u0117te ram\u016bs[\/cg_accordion]\n[cg_accordion title=\"KOKYB\u0116S U\u017dTIKRINIMAS IR BANDYMAI PRIE\u0160 I\u0160SIUNTIM\u0104\"]<\/p>\n<p>Auk\u0161\u010diausio lygio klient\u0173 pasitenkinimo u\u017etikrinimas: Prie\u0161 i\u0161siun\u010diant kiekvien\u0105 prietais\u0105 atliekamas grie\u017etas testavimas ir daugiapakopis kokyb\u0117s u\u017etikrinimas. M\u016bs\u0173 komanda tikrina veikim\u0105, funkcionalum\u0105 ir komponent\u0173 vientisum\u0105, kad u\u017etikrintume, jog j\u016bs\u0173 GPD prietaisas bus visi\u0161kai tvarkingas, o j\u016bs gal\u0117site b\u016bti ram\u016bs ir tikri. [\/cg_accordion]\n[cg_accordion title=\"KAINOS, MOKES\u010cIAI IR PRISTATYMAS\"]<\/p>\n<p><strong><u>Pastaba:<\/u><\/strong><\/p>\n<ul>\n<li>Jungtini\u0173 Amerikos Valstij\u0173 klientai: \u012e rodom\u0105 kain\u0105 N\u0116RA \u012fskai\u010diuoti mokes\u010diai ir muitai. Atsakomyb\u0117 i\u0161muitinti muitin\u0119 ir sumok\u0117ti visus susijusius mokes\u010dius ir muitus tenka klientui. <\/li>\n<li>ES klientai: \u012e nurodyt\u0105 kain\u0105 \u012fskai\u010diuoti taikomi mokes\u010diai, kurie, priklausomai nuo j\u016bs\u0173 \u0161alies, gali siekti iki 25 %.<\/li>\n<li>Kanados klientai: \u012e nurodyt\u0105 kain\u0105 \u012fskai\u010diuoti taikomi mokes\u010diai, kurie, priklausomai nuo j\u016bs\u0173 provincijos, gali apimti 5 % GPM ir papildomus provincijos pardavimo mokes\u010dius (PST), suderint\u0105 pardavimo mokest\u012f (HST) arba Kvebeko pardavimo mokest\u012f (QST).<\/li>\n<\/ul>\n<p>M\u016bs\u0173 JAV klientams: U\u017esakymai i\u0161siun\u010diami DAP (pristatomi vietoje). Nors klientai yra atsakingi u\u017e vis\u0173 taikom\u0173 tarif\u0173 sumok\u0117jim\u0105, mes remiam\u0117s savo didele siuntimo i\u0161 Jungtin\u0117s Karalyst\u0117s patirtimi, kad u\u017etikrintume, jog mok\u0117site kuo ma\u017eesn\u012f mokest\u012f. Remiantis m\u016bs\u0173 duomenimis, \u0161ie mokes\u010diai paprastai nevir\u0161ija 10 % prek\u0117s vert\u0117s.  <\/p>\n<p><strong>TIK ES klientams:<\/strong> Express DDP (pristatoma sumok\u0117jus muit\u0105). Tai rei\u0161kia: <\/p>\n<ul>\n<li>Visi muitai ir mokes\u010diai \u012fskai\u010diuoti \u012f produkto puslapyje nurodyt\u0105 kain\u0105.<\/li>\n<li>Pristatymo metu jums nereik\u0117s mok\u0117ti joki\u0173 papildom\u0173 mokes\u010di\u0173.<\/li>\n<li>Retais atvejais, kai kyla su muitine susijusi\u0173 problem\u0173, m\u016bs\u0173 komanda pasir\u016bpins muitin\u0117s formalumais j\u016bs\u0173 vardu, kad b\u016bt\u0173 u\u017etikrintas sklandus pristatymas.<\/li>\n<p>Svarbi informacija apie gr\u0105\u017einim\u0105:<\/p>\n<li>Jei nuspr\u0119site gr\u0105\u017einti u\u017esakym\u0105 arba pra\u0161ysite gr\u0105\u017einti pinigus, tur\u0117kite omenyje, kad mokes\u010diai ir muitai, sumok\u0117ti u\u017e jus pagal DDP s\u0105lygas, negali b\u016bti gr\u0105\u017einami.<\/li>\n<p>I\u0161samesn\u0117s informacijos rasite m\u016bs\u0173 <a href=\"https:\/\/droix.net\/terms-and-conditions\/\" target=\"_blank\" rel=\"nofollow noopener\">s\u0105lygose ir nuostatose<\/a>.\n<\/ul>\n<p>[\/cg_accordion]\n[cg_accordion title=\"KLIENT\u0172 APTARNAVIMAS\"]<\/p>\n<p>Turite klausim\u0105? U\u017etenka para\u0161yti trump\u0105j\u0105 \u017einut\u0119 ir j\u016bs\u0173 klausimas bus i\u0161spr\u0119stas! <\/p>\n<p>I\u0161samesn\u0117s informacijos rasite m\u016bs\u0173 <a href=\"https:\/\/gpdstore.net\/terms-of-service\/\" target=\"_blank\" rel=\"nofollow noopener\">s\u0105lygose ir nuostatose<\/a>.\n<\/ul>\n<p>[\/cg_accordion]\n[cg_accordion title=\"KAS \u012eTRAUKTA\"]<\/p>\n<ul>\n<li>1x &#8220;Biwin RD510 Mini SSD&#8221; skaitytuvas<\/li>\n<\/ul>\n<p>[\/cg_accordion]\n","protected":false},"featured_media":1276032,"template":"","meta":{"_acf_changed":false},"product_brand":[],"product_cat":[5396],"product_tag":[],"woo-feed-brand":[],"class_list":{"0":"post-1276014","1":"product","2":"type-product","3":"status-publish","4":"has-post-thumbnail","6":"product_cat-priedai","7":"product_shipping_class-low-end","9":"pa_brand-biwin","11":"first","12":"outofstock","13":"sale","14":"taxable","15":"shipping-taxable","16":"purchasable","17":"product-type-simple"},"acf":[],"aioseo_notices":[],"_links":{"self":[{"href":"https:\/\/gpdstore.net\/lt\/wp-json\/wp\/v2\/product\/1276014","targetHints":{"allow":["GET"]}}],"collection":[{"href":"https:\/\/gpdstore.net\/lt\/wp-json\/wp\/v2\/product"}],"about":[{"href":"https:\/\/gpdstore.net\/lt\/wp-json\/wp\/v2\/types\/product"}],"wp:featuredmedia":[{"embeddable":true,"href":"https:\/\/gpdstore.net\/lt\/wp-json\/wp\/v2\/media\/1276032"}],"wp:attachment":[{"href":"https:\/\/gpdstore.net\/lt\/wp-json\/wp\/v2\/media?parent=1276014"}],"wp:term":[{"taxonomy":"product_brand","embeddable":true,"href":"https:\/\/gpdstore.net\/lt\/wp-json\/wp\/v2\/product_brand?post=1276014"},{"taxonomy":"product_cat","embeddable":true,"href":"https:\/\/gpdstore.net\/lt\/wp-json\/wp\/v2\/product_cat?post=1276014"},{"taxonomy":"product_tag","embeddable":true,"href":"https:\/\/gpdstore.net\/lt\/wp-json\/wp\/v2\/product_tag?post=1276014"},{"taxonomy":"woo-feed-brand","embeddable":true,"href":"https:\/\/gpdstore.net\/lt\/wp-json\/wp\/v2\/woo-feed-brand?post=1276014"}],"curies":[{"name":"wp","href":"https:\/\/api.w.org\/{rel}","templated":true}]}}