{"id":1258226,"date":"2025-10-21T14:46:01","date_gmt":"2025-10-21T14:46:01","guid":{"rendered":"https:\/\/gpdstore.net\/product\/gpd-win-5-prijungimo-stotis\/"},"modified":"2026-01-19T15:05:27","modified_gmt":"2026-01-19T15:05:27","slug":"gpd-win-5-docking-station","status":"publish","type":"product","link":"https:\/\/gpdstore.net\/lt\/product\/gpd-win-5-docking-station\/","title":{"rendered":"GPD WIN 5 prijungimo stotis"},"content":{"rendered":"\n<p>&#8221; <strong>GPD WIN 5&#8243; prijungimo stotel\u0117 (<\/strong> da\u017enai vadinama &#8220;Smart Dock&#8221;) &#8211; tai pagrindinis stalinis mazgas, skirtas i\u0161naudoti visas j\u016bs\u0173 GPD WIN 5 <a href=\"https:\/\/gpdstore.net\/lt\/product\/gpd-win-5\/\" target=\"_blank\" rel=\"noopener\" title=\"\">delninio \u017eaidim\u0173 kompiuterio galimybes .<\/a> Ne\u0161iojam\u0105j\u012f maitinimo \u0161altin\u012f paverskite pilnaverte stalinio kompiuterio \u017eaidim\u0173 ir produktyvumo s\u0105ranka, naudodami vien\u0105 paprast\u0105 jungt\u012f, u\u017etikrinan\u010di\u0105 maksimal\u0173 energijos tiekim\u0105 ir skland\u017ei\u0105 periferini\u0173 \u012frengini\u0173 integracij\u0105.<\/p>\n\n<hr class=\"wp-block-separator has-alpha-channel-opacity\"\/>\n\n<h2 class=\"wp-block-heading\">Pagrindin\u0117s savyb\u0117s:<\/h2>\n\n<p>\u26a1 Maksimalus <strong>energijos tiekimas, u\u017etikrinantis did\u017eiausi\u0105 na\u0161um\u0105 Doko stotel\u0117 skirta<\/strong> prijungti prie GPD WIN 5 specialaus maitinimo prievado, kad \u012frenginys gal\u0117t\u0173 veikti naudodamas vis\u0105 100 W \u012fkroviklio gali\u0105. Tai leid\u017eia didelio na\u0161umo &#8220;Strix Halo APU&#8221; palaikyti maksimal\u0173 TDP, kad b\u016bt\u0173 galima pasiekti stalini\u0173 kompiuteri\u0173 klas\u0117s kadr\u0173 da\u017en\u012f be \u0161iluminio droseliavimo. <\/p>\n\n<p>\ud83d\udcbb Akimirksniu <strong>pakeiskite stalin\u012f kompiuter\u012f Lengvai prijunkite<\/strong> GPD WIN 5 ir i\u0161 karto prijunkite visus stalinio kompiuterio periferinius \u012frenginius.<sup><\/sup> Paverskite savo ne\u0161iojam\u0105j\u012f pultel\u012f \u012f visavert\u012f &#8220;Windows 11&#8221; kompiuter\u012f, paruo\u0161t\u0105 konkurencingiems \u017eaidimams, darbui ar medijos vartojimui.<sup><\/sup><\/p>\n\n<p>\ud83d\udda5\ufe0f <strong>Didel\u0117s spartos 4K ekrano i\u0161vestis Tur\u0117damas<\/strong> special\u0173 <strong>HDMI 2.1 prievad\u0105, &#8220;Smart<\/strong> Dock <strong>&#8220;<\/strong> gali perduoti iki 4K rai\u0161kos <strong>vaizd\u0105 <sup><\/sup>144<\/strong> Hz <strong>da\u017eniu<\/strong> \u012f i\u0161orin\u012f \u017eaidim\u0173 monitori\u0173 arba televizori\u0173, kad b\u016bt\u0173 galima m\u0117gautis sviestinio \u0161velnumo ir didelio tikslumo vaizdu, prilygstan\u010diu tradiciniams staliniams kompiuteriams.<sup><\/sup><\/p>\n\n<p><strong>\ud83d\udd0c Visapusi\u0161ka \u012fvesties \/ i\u0161vesties i\u0161pl\u0117timo galimyb\u0117 \u017denkliai<\/strong> i\u0161pl\u0117skite jung\u010di\u0173 galimybes, kad gal\u0117tum\u0117te pritaikyti visus savo \u017eaidim\u0173 ir darbo \u012frenginius:<\/p>\n\n<ul class=\"wp-block-list\">\n<li><strong>1x HDMI 2.1 prievadas:<\/strong> Skirtas didel\u0117s rai\u0161kos, didel\u0117s atnaujinimo spartos ekrano i\u0161\u0117jimui.<\/li>\n\n\n\n<li><strong>3x A tipo USB prievadai:<\/strong> Prijunkite i\u0161orines klaviat\u016bras, peles, atmintines ir kitus periferinius \u012frenginius.<\/li>\n\n\n\n<li><strong>1x Ethernet prievadas (RJ45):<\/strong> U\u017etikrina ma\u017eo v\u0117lavimo ir stabil\u0173 laidin\u012f ry\u0161\u012f konkurencingiems internetiniams \u017eaidimams.<\/li>\n\n\n\n<li><strong>1x C tipo USB prievadas:<\/strong> Duomen\u0173 arba papildom\u0173 periferini\u0173 \u012frengini\u0173 prijungimui.<\/li>\n<\/ul>\n\n<p>\ud83d\udd0b <strong>I\u0161manusis lop\u0161ys<\/strong> &#8220;viskas viename&#8221; <strong>Unikalios konstrukcijos lop\u0161ys<\/strong> atlieka ir saugaus stovo, ir maitinimo \u0161akotuvo funkcij\u0105. Jis u\u017etikrina stabili\u0105, vertikali\u0105 GPD WIN 5 atramos viet\u0105, tuo pat metu aktyviai \u012fkrauna sistem\u0105 ir tiekia reikiam\u0105 energij\u0105 ilgalaikiams didelio na\u0161umo \u017eaidimams. <\/p>\n\n<h2 class=\"wp-block-heading\">Kod\u0117l verta rinktis GPD WIN 5 dokin\u0119 stot\u012f?<\/h2>\n\n<p>GPD WIN 5 sukurtas kaip stalinio kompiuterio pakaitalas, o \u0161is i\u0161manusis dokas yra tiltas. Jis pa\u0161alina kabeli\u0173 netvark\u0105 ir u\u017etikrina, kad galingas &#8220;Strix Halo&#8221; lustas gaut\u0173 vis\u0105 100 W gali\u0105, reikaling\u0105 RTX 4060 klas\u0117s na\u0161umui dideliame ekrane u\u017etikrinti. Tai yra b\u016btinas priedas, u\u017etikrinantis auk\u0161\u010diausio lygio &#8220;plug-and-play&#8221; stalinio kompiuterio \u017eaidim\u0173 patirt\u012f. <\/p>\n\n<hr class=\"wp-block-separator has-alpha-channel-opacity\"\/>\n\n<h3 class=\"wp-block-heading\">Specifikacijos:<\/h3>\n\n<figure class=\"wp-block-table\"><table class=\"has-fixed-layout\"><thead><tr><td>I\u0161sami informacija<\/td><td>Specifikacija<\/td><\/tr><\/thead><tbody><tr><td><strong>Suderinamumas<\/strong><\/td><td>GPD WIN 5 rankinis \u017eaidim\u0173 kompiuteris<\/td><\/tr><tr><td><strong>Vaizdo i\u0161vestis<\/strong><\/td><td>1 \u00d7 HDMI 2.1 (iki 4K @144 Hz)<\/td><\/tr><tr><td><strong>USB prievadai<\/strong><\/td><td>3 \u00d7 A tipo USB, 1 \u00d7 C tipo USB<\/td><\/tr><tr><td><strong>Tinklas<\/strong><\/td><td>1\u00d7Eterneto prievadas (RJ45)<\/td><\/tr><tr><td><strong>Maitinimo \u012fvestis<\/strong><\/td><td>Statin\u0117s pakrov\u0117jas (skirtas 100 W GPD WIN 5 \u012fkrovikliui)<\/td><\/tr><tr><td><strong>Funkcija<\/strong><\/td><td>Dokavimo, \u012fkrovimo, ekrano i\u0161\u0117jimo, stovo<\/td><\/tr><\/tbody><\/table><\/figure>\n\n<p><\/p>\n","protected":false},"excerpt":{"rendered":"<ul>\n<li><strong>180 W galios pralaidumas:<\/strong> Suteikia maksimali\u0105 gali\u0105, kad b\u016bt\u0173 u\u017etikrintas maksimalus na\u0161umas.<\/li>\n<li><strong>Darbalaukio re\u017eimas:<\/strong> Akimirksniu delnin\u012f kompiuter\u012f paver\u010dia pilnaver\u010diu staliniu kompiuteriu.<\/li>\n<li><strong>4K ekrano i\u0161vestis:<\/strong> HDMI 2.1, kad b\u016bt\u0173 galima prijungti didel\u0117s skiriamosios gebos i\u0161orinius monitorius.<\/li>\n<li><strong>Laidiniai \u017eaidimai:<\/strong> Ethernet prievadas, kad gal\u0117tum\u0117te stabiliai ir be v\u0117lavim\u0173 \u017eaisti internetu.<\/li>\n<li><strong>Oficialus pritaikymas:<\/strong> Pagal u\u017esakym\u0105 sukurtas GPD priedas, skirtas WIN 5.<\/li>\n<\/ul>\n[cg_accordion title=\"INFORMACIJA APMOK\u0116JIMUI\"]<\/p>\n<p>Mes naudojame naujausias mok\u0117jimo apdorojimo technologijas, kurios leid\u017eia jums greitai ir saugiai atsiskaityti debeto\/kredito kortele arba &#8220;PayPal&#8221;.[\/cg_accordion]\n[cg_accordion title=\"GARANTIJA\"]<\/p>\n<p><a href=\"https:\/\/droix.net\/\" target=\"_blank\" rel=\"nofollow noopener\">DROIX Global suteikia 2 met\u0173 garantij\u0105, kad<\/a> b\u016btum\u0117te ram\u016bs[\/cg_accordion]\n[cg_accordion title=\"KOKYB\u0116S U\u017dTIKRINIMAS IR BANDYMAI PRIE\u0160 I\u0160SIUNTIM\u0104\"]<\/p>\n<p>Auk\u0161\u010diausio lygio klient\u0173 pasitenkinimo u\u017etikrinimas: Prie\u0161 i\u0161siun\u010diant kiekvien\u0105 prietais\u0105 atliekamas grie\u017etas testavimas ir daugiapakopis kokyb\u0117s u\u017etikrinimas. M\u016bs\u0173 komanda tikrina veikim\u0105, funkcionalum\u0105 ir komponent\u0173 vientisum\u0105, kad u\u017etikrintume, jog j\u016bs\u0173 GPD prietaisas bus visi\u0161kai tvarkingas, o j\u016bs gal\u0117site b\u016bti ram\u016bs ir tikri. [\/cg_accordion]\n[cg_accordion title=\"KAINOS, MOKES\u010cIAI IR PRISTATYMAS\"]<\/p>\n<p><strong><u>Pastaba:<\/u><\/strong><\/p>\n<ul>\n<li>Jungtini\u0173 Amerikos Valstij\u0173 klientai: \u012e rodom\u0105 kain\u0105 N\u0116RA \u012fskai\u010diuoti mokes\u010diai ir muitai. Atsakomyb\u0117 i\u0161muitinti muitin\u0119 ir sumok\u0117ti visus susijusius mokes\u010dius ir muitus tenka klientui. <\/li>\n<li>ES klientai: \u012e nurodyt\u0105 kain\u0105 \u012fskai\u010diuoti taikomi mokes\u010diai, kurie, priklausomai nuo j\u016bs\u0173 \u0161alies, gali siekti iki 25 %.<\/li>\n<li>Kanados klientai: \u012e nurodyt\u0105 kain\u0105 \u012fskai\u010diuoti taikomi mokes\u010diai, kurie, priklausomai nuo j\u016bs\u0173 provincijos, gali apimti 5 % GPM ir papildomus provincijos pardavimo mokes\u010dius (PST), suderint\u0105 pardavimo mokest\u012f (HST) arba Kvebeko pardavimo mokest\u012f (QST).<\/li>\n<\/ul>\n<p>M\u016bs\u0173 JAV klientams: U\u017esakymai i\u0161siun\u010diami DAP (pristatomi vietoje). Nors klientai yra atsakingi u\u017e vis\u0173 taikom\u0173 tarif\u0173 sumok\u0117jim\u0105, mes remiam\u0117s savo didele siuntimo i\u0161 Jungtin\u0117s Karalyst\u0117s patirtimi, kad u\u017etikrintume, jog mok\u0117site kuo ma\u017eesn\u012f mokest\u012f. Remiantis m\u016bs\u0173 duomenimis, \u0161ie mokes\u010diai paprastai nevir\u0161ija 10 % prek\u0117s vert\u0117s.  <\/p>\n<p><strong>TIK ES klientams:<\/strong> Express DDP (pristatoma sumok\u0117jus muit\u0105). Tai rei\u0161kia: <\/p>\n<ul>\n<li>Visi muitai ir mokes\u010diai \u012fskai\u010diuoti \u012f produkto puslapyje nurodyt\u0105 kain\u0105.<\/li>\n<li>Pristatymo metu jums nereik\u0117s mok\u0117ti joki\u0173 papildom\u0173 mokes\u010di\u0173.<\/li>\n<li>Retais atvejais, kai kyla su muitine susijusi\u0173 problem\u0173, m\u016bs\u0173 komanda pasir\u016bpins muitin\u0117s formalumais j\u016bs\u0173 vardu, kad b\u016bt\u0173 u\u017etikrintas sklandus pristatymas.<\/li>\n<p>Svarbi informacija apie gr\u0105\u017einim\u0105:<\/p>\n<li>Jei nuspr\u0119site gr\u0105\u017einti u\u017esakym\u0105 arba pra\u0161ysite gr\u0105\u017einti pinigus, tur\u0117kite omenyje, kad mokes\u010diai ir muitai, sumok\u0117ti u\u017e jus pagal DDP s\u0105lygas, negali b\u016bti gr\u0105\u017einami.<\/li>\n<p>I\u0161samesn\u0117s informacijos rasite m\u016bs\u0173 <a href=\"https:\/\/droix.net\/terms-and-conditions\/\" target=\"_blank\" rel=\"nofollow noopener\">s\u0105lygose ir nuostatose<\/a>.\n<\/ul>\n<p>[\/cg_accordion]\n[cg_accordion title=\"KLIENT\u0172 APTARNAVIMAS\"]<\/p>\n<p>Turite klausim\u0105? U\u017etenka para\u0161yti trump\u0105j\u0105 \u017einut\u0119 ir j\u016bs\u0173 klausimas bus i\u0161spr\u0119stas! <\/p>\n<p>I\u0161samesn\u0117s informacijos rasite m\u016bs\u0173 <a href=\"https:\/\/gpdstore.net\/lt\/terms-of-service\/\" target=\"_blank\" rel=\"nofollow noopener\">s\u0105lygose ir nuostatose<\/a>.\n<\/ul>\n<p>[\/cg_accordion]\n[cg_accordion title=\"KAS \u012eTRAUKTA\"]<\/p>\n<ul>\n<li>1x oficiali GPD WIN 5 prijungimo stotel\u0117<\/li>\n<\/ul>\n<p>[\/cg_accordion]\n","protected":false},"featured_media":1261027,"template":"","meta":{"_acf_changed":false},"product_brand":[],"product_cat":[5396],"product_tag":[],"woo-feed-brand":[],"class_list":{"0":"post-1258226","1":"product","2":"type-product","3":"status-publish","4":"has-post-thumbnail","6":"product_cat-priedai","7":"product_shipping_class-premium","8":"product_shipping_class-low-end","9":"pa_accessory-type-prisijungimo-stotis","10":"pa_brand-gpd","12":"first","13":"instock","14":"taxable","15":"shipping-taxable","16":"purchasable","17":"product-type-variable","18":"has-default-attributes"},"acf":[],"aioseo_notices":[],"_links":{"self":[{"href":"https:\/\/gpdstore.net\/lt\/wp-json\/wp\/v2\/product\/1258226","targetHints":{"allow":["GET"]}}],"collection":[{"href":"https:\/\/gpdstore.net\/lt\/wp-json\/wp\/v2\/product"}],"about":[{"href":"https:\/\/gpdstore.net\/lt\/wp-json\/wp\/v2\/types\/product"}],"wp:featuredmedia":[{"embeddable":true,"href":"https:\/\/gpdstore.net\/lt\/wp-json\/wp\/v2\/media\/1261027"}],"wp:attachment":[{"href":"https:\/\/gpdstore.net\/lt\/wp-json\/wp\/v2\/media?parent=1258226"}],"wp:term":[{"taxonomy":"product_brand","embeddable":true,"href":"https:\/\/gpdstore.net\/lt\/wp-json\/wp\/v2\/product_brand?post=1258226"},{"taxonomy":"product_cat","embeddable":true,"href":"https:\/\/gpdstore.net\/lt\/wp-json\/wp\/v2\/product_cat?post=1258226"},{"taxonomy":"product_tag","embeddable":true,"href":"https:\/\/gpdstore.net\/lt\/wp-json\/wp\/v2\/product_tag?post=1258226"},{"taxonomy":"woo-feed-brand","embeddable":true,"href":"https:\/\/gpdstore.net\/lt\/wp-json\/wp\/v2\/woo-feed-brand?post=1258226"}],"curies":[{"name":"wp","href":"https:\/\/api.w.org\/{rel}","templated":true}]}}