{"id":1251768,"date":"2025-10-15T11:30:11","date_gmt":"2025-10-15T11:30:11","guid":{"rendered":"https:\/\/gpdstore.net\/product\/gpd-win-5-deklas\/"},"modified":"2026-01-19T15:04:42","modified_gmt":"2026-01-19T15:04:42","slug":"gpd-win-5-case","status":"publish","type":"product","link":"https:\/\/gpdstore.net\/lt\/product\/gpd-win-5-case\/","title":{"rendered":"GPD WIN 5 d\u0117klas"},"content":{"rendered":"\n<p><strong>GPD WIN 5 d\u0117klas &#8211; tai<\/strong> tvirtas, specialiai pritaikytas ir kelion\u0117ms pritaikytas korpusas, skirtas tik revoliuciniam GPD WIN 5GPD WIN 5 <strong>d\u0117klas &#8211; tai tvirtas<\/strong>, specialiai pritaikytas ir kelion\u0117ms pritaikytas <strong>korpusas<\/strong>, skirtas tik revoliuciniam GPD WIN 5 delniniam \u017eaidim\u0173 kompiuteriui. \u0160is d\u0117klas sukurtas taip, kad atlaikyt\u0173 kelion\u0117s sunkumus ir apsaugot\u0173 j\u016bs\u0173 didelio na\u0161umo kompiuter\u012f, naudojant auk\u0161\u010diausios kokyb\u0117s med\u017eiagas ir pa\u017eang\u0173 dizain\u0105, tod\u0117l jis u\u017etikrina maksimal\u0173 saugum\u0105 ir eleganti\u0161k\u0105 ne\u0161iojim\u0105 &#8211; puikiai tinka keliaujantiems elitiniams \u017eaid\u0117jams. <\/p>\n\n<hr class=\"wp-block-separator has-alpha-channel-opacity\"\/>\n\n<h3 class=\"wp-block-heading\">Pagrindin\u0117s savyb\u0117s:<\/h3>\n\n<p>\ud83c\udfae Pritaikyta <strong>apsauga GPD WIN 5<\/strong> \u0160is d\u0117klas, <strong>sukurtas<\/strong> i\u0161skirtinai GPD WIN 5, puikiai priglunda prie ne\u0161iojamojo \u012frenginio ir apsaugo j\u012f nuo jud\u0117jimo bei vidini\u0173 sm\u016bgi\u0173 pa\u017eeidim\u0173 transportavimo metu.<\/p>\n\n<p>\ud83d\udcbc Kietas <strong>korpusas Tvirta<\/strong> EVA kieto <strong>korpuso i\u0161or\u0117 u\u017etikrina geresn\u0119<\/strong> apsaug\u0105 nuo sm\u016bgi\u0173, kritim\u0173 ir \u012fbr\u0117\u017eim\u0173, apsaugodama konsol\u0119 ir jos galingus vidinius \u012frenginius bet kokioje sud\u0117tingoje kelion\u0117je.<sup><\/sup><\/p>\n\n<p><strong>\ud83d\udc5c Mink\u0161tas vidinis pamink\u0161tinimas Viduje esantis<\/strong> pliu\u0161inio audinio <strong>pamu\u0161alas ir sm\u016bgius sugerian\u010dios<\/strong> putos \u0161velniai pri\u017ei\u016bri konsol\u0119 ir jos didel\u012f 7 coli\u0173 ekran\u0105, apsaugo pavir\u0161i\u0173 nuo \u012fbr\u0117\u017eim\u0173 ir trinties.<\/p>\n\n<p>\ud83d\udd0b Modulinis <strong>pried\u0173 laikymo skyrius Turi<\/strong> erdv\u0173 vidin\u012f <strong>skyri\u0173, kuriame galima laikyti<\/strong> svarbiausius komponentus, pavyzd\u017eiui, nuimam\u0105 80Wh akumuliatori\u0173, 180 W maitinimo adapter\u012f ar kitus smulkius reikmenis, kad visa \u012franga b\u016bt\u0173 tvarkinga ir vienoje vietoje.<\/p>\n\n<p><strong>\ud83e\uddf2 Saugus u\u017esegimas u\u017etrauktuku<\/strong> Auk\u0161tos kokyb\u0117s <strong>u\u017etrauktukas tvirtai<\/strong> u\u017esegamas ir apsaugo <strong>d\u0117kl\u0105<\/strong>, tod\u0117l vertingas delninis kompiuteris bus saugus, nesvarbu, ar va\u017eiuojate \u012f darb\u0105, ar keliaujate, ar j\u012f laikote.<sup><\/sup><\/p>\n\n<p><strong>\ud83c\udf1f Plonas ir lengvas dizainas Nepaisant<\/strong> patikimos apsaugos, kompakti\u0161kas korpusas sukurtas taip, kad j\u012f b\u016bt\u0173 galima lengvai ne\u0161iotis. Lengvai \u012fsimeskite j\u012f \u012f kuprin\u0119 arba ne\u0161iokit\u0117s atskirai, \u017einodami, kad j\u016bs\u0173 \u017eaidim\u0173 galia yra saugi. <\/p>\n\n<hr class=\"wp-block-separator has-alpha-channel-opacity\"\/>\n\n<h3 class=\"wp-block-heading\">Kod\u0117l verta rinktis GPD WIN 5 d\u0117kl\u0105?<\/h3>\n\n<p>\u0160iame d\u0117kle, skirtame reikliausiems \u017eaid\u0117jams, suderintas tvirtas patvarumas ir kruop\u0161\u010diai apgalvota unikali\u0173 modulini\u0173 GPD WIN 5 komponent\u0173 ir galingo \u012fkroviklio saugykla. Nesvarbu, ar jungiat\u0117s prie didelio TDP seanso, ar \u017eaid\u017eiate neprisijung\u0119 prie elektros tinklo, GPD WIN 5 d\u0117klas yra idealus pagalbininkas, kad j\u016bs\u0173 &#8220;Strix Halo&#8221; ne\u0161iojamasis kompiuteris b\u016bt\u0173 saugus ir pasiruo\u0161\u0119s veikti. \ud83d\ude80<\/p>\n\n<hr class=\"wp-block-separator has-alpha-channel-opacity\"\/>\n\n<h3 class=\"wp-block-heading\">Specifikacijos:<\/h3>\n\n<figure class=\"wp-block-table\"><table class=\"has-fixed-layout\"><thead><tr><td>I\u0161sami informacija<\/td><td>Specifikacija<\/td><\/tr><\/thead><tbody><tr><td><strong>Med\u017eiaga<\/strong><\/td><td>EVA kietas apvalkalas + mink\u0161tas audinys<\/td><\/tr><tr><td><strong>Suderinamumas<\/strong><\/td><td><a href=\"https:\/\/gpdstore.net\/lt\/product\/gpd-win-5\/\" target=\"_blank\" rel=\"noopener\" title=\"\">GPD WIN 5 rankinis \u017eaidim\u0173 kompiuteris<\/a><\/td><\/tr><tr><td><strong>U\u017edarymo tipas<\/strong><\/td><td>U\u017etrauktukas<\/td><\/tr><tr><td><strong>Saugykla<\/strong><\/td><td>Vidin\u0117 tinklin\u0117 ki\u0161en\u0117 ir (arba) skyrius priedams (\u012fskaitant nuimam\u0105 akumuliatori\u0173 ir \u012fkrovikl\u012f)<\/td><\/tr><tr><td><strong>Matmenys<\/strong><\/td><td><strong>288 \u00d7 136 \u00d7 80 (25\/55) mm<\/strong><\/td><\/tr><\/tbody><\/table><\/figure>\n\n<p><\/p>\n","protected":false},"excerpt":{"rendered":"<ul>\n<li><strong>Oficialus pritaikymas:<\/strong> Sukurtas specialiai GPD WIN 5 delniniam kompiuteriui.<\/li>\n<li><strong>Saug\u016bs dir\u017eeliai:<\/strong> \u012erenginys ir jo i\u0161orinis akumuliatorius tvirtai laikosi savo vietoje.<\/li>\n<li><strong>Mink\u0161tas pamu\u0161alas:<\/strong> Apsauga nuo \u012fbr\u0117\u017eim\u0173 ir 7 coli\u0173 120 Hz ekrano apsauga.<\/li>\n<li><strong>Rankos dir\u017eelis:<\/strong> Tai leid\u017eia lengvai ir saugiai ne\u0161iotis kelion\u0117je.<\/li>\n<li><strong>Kietas apvalkalas:<\/strong> U\u017etikrina patvari\u0105, stand\u017ei\u0105 apsaug\u0105 j\u016bs\u0173 na\u0161iam \u017eaidim\u0173 kompiuteriui.<\/li>\n<\/ul>\n[cg_accordion title=\"INFORMACIJA APMOK\u0116JIMUI\"]<\/p>\n<p>Mes naudojame naujausias mok\u0117jimo apdorojimo technologijas, kurios leid\u017eia jums greitai ir saugiai atsiskaityti debeto\/kredito kortele arba &#8220;PayPal&#8221;.[\/cg_accordion]\n[cg_accordion title=\"GARANTIJA\"]<\/p>\n<p><a href=\"https:\/\/droix.net\/\" target=\"_blank\" rel=\"nofollow noopener\">DROIX Global suteikia 2 met\u0173 garantij\u0105, kad<\/a> b\u016btum\u0117te ram\u016bs[\/cg_accordion]\n[cg_accordion title=\"KOKYB\u0116S U\u017dTIKRINIMAS IR BANDYMAI PRIE\u0160 I\u0160SIUNTIM\u0104\"]<\/p>\n<p>Auk\u0161\u010diausio lygio klient\u0173 pasitenkinimo u\u017etikrinimas: Prie\u0161 i\u0161siun\u010diant kiekvien\u0105 prietais\u0105 atliekamas grie\u017etas testavimas ir daugiapakopis kokyb\u0117s u\u017etikrinimas. M\u016bs\u0173 komanda tikrina veikim\u0105, funkcionalum\u0105 ir komponent\u0173 vientisum\u0105, kad u\u017etikrintume, jog j\u016bs\u0173 GPD prietaisas bus visi\u0161kai tvarkingas, o j\u016bs gal\u0117site b\u016bti ram\u016bs ir tikri. [\/cg_accordion]\n[cg_accordion title=\"KAINOS, MOKES\u010cIAI IR PRISTATYMAS\"]<\/p>\n<p><strong><u>Pastaba:<\/u><\/strong><\/p>\n<ul>\n<li>Jungtini\u0173 Amerikos Valstij\u0173 klientai: \u012e rodom\u0105 kain\u0105 N\u0116RA \u012fskai\u010diuoti mokes\u010diai ir muitai. Atsakomyb\u0117 i\u0161muitinti muitin\u0119 ir sumok\u0117ti visus susijusius mokes\u010dius ir muitus tenka klientui. <\/li>\n<li>ES klientai: \u012e nurodyt\u0105 kain\u0105 \u012fskai\u010diuoti taikomi mokes\u010diai, kurie, priklausomai nuo j\u016bs\u0173 \u0161alies, gali siekti iki 25 %.<\/li>\n<li>Kanados klientai: \u012e nurodyt\u0105 kain\u0105 \u012fskai\u010diuoti taikomi mokes\u010diai, kurie, priklausomai nuo j\u016bs\u0173 provincijos, gali apimti 5 % GPM ir papildomus provincijos pardavimo mokes\u010dius (PST), suderint\u0105 pardavimo mokest\u012f (HST) arba Kvebeko pardavimo mokest\u012f (QST).<\/li>\n<\/ul>\n<p>M\u016bs\u0173 JAV klientams: U\u017esakymai i\u0161siun\u010diami DAP (pristatomi vietoje). Nors klientai yra atsakingi u\u017e vis\u0173 taikom\u0173 tarif\u0173 sumok\u0117jim\u0105, mes remiam\u0117s savo didele siuntimo i\u0161 Jungtin\u0117s Karalyst\u0117s patirtimi, kad u\u017etikrintume, jog mok\u0117site kuo ma\u017eesn\u012f mokest\u012f. Remiantis m\u016bs\u0173 duomenimis, \u0161ie mokes\u010diai paprastai nevir\u0161ija 10 % prek\u0117s vert\u0117s.  <\/p>\n<p><strong>TIK ES klientams:<\/strong> Express DDP (pristatoma sumok\u0117jus muit\u0105). Tai rei\u0161kia: <\/p>\n<ul>\n<li>Visi muitai ir mokes\u010diai \u012fskai\u010diuoti \u012f produkto puslapyje nurodyt\u0105 kain\u0105.<\/li>\n<li>Pristatymo metu jums nereik\u0117s mok\u0117ti joki\u0173 papildom\u0173 mokes\u010di\u0173.<\/li>\n<li>Retais atvejais, kai kyla su muitine susijusi\u0173 problem\u0173, m\u016bs\u0173 komanda pasir\u016bpins muitin\u0117s formalumais j\u016bs\u0173 vardu, kad b\u016bt\u0173 u\u017etikrintas sklandus pristatymas.<\/li>\n<p>Svarbi informacija apie gr\u0105\u017einim\u0105:<\/p>\n<li>Jei nuspr\u0119site gr\u0105\u017einti u\u017esakym\u0105 arba pra\u0161ysite gr\u0105\u017einti pinigus, tur\u0117kite omenyje, kad mokes\u010diai ir muitai, sumok\u0117ti u\u017e jus pagal DDP s\u0105lygas, negali b\u016bti gr\u0105\u017einami.<\/li>\n<p>I\u0161samesn\u0117s informacijos rasite m\u016bs\u0173 <a href=\"https:\/\/droix.net\/terms-and-conditions\/\" target=\"_blank\" rel=\"nofollow noopener\">s\u0105lygose ir nuostatose<\/a>.\n<\/ul>\n<p>[\/cg_accordion]\n[cg_accordion title=\"KLIENT\u0172 APTARNAVIMAS\"]<\/p>\n<p>Turite klausim\u0105? U\u017etenka para\u0161yti trump\u0105j\u0105 \u017einut\u0119 ir j\u016bs\u0173 klausimas bus i\u0161spr\u0119stas! <\/p>\n<p>I\u0161samesn\u0117s informacijos rasite m\u016bs\u0173 <a href=\"https:\/\/gpdstore.net\/lt\/terms-of-service\/\" target=\"_blank\" rel=\"nofollow noopener\">s\u0105lygose ir nuostatose<\/a>.\n<\/ul>\n<p>[\/cg_accordion]\n[cg_accordion title=\"KAS \u012eTRAUKTA\"]<\/p>\n<ul>\n<li>1x GPD WIN 5 d\u0117klas<\/li>\n<\/ul>\n<p>[\/cg_accordion]\n","protected":false},"featured_media":1250956,"template":"","meta":{"_acf_changed":false},"product_brand":[],"product_cat":[5396],"product_tag":[],"woo-feed-brand":[],"class_list":{"0":"post-1251768","1":"product","2":"type-product","3":"status-publish","4":"has-post-thumbnail","6":"product_cat-priedai","7":"product_shipping_class-low-end","8":"pa_accessory-type-apsauginis-deklas","9":"pa_brand-gpd","11":"first","12":"instock","13":"taxable","14":"shipping-taxable","15":"purchasable","16":"product-type-variable","17":"has-default-attributes"},"acf":[],"aioseo_notices":[],"_links":{"self":[{"href":"https:\/\/gpdstore.net\/lt\/wp-json\/wp\/v2\/product\/1251768","targetHints":{"allow":["GET"]}}],"collection":[{"href":"https:\/\/gpdstore.net\/lt\/wp-json\/wp\/v2\/product"}],"about":[{"href":"https:\/\/gpdstore.net\/lt\/wp-json\/wp\/v2\/types\/product"}],"wp:featuredmedia":[{"embeddable":true,"href":"https:\/\/gpdstore.net\/lt\/wp-json\/wp\/v2\/media\/1250956"}],"wp:attachment":[{"href":"https:\/\/gpdstore.net\/lt\/wp-json\/wp\/v2\/media?parent=1251768"}],"wp:term":[{"taxonomy":"product_brand","embeddable":true,"href":"https:\/\/gpdstore.net\/lt\/wp-json\/wp\/v2\/product_brand?post=1251768"},{"taxonomy":"product_cat","embeddable":true,"href":"https:\/\/gpdstore.net\/lt\/wp-json\/wp\/v2\/product_cat?post=1251768"},{"taxonomy":"product_tag","embeddable":true,"href":"https:\/\/gpdstore.net\/lt\/wp-json\/wp\/v2\/product_tag?post=1251768"},{"taxonomy":"woo-feed-brand","embeddable":true,"href":"https:\/\/gpdstore.net\/lt\/wp-json\/wp\/v2\/woo-feed-brand?post=1251768"}],"curies":[{"name":"wp","href":"https:\/\/api.w.org\/{rel}","templated":true}]}}