{"id":120316,"date":"2024-07-12T12:39:31","date_gmt":"2024-07-12T12:39:31","guid":{"rendered":"https:\/\/gpdstore.net\/be-kategorijos\/156-coliu-4k-nesiojamasis-monitorius-su-plunksnos-palaikymu\/"},"modified":"2025-12-23T10:14:17","modified_gmt":"2025-12-23T10:14:17","slug":"15-6-4k-portable-monitor-with-stylus-support","status":"publish","type":"product","link":"https:\/\/gpdstore.net\/lt\/product\/15-6-4k-portable-monitor-with-stylus-support\/","title":{"rendered":"15,6 coli\u0173 4K ne\u0161iojamasis monitorius su plunksnos palaikymu"},"content":{"rendered":"\n<p>Pristatome 15,6 coli\u0173 4K ne\u0161iojam\u0105j\u012f monitori\u0173: Padidinkite savo mobiliojo vaizdo \u017ei\u016br\u0117jimo patirt\u012f<\/p>\n\n<p>Atraskite nauj\u0105 ne\u0161iojam\u0173j\u0173 ekran\u0173 standart\u0105 su 15,6 coli\u0173 4K ne\u0161iojamuoju monitoriumi. \u0160is pa\u017eangiausias ekranas sukurtas tiems, kuriems reikia geriausio vaizdo na\u0161umo ir lankstumo, tod\u0117l jis i\u0161 naujo apibr\u0117\u017eia keliavimo kompiuterio savybes. Nesvarbu, ar esate skaitmeninis klajoklis, fotografas, ar dizaineris, tai j\u016bs\u0173 vartai \u012f skland\u0173 produktyvum\u0105 ir \u012ftraukian\u010dias pramogas, kad ir kur keliautum\u0117te.<\/p>\n\n<p>\u012etraukiantis 4K UHD ekranas: J\u016bs\u0173 mobilusis langas \u012f spindes\u012f<\/p>\n\n<p>Patirkite kvap\u0105 gniau\u017eiant\u012f ry\u0161kum\u0105 15,6 coli\u0173 4K UHD ekrane. G+G visi\u0161kai laminuotas jutiklinis ekranas ir 16:9 pla\u010diaekranis ekranas, jo LED ap\u0161vietimo technologija u\u017etikrina ry\u0161kias spalvas ir ry\u0161kius kontrastus, kad turinys i\u0161siskirt\u0173 i\u0161 ekrano. 3840 x 2160 ta\u0161k\u0173 rai\u0161ka ir 10 bit\u0173 spalv\u0173 gylis u\u017etikrina neprilygstam\u0105 detalum\u0105, tod\u0117l idealiai tinka 4K medijos per\u017ei\u016brai, nuotrauk\u0173 redagavimui ar grafinio dizaino projektams.<\/p>\n\n<p>Eleganti\u0161kas dizainas, intuityvus jutiklinis ekranas: Sukurtas lengvai s\u0105veikai<\/p>\n\n<p>Monitorius pagamintas i\u0161 auk\u0161\u010diausios kokyb\u0117s aliuminio lydinio, tod\u0117l jis pasi\u017eymi ilgaam\u017ei\u0161kumu ir aptakiu profiliu. D\u0117l siauro apvado dizaino maksimaliai padidinama ekrano erdv\u0117 ir sukuriama \u012ftraukianti vaizdin\u0117 patirtis. Jautriame talpiame 10 ta\u0161k\u0173 jutikliniame ekrane nar\u0161ymas po meniu, nuotrauk\u0173 redagavimas ar id\u0117j\u0173 eskizavimas yra nat\u016bralus ir intuityvus.<\/p>\n\n<p>Didesnis \u017ei\u016br\u0117jimo malonumas: puikus vaizdas i\u0161 kiekvieno kampo<\/p>\n\n<p>D\u0117l plataus 15,6 colio skydelio su pla\u010diais 85 laipsni\u0173 \u017ei\u016br\u0117jimo kampais be vargo bendrinkite vaizd\u0105 ekrane neprarasdami vaizdo kokyb\u0117s. Didelis kontrasto santykis (1500:1) ir ry\u0161kumas (600 cd\/m2) u\u017etikrina sodri\u0105 juod\u0105 spalv\u0105 ir ry\u0161kias spalvas net gerai ap\u0161viestoje aplinkoje.<\/p>\n\n<p>Sklandus ry\u0161ys, didesnis universalumas<\/p>\n\n<p>Sujungti galima be vargo &#8211; HDMI mini ir C tipo prievadai vaizdo ir energijos perdavimui, suderinami su i\u0161maniaisiais telefonais, ne\u0161iojamaisiais kompiuteriais ir \u017eaidim\u0173 konsol\u0117mis, pavyzd\u017eiui, &#8220;PlayStation 5&#8221; ir &#8220;Xbox&#8221;. D\u0117l &#8220;micro-USB&#8221; prievado jis lengvai virsta darbo stotimi.<\/p>\n\n<p>I\u0161laisvinkite k\u016brybi\u0161kum\u0105 ir tikslum\u0105<\/p>\n\n<p>K\u016brybingiems profesionalams skirtas monitorius palaiko 4096 sl\u0117gio ra\u0161ikl\u012f (parduodamas atskirai), tod\u0117l juo galima tiksliai valdyti eskizus, u\u017era\u0161us ar nat\u016braliai redaguoti nuotraukas.<\/p>\n\n<p>Ne\u0161iojamoji j\u0117gain\u0117: Dirbkite ir \u017eaiskite be apribojim\u0173<\/p>\n\n<p>Su integruotu 10000 mAh akumuliatoriumi galite m\u0117gautis 4-5 valandomis nepertraukiamo naudojimo &#8211; tai puikiai tinka darbui kelyje arba m\u0117gstam\u0173 laid\u0173 \u017ei\u016br\u0117jimui. Kompakti\u0161kas ir lengvas, tod\u0117l lengvai \u012fsimesite j\u012f \u012f rankin\u0119, kad didel\u0117s rai\u0161kos produktyvumas ir pramogos visada b\u016bt\u0173 po ranka.<\/p>\n\n<p>Padidinkite savo produktyvum\u0105 ir pramogas<\/p>\n\n<p>Skland\u017eiai i\u0161pl\u0117skite ekrano plot\u0105, kad gal\u0117tum\u0117te atlikti daug u\u017eduo\u010di\u0173, prijunkite \u017eaidim\u0173 konsoles ir m\u0117gaukit\u0117s \u012fsp\u016bdingais 4K UHD rai\u0161kos filmais &#8211; \u0161is monitorius kiekvien\u0105 u\u017eduot\u012f paver\u010dia i\u0161skirtine patirtimi.<\/p>\n\n<p>Turtingas garsas, patikimas suderinamumas<\/p>\n\n<p>Du \u012fmontuoti garsiakalbiai skleid\u017eia sodr\u0173 gars\u0105, tod\u0117l \u017ei\u016br\u0117dami filmus, \u017eaisdami ar klausydamiesi muzikos patirsite didesn\u012f malonum\u0105. Jis suderinamas su \u012fvairiais HDMI ir C tipo \u012frenginiais, tod\u0117l lengvai prisitaiko prie j\u016bs\u0173 poreiki\u0173.<\/p>\n\n<p>Skirta profesionalams: Kur tikslumas atitinka na\u0161um\u0105<\/p>\n\n<p>Puikiai tinka fotografams ir grafikos dizaineriams, nes 4K UHD rai\u0161ka ir tikslus spalv\u0173 atk\u016brimas u\u017etikrina tikrovi\u0161k\u0105 vaizd\u0105. D\u0117l 100 % sRGB apr\u0117pties ir 10 bit\u0173 spalv\u0173 gylio jis atitinka net pa\u010di\u0173 reikliausi\u0173 profesional\u0173 reikalavimus.<\/p>\n\n<p>Nesud\u0117tinga s\u0105ranka, patikima konstrukcija<\/p>\n\n<p>Paprasta prijungti ir naudoti, tod\u0117l \u012frenginys \u012fdiegiamas per kelias sekundes &#8211; nereikia sud\u0117ting\u0173 instaliacij\u0173. Intuityv\u016bs valdikliai leid\u017eia be vargo pritaikyti tokius nustatymus kaip ry\u0161kumas ir kontrastas, u\u017etikrinant optimal\u0173 komfort\u0105 ilgai naudojant.<\/p>\n\n<p>Patvarus, stilingas ir pasireng\u0119s atei\u010diai<\/p>\n\n<p>D\u0117l eleganti\u0161ko aliuminio lydinio korpuso jis sukurtas taip, kad b\u016bt\u0173 patvarus, tod\u0117l u\u017etikrina patikim\u0105 apsaug\u0105 kasdieniam naudojimui ir kelion\u0117ms. Jo siaur\u0173 kra\u0161t\u0173 dizainas suderina estetik\u0105 ir funkcionalum\u0105, tod\u0117l \u017ei\u016br\u0117jimo malonumas bus maksimalus ir nebla\u0161kys j\u016bs\u0173 d\u0117mesio.<\/p>\n\n<p>I\u0161vados: 15,6 coli\u0173 4K ne\u0161iojamasis monitorius leid\u017eia i\u0161 naujo apibr\u0117\u017eti mobiliojo vaizdo per\u017ei\u016br\u0105<\/p>\n\n<p>I\u0161bandykite mobili\u0173j\u0173 ekran\u0173 ateit\u012f su 15,6 coli\u0173 4K ne\u0161iojamuoju monitoriumi &#8211; ai\u0161kumo, universalumo ir ne\u0161iojamumo \u0161edevru. Nesvarbu, ar kuriate, \u017eaid\u017eiate, ar m\u0117gaujat\u0117s pramogomis, jis u\u017etikrina neprilygstam\u0105 na\u0161um\u0105 visur, kur tik gyvenimas jus nuves.<\/p>\n\n<p>Privalumai:<\/p>\n\n<ul class=\"wp-block-list\">\n<li>Stulbinantis 4K UHD ekranas<\/li>\n\n\n\n<li>Intuityviojo jutiklinio ekrano funkcija<\/li>\n\n\n\n<li>Universalios ry\u0161io parinktys<\/li>\n\n\n\n<li>Lengvas ir ne\u0161iojamas dizainas<\/li>\n\n\n\n<li>Patvari ir stilinga konstrukcija<\/li>\n<\/ul>\n\n<p>Tr\u016bkumai:<\/p>\n\n<ul class=\"wp-block-list\">\n<li>Ra\u0161iklis su plunksna parduodamas atskirai<\/li>\n\n\n\n<li>Ribotas akumuliatoriaus veikimo laikas ilgesniam naudojimui<\/li>\n\n\n\n<li>Integruoti garsiakalbiai gali neatitikti audiofil\u0173 standart\u0173<\/li>\n<\/ul>\n\n\r\n<div class=\"wp-block-jetpack-tiled-gallery aligncenter is-style-rectangular\">\r\n<div class=\"tiled-gallery__gallery\">\r\n<div class=\"tiled-gallery__row\">\r\n<div class=\"tiled-gallery__col\" style=\"flex-basis: 55.49556%;\">\r\n<figure class=\"tiled-gallery__item\"><img decoding=\"async\" src=\"https:\/\/i2.wp.com\/droix.net\/wp-content\/uploads\/2023\/04\/S23B_5-MONITOR-MARKETING-IMAGE-DONE-2.jpg?ssl=1\" alt=\"\" data-height=\"1000\" data-id=\"157015\" data-link=\"https:\/\/droix.net\/?attachment_id=157015\" data-url=\"https:\/\/droix.net\/wp-content\/uploads\/2023\/04\/S23B_5-MONITOR-MARKETING-IMAGE-DONE-2.jpg\" data-width=\"1000\" data-amp-layout=\"responsive\"><\/figure>\r\n<\/div>\r\n<div class=\"tiled-gallery__col\" style=\"flex-basis: 44.50444%;\">\r\n<figure class=\"tiled-gallery__item\"><img decoding=\"async\" src=\"https:\/\/i0.wp.com\/droix.net\/wp-content\/uploads\/2023\/04\/S23B_5-MONITOR-MARKETING-IMAGE-DONE-1.jpg?ssl=1\" alt=\"\" data-height=\"619\" data-id=\"157010\" data-link=\"https:\/\/droix.net\/?attachment_id=157010\" data-url=\"https:\/\/droix.net\/wp-content\/uploads\/2023\/04\/S23B_5-MONITOR-MARKETING-IMAGE-DONE-1.jpg\" data-width=\"1000\" data-amp-layout=\"responsive\"><\/figure>\r\n<figure class=\"tiled-gallery__item\"><img decoding=\"async\" src=\"https:\/\/i2.wp.com\/droix.net\/wp-content\/uploads\/2023\/04\/S23B_5-MONITOR-MARKETING-IMAGE-DONE-3.jpg?ssl=1\" alt=\"\" data-height=\"619\" data-id=\"157020\" data-link=\"https:\/\/droix.net\/?attachment_id=157020\" data-url=\"https:\/\/droix.net\/wp-content\/uploads\/2023\/04\/S23B_5-MONITOR-MARKETING-IMAGE-DONE-3.jpg\" data-width=\"1000\" data-amp-layout=\"responsive\"><\/figure>\r\n<\/div>\r\n<\/div>\r\n<div class=\"tiled-gallery__row\">\r\n<div class=\"tiled-gallery__col\" style=\"flex-basis: 37.61498%;\">\r\n<figure class=\"tiled-gallery__item\"><img decoding=\"async\" src=\"https:\/\/i2.wp.com\/droix.net\/wp-content\/uploads\/2023\/04\/S23B_5-MONITOR-MARKETING-IMAGE-DONE-4.jpg?ssl=1\" alt=\"\" data-height=\"1000\" data-id=\"157025\" data-link=\"https:\/\/droix.net\/?attachment_id=157025\" data-url=\"https:\/\/droix.net\/wp-content\/uploads\/2023\/04\/S23B_5-MONITOR-MARKETING-IMAGE-DONE-4.jpg\" data-width=\"1000\" data-amp-layout=\"responsive\"><\/figure>\r\n<figure class=\"tiled-gallery__item\"><img decoding=\"async\" src=\"https:\/\/i0.wp.com\/droix.net\/wp-content\/uploads\/2023\/04\/S23B_5-MONITOR-MARKETING-IMAGE-DONE-5.jpg?ssl=1\" alt=\"\" data-height=\"619\" data-id=\"157030\" data-link=\"https:\/\/droix.net\/?attachment_id=157030\" data-url=\"https:\/\/droix.net\/wp-content\/uploads\/2023\/04\/S23B_5-MONITOR-MARKETING-IMAGE-DONE-5.jpg\" data-width=\"1000\" data-amp-layout=\"responsive\"><\/figure>\r\n<\/div>\r\n<div class=\"tiled-gallery__col\" style=\"flex-basis: 62.38502%;\">\r\n<figure class=\"tiled-gallery__item\"><img decoding=\"async\" src=\"https:\/\/i0.wp.com\/droix.net\/wp-content\/uploads\/2023\/04\/S23B_5-MONITOR-MARKETING-IMAGE-DONE-6.jpg?ssl=1\" alt=\"\" data-height=\"981\" data-id=\"157035\" data-link=\"https:\/\/droix.net\/?attachment_id=157035\" data-url=\"https:\/\/droix.net\/wp-content\/uploads\/2023\/04\/S23B_5-MONITOR-MARKETING-IMAGE-DONE-6.jpg\" data-width=\"1000\" data-amp-layout=\"responsive\"><\/figure>\r\n<\/div>\r\n<\/div>\r\n<div class=\"tiled-gallery__row\">\r\n<div class=\"tiled-gallery__col\" style=\"flex-basis: 33.33333%;\">\r\n<figure class=\"tiled-gallery__item\"><img decoding=\"async\" src=\"https:\/\/i1.wp.com\/droix.net\/wp-content\/uploads\/2023\/04\/S23B_5-MONITOR-MARKETING-IMAGE-DONE-7.jpg?ssl=1\" alt=\"\" data-height=\"1000\" data-id=\"157040\" data-link=\"https:\/\/droix.net\/?attachment_id=157040\" data-url=\"https:\/\/droix.net\/wp-content\/uploads\/2023\/04\/S23B_5-MONITOR-MARKETING-IMAGE-DONE-7.jpg\" data-width=\"1000\" data-amp-layout=\"responsive\"><\/figure>\r\n<\/div>\r\n<div class=\"tiled-gallery__col\" style=\"flex-basis: 33.33333%;\">\r\n<figure class=\"tiled-gallery__item\"><img decoding=\"async\" src=\"https:\/\/i1.wp.com\/droix.net\/wp-content\/uploads\/2023\/04\/S23B_5-MONITOR-MARKETING-IMAGE-DONE-8.jpg?ssl=1\" alt=\"\" data-height=\"1000\" data-id=\"157045\" data-link=\"https:\/\/droix.net\/?attachment_id=157045\" data-url=\"https:\/\/droix.net\/wp-content\/uploads\/2023\/04\/S23B_5-MONITOR-MARKETING-IMAGE-DONE-8.jpg\" data-width=\"1000\" data-amp-layout=\"responsive\"><\/figure>\r\n<\/div>\r\n<div class=\"tiled-gallery__col\" style=\"flex-basis: 33.33333%;\">\r\n<figure class=\"tiled-gallery__item\"><img decoding=\"async\" src=\"https:\/\/i1.wp.com\/droix.net\/wp-content\/uploads\/2023\/04\/S23B_5-MONITOR-MARKETING-IMAGE-DONE-9.jpg?ssl=1\" alt=\"\" data-height=\"1000\" data-id=\"157050\" data-link=\"https:\/\/droix.net\/?attachment_id=157050\" data-url=\"https:\/\/droix.net\/wp-content\/uploads\/2023\/04\/S23B_5-MONITOR-MARKETING-IMAGE-DONE-9.jpg\" data-width=\"1000\" data-amp-layout=\"responsive\"><\/figure>\r\n<\/div>\r\n<\/div>\r\n<div class=\"tiled-gallery__row\">\r\n<div class=\"tiled-gallery__col\" style=\"flex-basis: 50.00000%;\">\r\n<figure class=\"tiled-gallery__item\"><img decoding=\"async\" src=\"https:\/\/i0.wp.com\/droix.net\/wp-content\/uploads\/2023\/04\/S23B_5-MONITOR-MARKETING-IMAGE-DONE-10.jpg?ssl=1\" alt=\"\" data-height=\"1000\" data-id=\"157055\" data-link=\"https:\/\/droix.net\/?attachment_id=157055\" data-url=\"https:\/\/droix.net\/wp-content\/uploads\/2023\/04\/S23B_5-MONITOR-MARKETING-IMAGE-DONE-10.jpg\" data-width=\"1000\" data-amp-layout=\"responsive\"><\/figure>\r\n<\/div>\r\n<div class=\"tiled-gallery__col\" style=\"flex-basis: 50.00000%;\">\r\n<figure class=\"tiled-gallery__item\"><img decoding=\"async\" src=\"https:\/\/i0.wp.com\/droix.net\/wp-content\/uploads\/2023\/04\/S23B_5-MONITOR-MARKETING-IMAGE-DONE-11.jpg?ssl=1\" alt=\"\" data-height=\"1000\" data-id=\"157060\" data-link=\"https:\/\/droix.net\/?attachment_id=157060\" data-url=\"https:\/\/droix.net\/wp-content\/uploads\/2023\/04\/S23B_5-MONITOR-MARKETING-IMAGE-DONE-11.jpg\" data-width=\"1000\" data-amp-layout=\"responsive\"><\/figure>\r\n<\/div>\r\n<\/div>\r\n<div class=\"tiled-gallery__row\">\r\n<div class=\"tiled-gallery__col\" style=\"flex-basis: 29.89199%;\">\r\n<figure class=\"tiled-gallery__item\"><img decoding=\"async\" src=\"https:\/\/i2.wp.com\/droix.net\/wp-content\/uploads\/2023\/04\/S23B_5-MONITOR-MARKETING-IMAGE-DONE-12.jpg?ssl=1\" alt=\"\" data-height=\"619\" data-id=\"157065\" data-link=\"https:\/\/droix.net\/?attachment_id=157065\" data-url=\"https:\/\/droix.net\/wp-content\/uploads\/2023\/04\/S23B_5-MONITOR-MARKETING-IMAGE-DONE-12.jpg\" data-width=\"1000\" data-amp-layout=\"responsive\"><\/figure>\r\n<figure class=\"tiled-gallery__item\"><img decoding=\"async\" src=\"https:\/\/i1.wp.com\/droix.net\/wp-content\/uploads\/2023\/04\/S23B_5-MONITOR-MARKETING-IMAGE-DONE-13.jpg?ssl=1\" alt=\"\" data-height=\"1000\" data-id=\"157070\" data-link=\"https:\/\/droix.net\/?attachment_id=157070\" data-url=\"https:\/\/droix.net\/wp-content\/uploads\/2023\/04\/S23B_5-MONITOR-MARKETING-IMAGE-DONE-13.jpg\" data-width=\"1000\" data-amp-layout=\"responsive\"><\/figure>\r\n<figure class=\"tiled-gallery__item\"><img decoding=\"async\" src=\"https:\/\/i2.wp.com\/droix.net\/wp-content\/uploads\/2023\/04\/S23B_5-MONITOR-MARKETING-IMAGE-DONE-14.jpg?ssl=1\" alt=\"\" data-height=\"822\" data-id=\"157075\" data-link=\"https:\/\/droix.net\/?attachment_id=157075\" data-url=\"https:\/\/droix.net\/wp-content\/uploads\/2023\/04\/S23B_5-MONITOR-MARKETING-IMAGE-DONE-14.jpg\" data-width=\"1000\" data-amp-layout=\"responsive\"><\/figure>\r\n<\/div>\r\n<div class=\"tiled-gallery__col\" style=\"flex-basis: 70.10801%;\">\r\n<figure class=\"tiled-gallery__item\"><img decoding=\"async\" src=\"https:\/\/i1.wp.com\/droix.net\/wp-content\/uploads\/2023\/04\/S23B_5-MONITOR-MARKETING-IMAGE-DONE-15-977x1024.jpg?ssl=1\" alt=\"\" data-height=\"1048\" data-id=\"157080\" data-link=\"https:\/\/droix.net\/?attachment_id=157080\" data-url=\"https:\/\/droix.net\/wp-content\/uploads\/2023\/04\/S23B_5-MONITOR-MARKETING-IMAGE-DONE-15-977x1024.jpg\" data-width=\"1000\" data-amp-layout=\"responsive\"><\/figure>\r\n<\/div>\r\n<\/div>\r\n<div class=\"tiled-gallery__row\">\r\n<div class=\"tiled-gallery__col\" style=\"flex-basis: 54.96322%;\">\r\n<figure class=\"tiled-gallery__item\"><img decoding=\"async\" src=\"https:\/\/i0.wp.com\/droix.net\/wp-content\/uploads\/2023\/04\/S23B_5-MONITOR-MARKETING-IMAGE-DONE-16.jpg?ssl=1\" alt=\"\" data-height=\"787\" data-id=\"157085\" data-link=\"https:\/\/droix.net\/?attachment_id=157085\" data-url=\"https:\/\/droix.net\/wp-content\/uploads\/2023\/04\/S23B_5-MONITOR-MARKETING-IMAGE-DONE-16.jpg\" data-width=\"1000\" data-amp-layout=\"responsive\"><\/figure>\r\n<\/div>\r\n<div class=\"tiled-gallery__col\" style=\"flex-basis: 45.03678%;\">\r\n<figure class=\"tiled-gallery__item\"><img decoding=\"async\" src=\"https:\/\/i1.wp.com\/droix.net\/wp-content\/uploads\/2023\/04\/S23B_5-MONITOR-MARKETING-IMAGE-DONE-17.jpg?ssl=1\" alt=\"\" data-height=\"961\" data-id=\"157090\" data-link=\"https:\/\/droix.net\/?attachment_id=157090\" data-url=\"https:\/\/droix.net\/wp-content\/uploads\/2023\/04\/S23B_5-MONITOR-MARKETING-IMAGE-DONE-17.jpg\" data-width=\"1000\" data-amp-layout=\"responsive\"><\/figure>\r\n<\/div>\r\n<\/div>\r\n<\/div>\r\n<\/div>\r\n","protected":false},"excerpt":{"rendered":"<ul>\n<li>Jutiklinis ekranas, suderinamas su <strong>&#8220;MacOS<\/strong><\/li>\n<li>Jutiklinio ekrano funkcija <strong>\u012etrauktas ra\u0161iklis<\/strong><\/li>\n<li>Sulankstomas d\u0117klas kaip monitoriaus stovas<\/li>\n<li>Ne\u0161iojamas ir lengvas<\/li>\n<li><strong>Maitinamas per USB<\/strong>, palaiko mini-HDMI, C tipo USB<\/li>\n<\/ul>\n[cg_accordion title=\"INFORMACIJA APMOK\u0116JIMUI\"]<\/p>\n<p>Naudojame naujausias mok\u0117jimo apdorojimo technologijas, kurios leid\u017eia greitai ir saugiai atsiskaityti per &#8220;Apple Pay&#8221;, &#8220;Google Pay&#8221;, debeto \/ kredito kortel\u0119, &#8220;PayPal&#8221; arba BNPL metodus, tokius kaip &#8220;Klarna&#8221;, &#8220;Affirm&#8221; arba &#8220;AfterPay&#8221;.[\/cg_accordion]\n[cg_accordion title=\"GARANTIJA\"]<\/p>\n<p><a href=\"https:\/\/droix.net\/\" target=\"_blank\" rel=\"nofollow noopener\">DROIX Global suteikia 2 met\u0173 garantij\u0105, kad<\/a> b\u016btum\u0117te ram\u016bs[\/cg_accordion]\n[cg_accordion title=\"KAINOS, MOKES\u010cIAI IR PRISTATYMAS\"]<\/p>\n<p><strong><u>Pastaba:<\/u><\/strong><\/p>\n<ul>\n<li>Jungtini\u0173 Amerikos Valstij\u0173 klientai: \u012e rodom\u0105 kain\u0105 N\u0116RA \u012fskai\u010diuoti mokes\u010diai ir muitai. Atsakomyb\u0117 i\u0161muitinti muitin\u0119 ir sumok\u0117ti visus susijusius mokes\u010dius ir muitus tenka klientui. <\/li>\n<li>ES klientai: \u012e nurodyt\u0105 kain\u0105 \u012fskai\u010diuoti taikomi mokes\u010diai, kurie, priklausomai nuo j\u016bs\u0173 \u0161alies, gali siekti iki 25 %.<\/li>\n<li>Kanados klientai: \u012e nurodyt\u0105 kain\u0105 \u012fskai\u010diuoti taikomi mokes\u010diai, kurie, priklausomai nuo j\u016bs\u0173 provincijos, gali apimti 5 % GPM ir papildomus provincijos pardavimo mokes\u010dius (PST), suderint\u0105 pardavimo mokest\u012f (HST) arba Kvebeko pardavimo mokest\u012f (QST).<\/li>\n<\/ul>\n<p><strong>TIK ES klientams:<\/strong> Express DDP (pristatoma sumok\u0117jus muit\u0105). Tai rei\u0161kia: <\/p>\n<ul>\n<li>Visi muitai ir mokes\u010diai \u012fskai\u010diuoti \u012f produkto puslapyje nurodyt\u0105 kain\u0105.<\/li>\n<li>Pristatymo metu jums nereik\u0117s mok\u0117ti joki\u0173 papildom\u0173 mokes\u010di\u0173.<\/li>\n<li>Retais atvejais, kai kyla su muitine susijusi\u0173 problem\u0173, m\u016bs\u0173 komanda pasir\u016bpins muitin\u0117s formalumais j\u016bs\u0173 vardu, kad b\u016bt\u0173 u\u017etikrintas sklandus pristatymas.<\/li>\n<p>Svarbi informacija apie gr\u0105\u017einim\u0105:<\/p>\n<li>Jei nuspr\u0119site gr\u0105\u017einti u\u017esakym\u0105 arba pra\u0161ysite gr\u0105\u017einti pinigus, tur\u0117kite omenyje, kad mokes\u010diai ir muitai, sumok\u0117ti u\u017e jus pagal DDP s\u0105lygas, negali b\u016bti gr\u0105\u017einami.<\/li>\n<p>I\u0161samesn\u0117s informacijos rasite m\u016bs\u0173 <a href=\"https:\/\/gpdstore.net\/lt\/terms-of-service\/\" target=\"_blank\" rel=\"nofollow noopener\">s\u0105lygose ir nuostatose<\/a>.\n<\/ul>\n<p>[\/cg_accordion]\n[cg_accordion title=\"KLIENT\u0172 APTARNAVIMAS\"]<\/p>\n<p>Turite klausim\u0105? U\u017etenka para\u0161yti trump\u0105j\u0105 \u017einut\u0119 ir j\u016bs\u0173 klausimas bus i\u0161spr\u0119stas!<br \/>\n[\/cg_accordion]\n[cg_accordion title=\"KAS \u012eTRAUKTA\"]<\/p>\n<ul>\n<li>1x maitinimo ki\u0161tukas (ES \/ JAV)<\/li>\n<li>1x ra\u0161iklis<\/li>\n<li>1x naudotojo vadovas<\/li>\n<\/ul>\n<p>[\/cg_accordion]\n","protected":false},"featured_media":120384,"template":"","meta":{"_acf_changed":false},"product_brand":[],"product_cat":[5452],"product_tag":[5520,5455],"woo-feed-brand":[5456],"class_list":{"0":"post-120316","1":"product","2":"type-product","3":"status-publish","4":"has-post-thumbnail","6":"product_cat-nesiojamieji-monitoriai","7":"product_tag-30gpdsale-lt","8":"product_tag-droix-portable-monitor-lt","9":"product_shipping_class-standard","10":"pa_brand-droix","11":"woo-feed-brand-droix-lt","13":"first","14":"outofstock","15":"sale","16":"taxable","17":"shipping-taxable","18":"purchasable","19":"product-type-variable","20":"has-default-attributes"},"acf":[],"aioseo_notices":[],"_links":{"self":[{"href":"https:\/\/gpdstore.net\/lt\/wp-json\/wp\/v2\/product\/120316","targetHints":{"allow":["GET"]}}],"collection":[{"href":"https:\/\/gpdstore.net\/lt\/wp-json\/wp\/v2\/product"}],"about":[{"href":"https:\/\/gpdstore.net\/lt\/wp-json\/wp\/v2\/types\/product"}],"wp:featuredmedia":[{"embeddable":true,"href":"https:\/\/gpdstore.net\/lt\/wp-json\/wp\/v2\/media\/120384"}],"wp:attachment":[{"href":"https:\/\/gpdstore.net\/lt\/wp-json\/wp\/v2\/media?parent=120316"}],"wp:term":[{"taxonomy":"product_brand","embeddable":true,"href":"https:\/\/gpdstore.net\/lt\/wp-json\/wp\/v2\/product_brand?post=120316"},{"taxonomy":"product_cat","embeddable":true,"href":"https:\/\/gpdstore.net\/lt\/wp-json\/wp\/v2\/product_cat?post=120316"},{"taxonomy":"product_tag","embeddable":true,"href":"https:\/\/gpdstore.net\/lt\/wp-json\/wp\/v2\/product_tag?post=120316"},{"taxonomy":"woo-feed-brand","embeddable":true,"href":"https:\/\/gpdstore.net\/lt\/wp-json\/wp\/v2\/woo-feed-brand?post=120316"}],"curies":[{"name":"wp","href":"https:\/\/api.w.org\/{rel}","templated":true}]}}