{"id":1199207,"date":"2025-10-08T14:34:02","date_gmt":"2025-10-08T14:34:02","guid":{"rendered":"https:\/\/gpdstore.net\/product\/biwin-mini-ssd\/"},"modified":"2026-01-19T15:04:03","modified_gmt":"2026-01-19T15:04:03","slug":"biwin-mini-ssd","status":"publish","type":"product","link":"https:\/\/gpdstore.net\/lt\/product\/biwin-mini-ssd\/","title":{"rendered":"BIWIN mini SSD"},"content":{"rendered":"\n<h2 class=\"wp-block-heading\"><strong>I\u0161laisvinkite tikr\u0105j\u012f \u012frenginio potencial\u0105<\/strong><\/h2>\n\n<p>Elitini\u0173 technologij\u0173 pasaulyje greitis yra svarbiausia. BIWIN Mini SSD &#8211; tai bekompromis\u0117s galios pavyzdys, sukurtas naudojant PCIe Gen4x2 technologij\u0105, kad pasiekt\u0173 stulbinan\u010di\u0105 teorin\u0119 3700 <strong>MB\/s<\/strong> spart\u0105 <strong>.<\/strong><sup><\/sup> Tai ne tik patobulinimas &#8211; tai revoliucija ma\u017eesn\u0117je nei pa\u0161to \u017eenklas pakuot\u0117je. <\/p>\n\n<p>Naujos kartos delnini\u0173 kompiuteri\u0173, toki\u0173 kaip <a href=\"https:\/\/gpdstore.net\/lt\/product\/gpd-win-5\/\" target=\"_blank\" rel=\"noopener\" title=\"\">GPD WIN 5,<\/a> naudotojams BIWIN Mini SSD yra raktas \u012f did\u017eiausi\u0105 \u012frenginio saugojimo spart\u0105. Nors \u0161iuose \u012frenginiuose naudojamas &#8220;PCIe 4&#215;1&#8221; lizdas, m\u016bs\u0173 &#8220;Mini SSD&#8221; vis tiek u\u017etikrina kvap\u0105 gniau\u017eiant\u012f ~ <strong>1700 MB\/s real\u0173 na\u0161um\u0105<\/strong> &#8211; jis lenkia bet kurios &#8220;microSD&#8221; kortel\u0117s greit\u012f ir u\u017etikrina, kad \u017eaidimai b\u016bt\u0173 \u012fkeliami akimirksniu.<\/p>\n\n<p>IP68 <strong>atsparumo vandeniui ir<\/strong> <strong>3 metr\u0173 kritimui atsparus korpusas<\/strong> yra pritaikytas ekstremalioms s\u0105lygoms, tod\u0117l \u0161i galia suderinama su legendiniu patvarumu.<sup><\/sup> Iki <strong>2 TB talpos<\/strong> BIWIN Mini SSD yra geriausias, bekompromisis saugojimo sprendimas tiems, kurie reikalauja absoliu\u010diai geriausio.<\/p>\n","protected":false},"excerpt":{"rendered":"<ul>\n<li>S\u0105saja: <strong>PCIe Gen4x2 su<\/strong> **NVMe 1.4** protokolu<\/li>\n<li>Formos faktorius: <strong>Itin kompakti\u0161kas LGA paketas (<\/strong> 15,0 mm \u00d7 17,0 mm \u00d7 1,4 mm)<\/li>\n<li>Veikimas: Iki **3 700 MB\/s skaitymui** \/ iki **3 400 MB\/s \u012fra\u0161ymui**<\/li>\n<li>Talpa: 512 GB, 1 TB arba 2 TB 3D TLC NAND<\/li>\n<li>Patvarumas: <strong>IP68<\/strong> atsparumas <strong>dulk\u0117ms<\/strong> ir vandeniui \/ **3 metr\u0173 kritimas** I\u0161likimas<\/li>\n<li>Technologijos: Dinamin\u0117 **SLC spartinan\u010dioji atmintis** ir **D\u0117v\u0117jimo i\u0161lyginimas**<\/li>\n<\/ul>\n[cg_accordion title=\"INFORMACIJA APMOK\u0116JIMUI\"]<\/p>\n<p>Mes naudojame naujausias mok\u0117jimo apdorojimo technologijas, kurios leid\u017eia jums greitai ir saugiai atsiskaityti debeto\/kredito kortele arba &#8220;PayPal&#8221;.[\/cg_accordion]\n[cg_accordion title=\"GARANTIJA\"]<\/p>\n<p><a href=\"https:\/\/droix.net\/\" target=\"_blank\" rel=\"nofollow noopener\">DROIX Global suteikia 2 met\u0173 garantij\u0105, kad<\/a> b\u016btum\u0117te ram\u016bs[\/cg_accordion]\n[cg_accordion title=\"KOKYB\u0116S U\u017dTIKRINIMAS IR BANDYMAI PRIE\u0160 I\u0160SIUNTIM\u0104\"]<\/p>\n<p>Auk\u0161\u010diausio lygio klient\u0173 pasitenkinimo u\u017etikrinimas: Prie\u0161 i\u0161siun\u010diant kiekvien\u0105 prietais\u0105 atliekamas grie\u017etas testavimas ir daugiapakopis kokyb\u0117s u\u017etikrinimas. M\u016bs\u0173 komanda tikrina veikim\u0105, funkcionalum\u0105 ir komponent\u0173 vientisum\u0105, kad u\u017etikrintume, jog j\u016bs\u0173 GPD prietaisas bus visi\u0161kai tvarkingas, o j\u016bs gal\u0117site b\u016bti ram\u016bs ir tikri. [\/cg_accordion]\n[cg_accordion title=\"KAINOS, MOKES\u010cIAI IR PRISTATYMAS\"]<\/p>\n<p><strong><u>Pastaba:<\/u><\/strong><\/p>\n<ul>\n<li>Jungtini\u0173 Amerikos Valstij\u0173 klientai: \u012e rodom\u0105 kain\u0105 N\u0116RA \u012fskai\u010diuoti mokes\u010diai ir muitai. Atsakomyb\u0117 i\u0161muitinti muitin\u0119 ir sumok\u0117ti visus susijusius mokes\u010dius ir muitus tenka klientui. <\/li>\n<li>ES klientai: \u012e nurodyt\u0105 kain\u0105 \u012fskai\u010diuoti taikomi mokes\u010diai, kurie, priklausomai nuo j\u016bs\u0173 \u0161alies, gali siekti iki 25 %.<\/li>\n<li>Kanados klientai: \u012e nurodyt\u0105 kain\u0105 \u012fskai\u010diuoti taikomi mokes\u010diai, kurie, priklausomai nuo j\u016bs\u0173 provincijos, gali apimti 5 % GPM ir papildomus provincijos pardavimo mokes\u010dius (PST), suderint\u0105 pardavimo mokest\u012f (HST) arba Kvebeko pardavimo mokest\u012f (QST).<\/li>\n<\/ul>\n<p>M\u016bs\u0173 JAV klientams: U\u017esakymai i\u0161siun\u010diami DAP (pristatomi vietoje). Nors klientai yra atsakingi u\u017e vis\u0173 taikom\u0173 tarif\u0173 sumok\u0117jim\u0105, mes remiam\u0117s savo didele siuntimo i\u0161 Jungtin\u0117s Karalyst\u0117s patirtimi, kad u\u017etikrintume, jog mok\u0117site kuo ma\u017eesn\u012f mokest\u012f. Remiantis m\u016bs\u0173 duomenimis, \u0161ie mokes\u010diai paprastai nevir\u0161ija 10 % prek\u0117s vert\u0117s.  <\/p>\n<p><strong>TIK ES klientams:<\/strong> Express DDP (pristatoma sumok\u0117jus muit\u0105). Tai rei\u0161kia: <\/p>\n<ul>\n<li>Visi muitai ir mokes\u010diai \u012fskai\u010diuoti \u012f produkto puslapyje nurodyt\u0105 kain\u0105.<\/li>\n<li>Pristatymo metu jums nereik\u0117s mok\u0117ti joki\u0173 papildom\u0173 mokes\u010di\u0173.<\/li>\n<li>Retais atvejais, kai kyla su muitine susijusi\u0173 problem\u0173, m\u016bs\u0173 komanda pasir\u016bpins muitin\u0117s formalumais j\u016bs\u0173 vardu, kad b\u016bt\u0173 u\u017etikrintas sklandus pristatymas.<\/li>\n<p>Svarbi informacija apie gr\u0105\u017einim\u0105:<\/p>\n<li>Jei nuspr\u0119site gr\u0105\u017einti u\u017esakym\u0105 arba pra\u0161ysite gr\u0105\u017einti pinigus, tur\u0117kite omenyje, kad mokes\u010diai ir muitai, sumok\u0117ti u\u017e jus pagal DDP s\u0105lygas, negali b\u016bti gr\u0105\u017einami.<\/li>\n<p>I\u0161samesn\u0117s informacijos rasite m\u016bs\u0173 <a href=\"https:\/\/droix.net\/terms-and-conditions\/\" target=\"_blank\" rel=\"nofollow noopener\">s\u0105lygose ir nuostatose<\/a>.\n<\/ul>\n<p>[\/cg_accordion]\n[cg_accordion title=\"KLIENT\u0172 APTARNAVIMAS\"]<\/p>\n<p>Turite klausim\u0105? U\u017etenka para\u0161yti trump\u0105j\u0105 \u017einut\u0119 ir j\u016bs\u0173 klausimas bus i\u0161spr\u0119stas! <\/p>\n<p>I\u0161samesn\u0117s informacijos rasite m\u016bs\u0173 <a href=\"https:\/\/gpdstore.net\/lt\/terms-of-service\/\" target=\"_blank\" rel=\"nofollow noopener\">s\u0105lygose ir nuostatose<\/a>.\n<\/ul>\n<p>[\/cg_accordion]\n[cg_accordion title=\"KAS \u012eTRAUKTA\"]<\/p>\n<ul>\n<li>1x BIWIN mini SSD diskas<\/li>\n<\/ul>\n<p>[\/cg_accordion]\n","protected":false},"featured_media":1196752,"template":"","meta":{"_acf_changed":false},"product_brand":[],"product_cat":[5396],"product_tag":[],"woo-feed-brand":[],"class_list":{"0":"post-1199207","1":"product","2":"type-product","3":"status-publish","4":"has-post-thumbnail","6":"product_cat-priedai","7":"product_shipping_class-premium","8":"pa_brand-biwin","9":"pa_storage-capacity-1-tb-lt","10":"pa_storage-capacity-1tb-fr","11":"pa_storage-capacity-1tb","12":"pa_storage-capacity-2-tb-lt","13":"pa_storage-capacity-2tb-fr","14":"pa_storage-capacity-2tb","15":"pa_storage-capacity-512-gb-talpa","16":"pa_storage-capacity-512gb-fr","17":"pa_storage-capacity-512gb","19":"first","20":"instock","21":"taxable","22":"shipping-taxable","23":"purchasable","24":"product-type-variable","25":"has-default-attributes"},"acf":[],"aioseo_notices":[],"_links":{"self":[{"href":"https:\/\/gpdstore.net\/lt\/wp-json\/wp\/v2\/product\/1199207","targetHints":{"allow":["GET"]}}],"collection":[{"href":"https:\/\/gpdstore.net\/lt\/wp-json\/wp\/v2\/product"}],"about":[{"href":"https:\/\/gpdstore.net\/lt\/wp-json\/wp\/v2\/types\/product"}],"wp:featuredmedia":[{"embeddable":true,"href":"https:\/\/gpdstore.net\/lt\/wp-json\/wp\/v2\/media\/1196752"}],"wp:attachment":[{"href":"https:\/\/gpdstore.net\/lt\/wp-json\/wp\/v2\/media?parent=1199207"}],"wp:term":[{"taxonomy":"product_brand","embeddable":true,"href":"https:\/\/gpdstore.net\/lt\/wp-json\/wp\/v2\/product_brand?post=1199207"},{"taxonomy":"product_cat","embeddable":true,"href":"https:\/\/gpdstore.net\/lt\/wp-json\/wp\/v2\/product_cat?post=1199207"},{"taxonomy":"product_tag","embeddable":true,"href":"https:\/\/gpdstore.net\/lt\/wp-json\/wp\/v2\/product_tag?post=1199207"},{"taxonomy":"woo-feed-brand","embeddable":true,"href":"https:\/\/gpdstore.net\/lt\/wp-json\/wp\/v2\/woo-feed-brand?post=1199207"}],"curies":[{"name":"wp","href":"https:\/\/api.w.org\/{rel}","templated":true}]}}