{"id":1062077,"date":"2025-01-09T09:45:24","date_gmt":"2025-01-09T09:45:24","guid":{"rendered":"https:\/\/gpdstore.net\/?post_type=product&#038;p=1062077"},"modified":"2026-03-29T00:40:15","modified_gmt":"2026-03-29T00:40:15","slug":"gpd-win-max-2-2025-4g-lte-add-on","status":"publish","type":"product","link":"https:\/\/gpdstore.net\/lt\/product\/gpd-win-max-2-2025-4g-lte-add-on\/","title":{"rendered":"GPD WIN MAX 2025 4G LTE priedas"},"content":{"rendered":"\n<h2 class=\"wp-block-heading\">Patirkite tikr\u0105 ne\u0161iojamum\u0105 su &#8220;GPD WIN MAX 2&#8221; (2025) skirtu 4G LTE modulio priedu<\/h2>\n\n<p>Su papildomu 4G LTE moduliu <a href=\"https:\/\/gpdstore.net\/gpd-win-max-2-2025-review\/gpd-win-max-2-2025\/\" target=\"_blank\" rel=\"noreferrer noopener\">paverskite savo GPD WIN MAX 2 (2025)<\/a> did\u017eiausiu ne\u0161iojamuoju \u017eaidim\u0173 ir produktyvumo \u012frenginiu. Tik \u0161iam prietaisui sukurtas modulis u\u017etikrina skland\u0173 ry\u0161\u012f, tod\u0117l galite b\u016bti prisijung\u0119 bet kada ir bet kur. <\/p>\n\n<p>\u0160is modulis, sukurtas atsi\u017evelgiant \u012f tikslum\u0105 ir paprast\u0105 naudojim\u0105, palaiko \u012fvairius tinklus, \u012fskaitant <strong>4G TD-LTE, FDD-LTE ir 3G CDMA<\/strong>, tod\u0117l yra nepakartojamai universalus ir suderinamas visame pasaulyje. Nereikia i\u0161ardyti ar sud\u0117tingai montuoti &#8211; \u012f gal\u0105 nukreiptas 4G modulio lizdas leid\u017eia greitai ir paprastai atlikti nustatymus. <\/p>\n\n<p>Nesvarbu, ar \u017eaid\u017eiate, dirbate, ar transliuojate, 4G LTE modulis u\u017etikrina stabil\u0173, didel\u0117s spartos veikim\u0105, prilygstant\u012f \u012fprastiems ne\u0161iojamiesiems kompiuteriams. Su \u0161iuo b\u016btinu priedu galite m\u0117gautis nepertraukiamu \u017eaidimu ir produktyvumu net ir sud\u0117tinguose scenarijuose ar keliaudami.<\/p>\n\n<h4 class=\"wp-block-heading\">Funkcijos:<\/h4>\n\n<ul class=\"wp-block-list\">\n<li><strong>Tikslingai sukurtas dizainas:<\/strong> Sukurtas tik GPD WIN MAX 2 (2025 m.), kad puikiai tikt\u0173 ir veikt\u0173 be trikd\u017ei\u0173.<\/li>\n\n\n\n<li><strong>Patikimas ry\u0161ys<\/strong>: Suteikiama spar\u010dioji 4G LTE prieiga, tod\u0117l idealiai tinka \u017eaidimams, transliacijoms ir darbui.<\/li>\n\n\n\n<li><strong>Pasaulinio tinklo palaikymas<\/strong>: Suderinama su 4G TD-LTE, FDD-LTE ir 3G CDMA, kad b\u016bt\u0173 galima naudoti visame pasaulyje.<\/li>\n\n\n\n<li><strong>Lengvas montavimas<\/strong>: Greitas ir saugus diegimas per gale esant\u012f 4G modulio lizd\u0105.<\/li>\n<\/ul>\n\n<h4 class=\"wp-block-heading\">Prane\u0161imai:<\/h4>\n\n<ol class=\"wp-block-list\">\n<li>\u0160is priedas <strong>nesuderinamas<\/strong> su ankstesniais GPD WIN Max serijos modeliais, \u012fskaitant <strong>2024, 2023 ir 2021 versijas<\/strong>. Jis skirtas tik modeliui <strong>GPD WIN Max 2 (2025<\/strong>). <\/li>\n\n\n\n<li>Prie\u0161 pirkdami patikrinkite savo prietaiso modelio metus, kad \u012fsitikintum\u0117te, ar jis suderinamas.<\/li>\n<\/ol>\n","protected":false},"excerpt":{"rendered":"<ul>\n<li>Sukurtas specialiai GPD WIN MAX 2 (2025)<\/li>\n<li>Palaikomos 4G TD-LTE, FDD-LTE, 3G CDMA.<\/li>\n<li>4G TD-LTE, FDD-LTE ir 3G CDMA palaikymas<\/li>\n<li>Nano-SIM lizdas, kad b\u016bt\u0173 patogu naudoti<\/li>\n<li>&#8220;Quectel EG25-G&#8221; modelis<\/li>\n<\/ul>\n<pre><b>SVARBU<\/b>\nMONTUOJANT REIKIA ATIDARYTI \u012eRENGIN\u012e\nKOMPONENTAI YRA MA\u017dI IR SUBTIL\u016aS.\nMES NEATSAKOME U\u017d BET KOKI\u0104 KLIENTO \u017dAL\u0104<\/pre>\n[cg_accordion title=\"INFORMACIJA APMOK\u0116JIMUI\"]<\/p>\n<p>Mes naudojame naujausias mok\u0117jimo apdorojimo technologijas, kurios leid\u017eia jums greitai ir saugiai atsiskaityti debeto\/kredito kortele arba &#8220;PayPal&#8221;.[\/cg_accordion]\n[cg_accordion title=\"GARANTIJA\"]<\/p>\n<p><a href=\"https:\/\/droix.net\/\" target=\"_blank\" rel=\"nofollow noopener\">DROIX Global suteikia 2 met\u0173 garantij\u0105, kad<\/a> b\u016btum\u0117te ram\u016bs[\/cg_accordion]\n[cg_accordion title=\"KOKYB\u0116S U\u017dTIKRINIMAS IR BANDYMAI PRIE\u0160 I\u0160SIUNTIM\u0104\"]<\/p>\n<p>Auk\u0161\u010diausio lygio klient\u0173 pasitenkinimo u\u017etikrinimas: Prie\u0161 i\u0161siun\u010diant kiekvien\u0105 prietais\u0105 atliekamas grie\u017etas testavimas ir daugiapakopis kokyb\u0117s u\u017etikrinimas. M\u016bs\u0173 komanda tikrina veikim\u0105, funkcionalum\u0105 ir komponent\u0173 vientisum\u0105, kad u\u017etikrintume, jog j\u016bs\u0173 GPD prietaisas bus visi\u0161kai tvarkingas, o j\u016bs gal\u0117site b\u016bti ram\u016bs ir tikri. [\/cg_accordion]\n[cg_accordion title=\"KAINOS, MOKES\u010cIAI IR PRISTATYMAS\"]<\/p>\n<p><strong><u>Pastaba:<\/u><\/strong><\/p>\n<ul>\n<li>Jungtini\u0173 Amerikos Valstij\u0173 klientai: \u012e rodom\u0105 kain\u0105 N\u0116RA \u012fskai\u010diuoti mokes\u010diai ir muitai. Atsakomyb\u0117 i\u0161muitinti muitin\u0119 ir sumok\u0117ti visus susijusius mokes\u010dius ir muitus tenka klientui. <\/li>\n<li>ES klientai: \u012e nurodyt\u0105 kain\u0105 \u012fskai\u010diuoti taikomi mokes\u010diai, kurie, priklausomai nuo j\u016bs\u0173 \u0161alies, gali siekti iki 25 %.<\/li>\n<li>Kanados klientai: \u012e nurodyt\u0105 kain\u0105 \u012fskai\u010diuoti taikomi mokes\u010diai, kurie, priklausomai nuo j\u016bs\u0173 provincijos, gali apimti 5 % GPM ir papildomus provincijos pardavimo mokes\u010dius (PST), suderint\u0105 pardavimo mokest\u012f (HST) arba Kvebeko pardavimo mokest\u012f (QST).<\/li>\n<\/ul>\n<p>M\u016bs\u0173 JAV klientams: U\u017esakymai i\u0161siun\u010diami DAP (pristatomi vietoje). Nors klientai yra atsakingi u\u017e vis\u0173 taikom\u0173 tarif\u0173 sumok\u0117jim\u0105, mes remiam\u0117s savo didele siuntimo i\u0161 Jungtin\u0117s Karalyst\u0117s patirtimi, kad u\u017etikrintume, jog mok\u0117site kuo ma\u017eesn\u012f mokest\u012f. Remiantis m\u016bs\u0173 duomenimis, \u0161ie mokes\u010diai paprastai nevir\u0161ija 10 % prek\u0117s vert\u0117s.  <\/p>\n<p><strong>TIK ES klientams:<\/strong> Express DDP (pristatoma sumok\u0117jus muit\u0105). Tai rei\u0161kia: <\/p>\n<ul>\n<li>Visi muitai ir mokes\u010diai \u012fskai\u010diuoti \u012f produkto puslapyje nurodyt\u0105 kain\u0105.<\/li>\n<li>Pristatymo metu jums nereik\u0117s mok\u0117ti joki\u0173 papildom\u0173 mokes\u010di\u0173.<\/li>\n<li>Retais atvejais, kai kyla su muitine susijusi\u0173 problem\u0173, m\u016bs\u0173 komanda pasir\u016bpins muitin\u0117s formalumais j\u016bs\u0173 vardu, kad b\u016bt\u0173 u\u017etikrintas sklandus pristatymas.<\/li>\n<p>Svarbi informacija apie gr\u0105\u017einim\u0105:<\/p>\n<li>Jei nuspr\u0119site gr\u0105\u017einti u\u017esakym\u0105 arba pra\u0161ysite gr\u0105\u017einti pinigus, tur\u0117kite omenyje, kad mokes\u010diai ir muitai, sumok\u0117ti u\u017e jus pagal DDP s\u0105lygas, negali b\u016bti gr\u0105\u017einami.<\/li>\n<p>I\u0161samesn\u0117s informacijos rasite m\u016bs\u0173 <a href=\"https:\/\/droix.net\/terms-and-conditions\/\" target=\"_blank\" rel=\"nofollow noopener\">s\u0105lygose ir nuostatose<\/a>.\n<\/ul>\n<p>[\/cg_accordion]\n[cg_accordion title=\"KLIENT\u0172 APTARNAVIMAS\"]<\/p>\n<p>Turite klausim\u0105? U\u017etenka para\u0161yti trump\u0105j\u0105 \u017einut\u0119 ir j\u016bs\u0173 klausimas bus i\u0161spr\u0119stas! <\/p>\n<p>I\u0161samesn\u0117s informacijos rasite m\u016bs\u0173 <a href=\"https:\/\/gpdstore.net\/lt\/terms-of-service\/\" target=\"_blank\" rel=\"nofollow noopener\">s\u0105lygose ir nuostatose<\/a>.\n<\/ul>\n<p>[\/cg_accordion]\n[cg_accordion title=\"KAS \u012eTRAUKTA\"]<\/p>\n<ul>\n<li>1x GPD WIN MAX 2 2025 LTE modulis<\/li>\n<\/ul>\n<p>[\/cg_accordion]\n","protected":false},"featured_media":288115,"template":"","meta":{"_acf_changed":false},"product_brand":[],"product_cat":[5396],"product_tag":[15806,6121],"woo-feed-brand":[],"class_list":{"0":"post-1062077","1":"product","2":"type-product","3":"status-publish","4":"has-post-thumbnail","6":"product_cat-priedai","7":"product_tag-20xmsale-lt-2","8":"product_tag-gpd-wm2-priedas","9":"product_shipping_class-low-end","10":"pa_accessory-type-papildomi-priedai","11":"pa_brand-gpd","13":"first","14":"instock","15":"sale","16":"taxable","17":"shipping-taxable","18":"purchasable","19":"product-type-simple"},"acf":[],"aioseo_notices":[],"_links":{"self":[{"href":"https:\/\/gpdstore.net\/lt\/wp-json\/wp\/v2\/product\/1062077","targetHints":{"allow":["GET"]}}],"collection":[{"href":"https:\/\/gpdstore.net\/lt\/wp-json\/wp\/v2\/product"}],"about":[{"href":"https:\/\/gpdstore.net\/lt\/wp-json\/wp\/v2\/types\/product"}],"wp:featuredmedia":[{"embeddable":true,"href":"https:\/\/gpdstore.net\/lt\/wp-json\/wp\/v2\/media\/288115"}],"wp:attachment":[{"href":"https:\/\/gpdstore.net\/lt\/wp-json\/wp\/v2\/media?parent=1062077"}],"wp:term":[{"taxonomy":"product_brand","embeddable":true,"href":"https:\/\/gpdstore.net\/lt\/wp-json\/wp\/v2\/product_brand?post=1062077"},{"taxonomy":"product_cat","embeddable":true,"href":"https:\/\/gpdstore.net\/lt\/wp-json\/wp\/v2\/product_cat?post=1062077"},{"taxonomy":"product_tag","embeddable":true,"href":"https:\/\/gpdstore.net\/lt\/wp-json\/wp\/v2\/product_tag?post=1062077"},{"taxonomy":"woo-feed-brand","embeddable":true,"href":"https:\/\/gpdstore.net\/lt\/wp-json\/wp\/v2\/woo-feed-brand?post=1062077"}],"curies":[{"name":"wp","href":"https:\/\/api.w.org\/{rel}","templated":true}]}}