{"id":221294,"date":"2023-03-23T16:51:27","date_gmt":"2023-03-23T16:51:27","guid":{"rendered":"https:\/\/gpdstore.net\/privatumo-politika\/"},"modified":"2024-12-11T13:49:28","modified_gmt":"2024-12-11T13:49:28","slug":"privatumo-politika","status":"publish","type":"page","link":"https:\/\/gpdstore.net\/lt\/privatumo-politika\/","title":{"rendered":"Privatumo politika"},"content":{"rendered":"\n<p>\u0160i privatumo politika turi b\u016bti suprantama kartu su (suporuota su), &#8220;kaip viena&#8221; su <a href=\"https:\/\/gpdstore.net\/lt\/paslaugu-teikimo-salygos\/\" target=\"_blank\" data-type=\"URL\" data-id=\"\/terms-of-service\/\" rel=\"noreferrer noopener\">Taisykl\u0117mis ir s\u0105lygomis<\/a>, <a href=\"https:\/\/gpdstore.net\/lt\/grazinimo-ir-grazinimo-politika\/\" target=\"_blank\" data-type=\"URL\" data-id=\"\/refund-and-returns-policy\/\" rel=\"noreferrer noopener\">Gr\u0105\u017einimo ir gr\u0105\u017einimo politika<\/a> bei <a href=\"https:\/\/gpdstore.net\/lt\/slapuku-politika\/\" target=\"_blank\" data-type=\"URL\" data-id=\"\/cookies-policy\/\" rel=\"noreferrer noopener\">Slapuk\u0173 politika<\/a>.<\/p>\n\n<ol class=\"wp-block-list\">\n<li>\u0160ios pardavimo s\u0105lygos taikomos visoms &#8220;DroiX US Corp&#8221; (Tiek\u0117jo) tiekiamoms prek\u0117ms.\n<ol class=\"wp-block-list\">\n<li>Pateiktoje sutartyje pateikiamos nuorodos \u012f: Mes (&#8220;DroiX US Corp&#8221;) esame Tiek\u0117jas, o j\u016bs (&#8220;Klientas&#8221;)<\/li>\n<\/ol>\n<\/li>\n<\/ol>\n\n<h2 class=\"wp-block-heading\" id=\"h-navigation\">Navigacija<\/h2>\n\n<ul class=\"wp-block-list\">\n<li>DUOMEN\u0172 RINKIMAS<\/li>\n\n\n\n<li>DUOMEN\u0172 APDOROJIMAS<\/li>\n\n\n\n<li>DUOMEN\u0172 APSAUGA<\/li>\n\n\n\n<li>PRIVALUMO POLITIKA<\/li>\n<\/ul>\n\n<h2 class=\"wp-block-heading\" id=\"h-data-collection\">DUOMEN\u0172 RINKIMAS<\/h2>\n\n<ol class=\"wp-block-list\">\n<li>Tiek\u0117jas renka j\u016bs\u0173 asmenin\u0119 informacij\u0105, kai perkate Tiek\u0117jo produktus.<\/li>\n\n\n\n<li>Tiek\u0117jas renka asmenin\u0119 informacij\u0105 i\u0161 j\u016bs\u0173 ir vis\u0173 j\u016bs\u0173 naudojam\u0173 \u012frengini\u0173 (\u012fskaitant mobiliuosius \u012frenginius), kai: u\u017esiregistruojate m\u016bs\u0173 paskyroje, pateikiate Tiek\u0117jui informacij\u0105 \u017einiatinklio formoje, atnaujinate arba pridedate informacij\u0105 prie savo paskyros, dalyvaujate palaikymo forumo forume arba kai kitaip susira\u0161in\u0117jate su Tiek\u0117ju.\n<ol class=\"wp-block-list\">\n<li>Kai kurie i\u0161 \u0161i\u0173 asmenini\u0173 duomen\u0173, pvz., j\u016bs\u0173 tapatyb\u0117s nustatymo b\u016bdas, yra b\u016btini norint sutikti su Tiek\u0117jo paslaug\u0173 teikimo s\u0105lygomis. Visos kitos asmenin\u0117s informacijos pateikimas yra savanori\u0161kas, ta\u010diau gali b\u016bti b\u016btinas norint naudotis m\u016bs\u0173 Paslaugomis, pavyzd\u017eiui, norint dalyvauti dovan\u0173 konkursuose, loterijose arba norint pateikti informacij\u0105, reikaling\u0105 sandoriui sudaryti. <\/li>\n<\/ol>\n<\/li>\n\n\n\n<li>Asmenin\u0117 informacija, kuri\u0105 pateikiate Tiek\u0117jui, kai perkate arba registruojat\u0117s Tiek\u0117jo paskyroje:\n<ol class=\"wp-block-list\">\n<li>identifikavimo informacija, pavyzd\u017eiui, j\u016bs\u0173 vardas, pavard\u0117, adresai, telefono numeriai arba el. pa\u0161to adresai, kai registruojat\u0117s m\u016bs\u0173 paskyroje.<\/li>\n\n\n\n<li>U\u017esakymo informacija, susijusi su j\u016bs\u0173 s\u0105skaita d\u0117l sandorio, kuriame dalyvaujate.<\/li>\n\n\n\n<li>Kitas j\u016bs\u0173 sukurtas arba su j\u016bs\u0173 paskyra susij\u0119s turinys (pvz., preki\u0173 prid\u0117jimas \u012f krep\u0161el\u012f).<\/li>\n\n\n\n<li>su sandoriu susijusi finansin\u0117 informacija (pvz., kredito kortel\u0117s ar banko s\u0105skaitos numeriai).<\/li>\n\n\n\n<li>Pa\u0161to, s\u0105skait\u0173 i\u0161ra\u0161ymo ir kit\u0105 informacij\u0105, naudojam\u0105 perkant ar siun\u010diant prek\u0119, ir atitinkam\u0105 pa\u0161to informacij\u0105 (pvz., sekimo numerius ir sekimo atnaujinimus).<\/li>\n\n\n\n<li>J\u016bs taip pat galite pateikti Tiek\u0117jui kit\u0105 informacij\u0105 naudodami \u017einiatinklio form\u0105, atnaujindami arba prid\u0117dami informacij\u0105 prie savo paskyros, dalyvaudami forumo diskusijose, palaikymo u\u017eklausose arba kitaip bendraudami su Tiek\u0117ju d\u0117l Tiek\u0117jo preki\u0173 ir paslaug\u0173.<\/li>\n\n\n\n<li>Papildoma informacija, kuri\u0105 Tiek\u0117jas privalo arba turi teis\u0119 rinkti ir apdoroti pagal galiojan\u010dius nacionalinius \u012fstatymus, kad gal\u0117t\u0173 nustatyti j\u016bs\u0173 tapatyb\u0119 arba patikrinti Tiek\u0117jo surinkt\u0105 informacij\u0105.<\/li>\n<\/ol>\n<\/li>\n\n\n\n<li>Asmenin\u0117 informacija, kuri\u0105 Tiek\u0117jas renka automati\u0161kai, kai naudojate pirkin\u012f arba registruojat\u0117s Tiek\u0117jo paskyroje:\n<ol class=\"wp-block-list\">\n<li>Tiek\u0117jas renka informacij\u0105 apie j\u016bs\u0173 s\u0105veik\u0105 su svetaine, j\u016bs\u0173 reklamos nuostatas ir j\u016bs\u0173 bendravim\u0105 su Tiek\u0117ju. \u0160i\u0105 informacij\u0105 Tiek\u0117jas gauna i\u0161 \u012frengini\u0173 (\u012fskaitant mobiliuosius \u012frenginius), kuriuos naudojate, kai lankot\u0117s Tiek\u0117jo svetain\u0117s dalyse. \u0160i informacija gali apimti toliau nurodyt\u0105 informacij\u0105: \u012frenginio ID arba unikalus identifikatorius, \u012frenginio tipas, reklamos ID ir unikalus \u012frenginio simbolis.  <\/li>\n\n\n\n<li>informacija apie buvimo viet\u0105, \u012fskaitant informacij\u0105 apie buvimo viet\u0105 i\u0161 j\u016bs\u0173 mobiliojo prietaiso. Atminkite, kad daugumoje mobili\u0173j\u0173 prietais\u0173 galima kontroliuoti arba i\u0161jungti vietos nustatymo paslaug\u0173 naudojim\u0105 bet kurioje j\u016bs\u0173 mobiliojo prietaiso programoje prietaiso nustatym\u0173 meniu. <\/li>\n\n\n\n<li>Kompiuterio ir ry\u0161io informacija, pavyzd\u017eiui, statistiniai duomenys apie j\u016bs\u0173 per\u017ei\u016br\u0117tus puslapius, sraut\u0105 \u012f svetaines ir i\u0161 j\u0173, nukreipimo URL, skelbim\u0173 duomenys, j\u016bs\u0173 IP adresas, nar\u0161ymo istorija ir \u017einiatinklio \u017eurnalo informacija.<\/li>\n<\/ol>\n<\/li>\n\n\n\n<li>Asmenin\u0117 informacija, kuri\u0105 Tiek\u0117jas renka naudodamas slapukus ir pana\u0161ias technologijas\n<ol class=\"wp-block-list\">\n<li>Tiek\u0117jas naudoja slapukus, \u017einiatinklio \u0161vytur\u0117lius, unikalius identifikatorius ir pana\u0161ias technologijas, kad surinkt\u0173 informacij\u0105 apie j\u016bs\u0173 per\u017ei\u016br\u0117tus puslapius, paspaustas nuorodas ir kitus veiksmus, kuriuos atliekate nar\u0161ydami Tiek\u0117jo svetain\u0117je, Tiek\u0117jo reklamoje ar el. pa\u0161to turinyje. Daugiau informacijos apie \u0161i\u0173 technologij\u0173 naudojim\u0105 ir kaip jas valdyti rasite m\u016bs\u0173 Slapuk\u0173 politikoje. <\/li>\n<\/ol>\n<\/li>\n\n\n\n<li>I\u0161 kit\u0173 \u0161altini\u0173 surinkta asmenin\u0117 informacija\n<ol class=\"wp-block-list\">\n<li>Tiek\u0117jas papildo asmenin\u0119 informacij\u0105, kuri\u0105 jis renka tiesiogiai, informacija, surinkta i\u0161 tre\u010di\u0173j\u0173 \u0161ali\u0173, ir prideda j\u0105 prie j\u016bs\u0173 paskyros informacijos. Pavyzd\u017eiui, Tiek\u0117jas renka ir naudoja demografin\u0119 ir kit\u0105 informacij\u0105, kuri yra vie\u0161ai prieinama atitinkamoje jurisdikcijoje, papildom\u0105 kontaktin\u0119 informacij\u0105, kredito patikrinimo informacij\u0105 ir informacij\u0105 i\u0161 kredito biur\u0173, kaip leid\u017eiama pagal galiojan\u010dius nacionalinius \u012fstatymus. <\/li>\n\n\n\n<li>Socialin\u0117 \u017einiasklaida &#8211; Tiek\u0117jas leid\u017eia dalytis informacija su socialin\u0117s \u017einiasklaidos svetain\u0117mis arba naudotis socialin\u0117s \u017einiasklaidos svetain\u0117mis, kad sukurtum\u0117te savo paskyr\u0105 arba sujungtum\u0117te savo paskyr\u0105 su atitinkama socialin\u0117s \u017einiasklaidos svetaine. Tos socialin\u0117s \u017einiasklaidos svetain\u0117s gali suteikti Tiek\u0117jui automatin\u0119 prieig\u0105 prie tam tikros asmenin\u0117s informacijos, kuri\u0105 jos saugo apie jus (pvz., j\u016bs\u0173 per\u017ei\u016br\u0117to turinio, jums patinkan\u010dio turinio, informacijos apie jums rodyt\u0105 ar spustel\u0117t\u0105 reklam\u0105 ir pan.) Jei suteikiate Tiek\u0117jui prieig\u0105 prie bet kurios svetain\u0117s su vaizdo \u012fra\u0161\u0173 turiniu, sutinkate, kad Tiek\u0117jas gali dalytis j\u016bs\u0173 per\u017ei\u016br\u0117tais vaizdo \u012fra\u0161ais su tre\u010di\u0173j\u0173 \u0161ali\u0173 socialin\u0117s \u017einiasklaidos svetain\u0117mis arba gauti i\u0161 j\u0173 informacij\u0105 apie j\u016bs\u0173 vaizdo \u012fra\u0161\u0173 per\u017ei\u016br\u0105 ma\u017eiausiai dvejus metus arba tol, kol at\u0161auksite leidim\u0105 arba ry\u0161\u012f su socialin\u0117s \u017einiasklaidos svetaine. J\u016bs kontroliuojate asmenin\u0119 informacij\u0105, prie kurios leid\u017eiate Tiek\u0117jui prieiti, naudodamiesi atitinkamos socialin\u0117s \u017einiasklaidos svetain\u0117s privatumo nustatymais ir leidimais, kuriuos suteikiate Tiek\u0117jui, kai suteikiate Tiek\u0117jui prieig\u0105 prie asmenin\u0117s informacijos, kuri\u0105 apie jus saugo atitinkama socialin\u0117s \u017einiasklaidos svetain\u0117. Susiedami socialin\u0117s \u017einiasklaidos svetain\u0117s valdom\u0105 paskyr\u0105 su savo paskyra ir suteikdami Tiek\u0117jui prieig\u0105 prie \u0161ios informacijos, sutinkate, kad Tiek\u0117jas gali rinkti, naudoti ir saugoti \u0161i\u0173 socialini\u0173 \u017einiasklaidos svetaini\u0173 pateikt\u0105 informacij\u0105 pagal \u0161\u012f privatumo prane\u0161im\u0105. Tiek\u0117jas taip pat gali naudoti \u012fvairi\u0173 socialin\u0117s \u017einiasklaidos svetaini\u0173 \u012fskiepius ar kitas technologijas. Jei paspaud\u017eiate nuorod\u0105, pateikt\u0105 per socialin\u0117s \u017einiasklaidos \u012fskiep\u012f, savanori\u0161kai u\u017emezgate ry\u0161\u012f su atitinkama socialin\u0117s \u017einiasklaidos svetaine.      <\/li>\n\n\n\n<li>Jei Tiek\u0117jui pateikiate asmenin\u0119 informacij\u0105 apie kit\u0105 asmen\u012f, turite tai daryti tik gav\u0119 to asmens leidim\u0105. Tur\u0117tum\u0117te juos informuoti, kaip Tiek\u0117jas renka, naudoja, atskleid\u017eia ir saugo j\u0173 asmenin\u0119 informacij\u0105 pagal Tiek\u0117jo taisykles ir s\u0105lygas. <\/li>\n<\/ol>\n<\/li>\n\n\n\n<li>Informacija, padedanti Tiek\u0117jui teikti Tiek\u0117jo paslaugas jums.\n<ol class=\"wp-block-list\">\n<li>Tiek\u0117jas glaud\u017eiai bendradarbiauja su tre\u010diosiomis \u0161alimis, kad pad\u0117t\u0173 Tiek\u0117jui teikti jums paslaugas. \u0160ios tre\u010diosios \u0161alys yra verslo partneriai, teikiantys technines, mok\u0117jimo ir pristatymo paslaugas, reklamos tinklai, analiz\u0117s paslaug\u0173 teik\u0117jai, paie\u0161kos informacijos teik\u0117jai, kredito informacijos agent\u016bros, suk\u010diavimo prevencijos agent\u016bros ir k\u016br\u0117jai. Informacija, kuri\u0105 Tiek\u0117jas gali rinkti apie jus i\u0161 toki\u0173 \u0161ali\u0173, gali apimti kredito paie\u0161kos informacij\u0105, informacij\u0105, kuri padeda Tiek\u0117jui patikrinti j\u016bs\u0173 tapatyb\u0119, arba informacij\u0105, susijusi\u0105 su j\u016bs\u0173 mok\u0117jimo operacijomis.  <\/li>\n\n\n\n<li>Jei leisite Tiek\u0117jui, Tiek\u0117jas rinks draug\u0173 s\u0105ra\u0161us i\u0161 &#8220;Facebook&#8221; ir pana\u0161i\u0105 informacij\u0105 i\u0161 kit\u0173 tre\u010di\u0173j\u0173 \u0161ali\u0173, pavyzd\u017eiui, &#8220;Twitter&#8221; ir &#8220;Google&#8221;, ir Tiek\u0117jas gali periodi\u0161kai rinkti \u0161i\u0105 informacij\u0105 i\u0161 naujo, kad j\u0105 atnaujint\u0173.<\/li>\n<\/ol>\n<\/li>\n<\/ol>\n\n<h2 class=\"wp-block-heading\" id=\"h-data-processing\">DUOMEN\u0172 APDOROJIMAS<\/h2>\n\n<ol class=\"wp-block-list\">\n<li>Tiek\u0117jas naudos j\u016bs\u0173 asmens duomenis tik tada, kai tai leid\u017eia \u012fstatymai. Da\u017eniausiai Tiek\u0117jas gali naudoti j\u016bs\u0173 asmens duomenis (pvz., j\u016bs\u0173 pateikt\u0105 informacij\u0105, informacij\u0105 apie buvimo viet\u0105 arba sandori\u0173 informacij\u0105), kad susidaryt\u0173 nuomon\u0119 apie tai, ko, Tiek\u0117jo manymu, jums gali reik\u0117ti arba ko jums gali b\u016bti \u012fdomu. <\/li>\n\n\n\n<li>Tiek\u0117jas naudos j\u016bs\u0173 asmens duomenis tik tais tikslais, kuriais Tiek\u0117jas juos surinko, i\u0161skyrus atvejus, kai Tiek\u0117jas pagr\u012fstai mano, kad Tiek\u0117jas turi juos naudoti d\u0117l kitos prie\u017easties ir kad \u0161i prie\u017eastis yra suderinama su pradiniu tikslu.<\/li>\n\n\n\n<li>Jei duodate ai\u0161k\u0173 sutikim\u0105, Tiek\u0117jas gali naudoti j\u016bs\u0173 tapatyb\u0117s, kontaktinius, techninius, naudojimo ir (arba) profilio duomenis, kad susidaryt\u0173 nuomon\u0119 apie tai, ko, Tiek\u0117jo manymu, galite nor\u0117ti arba ko jums reikia, arba kas jus gali dominti. Savo sutikim\u0105 galite bet kada at\u0161aukti. Tam tikromis ribotomis aplinkyb\u0117mis Tiek\u0117jas gali susisiekti su jumis d\u0117l pana\u0161i\u0173 produkt\u0173, jei esate \u012fsigij\u0119 produkt\u0173 i\u0161 Tiek\u0117jo ir nesate atsisak\u0119 gauti \u0161i\u0105 informacij\u0105.  <\/li>\n\n\n\n<li>Atsisakymas \/ atsisakymas &#8211; bet kuriuo metu galite papra\u0161yti Tiek\u0117jo nustoti si\u0173sti jums rinkodaros prane\u0161imus, naudodami atsisakymo nuorodas bet kuriame jums siun\u010diamame rinkodaros prane\u0161ime arba bet kuriuo metu susisiek\u0119 su Tiek\u0117ju. Jei atsisakote gauti \u0161iuos rinkodaros prane\u0161imus, vis tiek galite gauti prane\u0161imus kitais tikslais (pvz., teikti jums atitinkam\u0105 su u\u017esakymu ar produktu susijusi\u0105 informacij\u0105). <\/li>\n\n\n\n<li>Tiek\u0117jas gali atskleisti i\u0161 j\u016bs\u0173 surinktus duomenis tam tikroms tre\u010diosioms \u0161alims, kurios naudoja asmens duomenis teikdamos paslaugas Tiek\u0117jui, jos naudoja duomenis saugiai ir konfidencialiai bei pagal grie\u017et\u0105 sutartin\u0119 kontrol\u0119, laikydamosi duomen\u0173 apsaugos \u012fstatym\u0173.<\/li>\n\n\n\n<li>Savo sutikim\u0105 galite at\u0161aukti bet kuriuo metu po to, kai dav\u0117te ai\u0161k\u0173 sutikim\u0105, susisiek\u0119 su Tiek\u0117ju.<\/li>\n<\/ol>\n\n<h2 class=\"wp-block-heading\" id=\"h-data-protection\">DUOMEN\u0172 APSAUGA<\/h2>\n\n<ol class=\"wp-block-list\">\n<li>Tiek\u0117jas imsis vis\u0173 pagr\u012fst\u0173 atsargumo priemoni\u0173, kad j\u016bs\u0173 u\u017esakymo ir mok\u0117jimo duomenys b\u016bt\u0173 saug\u016bs, ta\u010diau, i\u0161skyrus atvejus, kai Tiek\u0117jas yra aplaidus, Tiek\u0117jas nebus atsakingas u\u017e neteis\u0117t\u0105 prieig\u0105 prie j\u016bs\u0173 pateiktos informacijos.<\/li>\n\n\n\n<li>Tiek\u0117jas apriboja prieig\u0105 prie j\u016bs\u0173 asmens duomen\u0173 tiems darbuotojams, agentams, rangovams ir kitoms tre\u010diosioms \u0161alims, kurioms reikia \u017einoti verslo tikslais. Jie tvarkys j\u016bs\u0173 asmens duomenis tik Tiek\u0117jo nurodymu ir jiems taikoma konfidencialumo pareiga. <\/li>\n\n\n\n<li>Tiek\u0117jas \u012fdieg\u0117 proced\u016bras, skirtas bet kokiam \u012ftariamam asmens duomen\u0173 pa\u017eeidimui nagrin\u0117ti, ir prane\u0161 jums ir bet kuriai galiojan\u010diai reguliavimo institucijai apie pa\u017eeidim\u0105, jei Tiek\u0117jas yra teisi\u0161kai \u012fpareigotas tai padaryti.<\/li>\n<\/ol>\n\n<h2 class=\"wp-block-heading\" id=\"h-privacy-policy\">PRIVATUMO POLITIKA<\/h2>\n\n<ol class=\"wp-block-list\">\n<li>Tiek\u0117jas nesaugo kredito kortel\u0117s duomen\u0173 ir nesidalina klient\u0173 duomenimis su jokiomis neteis\u0117tomis tre\u010diosiomis \u0161alimis.<\/li>\n\n\n\n<li>Tiek\u0117jas saugos j\u016bs\u0173 asmens duomenis tik tiek laiko, kiek reikia, kad \u012fvykdyt\u0173 tikslus, kuriais Tiek\u0117jas juos surinko, \u012fskaitant bet koki\u0173 teisini\u0173, apskaitos ar ataskait\u0173 teikimo reikalavim\u0173 tenkinimo tikslus.<\/li>\n\n\n\n<li>Tiek\u0117jas paprastai saugo savo klient\u0173 duomenis 6 (\u0161e\u0161erius) metus po sutarties pabaigos, kad u\u017etikrint\u0173, jog Tiek\u0117jas gal\u0117t\u0173 jums pad\u0117ti, jei turite klausim\u0173 ar atsiliepim\u0173, susijusi\u0173 su Tiek\u0117jo produktais, arba kad apsaugot\u0173 ar gint\u0173 m\u016bs\u0173 teisines teises, arba mokes\u010di\u0173 tikslais.<\/li>\n\n\n\n<li>Jei Tiek\u0117jas tvark\u0117 j\u016bs\u0173 asmens duomenis, kad su sutikimu pateikt\u0173 jums rinkodaros prane\u0161imus, Tiek\u0117jas gali su jumis susisiekti bent kas dvylika (12) m\u0117nesi\u0173, kad \u012fsitikint\u0173, jog sutinkate ir toliau gauti tokius prane\u0161imus. Jei pasakysite Tiek\u0117jui, kad nebenorite gauti toki\u0173 prane\u0161im\u0173, j\u016bs\u0173 asmens duomenys bus pa\u0161alinti i\u0161 Tiek\u0117jo rinkodaros s\u0105ra\u0161\u0173 (ta\u010diau bus \u012ftraukti \u012f &#8220;nesikreipti&#8221; s\u0105ra\u0161\u0105). <\/li>\n\n\n\n<li>Jei Tiek\u0117jas tvark\u0117 j\u016bs\u0173 duomenis d\u0117l bet kokios kitos prie\u017easties (pvz., jei kreip\u0117t\u0117s \u012f Tiek\u0117j\u0105 su klausimu, susijusiu su produktais ar paslaugomis), Tiek\u0117jas saugos j\u016bs\u0173 duomenis dvylika (12) m\u0117nesi\u0173.<\/li>\n\n\n\n<li>Tam tikromis aplinkyb\u0117mis Tiek\u0117jas gali nuasmeninti j\u016bs\u0173 asmens duomenis (kad j\u0173 nebeb\u016bt\u0173 galima susieti su jumis) mokslini\u0173 tyrim\u0173 ar statistikos tikslais, tokiu atveju Tiek\u0117jas gali naudoti \u0161i\u0105 informacij\u0105 neribot\u0105 laik\u0105 be papildomo prane\u0161imo jums.<\/li>\n\n\n\n<li>Tam tikromis aplinkyb\u0117mis pagal duomen\u0173 apsaugos \u012fstatymus turite teisi\u0173, susijusi\u0173 su j\u016bs\u0173 asmens duomenimis. \u0160ios teis\u0117s i\u0161samiai apra\u0161ytos toliau: \n<ol class=\"wp-block-list\">\n<li>pra\u0161yti prieigos prie savo asmens duomen\u0173 (paprastai vadinamas &#8220;duomen\u0173 subjekto prieigos pra\u0161ymu&#8221;). Taip galite gauti Tiek\u0117jo turim\u0173 j\u016bs\u0173 asmens duomen\u0173 kopij\u0105 ir patikrinti, ar Tiek\u0117jas teis\u0117tai juos tvarko. <\/li>\n\n\n\n<li>pra\u0161yti i\u0161taisyti Tiek\u0117jo turimus j\u016bs\u0173 asmens duomenis. Taip galite i\u0161taisyti visus nei\u0161samius ar netikslius Tiek\u0117jo turimus duomenis apie jus, ta\u010diau Tiek\u0117jui gali tekti patikrinti nauj\u0173 duomen\u0173, kuriuos pateikiate Tiek\u0117jui, tikslum\u0105. <\/li>\n\n\n\n<li>Pra\u0161yti i\u0161trinti j\u016bs\u0173 asmens duomenis. Taip galite pra\u0161yti Tiek\u0117jo i\u0161trinti arba pa\u0161alinti asmens duomenis, jei n\u0117ra pagr\u012fstos prie\u017easties, d\u0117l kurios Tiek\u0117jas gal\u0117t\u0173 toliau juos tvarkyti. Taip pat turite teis\u0119 pra\u0161yti Tiek\u0117jo i\u0161trinti arba pa\u0161alinti savo asmens duomenis, jei s\u0117kmingai pasinaudojote teise nesutikti su duomen\u0173 tvarkymu, jei Tiek\u0117jas galb\u016bt neteis\u0117tai tvark\u0117 j\u016bs\u0173 informacij\u0105 arba jei Tiek\u0117jas privalo i\u0161trinti j\u016bs\u0173 asmens duomenis, kad atitikt\u0173 vietos \u012fstatymus. Ta\u010diau atkreipkite d\u0117mes\u012f, kad Tiek\u0117jas ne visada gal\u0117s patenkinti j\u016bs\u0173 pra\u0161ym\u0105 i\u0161trinti duomenis d\u0117l konkre\u010di\u0173 teisini\u0173 prie\u017eas\u010di\u0173, apie kurias, jei taikoma, jums bus prane\u0161ta pra\u0161ymo pateikimo metu.   <\/li>\n\n\n\n<li>Prie\u0161tarauti j\u016bs\u0173 asmens duomen\u0173 tvarkymui, kai Tiek\u0117jas remiasi teis\u0117tu interesu (arba tre\u010diosios \u0161alies interesais) ir d\u0117l j\u016bs\u0173 konkre\u010dios situacijos norite prie\u0161tarauti tvarkymui \u0161iuo pagrindu, nes manote, kad tai daro poveik\u012f j\u016bs\u0173 pagrindin\u0117ms teis\u0117ms ir laisv\u0117ms. Taip pat turite teis\u0119 nesutikti, jei Tiek\u0117jas tvarko j\u016bs\u0173 asmens duomenis tiesiogin\u0117s rinkodaros tikslais. Tam tikrais atvejais Tiek\u0117jas gali \u012frodyti, kad jis turi \u012ftikinam\u0173 teis\u0117t\u0173 prie\u017eas\u010di\u0173 tvarkyti j\u016bs\u0173 duomenis, kurios yra vir\u0161esn\u0117s u\u017e j\u016bs\u0173 teises ir laisves.  <\/li>\n\n\n\n<li>pra\u0161yti apriboti j\u016bs\u0173 asmens duomen\u0173 tvarkym\u0105. Tai suteikia jums galimyb\u0119 pra\u0161yti Tiek\u0117jo sustabdyti j\u016bs\u0173 asmens duomen\u0173 tvarkym\u0105 \u0161iais atvejais: jei norite, kad Tiek\u0117jas nustatyt\u0173 duomen\u0173 tikslum\u0105; jei Tiek\u0117jo naudojimasis duomenimis yra neteis\u0117tas, bet nenorite, kad Tiek\u0117jas juos i\u0161trint\u0173; jei jums reikia, kad Tiek\u0117jas saugot\u0173 duomenis, net jei Tiek\u0117jui jie nebereikalingi, nes jie jums reikalingi teisiniams reikalavimams nustatyti, vykdyti ar ginti; arba jei prie\u0161taravote, kad Tiek\u0117jas naudot\u0173 j\u016bs\u0173 duomenis, bet Tiek\u0117jas turi patikrinti, ar jis turi vir\u0161esni\u0173 teis\u0117t\u0173 prie\u017eas\u010di\u0173 juos naudoti. <\/li>\n\n\n\n<li>pra\u0161yti perduoti j\u016bs\u0173 asmens duomenis (kaip duomen\u0173 subjekto) jums arba tre\u010diajai \u0161aliai. bet kada at\u0161aukti sutikim\u0105, jei Tiek\u0117jas remiasi sutikimu tvarkyti j\u016bs\u0173 asmens duomenis. Ta\u010diau tai netur\u0117s \u012ftakos bet kokio duomen\u0173 tvarkymo, atlikto iki j\u016bs\u0173 sutikimo at\u0161aukimo, teis\u0117tumui. Jei at\u0161auksite savo sutikim\u0105, Tiek\u0117jas gali negal\u0117ti jums teikti tam tikr\u0173 produkt\u0173 ar paslaug\u0173. Tiek\u0117jas informuos jus, ar taip yra j\u016bs\u0173 sutikimo at\u0161aukimo metu. Jei norite pasinaudoti bet kuria i\u0161 pirmiau nurodyt\u0173 teisi\u0173, kreipkit\u0117s tiesiogiai \u012f Tiek\u0117j\u0105 jo kontaktiniais duomenimis.     <\/li>\n\n\n\n<li>Paprastai nereikalaujama jokio mokes\u010dio ir jums nereik\u0117s mok\u0117ti mokes\u010dio u\u017e prieig\u0105 prie savo asmens duomen\u0173 (arba u\u017e naudojim\u0105si bet kuria kita teise). Ta\u010diau Tiek\u0117jas gali imti pagr\u012fst\u0105 mokest\u012f, jei j\u016bs\u0173 pra\u0161ymas yra akivaizd\u017eiai nepagr\u012fstas, pasikartojantis ar perteklinis. Arba tokiomis aplinkyb\u0117mis Tiek\u0117jas gali atsisakyti tenkinti j\u016bs\u0173 pra\u0161ym\u0105.  <\/li>\n<\/ol>\n<\/li>\n\n\n\n<li>Tiek\u0117jui gali prireikti papra\u0161yti konkre\u010dios informacijos, kad jis gal\u0117t\u0173 patvirtinti j\u016bs\u0173 tapatyb\u0119 ir u\u017etikrinti j\u016bs\u0173 teis\u0119 susipa\u017einti su savo asmens duomenimis (arba pasinaudoti kitomis j\u016bs\u0173 teis\u0117mis). Tai yra saugumo priemon\u0117, kuria siekiama u\u017etikrinti, kad asmens duomenys neb\u016bt\u0173 atskleisti jokiam asmeniui, kuris neturi teis\u0117s j\u0173 gauti. Tiek\u0117jas taip pat gali susisiekti su jumis, kad papra\u0161yt\u0173 papildomos informacijos, susijusios su j\u016bs\u0173 pra\u0161ymu, ir taip pagreitinti Tiek\u0117jo atsakym\u0105.  <\/li>\n\n\n\n<li>Turite teis\u0119 bet kuriuo metu pateikti skund\u0105 ICO, JK duomen\u0173 apsaugos prie\u017ei\u016bros institucijai (adresu www.ico.org.uk). Ta\u010diau Tiek\u0117jas b\u016bt\u0173 d\u0117kingas u\u017e galimyb\u0119 i\u0161spr\u0119sti j\u016bs\u0173 problemas prie\u0161 kreipiantis \u012f ICO, tod\u0117l pirmiausia susisiekite su mumis. <\/li>\n<\/ol>\n\n<p>Paskutin\u012f kart\u0105 atnaujinta privatumo politika: 2023 m. kovo 23 d. &#8211; 16:50 val.<\/p>\n","protected":false},"excerpt":{"rendered":"<p>\u0160i privatumo politika turi b\u016bti suprantama kartu su (suporuota su), &#8220;kaip viena&#8221; su Taisykl\u0117mis ir s\u0105lygomis, Gr\u0105\u017einimo ir gr\u0105\u017einimo politika bei Slapuk\u0173 politika. Navigacija DUOMEN\u0172 RINKIMAS DUOMEN\u0172 APDOROJIMAS DUOMEN\u0172 APSAUGA PRIVATUMO POLITIKA Paskutin\u012f kart\u0105 atnaujinta privatumo politika: 2023 m. kovo 23 d. &#8211; 16:50 val.<\/p>\n","protected":false},"author":1,"featured_media":0,"parent":0,"menu_order":0,"comment_status":"closed","ping_status":"closed","template":"template-fullwidth.php","meta":{"_acf_changed":false,"footnotes":""},"class_list":["post-221294","page","type-page","status-publish","hentry"],"acf":[],"aioseo_notices":[],"_links":{"self":[{"href":"https:\/\/gpdstore.net\/lt\/wp-json\/wp\/v2\/pages\/221294","targetHints":{"allow":["GET"]}}],"collection":[{"href":"https:\/\/gpdstore.net\/lt\/wp-json\/wp\/v2\/pages"}],"about":[{"href":"https:\/\/gpdstore.net\/lt\/wp-json\/wp\/v2\/types\/page"}],"author":[{"embeddable":true,"href":"https:\/\/gpdstore.net\/lt\/wp-json\/wp\/v2\/users\/1"}],"replies":[{"embeddable":true,"href":"https:\/\/gpdstore.net\/lt\/wp-json\/wp\/v2\/comments?post=221294"}],"version-history":[{"count":0,"href":"https:\/\/gpdstore.net\/lt\/wp-json\/wp\/v2\/pages\/221294\/revisions"}],"wp:attachment":[{"href":"https:\/\/gpdstore.net\/lt\/wp-json\/wp\/v2\/media?parent=221294"}],"curies":[{"name":"wp","href":"https:\/\/api.w.org\/{rel}","templated":true}]}}