{"id":221267,"date":"2023-03-23T16:49:44","date_gmt":"2023-03-23T16:49:44","guid":{"rendered":"https:\/\/gpdstore.net\/slapuku-politika\/"},"modified":"2024-12-11T13:41:44","modified_gmt":"2024-12-11T13:41:44","slug":"slapuku-politika","status":"publish","type":"page","link":"https:\/\/gpdstore.net\/lt\/slapuku-politika\/","title":{"rendered":"Slapuk\u0173 politika"},"content":{"rendered":"\n<p>\u0160i slapuk\u0173 politika turi b\u016bti vertinama kartu su (suporuota su), &#8220;kaip viena&#8221; su <a href=\"https:\/\/gpdstore.net\/lt\/paslaugu-teikimo-salygos\/\" target=\"_blank\" data-type=\"URL\" data-id=\"\/terms-of-service\/\" rel=\"noreferrer noopener\">Taisykl\u0117mis ir s\u0105lygomis<\/a>, <a href=\"https:\/\/gpdstore.net\/lt\/grazinimo-ir-grazinimo-politika\/\" target=\"_blank\" data-type=\"URL\" data-id=\"\/refund-and-returns-policy\/\" rel=\"noreferrer noopener\">Gr\u0105\u017einimo ir gr\u0105\u017einimo politika<\/a> bei <a href=\"https:\/\/gpdstore.net\/lt\/privatumo-politika\/\" target=\"_blank\" data-type=\"URL\" data-id=\"\/privacy-policy\/\" rel=\"noreferrer noopener\">Privatumo politika<\/a>.<\/p>\n\n<ol class=\"wp-block-list\">\n<li>\u0160ios pardavimo s\u0105lygos taikomos visoms &#8220;DroiX US Corp&#8221; (Tiek\u0117jo) tiekiamoms prek\u0117ms.\n<ol class=\"wp-block-list\">\n<li>Pateiktoje sutartyje pateikiamos nuorodos \u012f: Mes (&#8220;DroiX US Corp&#8221;) esame Tiek\u0117jas, o j\u016bs (&#8220;Klientas&#8221;)<\/li>\n<\/ol>\n<\/li>\n<\/ol>\n\n<ol class=\"wp-block-list\">\n<li>Tiek\u0117jo interneto svetain\u0117je naudojami slapukai, skirti atskirti klient\u0105, t. y. Jus, nuo kit\u0173 interneto svetain\u0117s naudotoj\u0173. Tai padeda Tiek\u0117jui suteikti jums ger\u0105 patirt\u012f nar\u0161ant Tiek\u0117jo svetain\u0117je, taip pat leid\u017eia Tiek\u0117jui tobulinti m\u016bs\u0173 svetain\u0119. T\u0119sdami nar\u0161ym\u0105 svetain\u0117je, j\u016bs sutinkate, kad Tiek\u0117jas naudot\u0173 slapukus.  <\/li>\n\n\n\n<li>Slapukas &#8211; tai nedidelis raid\u017ei\u0173 ir skai\u010di\u0173 failas, kur\u012f Tiek\u0117jas i\u0161saugo j\u016bs\u0173 nar\u0161ykl\u0117je arba j\u016bs\u0173 kompiuterio ar mobiliojo telefono kietajame diske, jei sutinkate. Slapukuose yra informacijos, kuri perkeliama \u012f j\u016bs\u0173 kompiuterio kiet\u0105j\u012f disk\u0105. <\/li>\n\n\n\n<li>Tiek\u0117jas naudoja \u0161iuos slapukus:\n<ol class=\"wp-block-list\">\n<li>Grie\u017etai b\u016btini slapukai. Tai slapukai, kurie reikalingi Tiek\u0117jo svetain\u0117s veikimui. Jie apima, pavyzd\u017eiui, slapukus, kurie leid\u017eia jums prisijungti prie saugi\u0173 Tiek\u0117jo svetain\u0117s sri\u010di\u0173 ir atlikti sandorius.  <\/li>\n\n\n\n<li>Analitiniai ir (arba) veiklos slapukai. Jie leid\u017eia Tiek\u0117jui atpa\u017einti ir suskai\u010diuoti lankytoj\u0173 skai\u010di\u0173 bei matyti, kaip lankytojai juda Tiek\u0117jo svetain\u0117je, kai ja naudojasi. Tai padeda Tiek\u0117jui tobulinti svetain\u0117s veikim\u0105, pavyzd\u017eiui, u\u017etikrinant, kad naudotojai lengvai ir be vargo rast\u0173 tai, ko ie\u0161ko.  <\/li>\n\n\n\n<li>Tiek\u0117jas naudoja &#8220;Google Analytics&#8221; slapukus. &#8220;Google Analytics&#8221; informacij\u0105 renka anonimi\u0161kai. Ji prane\u0161a apie svetain\u0117s tendencijas neidentifikuodama atskir\u0173 lankytoj\u0173. Galite atsisakyti &#8220;Google Analytics&#8221;, ta\u010diau tai netur\u0117s \u012ftakos j\u016bs\u0173 lankymuisi \u0161ioje svetain\u0117je. Daugiau informacijos apie &#8220;Google Analytics&#8221; rasite \u010dia.    <\/li>\n\n\n\n<li>Tiksliniai slapukai. \u0160ie slapukai fiksuoja j\u016bs\u0173 apsilankym\u0105 Tiek\u0117jo svetain\u0117je, aplankytus puslapius ir nuorodas, kurias sek\u0117te. Tiek\u0117jas naudoja \u0161i\u0105 informacij\u0105, kad svetain\u0117 ir joje rodoma reklama labiau atitikt\u0173 j\u016bs\u0173 interesus. \u0160iuo tikslu Tiek\u0117jas taip pat gali dalytis \u0161ia informacija su tre\u010diosiomis \u0161alimis.   <\/li>\n<\/ol>\n<\/li>\n\n\n\n<li>Atkreipkite d\u0117mes\u012f, kad tre\u010diosios \u0161alys (\u012fskaitant, pavyzd\u017eiui, reklamos tinklus ir i\u0161orini\u0173 paslaug\u0173 teik\u0117jus, pavyzd\u017eiui, interneto srauto analiz\u0117s paslaugas) taip pat gali naudoti slapukus, kuri\u0173 Tiek\u0117jas nekontroliuoja. Tik\u0117tina, kad \u0161ie slapukai bus analitiniai \/ na\u0161umo slapukai arba tiksliniai slapukai. <\/li>\n\n\n\n<li>Slapukus galite blokuoti \u012fjung\u0119 nar\u0161ykl\u0117s nustatym\u0105, leid\u017eiant\u012f atsisakyti vis\u0173 ar kai kuri\u0173 slapuk\u0173. Ta\u010diau jei nar\u0161ykl\u0117s nustatymuose blokuosite visus slapukus (\u012fskaitant esminius slapukus), gali b\u016bti, kad negal\u0117site pasiekti visos Tiek\u0117jo svetain\u0117s arba jos dalies. <\/li>\n<\/ol>\n\n<p>Paskutin\u012f kart\u0105 atnaujinta slapuk\u0173 politika: 2023 m. kovo 23 d. &#8211; 16:48 val.<\/p>\n","protected":false},"excerpt":{"rendered":"<p>\u0160i slapuk\u0173 politika turi b\u016bti vertinama kartu su (suporuota su), &#8220;kaip viena&#8221; su Taisykl\u0117mis ir s\u0105lygomis, Gr\u0105\u017einimo ir gr\u0105\u017einimo politika bei Privatumo politika. Paskutin\u012f kart\u0105 atnaujinta slapuk\u0173 politika: 2023 m. kovo 23 d. &#8211; 16:48 val.<\/p>\n","protected":false},"author":1,"featured_media":0,"parent":0,"menu_order":0,"comment_status":"closed","ping_status":"closed","template":"template-fullwidth.php","meta":{"_acf_changed":false,"footnotes":""},"class_list":["post-221267","page","type-page","status-publish","hentry"],"acf":[],"aioseo_notices":[],"_links":{"self":[{"href":"https:\/\/gpdstore.net\/lt\/wp-json\/wp\/v2\/pages\/221267","targetHints":{"allow":["GET"]}}],"collection":[{"href":"https:\/\/gpdstore.net\/lt\/wp-json\/wp\/v2\/pages"}],"about":[{"href":"https:\/\/gpdstore.net\/lt\/wp-json\/wp\/v2\/types\/page"}],"author":[{"embeddable":true,"href":"https:\/\/gpdstore.net\/lt\/wp-json\/wp\/v2\/users\/1"}],"replies":[{"embeddable":true,"href":"https:\/\/gpdstore.net\/lt\/wp-json\/wp\/v2\/comments?post=221267"}],"version-history":[{"count":0,"href":"https:\/\/gpdstore.net\/lt\/wp-json\/wp\/v2\/pages\/221267\/revisions"}],"wp:attachment":[{"href":"https:\/\/gpdstore.net\/lt\/wp-json\/wp\/v2\/media?parent=221267"}],"curies":[{"name":"wp","href":"https:\/\/api.w.org\/{rel}","templated":true}]}}