{"id":220891,"date":"2023-03-23T16:38:25","date_gmt":"2023-03-23T16:38:25","guid":{"rendered":"https:\/\/gpdstore.net\/apie-mus\/"},"modified":"2024-12-11T13:38:56","modified_gmt":"2024-12-11T13:38:56","slug":"apie-mus","status":"publish","type":"page","link":"https:\/\/gpdstore.net\/lt\/apie-mus\/","title":{"rendered":"Apie mus"},"content":{"rendered":"\t\t<div data-elementor-type=\"wp-page\" data-elementor-id=\"220891\" class=\"elementor elementor-220891 elementor-10\" data-elementor-settings=\"{&quot;element_pack_global_tooltip_width&quot;:{&quot;unit&quot;:&quot;px&quot;,&quot;size&quot;:&quot;&quot;,&quot;sizes&quot;:[]},&quot;element_pack_global_tooltip_width_tablet&quot;:{&quot;unit&quot;:&quot;px&quot;,&quot;size&quot;:&quot;&quot;,&quot;sizes&quot;:[]},&quot;element_pack_global_tooltip_width_mobile&quot;:{&quot;unit&quot;:&quot;px&quot;,&quot;size&quot;:&quot;&quot;,&quot;sizes&quot;:[]},&quot;element_pack_global_tooltip_padding&quot;:{&quot;unit&quot;:&quot;px&quot;,&quot;top&quot;:&quot;&quot;,&quot;right&quot;:&quot;&quot;,&quot;bottom&quot;:&quot;&quot;,&quot;left&quot;:&quot;&quot;,&quot;isLinked&quot;:true},&quot;element_pack_global_tooltip_padding_tablet&quot;:{&quot;unit&quot;:&quot;px&quot;,&quot;top&quot;:&quot;&quot;,&quot;right&quot;:&quot;&quot;,&quot;bottom&quot;:&quot;&quot;,&quot;left&quot;:&quot;&quot;,&quot;isLinked&quot;:true},&quot;element_pack_global_tooltip_padding_mobile&quot;:{&quot;unit&quot;:&quot;px&quot;,&quot;top&quot;:&quot;&quot;,&quot;right&quot;:&quot;&quot;,&quot;bottom&quot;:&quot;&quot;,&quot;left&quot;:&quot;&quot;,&quot;isLinked&quot;:true},&quot;element_pack_global_tooltip_border_radius&quot;:{&quot;unit&quot;:&quot;px&quot;,&quot;top&quot;:&quot;&quot;,&quot;right&quot;:&quot;&quot;,&quot;bottom&quot;:&quot;&quot;,&quot;left&quot;:&quot;&quot;,&quot;isLinked&quot;:true},&quot;element_pack_global_tooltip_border_radius_tablet&quot;:{&quot;unit&quot;:&quot;px&quot;,&quot;top&quot;:&quot;&quot;,&quot;right&quot;:&quot;&quot;,&quot;bottom&quot;:&quot;&quot;,&quot;left&quot;:&quot;&quot;,&quot;isLinked&quot;:true},&quot;element_pack_global_tooltip_border_radius_mobile&quot;:{&quot;unit&quot;:&quot;px&quot;,&quot;top&quot;:&quot;&quot;,&quot;right&quot;:&quot;&quot;,&quot;bottom&quot;:&quot;&quot;,&quot;left&quot;:&quot;&quot;,&quot;isLinked&quot;:true}}\" data-elementor-post-type=\"page\">\n\t\t\t\t\t\t<section class=\"elementor-section elementor-top-section elementor-element elementor-element-9ee181d elementor-section-height-min-height elementor-section-content-middle elementor-reverse-mobile elementor-section-boxed elementor-section-height-default elementor-section-items-middle\" data-id=\"9ee181d\" data-element_type=\"section\" data-settings=\"{&quot;background_background&quot;:&quot;classic&quot;,&quot;background_motion_fx_motion_fx_scrolling&quot;:&quot;yes&quot;,&quot;background_motion_fx_blur_effect&quot;:&quot;yes&quot;,&quot;background_motion_fx_range&quot;:&quot;viewport&quot;,&quot;background_motion_fx_motion_fx_mouse&quot;:&quot;yes&quot;,&quot;background_motion_fx_mouseTrack_effect&quot;:&quot;yes&quot;,&quot;background_motion_fx_blur_direction&quot;:&quot;out-in&quot;,&quot;background_motion_fx_blur_level&quot;:{&quot;unit&quot;:&quot;px&quot;,&quot;size&quot;:7,&quot;sizes&quot;:[]},&quot;background_motion_fx_blur_range&quot;:{&quot;unit&quot;:&quot;%&quot;,&quot;size&quot;:&quot;&quot;,&quot;sizes&quot;:{&quot;start&quot;:20,&quot;end&quot;:80}},&quot;background_motion_fx_devices&quot;:[&quot;desktop&quot;,&quot;tablet&quot;,&quot;mobile&quot;],&quot;background_motion_fx_mouseTrack_speed&quot;:{&quot;unit&quot;:&quot;px&quot;,&quot;size&quot;:1,&quot;sizes&quot;:[]}}\">\n\t\t\t\t\t\t<div class=\"elementor-container elementor-column-gap-no\">\n\t\t\t\t\t<div class=\"elementor-column elementor-col-100 elementor-top-column elementor-element elementor-element-53c0e4e\" data-id=\"53c0e4e\" data-element_type=\"column\" data-settings=\"{&quot;background_background&quot;:&quot;classic&quot;}\">\n\t\t\t<div class=\"elementor-widget-wrap elementor-element-populated\">\n\t\t\t\t\t\t<div class=\"elementor-element elementor-element-d21bfa3 elementor-widget elementor-widget-heading\" data-id=\"d21bfa3\" data-element_type=\"widget\" data-widget_type=\"heading.default\">\n\t\t\t\t<div class=\"elementor-widget-container\">\n\t\t\t\t\t<h2 class=\"elementor-heading-title elementor-size-default\">GPD<br>x<br>DROIX<\/h2>\t\t\t\t<\/div>\n\t\t\t\t<\/div>\n\t\t\t\t<div class=\"elementor-element elementor-element-4bf96d9 elementor-widget elementor-widget-text-editor\" data-id=\"4bf96d9\" data-element_type=\"widget\" data-widget_type=\"text-editor.default\">\n\t\t\t\t<div class=\"elementor-widget-container\">\n\t\t\t\t\t\t\t\t\t<p>Sveiki atvyk\u0119 \u012f &#8220;GPD Store&#8221; &#8211; tai j\u016bs\u0173 vieno langelio vieta, kur rasite pa\u017eangiausius rinkoje ne\u0161iojamuosius \u017eaidim\u0173 kompiuterius.<\/p>\n<p>Did\u017eiuojam\u0117s, kad esame GPD (&#8220;GamePad Digital&#8221;) produkt\u0173 ma\u017emenininkai, si\u016blantys jums naujausius ir novatori\u0161kiausius \u012frenginius, \u012fskaitant GPD WIN 4, GPD Pocket 4, GPD Pocket 3 ir daugel\u012f kit\u0173 GPD \u012ftais\u0173. D\u0117l m\u016bs\u0173 \u012fsipareigojimo teikti auk\u0161\u010diausios kokyb\u0117s \u017eaidim\u0173 patirt\u012f mus renkasi entuziastai, ie\u0161kantys ne\u0161iojam\u0173j\u0173 \u012frengini\u0173. <\/p>\n<p>&#8220;GPD Store&#8221; suprantame, kad tobula \u017eaidim\u0173 patirtis neapsiriboja tik pa\u010diu \u012frenginiu. Tod\u0117l bendradarbiaujame su DroiX, patikimu logistikos ir klient\u0173 aptarnavimo paslaug\u0173 teik\u0117ju, kad j\u016bs\u0173 apsipirkimo kelion\u0117 pas mus b\u016bt\u0173 sklandi ir nesud\u0117tinga. Nuo u\u017esakymo pateikimo iki \u012frenginio gavimo ir dar daugiau &#8211; &#8220;DroiX&#8221; patirtis garantuoja, kad patirtis bus sklandi, tod\u0117l gal\u0117site susitelkti \u012f tai, kas svarbiausia &#8211; pasinerti \u012f m\u0117gstamus \u017eaidimus.  <\/p>\n<p>M\u016bs\u0173 &#8220;GPD Store&#8221; misija &#8211; suteikti jums geriausi\u0105 ne\u0161iojam\u0173j\u0173 \u017eaidim\u0173 patirt\u012f ir u\u017etikrinti, kad klientai b\u016bt\u0173 patenkinti. Patys esame \u017eaidim\u0173 entuziastai, tod\u0117l suprantame, kaip svarbu, kad j\u016bs\u0173 rankose b\u016bt\u0173 tinkamas prietaisas. Tod\u0117l nuolat stengiam\u0117s si\u016blyti geriausius GPD gaminius rinkoje ir auk\u0161\u010diausio lygio klient\u0173 aptarnavim\u0105.  <\/p>\n<p>Pirkdami &#8220;GPD Store&#8221; ne tik \u012fsigyjate \u012frengin\u012f, bet ir prisijungiate prie \u017eaid\u0117j\u0173 bendruomen\u0117s, kuri vertina tobul\u0105 galios ir ne\u0161iojamumo pusiausvyr\u0105. Kvie\u010diame susipa\u017einti su m\u016bs\u0173 gamini\u0173 asortimentu ir patirti GPD Store si\u016blomus skirtumus. Pasiruo\u0161kite kelti savo \u017eaidim\u0173 lyg\u012f kartu su mumis!  <\/p>\n\t\t\t\t\t\t\t\t<\/div>\n\t\t\t\t<\/div>\n\t\t\t\t\t<\/div>\n\t\t<\/div>\n\t\t\t\t\t<\/div>\n\t\t<\/section>\n\t\t\t\t<\/div>\n\t\t","protected":false},"excerpt":{"rendered":"<p>GPDxDROIX Sveiki atvyk\u0119 \u012f &#8220;GPD Store&#8221; &#8211; tai j\u016bs\u0173 vieno langelio vieta, kur rasite pa\u017eangiausius rinkoje ne\u0161iojamuosius \u017eaidim\u0173 kompiuterius. Did\u017eiuojam\u0117s, kad esame GPD (&#8220;GamePad Digital&#8221;) produkt\u0173 ma\u017emenininkai, si\u016blantys jums naujausius ir novatori\u0161kiausius \u012frenginius, \u012fskaitant GPD WIN 4, GPD Pocket 4, GPD Pocket 3 ir daugel\u012f kit\u0173 GPD \u012ftais\u0173. D\u0117l m\u016bs\u0173 \u012fsipareigojimo teikti auk\u0161\u010diausios kokyb\u0117s \u017eaidim\u0173 [&hellip;]<\/p>\n","protected":false},"author":1,"featured_media":0,"parent":0,"menu_order":0,"comment_status":"closed","ping_status":"closed","template":"template-fullwidth-no-heading.php","meta":{"_acf_changed":false,"footnotes":""},"class_list":["post-220891","page","type-page","status-publish","hentry"],"acf":[],"aioseo_notices":[],"_links":{"self":[{"href":"https:\/\/gpdstore.net\/lt\/wp-json\/wp\/v2\/pages\/220891","targetHints":{"allow":["GET"]}}],"collection":[{"href":"https:\/\/gpdstore.net\/lt\/wp-json\/wp\/v2\/pages"}],"about":[{"href":"https:\/\/gpdstore.net\/lt\/wp-json\/wp\/v2\/types\/page"}],"author":[{"embeddable":true,"href":"https:\/\/gpdstore.net\/lt\/wp-json\/wp\/v2\/users\/1"}],"replies":[{"embeddable":true,"href":"https:\/\/gpdstore.net\/lt\/wp-json\/wp\/v2\/comments?post=220891"}],"version-history":[{"count":0,"href":"https:\/\/gpdstore.net\/lt\/wp-json\/wp\/v2\/pages\/220891\/revisions"}],"wp:attachment":[{"href":"https:\/\/gpdstore.net\/lt\/wp-json\/wp\/v2\/media?parent=220891"}],"curies":[{"name":"wp","href":"https:\/\/api.w.org\/{rel}","templated":true}]}}