{"id":210297,"date":"2023-03-23T16:52:33","date_gmt":"2023-03-23T16:52:33","guid":{"rendered":"https:\/\/gpdstore.net\/grazinimo-ir-grazinimo-politika\/"},"modified":"2025-05-11T14:53:39","modified_gmt":"2025-05-11T14:53:39","slug":"refund-and-returns-policy","status":"publish","type":"page","link":"https:\/\/gpdstore.net\/lt\/refund-and-returns-policy\/","title":{"rendered":"Gr\u0105\u017einimo ir gr\u0105\u017einimo politika"},"content":{"rendered":"\n<p>\u0160ios s\u0105lygos ir nuostatos turi b\u016bti taikomos kartu su <a href=\"https:\/\/gpdstore.net\/lt\/paslaugu-teikimo-salygos\/\" data-type=\"URL\" data-id=\"\/terms-of-service\/\" target=\"_blank\" rel=\"noreferrer noopener\">Paslaug\u0173 teikimo taisykl\u0117mis<\/a>, <a href=\"https:\/\/gpdstore.net\/lt\/privatumo-politika\/\" target=\"_blank\" rel=\"noreferrer noopener\">Privatumo politika<\/a> ir <a href=\"https:\/\/gpdstore.net\/lt\/slapuku-politika\/\" data-type=\"URL\" data-id=\"\/cookies-policy\/\" target=\"_blank\" rel=\"noreferrer noopener\">Slapuk\u0173 naudojimo taisykl\u0117mis<\/a>.<\/p>\n\n<h3 class=\"wp-block-heading\" id=\"h-cancellations\">ATSISAKYMAI  <\/h3>\n\n<ol class=\"wp-block-list\">\n<li>Jei nesate Verslo klientas, turite teis\u0119 bet kuriuo metu nutraukti sutart\u012f iki 30 kalendorini\u0173 dien\u0173 nuo preki\u0173 gavimo (\u017er. toliau).<\/li>\n\n\n\n<li>Nor\u0117dami pasinaudoti savo teise at\u0161aukti u\u017esakym\u0105, turite ra\u0161tu prane\u0161ti Tiek\u0117jui asmeni\u0161kai, pa\u0161tu, el. pa\u0161tu, el. pa\u0161tu, socialin\u0117je \u017einiasklaidoje arba per interneto svetain\u0119, pateikdami i\u0161sami\u0105 informacij\u0105 apie u\u017esakytas prekes ir (prireikus) j\u0173 pristatym\u0105. Prane\u0161imo telefonu nepakanka. <\/li>\n\n\n\n<li>I\u0161skyrus nekokybi\u0161k\u0173 ar neteisingai apra\u0161yt\u0173 preki\u0173 atvejus, jei pasinaudosite savo teise at\u0161aukti sutart\u012f po to, kai prek\u0117s jums buvo pristatytos, b\u016bsite atsakingi u\u017e preki\u0173 gr\u0105\u017einim\u0105 Tiek\u0117jui savo s\u0105skaita. Prek\u0117s turi b\u016bti gr\u0105\u017einamos Tiek\u0117jo nurodytu adresu. Privalote tinkamai pasir\u016bpinti, kad prek\u0117s neb\u016bt\u0173 sugadintos per t\u0105 laik\u0105 ar gabenimo metu.\n<ol class=\"wp-block-list\">\n<li>Nekokybi\u0161k\u0173 ar neteisingai apra\u0161yt\u0173 preki\u0173 atveju Tiek\u0117jas, gav\u0119s prane\u0161im\u0105 pagal Taisykles ir s\u0105lygas, surenka prekes i\u0161 j\u016bs\u0173 arba papra\u0161o j\u016bs\u0173 gr\u0105\u017einti prekes pats, nurodydamas jums priimtin\u0105 gr\u0105\u017einimo b\u016bd\u0105.  <\/li>\n<\/ol>\n<\/li>\n\n\n\n<li>U\u017e u\u017esakym\u0105, at\u0161aukt\u0105 gabenimo metu, taikomas standartinis at\u0161aukimo mokestis ir papildomos gabenimo i\u0161laidos kliento s\u0105skaita.<\/li>\n<\/ol>\n\n<h3 class=\"wp-block-heading\" id=\"h-returns\">GR\u0104\u017dINIMAS<\/h3>\n\n<ol class=\"wp-block-list\">\n<li>Asmeniniai daiktai negr\u0105\u017einami. Atkreipkite d\u0117mes\u012f, kad tai neturi \u012ftakos j\u016bs\u0173 \u012fstatymin\u0117ms teis\u0117ms.<\/li>\n\n\n\n<li>Kompiuteri\u0173 sistemoms, sukurtoms pagal individualias kliento specifikacijas, pagal Nuotolin\u0117s prekybos taisykles netaikoma teis\u0117 at\u0161aukti sutart\u012f.<\/li>\n\n\n\n<li>Prek\u0117s turi b\u016bti originalioje pakuot\u0117je, jei ji yra prek\u0117s dalis (pavyzd\u017eiui, prek\u0117s d\u0117\u017eut\u0117je). Turite teisin\u0119 pareig\u0105 tinkamai r\u016bpintis prek\u0117mis, kol jos yra j\u016bs\u0173 \u017einioje. Jei \u0161ios pareigos nesilaikote, Tiek\u0117jas gali tur\u0117ti teis\u0119 pareik\u0161ti ie\u0161kin\u012f prie\u0161 jus d\u0117l kompensacijos iki 50 % vert\u0117s (preki\u0173 papildymo mokes\u010dio). \u0160i nuostata taikoma visoms gr\u0105\u017einamoms prek\u0117ms.   <\/li>\n\n\n\n<li>Gav\u0119s RMA numer\u012f ir gr\u0105\u017einimo instrukcijas, klientas u\u017etikrina, kad prek\u0117 b\u016bt\u0173 pristatyta tiek\u0117jo adresu, nurodytu gr\u0105\u017einimo instrukcijose. Tiek\u0117jas neprisiima jokios atsakomyb\u0117s u\u017e tr\u016bkstamas ar netinkamai pristatytas prekes. Rekomenduojame visus gr\u0105\u017einamus gaminius si\u0173sti tiek\u0117jui si\u0173stuvu, kuris siun\u010diamas sekamuoju, pasira\u0161ytu ir apdraustu b\u016bdu.<\/li>\n\n\n\n<li>Pagal <a href=\"https:\/\/www.legislation.gov.uk\/ukpga\/2015\/15\/contents\/enacted\" target=\"_blank\" rel=\"noreferrer noopener\">2015 m. Vartotoj\u0173 teisi\u0173 \u012fstatym\u0105<\/a> Tiek\u0117jas negr\u0105\u017eina joki\u0173 speciali\u0173j\u0173 pristatymo mokes\u010di\u0173.<\/li>\n\n\n\n<li>Jei pra\u0161ant pasinaudoti teise gr\u0105\u017einti prek\u0119 nurodomas defektas, o prietaiso defekto n\u0117ra, Tiek\u0117jas pasilieka teis\u0119 sulaikyti ne didesn\u0119 kaip 10 GBP sum\u0105 arba 5 % produkto kainos u\u017e Pirk\u0117jui pateikt\u0105 i\u0161ankstinio apmok\u0117jimo etiket\u0119.<\/li>\n\n\n\n<li>Jei jums turi b\u016bti gr\u0105\u017einta suma arba kompensacija, Tiek\u0117jas perves pinigus tuo pa\u010diu b\u016bdu, kuriuo i\u0161 prad\u017ei\u0173 sumok\u0117jote u\u017e pirkin\u012f. Jei Tiek\u0117jas negali gr\u0105\u017einti pinig\u0173 pradiniu mok\u0117jimo b\u016bdu, su jumis bus susisiekta, kad b\u016bt\u0173 susitarta d\u0117l kito b\u016bdo.<\/li>\n\n\n\n<li>Jei nesugeb\u0117jote tinkamai pasir\u016bpinti prek\u0117mis, Tiek\u0117jas pasilieka teis\u0119 atsisakyti gr\u0105\u017einti pinigus ir gr\u0105\u017einti prekes jums savo s\u0105skaita.<\/li>\n\n\n\n<li>\u012e gr\u0105\u017einam\u0105sias i\u0161mokas ne\u012ftraukiamas importo PVM ir (arba) muitai, jau sumok\u0117ti atitinkamoms institucijoms.<\/li>\n<\/ol>\n\n<p><\/p>\n","protected":false},"excerpt":{"rendered":"<p>\u0160ios s\u0105lygos ir nuostatos turi b\u016bti taikomos kartu su Paslaug\u0173 teikimo taisykl\u0117mis, Privatumo politika ir Slapuk\u0173 naudojimo taisykl\u0117mis. ATSISAKYMAI GR\u0104\u017dINIMAS<\/p>\n","protected":false},"author":1,"featured_media":0,"parent":0,"menu_order":0,"comment_status":"closed","ping_status":"closed","template":"template-fullwidth.php","meta":{"_acf_changed":false,"footnotes":""},"class_list":["post-210297","page","type-page","status-publish","hentry"],"acf":[],"aioseo_notices":[],"_links":{"self":[{"href":"https:\/\/gpdstore.net\/lt\/wp-json\/wp\/v2\/pages\/210297","targetHints":{"allow":["GET"]}}],"collection":[{"href":"https:\/\/gpdstore.net\/lt\/wp-json\/wp\/v2\/pages"}],"about":[{"href":"https:\/\/gpdstore.net\/lt\/wp-json\/wp\/v2\/types\/page"}],"author":[{"embeddable":true,"href":"https:\/\/gpdstore.net\/lt\/wp-json\/wp\/v2\/users\/1"}],"replies":[{"embeddable":true,"href":"https:\/\/gpdstore.net\/lt\/wp-json\/wp\/v2\/comments?post=210297"}],"version-history":[{"count":0,"href":"https:\/\/gpdstore.net\/lt\/wp-json\/wp\/v2\/pages\/210297\/revisions"}],"wp:attachment":[{"href":"https:\/\/gpdstore.net\/lt\/wp-json\/wp\/v2\/media?parent=210297"}],"curies":[{"name":"wp","href":"https:\/\/api.w.org\/{rel}","templated":true}]}}