{"id":908951,"date":"2024-11-28T10:10:01","date_gmt":"2024-11-28T10:10:01","guid":{"rendered":"https:\/\/gpdstore.net\/senza-categoria\/gpd-pocket-4-modulo-kvm\/"},"modified":"2026-03-29T00:42:14","modified_gmt":"2026-03-29T00:42:14","slug":"gpd-pocket-4-kvm-module","status":"publish","type":"product","link":"https:\/\/gpdstore.net\/it\/product\/gpd-pocket-4-kvm-module\/","title":{"rendered":"Modulo KVM GPD Pocket 4"},"content":{"rendered":"\n<p>Il GPD Pocket 4 offre un esclusivo modulo KVM come funzione opzionale, che consente agli utenti di controllare altri sistemi.<\/p>\n\n<p><\/p>\n","protected":false},"excerpt":{"rendered":"<ul>\n<li><strong>Accessorio ufficiale GPD<\/strong><\/li>\n<li>Modulo di espansione <strong>KVM<\/strong> <\/li>\n<li>Porte HDMI e<strong> USB-C<\/strong> <\/li>\n<li>Si installa facilmente nel<strong> GPD Pocket 4<\/strong><\/li>\n<\/ul>\n[cg_accordion title=\"INFO SUL PAGAMENTO\"]<\/p>\n<p>Utilizziamo la pi\u00f9 recente tecnologia di elaborazione dei pagamenti, che consente di effettuare il checkout tramite carta di debito\/credito o PayPal per un&#8217;esperienza rapida e sicura.[\/cg_accordion]\n[cg_accordion title=\"GARANZIA\"]<\/p>\n<p>2 anni di garanzia da parte di <a href=\"https:\/\/droix.net\/\" target=\"_blank\" rel=\"nofollow noopener\">DROIX Global<\/a> per la vostra tranquillit\u00e0[\/cg_accordion]\n[cg_accordion title=\"GARANZIA DI QUALIT\u00c0 E TEST PRE-SPEDIZIONE\"]<\/p>\n<p>Garantire la soddisfazione del cliente ai massimi livelli: Ogni dispositivo viene sottoposto a test rigorosi e a un controllo di qualit\u00e0 in pi\u00f9 punti prima di essere spedito. Il nostro team dedicato verifica le prestazioni, la funzionalit\u00e0 e l&#8217;integrit\u00e0 dei componenti per garantire che il tuo dispositivo GPD sia perfettamente funzionante al momento dell&#8217;arrivo, offrendoti fiducia e tranquillit\u00e0. [\/cg_accordion]\n[cg_accordion title=\"PREZZI, TASSE E SPEDIZIONE\"]<\/p>\n<p><strong><u>Nota:<\/u><\/strong><\/p>\n<ul>\n<li>Clienti degli Stati Uniti: Il prezzo esposto non include tasse e imposte. La responsabilit\u00e0 dello sdoganamento e del pagamento di eventuali tasse\/dazi \u00e8 a carico del cliente. <\/li>\n<li>Clienti UE: Il prezzo visualizzato include l&#8217;imposta applicabile, che pu\u00f2 arrivare al 25% a seconda del paese.<\/li>\n<li>Clienti del Canada: Il prezzo visualizzato \u00e8 comprensivo delle imposte applicabili, che possono includere il 5% di GST e ulteriori imposte provinciali sulle vendite (PST), l&#8217;imposta sulle vendite armonizzata (HST) o l&#8217;imposta sulle vendite del Quebec (QST), a seconda della provincia di appartenenza.<\/li>\n<\/ul>\n<p>Per i nostri clienti USA: Gli ordini vengono spediti DAP (Delivered At Place). Sebbene i clienti siano responsabili del pagamento di tutte le tariffe applicabili, ci avvaliamo della nostra vasta esperienza nelle spedizioni dal Regno Unito per assicurarci che tu paghi il minor costo possibile. In base ai nostri dati, queste spese non superano in genere il 10% del valore dell&#8217;articolo.  <\/p>\n<p><strong>Solo per i clienti dell&#8217;UE:<\/strong> Express DDP (Delivered Duty Paid). Ci\u00f2 significa che: <\/p>\n<ul>\n<li>Tutti i dazi doganali e le tasse sono inclusi nel prezzo visualizzato nella pagina del prodotto.<\/li>\n<li>Non dovrete pagare alcun costo aggiuntivo alla consegna.<\/li>\n<li>Nel raro caso di problemi doganali, il nostro team si occuper\u00e0 del processo di sdoganamento per conto vostro per garantire una consegna senza problemi.<\/li>\n<p>Informazioni importanti sulla restituzione:<\/p>\n<li>Se decidete di restituire l&#8217;ordine o di richiedere un rimborso, sappiate che le tasse e i dazi pagati per vostro conto secondo i termini del DDP non possono essere rimborsati.<\/li>\n<p>Per informazioni dettagliate, consultare i nostri <a href=\"https:\/\/droix.net\/terms-and-conditions\/\" target=\"_blank\" rel=\"nofollow noopener\">Termini e condizioni<\/a>.\n<\/ul>\n<p>[\/cg_accordion]\n[cg_accordion title=\"ASSISTENZA CLIENTI\"]<\/p>\n<p>Avete una domanda? Basta un breve messaggio per risolvere il vostro problema! <\/p>\n<p>Per informazioni dettagliate, consultare i nostri <a href=\"https:\/\/gpdstore.net\/it\/terms-of-service\/\" target=\"_blank\" rel=\"nofollow noopener\">Termini e condizioni<\/a>.\n<\/ul>\n<p>[\/cg_accordion]\n[cg_accordion title=\"COSA \u00c8 INCLUSO\"]<\/p>\n<ul>\n<li>1 modulo KVM<\/li>\n<\/ul>\n<p>[\/cg_accordion]\n","protected":false},"featured_media":907905,"template":"","meta":{"_acf_changed":false},"product_brand":[],"product_cat":[1327],"product_tag":[14839],"woo-feed-brand":[1093],"class_list":{"0":"post-908951","1":"product","2":"type-product","3":"status-publish","4":"has-post-thumbnail","6":"product_cat-accessori","7":"product_tag-25xmsale-it-2","8":"product_shipping_class-low-end","9":"pa_accessory-type-add-on","10":"pa_accessory-type-complementi","11":"pa_brand-gpd","12":"woo-feed-brand-gpd-it","14":"first","15":"instock","16":"sale","17":"taxable","18":"shipping-taxable","19":"purchasable","20":"product-type-simple"},"acf":[],"aioseo_notices":[],"_links":{"self":[{"href":"https:\/\/gpdstore.net\/it\/wp-json\/wp\/v2\/product\/908951","targetHints":{"allow":["GET"]}}],"collection":[{"href":"https:\/\/gpdstore.net\/it\/wp-json\/wp\/v2\/product"}],"about":[{"href":"https:\/\/gpdstore.net\/it\/wp-json\/wp\/v2\/types\/product"}],"wp:featuredmedia":[{"embeddable":true,"href":"https:\/\/gpdstore.net\/it\/wp-json\/wp\/v2\/media\/907905"}],"wp:attachment":[{"href":"https:\/\/gpdstore.net\/it\/wp-json\/wp\/v2\/media?parent=908951"}],"wp:term":[{"taxonomy":"product_brand","embeddable":true,"href":"https:\/\/gpdstore.net\/it\/wp-json\/wp\/v2\/product_brand?post=908951"},{"taxonomy":"product_cat","embeddable":true,"href":"https:\/\/gpdstore.net\/it\/wp-json\/wp\/v2\/product_cat?post=908951"},{"taxonomy":"product_tag","embeddable":true,"href":"https:\/\/gpdstore.net\/it\/wp-json\/wp\/v2\/product_tag?post=908951"},{"taxonomy":"woo-feed-brand","embeddable":true,"href":"https:\/\/gpdstore.net\/it\/wp-json\/wp\/v2\/woo-feed-brand?post=908951"}],"curies":[{"name":"wp","href":"https:\/\/api.w.org\/{rel}","templated":true}]}}