{"id":8542,"date":"2024-01-24T17:32:18","date_gmt":"2024-01-24T17:32:18","guid":{"rendered":"https:\/\/gpdstore.net\/senza-categoria\/docking-station-sd1\/"},"modified":"2025-12-23T10:21:18","modified_gmt":"2025-12-23T10:21:18","slug":"sd1-docking-station","status":"publish","type":"product","link":"https:\/\/gpdstore.net\/it\/product\/sd1-docking-station\/","title":{"rendered":"Docking station SD1"},"content":{"rendered":"\n<h1 class=\"wp-block-heading\"><strong>Scatena tutto il potenziale del gioco portatile con la Docking Station SD1!<\/strong><\/h1>\n\n<h3 class=\"wp-block-heading\">Integrazione perfetta del gioco a portata di mano!<\/h3>\n\n<p>Benvenuti all&#8217;ultima novit\u00e0 in fatto di accessori per PC portatili da gioco! Vi presentiamo la Docking Station SD1, realizzata appositamente per i giocatori appassionati che desiderano un&#8217;esperienza di gioco continua e ininterrotta. Con questa docking station all&#8217;avanguardia, i giocatori possono elevare le capacit\u00e0 dei loro PC portatili da gioco come mai prima d&#8217;ora. Dal popolare Steam Deck al raffinato AYA NEO Geek 1S, l&#8217;SD1 abbraccia la versatilit\u00e0, assicurando che il vostro dispositivo portatile preferito riceva la spinta necessaria. \u00c8 sufficiente collegarlo al dock, connettersi con il cavo USB Type-C e assistere alla magia.    <\/p>\n\n<h3 class=\"wp-block-heading\"><strong>Connessione Internet ultraveloce e costante<\/strong><\/h3>\n\n<p>Niente pi\u00f9 lag. Niente pi\u00f9 interruzioni. Immergiti nell&#8217;universo del gioco con la Gigabit Ethernet RJ45 della SD1. Con velocit\u00e0 fino a 1000M, questa docking station ti garantisce un vantaggio nei giochi multiplayer, offrendoti sessioni di gioco ultra-reattive. D\u00ec addio alla frustrante latenza e dai il benvenuto a interazioni di gioco fluide e in tempo reale. Quando ogni millisecondo conta, l&#8217;SD1 ti garantisce di essere sempre un passo avanti.     <\/p>\n\n<h3 class=\"wp-block-heading\"><strong>Esperienza di visualizzazione vivida e nitida<\/strong><\/h3>\n\n<p>Eleva la tua esperienza visiva di gioco! La docking station SD1 \u00e8 dotata di un&#8217;uscita HDMI 2.0 che consente ai giocatori di immergersi in una ricca grafica 4K a 60Hz. Con una risoluzione che arriva fino a 4096&#215;2160, ogni pixel prende vita e ti proietta nel cuore dell&#8217;azione. Vivi i giochi in tutto il loro splendore, con dettagli impeccabili, colori vibranti e una chiarezza senza pari.   <\/p>\n\n<h3 class=\"wp-block-heading\"><strong>Erogazione di energia rapida ed efficiente<\/strong><\/h3>\n\n<p>Il potere di giocare all&#8217;infinito! La Docking Station SD1 non si limita alla connettivit\u00e0 e alle immagini, ma \u00e8 anche in grado di garantire che il tuo dispositivo di gioco rimanga sempre carico di energia. Con un&#8217;incredibile capacit\u00e0 di ricarica PD da 100W, rifornisce rapidamente il tuo dispositivo, assicurandoti di non rimanere mai senza batteria nel vivo della battaglia. Continua a giocare, con la certezza che il tuo dispositivo \u00e8 costantemente alimentato da un sistema di ricarica rapido e affidabile.   <\/p>\n\n<h3 class=\"wp-block-heading\"><strong>Accessibilit\u00e0 a pi\u00f9 porte per una maggiore usabilit\u00e0<\/strong><\/h3>\n\n<p>Versatilit\u00e0 al massimo! La SD1 \u00e8 dotata di tre porte USB Type-A 3.0, che offrono ai giocatori la possibilit\u00e0 di collegare pi\u00f9 periferiche. Che si tratti di un controller aggiuntivo, di cuffie o di qualsiasi altro accessorio basato su USB, la docking station SD1 ti garantisce di essere pronto per qualsiasi scenario di gioco. Prova una velocit\u00e0 di trasferimento dati pi\u00f9 elevata e goditi un ambiente di gioco privo di ingombri.   <\/p>\n\n<h3 class=\"wp-block-heading\"><strong>Connettivit\u00e0 robusta ed efficiente<\/strong><\/h3>\n\n<p>Un mondo di opportunit\u00e0 di gioco sbloccate con un solo cavo. L&#8217;SD1 sfrutta la potenza dell&#8217;USB Type-C, garantendo una connessione stabile ed efficiente tra la docking station e il tuo dispositivo di gioco portatile. Questa innovativa soluzione di connettivit\u00e0 non solo promette velocit\u00e0 di trasferimento dati pi\u00f9 elevate, ma garantisce anche la compatibilit\u00e0 universale con i dispositivi di gioco pi\u00f9 recenti.  <\/p>\n\n<h3 class=\"wp-block-heading\"><strong>Struttura robusta ed estetica elegante<\/strong><\/h3>\n\n<p>Al di l\u00e0 delle sue capacit\u00e0 tecniche, l&#8217;SD1 \u00e8 una testimonianza di design elegante e costruzione robusta. Realizzato in alluminio grigio, emana una sensazione di qualit\u00e0 e promette una lunga durata. Per garantire che i tuoi preziosi dispositivi di gioco siano sempre protetti, \u00e8 dotato di cuscinetti in silicone nero che offrono un ulteriore livello di sicurezza contro graffi e scivolate involontarie.  <\/p>\n\n<h3 class=\"wp-block-heading\"><strong>Compatibilit\u00e0 universale: Una delizia per i giocatori!<\/strong><\/h3>\n\n<p>Il segno distintivo di un grande accessorio \u00e8 la sua adattabilit\u00e0 e l&#8217;SD1 brilla in questo aspetto. Progettata per accogliere un&#8217;ampia gamma di PC portatili da gioco, garantisce che nessun giocatore venga lasciato indietro. Sia che si possieda l&#8217;ultimo GPD WIN 4 2023 o il ONEXPLAYER 2, questa docking station \u00e8 la soluzione unica per migliorare le capacit\u00e0 di gioco. Testato con Steam Deck, ROG Ally, GPD WIN 4, GPD WIN 4 2023, ONEXPLAYER 2, AYA NEO 2S, AYA NEO Geek e AYA NEO Geek 1S.   <\/p>\n\n<h3 class=\"wp-block-heading\"><strong>In conclusione<\/strong><\/h3>\n\n<p>Entra nel futuro del gioco portatile con la Docking Station SD1. Non \u00e8 solo una docking station: \u00e8 un&#8217;esperienza, un viaggio, un nuovo modo di giocare. Eleva le tue sessioni di gioco e abbraccia la nuova era del gioco portatile con la docking station SD1.  <\/p>\n\n<p><\/p>\n","protected":false},"excerpt":{"rendered":"<ul>\n<li>Docking station <strong>SD1 <\/strong><\/li>\n<li>Gigabit Ethernet<\/li>\n<li>100W PD USB-C<\/li>\n<li>Uscita HDMI<\/li>\n<li><strong>Compatibile con<\/strong> GPD WIN 4 2024 e molti altri prodotti<\/li>\n<\/ul>\n[cg_accordion title=\"INFO SUL PAGAMENTO\"]<\/p>\n<p>Utilizziamo la pi\u00f9 recente tecnologia di elaborazione dei pagamenti, che consente di effettuare il checkout tramite Apple Pay, Google Pay, carta di debito\/credito, PayPal o metodi BNPL come Klarna, Affirm o AfterPay per un&#8217;esperienza veloce e sicura.[\/cg_accordion]\n[cg_accordion title=\"GARANZIA\"]<\/p>\n<p>2 anni di garanzia da parte di <a href=\"https:\/\/droix.net\/\" target=\"_blank\" rel=\"nofollow noopener\">DROIX Global<\/a> per la vostra tranquillit\u00e0[\/cg_accordion]\n[cg_accordion title=\"PREZZI, TASSE E SPEDIZIONE\"]<\/p>\n<p><strong><u>Nota:<\/u><\/strong><\/p>\n<ul>\n<li>Clienti degli Stati Uniti: Il prezzo esposto non include tasse e imposte. La responsabilit\u00e0 dello sdoganamento e del pagamento di eventuali tasse\/dazi \u00e8 a carico del cliente. <\/li>\n<li>Clienti UE: Il prezzo visualizzato include l&#8217;imposta applicabile, che pu\u00f2 arrivare al 25% a seconda del paese.<\/li>\n<li>Clienti del Canada: Il prezzo visualizzato \u00e8 comprensivo delle imposte applicabili, che possono includere il 5% di GST e ulteriori imposte provinciali sulle vendite (PST), l&#8217;imposta sulle vendite armonizzata (HST) o l&#8217;imposta sulle vendite del Quebec (QST), a seconda della provincia di appartenenza.<\/li>\n<\/ul>\n<p><strong>Solo per i clienti dell&#8217;UE:<\/strong> Express DDP (Delivered Duty Paid). Ci\u00f2 significa che: <\/p>\n<ul>\n<li>Tutti i dazi doganali e le tasse sono inclusi nel prezzo visualizzato nella pagina del prodotto.<\/li>\n<li>Non dovrete pagare alcun costo aggiuntivo alla consegna.<\/li>\n<li>Nel raro caso di problemi doganali, il nostro team si occuper\u00e0 del processo di sdoganamento per conto vostro per garantire una consegna senza problemi.<\/li>\n<p>Informazioni importanti sulla restituzione:<\/p>\n<li>Se decidete di restituire l&#8217;ordine o di richiedere un rimborso, sappiate che le tasse e i dazi pagati per vostro conto secondo i termini del DDP non possono essere rimborsati.<\/li>\n<p>Per informazioni dettagliate, consultare i nostri <a href=\"https:\/\/gpdstore.net\/it\/terms-of-service\/\" target=\"_blank\" rel=\"nofollow noopener\">Termini e condizioni<\/a>.\n<\/ul>\n<p>[\/cg_accordion]\n[cg_accordion title=\"ASSISTENZA CLIENTI\"]<\/p>\n<p>Avete una domanda? Basta un breve messaggio per risolvere il vostro problema!<br \/>\n[\/cg_accordion]\n[cg_accordion title=\"COSA \u00c8 INCLUSO\"]<\/p>\n<ul>\n<li>1x Docking Station SD1<\/li>\n<\/ul>\n<p>[\/cg_accordion]\n","protected":false},"featured_media":11339,"template":"","meta":{"_acf_changed":false},"product_brand":[],"product_cat":[1327],"product_tag":[14805,3175],"woo-feed-brand":[2443],"class_list":{"0":"post-8542","1":"product","2":"type-product","3":"status-publish","4":"has-post-thumbnail","6":"product_cat-accessori","7":"product_tag-40xmsale-it","8":"product_tag-droix-hub-it","9":"product_shipping_class-standard","11":"pa_accessory-type-docking-station-it","12":"pa_i-o-video-1x-hdmi-it","13":"woo-feed-brand-droix-it","15":"first","16":"outofstock","17":"sale","18":"taxable","19":"shipping-taxable","20":"purchasable","21":"product-type-simple"},"acf":[],"aioseo_notices":[],"_links":{"self":[{"href":"https:\/\/gpdstore.net\/it\/wp-json\/wp\/v2\/product\/8542","targetHints":{"allow":["GET"]}}],"collection":[{"href":"https:\/\/gpdstore.net\/it\/wp-json\/wp\/v2\/product"}],"about":[{"href":"https:\/\/gpdstore.net\/it\/wp-json\/wp\/v2\/types\/product"}],"wp:featuredmedia":[{"embeddable":true,"href":"https:\/\/gpdstore.net\/it\/wp-json\/wp\/v2\/media\/11339"}],"wp:attachment":[{"href":"https:\/\/gpdstore.net\/it\/wp-json\/wp\/v2\/media?parent=8542"}],"wp:term":[{"taxonomy":"product_brand","embeddable":true,"href":"https:\/\/gpdstore.net\/it\/wp-json\/wp\/v2\/product_brand?post=8542"},{"taxonomy":"product_cat","embeddable":true,"href":"https:\/\/gpdstore.net\/it\/wp-json\/wp\/v2\/product_cat?post=8542"},{"taxonomy":"product_tag","embeddable":true,"href":"https:\/\/gpdstore.net\/it\/wp-json\/wp\/v2\/product_tag?post=8542"},{"taxonomy":"woo-feed-brand","embeddable":true,"href":"https:\/\/gpdstore.net\/it\/wp-json\/wp\/v2\/woo-feed-brand?post=8542"}],"curies":[{"name":"wp","href":"https:\/\/api.w.org\/{rel}","templated":true}]}}