{"id":8488,"date":"2024-01-23T12:16:16","date_gmt":"2024-01-23T12:16:16","guid":{"rendered":"https:\/\/gpdstore.net\/senza-categoria\/micro-pc-gpd\/"},"modified":"2025-12-23T10:24:33","modified_gmt":"2025-12-23T10:24:33","slug":"gpd-micro-pc","status":"publish","type":"product","link":"https:\/\/gpdstore.net\/it\/product\/gpd-micro-pc\/","title":{"rendered":"GPD Micro PC UMPC"},"content":{"rendered":"\n<figure class=\"wp-block-video\"><video controls=\"\" muted=\"\" poster=\"https:\/\/gpdstore.net\/wp-content\/uploads\/2024\/01\/gpd-hero.jpg\" src=\"https:\/\/gpdstore.net\/wp-content\/uploads\/2024\/01\/Video-Project-22.mp4\"><\/video><\/figure>\n\n<div class=\"wp-block-columns is-layout-flex wp-container-core-columns-is-layout-28f84493 wp-block-columns-is-layout-flex\">\n<div class=\"wp-block-column is-layout-flow wp-block-column-is-layout-flow\" style=\"flex-basis:33.33%\">\n<figure class=\"wp-block-image size-full\"><img fetchpriority=\"high\" decoding=\"async\" width=\"1200\" height=\"929\" src=\"https:\/\/gpdstore.net\/wp-content\/uploads\/2024\/05\/1271643.jpg\" alt=\"GPD Micro PC, un mini PC compatto e versatile progettato per l'informatica e la produttivit&#xE0; in movimento.\" class=\"wp-image-1670\" srcset=\"https:\/\/gpdstore.net\/wp-content\/uploads\/2024\/05\/1271643.jpg 1200w, https:\/\/gpdstore.net\/wp-content\/uploads\/2024\/05\/1271643-150x116.jpg 150w, https:\/\/gpdstore.net\/wp-content\/uploads\/2024\/05\/1271643-600x465.jpg 600w, https:\/\/gpdstore.net\/wp-content\/uploads\/2024\/05\/1271643-768x595.jpg 768w, https:\/\/gpdstore.net\/wp-content\/uploads\/2024\/05\/1271643-990x766.jpg 990w, https:\/\/gpdstore.net\/wp-content\/uploads\/2024\/05\/1271643-441x341.jpg 441w\" sizes=\"(max-width: 1200px) 100vw, 1200px\" \/><\/figure>\n<\/div>\n\n\n\n<div class=\"wp-block-column is-layout-flow wp-block-column-is-layout-flow\" style=\"flex-basis:66.66%\">\n<h2 class=\"wp-block-heading\">Strumento di produttivit\u00e0 mobile multi-interfaccia: il MicroPC da 6&#8243;!<\/h2>\n\n\n\n<p>Mentre il Microsoft Surface Go \u00e8 stato celebrato come un concentrato di potenza compatto, leggero e conveniente, il MicroPC da 6&#8243; lo porta a un livello superiore. Non solo \u00e8 pi\u00f9 piccolo del Surface Go, ma vanta anche un maggior numero di interfacce che lo rendono un dispositivo incredibilmente versatile. Questa meraviglia a misura di palmo, che misura solo 15 mm nel punto pi\u00f9 sottile e pesa appena 440 g, \u00e8 stata progettata per essere ultraportatile senza compromettere le prestazioni. Con un consumo termico di soli 10W, il MicroPC offre prestazioni pari a quelle del Surface Go, il tutto a un prezzo pi\u00f9 contenuto. Ideale per i professionisti di tutti i settori, il MicroPC \u00e8 la quintessenza della produttivit\u00e0 mobile!<\/p>\n<\/div>\n<\/div>\n\n<h2 class=\"wp-block-heading has-text-align-center\">La portabilit\u00e0 estrema incontra il design pratico: Specifiche e fattore di forma del GPD Micro PC<\/h2>\n\n<div class=\"wp-block-columns is-layout-flex wp-container-core-columns-is-layout-28f84493 wp-block-columns-is-layout-flex\">\n<div class=\"wp-block-column is-layout-flow wp-block-column-is-layout-flow\">\n<figure class=\"wp-block-image size-full is-resized\"><img decoding=\"async\" width=\"1000\" height=\"899\" src=\"https:\/\/gpdstore.net\/wp-content\/uploads\/2024\/05\/714PPtewL._AC_UF10001000_QL80_.jpg\" alt=\"GPD Micro PC con display IPS da 6 pollici, ideale per l'informatica portatile e le attivit&#xE0; multimediali.\" class=\"wp-image-1675\" style=\"width:299px;height:auto\" srcset=\"https:\/\/gpdstore.net\/wp-content\/uploads\/2024\/05\/714PPtewL._AC_UF10001000_QL80_.jpg 1000w, https:\/\/gpdstore.net\/wp-content\/uploads\/2024\/05\/714PPtewL._AC_UF10001000_QL80_-150x135.jpg 150w, https:\/\/gpdstore.net\/wp-content\/uploads\/2024\/05\/714PPtewL._AC_UF10001000_QL80_-600x539.jpg 600w, https:\/\/gpdstore.net\/wp-content\/uploads\/2024\/05\/714PPtewL._AC_UF10001000_QL80_-768x690.jpg 768w, https:\/\/gpdstore.net\/wp-content\/uploads\/2024\/05\/714PPtewL._AC_UF10001000_QL80_-990x890.jpg 990w, https:\/\/gpdstore.net\/wp-content\/uploads\/2024\/05\/714PPtewL._AC_UF10001000_QL80_-441x396.jpg 441w\" sizes=\"(max-width: 1000px) 100vw, 1000px\" \/><\/figure>\n\n\n\n<h3 class=\"wp-block-heading\">Il Pocket PC definitivo: Perch\u00e9 il formato da 6 pollici \u00e8 perfetto per i nomadi digitali<\/h3>\n\n\n\n<p>Con dimensioni di soli 6 pollici per 4 pollici e un peso di soli 440 grammi, questo mini PC \u00e8 perfetto per professionisti, studenti e nomadi digitali sempre in movimento. Con un processore Intel quad-core, <a href=\"https:\/\/gpdstore.net\/it\/product-attribute\/memory-ram-capacity\/8gb-it\/\" target=\"_blank\" rel=\"noreferrer noopener\">8 GB<\/a> di RAM e uno spazio di archiviazione <a href=\"https:\/\/gpdstore.net\/it\/product-attribute\/storage-capacity\/256gb-it\/\" target=\"_blank\" data-type=\"link\" data-id=\"https:\/\/gpdstore.net\/product-attribute\/storage-capacity\/256gb\/\" rel=\"noreferrer noopener\">da 256 GB<\/a>, <a href=\"https:\/\/gpdstore.net\/it\/product-attribute\/storage-capacity\/512-gb-it\/\" target=\"_blank\" rel=\"noreferrer noopener\">512 GB<\/a> o <a href=\"https:\/\/gpdstore.net\/it\/product-attribute\/storage-capacity\/1tb-it\/\" target=\"_blank\" rel=\"noreferrer noopener\">1 TB<\/a>, offre prestazioni scattanti per il multitasking e l&#8217;intrattenimento sul suo display ad alta risoluzione.<\/p>\n<\/div>\n\n\n\n<div class=\"wp-block-column is-layout-flow wp-block-column-is-layout-flow\">\n<figure class=\"wp-block-image size-full\"><img decoding=\"async\" width=\"300\" height=\"300\" src=\"https:\/\/gpdstore.net\/wp-content\/uploads\/2024\/05\/078e6b89-8d78-4318-bf09-8caf8fecef63.__CR1800840840_PT0_SX300_V1___.jpg\" alt=\"GPD Micro PC, progettato per essere resistente agli urti e per durare in vari ambienti.\" class=\"wp-image-1672\" srcset=\"https:\/\/gpdstore.net\/wp-content\/uploads\/2024\/05\/078e6b89-8d78-4318-bf09-8caf8fecef63.__CR1800840840_PT0_SX300_V1___.jpg 300w, https:\/\/gpdstore.net\/wp-content\/uploads\/2024\/05\/078e6b89-8d78-4318-bf09-8caf8fecef63.__CR1800840840_PT0_SX300_V1___-150x150.jpg 150w, https:\/\/gpdstore.net\/wp-content\/uploads\/2024\/05\/078e6b89-8d78-4318-bf09-8caf8fecef63.__CR1800840840_PT0_SX300_V1___-100x100.jpg 100w\" sizes=\"(max-width: 300px) 100vw, 300px\" \/><\/figure>\n\n\n\n<h3 class=\"wp-block-heading\"><strong>Guscio in ABS di grado aeronautico: Valutazione della resistenza e della protezione del GPD Micro PC<\/strong><\/h3>\n\n\n\n<p>Realizzato con la resina sintetica ABS antiurto di grado aeronautico LG-DOW 121H, importata dalla Corea del Sud, questo materiale offre una durata e una protezione eccezionali. Con uno spessore sostanziale di 1 mm, vanta un ritardo di fiamma, un&#8217;elevata resistenza al calore e la certificazione ignifuga V-0. La sua impressionante durezza Rockwell fino a 109 R e la resistenza alla flessione di 26000kg\/cm\u00b2.<\/p>\n<\/div>\n\n\n\n<div class=\"wp-block-column is-layout-flow wp-block-column-is-layout-flow\">\n<figure class=\"wp-block-image size-full\"><img loading=\"lazy\" decoding=\"async\" width=\"300\" height=\"300\" src=\"https:\/\/gpdstore.net\/wp-content\/uploads\/2024\/05\/84908091-c530-4179-9369-d0a566b13ce8.__CR1260949949_PT0_SX300_V1___.jpg\" alt=\"GPD Micro PC con supporto per periferiche estese, che consente connettivit&#xE0; e funzionalit&#xE0; versatili in una forma compatta.\" class=\"wp-image-1674\" srcset=\"https:\/\/gpdstore.net\/wp-content\/uploads\/2024\/05\/84908091-c530-4179-9369-d0a566b13ce8.__CR1260949949_PT0_SX300_V1___.jpg 300w, https:\/\/gpdstore.net\/wp-content\/uploads\/2024\/05\/84908091-c530-4179-9369-d0a566b13ce8.__CR1260949949_PT0_SX300_V1___-150x150.jpg 150w, https:\/\/gpdstore.net\/wp-content\/uploads\/2024\/05\/84908091-c530-4179-9369-d0a566b13ce8.__CR1260949949_PT0_SX300_V1___-100x100.jpg 100w\" sizes=\"(max-width: 300px) 100vw, 300px\" \/><\/figure>\n\n\n\n<h3 class=\"wp-block-heading\"><strong>Espansione dello spazio di archiviazione e delle funzionalit\u00e0: Usare l&#8217;USB 3.0 e lo slot Micro SD<\/strong><\/h3>\n\n\n\n<p>Dotato di tre interfacce USB 3.0 e di uno slot Micro SD, questo dispositivo pu\u00f2 ospitare fino a quattro dispositivi di archiviazione esterni, offrendo una capacit\u00e0 di archiviazione praticamente illimitata. Ma la versatilit\u00e0 non si ferma qui. Grazie alla possibilit\u00e0 di collegare periferiche aggiuntive attraverso l&#8217;Hub, puoi personalizzare la tua configurazione in base alle tue esigenze, sia che si tratti di aumentare la produttivit\u00e0 che di espandere le funzionalit\u00e0.<\/p>\n<\/div>\n<\/div>\n\n<figure class=\"wp-block-image size-large\"><img loading=\"lazy\" decoding=\"async\" width=\"1200\" height=\"563\" src=\"https:\/\/gpdstore.net\/wp-content\/uploads\/2024\/05\/1068053-1200x563.jpg\" alt=\"GPD Micro PC, un mini computer compatto e potente, ideale per l'informatica mobile e la produttivit&#xE0; in movimento.\" class=\"wp-image-1678\" srcset=\"https:\/\/gpdstore.net\/wp-content\/uploads\/2024\/05\/1068053-1200x563.jpg 1200w, https:\/\/gpdstore.net\/wp-content\/uploads\/2024\/05\/1068053-150x70.jpg 150w, https:\/\/gpdstore.net\/wp-content\/uploads\/2024\/05\/1068053-600x281.jpg 600w, https:\/\/gpdstore.net\/wp-content\/uploads\/2024\/05\/1068053-768x360.jpg 768w, https:\/\/gpdstore.net\/wp-content\/uploads\/2024\/05\/1068053-1536x720.jpg 1536w, https:\/\/gpdstore.net\/wp-content\/uploads\/2024\/05\/1068053-990x464.jpg 990w, https:\/\/gpdstore.net\/wp-content\/uploads\/2024\/05\/1068053-441x207.jpg 441w, https:\/\/gpdstore.net\/wp-content\/uploads\/2024\/05\/1068053.jpg 1920w\" sizes=\"(max-width: 1200px) 100vw, 1200px\" \/><\/figure>\n\n<p><br\/>Prova le prestazioni di alto livello in un pacchetto compatto con il GPD Micro PC. Questo mini laptop Windows 10 PRO \u00e8 pensato per chi cerca un PC industriale veloce ed efficiente con solide porte di comunicazione.<\/p>\n\n<figure class=\"wp-block-image size-large\"><img loading=\"lazy\" decoding=\"async\" width=\"1200\" height=\"600\" src=\"https:\/\/gpdstore.net\/wp-content\/uploads\/2024\/05\/MicroPC-1200x600.jpg\" alt=\"GPD Micro PC, un computer portatile piccolo ma potente, progettato per attivit&#xE0; informatiche versatili\" class=\"wp-image-1677\" srcset=\"https:\/\/gpdstore.net\/wp-content\/uploads\/2024\/05\/MicroPC-1200x600.jpg 1200w, https:\/\/gpdstore.net\/wp-content\/uploads\/2024\/05\/MicroPC-150x75.jpg 150w, https:\/\/gpdstore.net\/wp-content\/uploads\/2024\/05\/MicroPC-600x300.jpg 600w, https:\/\/gpdstore.net\/wp-content\/uploads\/2024\/05\/MicroPC-768x384.jpg 768w, https:\/\/gpdstore.net\/wp-content\/uploads\/2024\/05\/MicroPC-1536x768.jpg 1536w, https:\/\/gpdstore.net\/wp-content\/uploads\/2024\/05\/MicroPC-990x495.jpg 990w, https:\/\/gpdstore.net\/wp-content\/uploads\/2024\/05\/MicroPC-441x221.jpg 441w, https:\/\/gpdstore.net\/wp-content\/uploads\/2024\/05\/MicroPC.jpg 1920w\" sizes=\"(max-width: 1200px) 100vw, 1200px\" \/><\/figure>\n\n<p>Grazie al processore Intel\u00ae Celeron\u00ae N4120 Quad Core ad alta velocit\u00e0, che raggiunge una frequenza turbo di 2,6GHz, e agli <a href=\"https:\/\/gpdstore.net\/it\/product-attribute\/memory-ram-capacity\/8gb-it\/\" target=\"_blank\" rel=\"noreferrer noopener\">8 GB<\/a> di RAM <a href=\"https:\/\/gpdstore.net\/it\/product-attribute\/memory-ram-technology\/lpddr4-it\/\" target=\"_blank\" rel=\"noreferrer noopener\">LPDDR4<\/a>, il Micro PC offre prestazioni impressionanti. Scegli tra tre opzioni di archiviazione: <a href=\"https:\/\/gpdstore.net\/it\/product-attribute\/storage-capacity\/256gb-it\/\" target=\"_blank\" rel=\"noreferrer noopener\">256GB<\/a>, <a href=\"https:\/\/gpdstore.net\/it\/product-attribute\/storage-capacity\/512-gb-it\/\" target=\"_blank\" rel=\"noreferrer noopener\">512GB<\/a> o <a href=\"https:\/\/gpdstore.net\/it\/product-attribute\/storage-capacity\/1tb-it\/\" target=\"_blank\" rel=\"noreferrer noopener\">1TB<\/a> NGFF M.2 SSD SATA, con la possibilit\u00e0 di effettuare un upgrade in un secondo momento.<\/p>\n\n<p>La connettivit\u00e0 \u00e8 un punto di forza, in grado di competere con i PC industriali di grandi dimensioni: tre porte USB 3.0 Tipo A, una porta USB Tipo-C, una porta seriale RS232, una porta Ethernet RJ45 da 1GB\/s, una porta HDMI e un lettore di schede MicroSD. Le opzioni wireless includono 802.11b\/g\/n\/ac, Wi-Fi 2.4G\/5G Dual-band e <a href=\"https:\/\/gpdstore.net\/it\/product-attribute\/bluetooth\/4-2-it\/\" target=\"_blank\" rel=\"noreferrer noopener\">Bluetooth 4.2<\/a>.<\/p>\n\n<p>Il display da 6 pollici del Micro PC vanta una risoluzione di 1280&#215;720, protetto da un vetro Corning Gorilla Glass 4 resistente ai graffi. Nonostante l&#8217;hardware potente, questo dispositivo \u00e8 compatto: misura solo 6&#8243; x 4,4&#8243; x 0,9&#8243; quando \u00e8 chiuso, abbastanza piccolo da poter essere riposto in una tasca o in una piccola borsa.<\/p>\n\n<p>Per un&#8217;esperienza di micro PC senza precedenti, GPD Micro PC offre un&#8217;eccezionale portabilit\u00e0, un&#8217;ampia connettivit\u00e0 e funzionalit\u00e0 ad alte prestazioni, che lo rendono la scelta ideale per gli appassionati di micro PC Windows 10&#8230;<\/p>\n\n<figure class=\"wp-block-image size-large\"><img loading=\"lazy\" decoding=\"async\" width=\"1200\" height=\"500\" src=\"https:\/\/gpdstore.net\/wp-content\/uploads\/2024\/05\/1068559-1200x500.jpg\" alt=\"GPD Micro PC, un mini computer compatto e robusto perfetto per l'informatica e la produttivit&#xE0; in mobilit&#xE0;.\" class=\"wp-image-1676\" srcset=\"https:\/\/gpdstore.net\/wp-content\/uploads\/2024\/05\/1068559-1200x500.jpg 1200w, https:\/\/gpdstore.net\/wp-content\/uploads\/2024\/05\/1068559-150x63.jpg 150w, https:\/\/gpdstore.net\/wp-content\/uploads\/2024\/05\/1068559-600x250.jpg 600w, https:\/\/gpdstore.net\/wp-content\/uploads\/2024\/05\/1068559-768x320.jpg 768w, https:\/\/gpdstore.net\/wp-content\/uploads\/2024\/05\/1068559-1536x640.jpg 1536w, https:\/\/gpdstore.net\/wp-content\/uploads\/2024\/05\/1068559-990x413.jpg 990w, https:\/\/gpdstore.net\/wp-content\/uploads\/2024\/05\/1068559-441x184.jpg 441w, https:\/\/gpdstore.net\/wp-content\/uploads\/2024\/05\/1068559.jpg 1920w\" sizes=\"(max-width: 1200px) 100vw, 1200px\" \/><\/figure>\n","protected":false},"excerpt":{"rendered":"<ul>\n<li>Su misura per i professionisti IT<\/li>\n<li>Chipset Intel N4120<\/li>\n<li>Windows 10 <strong>Pro<\/strong><\/li>\n<li>Porta seriale RS-232<\/li>\n<li>Wi-Fi Dual-Band e 1 porta RJ45 Gigabit<\/li>\n<\/ul>\n<p>[cg_accordion title=\"INFO SUL PAGAMENTO\"]  Utilizziamo la pi\u00f9 recente tecnologia per l&#8217;elaborazione dei pagamenti, che ti permette di effettuare il checkout tramite carta di debito\/credito o PayPal per un&#8217;esperienza veloce e sicura.[\/cg_accordion] [cg_accordion title=\"GARANZIA\"]  2 anni di garanzia da parte di <a href=\"https:\/\/droix.net\/\" target=\"_blank\" rel=\"nofollow noopener\">DROIX Global<\/a> per la tua tranquillit\u00e0[\/cg_accordion] [cg_accordion title=\"GARANZIA DI QUALIT\u00c0 E TEST PRE-SPEDIZIONE\"]  Garantire la soddisfazione del cliente ai massimi livelli: Ogni dispositivo viene sottoposto a test rigorosi e a un controllo di qualit\u00e0 in pi\u00f9 punti prima di essere spedito. Il nostro team dedicato verifica le prestazioni, la funzionalit\u00e0 e l&#8217;integrit\u00e0 dei componenti per garantire che il tuo dispositivo GPD sia perfettamente funzionante al momento dell&#8217;arrivo, offrendoti fiducia e tranquillit\u00e0. [\/cg_accordion] [cg_accordion title=\"PRICING, TAXES AND SHIPPING\"] <strong><u>Nota:<\/u><\/strong><\/p>\n<ul>\n<li>Clienti degli Stati Uniti: Il prezzo esposto non include tasse e imposte. La responsabilit\u00e0 dello sdoganamento e del pagamento di eventuali tasse\/dazi \u00e8 a carico del cliente. <\/li>\n<li>Clienti UE: Il prezzo visualizzato include l&#8217;imposta applicabile, che pu\u00f2 arrivare al 25% a seconda del paese.<\/li>\n<li>Clienti del Canada: Il prezzo visualizzato \u00e8 comprensivo delle imposte applicabili, che possono includere il 5% di GST e ulteriori imposte provinciali sulle vendite (PST), l&#8217;imposta sulle vendite armonizzata (HST) o l&#8217;imposta sulle vendite del Quebec (QST), a seconda della provincia di appartenenza.<\/li>\n<\/ul>\n<p><strong>Solo per i clienti dell&#8217;UE:<\/strong> Express DDP (Delivered Duty Paid). Ci\u00f2 significa che: <\/p>\n<ul>\n<li style=\"list-style-type: none;\">\n<ul>\n<li>Tutti i dazi doganali e le tasse sono inclusi nel prezzo visualizzato nella pagina del prodotto.<\/li>\n<li>Non dovrete pagare alcun costo aggiuntivo alla consegna.<\/li>\n<li>Nel raro caso di problemi doganali, il nostro team si occuper\u00e0 del processo di sdoganamento per conto vostro per garantire una consegna senza problemi.<\/li>\n<p>Informazioni importanti sulla restituzione:<\/p>\n<li>Se decidete di restituire l&#8217;ordine o di richiedere un rimborso, sappiate che le tasse e i dazi pagati per vostro conto secondo i termini del DDP non possono essere rimborsati.<\/li>\n<p>Si prega di fare riferimento al nostro<\/ul>\n<\/li>\n<\/ul>\n<p><a href=\"https:\/\/droix.net\/terms-and-conditions\/\" target=\"_blank\" rel=\"nofollow noopener\">Termini e condizioni<\/a><\/p>\n<ul>per informazioni dettagliate.<\/ul>\n<p>[\/cg_accordion] [cg_accordion title=\"ASSISTENZA CLIENTI\"]  Avete una domanda? Basta un breve messaggio per risolvere il vostro problema!  Per informazioni dettagliate, consultare i nostri <a href=\"https:\/\/gpdstore.net\/it\/terms-of-service\/\" target=\"_blank\" rel=\"nofollow noopener\">Termini e condizioni<\/a>.  [\/cg_accordion] [cg_accordion title=\"WHAT'S INCLUDED\"]<\/p>\n<ul>\n<li>1x GPD Micro PC<\/li>\n<li>1 adattatore di alimentazione<\/li>\n<li>1 cavo USB Tipo-C<\/li>\n<li>1 manuale d&#8217;uso<\/li>\n<\/ul>\n<p>[\/cg_accordion]<\/p>\n","protected":false},"featured_media":10850,"template":"","meta":{"_acf_changed":false},"product_brand":[],"product_cat":[1090],"product_tag":[16261,4669],"woo-feed-brand":[1093],"class_list":{"0":"post-8488","1":"product","2":"type-product","3":"status-publish","4":"has-post-thumbnail","6":"product_cat-mini-computer-portatili-gpd","7":"product_tag-10xmsale-it","8":"product_tag-gpd-micro-pc-it","9":"product_shipping_class-standard","10":"pa_bluetooth-4-2-it","11":"pa_brand-gpd","12":"pa_graphics-gpu-model-grafica-uhd-600","13":"pa_i-o-video-1x-hdmi-2-0-tipo-a-it","14":"pa_memory-ram-capacity-8gb-it","15":"pa_memory-ram-technology-lpddr4-it","16":"pa_processor-cpu-model-celeron-n4120-processor","17":"pa_storage-capacity-256gb","18":"pa_storage-capacity-256gb-it","19":"pa_storage-capacity-512-gb-it","20":"pa_storage-capacity-512gb","21":"pa_storage-capacity-1tb-it","22":"pa_storage-capacity-1tb","23":"pa_storage-technology-ssd-m-2-2242","24":"pa_wi-fi-2-4g-5g-dual-band-it","25":"woo-feed-brand-gpd-it","27":"first","28":"outofstock","29":"sale","30":"taxable","31":"shipping-taxable","32":"purchasable","33":"product-type-variable","34":"has-default-attributes"},"acf":[],"aioseo_notices":[],"_links":{"self":[{"href":"https:\/\/gpdstore.net\/it\/wp-json\/wp\/v2\/product\/8488","targetHints":{"allow":["GET"]}}],"collection":[{"href":"https:\/\/gpdstore.net\/it\/wp-json\/wp\/v2\/product"}],"about":[{"href":"https:\/\/gpdstore.net\/it\/wp-json\/wp\/v2\/types\/product"}],"wp:featuredmedia":[{"embeddable":true,"href":"https:\/\/gpdstore.net\/it\/wp-json\/wp\/v2\/media\/10850"}],"wp:attachment":[{"href":"https:\/\/gpdstore.net\/it\/wp-json\/wp\/v2\/media?parent=8488"}],"wp:term":[{"taxonomy":"product_brand","embeddable":true,"href":"https:\/\/gpdstore.net\/it\/wp-json\/wp\/v2\/product_brand?post=8488"},{"taxonomy":"product_cat","embeddable":true,"href":"https:\/\/gpdstore.net\/it\/wp-json\/wp\/v2\/product_cat?post=8488"},{"taxonomy":"product_tag","embeddable":true,"href":"https:\/\/gpdstore.net\/it\/wp-json\/wp\/v2\/product_tag?post=8488"},{"taxonomy":"woo-feed-brand","embeddable":true,"href":"https:\/\/gpdstore.net\/it\/wp-json\/wp\/v2\/woo-feed-brand?post=8488"}],"curies":[{"name":"wp","href":"https:\/\/api.w.org\/{rel}","templated":true}]}}