{"id":8351,"date":"2023-11-29T11:23:37","date_gmt":"2023-11-29T11:23:37","guid":{"rendered":"https:\/\/gpdstore.net\/senza-categoria\/gpd-g1-2024-egpu-docking-station\/"},"modified":"2026-03-27T11:13:50","modified_gmt":"2026-03-27T11:13:50","slug":"gpd-g1","status":"publish","type":"product","link":"https:\/\/gpdstore.net\/it\/product\/gpd-g1\/","title":{"rendered":"Docking station per GPD G1 (2024) eGPU"},"content":{"rendered":"\n<figure class=\"wp-block-image aligncenter size-full\"><img decoding=\"async\" src=\"https:\/\/gpdstore.net\/wp-content\/uploads\/\" alt=\"Immagine della GPD G1 2024 eGPU Docking Station, con GPU AMD Radeon RX 7600M XT, interruttore TGP e connettivit&#xE0; versatile. Perfetto per i giocatori e i professionisti. Pre-ordina ora per ottenere funzionalit&#xE0; rivoluzionarie\" class=\"wp-image-1471\"\/><\/figure>\n\n<h2 class=\"wp-block-heading\"><strong>La docking station per eGPU GPD G1 2024: Un salto rivoluzionario<\/strong><\/h2>\n\n<p>La eGPU Docking Station GPD G1 2024 rappresenta un significativo passo avanti nel mondo delle unit\u00e0 di elaborazione grafica esterne. Progettata per gli utenti che richiedono mobilit\u00e0 e prestazioni elevate, questa docking station ridefinisce gli standard del settore delle eGPU. Grazie alla tecnologia all \u201cavanguardia, tra cui la scheda grafica AMD Radeon RX 7600M XT, e a funzioni innovative come il TGP Toggle Switch, la docking station GPD G1 eGPU si rivolge sia ai giocatori che ai professionisti. Il suo design elegante e portatile non solo migliora il vostro spazio di lavoro, ma offre anche potenti prestazioni ovunque vi troviate. Con GPD G1, abbracciate il futuro dell\u201d intrattenimento e della produttivit\u00e0 senza compromessi.    <\/p>\n\n<figure class=\"wp-block-gallery has-nested-images columns-default is-cropped wp-block-gallery-1 is-layout-flex wp-block-gallery-is-layout-flex\">\n<figure class=\"wp-block-image size-large\"><img decoding=\"async\" data-id=\"1494\" src=\"https:\/\/gpdstore.net\/wp-content\/uploads\/\" alt=\"L'immagine mostra un dispositivo portatile GPD G1 collegato a un laptop GPD WIN MAX 2, con entrambi i dispositivi collegati a monitor esterni per una configurazione di visualizzazione estesa.\" class=\"wp-image-1494\"\/><\/figure>\n\n\n\n<figure class=\"wp-block-image size-large\"><img decoding=\"async\" data-id=\"1493\" src=\"https:\/\/gpdstore.net\/wp-content\/uploads\/\" alt=\"Immagine che mostra un dispositivo portatile GPD G1 collegato a un laptop GPD WIN 4, insieme a monitor esterni, consentendo una configurazione multi-display.\" class=\"wp-image-1493\"\/><\/figure>\n\n\n\n<figure class=\"wp-block-image size-large\"><img decoding=\"async\" data-id=\"1467\" src=\"https:\/\/gpdstore.net\/wp-content\/uploads\/\" alt=\"L'immagine mostra un dispositivo portatile GPD G1 collegato a un GPD Pocket 3, con entrambi i dispositivi collegati a monitor esterni per una configurazione multi-display.\" class=\"wp-image-1467\"\/><\/figure>\n\n\n\n<figure class=\"wp-block-image size-large\"><img decoding=\"async\" data-id=\"1464\" src=\"https:\/\/gpdstore.net\/wp-content\/uploads\/\" alt=\"GPD G1 2024, un elegante dispositivo di gioco portatile con un display luminoso, controlli ergonomici e un design moderno.\" class=\"wp-image-1464\"\/><\/figure>\n\n\n\n<figure class=\"wp-block-image size-large\"><img fetchpriority=\"high\" decoding=\"async\" width=\"1000\" height=\"1000\" data-id=\"1465\" src=\"https:\/\/gpdstore.net\/wp-content\/uploads\/2024\/05\/GPD-G1_2024-USAGE-IMAGE-5.jpg\" alt=\"Immagine di un dispositivo portatile GPD G1 collegato a un computer portatile.\" class=\"wp-image-1465\" srcset=\"https:\/\/gpdstore.net\/wp-content\/uploads\/2024\/05\/GPD-G1_2024-USAGE-IMAGE-5.jpg 1000w, https:\/\/gpdstore.net\/wp-content\/uploads\/2024\/05\/GPD-G1_2024-USAGE-IMAGE-5-600x600.jpg 600w, https:\/\/gpdstore.net\/wp-content\/uploads\/2024\/05\/GPD-G1_2024-USAGE-IMAGE-5-150x150.jpg 150w, https:\/\/gpdstore.net\/wp-content\/uploads\/2024\/05\/GPD-G1_2024-USAGE-IMAGE-5-768x768.jpg 768w, https:\/\/gpdstore.net\/wp-content\/uploads\/2024\/05\/GPD-G1_2024-USAGE-IMAGE-5-990x990.jpg 990w, https:\/\/gpdstore.net\/wp-content\/uploads\/2024\/05\/GPD-G1_2024-USAGE-IMAGE-5-441x441.jpg 441w, https:\/\/gpdstore.net\/wp-content\/uploads\/2024\/05\/GPD-G1_2024-USAGE-IMAGE-5-100x100.jpg 100w\" sizes=\"(max-width: 1000px) 100vw, 1000px\" \/><\/figure>\n\n\n\n<figure class=\"wp-block-image size-large\"><img decoding=\"async\" data-id=\"1466\" src=\"https:\/\/gpdstore.net\/wp-content\/uploads\/\" alt=\"GPD G1 2024 eGPU Docking Station: GPU AMD Radeon RX 7600M XT, interruttore TGP e connettivit&#xE0; versatile. Ideale per giocatori e professionisti. \" class=\"wp-image-1466\"\/><\/figure>\n<\/figure>\n\n<div class=\"wp-block-columns is-layout-flex wp-container-core-columns-is-layout-28f84493 wp-block-columns-is-layout-flex\">\n<div class=\"wp-block-column is-layout-flow wp-block-column-is-layout-flow\" style=\"flex-basis:66.66%\">\n<figure class=\"wp-block-image size-full\"><img decoding=\"async\" src=\"https:\/\/gpdstore.net\/wp-content\/uploads\/\" alt=\"Immagine della Docking Station eGPU GPD G1 2024, che mette in evidenza la GPU AMD Radeon RX 7600M XT, l'interruttore TGP e le versatili opzioni di connettivit&#xE0;. Perfetta per i giocatori e i professionisti che cercano prestazioni ineguagliabili e un design elegante. \" class=\"wp-image-995\"\/><\/figure>\n<\/div>\n\n\n\n<div class=\"wp-block-column is-layout-flow wp-block-column-is-layout-flow\" style=\"flex-basis:33.33%\">\n<h2 class=\"wp-block-heading has-text-align-left\"><strong>GPD G1 2024<\/strong> &#8211; <strong><strong>Il pi\u00f9 piccolo dock di espansione per schede grafiche <\/strong><\/strong> <\/h2>\n\n\n\n<p>La eGPU Docking Station stabilisce nuovi standard tecnologici, offrendo prestazioni, design e funzionalit\u00e0 ineguagliabili. Grazie alla potente GPU AMD Radeon RX 7600M XT, all&#8217;innovativo interruttore TGP e alle versatili opzioni di connettivit\u00e0, \u00e8 la soluzione definitiva per giocatori e professionisti. Pre-ordinate oggi stesso la eGPU Docking Station GPD G1 2024 e siate tra i primi a sperimentare le sue caratteristiche rivoluzionarie. Entrate nel futuro con GPD G1 &#8211; dove le prestazioni incontrano la portabilit\u00e0.   <\/p>\n<\/div>\n<\/div>\n\n<h2 class=\"wp-block-heading has-text-align-center\">Controllo delle prestazioni di nuova generazione: TGP e connettivit\u00e0 per utenti potenti<\/h2>\n\n<div class=\"wp-block-columns is-layout-flex wp-container-core-columns-is-layout-28f84493 wp-block-columns-is-layout-flex\">\n<div class=\"wp-block-column is-layout-flow wp-block-column-is-layout-flow\">\n<figure class=\"wp-block-image size-full is-resized\"><img decoding=\"async\" src=\"https:\/\/gpdstore.net\/wp-content\/uploads\/\" alt=\"Immagine della GPD G1 2024 eGPU Docking Station, con GPU AMD Radeon RX 7600M XT, interruttore TGP per un maggiore controllo delle prestazioni e connettivit&#xE0; versatile. Perfetto per i giocatori e i professionisti. Pre-ordinate ora per ottenere funzionalit&#xE0; rivoluzionarie.\" class=\"wp-image-1510\" style=\"width:281px;height:auto\"\/><\/figure>\n\n\n\n<h3 class=\"wp-block-heading\"><strong>Modalit\u00e0 silenziosa e prestazioni migliorate: Come l&#8217;interruttore a levetta TGP (60W\/100W) ottimizza la tua esperienza<\/strong><\/h3>\n\n\n\n<p>Esclusivo \u201cTasto TGP Toggle\u201d, durante il gioco \u00e8 possibile passare liberamente dalla modalit\u00e0 silenziosa a quella performante.<br\/>Il tasto TGP Toggle Switch consente agli utenti di scegliere tra la modalit\u00e0 silenziosa (60W TGP) per una minore rumorosit\u00e0 e la modalit\u00e0 normale (100W TGP) per prestazioni migliori, offrendo una flessibilit\u00e0 basata sulle esigenze degli utenti.<\/p>\n<\/div>\n\n\n\n<div class=\"wp-block-column is-layout-flow wp-block-column-is-layout-flow\">\n<figure class=\"wp-block-image size-full is-resized\"><img decoding=\"async\" src=\"https:\/\/gpdstore.net\/wp-content\/uploads\/\" alt=\"Immagine della scheda adattatore di interfaccia GPD G1 2024 M.2 NVMe Protocol to Oculink SFF-8612, che offre un'espansione compatta per le schede grafiche \" class=\"wp-image-1507\" style=\"width:284px;height:auto\"\/><\/figure>\n\n\n\n<h3 class=\"wp-block-heading\"><strong>Il vantaggio di Oculink: Perch\u00e9 l&#8217;interfaccia SFF-8612 offre una larghezza di banda superiore per le eGPU<\/strong><\/h3>\n\n\n\n<p>Le schede madri ITX, come la Z690I, dispongono in genere di tre interfacce M.2, una delle quali pu\u00f2 essere utilizzata per collegare la scheda adattatore. \u00c8 quindi possibile utilizzare un cavo Oculink SF-8611 a doppia porta per collegare l \u201cinterfaccia Oculink SFF-8612 della scheda adattatore all\u201d interfaccia Oculink SFF-8612 di GPD G1. <\/p>\n<\/div>\n\n\n\n<div class=\"wp-block-column is-layout-flow wp-block-column-is-layout-flow\">\n<figure class=\"wp-block-image size-full is-resized\"><img decoding=\"async\" src=\"https:\/\/gpdstore.net\/wp-content\/uploads\/\" alt=\"Immagine della scheda adattatore di interfaccia GPD G1 2024 SFF-8612, il pi&#xF9; piccolo dock di espansione per schede grafiche.\" class=\"wp-image-1508\" style=\"width:227px;height:auto\"\/><\/figure>\n\n\n\n<h3 class=\"wp-block-heading\"><strong>Risolvere il problema della mezza altezza: usare la staffa lunga e corta per montare la scheda grafica<\/strong><\/h3>\n\n\n\n<p>Le schede grafiche a mezza altezza adatte ai case ITX sono rare e le schede grafiche a mezza altezza ad alte prestazioni sono quasi inesistenti. Pertanto, \u00e8 possibile installare una scheda adattatore da PCIe 3.0 x4 a Oculink SFF-8612 per collegare GPD G1. La staffa lunga e la staffa corta possono essere facilmente sostituite.  <\/p>\n\n\n\n<h3 class=\"wp-block-heading\"><strong><br\/><\/strong><\/h3>\n<\/div>\n<\/div>\n\n<h2 class=\"wp-block-heading\"><strong>Panoramica del prodotto<\/strong><\/h2>\n\n<p>La Docking Station GPD G1 2024 eGPU incarna il progresso tecnologico e il design ergonomico. Grazie alla GPU AMD Radeon RX 7600M XT e all&#8217;architettura RDNA 3.0, offre prestazioni grafiche senza precedenti, adatte ai giochi AAA con risoluzione fino a 4K. Dagli appassionati di giochi alla ricerca di prestazioni di alto livello ai professionisti che necessitano di potenza di calcolo in movimento, questo dispositivo si rivolge a una vasta gamma di utenti.  <\/p>\n\n<figure class=\"wp-block-image size-full\"><img decoding=\"async\" src=\"https:\/\/gpdstore.net\/wp-content\/uploads\/\" alt=\"Immagine della GPD G1 2024 eGPU Docking Station con GPU AMD Radeon RX 7600M XT, interruttore a levetta TGP e  \" class=\"wp-image-1511\"\/><\/figure>\n\n<p>La docking station GPD G1 2024 eGPU offre un&#8217;eccezionale versatilit\u00e0 grazie alle opzioni di connettivit\u00e0 OcuLink e USB 4, supportando un&#8217;ampia gamma di PC e dispositivi di gioco portatili. Il suo design compatto e leggero, che misura solo 22,5 \u00d7 11,1 \u00d7 3,0 cm e pesa 920 g, garantisce la portabilit\u00e0 senza sacrificare le prestazioni. Sia a casa che in viaggio, la docking station GPD G1 eGPU migliora le sessioni di gioco e le attivit\u00e0 di produttivit\u00e0 con facilit\u00e0. Inoltre, la compatibilit\u00e0 con ROG ALLY X ne amplia l&#8217;utilizzo con altri sistemi di gioco.   <\/p>\n\n<figure class=\"wp-block-image aligncenter size-full\"><img decoding=\"async\" width=\"900\" height=\"559\" src=\"https:\/\/gpdstore.net\/wp-content\/uploads\/2024\/05\/3-1.png\" alt=\"Dimensioni della GPD G1 eGPU: Compatta e poco ingombrante per un'integrazione perfetta.\" class=\"wp-image-1512\" srcset=\"https:\/\/gpdstore.net\/wp-content\/uploads\/2024\/05\/3-1.png 900w, https:\/\/gpdstore.net\/wp-content\/uploads\/2024\/05\/3-1-600x373.png 600w, https:\/\/gpdstore.net\/wp-content\/uploads\/2024\/05\/3-1-768x477.png 768w, https:\/\/gpdstore.net\/wp-content\/uploads\/2024\/05\/3-1-320x200.png 320w, https:\/\/gpdstore.net\/wp-content\/uploads\/2024\/05\/3-1-360x224.png 360w, https:\/\/gpdstore.net\/wp-content\/uploads\/2024\/05\/3-1-441x274.png 441w, https:\/\/gpdstore.net\/wp-content\/uploads\/2024\/05\/3-1-150x93.png 150w\" sizes=\"(max-width: 900px) 100vw, 900px\" \/><\/figure>\n\n<h2 class=\"wp-block-heading\"><strong>Caratteristiche dettagliate<\/strong><\/h2>\n\n<p><strong>Prestazioni:<\/strong> Costruita per soddisfare le richieste delle applicazioni creative e di gioco pi\u00f9 esigenti, la docking station GPD G1 2024 \u00e8 dotata di GPU AMD Radeon RX 7600M XT, con 32 unit\u00e0 di calcolo con clock a 2300 Mhz e 8 GB di memoria GDDR6. Il caricatore GaN integrato da 240 W del dispositivo fornisce un&#8217;ampia potenza per prestazioni prolungate. <\/p>\n\n<p><strong>Prestazioni grafiche:<\/strong> Il cuore delle eccezionali prestazioni di GPD G1 risiede nella sua GPU. In grado di gestire giochi e applicazioni con una risoluzione fino a 4K, offre immagini vivaci e un gameplay fluido, perfetto per i titoli AAA. <\/p>\n\n<figure class=\"wp-block-image aligncenter size-full\"><img decoding=\"async\" src=\"https:\/\/gpdstore.net\/wp-content\/uploads\/\" alt=\"Immagine di GPD G1 2024 eGPU Docking Station con GPU AMD Radeon RX 7600M XT, interruttore TGP Toggle e opzioni di connettivit&#xE0; versatili. Ideale per giocatori e professionisti.  Pre-ordinate ora per ottenere funzionalit&#xE0; rivoluzionarie.\" class=\"wp-image-1505\"\/><\/figure>\n\n<h2 class=\"wp-block-heading\"><strong>Porte HDMI e USB aggiornate<\/strong><\/h2>\n\n<p>Il modello GPD G1 2024 eGPU \u00e8 dotato di una porta HDMI 2.1 aggiornata che supporta l&#8217;uscita 4K 120Hz e di una porta USB 4 con potenza di uscita di 65W, per migliorare la qualit\u00e0 visiva e la compatibilit\u00e0 dei dispositivi.<\/p>\n\n<h2 class=\"wp-block-heading\"><strong>Esperienza utente<\/strong><\/h2>\n\n<p>GPD G1 ridefinisce l \u201cesperienza dell\u201d utente offrendo prestazioni di gioco di livello desktop in un formato portatile. Grazie alle porte USB multiple e alle uscite HDMI e DisplayPort doppie, gli utenti possono creare configurazioni di gioco coinvolgenti o ambienti multitasking produttivi. Il design ergonomico del dispositivo e la facilit\u00e0 di configurazione consentono agli utenti di iniziare a giocare o a lavorare in pochi minuti.  <\/p>\n\n<div class=\"wp-block-columns is-layout-flex wp-container-core-columns-is-layout-28f84493 wp-block-columns-is-layout-flex\">\n<div class=\"wp-block-column is-layout-flow wp-block-column-is-layout-flow\" style=\"flex-basis:100%\">\n<h2 class=\"wp-block-heading\"><strong>Conclusione<\/strong><\/h2>\n<\/div>\n<\/div>\n\n<p>La GPD G1 2024 eGPU Docking Station \u00e8 leader nell&#8217;innovazione tecnologica e combina prestazioni superiori, design elegante e funzionalit\u00e0 eccezionali. Dotata della formidabile GPU AMD Radeon RX 7600M XT e di un pionieristico interruttore TGP, offre opzioni di connettivit\u00e0 versatili ed \u00e8 compatibile con ROG Ally X. La docking station GPD G1 eGPU \u00e8 la scelta definitiva per chi punta ai massimi livelli di gioco e produttivit\u00e0.  Entra nel futuro dell&#8217;intrattenimento con un dispositivo che si libera dai limiti dell&#8217;informatica convenzionale.<\/p>\n\n<h2 class=\"wp-block-heading has-text-align-center\">Le migliori console portatili per il gioco su PC per la GPD G1<\/h2>\n\n<p>GPD G1 2024 \u00e8 una eGPU all \u201cavanguardia che migliora notevolmente le prestazioni di gioco di vari PC palmari, rendendola un accessorio ideale per GPD Win Max 2 2024, Win 4 2024 e Win Mini 2024. Il GPD Win Max 2 2024 vanta un ampio schermo da 10,1 pollici, un potente processore Intel di 12a generazione e una tastiera a grandezza naturale, offrendo una soluzione versatile sia per il gioco che per la produttivit\u00e0. Il GPD Win 4 2024 ha un design compatto con tastiera a scorrimento ed \u00e8 alimentato da un processore AMD Ryzen 7 7840U, che rappresenta un perfetto equilibrio tra portabilit\u00e0 e potenza. Il GPD Win Mini 2024, il pi\u00f9 nuovo e il pi\u00f9 piccolo della linea, offre prestazioni impressionanti grazie al suo design efficiente e ai componenti interni di fascia alta, che lo rendono la scelta ideale per i giocatori in movimento. Se abbinati a GPD G1 2024, questi dispositivi si trasformano in centrali di gioco portatili, in grado di gestire con facilit\u00e0 gli ultimi titoli AAA e di offrire un\u201d esperienza di gioco coinvolgente e senza interruzioni.    <\/p>\n","protected":false},"excerpt":{"rendered":"<ul>\n<li>GPU: AMD Radeon\u2122<strong> RX 7600M XT<\/strong> eGPU  <\/li>\n<li>COMPATIBILIT\u00c0:<strong> OCuLink, USB 4, Thunderbolt 3 e 4<\/strong><\/li>\n<li>OCULINK:<strong> Connettivit\u00e0 PCI Express<\/strong><\/li>\n<li>USB 4:<strong> fino a 40 Gbps<\/strong><\/li>\n<li>Progettato per: <strong>GPD<\/strong> WIN MAX 2, WIN 4, WIN Mini, ROG Ally X  <\/li>\n<\/ul>\n[cg_accordion title=\"INFO SUL PAGAMENTO\"]<\/p>\n<p>Utilizziamo la pi\u00f9 recente tecnologia di elaborazione dei pagamenti, che consente di effettuare il checkout tramite carta di debito\/credito o PayPal per un&#8217;esperienza rapida e sicura.[\/cg_accordion]\n[cg_accordion title=\"GARANZIA\"]<\/p>\n<p>2 anni di garanzia da parte di <a href=\"https:\/\/droix.net\/\" target=\"_blank\" rel=\"nofollow noopener\">DROIX Global<\/a> per la vostra tranquillit\u00e0[\/cg_accordion]\n[cg_accordion title=\"GARANZIA DI QUALIT\u00c0 E TEST PRE-SPEDIZIONE\"]<\/p>\n<p>Garantire la soddisfazione del cliente ai massimi livelli: Ogni dispositivo viene sottoposto a test rigorosi e a un controllo di qualit\u00e0 in pi\u00f9 punti prima di essere spedito. Il nostro team dedicato verifica le prestazioni, la funzionalit\u00e0 e l&#8217;integrit\u00e0 dei componenti per garantire che il tuo dispositivo GPD sia perfettamente funzionante al momento dell&#8217;arrivo, offrendoti fiducia e tranquillit\u00e0. [\/cg_accordion]\n[cg_accordion title=\"PREZZI, TASSE E SPEDIZIONE\"]<\/p>\n<p><strong><u>Nota:<\/u><\/strong><\/p>\n<ul>\n<li>Clienti degli Stati Uniti: Il prezzo esposto non include tasse e imposte. La responsabilit\u00e0 dello sdoganamento e del pagamento di eventuali tasse\/dazi \u00e8 a carico del cliente. <\/li>\n<li>Clienti UE: Il prezzo visualizzato include l&#8217;imposta applicabile, che pu\u00f2 arrivare al 25% a seconda del paese.<\/li>\n<li>Clienti del Canada: Il prezzo visualizzato \u00e8 comprensivo delle imposte applicabili, che possono includere il 5% di GST e ulteriori imposte provinciali sulle vendite (PST), l&#8217;imposta sulle vendite armonizzata (HST) o l&#8217;imposta sulle vendite del Quebec (QST), a seconda della provincia di appartenenza.<\/li>\n<\/ul>\n<p><strong>Solo per i clienti dell&#8217;UE:<\/strong> Express DDP (Delivered Duty Paid). Ci\u00f2 significa che: <\/p>\n<ul>\n<li>Tutti i dazi doganali e le tasse sono inclusi nel prezzo visualizzato nella pagina del prodotto.<\/li>\n<li>Non dovrete pagare alcun costo aggiuntivo alla consegna.<\/li>\n<li>Nel raro caso di problemi doganali, il nostro team si occuper\u00e0 del processo di sdoganamento per conto vostro per garantire una consegna senza problemi.<\/li>\n<p>Informazioni importanti sulla restituzione:<\/p>\n<li>Se decidete di restituire l&#8217;ordine o di richiedere un rimborso, sappiate che le tasse e i dazi pagati per vostro conto secondo i termini del DDP non possono essere rimborsati.<\/li>\n<p>Per informazioni dettagliate, consultare i nostri <a href=\"https:\/\/droix.net\/terms-and-conditions\/\" target=\"_blank\" rel=\"nofollow noopener\">Termini e condizioni<\/a>.\n<\/ul>\n<p>[\/cg_accordion]\n[cg_accordion title=\"ASSISTENZA CLIENTI\"]<\/p>\n<p>Avete una domanda? Basta un breve messaggio per risolvere il vostro problema! <\/p>\n<p>Per informazioni dettagliate, consultare i nostri <a href=\"https:\/\/gpdstore.net\/it\/terms-of-service\/\" target=\"_blank\" rel=\"nofollow noopener\">Termini e condizioni<\/a>.\n<\/ul>\n<p>[\/cg_accordion]\n[cg_accordion title=\"COSA \u00c8 INCLUSO\"]<\/p>\n<ul>\n<li>1x GPD G1 2024<\/li>\n<li>1 adattatore di alimentazione<\/li>\n<li>1 cavo USB Tipo-C<\/li>\n<li>1 manuale d&#8217;uso<\/li>\n<\/ul>\n<p>[\/cg_accordion]\n","protected":false},"featured_media":15376,"template":"","meta":{"_acf_changed":false},"product_brand":[],"product_cat":[1327],"product_tag":[16261,1917],"woo-feed-brand":[1093],"class_list":{"0":"post-8351","1":"product","2":"type-product","3":"status-publish","4":"has-post-thumbnail","6":"product_cat-accessori","7":"product_tag-10xmsale-it","8":"product_tag-gpd-g1-it","9":"product_shipping_class-premium","10":"pa_brand-gpd","11":"pa_graphics-gpu-model-radeon-rx-7600m-xt-it","12":"pa_i-o-video-1-oculink","13":"pa_i-o-video-tramite-1x-usb-4-0-type-c-40gb-s","14":"woo-feed-brand-gpd-it","16":"first","17":"outofstock","18":"taxable","19":"shipping-taxable","20":"purchasable","21":"product-type-variable","22":"has-default-attributes"},"acf":[],"aioseo_notices":[],"_links":{"self":[{"href":"https:\/\/gpdstore.net\/it\/wp-json\/wp\/v2\/product\/8351","targetHints":{"allow":["GET"]}}],"collection":[{"href":"https:\/\/gpdstore.net\/it\/wp-json\/wp\/v2\/product"}],"about":[{"href":"https:\/\/gpdstore.net\/it\/wp-json\/wp\/v2\/types\/product"}],"wp:featuredmedia":[{"embeddable":true,"href":"https:\/\/gpdstore.net\/it\/wp-json\/wp\/v2\/media\/15376"}],"wp:attachment":[{"href":"https:\/\/gpdstore.net\/it\/wp-json\/wp\/v2\/media?parent=8351"}],"wp:term":[{"taxonomy":"product_brand","embeddable":true,"href":"https:\/\/gpdstore.net\/it\/wp-json\/wp\/v2\/product_brand?post=8351"},{"taxonomy":"product_cat","embeddable":true,"href":"https:\/\/gpdstore.net\/it\/wp-json\/wp\/v2\/product_cat?post=8351"},{"taxonomy":"product_tag","embeddable":true,"href":"https:\/\/gpdstore.net\/it\/wp-json\/wp\/v2\/product_tag?post=8351"},{"taxonomy":"woo-feed-brand","embeddable":true,"href":"https:\/\/gpdstore.net\/it\/wp-json\/wp\/v2\/woo-feed-brand?post=8351"}],"curies":[{"name":"wp","href":"https:\/\/api.w.org\/{rel}","templated":true}]}}