{"id":8268,"date":"2023-11-17T17:45:40","date_gmt":"2023-11-17T17:45:40","guid":{"rendered":"https:\/\/gpdstore.net\/senza-categoria\/gpd-win-mini-pc-portatile-da-gioco\/"},"modified":"2025-12-19T16:27:47","modified_gmt":"2025-12-19T16:27:47","slug":"gpd-win-mini","status":"publish","type":"product","link":"https:\/\/gpdstore.net\/it\/product\/gpd-win-mini\/","title":{"rendered":"GPD WIN Mini PC portatile da gioco"},"content":{"rendered":"\n<figure class=\"wp-block-video\"><video controls=\"\" src=\"https:\/\/gpdstore.net\/wp-content\/uploads\/\"><\/video><\/figure>\n\n<div class=\"wp-block-columns is-layout-flex wp-container-core-columns-is-layout-28f84493 wp-block-columns-is-layout-flex\">\n<div class=\"wp-block-column is-layout-flow wp-block-column-is-layout-flow\" style=\"flex-basis:33.33%\">\n<figure class=\"wp-block-image size-full\"><img fetchpriority=\"high\" decoding=\"async\" width=\"640\" height=\"640\" src=\"https:\/\/gpdstore.net\/wp-content\/uploads\/2024\/03\/4ebac7a0-58e9-47ef-a036-783efd2a5e00._CR00640640_.jpg\" alt=\"gpd win mini 2024\" class=\"wp-image-1650\" srcset=\"https:\/\/gpdstore.net\/wp-content\/uploads\/2024\/03\/4ebac7a0-58e9-47ef-a036-783efd2a5e00._CR00640640_.jpg 640w, https:\/\/gpdstore.net\/wp-content\/uploads\/2024\/03\/4ebac7a0-58e9-47ef-a036-783efd2a5e00._CR00640640_-600x600.jpg 600w, https:\/\/gpdstore.net\/wp-content\/uploads\/2024\/03\/4ebac7a0-58e9-47ef-a036-783efd2a5e00._CR00640640_-150x150.jpg 150w, https:\/\/gpdstore.net\/wp-content\/uploads\/2024\/03\/4ebac7a0-58e9-47ef-a036-783efd2a5e00._CR00640640_-441x441.jpg 441w, https:\/\/gpdstore.net\/wp-content\/uploads\/2024\/03\/4ebac7a0-58e9-47ef-a036-783efd2a5e00._CR00640640_-100x100.jpg 100w\" sizes=\"(max-width: 640px) 100vw, 640px\" \/><\/figure>\n<\/div>\n\n\n\n<div class=\"wp-block-column is-layout-flow wp-block-column-is-layout-flow\" style=\"flex-basis:66.66%\">\n<h2 class=\"wp-block-heading\"><strong>GPD WIN Mini (2023 Edition) &#8211; AMD Ryzen 7 7840U Handheld Gaming PC | 7&#8243; 120Hz LTPS Screen | 32GB\/64GB LPDDR5 | OcuLink SGLM Support &#8211; Best Value UMPC<\/strong><\/h2>\n\n\n\n<p>Why pay 2025 flagship prices? The GPD WIN Mini (2023 Edition) remains the ultimate &#8220;Silicon Sweet Spot.&#8221; Powered by the legendary AMD Ryzen 7 7840U, it delivers the perfect balance of Zen 4 power and portability for gamers who demand elite performance without the &#8220;Strix Point&#8221; premium. This Mobile Gaming PC redefines on-the-go gaming by seamlessly integrating the raw power of top-tier hardware into a form factor that comfortably nestles in the palm of your hand. Brace yourself for unparalleled gaming adventures with the GPD WIN Mini, your portal to gaming excellence in a compact, lightweight, and formidable package.<\/p>\n<\/div>\n<\/div>\n\n<h2 class=\"wp-block-heading has-text-align-center\">La precisione incontra la portabilit\u00e0: I controlli avanzati e il design a conchiglia della GPD WIN Mini<\/h2>\n\n<div class=\"wp-block-columns is-layout-flex wp-container-core-columns-is-layout-28f84493 wp-block-columns-is-layout-flex\">\n<div class=\"wp-block-column is-layout-flow wp-block-column-is-layout-flow\">\n<figure class=\"wp-block-image size-full\"><img decoding=\"async\" width=\"300\" height=\"300\" src=\"https:\/\/gpdstore.net\/wp-content\/uploads\/2024\/03\/cc2489ee-271a-4803-836e-eb3326d46fd8.__CR1310638638_PT0_SX300_V1___-1.png\" alt=\"GPD Win Mini joystick\" class=\"wp-image-1652\" srcset=\"https:\/\/gpdstore.net\/wp-content\/uploads\/2024\/03\/cc2489ee-271a-4803-836e-eb3326d46fd8.__CR1310638638_PT0_SX300_V1___-1.png 300w, https:\/\/gpdstore.net\/wp-content\/uploads\/2024\/03\/cc2489ee-271a-4803-836e-eb3326d46fd8.__CR1310638638_PT0_SX300_V1___-1-150x150.png 150w, https:\/\/gpdstore.net\/wp-content\/uploads\/2024\/03\/cc2489ee-271a-4803-836e-eb3326d46fd8.__CR1310638638_PT0_SX300_V1___-1-100x100.png 100w\" sizes=\"(max-width: 300px) 100vw, 300px\" \/><\/figure>\n\n\n\n<h3 class=\"wp-block-heading\"><strong><strong>Zero zone morte:<\/strong> Ottenere una precisione migliorata del 37,5% con i mini joystick a effetto Hall.<\/strong><\/h3>\n\n\n\n<p>I mini joystick a effetto Hall incorporati adottano un design incassato con supporto per la pressione verso il basso di L3 e R3 e sono regolabili all&#8217;infinito e super-lineari. Dopo la calibrazione, i joystick a effetto Hall hanno migliorato l&#8217;accuratezza del ritorno e la precisione della divisione della tensione rispettivamente del 37,5% e del 25% rispetto ai joystick standard, eliminando quasi completamente la possibilit\u00e0 di zone morte nel punto centrale. <\/p>\n<\/div>\n\n\n\n<div class=\"wp-block-column is-layout-flow wp-block-column-is-layout-flow\">\n<figure class=\"wp-block-image size-full\"><img decoding=\"async\" src=\"https:\/\/gpdstore.net\/wp-content\/uploads\/\" alt=\"GPD Win Mini L2 R2\" class=\"wp-image-1654\"\/><\/figure>\n\n\n\n<h3 class=\"wp-block-heading\"><strong><strong>Realismo immersivo:<\/strong> Simulare lo scatto e l&#8217;accelerazione con i trigger analogici lineari L2\/R2.<\/strong><\/h3>\n\n\n\n<p>Rispetto al WIN 2, i pulsanti L2 \/ R2 del WIN Mini sono stati trasformati in pulsanti analogici lineari, simulando accuratamente la risposta dei pulsanti a diverse intensit\u00e0 e consentendo di effettuare con precisione scatti, accelerazioni e altre operazioni. In questo modo si ottiene un&#8217;esperienza pi\u00f9 realistica dei cambiamenti dinamici nei giochi, un uso confortevole del controller e una maggiore immersione e giocabilit\u00e0 nei giochi. <\/p>\n<\/div>\n\n\n\n<div class=\"wp-block-column is-layout-flow wp-block-column-is-layout-flow\">\n<figure class=\"wp-block-image size-full\"><img decoding=\"async\" width=\"300\" height=\"300\" src=\"https:\/\/gpdstore.net\/wp-content\/uploads\/2024\/05\/81bbfc87-3418-4c8a-90fa-bd4c521a3eba.__CR1710559559_PT0_SX300_V1___-1.png\" alt=\"GPD WIN Mini SSD\" class=\"wp-image-1655\" srcset=\"https:\/\/gpdstore.net\/wp-content\/uploads\/2024\/05\/81bbfc87-3418-4c8a-90fa-bd4c521a3eba.__CR1710559559_PT0_SX300_V1___-1.png 300w, https:\/\/gpdstore.net\/wp-content\/uploads\/2024\/05\/81bbfc87-3418-4c8a-90fa-bd4c521a3eba.__CR1710559559_PT0_SX300_V1___-1-150x150.png 150w, https:\/\/gpdstore.net\/wp-content\/uploads\/2024\/05\/81bbfc87-3418-4c8a-90fa-bd4c521a3eba.__CR1710559559_PT0_SX300_V1___-1-65x65.png 65w, https:\/\/gpdstore.net\/wp-content\/uploads\/2024\/05\/81bbfc87-3418-4c8a-90fa-bd4c521a3eba.__CR1710559559_PT0_SX300_V1___-1-100x100.png 100w\" sizes=\"(max-width: 300px) 100vw, 300px\" \/><\/figure>\n\n\n\n<h3 class=\"wp-block-heading\"><strong><strong>Zero ritardi: Eliminazione dei tempi di caricamento con fino a 4TB di storage SSD PCIe 4.0.<\/strong><\/strong><\/h3>\n\n\n\n<p>AMD Ryzen 7 7840U supporta la specifica PCIe Gen4 con un throughput massimo teorico fino a 7,877 GB\/s. La configurazione ufficiale include un disco WD SN740 M.2 2230 SSD da 512 GB a 2 TB (PCIe Gen4), con una velocit\u00e0 di lettura e scrittura sequenziale misurata fino a 5150 MB\/s, ed \u00e8 espandibile senza limiti.  <br\/><\/p>\n<\/div>\n<\/div>\n\n<h2 class=\"wp-block-heading has-text-align-center\">Liberare tutto il potenziale: Connettivit\u00e0, personalizzazione ed ecosistema<\/h2>\n\n<div class=\"wp-block-columns is-layout-flex wp-container-core-columns-is-layout-28f84493 wp-block-columns-is-layout-flex\">\n<div class=\"wp-block-column is-layout-flow wp-block-column-is-layout-flow\" style=\"flex-basis:33.33%\">\n<figure class=\"wp-block-image size-full\"><img loading=\"lazy\" decoding=\"async\" width=\"300\" height=\"300\" src=\"https:\/\/gpdstore.net\/wp-content\/uploads\/2024\/03\/49ca9adf-2d79-4de3-8125-bfa7036712ac.__CR00742742_PT0_SX300_V1___.png\" alt=\"65W\" class=\"wp-image-1656\" srcset=\"https:\/\/gpdstore.net\/wp-content\/uploads\/2024\/03\/49ca9adf-2d79-4de3-8125-bfa7036712ac.__CR00742742_PT0_SX300_V1___.png 300w, https:\/\/gpdstore.net\/wp-content\/uploads\/2024\/03\/49ca9adf-2d79-4de3-8125-bfa7036712ac.__CR00742742_PT0_SX300_V1___-150x150.png 150w, https:\/\/gpdstore.net\/wp-content\/uploads\/2024\/03\/49ca9adf-2d79-4de3-8125-bfa7036712ac.__CR00742742_PT0_SX300_V1___-65x65.png 65w, https:\/\/gpdstore.net\/wp-content\/uploads\/2024\/03\/49ca9adf-2d79-4de3-8125-bfa7036712ac.__CR00742742_PT0_SX300_V1___-100x100.png 100w\" sizes=\"(max-width: 300px) 100vw, 300px\" \/><\/figure>\n<\/div>\n\n\n\n<div class=\"wp-block-column is-layout-flow wp-block-column-is-layout-flow\" style=\"flex-basis:66.66%\">\n<h3 class=\"wp-block-heading\"><br\/><br\/>Porta Type-C completa<\/h3>\n\n\n\n<p>Quando viene utilizzata la porta USB4, WIN Mini pu\u00f2 comunque ricaricare e trasferire audio, video e dati attraverso questa porta Type-C completa con una larghezza di banda di 10Gbps (USB 3.2 Gen 2) e il supporto per un display esterno 8K@60Hz.<\/p>\n<\/div>\n<\/div>\n\n<h2 class=\"wp-block-heading\"><strong>Scatena una potenza di elaborazione senza pari: Il dominio di AMD Ryzen<\/strong><\/h2>\n\n<p>Zen 4 Performance: The Legendary 7840U &#8220;Phoenix&#8221;<\/p>\n\n<p>The Emulation King: Native AVX-512 support makes the 7840U faster than many newer chips for PS3 (RPCS3) and Xbox 360 (Xenia) emulation.<\/p>\n\n<p>Radeon 780M + AFMF 2: Boost your frame rates in AAA titles like <em>Cyberpunk 2077<\/em> using the latest AMD Fluid Motion Frames software.<\/p>\n\n<p>64GB LPDDR5 Power: One of the few ultra-portables offering massive RAM configurations for heavy multitasking and virtualization.<\/p>\n\n<p>This Portable Gaming PC fearlessly tackles the most demanding gaming titles and resource-intensive applications, showcasing unparalleled prowess. Immerse yourself in seamless multitasking, accelerated load times, and ultra-smooth gameplay as you traverse the expansive gaming universe on the go.<\/p>\n\n<p>The AMD Ryzen 7 7840U remains a fan favorite in 2025 for its incredible efficiency-to-power ratio.<\/p>\n\n<h2 class=\"wp-block-heading\"><strong>Elevare le immagini oltre la realt\u00e0: Grafica AMD Radeon<\/strong><\/h2>\n\n<p>Godetevi le immagini di gioco che trascendono la realt\u00e0, grazie alla grafica AMD Radeon alloggiata all&#8217;interno di GPD WIN Mini. La <g id=\"gid_0\">AMD Radeon 780M<\/g> (modello 7840U), con 12 Compute Unit e velocit\u00e0 di clock fino a 2700 MHz, o la AMD Radeon 760M (modello 7640U) con 8 Compute Unit e velocit\u00e0 di clock fino a 2600 MHz, offrono una grafica realistica e mozzafiato e framerate ultra-reattivi. Immergetevi in paesaggi lussureggianti, ambienti realistici e azioni esplosive, il tutto presentato sul palmo di questa meraviglia di gioco portatile.  <\/p>\n\n<h2 class=\"wp-block-heading\"><strong>Memoria e storage inflessibili: Prestazioni potenti<\/strong><\/h2>\n\n<p>Rifiutate i compromessi quando si tratta di memoria e archiviazione. GPD WIN Mini presenta due opzioni di RAM: un&#8217;incredibile 64GB <a href=\"https:\/\/en.wikipedia.org\/wiki\/LPDDR\">LPDDR5<\/a> 6400MT\/s con il modello 7840U, o una robusta 16GB LPDDR5 6400 MT\/s con il modello 7640U. In questo modo sarete in grado di gestire senza problemi gli scenari di multitasking pi\u00f9 intensivi. Con opzioni di archiviazione fino a un&#8217;enorme capacit\u00e0 di 2 TB PCIe 4.0 x 4 NVMe 1.3\/1.4, potrete godere di un ampio spazio per la vostra vasta libreria di giochi, file multimediali e altro ancora. Niente pi\u00f9 compromessi, solo pura potenza a portata di mano.    <\/p>\n\n<h2 class=\"wp-block-heading\"><strong>Una maestria visiva elevata: Svela lo schermo da gioco da 7 pollici a 120 Hz ad alta velocit\u00e0 di aggiornamento<\/strong><\/h2>\n\n<p>Immergetevi in un regno di perfezione visiva con il rivoluzionario schermo da gioco da 7 pollici, una sinfonia di tecnologia LTPS e un&#8217;incredibile frequenza di aggiornamento di 120 Hz. Racchiuso nella sesta generazione di Corning Gorilla Glass, questo schermo affascina con tempi di risposta ridotti, mentre il rivestimento antiriflesso AF+AR orchestra un display privo di riflessi, che porta a una luminosit\u00e0 radiosa di 500 nit. La risoluzione a 1080P dipinge meticolosamente ogni pixel, mentre la possibilit\u00e0 di scegliere tra frequenze di aggiornamento di 60Hz e 120Hz scolpisce la vostra esperienza visiva. A 314PPI, nitidezza e immersione convergono, e l&#8217;innovazione non si ferma: il dimming DC assicura un&#8217;indulgenza senza sfarfallio nelle meraviglie del mondo del gioco.   <\/p>\n\n<h2 class=\"wp-block-heading\"><strong>Metti il turbo al tuo GPD WIN Mini con la Docking Station per eGPU GPD G1<\/strong><\/h2>\n\n<p>La eGPU Docking Station con scheda grafica di GPD G1 ridefinisce le prestazioni di gioco grazie alla GPU AMD Radeon RX 7600M XT con architettura RDNA 3.0, che offre una grafica straordinaria e un gameplay fluido. Grazie alla RAM GDDR6 da 8 GB, il multitasking diventa fluido e i tempi di caricamento fulminei migliorano l&#8217;esperienza di gioco. La compatibilit\u00e0 con <a href=\"https:\/\/droix.net\/blogs\/oculink-transforming-graphics-card-connectivity\/\">OCuLink<\/a> e USB 4 garantisce una connettivit\u00e0 versatile tra i vari dispositivi, compreso GPD WIN Mini, mentre le porte grafiche e video multiple consentono la connessione a tre schermi esterni per una configurazione coinvolgente. Il sistema di raffreddamento attivo di GPD G1 mantiene le prestazioni ottimali durante le sessioni pi\u00f9 intense.   <\/p>\n\n<h2 class=\"wp-block-heading\"><strong>Controlli da gioco: Una rivoluzione nella precisione<\/strong><\/h2>\n\n<p>GPD WIN Mini porta i controlli di gioco a un livello superiore. I doppi joystick a effetto Hall offrono input precisi e reattivi, mentre il design infinito e ultralineare elimina le zone morte, garantendo che ogni movimento sia importante. La funzionalit\u00e0 L3\/R3, se premuta, garantisce un ulteriore livello di controllo. I pulsanti Linear Analog Trigger L2 e R2 offrono una sensibilit\u00e0 senza pari, consentendo di regolare con precisione le azioni. L&#8217;aggiunta di pulsanti macro programmabili, del classico D-pad e dei pulsanti del menu consente di personalizzare la propria esperienza di gioco fin nei minimi dettagli.    <\/p>\n\n<h2 class=\"wp-block-heading\"><strong>Esperienza di input elevata: L&#8217;eccellenza della tastiera e del touchpad<\/strong><\/h2>\n\n<p>Dotato di una tastiera completa QWERTY con tasti a forbice e un design retroilluminato, il computer portatile da gioco GPD WIN Mini trascende il semplice gioco. Si trasforma in un concentrato di produttivit\u00e0 in movimento, consentendo di passare senza problemi dal lavoro al gioco. Il touchpad di precisione, con supporto per gesti fino a 4 dita, introduce un nuovo livello di controllo, sia per la navigazione nei menu che per la modifica dei documenti. Questo PC portatile da gioco non si limita a giocare, ma migliora l&#8217;intera esperienza informatica portatile.   <\/p>\n\n<h2 class=\"wp-block-heading\"><strong>Audiovisivi coinvolgenti: Effetti sonori DTS:X Ultra<\/strong><\/h2>\n\n<p>Preparatevi a un&#8217;esperienza audiovisiva coinvolgente che sfida le aspettative. GPD WIN Mini vanta due altoparlanti iper-lineari integrati, integrati da <a href=\"DTS:X%20Ultra%20Suono%20Effetti\">DTS:X Ultra Sound Effects<\/a>. Questi effetti simulano l&#8217;esperienza audio di una configurazione fisica a 7.1 canali, avvolgendovi in ogni suono, che sia il fruscio delle foglie o il rombo esplosivo degli spari. Il supporto per cuffie e altoparlanti garantisce un&#8217;avventura sonora all&#8217;altezza dello spettacolo visivo.   <\/p>\n\n<h2 class=\"wp-block-heading\"><strong>Connettivit\u00e0 oltre i limiti: Wi-Fi 6 e Bluetooth 5.2<\/strong><\/h2>\n\n<p>Rimanete connessi ovunque vi porti il vostro viaggio di gioco. GPD WIN Mini supporta il Wi-Fi 6 IEEE 802.11 a\/b\/g\/n\/ac\/ax con supporto della doppia banda di frequenza 2.4G\/5G e una velocit\u00e0 di trasmissione massima a doppio canale di 2402 Mbps. Questo garantisce giochi online fluidi, download rapidi e streaming senza interruzioni. Grazie al Bluetooth 5.2, \u00e8 possibile collegare facilmente periferiche, cuffie e altro ancora, rendendo questo PC da gioco compatto il vostro hub di gioco mobile definitivo.   <\/p>\n\n<h2 class=\"wp-block-heading\"><strong>Interfacce I\/O versatili: USB4 e USB 3.2 Gen 2 Type-C<\/strong><\/h2>\n\n<p>GPD WIN Mini \u00e8 dotato di una vasta gamma di interfacce I\/O, tra cui una velocissima porta USB4 con velocit\u00e0 fino a 40 Gbps. Inoltre, la porta USB 3.2 Gen 2 Type-C offre velocit\u00e0 fino a 10Gbps, garantendo trasferimenti di dati fulminei e una connettivit\u00e0 fluida delle periferiche. L&#8217;inclusione della porta OCuLink (SFF-8612) aggiunge ulteriore versatilit\u00e0 a questo computer portatile da gioco, rendendolo un hub per tutte le esigenze di connettivit\u00e0.  <\/p>\n\n<h2 class=\"wp-block-heading\"><strong>Memoria espandibile: slot microSD per una maggiore comodit\u00e0<\/strong><\/h2>\n\n<p>GPD WIN Mini non si ferma all&#8217;ampia memoria interna. \u00c8 dotato di uno slot microSD con protocollo SD 3.0, che supporta l&#8217;interfaccia bus UHS-I, la classe di velocit\u00e0 video V30 e prestazioni I\/O impressionanti. Con una velocit\u00e0 di lettura teorica di 160 MB\/s e una velocit\u00e0 di scrittura di 120MB\/s, \u00e8 possibile espandere lo spazio di archiviazione in movimento senza alcuno sforzo. Compatibile con le schede microSDHC, microSDXC e microSDUC, consente di trasportare facilmente file, documenti e file multimediali.   <\/p>\n\n<h2 class=\"wp-block-heading\"><strong>Sessioni di gioco prolungate: Batteria a lunga durata<\/strong><\/h2>\n\n<p>Giocate per lunghi periodi senza preoccuparvi di esaurire la batteria. GPD WIN Mini \u00e8 dotato di una batteria ai polimeri di litio da 44,24Wh che si adatta al vostro utilizzo. Sia che siate impegnati in pesanti sessioni di gioco o che dobbiate svolgere attivit\u00e0 lavorative, la durata della batteria non vi deluder\u00e0. A seconda dello scenario d&#8217;uso specifico, la batteria pu\u00f2 durare fino a 3 ore per un uso intenso, 6-8 ore per un uso moderato o ben 14 ore per un uso leggero.   <\/p>\n\n<h2 class=\"wp-block-heading\"><strong>Realizzato per l&#8217;eleganza: Design a conchiglia color ruggine<\/strong><\/h2>\n\n<p>GPD WIN Mini non \u00e8 solo un concentrato di potenza in termini di prestazioni, ma anche un capolavoro di design. Il design a conchiglia color ruggine, realizzato in lega di alluminio di prima qualit\u00e0, non solo emana eleganza, ma garantisce anche una lunga durata. La forma compatta di 6,6 x 4,2 x 1,02 pollici (16,8\u00d710,9\u00d72,6 cm) e il peso di soli 520 g la rendono facile da infilare in borsa o in tasca, assicurando che l&#8217;eccellenza del gioco sia sempre a portata di mano.  <\/p>\n\n<h2 class=\"wp-block-heading\"><strong>Perch\u00e9 dovresti scegliere il GPD WIN Mini<\/strong><\/h2>\n\n<p>In conclusione, il Mini PC portatile da gioco GPD WIN non \u00e8 un semplice dispositivo di gioco, ma una centrale elettrica portatile che garantisce prestazioni senza compromessi, versatilit\u00e0 eccezionale e un&#8217;esperienza di gioco coinvolgente che supera le aspettative. Grazie all&#8217;hardware di alto livello, al design accurato e a un fattore di forma che ridefinisce la portabilit\u00e0, questo PC da gioco compatto \u00e8 la porta d&#8217;accesso alla grandezza del gioco in movimento. Elevate il vostro stile di vita di gioco con GPD WIN Mini e intraprendete un viaggio che sfuma i confini tra realt\u00e0 e mondi virtuali.  <\/p>\n\n<h3 class=\"wp-block-heading\"><strong>Order Your GPD WIN Mini \u2013 In Stock &amp; Ready to Ship<\/strong><\/h3>\n\n<p>Secure the best-value ultra-portable on the market. Get flagship power without the flagship price tag.<\/p>\n\n<ul class=\"wp-block-list\">\n<li>Authentic GPD Product: Guaranteed genuine Zen 4 hardware.<\/li>\n\n\n\n<li>12-Month Official Warranty: Full support for your high-performance investment.<\/li>\n\n\n\n<li>Global Express Shipping: Tracked and insured delivery to your door.<\/li>\n<\/ul>\n\n<p>Scopri la nostra recensione completa di GPD WIN Mini <a href=\"https:\/\/droix.net\/blogs\/gpd-win-mini-review\/\">qui<\/a>. Sei interessato alla docking station GPD G1 eGPU per migliorare le tue prestazioni di gioco? Scopri la nostra recensione approfondita della docking station GPD G1 eGPU <a href=\"https:\/\/droix.net\/blogs\/gpd-g1-egpu-docking-station-review\/\">qui<\/a>.<\/p>\n","protected":false},"excerpt":{"rendered":"<ul>\n<li>CPU: AMD Ryzen 5 \/ 7<strong> 7640U \/ 7840U <\/strong> <\/li>\n<li>GPU: AMD Radeon<strong> 760M \/ 780M<\/strong><\/li>\n<li>RAM: fino a<strong> 64GB LPDDR5 @ 6400 MT\/s<\/strong><\/li>\n<li>STORAGE: fino a<strong> 2TB<\/strong> <strong>Gen 4<\/strong> PCI-E NVMe SSD<\/li>\n<li>CONNETTIVIT\u00c0: supporto Wi-Fi<strong> 6<\/strong> e Bluetooth <strong>5.2<\/strong> <\/li>\n<\/ul>\n[cg_accordion title=\"INFO SUL PAGAMENTO\"]<\/p>\n<p>Utilizziamo la pi\u00f9 recente tecnologia di elaborazione dei pagamenti, che consente di effettuare il checkout tramite carta di debito\/credito o PayPal per un&#8217;esperienza rapida e sicura.[\/cg_accordion]\n[cg_accordion title=\"GARANZIA\"]<\/p>\n<p>2 anni di garanzia da parte di <a href=\"https:\/\/droix.net\/\" target=\"_blank\" rel=\"nofollow noopener\">DROIX Global<\/a> per la vostra tranquillit\u00e0[\/cg_accordion]\n[cg_accordion title=\"GARANZIA DI QUALIT\u00c0 E TEST PRE-SPEDIZIONE\"]<\/p>\n<p>Garantire la soddisfazione del cliente ai massimi livelli: Ogni dispositivo viene sottoposto a test rigorosi e a un controllo di qualit\u00e0 in pi\u00f9 punti prima di essere spedito. Il nostro team dedicato verifica le prestazioni, la funzionalit\u00e0 e l&#8217;integrit\u00e0 dei componenti per garantire che il tuo dispositivo GPD sia perfettamente funzionante al momento dell&#8217;arrivo, offrendoti fiducia e tranquillit\u00e0. [\/cg_accordion]\n[cg_accordion title=\"PREZZI, TASSE E SPEDIZIONE\"]<\/p>\n<p><strong><u>Nota:<\/u><\/strong><\/p>\n<ul>\n<li>Clienti degli Stati Uniti: Il prezzo esposto non include tasse e imposte. La responsabilit\u00e0 dello sdoganamento e del pagamento di eventuali tasse\/dazi \u00e8 a carico del cliente. <\/li>\n<li>Clienti UE: Il prezzo visualizzato include l&#8217;imposta applicabile, che pu\u00f2 arrivare al 25% a seconda del paese.<\/li>\n<li>Clienti del Canada: Il prezzo visualizzato \u00e8 comprensivo delle imposte applicabili, che possono includere il 5% di GST e ulteriori imposte provinciali sulle vendite (PST), l&#8217;imposta sulle vendite armonizzata (HST) o l&#8217;imposta sulle vendite del Quebec (QST), a seconda della provincia di appartenenza.<\/li>\n<\/ul>\n<p><strong>Solo per i clienti dell&#8217;UE:<\/strong> Express DDP (Delivered Duty Paid). Ci\u00f2 significa che: <\/p>\n<ul>\n<li>Tutti i dazi doganali e le tasse sono inclusi nel prezzo visualizzato nella pagina del prodotto.<\/li>\n<li>Non dovrete pagare alcun costo aggiuntivo alla consegna.<\/li>\n<li>Nel raro caso di problemi doganali, il nostro team si occuper\u00e0 del processo di sdoganamento per conto vostro per garantire una consegna senza problemi.<\/li>\n<p>Informazioni importanti sulla restituzione:<\/p>\n<li>Se decidete di restituire l&#8217;ordine o di richiedere un rimborso, sappiate che le tasse e i dazi pagati per vostro conto secondo i termini del DDP non possono essere rimborsati.<\/li>\n<p>Per informazioni dettagliate, consultare i nostri <a href=\"https:\/\/droix.net\/terms-and-conditions\/\" target=\"_blank\" rel=\"nofollow noopener\">Termini e condizioni<\/a>.\n<\/ul>\n<p>[\/cg_accordion]\n[cg_accordion title=\"ASSISTENZA CLIENTI\"]<\/p>\n<p>Avete una domanda? Basta un breve messaggio per risolvere il vostro problema! <\/p>\n<p>Per informazioni dettagliate, consultare i nostri <a href=\"https:\/\/gpdstore.net\/it\/terms-of-service\/\" target=\"_blank\" rel=\"nofollow noopener\">Termini e condizioni<\/a>.\n<\/ul>\n<p>[\/cg_accordion]\n[cg_accordion title=\"COSA \u00c8 INCLUSO\"]<\/p>\n<ul>\n<li>1x GPD WIN Mini<\/li>\n<li>1 cavo USB-C<\/li>\n<li>1 spina di alimentazione<\/li>\n<li>1x Cinghia di trasporto<\/li>\n<li>1 convertitore USB C &gt; A<\/li>\n<li>1x Guida dell&#8217;utente<\/li>\n<\/ul>\n<p>[\/cg_accordion]\n","protected":false},"featured_media":10503,"template":"","meta":{"_acf_changed":false},"product_brand":[],"product_cat":[2035],"product_tag":[16298,4447],"woo-feed-brand":[1093],"class_list":{"0":"post-8268","1":"product","2":"type-product","3":"status-publish","4":"has-post-thumbnail","6":"product_cat-pc-portatile-gpd-per-il-gioco","7":"product_tag-13xmsale-it","8":"product_tag-gpd-win-mini-it","9":"product_shipping_class-premium","10":"pa_bluetooth-5-2-it","11":"pa_brand-gpd","12":"pa_graphics-gpu-model-grafica-intel-iris-xe","13":"pa_graphics-gpu-model-radeon-760m-it","14":"pa_i-o-video-1-oculink","15":"pa_i-o-video-tramite-1x-usb-3-2-gen-2-type-c","16":"pa_i-o-video-tramite-1x-usb-4-0-type-c-40gb-s","17":"pa_memory-ram-capacity-16gb-it","18":"pa_memory-ram-capacity-32-gb-it","19":"pa_memory-ram-capacity-64gb-it","20":"pa_memory-ram-technology-lpddr5-it","21":"pa_processor-cpu-model-amd-ryzen-5-7640u","22":"pa_processor-cpu-model-amd-ryzen-7-7840u","23":"pa_storage-capacity-1tb-it","24":"pa_storage-capacity-4tb-it","25":"pa_storage-capacity-512-gb-it","26":"pa_storage-technology-pcie-gen-4-it","27":"pa_wi-fi-wi-fi-6-it","28":"woo-feed-brand-gpd-it","30":"first","31":"outofstock","32":"sale","33":"taxable","34":"shipping-taxable","35":"purchasable","36":"product-type-variable","37":"has-default-attributes"},"acf":[],"aioseo_notices":[],"_links":{"self":[{"href":"https:\/\/gpdstore.net\/it\/wp-json\/wp\/v2\/product\/8268","targetHints":{"allow":["GET"]}}],"collection":[{"href":"https:\/\/gpdstore.net\/it\/wp-json\/wp\/v2\/product"}],"about":[{"href":"https:\/\/gpdstore.net\/it\/wp-json\/wp\/v2\/types\/product"}],"wp:featuredmedia":[{"embeddable":true,"href":"https:\/\/gpdstore.net\/it\/wp-json\/wp\/v2\/media\/10503"}],"wp:attachment":[{"href":"https:\/\/gpdstore.net\/it\/wp-json\/wp\/v2\/media?parent=8268"}],"wp:term":[{"taxonomy":"product_brand","embeddable":true,"href":"https:\/\/gpdstore.net\/it\/wp-json\/wp\/v2\/product_brand?post=8268"},{"taxonomy":"product_cat","embeddable":true,"href":"https:\/\/gpdstore.net\/it\/wp-json\/wp\/v2\/product_cat?post=8268"},{"taxonomy":"product_tag","embeddable":true,"href":"https:\/\/gpdstore.net\/it\/wp-json\/wp\/v2\/product_tag?post=8268"},{"taxonomy":"woo-feed-brand","embeddable":true,"href":"https:\/\/gpdstore.net\/it\/wp-json\/wp\/v2\/woo-feed-brand?post=8268"}],"curies":[{"name":"wp","href":"https:\/\/api.w.org\/{rel}","templated":true}]}}