{"id":808698,"date":"2024-11-21T09:56:41","date_gmt":"2024-11-21T09:56:41","guid":{"rendered":"https:\/\/gpdstore.net\/?post_type=product&#038;p=808698"},"modified":"2025-12-23T10:03:43","modified_gmt":"2025-12-23T10:03:43","slug":"gpd-duo-protective-case","status":"publish","type":"product","link":"https:\/\/gpdstore.net\/it\/product\/gpd-duo-protective-case\/","title":{"rendered":"Custodia protettiva GPD DUO"},"content":{"rendered":"\n<p>Proteggi il tuo GPD DUO con stile con la <strong>Custodia Ufficiale GPD DUO<\/strong>. Progettata esclusivamente per il GPD DUO, questa custodia elegante e resistente offre la perfetta combinazione di funzionalit\u00e0 e protezione. Che tu sia in viaggio, in viaggio o che tu stia semplicemente riponendo il tuo dispositivo, questa custodia assicura che il tuo GPD DUO rimanga al sicuro e protetto.  <\/p>\n\n<p>La custodia \u00e8 dotata di un <strong>robusto tessuto esterno<\/strong> per proteggere il tuo dispositivo dai danni esterni e di un <strong>interno morbido e imbottito<\/strong> per proteggere il dispositivo da graffi e urti. Grazie al suo design compatto, ospita facilmente il tuo GPD DUO lasciando spazio agli accessori essenziali. <\/p>\n\n<p>La custodia \u00e8 dotata di <strong>doppi manici<\/strong> per un facile trasporto e di una <strong>tracolla regolabile<\/strong>, per darti la flessibilit\u00e0 di portarla nel modo pi\u00f9 adatto a te. La sua struttura leggera la rende ideale per gli utenti in movimento che desiderano una protezione affidabile senza inutili ingombri. <\/p>\n\n<h3 class=\"wp-block-heading\"><strong>Caratteristiche principali:<\/strong><\/h3>\n\n<ul class=\"wp-block-list\">\n<li>Prodotto ufficiale GPD progettato appositamente per il GPD DUO<\/li>\n\n\n\n<li>Esterno in tessuto resistente per una maggiore protezione<\/li>\n\n\n\n<li>Interno morbido e imbottito per salvaguardare il tuo dispositivo da graffi e urti<\/li>\n\n\n\n<li>Doppi manici e tracolla regolabile per un trasporto versatile.<\/li>\n\n\n\n<li>Design compatto e leggero per la massima portabilit\u00e0<\/li>\n<\/ul>\n\n<p>Porta la tua GPD DUO ovunque in tutta tranquillit\u00e0, sapendo che \u00e8 protetta da una custodia che unisce praticit\u00e0, durata e stile.<\/p>\n\n<p><\/p>\n","protected":false},"excerpt":{"rendered":"<ul>\n<li>Prodotto ufficiale <strong>GPD<\/strong> <\/li>\n<li>Progettato specificamente per il <strong>GPD DUO<\/strong><\/li>\n<li>Esterno in tessuto resistente per una maggiore protezione<\/li>\n<li>Interni morbidi e imbottiti per evitare graffi e urti<\/li>\n<li>Include sia doppi manici che una tracolla regolabile per una versatile possibilit\u00e0 di trasporto.<\/li>\n<\/ul>\n[cg_accordion title=\"INFO SUL PAGAMENTO\"]<\/p>\n<p>Utilizziamo la pi\u00f9 recente tecnologia di elaborazione dei pagamenti, che ti permette di effettuare il checkout tramite Apple Pay, Google Pay, la tua carta di debito\/credito, PayPal o metodi BNPL come Klarna, Affirm o AfterPay per un&#8217;esperienza veloce e sicura.[\/cg_accordion]\n[cg_accordion title=\"GARANZIA\"]<\/p>\n<p>2 anni di garanzia da parte di <a href=\"https:\/\/droix.net\/\" target=\"_blank\" rel=\"nofollow noopener\">DROIX Global<\/a> per la tua tranquillit\u00e0[\/cg_accordion]\n[cg_accordion title=\"PREZZI, TASSE E SPEDIZIONE\"]<\/p>\n<p><strong><u>Nota:<\/u><\/strong><\/p>\n<ul>\n<li>Clienti degli Stati Uniti: Il prezzo esposto non include tasse e dazi. La responsabilit\u00e0 dello sdoganamento e del pagamento di eventuali tasse e dazi \u00e8 a carico del cliente. <\/li>\n<li>Clienti UE: Il prezzo indicato \u00e8 comprensivo dell&#8217;imposta applicabile, che pu\u00f2 arrivare al 25% a seconda del paese.<\/li>\n<li>Clienti del Canada: Il prezzo visualizzato \u00e8 comprensivo delle imposte applicabili, che possono includere il 5% di GST e ulteriori imposte provinciali sulle vendite (PST), l&#8217;imposta sulle vendite armonizzata (HST) o l&#8217;imposta sulle vendite del Quebec (QST), a seconda della tua provincia.<\/li>\n<\/ul>\n<p><strong>Solo per i clienti dell&#8217;UE:<\/strong> Express DDP (Delivered Duty Paid). Ci\u00f2 significa che: <\/p>\n<ul>\n<li>Tutti i dazi doganali e le tasse sono inclusi nel prezzo indicato nella pagina del prodotto.<\/li>\n<li>Non dovrai pagare alcun costo aggiuntivo alla consegna.<\/li>\n<li>Nel raro caso di problemi doganali, il nostro team si occuper\u00e0 del processo di sdoganamento per conto tuo per garantire una consegna senza problemi.<\/li>\n<p>Informazioni importanti sulla restituzione:<\/p>\n<li>Se decidi di restituire l&#8217;ordine o di richiedere un rimborso, tieni presente che le tasse e i dazi pagati a tuo nome secondo i termini del DDP non possono essere rimborsati.<\/li>\n<p>Per informazioni dettagliate, consulta i nostri <a href=\"https:\/\/gpdstore.net\/it\/terms-of-service\/\" target=\"_blank\" rel=\"nofollow noopener\">Termini e Condizioni<\/a>.\n<\/ul>\n<p>[\/cg_accordion]\n[cg_accordion title=\"ASSISTENZA CLIENTI\"]<\/p>\n<p>Hai una domanda? Basta un breve messaggio per risolvere il tuo problema!<br \/>\n[\/cg_accordion]\n[cg_accordion title=\"COSA \u00c8 INCLUSO\"]<\/p>\n<ul>\n<li>1x Custodia GPD DUO<\/li>\n<\/ul>\n<p>[\/cg_accordion]\n","protected":false},"featured_media":818176,"template":"","meta":{"_acf_changed":false},"product_brand":[],"product_cat":[1327],"product_tag":[15810],"woo-feed-brand":[],"class_list":{"0":"post-808698","1":"product","2":"type-product","3":"status-publish","4":"has-post-thumbnail","6":"product_cat-accessori","7":"product_tag-20xmsale-it-2","8":"product_shipping_class-low-end","9":"pa_accessory-type-custodia-protettiva","10":"pa_brand-gpd","12":"first","13":"instock","14":"sale","15":"taxable","16":"shipping-taxable","17":"purchasable","18":"product-type-simple"},"acf":[],"aioseo_notices":[],"_links":{"self":[{"href":"https:\/\/gpdstore.net\/it\/wp-json\/wp\/v2\/product\/808698","targetHints":{"allow":["GET"]}}],"collection":[{"href":"https:\/\/gpdstore.net\/it\/wp-json\/wp\/v2\/product"}],"about":[{"href":"https:\/\/gpdstore.net\/it\/wp-json\/wp\/v2\/types\/product"}],"wp:featuredmedia":[{"embeddable":true,"href":"https:\/\/gpdstore.net\/it\/wp-json\/wp\/v2\/media\/818176"}],"wp:attachment":[{"href":"https:\/\/gpdstore.net\/it\/wp-json\/wp\/v2\/media?parent=808698"}],"wp:term":[{"taxonomy":"product_brand","embeddable":true,"href":"https:\/\/gpdstore.net\/it\/wp-json\/wp\/v2\/product_brand?post=808698"},{"taxonomy":"product_cat","embeddable":true,"href":"https:\/\/gpdstore.net\/it\/wp-json\/wp\/v2\/product_cat?post=808698"},{"taxonomy":"product_tag","embeddable":true,"href":"https:\/\/gpdstore.net\/it\/wp-json\/wp\/v2\/product_tag?post=808698"},{"taxonomy":"woo-feed-brand","embeddable":true,"href":"https:\/\/gpdstore.net\/it\/wp-json\/wp\/v2\/woo-feed-brand?post=808698"}],"curies":[{"name":"wp","href":"https:\/\/api.w.org\/{rel}","templated":true}]}}