{"id":7993,"date":"2023-11-17T14:17:25","date_gmt":"2023-11-17T14:17:25","guid":{"rendered":"https:\/\/gpdstore.net\/senza-categoria\/gpd-win-4-2023-pc-portatile-da-gioco\/"},"modified":"2026-01-09T00:12:22","modified_gmt":"2026-01-09T00:12:22","slug":"gpd-win-4-2023","status":"publish","type":"product","link":"https:\/\/gpdstore.net\/it\/product\/gpd-win-4-2023\/","title":{"rendered":"GPD WIN 4 2023 PC portatile da gioco"},"content":{"rendered":"\n<figure class=\"wp-block-video\"><video controls=\"\" muted=\"\" poster=\"https:\/\/gpdstore.net\/wp-content\/uploads\/2024\/03\/gpd-win4-indiegogo-time-is-here-v0-te3iiclycf5a1.webp\" src=\"https:\/\/gpdstore.net\/wp-content\/uploads\/\"><\/video><\/figure>\n\n<div class=\"wp-block-columns is-layout-flex wp-container-core-columns-is-layout-28f84493 wp-block-columns-is-layout-flex\">\n<div class=\"wp-block-column is-layout-flow wp-block-column-is-layout-flow\" style=\"flex-basis:33.33%\">\n<figure class=\"wp-block-image size-full\"><img fetchpriority=\"high\" decoding=\"async\" width=\"1000\" height=\"1000\" src=\"https:\/\/gpdstore.net\/wp-content\/uploads\/2024\/05\/GPD-WIN-4-2024-WHITE-DONE-LISTING-IMAGE-5.jpg\" alt=\"gpd win 4 in bianco\" class=\"wp-image-1555\" srcset=\"https:\/\/gpdstore.net\/wp-content\/uploads\/2024\/05\/GPD-WIN-4-2024-WHITE-DONE-LISTING-IMAGE-5.jpg 1000w, https:\/\/gpdstore.net\/wp-content\/uploads\/2024\/05\/GPD-WIN-4-2024-WHITE-DONE-LISTING-IMAGE-5-600x600.jpg 600w, https:\/\/gpdstore.net\/wp-content\/uploads\/2024\/05\/GPD-WIN-4-2024-WHITE-DONE-LISTING-IMAGE-5-150x150.jpg 150w, https:\/\/gpdstore.net\/wp-content\/uploads\/2024\/05\/GPD-WIN-4-2024-WHITE-DONE-LISTING-IMAGE-5-768x768.jpg 768w, https:\/\/gpdstore.net\/wp-content\/uploads\/2024\/05\/GPD-WIN-4-2024-WHITE-DONE-LISTING-IMAGE-5-990x990.jpg 990w, https:\/\/gpdstore.net\/wp-content\/uploads\/2024\/05\/GPD-WIN-4-2024-WHITE-DONE-LISTING-IMAGE-5-441x441.jpg 441w, https:\/\/gpdstore.net\/wp-content\/uploads\/2024\/05\/GPD-WIN-4-2024-WHITE-DONE-LISTING-IMAGE-5-100x100.jpg 100w\" sizes=\"(max-width: 1000px) 100vw, 1000px\" \/><\/figure>\n<\/div>\n\n\n\n<div class=\"wp-block-column is-layout-flow wp-block-column-is-layout-flow\" style=\"flex-basis:66.66%\">\n<h2 class=\"wp-block-heading\"><strong>Benvenuto nella GPD WIN 4 2023: La tua ultima esperienza di gioco in movimento<\/strong><\/h2>\n\n\n\n<p>Dite addio alle limitazioni della vostra configurazione di gioco domestica e date il benvenuto alla libert\u00e0 di giocare ovunque e in qualsiasi momento! Vi presentiamo <strong>GPD WIN 4 2023<\/strong>, il PC portatile di ultima generazione che vi permette di scatenare la vostra abilit\u00e0 di gioco in movimento. Questo straordinario dispositivo combina perfettamente la potenza di un PC da gioco ad alte prestazioni con la comodit\u00e0 di un dispositivo portatile, permettendovi di immergervi nei vostri giochi preferiti ovunque vi porti la vita.  <br\/><\/p>\n<\/div>\n<\/div>\n\n<h2 class=\"wp-block-heading has-text-align-center\">Costruito per la vittoria: Controlli di precisione, stoccaggio massiccio e raffreddamento avanzato<\/h2>\n\n<div class=\"wp-block-columns is-layout-flex wp-container-core-columns-is-layout-28f84493 wp-block-columns-is-layout-flex\">\n<div class=\"wp-block-column is-layout-flow wp-block-column-is-layout-flow\">\n<figure class=\"wp-block-image size-full\"><img decoding=\"async\" src=\"https:\/\/gpdstore.net\/wp-content\/uploads\/\" alt=\"stick analogico per gpd win 4\" class=\"wp-image-1557\"\/><\/figure>\n\n\n\n<h3 class=\"wp-block-heading\"><strong><strong><strong>Il controllo definitivo:<\/strong> Padroneggiare il gioco con i joystick ALPS 3D e il movimento a 6 assi.<\/strong><\/strong><\/h3>\n\n\n\n<p>Il GPD WIN 4 2023 offre un&#8217;esperienza di gioco superiore grazie ai joystick ALPS 3D e ai pulsanti di gioco. Questi controlli di alta qualit\u00e0 forniscono un input preciso e un feedback ottimale, garantendo un gioco accurato e coinvolgente. Grazie al giroscopio a 6 assi, potrai usufruire di controlli di movimento migliorati che ti permetteranno di muoverti in modo intuitivo nei giochi compatibili. I doppi motori di vibrazione migliorano ulteriormente la tua esperienza di gioco, fornendo un feedback tattile che aggiunge un nuovo livello di immersione alle tue avventure.   <\/p>\n<\/div>\n\n\n\n<div class=\"wp-block-column is-layout-flow wp-block-column-is-layout-flow\">\n<figure class=\"wp-block-image size-full\"><img decoding=\"async\" width=\"300\" height=\"300\" src=\"https:\/\/gpdstore.net\/wp-content\/uploads\/2024\/05\/078c9d42-e74f-4fb3-893b-5f22ffd9d6ed.__CR1300600600_PT0_SX300_V1___.jpg\" alt=\"ssd in gpd win 4\" class=\"wp-image-1558\" srcset=\"https:\/\/gpdstore.net\/wp-content\/uploads\/2024\/05\/078c9d42-e74f-4fb3-893b-5f22ffd9d6ed.__CR1300600600_PT0_SX300_V1___.jpg 300w, https:\/\/gpdstore.net\/wp-content\/uploads\/2024\/05\/078c9d42-e74f-4fb3-893b-5f22ffd9d6ed.__CR1300600600_PT0_SX300_V1___-150x150.jpg 150w, https:\/\/gpdstore.net\/wp-content\/uploads\/2024\/05\/078c9d42-e74f-4fb3-893b-5f22ffd9d6ed.__CR1300600600_PT0_SX300_V1___-100x100.jpg 100w\" sizes=\"(max-width: 300px) 100vw, 300px\" \/><\/figure>\n\n\n\n<h3 class=\"wp-block-heading\"><strong><strong><strong>Zero ritardi:<\/strong> Eliminazione dei tempi di caricamento con fino a 4TB di storage SSD PCIe 4.0.<\/strong><\/strong><\/h3>\n\n\n\n<p>Il GPD WIN 4 2023 offre ampie possibilit\u00e0 di archiviazione per soddisfare la tua libreria di giochi e le tue esigenze multimediali. Con un PCIe 4.0 M.2 2280 SSD, puoi scegliere tra 512GB, 2TB o ben 4TB di spazio di archiviazione. Questa SSD ad alta velocit\u00e0 garantisce un accesso rapido ai dati e tempi di caricamento ridotti, consentendoti di immergerti nei tuoi giochi preferiti senza ritardi. Con una capacit\u00e0 di archiviazione cos\u00ec ampia, non dovrai mai preoccuparti di esaurire lo spazio per la tua crescente collezione di giochi, film o altri file multimediali.    <\/p>\n<\/div>\n\n\n\n<div class=\"wp-block-column is-layout-flow wp-block-column-is-layout-flow\">\n<figure class=\"wp-block-image size-full\"><img decoding=\"async\" width=\"300\" height=\"300\" src=\"https:\/\/gpdstore.net\/wp-content\/uploads\/2024\/05\/a8eb6f30-f8ed-4e5f-8fa9-fd52740523bc.__CR1530747747_PT0_SX300_V1___.jpg\" alt=\"sistema di raffreddamento per gpd win mini\" class=\"wp-image-1559\" srcset=\"https:\/\/gpdstore.net\/wp-content\/uploads\/2024\/05\/a8eb6f30-f8ed-4e5f-8fa9-fd52740523bc.__CR1530747747_PT0_SX300_V1___.jpg 300w, https:\/\/gpdstore.net\/wp-content\/uploads\/2024\/05\/a8eb6f30-f8ed-4e5f-8fa9-fd52740523bc.__CR1530747747_PT0_SX300_V1___-150x150.jpg 150w, https:\/\/gpdstore.net\/wp-content\/uploads\/2024\/05\/a8eb6f30-f8ed-4e5f-8fa9-fd52740523bc.__CR1530747747_PT0_SX300_V1___-100x100.jpg 100w\" sizes=\"(max-width: 300px) 100vw, 300px\" \/><\/figure>\n\n\n\n<h3 class=\"wp-block-heading\"><strong><strong><strong>Prestazioni di picco:<\/strong> Impedisci il fenomeno del Throttling con il sistema di raffreddamento a doppio tubo di calore, pi\u00f9 efficiente del 50%.<\/strong><\/strong><\/h3>\n\n\n\n<p>Il GPD WIN 4 2023 incorpora un sofisticato sistema di raffreddamento per garantire prestazioni ottimali anche durante le sessioni di gioco pi\u00f9 lunghe. Grazie a due tubi di calore spessi, questo PC da gioco portatile aumenta l&#8217;efficienza termica del 50% rispetto ai modelli precedenti. La migliore dissipazione del calore assicura che il tuo dispositivo rimanga fresco anche in presenza di carichi pesanti, evitando il rallentamento delle prestazioni e mantenendo un gioco fluido e ininterrotto.  <\/p>\n<\/div>\n<\/div>\n\n<h2 class=\"wp-block-heading\">GPD WIN 4 2024: Una svolta nei PC da gioco portatili<\/h2>\n\n<figure class=\"wp-block-image size-large\"><img decoding=\"async\" src=\"https:\/\/gpdstore.net\/wp-content\/uploads\/\" alt=\"gpd win 4 in bianco\" class=\"wp-image-1626\"\/><\/figure>\n\n<h2 class=\"wp-block-heading\"><strong>Prestazioni ineguagliabili: Con i processori AMD Ryzen 7 e 5<\/strong><\/h2>\n\n<p>Al centro del <strong>GPD WIN 4 2023<\/strong> c&#8217;\u00e8 la possibilit\u00e0 di scegliere tra il processore <a href=\"https:\/\/www.amd.com\/en\/products\/apu\/amd-ryzen-7-7840u\" target=\"_blank\" rel=\"noreferrer noopener\">AMD Ryzen 7 7840U<\/a>, che vanta 8 core e 16 thread con velocit\u00e0 fino a 5,1GHz, e l&#8217;<a href=\"https:\/\/www.amd.com\/en\/products\/apu\/amd-ryzen-5-7640u\" target=\"_blank\" rel=\"noreferrer noopener\">AMD Ryzen 5 7640U<\/a> con 6 core e 12 thread, che raggiunge velocit\u00e0 fino a 4,9GHz. Abbinata alle GPU AMD Radeon, la <strong>GPD WIN 4 2023<\/strong> garantisce una giocabilit\u00e0 fluida anche nei titoli pi\u00f9 impegnativi. La sua potente scheda grafica offre immagini straordinarie e frame rate fluidi, offrendo un&#8217;esperienza di gioco coinvolgente sia che tu stia esplorando vasti mondi aperti sia che tu ti stia impegnando in intense battaglie multiplayer.<\/p>\n\n<h2 class=\"wp-block-heading\"><strong>Libera la tua creativit\u00e0: Fino a 64 GB di RAM LPDDR5X<\/strong><\/h2>\n\n<p>Per completare le incredibili prestazioni, il <strong>GPD WIN 4 2023<\/strong> \u00e8 dotato di 32GB o 64GB di RAM LPDDR5X sul modello 7840U e 16GB di RAM <a href=\"https:\/\/en.wikipedia.org\/wiki\/LPDDR\" target=\"_blank\" rel=\"noreferrer noopener\">LPDDR5X<\/a> sul modello 7640U. Con una velocit\u00e0 di memoria fulminea di 6400 MT\/s, sperimenta tempi di caricamento rapidi e un multitasking senza interruzioni. D\u00ec addio al lag e goditi un gioco ininterrotto mentre affronti missioni, esplori nuovi regni o crei i tuoi capolavori virtuali.<\/p>\n\n<h2 class=\"wp-block-heading\"><strong>Immagini accattivanti: Display touchscreen da 6 pollici<\/strong><\/h2>\n\n<p>Provate un&#8217;esperienza di gioco mai vista prima con lo straordinario display touchscreen da 6&#8243; di <strong>GPD WIN 4 2023<\/strong>. Con una risoluzione Full HD (1920&#215;1080) e una densit\u00e0 di pixel di 368 <a href=\"https:\/\/en.wikipedia.org\/wiki\/Pixel_density\" target=\"_blank\" rel=\"noreferrer noopener\">PPI<\/a>, ogni fotogramma viene riprodotto con precisione e chiarezza. Il display supporta una frequenza di aggiornamento di 44Hz e 60Hz, garantendo un gioco fluido e riducendo al minimo la sfocatura dei movimenti. Immergetevi nei mondi affascinanti dei vostri giochi preferiti con immagini che prendono vita.   <\/p>\n\n<h2 class=\"wp-block-heading\"><strong>Digitazione senza sforzo: Tastiera QWERTY con retroilluminazione regolabile<\/strong><\/h2>\n\n<p>Progettato per la massima praticit\u00e0, <strong>GPD WIN 4 2023<\/strong> \u00e8 dotato di una tastiera QWERTY con tasti a forbice. Grazie all&#8217;esperienza di digitazione tattile, questa tastiera consente di chattare con gli amici, navigare sul Web o prendere appunti senza fatica. La retroilluminazione regolabile sempre attiva consente di continuare a giocare o a lavorare anche in ambienti poco illuminati. Passate senza problemi dal gioco alla produttivit\u00e0 con la comoda e versatile tastiera di <strong>GPD WIN 4 2023<\/strong>.   <\/p>\n\n<h2 class=\"wp-block-heading\"><strong>Navigazione fluida: Navigazione ottica con le dita<\/strong><\/h2>\n\n<p>Navigare tra i giochi e le applicazioni preferite \u00e8 un gioco da ragazzi grazie alla navigazione ottica con le dita di <strong>GPD WIN 4 2023<\/strong>. Dite addio agli ingombranti touchpad e godetevi un controllo preciso e reattivo con questa funzione intuitiva. Che si tratti di scorrere i menu o di esplorare ambienti ampi, la navigazione ottica con le dita offre una navigazione fluida e precisa per un&#8217;esperienza d&#8217;uso senza soluzione di continuit\u00e0.  <\/p>\n\n<h2 class=\"wp-block-heading\"><strong>Connettivit\u00e0 versatile: USB4, OCuLink, USB Type-C e slot per scheda microSD<\/strong><\/h2>\n\n<figure class=\"wp-block-image size-full\"><img decoding=\"async\" src=\"https:\/\/gpdstore.net\/wp-content\/uploads\/\" alt=\"gpd win 4 con gpd g1\" class=\"wp-image-1625\"\/><\/figure>\n\n<p><strong>GPD WIN 4 2023<\/strong> soddisfa le vostre esigenze di connettivit\u00e0 con una serie di opzioni. La porta USB4 consente di collegare dispositivi e periferiche esterne, ampliando le possibilit\u00e0 di gioco. La porta <a href=\"https:\/\/droix.net\/blogs\/oculink-transforming-graphics-card-connectivity\/\" target=\"_blank\" rel=\"noreferrer noopener\">OCuLink<\/a> fornisce una connessione diretta <a href=\"https:\/\/en.wikipedia.org\/wiki\/PCI_Express\" target=\"_blank\" rel=\"noreferrer noopener\">PCIe<\/a> Gen4 x4 con un&#8217;impressionante larghezza di banda effettiva di 63 Gbps, supportando un trasferimento dati fulmineo e la Docking Station GPD G1 per ulteriori opzioni di connettivit\u00e0. La porta USB Type-C garantisce la compatibilit\u00e0 con un&#8217;ampia gamma di dispositivi, mentre lo slot per schede microSD consente di espandere comodamente lo spazio di archiviazione.   <\/p>\n\n<h2 class=\"wp-block-heading\"><strong>Connettivit\u00e0 ad alta velocit\u00e0: Wi-Fi 6 e Bluetooth 5.2<\/strong><\/h2>\n\n<p>Rimanete connessi senza problemi grazie alla funzionalit\u00e0 Wi-Fi 6 di <strong>GPD WIN 4 2023<\/strong>. Grazie alla velocit\u00e0 fino a 2042 Mbps, potrete giocare online senza ritardi, seguire lo streaming in modo fluido e scaricare rapidamente. Addio ai ritardi e godetevi una connessione stabile e reattiva ovunque vi portino le vostre avventure. Sia che stiate combattendo contro avversari online o che stiate trasmettendo in streaming i vostri contenuti preferiti, il dispositivo <strong>GPD WIN 4 2023<\/strong> vi mantiene connessi con una velocit\u00e0 senza precedenti.   <\/p>\n\n<h2 class=\"wp-block-heading\"><strong>Modulo 4G LTE opzionale: Resta connesso ovunque<\/strong><\/h2>\n\n<p>Per chi desidera una connettivit\u00e0 ininterrotta lontano dalle reti Wi-Fi, il dispositivo <strong>GPD WIN 4 2023<\/strong> offre un modulo opzionale GPD 4G LTE. Grazie al supporto delle reti 4G TD-LTE, FDD-LTE e 3G CDMA, questo modulo consente di rimanere connessi ovunque ci si trovi. \u00c8 sufficiente inserire una scheda Nano-SIM per avere accesso a dati mobili veloci e affidabili anche in viaggio. Rimanete in contatto con gli amici, partecipate al multiplayer online e godetevi l&#8217;intrattenimento in streaming senza dover ricorrere alle reti Wi-Fi.   <\/p>\n\n<h2 class=\"wp-block-heading\"><strong>Ti presentiamo MotionAssistant: migliora la tua esperienza di gioco<\/strong><\/h2>\n\n<p>Per migliorare ulteriormente la vostra esperienza di gioco, <strong>GPD WIN 4 2023<\/strong> \u00e8 dotato del potente software MotionAssistant. Sviluppato specificamente per la serie di dispositivi di gioco portatili GPD, questo strumento offre una serie di funzioni di ottimizzazione per regolare con precisione la vostra esperienza di gioco. Dalla regolazione di TDP con incrementi di 1W alla frequenza di blocco della GPU, l&#8217;utente ha il controllo completo delle prestazioni del dispositivo. Le impostazioni predefinite per il consumo energetico consentono di bilanciare le prestazioni e la durata della batteria in base alle proprie esigenze. Il software offre anche tasti di scelta rapida per il passaggio in primo piano, la sovrapposizione alla schermata di gioco per un accesso rapido alle funzioni essenziali e la mappatura personalizzata dei tasti dorsali ai tasti di scelta rapida. Con MotionAssistant \u00e8 possibile modificare le impostazioni senza interrompere il gioco, rendendo pi\u00f9 facile che mai l&#8217;ottimizzazione dell&#8217;esperienza di gioco.     <\/p>\n\n<h2 class=\"wp-block-heading\"><strong>In conclusione<\/strong><\/h2>\n\n<p><strong>GPD WIN 4 2023<\/strong> ridefinisce il concetto di gioco in movimento, offrendo un fattore di forma compatto con un hardware potente, un display accattivante, comandi confortevoli e una connettivit\u00e0 versatile. Che siate giocatori occasionali che si divertono con i loro titoli preferiti o appassionati seri che cercano di giocare ad alte prestazioni in movimento, <strong>GPD WIN 4 2023<\/strong> \u00e8 il compagno perfetto. Scatenate la vostra potenza di gioco ovunque e in qualsiasi momento con questo straordinario dispositivo. Preparatevi a ridefinire il gioco portatile con <strong>GPD WIN 4 2023<\/strong>.   <\/p>\n\n<h3 class=\"wp-block-heading\"><strong>I professionisti della GPD WIN 4 2023:<\/strong><\/h3>\n\n<ol class=\"wp-block-list\">\n<li><strong>Prestazioni potenti:<\/strong> Grazie alla CPU e alla GPU AMD Ryzen serie 5 e 7 ad alte prestazioni, offre prestazioni di gioco e capacit\u00e0 di multitasking eccezionali.<\/li>\n\n\n\n<li><strong>Design compatto e portatile:<\/strong> La forma portatile offre la comodit\u00e0 di giocare in movimento. \u00c8 leggero e pu\u00f2 essere facilmente riposto nella tua borsa, permettendoti di giocare ovunque tu sia. <\/li>\n\n\n\n<li><strong>Connettivit\u00e0 versatile:<\/strong> Offre una serie di opzioni di connettivit\u00e0, tra cui USB4, Oculink, USB Type-C e uno slot per schede microSD. Queste opzioni garantiscono la flessibilit\u00e0 necessaria per collegare dispositivi esterni ed espandere lo spazio di archiviazione. <\/li>\n\n\n\n<li><strong>Opzioni di personalizzazione:<\/strong> Con il software MotionAssistant \u00e8 possibile regolare e ottimizzare la propria esperienza di gioco. Dalla regolazione di TDP alla mappatura personalizzata dei pulsanti, \u00e8 possibile personalizzare il dispositivo in base alle proprie preferenze. <\/li>\n\n\n\n<li><strong>Soluzione di gioco all-in-one:<\/strong> Combina le funzionalit\u00e0 di un PC da gioco con la portabilit\u00e0 di un dispositivo portatile, eliminando la necessit\u00e0 di avere console da gioco separate e permettendoti di divertirti con un&#8217;ampia gamma di giochi in un unico dispositivo.<\/li>\n<\/ol>\n\n<h3 class=\"wp-block-heading\"><strong>Contro della GPD WIN 4 2023:<\/strong><\/h3>\n\n<ol class=\"wp-block-list\">\n<li><strong>Dimensioni limitate dello schermo:<\/strong> Lo schermo touchscreen da 6 pollici pu\u00f2 sembrare piccolo rispetto ai palmari da gioco pi\u00f9 grandi o ai monitor da tavolo, il che potrebbe compromettere l&#8217;esperienza immersiva di alcuni giocatori.<\/li>\n\n\n\n<li><strong>Dimensioni ridotte della tastiera:<\/strong> Grazie al fattore di forma compatto, la tastiera \u00e8 pi\u00f9 piccola e potrebbe richiedere un po&#8217; di tempo per adattarsi agli utenti abituati a tastiere di dimensioni maggiori.<\/li>\n\n\n\n<li><strong>Affidamento alla batteria:<\/strong> essendo un dispositivo portatile, GPD WIN 4 2023 si affida alla batteria interna per l&#8217;alimentazione. Sessioni di gioco prolungate possono richiedere ricariche frequenti, limitando la quantit\u00e0 di tempo di gioco ininterrotto. <\/li>\n<\/ol>\n","protected":false},"excerpt":{"rendered":"<ul>\n<li>CPU: AMD Ryzen 5 \/ 7<strong> 7640U \/ 7840U <\/strong> <\/li>\n<li>GPU: AMD Radeon<strong> 760M \/ 780M<\/strong><\/li>\n<li>RAM: fino a<strong> 64GB LPDDR5X @ 6400 MT\/s<\/strong><\/li>\n<li>STOCCAGGIO: fino a<strong> 4TB<\/strong> <strong>Gen 4<\/strong> PCI-E NVMe SSD<\/li>\n<li>CONNETTIVIT\u00c0: supporto Wi-Fi<strong> 6<\/strong> e Bluetooth <strong>5.2<\/strong> <\/li>\n<\/ul>\n<p><img loading=\"lazy\" decoding=\"async\" src=\"https:\/\/gpdstore.net\/wp-content\/uploads\/2024\/03\/WIN-4-FREE-GIFTS.jpg\" alt=\"\" width=\"2000\" height=\"500\" class=\"alignnone size-full wp-image-4175\" srcset=\"https:\/\/gpdstore.net\/wp-content\/uploads\/2024\/03\/WIN-4-FREE-GIFTS.jpg 2000w, https:\/\/gpdstore.net\/wp-content\/uploads\/2024\/03\/WIN-4-FREE-GIFTS-600x150.jpg 600w, https:\/\/gpdstore.net\/wp-content\/uploads\/2024\/03\/WIN-4-FREE-GIFTS-1200x300.jpg 1200w, https:\/\/gpdstore.net\/wp-content\/uploads\/2024\/03\/WIN-4-FREE-GIFTS-768x192.jpg 768w, https:\/\/gpdstore.net\/wp-content\/uploads\/2024\/03\/WIN-4-FREE-GIFTS-1536x384.jpg 1536w, https:\/\/gpdstore.net\/wp-content\/uploads\/2024\/03\/WIN-4-FREE-GIFTS-360x90.jpg 360w, https:\/\/gpdstore.net\/wp-content\/uploads\/2024\/03\/WIN-4-FREE-GIFTS-990x248.jpg 990w, https:\/\/gpdstore.net\/wp-content\/uploads\/2024\/03\/WIN-4-FREE-GIFTS-441x110.jpg 441w, https:\/\/gpdstore.net\/wp-content\/uploads\/2024\/03\/WIN-4-FREE-GIFTS-150x38.jpg 150w\" sizes=\"(max-width: 2000px) 100vw, 2000px\" \/><\/p>\n[cg_accordion title=\"INFO SUL PAGAMENTO\"]<\/p>\n<p>Utilizziamo la pi\u00f9 recente tecnologia di elaborazione dei pagamenti, che consente di effettuare il checkout tramite carta di debito\/credito o PayPal per un&#8217;esperienza rapida e sicura.[\/cg_accordion]\n[cg_accordion title=\"GARANZIA\"]<\/p>\n<p>2 anni di garanzia da parte di <a href=\"https:\/\/droix.net\/\" target=\"_blank\" rel=\"nofollow noopener\">DROIX Global<\/a> per la vostra tranquillit\u00e0[\/cg_accordion]\n[cg_accordion title=\"GARANZIA DI QUALIT\u00c0 E TEST PRE-SPEDIZIONE\"]<\/p>\n<p>Garantire la soddisfazione del cliente ai massimi livelli: Ogni dispositivo viene sottoposto a test rigorosi e a un controllo di qualit\u00e0 in pi\u00f9 punti prima di essere spedito. Il nostro team dedicato verifica le prestazioni, la funzionalit\u00e0 e l&#8217;integrit\u00e0 dei componenti per garantire che il tuo dispositivo GPD sia perfettamente funzionante al momento dell&#8217;arrivo, offrendoti fiducia e tranquillit\u00e0. [\/cg_accordion]\n[cg_accordion title=\"PREZZI, TASSE E SPEDIZIONE\"]<\/p>\n<p><strong><u>Nota:<\/u><\/strong><\/p>\n<ul>\n<li>Clienti degli Stati Uniti: Il prezzo esposto non include tasse e imposte. La responsabilit\u00e0 dello sdoganamento e del pagamento di eventuali tasse\/dazi \u00e8 a carico del cliente. <\/li>\n<li>Clienti UE: Il prezzo visualizzato include l&#8217;imposta applicabile, che pu\u00f2 arrivare al 25% a seconda del paese.<\/li>\n<li>Clienti del Canada: Il prezzo visualizzato \u00e8 comprensivo delle imposte applicabili, che possono includere il 5% di GST e ulteriori imposte provinciali sulle vendite (PST), l&#8217;imposta sulle vendite armonizzata (HST) o l&#8217;imposta sulle vendite del Quebec (QST), a seconda della provincia di appartenenza.<\/li>\n<\/ul>\n<p><strong>Solo per i clienti dell&#8217;UE:<\/strong> Express DDP (Delivered Duty Paid). Ci\u00f2 significa che: <\/p>\n<ul>\n<li>Tutti i dazi doganali e le tasse sono inclusi nel prezzo visualizzato nella pagina del prodotto.<\/li>\n<li>Non dovrete pagare alcun costo aggiuntivo alla consegna.<\/li>\n<li>Nel raro caso di problemi doganali, il nostro team si occuper\u00e0 del processo di sdoganamento per conto vostro per garantire una consegna senza problemi.<\/li>\n<p>Informazioni importanti sulla restituzione:<\/p>\n<li>Se decidete di restituire l&#8217;ordine o di richiedere un rimborso, sappiate che le tasse e i dazi pagati per vostro conto secondo i termini del DDP non possono essere rimborsati.<\/li>\n<p>Per informazioni dettagliate, consultare i nostri <a href=\"https:\/\/droix.net\/terms-and-conditions\/\" target=\"_blank\" rel=\"nofollow noopener\">Termini e condizioni<\/a>.\n<\/ul>\n<p>[\/cg_accordion]\n[cg_accordion title=\"ASSISTENZA CLIENTI\"]<\/p>\n<p>Avete una domanda? Basta un breve messaggio per risolvere il vostro problema! <\/p>\n<p>Per informazioni dettagliate, consultare i nostri <a href=\"https:\/\/gpdstore.net\/it\/terms-of-service\/\" target=\"_blank\" rel=\"nofollow noopener\">Termini e condizioni<\/a>.\n<\/ul>\n<p>[\/cg_accordion]\n[cg_accordion title=\"COSA \u00c8 INCLUSO\"]<\/p>\n<ul>\n<li>1x GPD WIN 4 2023<\/li>\n<li>1 adattatore di alimentazione<\/li>\n<li>1 cavo USB Tipo-C<\/li>\n<li>1 manuale d&#8217;uso<\/li>\n<\/ul>\n<p>[\/cg_accordion]\n","protected":false},"featured_media":10286,"template":"","meta":{"_acf_changed":false},"product_brand":[],"product_cat":[2035],"product_tag":[3703],"woo-feed-brand":[1093],"class_list":{"0":"post-7993","1":"product","2":"type-product","3":"status-publish","4":"has-post-thumbnail","6":"product_cat-pc-portatile-gpd-per-il-gioco","7":"product_tag-gpd-win-4-it","8":"product_shipping_class-premium","9":"pa_bluetooth-5-2-it","10":"pa_brand-gpd","11":"pa_graphics-gpu-model-radeon-760m-it","12":"pa_graphics-gpu-model-radeon-780m-it","13":"pa_i-o-video-1-oculink","14":"pa_i-o-video-tramite-1x-usb-4-0-type-c-40gb-s","15":"pa_memory-ram-capacity-16gb-it","16":"pa_memory-ram-capacity-32-gb-it","17":"pa_memory-ram-capacity-64gb-it","18":"pa_memory-ram-technology-lpddr5x-it","19":"pa_processor-cpu-model-amd-ryzen-5-7640u","20":"pa_processor-cpu-model-amd-ryzen-7-7840u","21":"pa_storage-capacity-1tb-it","22":"pa_storage-capacity-2tb-it","23":"pa_storage-capacity-4tb-it","24":"pa_storage-capacity-512-gb-it","25":"pa_storage-technology-pcie-gen-4-it","26":"pa_wi-fi-wi-fi-6-it","27":"woo-feed-brand-gpd-it","29":"first","30":"outofstock","31":"sale","32":"taxable","33":"shipping-taxable","34":"purchasable","35":"product-type-variable","36":"has-default-attributes"},"acf":[],"aioseo_notices":[],"_links":{"self":[{"href":"https:\/\/gpdstore.net\/it\/wp-json\/wp\/v2\/product\/7993","targetHints":{"allow":["GET"]}}],"collection":[{"href":"https:\/\/gpdstore.net\/it\/wp-json\/wp\/v2\/product"}],"about":[{"href":"https:\/\/gpdstore.net\/it\/wp-json\/wp\/v2\/types\/product"}],"wp:featuredmedia":[{"embeddable":true,"href":"https:\/\/gpdstore.net\/it\/wp-json\/wp\/v2\/media\/10286"}],"wp:attachment":[{"href":"https:\/\/gpdstore.net\/it\/wp-json\/wp\/v2\/media?parent=7993"}],"wp:term":[{"taxonomy":"product_brand","embeddable":true,"href":"https:\/\/gpdstore.net\/it\/wp-json\/wp\/v2\/product_brand?post=7993"},{"taxonomy":"product_cat","embeddable":true,"href":"https:\/\/gpdstore.net\/it\/wp-json\/wp\/v2\/product_cat?post=7993"},{"taxonomy":"product_tag","embeddable":true,"href":"https:\/\/gpdstore.net\/it\/wp-json\/wp\/v2\/product_tag?post=7993"},{"taxonomy":"woo-feed-brand","embeddable":true,"href":"https:\/\/gpdstore.net\/it\/wp-json\/wp\/v2\/woo-feed-brand?post=7993"}],"curies":[{"name":"wp","href":"https:\/\/api.w.org\/{rel}","templated":true}]}}