{"id":7741,"date":"2023-03-24T15:50:53","date_gmt":"2023-03-24T15:50:53","guid":{"rendered":"https:\/\/gpdstore.net\/senza-categoria\/gpd-stylus-4096-pp\/"},"modified":"2025-12-23T10:33:39","modified_gmt":"2025-12-23T10:33:39","slug":"gpd-stylus-4096-pp","status":"publish","type":"product","link":"https:\/\/gpdstore.net\/it\/product\/gpd-stylus-4096-pp\/","title":{"rendered":"GPD Stylus 4096 PP"},"content":{"rendered":"\n<p>Migliorate il gioco e la produttivit\u00e0 in movimento con la nostra stilo per Ultrabook, appositamente progettata per i dispositivi GPD. Lo stilo GPD \u00e8 dotato di 4096 punti di pressione per un input preciso e naturale, mentre l&#8217;elegante colore grigio e la batteria interna offrono un&#8217;esperienza d&#8217;uso eccellente. Perfettamente compatibile con GPD Pocket 3 e GPD WIN 2, il nostro stilo offre un controllo e una precisione maggiori per i vostri giochi e applicazioni preferiti. Che si tratti di disegnare, prendere appunti o navigare sul dispositivo, la nostra GPD Stylus \u00e8 l&#8217;accessorio ideale per il vostro ultrabook. Ordinate ora per portare la vostra produttivit\u00e0 e creativit\u00e0 al livello successivo!<\/p>\n","protected":false},"excerpt":{"rendered":"<ul>\n<li>Compatibile con <strong>GPD Pocket 3<\/strong> e <strong>GPD WIN MAX 2<\/strong><\/li>\n<li>Sensibilit\u00e0 alla pressione della penna <strong>a 4096 livelli<\/strong> <\/li>\n<li>Design <strong>elegante<\/strong> ed ergonomico<\/li>\n<li><strong>Batteria ricaricabile<\/strong> con autonomia fino a 10 ore<\/li>\n<li>Scrittura di memo e inserimento di caratteri<\/li>\n<\/ul>\n[cg_accordion title=\"INFO SUL PAGAMENTO\"]<\/p>\n<p>Utilizziamo la pi\u00f9 recente tecnologia di elaborazione dei pagamenti, che consente di effettuare il checkout tramite Apple Pay, Google Pay, carta di debito\/credito, PayPal o metodi BNPL come Klarna, Affirm o AfterPay per un&#8217;esperienza veloce e sicura.[\/cg_accordion]\n[cg_accordion title=\"GARANZIA\"]<\/p>\n<p>2 anni di garanzia da parte di <a href=\"https:\/\/droix.net\/\" target=\"_blank\" rel=\"nofollow noopener\">DROIX Global<\/a> per la vostra tranquillit\u00e0[\/cg_accordion]\n[cg_accordion title=\"PREZZI, TASSE E SPEDIZIONE\"]<\/p>\n<p><strong><u>Nota:<\/u><\/strong><\/p>\n<ul>\n<li>Clienti degli Stati Uniti: Il prezzo esposto non include tasse e imposte. La responsabilit\u00e0 dello sdoganamento e del pagamento di eventuali tasse\/dazi \u00e8 a carico del cliente. <\/li>\n<li>Clienti UE: Il prezzo visualizzato include l&#8217;imposta applicabile, che pu\u00f2 arrivare al 25% a seconda del paese.<\/li>\n<li>Clienti del Canada: Il prezzo visualizzato \u00e8 comprensivo delle imposte applicabili, che possono includere il 5% di GST e ulteriori imposte provinciali sulle vendite (PST), l&#8217;imposta sulle vendite armonizzata (HST) o l&#8217;imposta sulle vendite del Quebec (QST), a seconda della provincia di appartenenza.<\/li>\n<\/ul>\n<p><strong>Solo per i clienti dell&#8217;UE:<\/strong> Express DDP (Delivered Duty Paid). Ci\u00f2 significa che: <\/p>\n<ul>\n<li>Tutti i dazi doganali e le tasse sono inclusi nel prezzo visualizzato nella pagina del prodotto.<\/li>\n<li>Non dovrete pagare alcun costo aggiuntivo alla consegna.<\/li>\n<li>Nel raro caso di problemi doganali, il nostro team si occuper\u00e0 del processo di sdoganamento per conto vostro per garantire una consegna senza problemi.<\/li>\n<p>Informazioni importanti sulla restituzione:<\/p>\n<li>Se decidete di restituire l&#8217;ordine o di richiedere un rimborso, sappiate che le tasse e i dazi pagati per vostro conto secondo i termini del DDP non possono essere rimborsati.<\/li>\n<p>Per informazioni dettagliate, consultare i nostri <a href=\"https:\/\/gpdstore.net\/it\/terms-of-service\/\" target=\"_blank\" rel=\"nofollow noopener\">Termini e condizioni<\/a>.\n<\/ul>\n<p>[\/cg_accordion]\n[cg_accordion title=\"ASSISTENZA CLIENTI\"]<\/p>\n<p>Avete una domanda? Basta un breve messaggio per risolvere il vostro problema!<br \/>\n[\/cg_accordion]\n[cg_accordion title=\"COSA \u00c8 INCLUSO\"]<\/p>\n<ul>\n<li>1x Stilo GPD<\/li>\n<\/ul>\n<p>[\/cg_accordion]\n","protected":false},"featured_media":7743,"template":"","meta":{"_acf_changed":false},"product_brand":[],"product_cat":[1327],"product_tag":[1767],"woo-feed-brand":[1093],"class_list":{"0":"post-7741","1":"product","2":"type-product","3":"status-publish","4":"has-post-thumbnail","6":"product_cat-accessori","7":"product_tag-gpd-wm2-accessorio","8":"product_shipping_class-low-end","9":"pa_accessory-type-stilo","10":"woo-feed-brand-gpd-it","12":"first","13":"outofstock","14":"sale","15":"taxable","16":"shipping-taxable","17":"purchasable","18":"product-type-simple"},"acf":[],"aioseo_notices":[],"_links":{"self":[{"href":"https:\/\/gpdstore.net\/it\/wp-json\/wp\/v2\/product\/7741","targetHints":{"allow":["GET"]}}],"collection":[{"href":"https:\/\/gpdstore.net\/it\/wp-json\/wp\/v2\/product"}],"about":[{"href":"https:\/\/gpdstore.net\/it\/wp-json\/wp\/v2\/types\/product"}],"wp:featuredmedia":[{"embeddable":true,"href":"https:\/\/gpdstore.net\/it\/wp-json\/wp\/v2\/media\/7743"}],"wp:attachment":[{"href":"https:\/\/gpdstore.net\/it\/wp-json\/wp\/v2\/media?parent=7741"}],"wp:term":[{"taxonomy":"product_brand","embeddable":true,"href":"https:\/\/gpdstore.net\/it\/wp-json\/wp\/v2\/product_brand?post=7741"},{"taxonomy":"product_cat","embeddable":true,"href":"https:\/\/gpdstore.net\/it\/wp-json\/wp\/v2\/product_cat?post=7741"},{"taxonomy":"product_tag","embeddable":true,"href":"https:\/\/gpdstore.net\/it\/wp-json\/wp\/v2\/product_tag?post=7741"},{"taxonomy":"woo-feed-brand","embeddable":true,"href":"https:\/\/gpdstore.net\/it\/wp-json\/wp\/v2\/woo-feed-brand?post=7741"}],"curies":[{"name":"wp","href":"https:\/\/api.w.org\/{rel}","templated":true}]}}