{"id":7594,"date":"2023-03-26T17:56:24","date_gmt":"2023-03-26T17:56:24","guid":{"rendered":"https:\/\/gpdstore.net\/senza-categoria\/pc-portatile-da-gioco-gpd-win-max-2021\/"},"modified":"2025-12-23T10:32:39","modified_gmt":"2025-12-23T10:32:39","slug":"gpd-win-max-2021","status":"publish","type":"product","link":"https:\/\/gpdstore.net\/it\/product\/gpd-win-max-2021\/","title":{"rendered":"PC portatile da gioco GPD WIN MAX 2021"},"content":{"rendered":"\n<p>GPD WIN MAX 2021 \u00e8 un ultrabook da gioco progettato per i giochi su PC in movimento. Questo potente dispositivo \u00e8 disponibile in due versioni, una con processore Intel\u00ae Core\u2122 i7-1195G7 e l&#8217;altra con CPU AMD Ryzen\u2122 7 4800U. A parte le diverse opzioni di CPU, le due versioni del dispositivo sono esattamente identiche.  <\/p>\n\n<p>Su GPD Store siamo orgogliosi di offrire GPD WIN MAX 2021 ai giocatori che desiderano un PC portatile ad alte prestazioni da portare con s\u00e9 ovunque. Questo ultrabook \u00e8 perfetto per i giocatori che vogliono godersi i loro giochi preferiti in movimento, senza dover sacrificare le prestazioni o la qualit\u00e0. <\/p>\n\n<p>GPD WIN MAX 2021 \u00e8 un potente ultrabook da gioco dotato di un display IPS touch screen da 8,0 pollici con una risoluzione di 1280 x 800 pixel. Il dispositivo \u00e8 dotato di grafica integrata Intel\u00ae Iris\u00ae Xe o AMD Radeon\u2122 Graphics, che lo rendono perfetto per l&#8217;esecuzione di giochi e applicazioni impegnativi. <\/p>\n\n<p>In termini di potenza di elaborazione, GPD WIN MAX 2021 \u00e8 disponibile con processore Intel\u00ae Core\u2122 i7-1195G7 o con CPU AMD Ryzen\u2122 7 4800U. Questi potenti processori assicurano che il dispositivo possa gestire con facilit\u00e0 anche i giochi e le applicazioni pi\u00f9 impegnative. <\/p>\n\n<p>GPD WIN MAX 2 dispone anche di 16 GB di RAM LPDDR4X 4266 MT\/s e di uno spazio di archiviazione SSD M.2 NVMe da 1 TB, per garantire un ampio spazio di archiviazione per i giochi e altri dati. Il dispositivo dispone anche di una serie di porte, tra cui una porta USB Type-C, una porta USB 3.0, una porta HDMI e un jack per cuffie da 3,5 mm.  <\/p>\n\n<p>Una delle caratteristiche principali di GPD WIN MAX 2021 \u00e8 la sua compattezza. Nonostante sia un potente ultrabook, il dispositivo misura solo 8,5 x 5,7 x 1,1 pollici e pesa solo 1,5 libbre. Questo lo rende facile da portare con s\u00e9 ovunque, sia che si viaggi o che si voglia semplicemente godersi i propri giochi preferiti sul divano.  <\/p>\n\n<p>GPD WIN MAX 2021 dispone anche di un controller di gioco integrato, completo di D-pad, stick analogici e pulsanti di attivazione. In questo modo \u00e8 facile giocare ai propri giochi preferiti senza dover collegare un controller esterno. Il dispositivo \u00e8 inoltre dotato di una tastiera QWERTY completa che facilita la digitazione e la navigazione nei menu.  <\/p>\n\n<p>Noi di GPD Store riteniamo che GPD WIN MAX 2021 sia l&#8217;ultrabook perfetto per i giocatori che desiderano un PC portatile ad alte prestazioni da portare con s\u00e9 ovunque. Questo potente dispositivo \u00e8 perfetto per i giocatori che vogliono godersi i loro giochi preferiti in movimento, senza dover sacrificare le prestazioni o la qualit\u00e0. <\/p>\n\n<p>Che siate giocatori occasionali o accaniti, GPD WIN MAX 2021 \u00e8 il dispositivo perfetto per voi. Con il suo potente processore, la grafica di alta qualit\u00e0 e le dimensioni compatte, \u00e8 l&#8217;ultrabook definitivo per i giochi su PC in movimento. Quindi perch\u00e9 aspettare? Visitate il GPD Store oggi stesso e mettete le mani su GPD WIN MAX 2021.   <\/p>\n","protected":false},"excerpt":{"rendered":"<ul>\n<li>AMD <strong>Ryzen 7 6800U<\/strong> @2,7GHz TDP 15-28W<\/li>\n<li>AMD Radeon 680M <strong>12 CUs @2200 MHz<\/strong><\/li>\n<li><strong>fino a 32GB LPDDR5-6400 MT\/s<\/strong><\/li>\n<li><strong>fino a 2 TB<\/strong> High-Speed PCI-E <strong>NVMe<\/strong> SSD<\/li>\n<li>Supporto WiFi 6 e Bluetooth <strong>5.2<\/strong>  <\/li>\n<\/ul>\n<p> [cg_accordion title=\"INFO SUL PAGAMENTO\"] Utilizziamo la pi\u00f9 recente tecnologia di elaborazione dei pagamenti, che consente di effettuare il checkout tramite Apple Pay, Google Pay, carta di debito\/credito, PayPal o metodi BNPL come Klarna, Affirm o AfterPay per un&#8217;esperienza veloce e sicura.[\/cg_accordion] [cg_accordion title=\"GARANZIA\"] 2 anni di garanzia da parte di <a href=\"https:\/\/droix.net\/\" target=\"_blank\" rel=\"nofollow noopener\">DROIX Global<\/a> per la vostra tranquillit\u00e0.[\/cg_accordion] [cg_accordion title=\"PRICING, TAXES AND SHIPPING\"] <strong><br \/>\n  <u>Nota:<\/u><br \/>\n<\/strong><\/p>\n<ul>\n<li>Clienti degli Stati Uniti: Il prezzo esposto non include tasse e imposte. La responsabilit\u00e0 dello sdoganamento e del pagamento di eventuali tasse\/dazi \u00e8 a carico del cliente. <\/li>\n<li>Clienti UE: Il prezzo visualizzato include l&#8217;imposta applicabile, che pu\u00f2 arrivare al 25% a seconda del paese.<\/li>\n<li>Clienti del Canada: Il prezzo visualizzato \u00e8 comprensivo delle imposte applicabili, che possono includere il 5% di GST e ulteriori imposte provinciali sulle vendite (PST), l&#8217;imposta sulle vendite armonizzata (HST) o l&#8217;imposta sulle vendite del Quebec (QST), a seconda della provincia di appartenenza.<\/li>\n<\/ul>\n<p><strong>Solo per i clienti dell&#8217;UE:<\/strong> Express DDP (Delivered Duty Paid). Ci\u00f2 significa che: <\/p>\n<ul>\n<li style=\"list-style-type: none;\">\n<ul>\n<li>Tutti i dazi doganali e le tasse sono inclusi nel prezzo visualizzato nella pagina del prodotto.<\/li>\n<li>Non dovrete pagare alcun costo aggiuntivo alla consegna.<\/li>\n<li>Nel raro caso di problemi doganali, il nostro team si occuper\u00e0 del processo di sdoganamento per conto vostro per garantire una consegna senza problemi.<\/li>\n<p>Informazioni importanti sulla restituzione:<\/p>\n<li>Se decidete di restituire l&#8217;ordine o di richiedere un rimborso, sappiate che le tasse e i dazi pagati per vostro conto secondo i termini del DDP non possono essere rimborsati.<\/li>\n<p>Si prega di fare riferimento al nostro<\/ul>\n<\/li>\n<\/ul>\n<p><a href=\"https:\/\/gpdstore.net\/it\/terms-of-service\/\" target=\"_blank\" rel=\"nofollow noopener\">Termini e condizioni<\/a><\/p>\n<ul>per informazioni dettagliate.<\/ul>\n<p>[\/cg_accordion] [cg_accordion title=\"ASSISTENZA CLIENTI\"]  Avete una domanda? Basta un breve messaggio per risolvere il vostro problema!   [\/cg_accordion] [cg_accordion title=\"WHAT'S INCLUDED\"]<\/p>\n<ul>\n<li>1x GPD WIN MAX 2021<\/li>\n<li>1 adattatore di alimentazione<\/li>\n<li>1 cavo USB Tipo-C<\/li>\n<li>1 manuale d&#8217;uso<\/li>\n<\/ul>\n<p>[\/cg_accordion]<\/p>\n","protected":false},"featured_media":7596,"template":"","meta":{"_acf_changed":false},"product_brand":[],"product_cat":[2035],"product_tag":[4015],"woo-feed-brand":[1093],"class_list":{"0":"post-7594","1":"product","2":"type-product","3":"status-publish","4":"has-post-thumbnail","6":"product_cat-pc-portatile-gpd-per-il-gioco","7":"product_tag-gpd-win-max-it","8":"product_shipping_class-premium","9":"pa_bluetooth-5-it","10":"pa_bluetooth-5-2-it","11":"pa_display-type-h-ips-it","12":"pa_graphics-gpu-model-grafica-intel-iris-xe","13":"pa_graphics-gpu-model-grafica-radeon","14":"pa_i-o-video-1x-hdmi-2-0b-it","15":"pa_memory-ram-capacity-16gb-it","16":"pa_memory-ram-technology-lpddr4x-it","17":"pa_processor-cpu-model-amd-ryzen-7-4800u","18":"pa_processor-cpu-model-intel-core-i7-1195g7","19":"pa_storage-capacity-1tb-it","20":"pa_wi-fi-wi-fi-6-it","21":"woo-feed-brand-gpd-it","23":"first","24":"outofstock","25":"sale","26":"taxable","27":"shipping-taxable","28":"purchasable","29":"product-type-variable","30":"has-default-attributes"},"acf":[],"aioseo_notices":[],"_links":{"self":[{"href":"https:\/\/gpdstore.net\/it\/wp-json\/wp\/v2\/product\/7594","targetHints":{"allow":["GET"]}}],"collection":[{"href":"https:\/\/gpdstore.net\/it\/wp-json\/wp\/v2\/product"}],"about":[{"href":"https:\/\/gpdstore.net\/it\/wp-json\/wp\/v2\/types\/product"}],"wp:featuredmedia":[{"embeddable":true,"href":"https:\/\/gpdstore.net\/it\/wp-json\/wp\/v2\/media\/7596"}],"wp:attachment":[{"href":"https:\/\/gpdstore.net\/it\/wp-json\/wp\/v2\/media?parent=7594"}],"wp:term":[{"taxonomy":"product_brand","embeddable":true,"href":"https:\/\/gpdstore.net\/it\/wp-json\/wp\/v2\/product_brand?post=7594"},{"taxonomy":"product_cat","embeddable":true,"href":"https:\/\/gpdstore.net\/it\/wp-json\/wp\/v2\/product_cat?post=7594"},{"taxonomy":"product_tag","embeddable":true,"href":"https:\/\/gpdstore.net\/it\/wp-json\/wp\/v2\/product_tag?post=7594"},{"taxonomy":"woo-feed-brand","embeddable":true,"href":"https:\/\/gpdstore.net\/it\/wp-json\/wp\/v2\/woo-feed-brand?post=7594"}],"curies":[{"name":"wp","href":"https:\/\/api.w.org\/{rel}","templated":true}]}}